{"id":18288,"date":"2016-07-05T15:50:33","date_gmt":"2016-07-05T12:50:33","guid":{"rendered":"https:\/\/asart.com.ua\/design-kottedzhey\/vnutrennij\/"},"modified":"2023-11-24T01:29:06","modified_gmt":"2023-11-23T22:29:06","slug":"vnutrennij","status":"publish","type":"page","link":"https:\/\/asart.com.ua\/cs\/design-kottedzhey\/vnutrennij\/","title":{"rendered":"N\u00e1vrhy interi\u00e9r\u016f dom\u016f"},"content":{"rendered":"<p>Ka\u017ed\u00fd \u010dlov\u011bk chce, aby uvnit\u0159 jeho domova bylo:<\/p>\n<ul>\n<li> Kr\u00e1sn\u00e1<\/li>\n<li> \u00fatuln\u00fd<\/li>\n<li> tepl\u00fd<\/li>\n<li> komfortn\u00ed<\/li>\n<\/ul>\n<p> Za t\u00edmto \u00fa\u010delem se pravideln\u011b prov\u00e1d\u011bj\u00ed opravy. Jak ukazuje praxe, renovace m\u016f\u017ee m\u00edstnost osv\u011b\u017eit pouze nov\u00fdmi tapetami, podlahami a nov\u00fdmi dekorativn\u00edmi prvky. Nep\u0159inese ale v\u00fdrazn\u00e9 zm\u011bny a neud\u011bl\u00e1 v\u00e1\u0161 domov \u010di chalupu funk\u010dn\u011bj\u0161\u00ed a pohodln\u011bj\u0161\u00ed. Chcete-li prov\u00e9st v\u00fdznamn\u00e9 zm\u011bny uvnit\u0159 va\u0161ich prostor, mus\u00edte si objednat v\u00fdvoj vnit\u0159n\u00edho designu. <\/p>\n<p><img loading=\"lazy\" decoding=\"async\" class=\"aligncenter wp-image-2046 size-full colorbox-18288\" src=\"https:\/\/asart.com.ua\/wp-content\/uploads\/2013\/07\/DSC_0275watermark.jpg\" alt=\"N\u00e1vrhy interi\u00e9r\u016f chat\" width=\"1000\" height=\"617\" srcset=\"https:\/\/asart.com.ua\/wp-content\/uploads\/2013\/07\/DSC_0275watermark.jpg 1000w, https:\/\/asart.com.ua\/wp-content\/uploads\/2013\/07\/DSC_0275watermark-300x185.jpg 300w\" sizes=\"(max-width: 1000px) 100vw, 1000px\" \/> <a href=\"https:\/\/asart.com.ua\/wp-content\/uploads\/2013\/07\/DSC_0227watermark.jpg\"><img loading=\"lazy\" decoding=\"async\" class=\"aligncenter size-full wp-image-2033 colorbox-18288\" src=\"https:\/\/asart.com.ua\/wp-content\/uploads\/2013\/07\/DSC_0227watermark.jpg\" alt=\"Vodoznak DSC_0227\" width=\"1000\" height=\"667\" srcset=\"https:\/\/asart.com.ua\/wp-content\/uploads\/2013\/07\/DSC_0227watermark.jpg 1000w, https:\/\/asart.com.ua\/wp-content\/uploads\/2013\/07\/DSC_0227watermark-300x200.jpg 300w, https:\/\/asart.com.ua\/wp-content\/uploads\/2013\/07\/DSC_0227watermark-240x160.jpg 240w\" sizes=\"(max-width: 1000px) 100vw, 1000px\" \/><\/a><br \/><a href=\"https:\/\/asart.com.ua\/wp-content\/uploads\/2013\/07\/DSC_0291watermark.jpg\"><br \/><\/a><a href=\"https:\/\/asart.com.ua\/wp-content\/uploads\/2013\/07\/DSC_0291watermark.jpg\"><img loading=\"lazy\" decoding=\"async\" class=\"aligncenter size-full wp-image-2048 colorbox-18288\" src=\"https:\/\/asart.com.ua\/wp-content\/uploads\/2013\/07\/DSC_0291watermark.jpg\" alt=\"Vodoznak DSC_0291\" width=\"1000\" height=\"667\" srcset=\"https:\/\/asart.com.ua\/wp-content\/uploads\/2013\/07\/DSC_0291watermark.jpg 1000w, https:\/\/asart.com.ua\/wp-content\/uploads\/2013\/07\/DSC_0291watermark-300x200.jpg 300w, https:\/\/asart.com.ua\/wp-content\/uploads\/2013\/07\/DSC_0291watermark-240x160.jpg 240w\" sizes=\"(max-width: 1000px) 100vw, 1000px\" \/><\/a><\/p>\n<h2> Kr\u00e1sa p\u0159ivedena k \u017eivotu.<\/h2>\n<p> Na\u0161e studio ji\u017e \u0159adu let poskytuje profesion\u00e1ln\u00ed designov\u00e9 slu\u017eby, s jejich\u017e pomoc\u00ed se ka\u017ed\u00e1 m\u00edstnost prom\u011bn\u00ed v:<\/p>\n<ul>\n<li> stylov\u00fd<\/li>\n<li> modern\u00ed<\/li>\n<li> funk\u010dn\u00ed<\/li>\n<\/ul>\n<p> bydlen\u00ed. Vytv\u00e1\u0159\u00edme jedine\u010dn\u00fd a nenapodobiteln\u00fd interi\u00e9rov\u00fd design pro soukrom\u00e9, venkovsk\u00e9 a jak\u00e9koli jin\u00e9 domy a chaty. Design\u00e9\u0159i ateli\u00e9ru si p\u0159i setk\u00e1n\u00ed s klientem prohl\u00e9dnou prostory p\u0159\u00edmo v objektu, kde budou pr\u00e1ce prob\u00edhat. <strong>Za prv\u00e9 je zaj\u00edm\u00e1 jeho stav a dispozice, d\u00e1le um\u00edst\u011bn\u00ed a po\u010det pokoj\u016f, po\u010det pater a za druh\u00e9 zji\u0161\u0165uj\u00ed va\u0161e p\u0159\u00e1n\u00ed ohledn\u011b stylu a barvy, ve kter\u00e9 budou opravy a designov\u00e9 pr\u00e1ce provedeny.<\/strong><\/p>\n<p> Interi\u00e9r domu m\u016f\u017ee b\u00fdt vyroben v jak\u00e9mkoli stylu. M\u016f\u017ee to b\u00fdt modern\u00ed, klasick\u00fd, minimalismus nebo jak\u00fdkoli jin\u00fd styl, kter\u00fd si p\u0159ejete. Mo\u017en\u00e1 je i kombinace n\u011bkolika styl\u016f a barev. Design\u00e9\u0159i studia pro v\u00e1s mohou vypracovat n\u011bkolik projekt\u016f, kter\u00e9 v\u00e1m usnadn\u00ed v\u00fdb\u011br.<\/p>\n<h3> Nab\u00edz\u00edme kreativn\u00ed designov\u00e9 n\u00e1pady.<\/h3>\n<p> Krom\u011b vypracov\u00e1n\u00ed projektu pro interi\u00e9rov\u00fd design domu zahrnuje design interi\u00e9ru v\u00fdb\u011br n\u00e1vrh\u00e1\u0159\u016f pot\u0159ebn\u00fdch materi\u00e1l\u016f, kter\u00e9 budou pou\u017eity p\u0159i rekonstrukci a v\u00fdzdob\u011b prostor. Pokud m\u00e1 budova dv\u011b nebo v\u00edce podla\u017e\u00ed, odborn\u00edci pro v\u00e1s vyberou schodi\u0161t\u011b, kter\u00e9 bude vypadat kr\u00e1sn\u011b na obecn\u00e9m pozad\u00ed a tak\u00e9 nezabere mnoho m\u00edsta. <\/p>\n<p><img loading=\"lazy\" decoding=\"async\" class=\"size-full wp-image-2034 aligncenter colorbox-18288\" src=\"https:\/\/asart.com.ua\/wp-content\/uploads\/2013\/07\/DSC_0228watermark.jpg\" alt=\"Vodoznak DSC_0228\" width=\"500\" height=\"750\" srcset=\"https:\/\/asart.com.ua\/wp-content\/uploads\/2013\/07\/DSC_0228watermark.jpg 500w, https:\/\/asart.com.ua\/wp-content\/uploads\/2013\/07\/DSC_0228watermark-200x300.jpg 200w\" sizes=\"(max-width: 500px) 100vw, 500px\" \/><img loading=\"lazy\" decoding=\"async\" class=\"size-full wp-image-2041 aligncenter colorbox-18288\" src=\"https:\/\/asart.com.ua\/wp-content\/uploads\/2013\/07\/DSC_0249watermark.jpg\" alt=\"Vodoznak DSC_0249\" width=\"500\" height=\"750\" srcset=\"https:\/\/asart.com.ua\/wp-content\/uploads\/2013\/07\/DSC_0249watermark.jpg 500w, https:\/\/asart.com.ua\/wp-content\/uploads\/2013\/07\/DSC_0249watermark-200x300.jpg 200w\" sizes=\"(max-width: 500px) 100vw, 500px\" \/><\/p>\n<p> P\u0159i v\u00fdvoji projektu dom\u00e1c\u00edho interi\u00e9ru design\u00e9r vyb\u00edr\u00e1 n\u00e1bytek podle zvolen\u00e9ho stylu a barevn\u00e9ho sch\u00e9matu. <em>Prozrad\u00ed v\u00e1m tak\u00e9, jak jej spr\u00e1vn\u011b a harmonicky um\u00edstit do v\u0161ech m\u00edstnost\u00ed, aby interi\u00e9r dopl\u0148oval a z\u00e1rove\u0148 byl praktick\u00fd a funk\u010dn\u00ed.<\/em><\/p>\n<p> 3D vizualizace v\u00e1m pom\u016f\u017ee vid\u011bt budouc\u00ed design interi\u00e9ru va\u0161eho domova. Pod\u00edvejte se, zda se v\u00e1m v\u0161e l\u00edb\u00ed a zda se v\u00e1m v\u0161e hod\u00ed, zejm\u00e9na zvolen\u00fd styl, barva, dekor a povrchov\u00e1 \u00faprava. V t\u00e9to f\u00e1zi m\u016f\u017eete prov\u00e9st v\u0161echny pot\u0159ebn\u00e9 zm\u011bny. \u017de po v\u0161ech renova\u010dn\u00edch prac\u00edch jste dostali pokoj sv\u00fdch sn\u016f.<\/p>\n","protected":false},"excerpt":{"rendered":"<p>Ka\u017ed\u00fd \u010dlov\u011bk chce, aby uvnit\u0159 jeho <a class=\"continue_link\" href=\"https:\/\/asart.com.ua\/cs\/design-kottedzhey\/vnutrennij\/\">\u0427\u0438\u0442\u0430\u0442\u044c \u0434\u0430\u043b\u0435\u0435 >><\/a><\/p>\n","protected":false},"author":6,"featured_media":0,"parent":18282,"menu_order":0,"comment_status":"closed","ping_status":"closed","template":"","meta":{"footnotes":""},"acf":[],"aioseo_notices":[],"_links":{"self":[{"href":"https:\/\/asart.com.ua\/cs\/wp-json\/wp\/v2\/pages\/18288"}],"collection":[{"href":"https:\/\/asart.com.ua\/cs\/wp-json\/wp\/v2\/pages"}],"about":[{"href":"https:\/\/asart.com.ua\/cs\/wp-json\/wp\/v2\/types\/page"}],"author":[{"embeddable":true,"href":"https:\/\/asart.com.ua\/cs\/wp-json\/wp\/v2\/users\/6"}],"replies":[{"embeddable":true,"href":"https:\/\/asart.com.ua\/cs\/wp-json\/wp\/v2\/comments?post=18288"}],"version-history":[{"count":1,"href":"https:\/\/asart.com.ua\/cs\/wp-json\/wp\/v2\/pages\/18288\/revisions"}],"predecessor-version":[{"id":18291,"href":"https:\/\/asart.com.ua\/cs\/wp-json\/wp\/v2\/pages\/18288\/revisions\/18291"}],"up":[{"embeddable":true,"href":"https:\/\/asart.com.ua\/cs\/wp-json\/wp\/v2\/pages\/18282"}],"wp:attachment":[{"href":"https:\/\/asart.com.ua\/cs\/wp-json\/wp\/v2\/media?parent=18288"}],"curies":[{"name":"wp","href":"https:\/\/api.w.org\/{rel}","templated":true}]}}