{"id":18276,"date":"2017-05-10T17:24:11","date_gmt":"2017-05-10T14:24:11","guid":{"rendered":"https:\/\/asart.com.ua\/dizajn-kvartir\/elitnyj-interera\/"},"modified":"2023-11-27T15:59:43","modified_gmt":"2023-11-27T12:59:43","slug":"elitnyj-interera","status":"publish","type":"page","link":"https:\/\/asart.com.ua\/cs\/dizajn-kvartir\/elitnyj-interera\/","title":{"rendered":"Elitn\u00ed interi\u00e9rov\u00fd design byt\u016f"},"content":{"rendered":"<p>Ka\u017ed\u00fd obyvatel Charkova chce, aby jeho byt m\u011bl:<\/p>\n<ul>\n<li> Kr\u00e1sn\u00e1<\/li>\n<li> komfortn\u00ed<\/li>\n<li> \u00fatuln\u00fd<\/li>\n<li> sv\u011btlo<\/li>\n<li> tepl\u00fd<\/li>\n<\/ul>\n<p> K tomu prov\u00e1d\u00ed opravy a nakupuje nov\u00fd n\u00e1bytek. Chceme v\u00e1s ale se stoprocentn\u00ed jistotou ujistit, \u017ee to sta\u010dit nebude. <strong>Do ur\u010dit\u00e9 m\u00edry m\u00edstnost aktualizujete a osv\u011b\u017e\u00edte.<\/strong> Ale bohu\u017eel, bez speci\u00e1ln\u00edch znalost\u00ed a dovednost\u00ed v oblasti designu nebudete schopni vytvo\u0159it jedine\u010dn\u00fd design interi\u00e9ru sami. Tak d\u016fle\u017eit\u00e9 posl\u00e1n\u00ed by m\u011blo b\u00fdt sv\u011b\u0159eno profesion\u00e1ln\u00edmu design\u00e9rovi. <img loading=\"lazy\" decoding=\"async\" class=\"aligncenter wp-image-194 colorbox-18276\" src=\"https:\/\/asart.com.ua\/wp-content\/uploads\/2011\/11\/DSC0231.jpg\" alt=\"Elitn\u00ed design interi\u00e9ru bytu\" width=\"1000\" height=\"667\" srcset=\"https:\/\/asart.com.ua\/wp-content\/uploads\/2011\/11\/DSC0231.jpg 4608w, https:\/\/asart.com.ua\/wp-content\/uploads\/2011\/11\/DSC0231-300x200.jpg 300w, https:\/\/asart.com.ua\/wp-content\/uploads\/2011\/11\/DSC0231-1024x682.jpg 1024w\" sizes=\"(max-width: 1000px) 100vw, 1000px\" \/><\/p>\n<p><img loading=\"lazy\" decoding=\"async\" class=\"aligncenter wp-image-246 colorbox-18276\" src=\"https:\/\/asart.com.ua\/wp-content\/uploads\/2011\/11\/DSC0258.jpg\" alt=\"Elitn\u00ed design interi\u00e9ru bytu\" width=\"1000\" height=\"667\" srcset=\"https:\/\/asart.com.ua\/wp-content\/uploads\/2011\/11\/DSC0258.jpg 4608w, https:\/\/asart.com.ua\/wp-content\/uploads\/2011\/11\/DSC0258-300x200.jpg 300w, https:\/\/asart.com.ua\/wp-content\/uploads\/2011\/11\/DSC0258-1024x682.jpg 1024w\" sizes=\"(max-width: 1000px) 100vw, 1000px\" \/><\/p>\n<p> <a href=\"https:\/\/asart.com.ua\/wp-content\/uploads\/2022\/08\/dizajn-kvartiry-zhk-sokolniki-55watermark.jpg\"><img loading=\"lazy\" decoding=\"async\" class=\"aligncenter size-full wp-image-9699 colorbox-18276\" src=\"https:\/\/asart.com.ua\/wp-content\/uploads\/2022\/08\/dizajn-kvartiry-zhk-sokolniki-55watermark.jpg\" alt=\"\" width=\"1000\" height=\"581\" srcset=\"https:\/\/asart.com.ua\/wp-content\/uploads\/2022\/08\/dizajn-kvartiry-zhk-sokolniki-55watermark.jpg 1000w, https:\/\/asart.com.ua\/wp-content\/uploads\/2022\/08\/dizajn-kvartiry-zhk-sokolniki-55watermark-300x174.jpg 300w, https:\/\/asart.com.ua\/wp-content\/uploads\/2022\/08\/dizajn-kvartiry-zhk-sokolniki-55watermark-768x446.jpg 768w\" sizes=\"(max-width: 1000px) 100vw, 1000px\" \/><\/a><\/p>\n<p> <a href=\"https:\/\/asart.com.ua\/wp-content\/uploads\/2022\/08\/dizajn-kvartiry-zhk-sokolniki-50watermark.jpg\"><img loading=\"lazy\" decoding=\"async\" class=\"aligncenter size-full wp-image-9691 colorbox-18276\" src=\"https:\/\/asart.com.ua\/wp-content\/uploads\/2022\/08\/dizajn-kvartiry-zhk-sokolniki-50watermark.jpg\" alt=\"\" width=\"1000\" height=\"564\" srcset=\"https:\/\/asart.com.ua\/wp-content\/uploads\/2022\/08\/dizajn-kvartiry-zhk-sokolniki-50watermark.jpg 1000w, https:\/\/asart.com.ua\/wp-content\/uploads\/2022\/08\/dizajn-kvartiry-zhk-sokolniki-50watermark-300x169.jpg 300w, https:\/\/asart.com.ua\/wp-content\/uploads\/2022\/08\/dizajn-kvartiry-zhk-sokolniki-50watermark-768x433.jpg 768w\" sizes=\"(max-width: 1000px) 100vw, 1000px\" \/><\/a> <a href=\"https:\/\/asart.com.ua\/wp-content\/uploads\/2022\/08\/karpenko-foto-001-23watermark.jpg\"><img loading=\"lazy\" decoding=\"async\" class=\"aligncenter size-full wp-image-9414 colorbox-18276\" src=\"https:\/\/asart.com.ua\/wp-content\/uploads\/2022\/08\/karpenko-foto-001-23watermark.jpg\" alt=\"\" width=\"1000\" height=\"667\" srcset=\"https:\/\/asart.com.ua\/wp-content\/uploads\/2022\/08\/karpenko-foto-001-23watermark.jpg 1000w, https:\/\/asart.com.ua\/wp-content\/uploads\/2022\/08\/karpenko-foto-001-23watermark-300x200.jpg 300w, https:\/\/asart.com.ua\/wp-content\/uploads\/2022\/08\/karpenko-foto-001-23watermark-768x512.jpg 768w, https:\/\/asart.com.ua\/wp-content\/uploads\/2022\/08\/karpenko-foto-001-23watermark-240x160.jpg 240w\" sizes=\"(max-width: 1000px) 100vw, 1000px\" \/><\/a><\/p>\n<h2> Jedine\u010dn\u00e9 designov\u00e9 n\u00e1pady.<\/h2>\n<p> AS-Design Studio je p\u0159ipraveno v\u00e1m s t\u00edm pomoci. Po dlouhou dobu vytv\u00e1\u0159\u00edme:<\/p>\n<ul>\n<li> elita<\/li>\n<li> v\u00fdhradn\u00ed<\/li>\n<li> origin\u00e1l<\/li>\n<li> unik\u00e1tn\u00ed<\/li>\n<\/ul>\n<p> N\u00e1vrhy interi\u00e9r\u016f byt\u016f ve m\u011bst\u011b Charkov za dostupnou cenu. N\u00e1\u0161 projektant vypracuje projekt p\u0159\u00edmo pro va\u0161e prostory s ohledem na v\u0161echna va\u0161e p\u0159\u00e1n\u00ed a po\u017eadavky. Tento druh designu m\u00edstnosti nikde jinde nenajdete. Nikdy se neopakujeme ani v detailech.<\/p>\n<p> Elitn\u00ed interi\u00e9rov\u00fd design ud\u011bl\u00e1 v\u00e1\u0161 byt nejen kr\u00e1sn\u00fdm a jedine\u010dn\u00fdm, ale tak\u00e9 pohodln\u00fdm a \u00fatuln\u00fdm. K jeho realizaci v \u017eivot\u011b se pou\u017e\u00edvaj\u00ed elitn\u00ed stavebn\u00ed materi\u00e1ly, povrchov\u00e1 \u00faprava, n\u00e1bytek a dekorace. N\u00e1\u0161 design\u00e9r to v\u0161e vybere s ohledem na vlastnosti va\u0161eho pokoje. P\u0159ed vytvo\u0159en\u00edm projektu a zah\u00e1jen\u00edm oprav a dokon\u010dovac\u00edch prac\u00ed za v\u00e1mi p\u0159ijde design\u00e9r studia. Sch\u016fzka je nutn\u00e1 k prohl\u00eddce prostor, vyjasn\u011bn\u00ed va\u0161ich p\u0159\u00e1n\u00ed ohledn\u011b designov\u00fdch slu\u017eeb a tak\u00e9 k v\u00fdb\u011bru stylu a barevn\u00e9ho sch\u00e9matu. <a href=\"https:\/\/asart.com.ua\/wp-content\/uploads\/2022\/08\/karpenko-foto-001-27watermark.jpg\"><img loading=\"lazy\" decoding=\"async\" class=\"aligncenter size-full wp-image-9420 colorbox-18276\" src=\"https:\/\/asart.com.ua\/wp-content\/uploads\/2022\/08\/karpenko-foto-001-27watermark.jpg\" alt=\"\" width=\"1000\" height=\"667\" srcset=\"https:\/\/asart.com.ua\/wp-content\/uploads\/2022\/08\/karpenko-foto-001-27watermark.jpg 1000w, https:\/\/asart.com.ua\/wp-content\/uploads\/2022\/08\/karpenko-foto-001-27watermark-300x200.jpg 300w, https:\/\/asart.com.ua\/wp-content\/uploads\/2022\/08\/karpenko-foto-001-27watermark-768x512.jpg 768w, https:\/\/asart.com.ua\/wp-content\/uploads\/2022\/08\/karpenko-foto-001-27watermark-240x160.jpg 240w\" sizes=\"(max-width: 1000px) 100vw, 1000px\" \/><\/a><\/p>\n<p> <a href=\"https:\/\/asart.com.ua\/wp-content\/uploads\/2022\/08\/karpenko-foto-001-38watermark.jpg\"><img loading=\"lazy\" decoding=\"async\" class=\"aligncenter size-full wp-image-9436 colorbox-18276\" src=\"https:\/\/asart.com.ua\/wp-content\/uploads\/2022\/08\/karpenko-foto-001-38watermark.jpg\" alt=\"\" width=\"1000\" height=\"667\" srcset=\"https:\/\/asart.com.ua\/wp-content\/uploads\/2022\/08\/karpenko-foto-001-38watermark.jpg 1000w, https:\/\/asart.com.ua\/wp-content\/uploads\/2022\/08\/karpenko-foto-001-38watermark-300x200.jpg 300w, https:\/\/asart.com.ua\/wp-content\/uploads\/2022\/08\/karpenko-foto-001-38watermark-768x512.jpg 768w, https:\/\/asart.com.ua\/wp-content\/uploads\/2022\/08\/karpenko-foto-001-38watermark-240x160.jpg 240w\" sizes=\"(max-width: 1000px) 100vw, 1000px\" \/><\/a> <a href=\"https:\/\/asart.com.ua\/wp-content\/uploads\/2022\/08\/dizajn-interera-kvartiry-36watermark.jpg\"><img loading=\"lazy\" decoding=\"async\" class=\"aligncenter size-full wp-image-9299 colorbox-18276\" src=\"https:\/\/asart.com.ua\/wp-content\/uploads\/2022\/08\/dizajn-interera-kvartiry-36watermark.jpg\" alt=\"\" width=\"1000\" height=\"750\" srcset=\"https:\/\/asart.com.ua\/wp-content\/uploads\/2022\/08\/dizajn-interera-kvartiry-36watermark.jpg 1000w, https:\/\/asart.com.ua\/wp-content\/uploads\/2022\/08\/dizajn-interera-kvartiry-36watermark-300x225.jpg 300w, https:\/\/asart.com.ua\/wp-content\/uploads\/2022\/08\/dizajn-interera-kvartiry-36watermark-768x576.jpg 768w, https:\/\/asart.com.ua\/wp-content\/uploads\/2022\/08\/dizajn-interera-kvartiry-36watermark-160x120.jpg 160w, https:\/\/asart.com.ua\/wp-content\/uploads\/2022\/08\/dizajn-interera-kvartiry-36watermark-289x217.jpg 289w\" sizes=\"(max-width: 1000px) 100vw, 1000px\" \/><\/a> <a href=\"https:\/\/asart.com.ua\/wp-content\/uploads\/2022\/08\/dizajn-interera-kvartiry-23watermark.jpg\"><img loading=\"lazy\" decoding=\"async\" class=\"aligncenter size-full wp-image-9273 colorbox-18276\" src=\"https:\/\/asart.com.ua\/wp-content\/uploads\/2022\/08\/dizajn-interera-kvartiry-23watermark.jpg\" alt=\"\" width=\"1000\" height=\"750\" srcset=\"https:\/\/asart.com.ua\/wp-content\/uploads\/2022\/08\/dizajn-interera-kvartiry-23watermark.jpg 1000w, https:\/\/asart.com.ua\/wp-content\/uploads\/2022\/08\/dizajn-interera-kvartiry-23watermark-300x225.jpg 300w, https:\/\/asart.com.ua\/wp-content\/uploads\/2022\/08\/dizajn-interera-kvartiry-23watermark-768x576.jpg 768w, https:\/\/asart.com.ua\/wp-content\/uploads\/2022\/08\/dizajn-interera-kvartiry-23watermark-160x120.jpg 160w, https:\/\/asart.com.ua\/wp-content\/uploads\/2022\/08\/dizajn-interera-kvartiry-23watermark-289x217.jpg 289w\" sizes=\"(max-width: 1000px) 100vw, 1000px\" \/><\/a><\/p>\n<h3> Pracujeme se v\u0161emi styly.<\/h3>\n<p> Design\u00e9r studia AS-Design dok\u00e1\u017ee o\u017eivit jak\u00fdkoli modern\u00ed styl. M\u016f\u017ee to b\u00fdt jeden pro cel\u00fd byt, nebo to m\u016f\u017ee b\u00fdt kombinace n\u011bkolika styl\u016f, kter\u00e9 se budou vz\u00e1jemn\u011b dopl\u0148ovat a vytvo\u0159\u00ed holistick\u00fd, harmonick\u00fd obraz. <em>Hra se styly, barvami, dekory a dopl\u0148ky umo\u017e\u0148uje vytvo\u0159it jedine\u010dn\u00fd luxusn\u00ed design interi\u00e9ru, kter\u00fd bude jen ve va\u0161em byt\u011b<\/em> . Pot\u00e9, co v\u00e1m projekt poskytnete, budete v n\u011bm moci prov\u00e1d\u011bt vlastn\u00ed \u00fapravy a \u00fapravy, kter\u00e9 budou zohledn\u011bny p\u0159i finalizaci elitn\u00edho designu interi\u00e9ru. Pokud si jen t\u011b\u017eko dok\u00e1\u017eete p\u0159edstavit sv\u00e9 prostory po rekonstrukci a luxusn\u00ed projek\u010dn\u00ed pr\u00e1ci, m\u016f\u017eete si objednat slu\u017ebu 3D vizualizace.<\/p>\n<p> Vizualizace V\u00e1m d\u00e1v\u00e1 mo\u017enost prohl\u00e9dnout si V\u00e1\u0161 byt s nov\u00fdm luxusn\u00edm designem interi\u00e9ru. Na\u0161e studio poskytuje tak\u00e9 slu\u017eby projektov\u00e9ho dozoru, co\u017e umo\u017e\u0148uje realizovat ve\u0161ker\u00e9 pr\u00e1ce co nejp\u0159esn\u011bji v souladu se schv\u00e1len\u00fdm projektem.<\/p>\n","protected":false},"excerpt":{"rendered":"<p>Ka\u017ed\u00fd obyvatel Charkova chce, aby jeho <a class=\"continue_link\" href=\"https:\/\/asart.com.ua\/cs\/dizajn-kvartir\/elitnyj-interera\/\">\u0427\u0438\u0442\u0430\u0442\u044c \u0434\u0430\u043b\u0435\u0435 >><\/a><\/p>\n","protected":false},"author":6,"featured_media":0,"parent":17992,"menu_order":0,"comment_status":"closed","ping_status":"closed","template":"","meta":{"footnotes":""},"acf":[],"aioseo_notices":[],"_links":{"self":[{"href":"https:\/\/asart.com.ua\/cs\/wp-json\/wp\/v2\/pages\/18276"}],"collection":[{"href":"https:\/\/asart.com.ua\/cs\/wp-json\/wp\/v2\/pages"}],"about":[{"href":"https:\/\/asart.com.ua\/cs\/wp-json\/wp\/v2\/types\/page"}],"author":[{"embeddable":true,"href":"https:\/\/asart.com.ua\/cs\/wp-json\/wp\/v2\/users\/6"}],"replies":[{"embeddable":true,"href":"https:\/\/asart.com.ua\/cs\/wp-json\/wp\/v2\/comments?post=18276"}],"version-history":[{"count":2,"href":"https:\/\/asart.com.ua\/cs\/wp-json\/wp\/v2\/pages\/18276\/revisions"}],"predecessor-version":[{"id":18694,"href":"https:\/\/asart.com.ua\/cs\/wp-json\/wp\/v2\/pages\/18276\/revisions\/18694"}],"up":[{"embeddable":true,"href":"https:\/\/asart.com.ua\/cs\/wp-json\/wp\/v2\/pages\/17992"}],"wp:attachment":[{"href":"https:\/\/asart.com.ua\/cs\/wp-json\/wp\/v2\/media?parent=18276"}],"curies":[{"name":"wp","href":"https:\/\/api.w.org\/{rel}","templated":true}]}}