{"id":18270,"date":"2017-05-10T17:37:55","date_gmt":"2017-05-10T14:37:55","guid":{"rendered":"https:\/\/asart.com.ua\/dizajn-kvartir\/eksklyuzivnyj-interera\/"},"modified":"2024-09-17T17:54:18","modified_gmt":"2024-09-17T14:54:18","slug":"eksklyuzivnyj-interera","status":"publish","type":"page","link":"https:\/\/asart.com.ua\/cs\/dizajn-kvartir\/eksklyuzivnyj-interera\/","title":{"rendered":"Exkluzivn\u00ed design interi\u00e9ru bytu"},"content":{"rendered":"<p>Pokud jste si koupili byt nebo <strong>pl\u00e1nujete rekonstrukci st\u00e1vaj\u00edc\u00edho bytov\u00e9ho prostoru,<\/strong> AS-Design v\u00e1m doporu\u010duje objednat si n\u00e1vrh interi\u00e9ru. Naj\u00edt dnes studio v Charkov\u011b, kter\u00e9 poskytuje design\u00e9rsk\u00e9 slu\u017eby, nen\u00ed t\u011b\u017ek\u00e9. Ale stoj\u00ed za to p\u0159ipomenout, \u017ee mnoho design\u00e9r\u016f nab\u00edz\u00ed standardn\u00ed n\u00e1vrhy, kter\u00e9 najdete v konkr\u00e9tn\u00edm byt\u011b.<br \/>\n<a href=\"https:\/\/asart.com.ua\/wp-content\/uploads\/2024\/09\/dizajn-kvartira-v-prage-1watermark-.jpg\"><img loading=\"lazy\" decoding=\"async\" class=\"aligncenter size-full wp-image-20883 colorbox-18270\" src=\"https:\/\/asart.com.ua\/wp-content\/uploads\/2024\/09\/dizajn-kvartira-v-prage-1watermark-.jpg\" alt=\"\" width=\"1200\" height=\"900\" srcset=\"https:\/\/asart.com.ua\/wp-content\/uploads\/2024\/09\/dizajn-kvartira-v-prage-1watermark-.jpg 1200w, https:\/\/asart.com.ua\/wp-content\/uploads\/2024\/09\/dizajn-kvartira-v-prage-1watermark--300x225.jpg 300w, https:\/\/asart.com.ua\/wp-content\/uploads\/2024\/09\/dizajn-kvartira-v-prage-1watermark--768x576.jpg 768w, https:\/\/asart.com.ua\/wp-content\/uploads\/2024\/09\/dizajn-kvartira-v-prage-1watermark--160x120.jpg 160w, https:\/\/asart.com.ua\/wp-content\/uploads\/2024\/09\/dizajn-kvartira-v-prage-1watermark--289x217.jpg 289w\" sizes=\"(max-width: 1200px) 100vw, 1200px\" \/><\/a><br \/>\n<a href=\"https:\/\/asart.com.ua\/wp-content\/uploads\/2024\/09\/remont-pomeshhenij-i-dizajn-interera-villy-1watermark-.jpg\"><img loading=\"lazy\" decoding=\"async\" class=\"aligncenter size-full wp-image-20298 colorbox-18270\" src=\"https:\/\/asart.com.ua\/wp-content\/uploads\/2024\/09\/remont-pomeshhenij-i-dizajn-interera-villy-1watermark-.jpg\" alt=\"\" width=\"1200\" height=\"675\" srcset=\"https:\/\/asart.com.ua\/wp-content\/uploads\/2024\/09\/remont-pomeshhenij-i-dizajn-interera-villy-1watermark-.jpg 1200w, https:\/\/asart.com.ua\/wp-content\/uploads\/2024\/09\/remont-pomeshhenij-i-dizajn-interera-villy-1watermark--300x169.jpg 300w, https:\/\/asart.com.ua\/wp-content\/uploads\/2024\/09\/remont-pomeshhenij-i-dizajn-interera-villy-1watermark--768x432.jpg 768w\" sizes=\"(max-width: 1200px) 100vw, 1200px\" \/><\/a><br \/>\n<a href=\"https:\/\/asart.com.ua\/wp-content\/uploads\/2022\/08\/dizajn-kvartiry-zhk-sokolniki-55watermark.jpg\"><img loading=\"lazy\" decoding=\"async\" class=\"aligncenter  wp-image-9699 colorbox-18270\" src=\"https:\/\/asart.com.ua\/wp-content\/uploads\/2022\/08\/dizajn-kvartiry-zhk-sokolniki-55watermark.jpg\" alt=\"\" width=\"1203\" height=\"699\" srcset=\"https:\/\/asart.com.ua\/wp-content\/uploads\/2022\/08\/dizajn-kvartiry-zhk-sokolniki-55watermark.jpg 1000w, https:\/\/asart.com.ua\/wp-content\/uploads\/2022\/08\/dizajn-kvartiry-zhk-sokolniki-55watermark-300x174.jpg 300w, https:\/\/asart.com.ua\/wp-content\/uploads\/2022\/08\/dizajn-kvartiry-zhk-sokolniki-55watermark-768x446.jpg 768w\" sizes=\"(max-width: 1203px) 100vw, 1203px\" \/><\/a><br \/>\n<a href=\"https:\/\/asart.com.ua\/wp-content\/uploads\/2022\/08\/dizajn-interera-kvartiry-18watermark.jpg\"><img loading=\"lazy\" decoding=\"async\" class=\"aligncenter  wp-image-9263 colorbox-18270\" src=\"https:\/\/asart.com.ua\/wp-content\/uploads\/2022\/08\/dizajn-interera-kvartiry-18watermark.jpg\" alt=\"\" width=\"1204\" height=\"903\" srcset=\"https:\/\/asart.com.ua\/wp-content\/uploads\/2022\/08\/dizajn-interera-kvartiry-18watermark.jpg 1000w, https:\/\/asart.com.ua\/wp-content\/uploads\/2022\/08\/dizajn-interera-kvartiry-18watermark-300x225.jpg 300w, https:\/\/asart.com.ua\/wp-content\/uploads\/2022\/08\/dizajn-interera-kvartiry-18watermark-768x576.jpg 768w, https:\/\/asart.com.ua\/wp-content\/uploads\/2022\/08\/dizajn-interera-kvartiry-18watermark-160x120.jpg 160w, https:\/\/asart.com.ua\/wp-content\/uploads\/2022\/08\/dizajn-interera-kvartiry-18watermark-289x217.jpg 289w\" sizes=\"(max-width: 1204px) 100vw, 1204px\" \/><\/a><\/p>\n<h2>Individu\u00e1ln\u00ed p\u0159\u00edstup ke ka\u017ed\u00e9mu klientovi.<\/h2>\n<p>Na\u0161e designov\u00e9 studio vyv\u00edj\u00ed:<\/p>\n<ul>\n<li>v\u00fdhradn\u00ed<\/li>\n<li>unik\u00e1tn\u00ed<\/li>\n<li>unik\u00e1tn\u00ed<\/li>\n<li>origin\u00e1l<\/li>\n<li>modern\u00ed<\/li>\n<\/ul>\n<p>Projekty interi\u00e9rov\u00e9ho designu pro byty ve m\u011bst\u011b Charkov. AS-Design nab\u00edz\u00ed individu\u00e1ln\u00ed p\u0159\u00edstup ke ka\u017ed\u00e9mu klientovi a poskytov\u00e1n\u00ed exkluzivn\u00edch designov\u00fdch slu\u017eeb. Na\u0161e projekty se neopakuj\u00ed, ka\u017ed\u00fd z nich je jedine\u010dn\u00fd, exkluzivn\u00ed a nenapodobiteln\u00fd, vyv\u00edjen\u00fd s ohledem na v\u0161echna p\u0159\u00e1n\u00ed z\u00e1kazn\u00edka. Projektanti pracuj\u00ed s byty bez ohledu na jejich velikost a stav. Za zm\u00ednku tak\u00e9 stoj\u00ed, \u017ee realizujeme v\u0161echny modern\u00ed styly. Klient\u016fm nab\u00edz\u00edme zaj\u00edmav\u00e1 stylov\u00e1 a barevn\u00e1 \u0159e\u0161en\u00ed, jejich kombinace a kombinace.<a href=\"https:\/\/asart.com.ua\/wp-content\/uploads\/2022\/08\/dizajn-interera-kvartiry-27watermark.jpg\"><img loading=\"lazy\" decoding=\"async\" class=\"aligncenter  wp-image-9281 colorbox-18270\" src=\"https:\/\/asart.com.ua\/wp-content\/uploads\/2022\/08\/dizajn-interera-kvartiry-27watermark.jpg\" alt=\"\" width=\"1145\" height=\"859\" srcset=\"https:\/\/asart.com.ua\/wp-content\/uploads\/2022\/08\/dizajn-interera-kvartiry-27watermark.jpg 1000w, https:\/\/asart.com.ua\/wp-content\/uploads\/2022\/08\/dizajn-interera-kvartiry-27watermark-300x225.jpg 300w, https:\/\/asart.com.ua\/wp-content\/uploads\/2022\/08\/dizajn-interera-kvartiry-27watermark-768x576.jpg 768w, https:\/\/asart.com.ua\/wp-content\/uploads\/2022\/08\/dizajn-interera-kvartiry-27watermark-160x120.jpg 160w, https:\/\/asart.com.ua\/wp-content\/uploads\/2022\/08\/dizajn-interera-kvartiry-27watermark-289x217.jpg 289w\" sizes=\"(max-width: 1145px) 100vw, 1145px\" \/><\/a><a href=\"https:\/\/asart.com.ua\/wp-content\/uploads\/2021\/02\/foto-marashal-zhukova-001-17watermark-1-1-1024x683.jpg\"><img loading=\"lazy\" decoding=\"async\" class=\"aligncenter  wp-image-9068 colorbox-18270\" src=\"https:\/\/asart.com.ua\/wp-content\/uploads\/2021\/02\/foto-marashal-zhukova-001-17watermark-1-1-1024x683.jpg\" alt=\"\" width=\"1148\" height=\"766\" srcset=\"https:\/\/asart.com.ua\/wp-content\/uploads\/2021\/02\/foto-marashal-zhukova-001-17watermark-1-1-1024x683.jpg 1024w, https:\/\/asart.com.ua\/wp-content\/uploads\/2021\/02\/foto-marashal-zhukova-001-17watermark-1-1-300x200.jpg 300w, https:\/\/asart.com.ua\/wp-content\/uploads\/2021\/02\/foto-marashal-zhukova-001-17watermark-1-1-768x512.jpg 768w, https:\/\/asart.com.ua\/wp-content\/uploads\/2021\/02\/foto-marashal-zhukova-001-17watermark-1-1-240x160.jpg 240w, https:\/\/asart.com.ua\/wp-content\/uploads\/2021\/02\/foto-marashal-zhukova-001-17watermark-1-1.jpg 1200w\" sizes=\"(max-width: 1148px) 100vw, 1148px\" \/><\/a><a href=\"https:\/\/asart.com.ua\/wp-content\/uploads\/2022\/08\/dizajn-interera-kvartiry-36watermark.jpg\"><img loading=\"lazy\" decoding=\"async\" class=\"aligncenter  wp-image-9299 colorbox-18270\" src=\"https:\/\/asart.com.ua\/wp-content\/uploads\/2022\/08\/dizajn-interera-kvartiry-36watermark.jpg\" alt=\"\" width=\"1148\" height=\"861\" srcset=\"https:\/\/asart.com.ua\/wp-content\/uploads\/2022\/08\/dizajn-interera-kvartiry-36watermark.jpg 1000w, https:\/\/asart.com.ua\/wp-content\/uploads\/2022\/08\/dizajn-interera-kvartiry-36watermark-300x225.jpg 300w, https:\/\/asart.com.ua\/wp-content\/uploads\/2022\/08\/dizajn-interera-kvartiry-36watermark-768x576.jpg 768w, https:\/\/asart.com.ua\/wp-content\/uploads\/2022\/08\/dizajn-interera-kvartiry-36watermark-160x120.jpg 160w, https:\/\/asart.com.ua\/wp-content\/uploads\/2022\/08\/dizajn-interera-kvartiry-36watermark-289x217.jpg 289w\" sizes=\"(max-width: 1148px) 100vw, 1148px\" \/><\/a><\/p>\n<h3>Jedine\u010dn\u00e9 a nenapodobiteln\u00e9 designov\u00e9 n\u00e1pady.<\/h3>\n<p>Exkluzivn\u00ed design interi\u00e9ru znamen\u00e1 vytvo\u0159en\u00ed jedine\u010dn\u00e9ho projektu s individu\u00e1ln\u00edmi designov\u00fdmi n\u00e1pady. Zahrnuje tak\u00e9 v\u00fdb\u011br:<\/p>\n<ul>\n<li>dokon\u010dovac\u00edch materi\u00e1l\u016f<\/li>\n<li>n\u00e1bytek<\/li>\n<li>v\u00fdzdoba<\/li>\n<li>P\u0159\u00edslu\u0161enstv\u00ed<\/li>\n<\/ul>\n<p>Kter\u00e9 se budou vz\u00e1jemn\u011b kombinovat a ladit a vytv\u00e1\u0159et tak pohodln\u00fd a \u00fatuln\u00fd prostor. P\u0159ed zah\u00e1jen\u00edm rekonstruk\u010dn\u00edch prac\u00ed za v\u00e1mi p\u0159ijede projektant studia AS-Design, aby si byt, jeho dispozici a stav prohl\u00e9dl. Osobn\u00ed sch\u016fzka umo\u017e\u0148uje zjistit v\u0161echna va\u0161e p\u0159\u00e1n\u00ed a preference v oblasti exkluzivn\u00ed design\u00e9rsk\u00e9 pr\u00e1ce. Vyberte si nejvhodn\u011bj\u0161\u00ed styl pro v\u00e1\u0161 pokoj a rozhodn\u011bte se o barevn\u00e9m sch\u00e9matu.<\/p>\n<p>Pokud m\u00e1te mal\u00fd byt, m\u011bli byste si vybrat jeden styl pro v\u0161echny m\u00edstnosti <em>, pro velk\u00fd prostor m\u016f\u017ee studiov\u00fd design\u00e9r kombinovat n\u011bkolik styl\u016f, kter\u00e9 se budou harmonicky dopl\u0148ovat a vytvo\u0159it kr\u00e1sn\u00fd celkov\u00fd obraz<\/em> . Abyste nem\u011bli pochybnosti o spr\u00e1vn\u00e9m v\u00fdb\u011bru stylu a barvy, m\u016f\u017eete vyu\u017e\u00edt slu\u017ebu vizualizace projektu, kterou AS-Design poskytuje za nejlep\u0161\u00ed cenu v Charkov\u011b. Vizualizace V\u00e1m uk\u00e1\u017ee podobu bytu s nov\u00fdm exkluzivn\u00edm interi\u00e9rem a nav\u00edc budete m\u00edt mo\u017enost prov\u00e9st zm\u011bny v designu.<\/p>\n<p>AS-Design Studio pro v\u00e1s v Charkov\u011b vytvo\u0159\u00ed exkluzivn\u00ed interi\u00e9rov\u00fd design za n\u00edzkou cenu. Ve\u0161ker\u00e9 projek\u010dn\u00ed pr\u00e1ce jsou prov\u00e1d\u011bny na profesion\u00e1ln\u00ed \u00farovni a v optim\u00e1ln\u00edm \u010dasov\u00e9m r\u00e1mci.<\/p>\n","protected":false},"excerpt":{"rendered":"<p>Pokud jste si koupili byt nebo <a class=\"continue_link\" href=\"https:\/\/asart.com.ua\/cs\/dizajn-kvartir\/eksklyuzivnyj-interera\/\">\u0427\u0438\u0442\u0430\u0442\u044c \u0434\u0430\u043b\u0435\u0435 >><\/a><\/p>\n","protected":false},"author":6,"featured_media":0,"parent":17992,"menu_order":0,"comment_status":"closed","ping_status":"closed","template":"","meta":{"footnotes":""},"acf":[],"aioseo_notices":[],"_links":{"self":[{"href":"https:\/\/asart.com.ua\/cs\/wp-json\/wp\/v2\/pages\/18270"}],"collection":[{"href":"https:\/\/asart.com.ua\/cs\/wp-json\/wp\/v2\/pages"}],"about":[{"href":"https:\/\/asart.com.ua\/cs\/wp-json\/wp\/v2\/types\/page"}],"author":[{"embeddable":true,"href":"https:\/\/asart.com.ua\/cs\/wp-json\/wp\/v2\/users\/6"}],"replies":[{"embeddable":true,"href":"https:\/\/asart.com.ua\/cs\/wp-json\/wp\/v2\/comments?post=18270"}],"version-history":[{"count":6,"href":"https:\/\/asart.com.ua\/cs\/wp-json\/wp\/v2\/pages\/18270\/revisions"}],"predecessor-version":[{"id":20964,"href":"https:\/\/asart.com.ua\/cs\/wp-json\/wp\/v2\/pages\/18270\/revisions\/20964"}],"up":[{"embeddable":true,"href":"https:\/\/asart.com.ua\/cs\/wp-json\/wp\/v2\/pages\/17992"}],"wp:attachment":[{"href":"https:\/\/asart.com.ua\/cs\/wp-json\/wp\/v2\/media?parent=18270"}],"curies":[{"name":"wp","href":"https:\/\/api.w.org\/{rel}","templated":true}]}}