{"id":18264,"date":"2021-10-10T18:32:15","date_gmt":"2021-10-10T15:32:15","guid":{"rendered":"https:\/\/asart.com.ua\/dizajn-kvartir\/stoimost-proekta-interera\/"},"modified":"2023-11-24T01:25:33","modified_gmt":"2023-11-23T22:25:33","slug":"stoimost-proekta-interera","status":"publish","type":"page","link":"https:\/\/asart.com.ua\/cs\/dizajn-kvartir\/stoimost-proekta-interera\/","title":{"rendered":"N\u00e1klady na projekt interi\u00e9ru bytu"},"content":{"rendered":"<p>Designov\u00e1 pr\u00e1ce je rok od roku popul\u00e1rn\u011bj\u0161\u00ed a \u017e\u00e1dan\u011bj\u0161\u00ed. Mnoho lid\u00ed je unaveno stejn\u00fdm typem dispozic, renovac\u00ed a dopl\u0148k\u016f. Majitel\u00e9 byt\u016f cht\u011bj\u00ed, aby jejich bydlen\u00ed bylo:<\/p>\n<ul>\n<li> Kr\u00e1sn\u00e1<\/li>\n<li> stylov\u00fd<\/li>\n<li> komfortn\u00ed<\/li>\n<li> funk\u010dn\u00ed<\/li>\n<li> gramotn\u00fd<\/li>\n<li> v\u00fdhradn\u00ed<\/li>\n<li> luxusn\u00ed<\/li>\n<li> ohledupln\u00fd<\/li>\n<\/ul>\n<p> <strong>Samotnou rekonstrukc\u00ed takov\u00fdch v\u00fdsledk\u016f nedos\u00e1hnete<\/strong> , rad\u011bji si nechte vypracovat individu\u00e1ln\u00ed projekt interi\u00e9ru. V Charkov\u011b a dal\u0161\u00edch m\u011bstech Ukrajiny panuje n\u00e1zor, \u017ee takov\u00e9 slu\u017eby jsou drah\u00e9, a proto si je mnoz\u00ed nemohou dovolit. Ateli\u00e9r, kter\u00e1 prov\u00e1d\u011bj\u00ed design\u00e9rsk\u00e9 pr\u00e1ce, je mnoho, ka\u017ed\u00e9 z nich m\u00e1 jinou profesion\u00e1ln\u00ed \u00farove\u0148 a podle toho mohou b\u00fdt ceny n\u00edzk\u00e9 i vysok\u00e9. <a href=\"https:\/\/asart.com.ua\/wp-content\/uploads\/2023\/07\/kuhnya-studiya-dom-63-23watermark.jpg\"><img loading=\"lazy\" decoding=\"async\" class=\"aligncenter size-full wp-image-10140 colorbox-18264\" src=\"https:\/\/asart.com.ua\/wp-content\/uploads\/2023\/07\/kuhnya-studiya-dom-63-23watermark.jpg\" alt=\"\" width=\"1100\" height=\"600\" srcset=\"https:\/\/asart.com.ua\/wp-content\/uploads\/2023\/07\/kuhnya-studiya-dom-63-23watermark.jpg 1100w, https:\/\/asart.com.ua\/wp-content\/uploads\/2023\/07\/kuhnya-studiya-dom-63-23watermark-300x164.jpg 300w, https:\/\/asart.com.ua\/wp-content\/uploads\/2023\/07\/kuhnya-studiya-dom-63-23watermark-1024x559.jpg 1024w, https:\/\/asart.com.ua\/wp-content\/uploads\/2023\/07\/kuhnya-studiya-dom-63-23watermark-768x419.jpg 768w\" sizes=\"(max-width: 1100px) 100vw, 1100px\" \/><\/a><\/p>\n<p> <a href=\"https:\/\/asart.com.ua\/wp-content\/uploads\/2023\/07\/kuhnya-studiya-dom-63-25watermark.jpg\"><img loading=\"lazy\" decoding=\"async\" class=\"aligncenter size-full wp-image-10144 colorbox-18264\" src=\"https:\/\/asart.com.ua\/wp-content\/uploads\/2023\/07\/kuhnya-studiya-dom-63-25watermark.jpg\" alt=\"\" width=\"1100\" height=\"600\" srcset=\"https:\/\/asart.com.ua\/wp-content\/uploads\/2023\/07\/kuhnya-studiya-dom-63-25watermark.jpg 1100w, https:\/\/asart.com.ua\/wp-content\/uploads\/2023\/07\/kuhnya-studiya-dom-63-25watermark-300x164.jpg 300w, https:\/\/asart.com.ua\/wp-content\/uploads\/2023\/07\/kuhnya-studiya-dom-63-25watermark-1024x559.jpg 1024w, https:\/\/asart.com.ua\/wp-content\/uploads\/2023\/07\/kuhnya-studiya-dom-63-25watermark-768x419.jpg 768w\" sizes=\"(max-width: 1100px) 100vw, 1100px\" \/><\/a><\/p>\n<p> <a href=\"https:\/\/asart.com.ua\/wp-content\/uploads\/2023\/07\/kuhnya-studiya-dom-63-26watermark.jpg\"><img loading=\"lazy\" decoding=\"async\" class=\"aligncenter size-full wp-image-10146 colorbox-18264\" src=\"https:\/\/asart.com.ua\/wp-content\/uploads\/2023\/07\/kuhnya-studiya-dom-63-26watermark.jpg\" alt=\"\" width=\"1100\" height=\"600\" srcset=\"https:\/\/asart.com.ua\/wp-content\/uploads\/2023\/07\/kuhnya-studiya-dom-63-26watermark.jpg 1100w, https:\/\/asart.com.ua\/wp-content\/uploads\/2023\/07\/kuhnya-studiya-dom-63-26watermark-300x164.jpg 300w, https:\/\/asart.com.ua\/wp-content\/uploads\/2023\/07\/kuhnya-studiya-dom-63-26watermark-1024x559.jpg 1024w, https:\/\/asart.com.ua\/wp-content\/uploads\/2023\/07\/kuhnya-studiya-dom-63-26watermark-768x419.jpg 768w\" sizes=\"(max-width: 1100px) 100vw, 1100px\" \/><\/a> <a href=\"https:\/\/asart.com.ua\/wp-content\/uploads\/2023\/07\/kuhnya-studiya-dom-63-10watermark.jpg\"><img loading=\"lazy\" decoding=\"async\" class=\"aligncenter size-full wp-image-10114 colorbox-18264\" src=\"https:\/\/asart.com.ua\/wp-content\/uploads\/2023\/07\/kuhnya-studiya-dom-63-10watermark.jpg\" alt=\"\" width=\"1100\" height=\"600\" srcset=\"https:\/\/asart.com.ua\/wp-content\/uploads\/2023\/07\/kuhnya-studiya-dom-63-10watermark.jpg 1100w, https:\/\/asart.com.ua\/wp-content\/uploads\/2023\/07\/kuhnya-studiya-dom-63-10watermark-300x164.jpg 300w, https:\/\/asart.com.ua\/wp-content\/uploads\/2023\/07\/kuhnya-studiya-dom-63-10watermark-1024x559.jpg 1024w, https:\/\/asart.com.ua\/wp-content\/uploads\/2023\/07\/kuhnya-studiya-dom-63-10watermark-768x419.jpg 768w\" sizes=\"(max-width: 1100px) 100vw, 1100px\" \/><\/a> <a href=\"https:\/\/asart.com.ua\/wp-content\/uploads\/2023\/07\/kuhnya-studiya-dom-63-13watermark.jpg\"><img loading=\"lazy\" decoding=\"async\" class=\"aligncenter size-full wp-image-10120 colorbox-18264\" src=\"https:\/\/asart.com.ua\/wp-content\/uploads\/2023\/07\/kuhnya-studiya-dom-63-13watermark.jpg\" alt=\"\" width=\"1100\" height=\"600\" srcset=\"https:\/\/asart.com.ua\/wp-content\/uploads\/2023\/07\/kuhnya-studiya-dom-63-13watermark.jpg 1100w, https:\/\/asart.com.ua\/wp-content\/uploads\/2023\/07\/kuhnya-studiya-dom-63-13watermark-300x164.jpg 300w, https:\/\/asart.com.ua\/wp-content\/uploads\/2023\/07\/kuhnya-studiya-dom-63-13watermark-1024x559.jpg 1024w, https:\/\/asart.com.ua\/wp-content\/uploads\/2023\/07\/kuhnya-studiya-dom-63-13watermark-768x419.jpg 768w\" sizes=\"(max-width: 1100px) 100vw, 1100px\" \/><\/a><\/p>\n<h2> Cenov\u011b dostupn\u00e9 designov\u00e9 slu\u017eby.<\/h2>\n<p> Na\u0161e studio nab\u00edz\u00ed profesion\u00e1ln\u00ed v\u00fdvoj a realizaci projekt\u016f interi\u00e9rov\u00e9ho designu pro soukrom\u00e9 i komer\u010dn\u00ed prostory v Charkov\u011b za nejlep\u0161\u00ed cenu. T\u00fdm AS-Design prov\u00e1d\u00ed projek\u010dn\u00ed pr\u00e1ce:<\/p>\n<ul>\n<li> profesion\u00e1ln\u011b<\/li>\n<li> kvalitativn\u011b<\/li>\n<li> v\u010das<\/li>\n<li> za p\u0159ijatelnou cenu<\/li>\n<li> autorsk\u00e9 ovl\u00e1d\u00e1n\u00ed<\/li>\n<li> p\u0159esn\u00e9 proveden\u00ed projektu<\/li>\n<\/ul>\n<p> Nez\u00e1le\u017e\u00ed n\u00e1m na tom, v jak\u00e9m stavu se are\u00e1l nach\u00e1z\u00ed, stejn\u011b jako na jeho plo\u0161e a uspo\u0159\u00e1d\u00e1n\u00ed. Pro stanoven\u00ed kone\u010dn\u00e9 ceny n\u00e1vrhu bytu je pot\u0159eba se na ni nejprve pod\u00edvat. Design\u00e9r na\u0161eho studia si s V\u00e1mi domluv\u00ed sch\u016fzku p\u0159\u00edmo na pracovi\u0161ti. Specialista krom\u011b prohl\u00eddky zji\u0161\u0165uje va\u0161i vizi a preference v oblasti modern\u00edch interi\u00e9r\u016f. Mus\u00edte si tak\u00e9 vybrat styl a rozhodnout se pro barevn\u00e9 sch\u00e9ma. M\u00edstnost m\u016f\u017ee b\u00fdt vyzdobena v jednom stylu nebo n\u011bkolika, stoj\u00ed za zv\u00e1\u017een\u00ed, \u017ee to ovlivn\u00ed n\u00e1klady. <a href=\"https:\/\/asart.com.ua\/wp-content\/uploads\/2018\/04\/dvuhurovnevaya-kvartira-4watermark.jpg\"><img loading=\"lazy\" decoding=\"async\" class=\"aligncenter size-full wp-image-8080 colorbox-18264\" src=\"https:\/\/asart.com.ua\/wp-content\/uploads\/2018\/04\/dvuhurovnevaya-kvartira-4watermark.jpg\" alt=\"\" width=\"1000\" height=\"667\" srcset=\"https:\/\/asart.com.ua\/wp-content\/uploads\/2018\/04\/dvuhurovnevaya-kvartira-4watermark.jpg 1000w, https:\/\/asart.com.ua\/wp-content\/uploads\/2018\/04\/dvuhurovnevaya-kvartira-4watermark-300x200.jpg 300w, https:\/\/asart.com.ua\/wp-content\/uploads\/2018\/04\/dvuhurovnevaya-kvartira-4watermark-768x512.jpg 768w, https:\/\/asart.com.ua\/wp-content\/uploads\/2018\/04\/dvuhurovnevaya-kvartira-4watermark-240x160.jpg 240w\" sizes=\"(max-width: 1000px) 100vw, 1000px\" \/><\/a><\/p>\n<p> <a href=\"https:\/\/asart.com.ua\/wp-content\/uploads\/2020\/06\/miniatyura-katyushka-.jpg\"><img loading=\"lazy\" decoding=\"async\" class=\"aligncenter size-full wp-image-8053 colorbox-18264\" src=\"https:\/\/asart.com.ua\/wp-content\/uploads\/2020\/06\/miniatyura-katyushka-.jpg\" alt=\"\" width=\"1000\" height=\"667\" srcset=\"https:\/\/asart.com.ua\/wp-content\/uploads\/2020\/06\/miniatyura-katyushka-.jpg 1000w, https:\/\/asart.com.ua\/wp-content\/uploads\/2020\/06\/miniatyura-katyushka--300x200.jpg 300w, https:\/\/asart.com.ua\/wp-content\/uploads\/2020\/06\/miniatyura-katyushka--768x512.jpg 768w, https:\/\/asart.com.ua\/wp-content\/uploads\/2020\/06\/miniatyura-katyushka--240x160.jpg 240w\" sizes=\"(max-width: 1000px) 100vw, 1000px\" \/><\/a><\/p>\n<p> <a href=\"https:\/\/asart.com.ua\/wp-content\/uploads\/2018\/04\/dvuhurovnevaya-kvartira-2watermark.jpg\"><img loading=\"lazy\" decoding=\"async\" class=\"aligncenter size-full wp-image-8076 colorbox-18264\" src=\"https:\/\/asart.com.ua\/wp-content\/uploads\/2018\/04\/dvuhurovnevaya-kvartira-2watermark.jpg\" alt=\"\" width=\"1000\" height=\"667\" srcset=\"https:\/\/asart.com.ua\/wp-content\/uploads\/2018\/04\/dvuhurovnevaya-kvartira-2watermark.jpg 1000w, https:\/\/asart.com.ua\/wp-content\/uploads\/2018\/04\/dvuhurovnevaya-kvartira-2watermark-300x200.jpg 300w, https:\/\/asart.com.ua\/wp-content\/uploads\/2018\/04\/dvuhurovnevaya-kvartira-2watermark-768x512.jpg 768w, https:\/\/asart.com.ua\/wp-content\/uploads\/2018\/04\/dvuhurovnevaya-kvartira-2watermark-240x160.jpg 240w\" sizes=\"(max-width: 1000px) 100vw, 1000px\" \/><\/a> <a href=\"https:\/\/asart.com.ua\/wp-content\/uploads\/2020\/06\/dvuhurovnevaya-kvartira-realizacziya-11watermark.jpg\"><img loading=\"lazy\" decoding=\"async\" class=\"aligncenter size-full wp-image-8033 colorbox-18264\" src=\"https:\/\/asart.com.ua\/wp-content\/uploads\/2020\/06\/dvuhurovnevaya-kvartira-realizacziya-11watermark.jpg\" alt=\"\" width=\"1000\" height=\"667\" srcset=\"https:\/\/asart.com.ua\/wp-content\/uploads\/2020\/06\/dvuhurovnevaya-kvartira-realizacziya-11watermark.jpg 1000w, https:\/\/asart.com.ua\/wp-content\/uploads\/2020\/06\/dvuhurovnevaya-kvartira-realizacziya-11watermark-300x200.jpg 300w, https:\/\/asart.com.ua\/wp-content\/uploads\/2020\/06\/dvuhurovnevaya-kvartira-realizacziya-11watermark-768x512.jpg 768w, https:\/\/asart.com.ua\/wp-content\/uploads\/2020\/06\/dvuhurovnevaya-kvartira-realizacziya-11watermark-240x160.jpg 240w\" sizes=\"(max-width: 1000px) 100vw, 1000px\" \/><\/a><\/p>\n<h3> Nab\u00edz\u00edme zaj\u00edmav\u00e1 barevn\u00e1 \u0159e\u0161en\u00ed.<\/h3>\n<p> V\u00fdvoj jedine\u010dn\u00e9ho a nenapodobiteln\u00e9ho designu zahrnuje vytvo\u0159en\u00ed exkluzivn\u00edho interi\u00e9ru, design za\u0159\u00edzen\u00ed, v\u00fdzdobu pokoj\u016f, ale i v\u00fdb\u011br a uspo\u0159\u00e1d\u00e1n\u00ed n\u00e1bytku. Proto n\u00e1klady na projekt interi\u00e9ru p\u0159\u00edmo z\u00e1vis\u00ed na mno\u017estv\u00ed pr\u00e1ce, kterou bude t\u0159eba prov\u00e9st, na stylu, barv\u011b, va\u0161ich p\u0159\u00e1n\u00edch, po\u017eadavc\u00edch a tak\u00e9 na slo\u017eitosti.<\/p>\n<p> Pokud chcete vid\u011bt, jak bude v\u00e1\u0161 byt vypadat s nov\u00fdm interi\u00e9rem, m\u016f\u017eete vyu\u017e\u00edt slu\u017ebu vizualizace. <em>Vizualizace umo\u017e\u0148uje prohl\u00e9dnout si prostory ve f\u00e1zi schvalov\u00e1n\u00ed projek\u010dn\u00edho projektu<\/em> . Na\u0161e studio poskytuje tuto slu\u017ebu za n\u00edzkou cenu v Charkov\u011b. AS-Design tak\u00e9 poskytuje slu\u017eby architektonick\u00e9ho dozoru za optim\u00e1ln\u00ed cenu. Autorsk\u00fd dozor je stoprocentn\u00ed z\u00e1rukou spr\u00e1vn\u00e9 realizace vypracovan\u00e9ho projektu interi\u00e9rov\u00e9ho designu. Ve\u0161ker\u00e9 projek\u010dn\u00ed pr\u00e1ce prov\u00e1d\u00edme za nejni\u017e\u0161\u00ed cenu na Ukrajin\u011b.<\/p>\n","protected":false},"excerpt":{"rendered":"<p>Designov\u00e1 pr\u00e1ce je rok od roku <a class=\"continue_link\" href=\"https:\/\/asart.com.ua\/cs\/dizajn-kvartir\/stoimost-proekta-interera\/\">\u0427\u0438\u0442\u0430\u0442\u044c \u0434\u0430\u043b\u0435\u0435 >><\/a><\/p>\n","protected":false},"author":6,"featured_media":0,"parent":17992,"menu_order":0,"comment_status":"closed","ping_status":"closed","template":"","meta":{"footnotes":""},"acf":[],"aioseo_notices":[],"_links":{"self":[{"href":"https:\/\/asart.com.ua\/cs\/wp-json\/wp\/v2\/pages\/18264"}],"collection":[{"href":"https:\/\/asart.com.ua\/cs\/wp-json\/wp\/v2\/pages"}],"about":[{"href":"https:\/\/asart.com.ua\/cs\/wp-json\/wp\/v2\/types\/page"}],"author":[{"embeddable":true,"href":"https:\/\/asart.com.ua\/cs\/wp-json\/wp\/v2\/users\/6"}],"replies":[{"embeddable":true,"href":"https:\/\/asart.com.ua\/cs\/wp-json\/wp\/v2\/comments?post=18264"}],"version-history":[{"count":1,"href":"https:\/\/asart.com.ua\/cs\/wp-json\/wp\/v2\/pages\/18264\/revisions"}],"predecessor-version":[{"id":18267,"href":"https:\/\/asart.com.ua\/cs\/wp-json\/wp\/v2\/pages\/18264\/revisions\/18267"}],"up":[{"embeddable":true,"href":"https:\/\/asart.com.ua\/cs\/wp-json\/wp\/v2\/pages\/17992"}],"wp:attachment":[{"href":"https:\/\/asart.com.ua\/cs\/wp-json\/wp\/v2\/media?parent=18264"}],"curies":[{"name":"wp","href":"https:\/\/api.w.org\/{rel}","templated":true}]}}