{"id":18258,"date":"2014-04-25T09:17:59","date_gmt":"2014-04-25T11:17:59","guid":{"rendered":"https:\/\/asart.com.ua\/dizajn-kvartir\/studiy\/"},"modified":"2023-11-24T01:24:43","modified_gmt":"2023-11-23T22:24:43","slug":"studiy","status":"publish","type":"page","link":"https:\/\/asart.com.ua\/cs\/dizajn-kvartir\/studiy\/","title":{"rendered":"Garsonka na kl\u00ed\u010d: prostor a funk\u010dnost"},"content":{"rendered":"<p><strong>Garsonka<\/strong> je vynikaj\u00edc\u00ed volbou, kdy\u017e pot\u0159ebujete napl\u00e1novat sv\u016fj prostor s maxim\u00e1ln\u00ed efektivitou. Organizace \u201estudia\u201c v\u00e1m umo\u017e\u0148uje uspo\u0159\u00e1dat v\u0161echny pot\u0159ebn\u00e9 z\u00f3ny v m\u00edstnosti (kuchy\u0148, lo\u017enice atd.), ani\u017e byste je vymezovali objemn\u00fdmi stacion\u00e1rn\u00edmi st\u011bnami.<\/p>\n<p> Funk\u010dn\u00ed plochy jsou virtu\u00e1ln\u011b rozd\u011bleny: pomoc\u00ed r\u016fzn\u00fdch textur, reli\u00e9fn\u00edch strop\u016f, osv\u011btlen\u00ed, p\u00f3di\u00ed, r\u016fzn\u00fdch podlahov\u00fdch krytin atd.; a tak\u00e9 ve skute\u010dnosti: pomoc\u00ed interi\u00e9rov\u00fdch p\u0159edm\u011bt\u016f, mobiln\u00edch nebo lehk\u00fdch p\u0159\u00ed\u010dek, stejn\u011b jako n\u00e1bytku. Pevn\u00e9 st\u011bny uzav\u00edraj\u00ed pouze koupelnu.<\/p>\n<p> Jak vid\u00edte, design interi\u00e9ru studiov\u00e9ho bytu je zalo\u017een na podm\u00edn\u011bn\u00e9m rozd\u011blen\u00ed spole\u010dn\u00e9ho prostoru do z\u00f3n, kter\u00e9 se li\u0161\u00ed funk\u010dnost\u00ed, co\u017e umo\u017e\u0148uje racion\u00e1ln\u011bj\u0161\u00ed vyu\u017eit\u00ed obytn\u00e9ho prostoru.<\/p>\n<p> V Kyjev\u011b, Charkov\u011b a dal\u0161\u00edch m\u011bstech si renovaci a interi\u00e9rov\u00fd design studiov\u00e9ho bytu na kl\u00ed\u010d nej\u010dast\u011bji objedn\u00e1vaj\u00ed majitel\u00e9 mal\u00fdch prostor o celkov\u00e9 plo\u0161e 18-35 m2. Existuj\u00ed ale milovn\u00edci prostoru, kte\u0159\u00ed za\u0159izuj\u00ed garsoni\u00e9ry na v\u011bt\u0161\u00edch ploch\u00e1ch: p\u0159es 100 metr\u016f \u010dtvere\u010dn\u00edch. m<\/p>\n<h2> Objedn\u00e1vka renovace a n\u00e1vrhu interi\u00e9ru garsonky v Charkov\u011b a Kyjev\u011b<\/h2>\n<p> Rekonstrukce a n\u00e1vrh interi\u00e9ru garsonky (nejl\u00e9pe na kl\u00ed\u010d) vy\u017eaduje design\u00e9rsk\u00e9 znalosti a um\u011bleck\u00fd cit. Souhlas\u00edte, pouze specialist\u00e9 mohou pl\u00e1novat a navrhovat funk\u010dn\u00ed oblasti tak, aby se od sebe li\u0161ily a z\u00e1rove\u0148 tvo\u0159ily jeden celek. Zvl\u00e1\u0161tn\u00ed pozornost si zaslou\u017e\u00ed t\u00e9ma <a title=\"objednat design interi\u00e9ru ob\u00fdvac\u00edho pokoje\" href=\"https:\/\/asart.com.ua\/cs\/dizajn-gostinoj\/\">designu ob\u00fdvac\u00edho pokoje<\/a> .<\/p>\n<p> A tak slo\u017eit\u00fd \u00fakol je lep\u0161\u00ed sv\u011b\u0159it profesion\u00e1l\u016fm.<\/p>\n<p> Na\u0161i design\u00e9\u0159i v\u011bd\u00ed, jak spr\u00e1vn\u011b uspo\u0159\u00e1dat v\u00e1\u0161 \u017eivotn\u00ed prostor. V Kyjev\u011b a Charkov\u011b ji\u017e vyvinuli a realizovali mnoho projekt\u016f.<\/p>\n<p> Chcete, aby byla rekonstrukce garsonky na kl\u00ed\u010d a n\u00e1vrh interi\u00e9ru garsonky dokon\u010dena na t\u00e9 nejvy\u0161\u0161\u00ed \u00farovni? Kontaktujte n\u00e1s jak\u00fdmkoli zp\u016fsobem, kter\u00fd v\u00e1m vyhovuje, pomoc\u00ed informac\u00ed ze str\u00e1nky <strong>\u201eKONTAKTY\u201c.<\/strong><\/p>\n<p> Obdivujte ji\u017e hotov\u00e9 d\u00edlo na str\u00e1nce <strong>PORTFOLIO<\/strong> \u2013 v\u00e1\u0161 byt m\u016f\u017ee b\u00fdt stejn\u011b kr\u00e1sn\u00fd a je\u0161t\u011b lep\u0161\u00ed.<\/p>\n<p> <a href=\"https:\/\/asart.com.ua\/wp-content\/uploads\/2023\/07\/2-1v-kuchnya-studiya-dom-15watermark.jpg\"><img loading=\"lazy\" decoding=\"async\" class=\"aligncenter size-full wp-image-10068 colorbox-18258\" src=\"https:\/\/asart.com.ua\/wp-content\/uploads\/2023\/07\/2-1v-kuchnya-studiya-dom-15watermark.jpg\" alt=\"\" width=\"1100\" height=\"619\" srcset=\"https:\/\/asart.com.ua\/wp-content\/uploads\/2023\/07\/2-1v-kuchnya-studiya-dom-15watermark.jpg 1100w, https:\/\/asart.com.ua\/wp-content\/uploads\/2023\/07\/2-1v-kuchnya-studiya-dom-15watermark-300x169.jpg 300w, https:\/\/asart.com.ua\/wp-content\/uploads\/2023\/07\/2-1v-kuchnya-studiya-dom-15watermark-1024x576.jpg 1024w, https:\/\/asart.com.ua\/wp-content\/uploads\/2023\/07\/2-1v-kuchnya-studiya-dom-15watermark-768x432.jpg 768w\" sizes=\"(max-width: 1100px) 100vw, 1100px\" \/><\/a> <a href=\"https:\/\/asart.com.ua\/wp-content\/uploads\/2023\/07\/2-1v-kuchnya-studiya-dom-12watermark.jpg\"><img loading=\"lazy\" decoding=\"async\" class=\"aligncenter size-full wp-image-10062 colorbox-18258\" src=\"https:\/\/asart.com.ua\/wp-content\/uploads\/2023\/07\/2-1v-kuchnya-studiya-dom-12watermark.jpg\" alt=\"\" width=\"1100\" height=\"619\" srcset=\"https:\/\/asart.com.ua\/wp-content\/uploads\/2023\/07\/2-1v-kuchnya-studiya-dom-12watermark.jpg 1100w, https:\/\/asart.com.ua\/wp-content\/uploads\/2023\/07\/2-1v-kuchnya-studiya-dom-12watermark-300x169.jpg 300w, https:\/\/asart.com.ua\/wp-content\/uploads\/2023\/07\/2-1v-kuchnya-studiya-dom-12watermark-1024x576.jpg 1024w, https:\/\/asart.com.ua\/wp-content\/uploads\/2023\/07\/2-1v-kuchnya-studiya-dom-12watermark-768x432.jpg 768w\" sizes=\"(max-width: 1100px) 100vw, 1100px\" \/><\/a> <a href=\"https:\/\/asart.com.ua\/wp-content\/uploads\/2023\/07\/2-1v-kuchnya-studiya-dom-11watermark.jpg\"><img loading=\"lazy\" decoding=\"async\" class=\"aligncenter size-full wp-image-10060 colorbox-18258\" src=\"https:\/\/asart.com.ua\/wp-content\/uploads\/2023\/07\/2-1v-kuchnya-studiya-dom-11watermark.jpg\" alt=\"\" width=\"1100\" height=\"619\" srcset=\"https:\/\/asart.com.ua\/wp-content\/uploads\/2023\/07\/2-1v-kuchnya-studiya-dom-11watermark.jpg 1100w, https:\/\/asart.com.ua\/wp-content\/uploads\/2023\/07\/2-1v-kuchnya-studiya-dom-11watermark-300x169.jpg 300w, https:\/\/asart.com.ua\/wp-content\/uploads\/2023\/07\/2-1v-kuchnya-studiya-dom-11watermark-1024x576.jpg 1024w, https:\/\/asart.com.ua\/wp-content\/uploads\/2023\/07\/2-1v-kuchnya-studiya-dom-11watermark-768x432.jpg 768w\" sizes=\"(max-width: 1100px) 100vw, 1100px\" \/><\/a><\/p>\n","protected":false},"excerpt":{"rendered":"<p>Garsonka je vynikaj\u00edc\u00ed volbou, kdy\u017e pot\u0159ebujete <a class=\"continue_link\" href=\"https:\/\/asart.com.ua\/cs\/dizajn-kvartir\/studiy\/\">\u0427\u0438\u0442\u0430\u0442\u044c \u0434\u0430\u043b\u0435\u0435 >><\/a><\/p>\n","protected":false},"author":1,"featured_media":0,"parent":17992,"menu_order":0,"comment_status":"closed","ping_status":"closed","template":"","meta":{"footnotes":""},"acf":[],"aioseo_notices":[],"_links":{"self":[{"href":"https:\/\/asart.com.ua\/cs\/wp-json\/wp\/v2\/pages\/18258"}],"collection":[{"href":"https:\/\/asart.com.ua\/cs\/wp-json\/wp\/v2\/pages"}],"about":[{"href":"https:\/\/asart.com.ua\/cs\/wp-json\/wp\/v2\/types\/page"}],"author":[{"embeddable":true,"href":"https:\/\/asart.com.ua\/cs\/wp-json\/wp\/v2\/users\/1"}],"replies":[{"embeddable":true,"href":"https:\/\/asart.com.ua\/cs\/wp-json\/wp\/v2\/comments?post=18258"}],"version-history":[{"count":1,"href":"https:\/\/asart.com.ua\/cs\/wp-json\/wp\/v2\/pages\/18258\/revisions"}],"predecessor-version":[{"id":18261,"href":"https:\/\/asart.com.ua\/cs\/wp-json\/wp\/v2\/pages\/18258\/revisions\/18261"}],"up":[{"embeddable":true,"href":"https:\/\/asart.com.ua\/cs\/wp-json\/wp\/v2\/pages\/17992"}],"wp:attachment":[{"href":"https:\/\/asart.com.ua\/cs\/wp-json\/wp\/v2\/media?parent=18258"}],"curies":[{"name":"wp","href":"https:\/\/api.w.org\/{rel}","templated":true}]}}