{"id":18252,"date":"2017-05-10T18:41:36","date_gmt":"2017-05-10T15:41:36","guid":{"rendered":"https:\/\/asart.com.ua\/dizajn-kvartir\/sovremennyx\/"},"modified":"2023-11-24T01:23:51","modified_gmt":"2023-11-23T22:23:51","slug":"sovremennyx","status":"publish","type":"page","link":"https:\/\/asart.com.ua\/cs\/dizajn-kvartir\/sovremennyx\/","title":{"rendered":"Design modern\u00edch byt\u016f"},"content":{"rendered":"<p>Bez ohledu na rozlohu bytu, jeho dispozici a um\u00edst\u011bn\u00ed si majitel p\u0159eje, aby byl:<\/p>\n<ul>\n<li> stylov\u00fd<\/li>\n<li> modern\u00ed<\/li>\n<li> Kr\u00e1sn\u00e1<\/li>\n<li> \u00fatuln\u00fd<\/li>\n<\/ul>\n<p> A tak\u00e9 pohodln\u00e9 a pohodln\u00e9 pro v\u0161echny \u010dleny rodiny. Ka\u017ed\u00fd pokoj m\u00e1 sv\u00e9 v\u00fdhody a nev\u00fdhody. <strong>N\u011bkter\u00e9 maj\u00ed malou kuchy\u0148ku a koupelnu, n\u00edzk\u00e9 stropy, \u00fazk\u00e9 chodby, jin\u00e9 maj\u00ed \u0161patn\u00e9 uspo\u0159\u00e1d\u00e1n\u00ed a uspo\u0159\u00e1d\u00e1n\u00ed pokoj\u016f<\/strong> . Ale nebojte se, v\u0161e se d\u00e1 napravit. S pomoc\u00ed profesion\u00e1ln\u00edho designu a renova\u010dn\u00edch prac\u00ed, stejn\u011b jako kompetentn\u00edho projektu interi\u00e9rov\u00e9ho designu, m\u016f\u017ee b\u00fdt ka\u017ed\u00fd byt p\u0159em\u011bn\u011bn na modern\u00ed pokoj.<\/p>\n<h2> Nab\u00edz\u00edme zaj\u00edmav\u00e1 designov\u00e1 \u0159e\u0161en\u00ed.<\/h2>\n<p> Na\u0161e studio m\u00e1 bohat\u00e9 zku\u0161enosti s tvorbou interi\u00e9rov\u00e9ho designu byt\u016f ve m\u011bst\u011b Charkov. AS-Design nab\u00edz\u00ed sv\u00fdm z\u00e1kazn\u00edk\u016fm:<\/p>\n<ul>\n<li> exkluzivn\u00ed designov\u00e9 n\u00e1pady<\/li>\n<li> implementace v\u0161ech styl\u016f<\/li>\n<li> p\u0159ijateln\u00e9 ceny<\/li>\n<li> autorsk\u00fd dozor<\/li>\n<li> vizualizace projektu<\/li>\n<\/ul>\n<p> Design modern\u00edch byt\u016f, krom\u011b kr\u00e1sn\u00e9ho a stylov\u00e9ho interi\u00e9ru, znamen\u00e1 funk\u010dn\u00ed a pohodln\u00fd prostor. Mnoho obyvatel Charkova preferuje velk\u00e9 a sv\u011btl\u00e9 pokoje, rozd\u011blen\u00e9 do z\u00f3n. Pomoc\u00ed profesion\u00e1ln\u00edho z\u00f3nov\u00e1n\u00ed m\u016f\u017eete mal\u00e9 i velk\u00e9 m\u00edstnosti rozd\u011blit do z\u00f3n. To znamen\u00e1, \u017ee m\u00edsto ob\u00fdvac\u00edho pokoje, lo\u017enice nebo chodby budete m\u00edt jednu velkou m\u00edstnost s prostorem pro odpo\u010dinek, span\u00ed a p\u0159ij\u00edm\u00e1n\u00ed host\u016f. V\u0161e z\u00e1le\u017e\u00ed na oblasti, po\u010dtu \u010dlen\u016f rodiny a va\u0161ich p\u0159\u00e1n\u00edch.<\/p>\n<p> <a href=\"https:\/\/asart.com.ua\/wp-content\/uploads\/2017\/01\/Dizayn-interera-kuhni-studii-4watermark.jpg\"><img loading=\"lazy\" decoding=\"async\" class=\"aligncenter size-full wp-image-5173 colorbox-18252\" src=\"https:\/\/asart.com.ua\/wp-content\/uploads\/2017\/01\/Dizayn-interera-kuhni-studii-4watermark.jpg\" alt=\"N\u00e1vrh interi\u00e9ru kuchy\u0148sk\u00e9ho studia (4)vodoznak\" width=\"1000\" height=\"667\" srcset=\"https:\/\/asart.com.ua\/wp-content\/uploads\/2017\/01\/Dizayn-interera-kuhni-studii-4watermark.jpg 1000w, https:\/\/asart.com.ua\/wp-content\/uploads\/2017\/01\/Dizayn-interera-kuhni-studii-4watermark-300x200.jpg 300w, https:\/\/asart.com.ua\/wp-content\/uploads\/2017\/01\/Dizayn-interera-kuhni-studii-4watermark-768x512.jpg 768w, https:\/\/asart.com.ua\/wp-content\/uploads\/2017\/01\/Dizayn-interera-kuhni-studii-4watermark-240x160.jpg 240w\" sizes=\"(max-width: 1000px) 100vw, 1000px\" \/><\/a><\/p>\n<p> <a href=\"https:\/\/asart.com.ua\/wp-content\/uploads\/2017\/10\/1-2watermark.jpg\"><img loading=\"lazy\" decoding=\"async\" class=\"aligncenter size-full wp-image-5801 colorbox-18252\" src=\"https:\/\/asart.com.ua\/wp-content\/uploads\/2017\/10\/1-2watermark.jpg\" alt=\"\" width=\"1000\" height=\"667\" \/><\/a><\/p>\n<p> <a href=\"https:\/\/asart.com.ua\/wp-content\/uploads\/2017\/01\/Interer-spalni-1watermark.jpg\"><img loading=\"lazy\" decoding=\"async\" class=\"aligncenter size-full wp-image-5466 colorbox-18252\" src=\"https:\/\/asart.com.ua\/wp-content\/uploads\/2017\/01\/Interer-spalni-1watermark.jpg\" alt=\"\" width=\"1000\" height=\"667\" srcset=\"https:\/\/asart.com.ua\/wp-content\/uploads\/2017\/01\/Interer-spalni-1watermark.jpg 1000w, https:\/\/asart.com.ua\/wp-content\/uploads\/2017\/01\/Interer-spalni-1watermark-300x200.jpg 300w, https:\/\/asart.com.ua\/wp-content\/uploads\/2017\/01\/Interer-spalni-1watermark-768x512.jpg 768w, https:\/\/asart.com.ua\/wp-content\/uploads\/2017\/01\/Interer-spalni-1watermark-240x160.jpg 240w\" sizes=\"(max-width: 1000px) 100vw, 1000px\" \/><\/a> <a href=\"https:\/\/asart.com.ua\/wp-content\/uploads\/2017\/01\/Interer-spalni-9watermark.jpg\"><img loading=\"lazy\" decoding=\"async\" class=\"aligncenter size-full wp-image-5470 colorbox-18252\" src=\"https:\/\/asart.com.ua\/wp-content\/uploads\/2017\/01\/Interer-spalni-9watermark.jpg\" alt=\"\" width=\"1000\" height=\"667\" srcset=\"https:\/\/asart.com.ua\/wp-content\/uploads\/2017\/01\/Interer-spalni-9watermark.jpg 1000w, https:\/\/asart.com.ua\/wp-content\/uploads\/2017\/01\/Interer-spalni-9watermark-300x200.jpg 300w, https:\/\/asart.com.ua\/wp-content\/uploads\/2017\/01\/Interer-spalni-9watermark-768x512.jpg 768w, https:\/\/asart.com.ua\/wp-content\/uploads\/2017\/01\/Interer-spalni-9watermark-240x160.jpg 240w\" sizes=\"(max-width: 1000px) 100vw, 1000px\" \/><\/a><br \/> <a href=\"https:\/\/asart.com.ua\/wp-content\/uploads\/2022\/08\/dizajn-kvartiry-zhk-sokolniki-55watermark.jpg\"><img loading=\"lazy\" decoding=\"async\" class=\"aligncenter size-full wp-image-9699 colorbox-18252\" src=\"https:\/\/asart.com.ua\/wp-content\/uploads\/2022\/08\/dizajn-kvartiry-zhk-sokolniki-55watermark.jpg\" alt=\"\" width=\"1000\" height=\"581\" srcset=\"https:\/\/asart.com.ua\/wp-content\/uploads\/2022\/08\/dizajn-kvartiry-zhk-sokolniki-55watermark.jpg 1000w, https:\/\/asart.com.ua\/wp-content\/uploads\/2022\/08\/dizajn-kvartiry-zhk-sokolniki-55watermark-300x174.jpg 300w, https:\/\/asart.com.ua\/wp-content\/uploads\/2022\/08\/dizajn-kvartiry-zhk-sokolniki-55watermark-768x446.jpg 768w\" sizes=\"(max-width: 1000px) 100vw, 1000px\" \/><\/a><br \/> <a href=\"https:\/\/asart.com.ua\/wp-content\/uploads\/2022\/08\/dizajn-kvartiry-zhk-sokolniki-53watermark.jpg\"><img loading=\"lazy\" decoding=\"async\" class=\"aligncenter size-full wp-image-9695 colorbox-18252\" src=\"https:\/\/asart.com.ua\/wp-content\/uploads\/2022\/08\/dizajn-kvartiry-zhk-sokolniki-53watermark.jpg\" alt=\"\" width=\"1000\" height=\"564\" srcset=\"https:\/\/asart.com.ua\/wp-content\/uploads\/2022\/08\/dizajn-kvartiry-zhk-sokolniki-53watermark.jpg 1000w, https:\/\/asart.com.ua\/wp-content\/uploads\/2022\/08\/dizajn-kvartiry-zhk-sokolniki-53watermark-300x169.jpg 300w, https:\/\/asart.com.ua\/wp-content\/uploads\/2022\/08\/dizajn-kvartiry-zhk-sokolniki-53watermark-768x433.jpg 768w\" sizes=\"(max-width: 1000px) 100vw, 1000px\" \/><\/a><a href=\"https:\/\/asart.com.ua\/wp-content\/uploads\/2017\/01\/Vanna-5watermark.jpg\"><br \/><\/a><br \/> <a href=\"https:\/\/asart.com.ua\/wp-content\/uploads\/2017\/01\/Dizayn-interera-kuhni-studii-13watermark.jpg\"><br \/><\/a><\/p>\n<h3> Pracujeme se v\u0161emi stylistick\u00fdmi sm\u011bry.<\/h3>\n<p> Na\u0161e studio dok\u00e1\u017ee vypracovat designov\u00fd projekt modern\u00edho bytu v jak\u00e9mkoli st\u00e1vaj\u00edc\u00edm stylu. N\u00e1vrh\u00e1\u0159 v\u00e1m \u0159ekne, jak\u00e9 stylov\u00e9 \u0159e\u0161en\u00ed je pro v\u00e1\u0161 pokoj nejlep\u0161\u00ed. M\u016f\u017ee tak\u00e9 kombinovat n\u011bkolik styl\u016f a kombinovat je harmonicky a kr\u00e1sn\u011b. Z\u00edsk\u00e1te jedine\u010dn\u00fd, jedine\u010dn\u00fd interi\u00e9r. Pokud jde o barevn\u00e9 sch\u00e9ma v modern\u00edm interi\u00e9rov\u00e9m designu, m\u016f\u017ee to b\u00fdt cokoliv. V\u0161e z\u00e1vis\u00ed na va\u0161ich preferenc\u00edch barev. Na\u0161i specialist\u00e9 pracuj\u00ed s cel\u00fdm spektrem. Navzdory skute\u010dnosti, \u017ee sv\u011btl\u00e9, pastelov\u00e9 barvy jsou st\u00e1le obl\u00edben\u00e9 a \u017e\u00e1dan\u00e9, m\u016f\u017eete si vybrat tmav\u00e9 a jak\u00e9koli jin\u00e9 barvy.<\/p>\n<p> Abyste m\u011bli jistotu, \u017ee zvolen\u00fd styl a barva jsou spr\u00e1vn\u00e9, doporu\u010duje studio AS-Design vyu\u017e\u00edt slu\u017ebu vizualizace vypracovan\u00e9ho designov\u00e9ho projektu. Uvid\u00edte sv\u016fj byt \u00fapln\u011b jin\u00fd, nov\u00fd s modern\u00edm interi\u00e9rem. Pokud se v\u00e1m n\u011bkter\u00e9 aspekty nel\u00edb\u00ed, m\u016f\u017eete prov\u00e9st zm\u011bny. A krom\u011b vizualizace m\u016f\u017eete vyu\u017e\u00edt slu\u017ebu supervize projektanta. <em>Architektonick\u00fd dohled znamen\u00e1 kontrolu ze strany projektanta ve v\u0161ech f\u00e1z\u00edch opravy, dokon\u010dov\u00e1n\u00ed, zdoben\u00ed m\u00edstnosti a uspo\u0159\u00e1d\u00e1n\u00ed n\u00e1bytku<\/em> .<\/p>\n<p> AS-Design pro v\u00e1s vytvo\u0159\u00ed projekt modern\u00edho interi\u00e9ru bytu za konkurenceschopnou cenu v Charkov\u011b.<\/p>\n","protected":false},"excerpt":{"rendered":"<p>Bez ohledu na rozlohu bytu, jeho <a class=\"continue_link\" href=\"https:\/\/asart.com.ua\/cs\/dizajn-kvartir\/sovremennyx\/\">\u0427\u0438\u0442\u0430\u0442\u044c \u0434\u0430\u043b\u0435\u0435 >><\/a><\/p>\n","protected":false},"author":6,"featured_media":0,"parent":17992,"menu_order":0,"comment_status":"closed","ping_status":"closed","template":"","meta":{"footnotes":""},"acf":[],"aioseo_notices":[],"_links":{"self":[{"href":"https:\/\/asart.com.ua\/cs\/wp-json\/wp\/v2\/pages\/18252"}],"collection":[{"href":"https:\/\/asart.com.ua\/cs\/wp-json\/wp\/v2\/pages"}],"about":[{"href":"https:\/\/asart.com.ua\/cs\/wp-json\/wp\/v2\/types\/page"}],"author":[{"embeddable":true,"href":"https:\/\/asart.com.ua\/cs\/wp-json\/wp\/v2\/users\/6"}],"replies":[{"embeddable":true,"href":"https:\/\/asart.com.ua\/cs\/wp-json\/wp\/v2\/comments?post=18252"}],"version-history":[{"count":1,"href":"https:\/\/asart.com.ua\/cs\/wp-json\/wp\/v2\/pages\/18252\/revisions"}],"predecessor-version":[{"id":18255,"href":"https:\/\/asart.com.ua\/cs\/wp-json\/wp\/v2\/pages\/18252\/revisions\/18255"}],"up":[{"embeddable":true,"href":"https:\/\/asart.com.ua\/cs\/wp-json\/wp\/v2\/pages\/17992"}],"wp:attachment":[{"href":"https:\/\/asart.com.ua\/cs\/wp-json\/wp\/v2\/media?parent=18252"}],"curies":[{"name":"wp","href":"https:\/\/api.w.org\/{rel}","templated":true}]}}