{"id":18246,"date":"2017-06-05T23:51:38","date_gmt":"2017-06-05T20:51:38","guid":{"rendered":"https:\/\/asart.com.ua\/dizajn-kvartir\/proekty-elitnyx\/"},"modified":"2023-11-27T15:45:50","modified_gmt":"2023-11-27T12:45:50","slug":"proekty-elitnyx","status":"publish","type":"page","link":"https:\/\/asart.com.ua\/cs\/dizajn-kvartir\/proekty-elitnyx\/","title":{"rendered":"Designov\u00e9 projekty luxusn\u00edch byt\u016f"},"content":{"rendered":"<p>Luxusn\u00ed bydlen\u00ed je velmi obl\u00edben\u00e9 v Kyjev\u011b, Charkov\u011b a dal\u0161\u00edch m\u011bstech Ukrajiny. A to nen\u00ed p\u0159ekvapiv\u00e9, proto\u017ee mnoho <strong>obyvatel chce bydlet v kr\u00e1sn\u00fdch a jedine\u010dn\u00fdch prostor\u00e1ch, s maxim\u00e1ln\u00edm komfortem a vybavenost\u00ed<\/strong> . N\u00e1kup takov\u00e9ho bytu nebude obt\u00ed\u017en\u00fd, ale bez v\u00fdvoje a realizace unik\u00e1tn\u00edho projektu interi\u00e9rov\u00e9ho designu se neobejdete. Vzhledem k tomu, \u017ee se jedn\u00e1 o luxusn\u00ed bydlen\u00ed, m\u011bli byste si objednat designov\u00e9 slu\u017eby pouze od profesion\u00e1l\u016f. <img loading=\"lazy\" decoding=\"async\" class=\"aligncenter wp-image-5262 size-full colorbox-18246\" src=\"https:\/\/asart.com.ua\/wp-content\/uploads\/2017\/03\/Kuhnya-studiya-3watermark.jpg\" alt=\"Designov\u00e9 projekty luxusn\u00edch byt\u016f\" width=\"1000\" height=\"750\" \/><img loading=\"lazy\" decoding=\"async\" class=\"aligncenter wp-image-5173 size-full colorbox-18246\" src=\"https:\/\/asart.com.ua\/wp-content\/uploads\/2017\/01\/Dizayn-interera-kuhni-studii-4watermark.jpg\" alt=\"Designov\u00fd projekt luxusn\u00edch byt\u016f\" width=\"1000\" height=\"667\" srcset=\"https:\/\/asart.com.ua\/wp-content\/uploads\/2017\/01\/Dizayn-interera-kuhni-studii-4watermark.jpg 1000w, https:\/\/asart.com.ua\/wp-content\/uploads\/2017\/01\/Dizayn-interera-kuhni-studii-4watermark-300x200.jpg 300w, https:\/\/asart.com.ua\/wp-content\/uploads\/2017\/01\/Dizayn-interera-kuhni-studii-4watermark-768x512.jpg 768w, https:\/\/asart.com.ua\/wp-content\/uploads\/2017\/01\/Dizayn-interera-kuhni-studii-4watermark-240x160.jpg 240w\" sizes=\"(max-width: 1000px) 100vw, 1000px\" \/><img loading=\"lazy\" decoding=\"async\" class=\"aligncenter wp-image-4326 size-full colorbox-18246\" src=\"https:\/\/asart.com.ua\/wp-content\/uploads\/2016\/03\/Kuhnya-studiya-3watermark2.jpg\" alt=\"Designov\u00fd projekt luxusn\u00edho bytu\" width=\"1000\" height=\"750\" \/><img loading=\"lazy\" decoding=\"async\" class=\"aligncenter wp-image-4431 size-full colorbox-18246\" src=\"https:\/\/asart.com.ua\/wp-content\/uploads\/2016\/03\/Komnata-1watermark.jpg\" alt=\"Designov\u00fd projekt pro luxusn\u00ed byty\" width=\"1000\" height=\"750\" srcset=\"https:\/\/asart.com.ua\/wp-content\/uploads\/2016\/03\/Komnata-1watermark.jpg 1000w, https:\/\/asart.com.ua\/wp-content\/uploads\/2016\/03\/Komnata-1watermark-300x225.jpg 300w, https:\/\/asart.com.ua\/wp-content\/uploads\/2016\/03\/Komnata-1watermark-768x576.jpg 768w, https:\/\/asart.com.ua\/wp-content\/uploads\/2016\/03\/Komnata-1watermark-160x120.jpg 160w, https:\/\/asart.com.ua\/wp-content\/uploads\/2016\/03\/Komnata-1watermark-289x217.jpg 289w\" sizes=\"(max-width: 1000px) 100vw, 1000px\" \/><\/p>\n<h2> Profesion\u00e1ln\u00ed, exkluzivn\u00ed, luxusn\u00ed.<\/h2>\n<p> Na\u0161e studio se specializuje na tvorbu a realizaci designov\u00fdch projekt\u016f luxusn\u00edch byt\u016f. Na\u0161im z\u00e1kazn\u00edk\u016fm z Kyjeva, Charkova a dal\u0161\u00edch m\u011bst nab\u00edz\u00edme:<\/p>\n<ul>\n<li> exkluzivn\u00ed designov\u00e9 n\u00e1pady<\/li>\n<li> modern\u00ed styly<\/li>\n<li> zaj\u00edmav\u00e1 barevn\u00e1 \u0159e\u0161en\u00ed<\/li>\n<li> p\u0159ijateln\u00e9 ceny<\/li>\n<\/ul>\n<p> Pro design\u00e9ra studia AS-Design nez\u00e1le\u017e\u00ed na plo\u0161e m\u00edstnosti, jej\u00edm uspo\u0159\u00e1d\u00e1n\u00ed, po\u010dtu m\u00edstnost\u00ed a jejich um\u00edst\u011bn\u00ed. Maj\u00ed bohat\u00e9 zku\u0161enosti s prac\u00ed s drah\u00fdmi oprav\u00e1rensk\u00fdmi a dokon\u010dovac\u00edmi materi\u00e1ly, stejn\u011b jako exkluzivn\u00edm n\u00e1bytkem a dopl\u0148ky.<\/p>\n<p> Vypracov\u00e1n\u00ed designov\u00e9ho projektu elitn\u00edho bytu za\u010d\u00edn\u00e1 prohl\u00eddkou prostor, posouzen\u00edm jejich stavu a vyjasn\u011bn\u00edm va\u0161ich p\u0159\u00e1n\u00ed a po\u017eadavk\u016f ohledn\u011b projek\u010dn\u00ed pr\u00e1ce. Spole\u010dn\u011b s design\u00e9rem vyberete nejvhodn\u011bj\u0161\u00ed styl a barevn\u00e9 sch\u00e9ma. Stoj\u00ed za zm\u00ednku, \u017ee v\u00e1\u0161 domov m\u016f\u017ee b\u00fdt vyzdoben v jednom stylu nebo n\u011bkolika stylov\u00fdch sm\u011brech, kter\u00e9 n\u00e1vrh\u00e1\u0159 harmonicky kombinuje. To plat\u00ed i pro barevn\u00e9 \u0159e\u0161en\u00ed. Bez ohledu na zvolen\u00fd styl a barvu pro v\u00e1s na\u0161e studio vyvine:<\/p>\n<ul>\n<li> unik\u00e1tn\u00ed<\/li>\n<li> v\u00fdhradn\u00ed<\/li>\n<li> luxusn\u00ed<\/li>\n<li> unik\u00e1tn\u00ed<\/li>\n<\/ul>\n<p> Projekt interi\u00e9rov\u00e9ho designu pro elitn\u00ed byt. Vzhledem k tomu, \u017ee projek\u010dn\u00ed pr\u00e1ce budou prov\u00e1d\u011bny na vysok\u00e9 \u00farovni, bude v\u0161e promy\u0161leno do nejmen\u0161\u00edch detail\u016f. Ka\u017ed\u00fd metr obytn\u00e9 plochy bude nejen kr\u00e1sn\u00fd, ale i funk\u010dn\u00ed. Design\u00e9r ateli\u00e9ru tak\u00e9 vybere drah\u00e9 materi\u00e1ly, exkluzivn\u00ed n\u00e1bytek a designov\u00e9 dopl\u0148ky pro renovaci a v\u00fdzdobu prostor. <a href=\"https:\/\/asart.com.ua\/wp-content\/uploads\/2018\/08\/watermark-9-1.jpg\"><img loading=\"lazy\" decoding=\"async\" class=\"aligncenter size-full wp-image-6462 colorbox-18246\" src=\"https:\/\/asart.com.ua\/wp-content\/uploads\/2018\/08\/watermark-9-1.jpg\" alt=\"\" width=\"1000\" height=\"750\" srcset=\"https:\/\/asart.com.ua\/wp-content\/uploads\/2018\/08\/watermark-9-1.jpg 1000w, https:\/\/asart.com.ua\/wp-content\/uploads\/2018\/08\/watermark-9-1-300x225.jpg 300w, https:\/\/asart.com.ua\/wp-content\/uploads\/2018\/08\/watermark-9-1-768x576.jpg 768w, https:\/\/asart.com.ua\/wp-content\/uploads\/2018\/08\/watermark-9-1-160x120.jpg 160w, https:\/\/asart.com.ua\/wp-content\/uploads\/2018\/08\/watermark-9-1-289x217.jpg 289w\" sizes=\"(max-width: 1000px) 100vw, 1000px\" \/><\/a> <a href=\"https:\/\/asart.com.ua\/wp-content\/uploads\/2018\/08\/watermark-13-1.jpg\"><img loading=\"lazy\" decoding=\"async\" class=\"aligncenter size-full wp-image-6470 colorbox-18246\" src=\"https:\/\/asart.com.ua\/wp-content\/uploads\/2018\/08\/watermark-13-1.jpg\" alt=\"\" width=\"1000\" height=\"750\" srcset=\"https:\/\/asart.com.ua\/wp-content\/uploads\/2018\/08\/watermark-13-1.jpg 1000w, https:\/\/asart.com.ua\/wp-content\/uploads\/2018\/08\/watermark-13-1-300x225.jpg 300w, https:\/\/asart.com.ua\/wp-content\/uploads\/2018\/08\/watermark-13-1-768x576.jpg 768w, https:\/\/asart.com.ua\/wp-content\/uploads\/2018\/08\/watermark-13-1-160x120.jpg 160w, https:\/\/asart.com.ua\/wp-content\/uploads\/2018\/08\/watermark-13-1-289x217.jpg 289w\" sizes=\"(max-width: 1000px) 100vw, 1000px\" \/><\/a> <a href=\"https:\/\/asart.com.ua\/wp-content\/uploads\/2018\/08\/watermark-15-1.jpg\"><img loading=\"lazy\" decoding=\"async\" class=\"aligncenter size-full wp-image-6474 colorbox-18246\" src=\"https:\/\/asart.com.ua\/wp-content\/uploads\/2018\/08\/watermark-15-1.jpg\" alt=\"\" width=\"1000\" height=\"750\" srcset=\"https:\/\/asart.com.ua\/wp-content\/uploads\/2018\/08\/watermark-15-1.jpg 1000w, https:\/\/asart.com.ua\/wp-content\/uploads\/2018\/08\/watermark-15-1-300x225.jpg 300w, https:\/\/asart.com.ua\/wp-content\/uploads\/2018\/08\/watermark-15-1-768x576.jpg 768w, https:\/\/asart.com.ua\/wp-content\/uploads\/2018\/08\/watermark-15-1-160x120.jpg 160w, https:\/\/asart.com.ua\/wp-content\/uploads\/2018\/08\/watermark-15-1-289x217.jpg 289w\" sizes=\"(max-width: 1000px) 100vw, 1000px\" \/><\/a> <a href=\"https:\/\/asart.com.ua\/wp-content\/uploads\/2018\/11\/Dizayn-kvartiryi-15watermark.jpg\"><img loading=\"lazy\" decoding=\"async\" class=\"aligncenter size-full wp-image-6730 colorbox-18246\" src=\"https:\/\/asart.com.ua\/wp-content\/uploads\/2018\/11\/Dizayn-kvartiryi-15watermark.jpg\" alt=\"\" width=\"1000\" height=\"750\" srcset=\"https:\/\/asart.com.ua\/wp-content\/uploads\/2018\/11\/Dizayn-kvartiryi-15watermark.jpg 1000w, https:\/\/asart.com.ua\/wp-content\/uploads\/2018\/11\/Dizayn-kvartiryi-15watermark-300x225.jpg 300w, https:\/\/asart.com.ua\/wp-content\/uploads\/2018\/11\/Dizayn-kvartiryi-15watermark-768x576.jpg 768w, https:\/\/asart.com.ua\/wp-content\/uploads\/2018\/11\/Dizayn-kvartiryi-15watermark-160x120.jpg 160w, https:\/\/asart.com.ua\/wp-content\/uploads\/2018\/11\/Dizayn-kvartiryi-15watermark-289x217.jpg 289w\" sizes=\"(max-width: 1000px) 100vw, 1000px\" \/><\/a> <a href=\"https:\/\/asart.com.ua\/wp-content\/uploads\/2018\/11\/Dizayn-kvartiryi-12watermark.jpg\"><img loading=\"lazy\" decoding=\"async\" class=\"aligncenter size-full wp-image-6724 colorbox-18246\" src=\"https:\/\/asart.com.ua\/wp-content\/uploads\/2018\/11\/Dizayn-kvartiryi-12watermark.jpg\" alt=\"\" width=\"1000\" height=\"750\" srcset=\"https:\/\/asart.com.ua\/wp-content\/uploads\/2018\/11\/Dizayn-kvartiryi-12watermark.jpg 1000w, https:\/\/asart.com.ua\/wp-content\/uploads\/2018\/11\/Dizayn-kvartiryi-12watermark-300x225.jpg 300w, https:\/\/asart.com.ua\/wp-content\/uploads\/2018\/11\/Dizayn-kvartiryi-12watermark-768x576.jpg 768w, https:\/\/asart.com.ua\/wp-content\/uploads\/2018\/11\/Dizayn-kvartiryi-12watermark-160x120.jpg 160w, https:\/\/asart.com.ua\/wp-content\/uploads\/2018\/11\/Dizayn-kvartiryi-12watermark-289x217.jpg 289w\" sizes=\"(max-width: 1000px) 100vw, 1000px\" \/><\/a><\/p>\n<h3> P\u0159edb\u011b\u017en\u00e1 vizualizace m\u00edstnosti.<\/h3>\n<p> Krom\u011b vypracov\u00e1n\u00ed projektu designu interi\u00e9ru pro elitn\u00ed byt v na\u0161em studiu si m\u016f\u017eete objednat tak\u00e9 vizualiza\u010dn\u00ed slu\u017eby. <em>Vizualizace V\u00e1m umo\u017en\u00ed vid\u011bt, jak bude m\u00edstnost vypadat po dokon\u010den\u00ed rekonstrukce a projek\u010dn\u00edch prac\u00ed<\/em> . V t\u00e9to f\u00e1zi m\u016f\u017eete prov\u00e1d\u011bt zm\u011bny a \u00fapravy.<\/p>\n<p> AS-Design Studio vytvo\u0159\u00ed exkluzivn\u00ed, luxusn\u00ed a jedine\u010dn\u00fd projekt interi\u00e9rov\u00e9ho designu pro elitn\u00ed byt speci\u00e1ln\u011b pro v\u00e1s za nejlep\u0161\u00ed cenu pro Kyjev a Charkov. Ve\u0161ker\u00e9 projek\u010dn\u00ed pr\u00e1ce budou provedeny kvalitn\u011b a v dohodnut\u00e9m term\u00ednu.<\/p>\n","protected":false},"excerpt":{"rendered":"<p>Luxusn\u00ed bydlen\u00ed je velmi obl\u00edben\u00e9 v <a class=\"continue_link\" href=\"https:\/\/asart.com.ua\/cs\/dizajn-kvartir\/proekty-elitnyx\/\">\u0427\u0438\u0442\u0430\u0442\u044c \u0434\u0430\u043b\u0435\u0435 >><\/a><\/p>\n","protected":false},"author":6,"featured_media":0,"parent":17992,"menu_order":0,"comment_status":"closed","ping_status":"closed","template":"","meta":{"footnotes":""},"acf":[],"aioseo_notices":[],"_links":{"self":[{"href":"https:\/\/asart.com.ua\/cs\/wp-json\/wp\/v2\/pages\/18246"}],"collection":[{"href":"https:\/\/asart.com.ua\/cs\/wp-json\/wp\/v2\/pages"}],"about":[{"href":"https:\/\/asart.com.ua\/cs\/wp-json\/wp\/v2\/types\/page"}],"author":[{"embeddable":true,"href":"https:\/\/asart.com.ua\/cs\/wp-json\/wp\/v2\/users\/6"}],"replies":[{"embeddable":true,"href":"https:\/\/asart.com.ua\/cs\/wp-json\/wp\/v2\/comments?post=18246"}],"version-history":[{"count":1,"href":"https:\/\/asart.com.ua\/cs\/wp-json\/wp\/v2\/pages\/18246\/revisions"}],"predecessor-version":[{"id":18249,"href":"https:\/\/asart.com.ua\/cs\/wp-json\/wp\/v2\/pages\/18246\/revisions\/18249"}],"up":[{"embeddable":true,"href":"https:\/\/asart.com.ua\/cs\/wp-json\/wp\/v2\/pages\/17992"}],"wp:attachment":[{"href":"https:\/\/asart.com.ua\/cs\/wp-json\/wp\/v2\/media?parent=18246"}],"curies":[{"name":"wp","href":"https:\/\/api.w.org\/{rel}","templated":true}]}}