{"id":18240,"date":"2016-06-15T16:31:01","date_gmt":"2016-06-15T13:31:01","guid":{"rendered":"https:\/\/asart.com.ua\/dizajn-kvartir\/dizajn-proekt-kvartiry\/"},"modified":"2023-11-27T15:58:50","modified_gmt":"2023-11-27T12:58:50","slug":"dizajn-proekt-kvartiry","status":"publish","type":"page","link":"https:\/\/asart.com.ua\/cs\/dizajn-kvartir\/dizajn-proekt-kvartiry\/","title":{"rendered":"Designov\u00fd projekt pro byt v Charkov\u011b"},"content":{"rendered":"<p>Na\u0161e studio v Charkov\u011b nab\u00edz\u00ed profesion\u00e1ln\u00ed slu\u017eby pro v\u00fdvoj projekt\u016f bytov\u00e9ho designu. Na\u0161im klient\u016fm nab\u00edz\u00edme:<\/p>\n<ul>\n<li> exkluzivn\u00ed n\u00e1pady<\/li>\n<li> p\u0159ijateln\u00e9 ceny<\/li>\n<li> rychl\u00e9 obratov\u00e9 \u010dasy<\/li>\n<\/ul>\n<p> <a href=\"https:\/\/asart.com.ua\/wp-content\/uploads\/2019\/02\/Interer-kuhni-studii-2-1-2watermark-.jpg\"><img loading=\"lazy\" decoding=\"async\" class=\"aligncenter size-full wp-image-6939 colorbox-18240\" src=\"https:\/\/asart.com.ua\/wp-content\/uploads\/2019\/02\/Interer-kuhni-studii-2-1-2watermark-.jpg\" alt=\"\" width=\"1000\" height=\"667\" srcset=\"https:\/\/asart.com.ua\/wp-content\/uploads\/2019\/02\/Interer-kuhni-studii-2-1-2watermark-.jpg 1000w, https:\/\/asart.com.ua\/wp-content\/uploads\/2019\/02\/Interer-kuhni-studii-2-1-2watermark--300x200.jpg 300w, https:\/\/asart.com.ua\/wp-content\/uploads\/2019\/02\/Interer-kuhni-studii-2-1-2watermark--768x512.jpg 768w, https:\/\/asart.com.ua\/wp-content\/uploads\/2019\/02\/Interer-kuhni-studii-2-1-2watermark--240x160.jpg 240w\" sizes=\"(max-width: 1000px) 100vw, 1000px\" \/><\/a><\/p>\n<p><a href=\"https:\/\/asart.com.ua\/wp-content\/uploads\/2019\/02\/Interer-kuhni-studii-2-1-14watermark-.jpg\"><img loading=\"lazy\" decoding=\"async\" class=\"aligncenter size-full wp-image-6965 colorbox-18240\" src=\"https:\/\/asart.com.ua\/wp-content\/uploads\/2019\/02\/Interer-kuhni-studii-2-1-14watermark-.jpg\" alt=\"\" width=\"1000\" height=\"667\" srcset=\"https:\/\/asart.com.ua\/wp-content\/uploads\/2019\/02\/Interer-kuhni-studii-2-1-14watermark-.jpg 1000w, https:\/\/asart.com.ua\/wp-content\/uploads\/2019\/02\/Interer-kuhni-studii-2-1-14watermark--300x200.jpg 300w, https:\/\/asart.com.ua\/wp-content\/uploads\/2019\/02\/Interer-kuhni-studii-2-1-14watermark--768x512.jpg 768w, https:\/\/asart.com.ua\/wp-content\/uploads\/2019\/02\/Interer-kuhni-studii-2-1-14watermark--240x160.jpg 240w\" sizes=\"(max-width: 1000px) 100vw, 1000px\" \/><\/a><\/p>\n<p> <a href=\"https:\/\/asart.com.ua\/wp-content\/uploads\/2019\/02\/Interer-kuhni-studii-2-1-9watermark-.jpg\"><img loading=\"lazy\" decoding=\"async\" class=\"aligncenter size-full wp-image-6943 colorbox-18240\" src=\"https:\/\/asart.com.ua\/wp-content\/uploads\/2019\/02\/Interer-kuhni-studii-2-1-9watermark-.jpg\" alt=\"\" width=\"1000\" height=\"667\" srcset=\"https:\/\/asart.com.ua\/wp-content\/uploads\/2019\/02\/Interer-kuhni-studii-2-1-9watermark-.jpg 1000w, https:\/\/asart.com.ua\/wp-content\/uploads\/2019\/02\/Interer-kuhni-studii-2-1-9watermark--300x200.jpg 300w, https:\/\/asart.com.ua\/wp-content\/uploads\/2019\/02\/Interer-kuhni-studii-2-1-9watermark--768x512.jpg 768w, https:\/\/asart.com.ua\/wp-content\/uploads\/2019\/02\/Interer-kuhni-studii-2-1-9watermark--240x160.jpg 240w\" sizes=\"(max-width: 1000px) 100vw, 1000px\" \/><\/a><\/p>\n<p> <a href=\"https:\/\/asart.com.ua\/wp-content\/uploads\/2019\/02\/Interer-domashnego-kabineta-dlya-dvoih-6watermark-.jpg\"><img loading=\"lazy\" decoding=\"async\" class=\"aligncenter size-full wp-image-6995 colorbox-18240\" src=\"https:\/\/asart.com.ua\/wp-content\/uploads\/2019\/02\/Interer-domashnego-kabineta-dlya-dvoih-6watermark-.jpg\" alt=\"\" width=\"1000\" height=\"667\" srcset=\"https:\/\/asart.com.ua\/wp-content\/uploads\/2019\/02\/Interer-domashnego-kabineta-dlya-dvoih-6watermark-.jpg 1000w, https:\/\/asart.com.ua\/wp-content\/uploads\/2019\/02\/Interer-domashnego-kabineta-dlya-dvoih-6watermark--300x200.jpg 300w, https:\/\/asart.com.ua\/wp-content\/uploads\/2019\/02\/Interer-domashnego-kabineta-dlya-dvoih-6watermark--768x512.jpg 768w, https:\/\/asart.com.ua\/wp-content\/uploads\/2019\/02\/Interer-domashnego-kabineta-dlya-dvoih-6watermark--240x160.jpg 240w\" sizes=\"(max-width: 1000px) 100vw, 1000px\" \/><\/a><\/p>\n<p> <a href=\"https:\/\/asart.com.ua\/wp-content\/uploads\/2019\/02\/Interer-domashnego-kabineta-dlya-dvoih-1watermark-.jpg\"><img loading=\"lazy\" decoding=\"async\" class=\"aligncenter size-full wp-image-6985 colorbox-18240\" src=\"https:\/\/asart.com.ua\/wp-content\/uploads\/2019\/02\/Interer-domashnego-kabineta-dlya-dvoih-1watermark-.jpg\" alt=\"\" width=\"1000\" height=\"667\" srcset=\"https:\/\/asart.com.ua\/wp-content\/uploads\/2019\/02\/Interer-domashnego-kabineta-dlya-dvoih-1watermark-.jpg 1000w, https:\/\/asart.com.ua\/wp-content\/uploads\/2019\/02\/Interer-domashnego-kabineta-dlya-dvoih-1watermark--300x200.jpg 300w, https:\/\/asart.com.ua\/wp-content\/uploads\/2019\/02\/Interer-domashnego-kabineta-dlya-dvoih-1watermark--768x512.jpg 768w, https:\/\/asart.com.ua\/wp-content\/uploads\/2019\/02\/Interer-domashnego-kabineta-dlya-dvoih-1watermark--240x160.jpg 240w\" sizes=\"(max-width: 1000px) 100vw, 1000px\" \/><\/a> <a href=\"https:\/\/asart.com.ua\/wp-content\/uploads\/2019\/02\/Interer-domashnego-kabineta-dlya-dvoih-2watermark-.jpg\"><img loading=\"lazy\" decoding=\"async\" class=\"aligncenter size-full wp-image-6987 colorbox-18240\" src=\"https:\/\/asart.com.ua\/wp-content\/uploads\/2019\/02\/Interer-domashnego-kabineta-dlya-dvoih-2watermark-.jpg\" alt=\"\" width=\"1000\" height=\"667\" srcset=\"https:\/\/asart.com.ua\/wp-content\/uploads\/2019\/02\/Interer-domashnego-kabineta-dlya-dvoih-2watermark-.jpg 1000w, https:\/\/asart.com.ua\/wp-content\/uploads\/2019\/02\/Interer-domashnego-kabineta-dlya-dvoih-2watermark--300x200.jpg 300w, https:\/\/asart.com.ua\/wp-content\/uploads\/2019\/02\/Interer-domashnego-kabineta-dlya-dvoih-2watermark--768x512.jpg 768w, https:\/\/asart.com.ua\/wp-content\/uploads\/2019\/02\/Interer-domashnego-kabineta-dlya-dvoih-2watermark--240x160.jpg 240w\" sizes=\"(max-width: 1000px) 100vw, 1000px\" \/><\/a><\/p>\n<h2> Jedine\u010dn\u00e9 designov\u00e9 n\u00e1pady.<\/h2>\n<p> Design\u00e9\u0159i studia vytvo\u0159\u00ed v jak\u00e9koli m\u00edstnosti v Charkov\u011b, bez ohledu na jej\u00ed velikost a stav:<\/p>\n<ul>\n<li> \u00fatulnost<\/li>\n<li> harmonie<\/li>\n<li> teplo<\/li>\n<\/ul>\n<p> Vypracov\u00e1n\u00ed projektu interi\u00e9rov\u00e9ho designu je nezbytn\u00e9 jak pro nov\u00e9, nov\u011b postaven\u00e9 byty, tak pro byty, kde \u017eili mnoho let a rozhodli se rekonstruovat. Designov\u00e9 pr\u00e1ce <strong>pom\u00e1haj\u00ed roz\u0161i\u0159ovat mal\u00e9 plochy, prov\u00e1d\u011bt spr\u00e1vn\u00e9 z\u00f3nov\u00e1n\u00ed velk\u00fdch ploch, m\u011bnit uspo\u0159\u00e1d\u00e1n\u00ed, kombinovat nebo odd\u011blovat m\u00edstnosti a tak\u00e9 vytv\u00e1\u0159et kr\u00e1su a pohodl\u00ed ve va\u0161em dom\u011b<\/strong> .<\/p>\n<p> Pro vytvo\u0159en\u00ed individu\u00e1ln\u00edho projektu interi\u00e9rov\u00e9ho designu se na\u0161i design\u00e9\u0159i setkaj\u00ed s klientem v byt\u011b, kde budou provedeny designov\u00e9 a renova\u010dn\u00ed pr\u00e1ce. Po prohl\u00eddce prostor a proveden\u00ed pot\u0159ebn\u00fdch m\u011b\u0159en\u00ed specialista zjist\u00ed va\u0161e p\u0159\u00e1n\u00ed a p\u0159edstavy t\u00fdkaj\u00edc\u00ed se vzhledu domova. Zjist\u00ed tak\u00e9 va\u0161e preference ohledn\u011b stylu a barvy. Dohodn\u011bte se na zm\u011bn\u011b st\u00e1vaj\u00edc\u00edho rozvr\u017een\u00ed. M\u016f\u017eete si vybrat jak\u00fdkoli styl, nejobl\u00edben\u011bj\u0161\u00ed: klasick\u00fd, modern\u00ed, minimalismus, loft, hi-tech, modern\u00ed.<\/p>\n<h3> Sv\u011btl\u00e9 a stylov\u00e9.<\/h3>\n<p> Ve f\u00e1zi vytv\u00e1\u0159en\u00ed projektu designu bytu v Charkov\u011b v\u00e1m design\u00e9\u0159i studia pomohou vybrat pot\u0159ebn\u00e9 stavebn\u00ed a dokon\u010dovac\u00ed dekorativn\u00ed materi\u00e1ly. Zvl\u00e1\u0161tn\u00ed pozornost mohou v\u011bnovat tak\u00e9 v\u00fdvoji in\u017een\u00fdrsk\u00fdch syst\u00e9m\u016f pro prostory, jako je vyt\u00e1p\u011bn\u00ed, ventilace, kanalizace, osv\u011btlen\u00ed a dal\u0161\u00ed. Vyberte pot\u0159ebn\u00e9 vodovodn\u00ed armatury. Do ka\u017ed\u00e9ho pokoje <em>vyb\u00edrejte modern\u00ed, kompaktn\u00ed a funk\u010dn\u00ed n\u00e1bytek, kter\u00fd bude ladit s vybran\u00fdm a schv\u00e1len\u00fdm stylem a barvou.<\/em><\/p>\n<p> <a href=\"https:\/\/asart.com.ua\/wp-content\/uploads\/2019\/02\/Interer-spalni-8watermark-.jpg\"><img loading=\"lazy\" decoding=\"async\" class=\"aligncenter size-full wp-image-7015 colorbox-18240\" src=\"https:\/\/asart.com.ua\/wp-content\/uploads\/2019\/02\/Interer-spalni-8watermark-.jpg\" alt=\"\" width=\"1000\" height=\"667\" srcset=\"https:\/\/asart.com.ua\/wp-content\/uploads\/2019\/02\/Interer-spalni-8watermark-.jpg 1000w, https:\/\/asart.com.ua\/wp-content\/uploads\/2019\/02\/Interer-spalni-8watermark--300x200.jpg 300w, https:\/\/asart.com.ua\/wp-content\/uploads\/2019\/02\/Interer-spalni-8watermark--768x512.jpg 768w, https:\/\/asart.com.ua\/wp-content\/uploads\/2019\/02\/Interer-spalni-8watermark--240x160.jpg 240w\" sizes=\"(max-width: 1000px) 100vw, 1000px\" \/><\/a><\/p>\n<p> <a href=\"https:\/\/asart.com.ua\/wp-content\/uploads\/2019\/02\/Interer-spalni-1watermark-.jpg\"><img loading=\"lazy\" decoding=\"async\" class=\"aligncenter size-full wp-image-7003 colorbox-18240\" src=\"https:\/\/asart.com.ua\/wp-content\/uploads\/2019\/02\/Interer-spalni-1watermark-.jpg\" alt=\"\" width=\"1000\" height=\"667\" srcset=\"https:\/\/asart.com.ua\/wp-content\/uploads\/2019\/02\/Interer-spalni-1watermark-.jpg 1000w, https:\/\/asart.com.ua\/wp-content\/uploads\/2019\/02\/Interer-spalni-1watermark--300x200.jpg 300w, https:\/\/asart.com.ua\/wp-content\/uploads\/2019\/02\/Interer-spalni-1watermark--768x512.jpg 768w, https:\/\/asart.com.ua\/wp-content\/uploads\/2019\/02\/Interer-spalni-1watermark--240x160.jpg 240w\" sizes=\"(max-width: 1000px) 100vw, 1000px\" \/><\/a><\/p>\n<p><a href=\"https:\/\/asart.com.ua\/wp-content\/uploads\/2019\/02\/Interer-kuhni-studii-2-1-16watermark-.jpg\"><img loading=\"lazy\" decoding=\"async\" class=\"aligncenter size-full wp-image-6955 colorbox-18240\" src=\"https:\/\/asart.com.ua\/wp-content\/uploads\/2019\/02\/Interer-kuhni-studii-2-1-16watermark-.jpg\" alt=\"\" width=\"1000\" height=\"667\" srcset=\"https:\/\/asart.com.ua\/wp-content\/uploads\/2019\/02\/Interer-kuhni-studii-2-1-16watermark-.jpg 1000w, https:\/\/asart.com.ua\/wp-content\/uploads\/2019\/02\/Interer-kuhni-studii-2-1-16watermark--300x200.jpg 300w, https:\/\/asart.com.ua\/wp-content\/uploads\/2019\/02\/Interer-kuhni-studii-2-1-16watermark--768x512.jpg 768w, https:\/\/asart.com.ua\/wp-content\/uploads\/2019\/02\/Interer-kuhni-studii-2-1-16watermark--240x160.jpg 240w\" sizes=\"(max-width: 1000px) 100vw, 1000px\" \/><\/a><\/p>\n<p><a href=\"https:\/\/asart.com.ua\/wp-content\/uploads\/2019\/02\/Interer-kuhni-studii-2-1-10watermark-.jpg\"><img loading=\"lazy\" decoding=\"async\" class=\"aligncenter size-full wp-image-6951 colorbox-18240\" src=\"https:\/\/asart.com.ua\/wp-content\/uploads\/2019\/02\/Interer-kuhni-studii-2-1-10watermark-.jpg\" alt=\"\" width=\"1000\" height=\"667\" srcset=\"https:\/\/asart.com.ua\/wp-content\/uploads\/2019\/02\/Interer-kuhni-studii-2-1-10watermark-.jpg 1000w, https:\/\/asart.com.ua\/wp-content\/uploads\/2019\/02\/Interer-kuhni-studii-2-1-10watermark--300x200.jpg 300w, https:\/\/asart.com.ua\/wp-content\/uploads\/2019\/02\/Interer-kuhni-studii-2-1-10watermark--768x512.jpg 768w, https:\/\/asart.com.ua\/wp-content\/uploads\/2019\/02\/Interer-kuhni-studii-2-1-10watermark--240x160.jpg 240w\" sizes=\"(max-width: 1000px) 100vw, 1000px\" \/><\/a><\/p>\n<p> <a href=\"https:\/\/asart.com.ua\/wp-content\/uploads\/2019\/02\/Interer-kuhni-studii-2-1-8watermark-.jpg\"><img loading=\"lazy\" decoding=\"async\" class=\"aligncenter size-full wp-image-6949 colorbox-18240\" src=\"https:\/\/asart.com.ua\/wp-content\/uploads\/2019\/02\/Interer-kuhni-studii-2-1-8watermark-.jpg\" alt=\"\" width=\"1000\" height=\"667\" srcset=\"https:\/\/asart.com.ua\/wp-content\/uploads\/2019\/02\/Interer-kuhni-studii-2-1-8watermark-.jpg 1000w, https:\/\/asart.com.ua\/wp-content\/uploads\/2019\/02\/Interer-kuhni-studii-2-1-8watermark--300x200.jpg 300w, https:\/\/asart.com.ua\/wp-content\/uploads\/2019\/02\/Interer-kuhni-studii-2-1-8watermark--768x512.jpg 768w, https:\/\/asart.com.ua\/wp-content\/uploads\/2019\/02\/Interer-kuhni-studii-2-1-8watermark--240x160.jpg 240w\" sizes=\"(max-width: 1000px) 100vw, 1000px\" \/><\/a><\/p>\n<p> Design\u00e9\u0159i pro v\u00e1s mohou vytvo\u0159it n\u011bkolik projekt\u016f interi\u00e9rov\u00e9ho designu pro v\u00e1\u0161 byt v Charkov\u011b, mohou b\u00fdt vyrobeny v r\u016fzn\u00fdch stylech a v r\u016fzn\u00fdch barv\u00e1ch. A pomoc\u00ed 3D vizualizace se m\u016f\u017eete pod\u00edvat, jak bude v\u00e1\u0161 domov po realizaci projek\u010dn\u00edch a rekonstruk\u010dn\u00edch prac\u00ed vypadat, a vybrat si pro sebe vhodn\u011bj\u0161\u00ed variantu. Tak\u00e9 3D vizualizace umo\u017e\u0148uje prov\u00e1d\u011bt zm\u011bny.<\/p>\n<p> Na\u0161e studio nab\u00edz\u00ed slu\u017ebu designov\u00e9ho dozoru. To znamen\u00e1, \u017ee projektant spole\u010dnosti bude dohl\u00ed\u017eet na pr\u00e1ci stavebn\u00edho a oprav\u00e1rensk\u00e9ho t\u00fdmu v souladu se schv\u00e1len\u00fdm projektem n\u00e1vrhu interi\u00e9ru pro v\u00e1\u0161 byt v Charkov\u011b. Poskytujeme nejp\u0159ijateln\u011bj\u0161\u00ed ceny pro v\u0161echny designov\u00e9 slu\u017eby.<\/p>\n","protected":false},"excerpt":{"rendered":"<p>Na\u0161e studio v Charkov\u011b nab\u00edz\u00ed profesion\u00e1ln\u00ed <a class=\"continue_link\" href=\"https:\/\/asart.com.ua\/cs\/dizajn-kvartir\/dizajn-proekt-kvartiry\/\">\u0427\u0438\u0442\u0430\u0442\u044c \u0434\u0430\u043b\u0435\u0435 >><\/a><\/p>\n","protected":false},"author":6,"featured_media":0,"parent":17992,"menu_order":0,"comment_status":"closed","ping_status":"closed","template":"","meta":{"footnotes":""},"acf":[],"aioseo_notices":[],"_links":{"self":[{"href":"https:\/\/asart.com.ua\/cs\/wp-json\/wp\/v2\/pages\/18240"}],"collection":[{"href":"https:\/\/asart.com.ua\/cs\/wp-json\/wp\/v2\/pages"}],"about":[{"href":"https:\/\/asart.com.ua\/cs\/wp-json\/wp\/v2\/types\/page"}],"author":[{"embeddable":true,"href":"https:\/\/asart.com.ua\/cs\/wp-json\/wp\/v2\/users\/6"}],"replies":[{"embeddable":true,"href":"https:\/\/asart.com.ua\/cs\/wp-json\/wp\/v2\/comments?post=18240"}],"version-history":[{"count":2,"href":"https:\/\/asart.com.ua\/cs\/wp-json\/wp\/v2\/pages\/18240\/revisions"}],"predecessor-version":[{"id":18693,"href":"https:\/\/asart.com.ua\/cs\/wp-json\/wp\/v2\/pages\/18240\/revisions\/18693"}],"up":[{"embeddable":true,"href":"https:\/\/asart.com.ua\/cs\/wp-json\/wp\/v2\/pages\/17992"}],"wp:attachment":[{"href":"https:\/\/asart.com.ua\/cs\/wp-json\/wp\/v2\/media?parent=18240"}],"curies":[{"name":"wp","href":"https:\/\/api.w.org\/{rel}","templated":true}]}}