{"id":18234,"date":"2017-06-29T15:35:06","date_gmt":"2017-06-29T12:35:06","guid":{"rendered":"https:\/\/asart.com.ua\/dizajn-kvartir\/stile-minimalizm\/"},"modified":"2024-09-17T20:30:56","modified_gmt":"2024-09-17T17:30:56","slug":"stile-minimalizm","status":"publish","type":"page","link":"https:\/\/asart.com.ua\/cs\/dizajn-kvartir\/stile-minimalizm\/","title":{"rendered":"Designov\u00fd projekt byt\u016f, dom\u016f, vil v minimalistick\u00e9m stylu"},"content":{"rendered":"<p>Pokud se rozhodnete objednat vypracov\u00e1n\u00ed projektu bytov\u00e9ho interi\u00e9ru, ale mezi mnoha r\u016fzn\u00fdmi styly je obt\u00ed\u017en\u00e9 vybrat ten nejvhodn\u011bj\u0161\u00ed, mus\u00edte kontaktovat na\u0161e studio. Design\u00e9\u0159i AS-Design vyvinou pro va\u0161e prostory:<\/p>\n<ul>\n<li>unik\u00e1tn\u00ed<\/li>\n<li>unik\u00e1tn\u00ed<\/li>\n<li>modern\u00ed<\/li>\n<li>zaj\u00edmav\u00fd<\/li>\n<\/ul>\n<p>Projekt, d\u00edky kter\u00e9mu bude byt kr\u00e1sn\u00fd a \u00fatuln\u00fd. <strong>Pokud m\u00e1te r\u00e1di neutr\u00e1ln\u00ed barvy, p\u0159\u00edrodn\u00ed materi\u00e1ly, minim\u00e1ln\u00ed dekor, pak by se do va\u0161eho bytu nejv\u00edce hodil<\/strong> minimalistick\u00fd styl. Sm\u011br designu se vyzna\u010duje prostorn\u00fdmi, sv\u011btl\u00fdmi m\u00edstnostmi s mal\u00fdm mno\u017estv\u00edm n\u00e1bytku, dekor\u016f a designov\u00fdch prvk\u016f. <a href=\"https:\/\/asart.com.ua\/wp-content\/uploads\/2023\/07\/kuhnya-studiya-dom-63-18watermark.jpg\"><img loading=\"lazy\" decoding=\"async\" class=\"aligncenter size-full wp-image-10130 colorbox-18234\" src=\"https:\/\/asart.com.ua\/wp-content\/uploads\/2023\/07\/kuhnya-studiya-dom-63-18watermark.jpg\" alt=\"\" width=\"1100\" height=\"600\" srcset=\"https:\/\/asart.com.ua\/wp-content\/uploads\/2023\/07\/kuhnya-studiya-dom-63-18watermark.jpg 1100w, https:\/\/asart.com.ua\/wp-content\/uploads\/2023\/07\/kuhnya-studiya-dom-63-18watermark-300x164.jpg 300w, https:\/\/asart.com.ua\/wp-content\/uploads\/2023\/07\/kuhnya-studiya-dom-63-18watermark-1024x559.jpg 1024w, https:\/\/asart.com.ua\/wp-content\/uploads\/2023\/07\/kuhnya-studiya-dom-63-18watermark-768x419.jpg 768w\" sizes=\"(max-width: 1100px) 100vw, 1100px\" \/><\/a><\/p>\n<p><a href=\"https:\/\/asart.com.ua\/wp-content\/uploads\/2023\/07\/kuhnya-studiya-dom-63-20watermark.jpg\"><img loading=\"lazy\" decoding=\"async\" class=\"aligncenter size-full wp-image-10134 colorbox-18234\" src=\"https:\/\/asart.com.ua\/wp-content\/uploads\/2023\/07\/kuhnya-studiya-dom-63-20watermark.jpg\" alt=\"\" width=\"1100\" height=\"600\" srcset=\"https:\/\/asart.com.ua\/wp-content\/uploads\/2023\/07\/kuhnya-studiya-dom-63-20watermark.jpg 1100w, https:\/\/asart.com.ua\/wp-content\/uploads\/2023\/07\/kuhnya-studiya-dom-63-20watermark-300x164.jpg 300w, https:\/\/asart.com.ua\/wp-content\/uploads\/2023\/07\/kuhnya-studiya-dom-63-20watermark-1024x559.jpg 1024w, https:\/\/asart.com.ua\/wp-content\/uploads\/2023\/07\/kuhnya-studiya-dom-63-20watermark-768x419.jpg 768w\" sizes=\"(max-width: 1100px) 100vw, 1100px\" \/><\/a><a href=\"https:\/\/asart.com.ua\/wp-content\/uploads\/2023\/07\/kuhnya-studiya-dom-63-25watermark-1024x559.jpg\"><img loading=\"lazy\" decoding=\"async\" class=\"aligncenter size-large wp-image-17915 colorbox-18234\" src=\"https:\/\/asart.com.ua\/wp-content\/uploads\/2023\/07\/kuhnya-studiya-dom-63-25watermark-1024x559.jpg\" alt=\"\" width=\"1024\" height=\"559\" srcset=\"https:\/\/asart.com.ua\/wp-content\/uploads\/2023\/07\/kuhnya-studiya-dom-63-25watermark-1024x559.jpg 1024w, https:\/\/asart.com.ua\/wp-content\/uploads\/2023\/07\/kuhnya-studiya-dom-63-25watermark-300x164.jpg 300w, https:\/\/asart.com.ua\/wp-content\/uploads\/2023\/07\/kuhnya-studiya-dom-63-25watermark-768x419.jpg 768w, https:\/\/asart.com.ua\/wp-content\/uploads\/2023\/07\/kuhnya-studiya-dom-63-25watermark.jpg 1100w\" sizes=\"(max-width: 1024px) 100vw, 1024px\" \/><\/a><a href=\"https:\/\/asart.com.ua\/wp-content\/uploads\/2023\/07\/kuhnya-studiya-dom-63-23watermark-1024x559.jpg\"><img loading=\"lazy\" decoding=\"async\" class=\"aligncenter size-large wp-image-17911 colorbox-18234\" src=\"https:\/\/asart.com.ua\/wp-content\/uploads\/2023\/07\/kuhnya-studiya-dom-63-23watermark-1024x559.jpg\" alt=\"\" width=\"1024\" height=\"559\" srcset=\"https:\/\/asart.com.ua\/wp-content\/uploads\/2023\/07\/kuhnya-studiya-dom-63-23watermark-1024x559.jpg 1024w, https:\/\/asart.com.ua\/wp-content\/uploads\/2023\/07\/kuhnya-studiya-dom-63-23watermark-300x164.jpg 300w, https:\/\/asart.com.ua\/wp-content\/uploads\/2023\/07\/kuhnya-studiya-dom-63-23watermark-768x419.jpg 768w, https:\/\/asart.com.ua\/wp-content\/uploads\/2023\/07\/kuhnya-studiya-dom-63-23watermark.jpg 1100w\" sizes=\"(max-width: 1024px) 100vw, 1024px\" \/><\/a><\/p>\n<h2>Prostorn\u00fd pokoj s minimem n\u00e1bytku.<\/h2>\n<p>Interi\u00e9rov\u00fd design v minimalistick\u00e9m stylu ve v\u011bt\u0161in\u011b p\u0159\u00edpad\u016f p\u0159edpokl\u00e1d\u00e1 jeden prostor, to znamen\u00e1, \u017ee v\u0161echny m\u00edstnosti va\u0161eho bytu budou sjednoceny. M\u00edstnost bude rozd\u011blena do funk\u010dn\u00edch oblast\u00ed pomoc\u00ed n\u00e1bytkov\u00fdch prvk\u016f, stejn\u011b jako designov\u00fdch povrchov\u00fdch \u00faprav, sv\u011btla a barev. Krom\u011b voln\u00e9ho prostoru m\u00e1 minimalistick\u00fd interi\u00e9rov\u00fd design n\u00e1sleduj\u00edc\u00ed vlastnosti:<\/p>\n<ul>\n<li>lakonismus forem<\/li>\n<li>p\u0159\u00edrodn\u00ed dokon\u010dovac\u00ed materi\u00e1ly<\/li>\n<li>v\u00edce\u00farov\u0148ov\u00e9 osv\u011btlen\u00ed<\/li>\n<li>geometrick\u00e9 linie<\/li>\n<\/ul>\n<p>Stejn\u011b jako nedostatek dekor\u016f na strop\u011b, st\u011bn\u00e1ch, oknech a pou\u017eit\u00ed sv\u011btl\u00e9 palety barev. Hlavn\u00ed barvou interi\u00e9rov\u00e9ho designu v minimalistick\u00e9m stylu je b\u00edl\u00e1, odli\u0161uje se pomoc\u00ed \u010dern\u00fdch, \u0161ed\u00fdch, b\u00e9\u017eov\u00fdch nebo hn\u011bd\u00fdch odst\u00edn\u016f. Na sch\u016fzce design\u00e9r na\u0161eho studia zjist\u00ed va\u0161e preference ohledn\u011b barev, p\u0159\u00edrodn\u00edch materi\u00e1l\u016f a sv\u00edtidel. Tyto informace budou v maxim\u00e1ln\u00ed mo\u017en\u00e9 m\u00ed\u0159e zohledn\u011bny p\u0159i vytv\u00e1\u0159en\u00ed designov\u00e9ho projektu za nejlep\u0161\u00ed cenu v Charkov\u011b. <a href=\"https:\/\/asart.com.ua\/wp-content\/uploads\/2023\/07\/56-f-8watermark.jpg\"><img loading=\"lazy\" decoding=\"async\" class=\"aligncenter size-full wp-image-10089 colorbox-18234\" src=\"https:\/\/asart.com.ua\/wp-content\/uploads\/2023\/07\/56-f-8watermark.jpg\" alt=\"\" width=\"1100\" height=\"619\" srcset=\"https:\/\/asart.com.ua\/wp-content\/uploads\/2023\/07\/56-f-8watermark.jpg 1100w, https:\/\/asart.com.ua\/wp-content\/uploads\/2023\/07\/56-f-8watermark-300x169.jpg 300w, https:\/\/asart.com.ua\/wp-content\/uploads\/2023\/07\/56-f-8watermark-1024x576.jpg 1024w, https:\/\/asart.com.ua\/wp-content\/uploads\/2023\/07\/56-f-8watermark-768x432.jpg 768w\" sizes=\"(max-width: 1100px) 100vw, 1100px\" \/><\/a><a href=\"https:\/\/asart.com.ua\/wp-content\/uploads\/2023\/07\/56-f-10watermark-1024x576.jpg\"><img loading=\"lazy\" decoding=\"async\" class=\"aligncenter  wp-image-17867 colorbox-18234\" src=\"https:\/\/asart.com.ua\/wp-content\/uploads\/2023\/07\/56-f-10watermark-1024x576.jpg\" alt=\"\" width=\"1095\" height=\"616\" srcset=\"https:\/\/asart.com.ua\/wp-content\/uploads\/2023\/07\/56-f-10watermark-1024x576.jpg 1024w, https:\/\/asart.com.ua\/wp-content\/uploads\/2023\/07\/56-f-10watermark-300x169.jpg 300w, https:\/\/asart.com.ua\/wp-content\/uploads\/2023\/07\/56-f-10watermark-768x432.jpg 768w, https:\/\/asart.com.ua\/wp-content\/uploads\/2023\/07\/56-f-10watermark.jpg 1100w\" sizes=\"(max-width: 1095px) 100vw, 1095px\" \/><\/a><\/p>\n<p>&nbsp;<\/p>\n<h3>P\u0159\u00edrodn\u00ed, hladk\u00e9, lehk\u00e9 materi\u00e1ly.<\/h3>\n<p>Interi\u00e9rov\u00fd design bytu v minimalistick\u00e9m stylu zahrnuje pou\u017eit\u00ed texturovan\u00e9 om\u00edtky nebo jednobarevn\u00e9 tapety pro dekoraci st\u011bn. Pro strop jsou tak\u00e9 vybr\u00e1ny lehk\u00e9, hladk\u00e9 materi\u00e1ly. D\u0159evo, dla\u017eba, parkety mohou b\u00fdt pou\u017eity jako podlaha, v\u0161e z\u00e1vis\u00ed na va\u0161ich preferenc\u00edch vkusu. N\u00e1bytek hraje d\u016fle\u017eitou roli v minimalistick\u00e9m designu interi\u00e9ru. <em>M\u011bl by b\u00fdt tak\u00e9 vyroben z p\u0159\u00edrodn\u00edch, p\u0159\u00edrodn\u00edch materi\u00e1l\u016f, se sv\u011btl\u00fdm \u010daloun\u011bn\u00edm<\/em> . Pou\u017eit\u00ed jasn\u00fdch konstruk\u010dn\u00edch detail\u016f je povoleno. Stoj\u00ed za zm\u00ednku, \u017ee ve v\u011bt\u0161in\u011b p\u0159\u00edpad\u016f se d\u00e1v\u00e1 p\u0159ednost vestav\u011bn\u00e9mu n\u00e1bytku.<\/p>\n<p>AS-Design studio vyv\u00edj\u00ed nejlep\u0161\u00ed projekty interi\u00e9rov\u00e9ho designu pro byty v minimalistick\u00e9m stylu v Charkov\u011b za dostupnou cenu.<\/p>\n","protected":false},"excerpt":{"rendered":"<p>Pokud se rozhodnete objednat vypracov\u00e1n\u00ed projektu <a class=\"continue_link\" href=\"https:\/\/asart.com.ua\/cs\/dizajn-kvartir\/stile-minimalizm\/\">\u0427\u0438\u0442\u0430\u0442\u044c \u0434\u0430\u043b\u0435\u0435 >><\/a><\/p>\n","protected":false},"author":6,"featured_media":0,"parent":17992,"menu_order":0,"comment_status":"closed","ping_status":"closed","template":"","meta":{"footnotes":""},"acf":[],"aioseo_notices":[],"_links":{"self":[{"href":"https:\/\/asart.com.ua\/cs\/wp-json\/wp\/v2\/pages\/18234"}],"collection":[{"href":"https:\/\/asart.com.ua\/cs\/wp-json\/wp\/v2\/pages"}],"about":[{"href":"https:\/\/asart.com.ua\/cs\/wp-json\/wp\/v2\/types\/page"}],"author":[{"embeddable":true,"href":"https:\/\/asart.com.ua\/cs\/wp-json\/wp\/v2\/users\/6"}],"replies":[{"embeddable":true,"href":"https:\/\/asart.com.ua\/cs\/wp-json\/wp\/v2\/comments?post=18234"}],"version-history":[{"count":3,"href":"https:\/\/asart.com.ua\/cs\/wp-json\/wp\/v2\/pages\/18234\/revisions"}],"predecessor-version":[{"id":21086,"href":"https:\/\/asart.com.ua\/cs\/wp-json\/wp\/v2\/pages\/18234\/revisions\/21086"}],"up":[{"embeddable":true,"href":"https:\/\/asart.com.ua\/cs\/wp-json\/wp\/v2\/pages\/17992"}],"wp:attachment":[{"href":"https:\/\/asart.com.ua\/cs\/wp-json\/wp\/v2\/media?parent=18234"}],"curies":[{"name":"wp","href":"https:\/\/api.w.org\/{rel}","templated":true}]}}