{"id":18216,"date":"2016-07-04T18:22:20","date_gmt":"2016-07-04T15:22:20","guid":{"rendered":"https:\/\/asart.com.ua\/dizajn-kvartir\/pod-klyuch\/"},"modified":"2023-11-27T15:17:18","modified_gmt":"2023-11-27T12:17:18","slug":"pod-klyuch","status":"publish","type":"page","link":"https:\/\/asart.com.ua\/cs\/dizajn-kvartir\/pod-klyuch\/","title":{"rendered":"N\u00e1vrh bytu na kl\u00ed\u010d"},"content":{"rendered":"<p>Modern\u00ed renovace bytu se neobejde bez objedn\u00e1n\u00ed v\u00fdvoje interi\u00e9rov\u00e9ho designu prostor. Proto\u017ee prom\u011bn\u00ed ka\u017edou m\u00edstnost, bez ohledu na jej\u00ed stav, na:<\/p>\n<ul>\n<li> Kr\u00e1sn\u00e1<\/li>\n<li> stylov\u00fd<\/li>\n<li> \u00fatuln\u00fd <\/li>\n<\/ul>\n<p><img loading=\"lazy\" decoding=\"async\" class=\"aligncenter wp-image-2505 size-full colorbox-18216\" src=\"https:\/\/asart.com.ua\/wp-content\/uploads\/2014\/01\/DSC0347watermark.jpg\" alt=\"N\u00e1vrh bytu na kl\u00ed\u010d\" width=\"1000\" height=\"667\" srcset=\"https:\/\/asart.com.ua\/wp-content\/uploads\/2014\/01\/DSC0347watermark.jpg 1000w, https:\/\/asart.com.ua\/wp-content\/uploads\/2014\/01\/DSC0347watermark-300x200.jpg 300w, https:\/\/asart.com.ua\/wp-content\/uploads\/2014\/01\/DSC0347watermark-240x160.jpg 240w\" sizes=\"(max-width: 1000px) 100vw, 1000px\" \/><img loading=\"lazy\" decoding=\"async\" class=\"aligncenter wp-image-2503 size-full colorbox-18216\" src=\"https:\/\/asart.com.ua\/wp-content\/uploads\/2014\/01\/DSC0345watermark.jpg\" alt=\"N\u00e1vrh bytu na kl\u00ed\u010d\" width=\"1000\" height=\"667\" srcset=\"https:\/\/asart.com.ua\/wp-content\/uploads\/2014\/01\/DSC0345watermark.jpg 1000w, https:\/\/asart.com.ua\/wp-content\/uploads\/2014\/01\/DSC0345watermark-300x200.jpg 300w, https:\/\/asart.com.ua\/wp-content\/uploads\/2014\/01\/DSC0345watermark-240x160.jpg 240w\" sizes=\"(max-width: 1000px) 100vw, 1000px\" \/><img loading=\"lazy\" decoding=\"async\" class=\"aligncenter wp-image-2499 size-full colorbox-18216\" src=\"https:\/\/asart.com.ua\/wp-content\/uploads\/2014\/01\/DSC0339watermark.jpg\" alt=\"N\u00e1vrh interi\u00e9ru bytu na kl\u00ed\u010d\" width=\"1000\" height=\"667\" srcset=\"https:\/\/asart.com.ua\/wp-content\/uploads\/2014\/01\/DSC0339watermark.jpg 1000w, https:\/\/asart.com.ua\/wp-content\/uploads\/2014\/01\/DSC0339watermark-300x200.jpg 300w, https:\/\/asart.com.ua\/wp-content\/uploads\/2014\/01\/DSC0339watermark-240x160.jpg 240w\" sizes=\"(max-width: 1000px) 100vw, 1000px\" \/><img loading=\"lazy\" decoding=\"async\" class=\"size-full wp-image-2497 aligncenter colorbox-18216\" src=\"https:\/\/asart.com.ua\/wp-content\/uploads\/2014\/01\/DSC0336watermark.jpg\" alt=\"_DSC0336vodoznak\" width=\"1000\" height=\"667\" \/><\/p>\n<h2> Komplexn\u00ed designov\u00e9 slu\u017eby.<\/h2>\n<p> domov, ve kter\u00e9m bude pohodln\u00e9 bydlet a bydlet. Na\u0161e spole\u010dnost m\u00e1 dlouholet\u00e9 zku\u0161enosti s poskytov\u00e1n\u00edm projek\u010dn\u00edch a oprav\u00e1rensk\u00fdch slu\u017eeb na kl\u00ed\u010d za nejlep\u0161\u00ed ceny v Charkov\u011b. Na\u0161i design\u00e9\u0159i p\u0159i sv\u00e9 pr\u00e1ci zohled\u0148uj\u00ed mnoho faktor\u016f, jako jsou: vkus a p\u0159\u00e1n\u00ed z\u00e1kazn\u00edka, jeho z\u00e1jmy a \u017eivotn\u00ed styl, ale i vlastnosti bytu, jeho dispozice a stav. To v\u0161e pom\u016f\u017ee ud\u011blat m\u00edstnost nejen kr\u00e1snou, ale tak\u00e9:<\/p>\n<ul>\n<li> funk\u010dn\u00ed<\/li>\n<li> pohodln\u00e9<\/li>\n<li> praktick\u00fd<\/li>\n<\/ul>\n<p> Profesion\u00e1ln\u00ed design\u00e9\u0159i na\u0161eho studia v\u011bnuj\u00ed zvl\u00e1\u0161tn\u00ed pozornost nejen v\u00fdb\u011bru nejvhodn\u011bj\u0161\u00edho stylu a barevn\u00e9ho sch\u00e9matu m\u00edstnosti, ale tak\u00e9 v\u00fdb\u011bru vysoce kvalitn\u00edch dokon\u010dovac\u00edch a designov\u00fdch materi\u00e1l\u016f. Vytvo\u0159en\u00ed n\u00e1vrhu interi\u00e9ru bytu na kl\u00ed\u010d znamen\u00e1 po\u010d\u00e1te\u010dn\u00ed v\u00fdvoj projektu, kter\u00fd bude zahrnovat pl\u00e1n pr\u00e1ce se stropy, st\u011bnami, podlahami, pr\u00e1ce na demont\u00e1\u017ei nebo instalaci p\u0159\u00ed\u010dek, stejn\u011b jako um\u00edst\u011bn\u00ed elektrik\u00e1\u0159\u016f, sv\u00edtidel a instalat\u00e9rsk\u00fdch prac\u00ed. . Odborn\u00edci v\u00e1m tak\u00e9 pomohou vybrat kvalitn\u00ed a funk\u010dn\u00ed n\u00e1bytek a spr\u00e1vn\u011b jej rozm\u00edstit v m\u00edstnostech.<\/p>\n<p> N\u00e1vrh interi\u00e9ru na kl\u00ed\u010d v\u00e1m pom\u016f\u017ee prom\u011bnit st\u00e1vaj\u00edc\u00ed prostor ve va\u0161em byt\u011b. Pokud je mal\u00fd, roz\u0161i\u0159te jej demont\u00e1\u017e\u00ed nepot\u0159ebn\u00fdch p\u0159\u00ed\u010dek a kombinov\u00e1n\u00edm m\u00edstnost\u00ed. Pokud je plocha velk\u00e1, design\u00e9r ji moud\u0159e rozd\u011bl\u00ed do funk\u010dn\u00edch z\u00f3n. Na\u0161e studio nab\u00edz\u00ed 3D vizualizaci vypracovan\u00e9ho projektu. M\u00e1te tak mo\u017enost vid\u011bt, jak bude v\u00e1\u0161 byt vypadat po rekonstrukci, dokon\u010dovac\u00edch a projek\u010dn\u00edch prac\u00edch. <\/p>\n<p><img loading=\"lazy\" decoding=\"async\" class=\"size-full wp-image-2501 aligncenter colorbox-18216\" src=\"https:\/\/asart.com.ua\/wp-content\/uploads\/2014\/01\/DSC0342watermark.jpg\" alt=\"_DSC0342vodoznak\" width=\"500\" height=\"750\" srcset=\"https:\/\/asart.com.ua\/wp-content\/uploads\/2014\/01\/DSC0342watermark.jpg 500w, https:\/\/asart.com.ua\/wp-content\/uploads\/2014\/01\/DSC0342watermark-200x300.jpg 200w\" sizes=\"(max-width: 500px) 100vw, 500px\" \/><img loading=\"lazy\" decoding=\"async\" class=\"size-full wp-image-2463 aligncenter colorbox-18216\" src=\"https:\/\/asart.com.ua\/wp-content\/uploads\/2014\/01\/DSC0309watermark.jpg\" alt=\"_DSC0309 vodoznak\" width=\"500\" height=\"750\" srcset=\"https:\/\/asart.com.ua\/wp-content\/uploads\/2014\/01\/DSC0309watermark.jpg 500w, https:\/\/asart.com.ua\/wp-content\/uploads\/2014\/01\/DSC0309watermark-200x300.jpg 200w\" sizes=\"(max-width: 500px) 100vw, 500px\" \/> <a href=\"https:\/\/asart.com.ua\/wp-content\/uploads\/2014\/01\/DSC0301watermark.jpg\"><img loading=\"lazy\" decoding=\"async\" class=\"aligncenter size-full wp-image-2459 colorbox-18216\" src=\"https:\/\/asart.com.ua\/wp-content\/uploads\/2014\/01\/DSC0301watermark.jpg\" alt=\"_DSC0301 vodoznak\" width=\"500\" height=\"750\" srcset=\"https:\/\/asart.com.ua\/wp-content\/uploads\/2014\/01\/DSC0301watermark.jpg 500w, https:\/\/asart.com.ua\/wp-content\/uploads\/2014\/01\/DSC0301watermark-200x300.jpg 200w\" sizes=\"(max-width: 500px) 100vw, 500px\" \/><\/a><\/p>\n<h3> 3D vizualizace vypracovan\u00e9ho konstruk\u010dn\u00edho projektu.<\/h3>\n<p> Slu\u017eba 3D vizualizace umo\u017e\u0148uje z\u00e1kazn\u00edkovi prov\u00e1d\u011bt zm\u011bny a \u00fapravy d\u0159\u00edve, ne\u017e \u0159emesln\u00edci za\u010dnou prov\u00e1d\u011bt opravy na kl\u00ed\u010d. \u00dapravy se mohou t\u00fdkat stylu, barvy, designu. V t\u00e9to f\u00e1zi m\u016f\u017eete ve vyvinut\u00e9m designu interi\u00e9ru zm\u011bnit naprosto v\u0161e. N\u00e1vrh bytu na kl\u00ed\u010d zahrnuje i slu\u017eby architektonick\u00e9ho dozoru, kter\u00e9 na\u0161e studio tak\u00e9 poskytuje.<\/p>\n<p> To znamen\u00e1, \u017ee n\u00e1\u0161 odborn\u00fd projektant bude dohl\u00ed\u017eet na realizaci stavebn\u00edch, oprav\u00e1rensk\u00fdch a dokon\u010dovac\u00edch prac\u00ed, dle schv\u00e1len\u00e9ho projektu projektu bytu na kl\u00ed\u010d. Mist\u0159i stavebn\u00edho t\u00fdmu se s n\u00edm mohou poradit a po\u017e\u00e1dat o radu, jak nejl\u00e9pe ten \u010di onen n\u00e1pad uv\u00e9st v \u017eivot. Tato slu\u017eba zaru\u010duje, \u017ee v\u0161echny pr\u00e1ce budou dokon\u010deny efektivn\u011b a v\u010das.<\/p>\n","protected":false},"excerpt":{"rendered":"<p>Modern\u00ed renovace bytu se neobejde bez <a class=\"continue_link\" href=\"https:\/\/asart.com.ua\/cs\/dizajn-kvartir\/pod-klyuch\/\">\u0427\u0438\u0442\u0430\u0442\u044c \u0434\u0430\u043b\u0435\u0435 >><\/a><\/p>\n","protected":false},"author":6,"featured_media":0,"parent":17992,"menu_order":0,"comment_status":"closed","ping_status":"closed","template":"","meta":{"footnotes":""},"acf":[],"aioseo_notices":[],"_links":{"self":[{"href":"https:\/\/asart.com.ua\/cs\/wp-json\/wp\/v2\/pages\/18216"}],"collection":[{"href":"https:\/\/asart.com.ua\/cs\/wp-json\/wp\/v2\/pages"}],"about":[{"href":"https:\/\/asart.com.ua\/cs\/wp-json\/wp\/v2\/types\/page"}],"author":[{"embeddable":true,"href":"https:\/\/asart.com.ua\/cs\/wp-json\/wp\/v2\/users\/6"}],"replies":[{"embeddable":true,"href":"https:\/\/asart.com.ua\/cs\/wp-json\/wp\/v2\/comments?post=18216"}],"version-history":[{"count":1,"href":"https:\/\/asart.com.ua\/cs\/wp-json\/wp\/v2\/pages\/18216\/revisions"}],"predecessor-version":[{"id":18219,"href":"https:\/\/asart.com.ua\/cs\/wp-json\/wp\/v2\/pages\/18216\/revisions\/18219"}],"up":[{"embeddable":true,"href":"https:\/\/asart.com.ua\/cs\/wp-json\/wp\/v2\/pages\/17992"}],"wp:attachment":[{"href":"https:\/\/asart.com.ua\/cs\/wp-json\/wp\/v2\/media?parent=18216"}],"curies":[{"name":"wp","href":"https:\/\/api.w.org\/{rel}","templated":true}]}}