{"id":18210,"date":"2017-06-06T12:47:09","date_gmt":"2017-06-06T09:47:09","guid":{"rendered":"https:\/\/asart.com.ua\/dizajn-kvartir\/stile-xaj-tek\/"},"modified":"2023-11-24T01:17:40","modified_gmt":"2023-11-23T22:17:40","slug":"stile-xaj-tek","status":"publish","type":"page","link":"https:\/\/asart.com.ua\/cs\/dizajn-kvartir\/stile-xaj-tek\/","title":{"rendered":"Design bytu v high-tech stylu"},"content":{"rendered":"<p>Nen\u00ed \u017e\u00e1dn\u00fdm tajemstv\u00edm, \u017ee slovn\u00ed spojen\u00ed hi-tech se p\u0159ekl\u00e1d\u00e1 jako \u0161pi\u010dkov\u00e1 technologie. Pou\u017e\u00edv\u00e1 se nejen k ozna\u010den\u00ed nejnov\u011bj\u0161\u00edch inovac\u00ed v modern\u00ed technologii, ale tak\u00e9 v interi\u00e9rov\u00e9m designu existuje stejnojmenn\u00fd styl. Tento designov\u00fd sm\u011br je velmi popul\u00e1rn\u00ed v Kyjev\u011b, Charkov\u011b a dal\u0161\u00edch regionech Ukrajiny. Hlavn\u00ed rysy jsou:<\/p>\n<p><!--more--><\/p>\n<ul>\n<li> nedostatek dekorac\u00ed a dopl\u0148k\u016f<\/li>\n<li> velk\u00e9 mno\u017estv\u00ed sv\u011bteln\u00fdch zdroj\u016f<\/li>\n<li> pou\u017eit\u00ed multifunk\u010dn\u00edho za\u0159\u00edzen\u00ed<\/li>\n<li> p\u0159\u00edtomnost chromov\u00fdch povrch\u016f<\/li>\n<\/ul>\n<p> Na prvn\u00ed pohled se m\u016f\u017ee zd\u00e1t, \u017ee design high-tech bytu je sp\u00ed\u0161e such\u00fd a studen\u00fd, ale ve skute\u010dnosti tomu tak nen\u00ed. <strong>Je schopen vytvo\u0159it pohodlnou a \u00fatulnou atmosf\u00e9ru v ka\u017ed\u00e9 m\u00edstnosti s pohodln\u00fdm a funk\u010dn\u00edm n\u00e1bytkem<\/strong> . High-tech interi\u00e9r harmonicky kombinuje modern\u00ed prostor s dobr\u00fdm osv\u011btlen\u00edm, stejn\u011b jako jedine\u010dn\u00e9 tvary, barvy, p\u0159edm\u011bty a materi\u00e1ly.<\/p>\n<p> <a href=\"https:\/\/asart.com.ua\/wp-content\/uploads\/2022\/08\/karpenko-foto-001-25watermark.jpg\"><img loading=\"lazy\" decoding=\"async\" class=\"aligncenter size-full wp-image-9416 colorbox-18210\" src=\"https:\/\/asart.com.ua\/wp-content\/uploads\/2022\/08\/karpenko-foto-001-25watermark.jpg\" alt=\"\" width=\"1000\" height=\"667\" srcset=\"https:\/\/asart.com.ua\/wp-content\/uploads\/2022\/08\/karpenko-foto-001-25watermark.jpg 1000w, https:\/\/asart.com.ua\/wp-content\/uploads\/2022\/08\/karpenko-foto-001-25watermark-300x200.jpg 300w, https:\/\/asart.com.ua\/wp-content\/uploads\/2022\/08\/karpenko-foto-001-25watermark-768x512.jpg 768w, https:\/\/asart.com.ua\/wp-content\/uploads\/2022\/08\/karpenko-foto-001-25watermark-240x160.jpg 240w\" sizes=\"(max-width: 1000px) 100vw, 1000px\" \/><\/a><\/p>\n<p> <a href=\"https:\/\/asart.com.ua\/wp-content\/uploads\/2022\/08\/karpenko-foto-001-1watermark.jpg\"><img loading=\"lazy\" decoding=\"async\" class=\"aligncenter size-full wp-image-9380 colorbox-18210\" src=\"https:\/\/asart.com.ua\/wp-content\/uploads\/2022\/08\/karpenko-foto-001-1watermark.jpg\" alt=\"\" width=\"1000\" height=\"667\" srcset=\"https:\/\/asart.com.ua\/wp-content\/uploads\/2022\/08\/karpenko-foto-001-1watermark.jpg 1000w, https:\/\/asart.com.ua\/wp-content\/uploads\/2022\/08\/karpenko-foto-001-1watermark-300x200.jpg 300w, https:\/\/asart.com.ua\/wp-content\/uploads\/2022\/08\/karpenko-foto-001-1watermark-768x512.jpg 768w, https:\/\/asart.com.ua\/wp-content\/uploads\/2022\/08\/karpenko-foto-001-1watermark-240x160.jpg 240w\" sizes=\"(max-width: 1000px) 100vw, 1000px\" \/><\/a> <a href=\"https:\/\/asart.com.ua\/wp-content\/uploads\/2022\/08\/karpenko-foto-001-27watermark.jpg\"><img loading=\"lazy\" decoding=\"async\" class=\"aligncenter size-full wp-image-9420 colorbox-18210\" src=\"https:\/\/asart.com.ua\/wp-content\/uploads\/2022\/08\/karpenko-foto-001-27watermark.jpg\" alt=\"\" width=\"1000\" height=\"667\" srcset=\"https:\/\/asart.com.ua\/wp-content\/uploads\/2022\/08\/karpenko-foto-001-27watermark.jpg 1000w, https:\/\/asart.com.ua\/wp-content\/uploads\/2022\/08\/karpenko-foto-001-27watermark-300x200.jpg 300w, https:\/\/asart.com.ua\/wp-content\/uploads\/2022\/08\/karpenko-foto-001-27watermark-768x512.jpg 768w, https:\/\/asart.com.ua\/wp-content\/uploads\/2022\/08\/karpenko-foto-001-27watermark-240x160.jpg 240w\" sizes=\"(max-width: 1000px) 100vw, 1000px\" \/><\/a><br \/> <a href=\"https:\/\/asart.com.ua\/wp-content\/uploads\/2022\/08\/karpenko-foto-001-20watermark.jpg\"><img loading=\"lazy\" decoding=\"async\" class=\"aligncenter size-full wp-image-9410 colorbox-18210\" src=\"https:\/\/asart.com.ua\/wp-content\/uploads\/2022\/08\/karpenko-foto-001-20watermark.jpg\" alt=\"\" width=\"1000\" height=\"667\" srcset=\"https:\/\/asart.com.ua\/wp-content\/uploads\/2022\/08\/karpenko-foto-001-20watermark.jpg 1000w, https:\/\/asart.com.ua\/wp-content\/uploads\/2022\/08\/karpenko-foto-001-20watermark-300x200.jpg 300w, https:\/\/asart.com.ua\/wp-content\/uploads\/2022\/08\/karpenko-foto-001-20watermark-768x512.jpg 768w, https:\/\/asart.com.ua\/wp-content\/uploads\/2022\/08\/karpenko-foto-001-20watermark-240x160.jpg 240w\" sizes=\"(max-width: 1000px) 100vw, 1000px\" \/><\/a> <a href=\"https:\/\/asart.com.ua\/wp-content\/uploads\/2022\/08\/karpenko-foto-001-10watermark.jpg\"><img loading=\"lazy\" decoding=\"async\" class=\"aligncenter size-full wp-image-9396 colorbox-18210\" src=\"https:\/\/asart.com.ua\/wp-content\/uploads\/2022\/08\/karpenko-foto-001-10watermark.jpg\" alt=\"\" width=\"1000\" height=\"667\" srcset=\"https:\/\/asart.com.ua\/wp-content\/uploads\/2022\/08\/karpenko-foto-001-10watermark.jpg 1000w, https:\/\/asart.com.ua\/wp-content\/uploads\/2022\/08\/karpenko-foto-001-10watermark-300x200.jpg 300w, https:\/\/asart.com.ua\/wp-content\/uploads\/2022\/08\/karpenko-foto-001-10watermark-768x512.jpg 768w, https:\/\/asart.com.ua\/wp-content\/uploads\/2022\/08\/karpenko-foto-001-10watermark-240x160.jpg 240w\" sizes=\"(max-width: 1000px) 100vw, 1000px\" \/><\/a><\/p>\n<h2> \u0160pi\u010dkov\u00e9 technologie a multifunk\u010dn\u00ed za\u0159\u00edzen\u00ed.<\/h2>\n<p> Design\u00e9r na\u0161eho studia vypracuje pro v\u00e1\u0161 byt:<\/p>\n<ul>\n<li> unik\u00e1tn\u00ed<\/li>\n<li> modern\u00ed<\/li>\n<li> zaj\u00edmav\u00fd<\/li>\n<li> funk\u010dn\u00ed<\/li>\n<\/ul>\n<p> Interi\u00e9rov\u00fd design v high-tech stylu s vyu\u017eit\u00edm \u0161pi\u010dkov\u00fdch technologi\u00ed, multifunk\u010dn\u00edch spot\u0159ebi\u010d\u016f a vybaven\u00ed. Neexistuj\u00ed \u017e\u00e1dn\u00e1 p\u0159\u00edsn\u00e1 pravidla pro zdoben\u00ed st\u011bn ve v\u0161ech m\u00edstnostech. Vyberete si materi\u00e1ly, kter\u00e9 se nejv\u00edce hod\u00ed do lo\u017enice, ob\u00fdvac\u00edho pokoje, p\u0159eds\u00edn\u011b, koupelny. M\u016f\u017ee to b\u00fdt dekorativn\u00ed om\u00edtka, plastov\u00e9 panely, r\u016fzn\u00e9 tapety, barvy a st\u011bny mohou b\u00fdt zcela nedokon\u010den\u00e9. V barevn\u00e9m sch\u00e9matu dominuj\u00ed sv\u011btl\u00e9, chladn\u00e9, monochromatick\u00e9 barvy. P\u0159ednost se d\u00e1v\u00e1 b\u00edl\u00e9, \u0161ed\u00e9, b\u00e9\u017eov\u00e9. Ve velk\u00fdch bytech lze pou\u017e\u00edt tmav\u00e9 barvy: \u010dern\u00e1, modr\u00e1, hn\u011bd\u00e1 a dal\u0161\u00ed. <a href=\"https:\/\/asart.com.ua\/wp-content\/uploads\/2021\/02\/foto-marashal-zhukova-001-30watermark-1-1.jpg\"><img loading=\"lazy\" decoding=\"async\" class=\"aligncenter size-full wp-image-9084 colorbox-18210\" src=\"https:\/\/asart.com.ua\/wp-content\/uploads\/2021\/02\/foto-marashal-zhukova-001-30watermark-1-1.jpg\" alt=\"\" width=\"1200\" height=\"800\" srcset=\"https:\/\/asart.com.ua\/wp-content\/uploads\/2021\/02\/foto-marashal-zhukova-001-30watermark-1-1.jpg 1200w, https:\/\/asart.com.ua\/wp-content\/uploads\/2021\/02\/foto-marashal-zhukova-001-30watermark-1-1-300x200.jpg 300w, https:\/\/asart.com.ua\/wp-content\/uploads\/2021\/02\/foto-marashal-zhukova-001-30watermark-1-1-1024x683.jpg 1024w, https:\/\/asart.com.ua\/wp-content\/uploads\/2021\/02\/foto-marashal-zhukova-001-30watermark-1-1-768x512.jpg 768w, https:\/\/asart.com.ua\/wp-content\/uploads\/2021\/02\/foto-marashal-zhukova-001-30watermark-1-1-240x160.jpg 240w\" sizes=\"(max-width: 1200px) 100vw, 1200px\" \/><\/a><\/p>\n<p> <a href=\"https:\/\/asart.com.ua\/wp-content\/uploads\/2021\/02\/foto-marashal-zhukova-001-8watermark-1-1.jpg\"><img loading=\"lazy\" decoding=\"async\" class=\"aligncenter size-full wp-image-9058 colorbox-18210\" src=\"https:\/\/asart.com.ua\/wp-content\/uploads\/2021\/02\/foto-marashal-zhukova-001-8watermark-1-1.jpg\" alt=\"\" width=\"1200\" height=\"800\" srcset=\"https:\/\/asart.com.ua\/wp-content\/uploads\/2021\/02\/foto-marashal-zhukova-001-8watermark-1-1.jpg 1200w, https:\/\/asart.com.ua\/wp-content\/uploads\/2021\/02\/foto-marashal-zhukova-001-8watermark-1-1-300x200.jpg 300w, https:\/\/asart.com.ua\/wp-content\/uploads\/2021\/02\/foto-marashal-zhukova-001-8watermark-1-1-1024x683.jpg 1024w, https:\/\/asart.com.ua\/wp-content\/uploads\/2021\/02\/foto-marashal-zhukova-001-8watermark-1-1-768x512.jpg 768w, https:\/\/asart.com.ua\/wp-content\/uploads\/2021\/02\/foto-marashal-zhukova-001-8watermark-1-1-240x160.jpg 240w\" sizes=\"(max-width: 1200px) 100vw, 1200px\" \/><\/a> <a href=\"https:\/\/asart.com.ua\/wp-content\/uploads\/2021\/02\/foto-marashal-zhukova-001-19watermark-1-1.jpg\"><img loading=\"lazy\" decoding=\"async\" class=\"aligncenter size-full wp-image-9072 colorbox-18210\" src=\"https:\/\/asart.com.ua\/wp-content\/uploads\/2021\/02\/foto-marashal-zhukova-001-19watermark-1-1.jpg\" alt=\"\" width=\"1200\" height=\"800\" srcset=\"https:\/\/asart.com.ua\/wp-content\/uploads\/2021\/02\/foto-marashal-zhukova-001-19watermark-1-1.jpg 1200w, https:\/\/asart.com.ua\/wp-content\/uploads\/2021\/02\/foto-marashal-zhukova-001-19watermark-1-1-300x200.jpg 300w, https:\/\/asart.com.ua\/wp-content\/uploads\/2021\/02\/foto-marashal-zhukova-001-19watermark-1-1-1024x683.jpg 1024w, https:\/\/asart.com.ua\/wp-content\/uploads\/2021\/02\/foto-marashal-zhukova-001-19watermark-1-1-768x512.jpg 768w, https:\/\/asart.com.ua\/wp-content\/uploads\/2021\/02\/foto-marashal-zhukova-001-19watermark-1-1-240x160.jpg 240w\" sizes=\"(max-width: 1200px) 100vw, 1200px\" \/><\/a><\/p>\n<h3> Spousta p\u0159irozen\u00e9ho sv\u011btla.<\/h3>\n<p> Navzdory skute\u010dnosti, \u017ee design high-tech bytu vylu\u010duje pou\u017eit\u00ed dopl\u0148k\u016f, st\u00e1le umo\u017e\u0148uje pou\u017eit\u00ed \u010dernob\u00edl\u00fdch fotografi\u00ed, zrcadel a abstraktn\u00edch panel\u016f v mal\u00e9m po\u010dtu. Jako podlaha se pou\u017e\u00edv\u00e1 lamin\u00e1t, linoleum nebo dla\u017eba. Do kuchyn\u011b nebo ob\u00fdvac\u00edho pokoje m\u016f\u017eete nainstalovat zrcadlovou samonivela\u010dn\u00ed podlahu, kter\u00e1 dod\u00e1 interi\u00e9ru zvl\u00e1\u0161tn\u00ed jedine\u010dnost a originalitu. K z\u00f3nov\u00e1n\u00ed prostoru <em>se pou\u017e\u00edvaj\u00ed sklen\u011bn\u00e9 p\u0159\u00ed\u010dky, n\u00e1bytek a podlahov\u00e9 osv\u011btlen\u00ed<\/em> . High-tech design se vyzna\u010duje velk\u00fdmi okny, kter\u00fdmi do bytu pronikne hodn\u011b sv\u011btla. V\u0161echny pokoje jsou za\u0159\u00edzeny jednoduch\u00fdm a funk\u010dn\u00edm n\u00e1bytkem.<\/p>\n<p> Design bytu v high-tech stylu v\u00e1s pot\u011b\u0161\u00ed svou jedine\u010dnost\u00ed, originalitou, prakti\u010dnost\u00ed a funk\u010dnost\u00ed. AS-Design Studio pro v\u00e1s vytvo\u0159\u00ed designov\u00fd projekt za nejlep\u0161\u00ed cenu pro Kyjev a Charkov.<\/p>\n","protected":false},"excerpt":{"rendered":"<p>Nen\u00ed \u017e\u00e1dn\u00fdm tajemstv\u00edm, \u017ee slovn\u00ed spojen\u00ed <a class=\"continue_link\" href=\"https:\/\/asart.com.ua\/cs\/dizajn-kvartir\/stile-xaj-tek\/\">\u0427\u0438\u0442\u0430\u0442\u044c \u0434\u0430\u043b\u0435\u0435 >><\/a><\/p>\n","protected":false},"author":6,"featured_media":0,"parent":17992,"menu_order":0,"comment_status":"closed","ping_status":"closed","template":"","meta":{"footnotes":""},"acf":[],"aioseo_notices":[],"_links":{"self":[{"href":"https:\/\/asart.com.ua\/cs\/wp-json\/wp\/v2\/pages\/18210"}],"collection":[{"href":"https:\/\/asart.com.ua\/cs\/wp-json\/wp\/v2\/pages"}],"about":[{"href":"https:\/\/asart.com.ua\/cs\/wp-json\/wp\/v2\/types\/page"}],"author":[{"embeddable":true,"href":"https:\/\/asart.com.ua\/cs\/wp-json\/wp\/v2\/users\/6"}],"replies":[{"embeddable":true,"href":"https:\/\/asart.com.ua\/cs\/wp-json\/wp\/v2\/comments?post=18210"}],"version-history":[{"count":1,"href":"https:\/\/asart.com.ua\/cs\/wp-json\/wp\/v2\/pages\/18210\/revisions"}],"predecessor-version":[{"id":18213,"href":"https:\/\/asart.com.ua\/cs\/wp-json\/wp\/v2\/pages\/18210\/revisions\/18213"}],"up":[{"embeddable":true,"href":"https:\/\/asart.com.ua\/cs\/wp-json\/wp\/v2\/pages\/17992"}],"wp:attachment":[{"href":"https:\/\/asart.com.ua\/cs\/wp-json\/wp\/v2\/media?parent=18210"}],"curies":[{"name":"wp","href":"https:\/\/api.w.org\/{rel}","templated":true}]}}