{"id":18204,"date":"2017-06-06T12:24:43","date_gmt":"2017-06-06T09:24:43","guid":{"rendered":"https:\/\/asart.com.ua\/dizajn-kvartir\/stile-provans\/"},"modified":"2024-08-14T14:39:35","modified_gmt":"2024-08-14T11:39:35","slug":"stile-provans","status":"publish","type":"page","link":"https:\/\/asart.com.ua\/cs\/dizajn-kvartir\/stile-provans\/","title":{"rendered":"Design bytu ve stylu Provence"},"content":{"rendered":"<p>V sou\u010dasn\u00e9 dob\u011b existuje mnoho r\u016fzn\u00fdch n\u00e1vrh\u016f interi\u00e9r\u016f, kter\u00e9 se hod\u00ed jak do klasick\u00fdch byt\u016f, tak do garsonek. Ka\u017ed\u00fd designov\u00fd sm\u011br m\u00e1 individu\u00e1ln\u00ed charakteristick\u00e9 rysy, kter\u00e9 jej odli\u0161\u00ed od t\u011bch hlavn\u00edch. <strong>P\u0159i v\u00fdb\u011bru konkr\u00e9tn\u00edho stylu byste se m\u011bli podrobn\u011b sezn\u00e1mit s jeho vlastnostmi, abyste nakonec z\u00edskali pokoj sv\u00fdch sn\u016f<\/strong> . Provens\u00e1lsk\u00fd styl je obl\u00edben\u00fd v Kyjev\u011b, Charkov\u011b a dal\u0161\u00edch m\u011bstech Ukrajiny. Mnoho lid\u00ed toti\u017e sn\u00ed o n\u00e1v\u0161t\u011bv\u011b Francie a dokud se tento sen nespln\u00ed, sna\u017e\u00ed se doma vytvo\u0159it interi\u00e9rov\u00fd design ve stylu Provence.<\/p>\n<p><a href=\"https:\/\/asart.com.ua\/wp-content\/uploads\/2022\/11\/gostinaya-1-etazh-provans-1watermark-.jpg\"><img loading=\"lazy\" decoding=\"async\" class=\"aligncenter size-full wp-image-9894 colorbox-18204\" src=\"https:\/\/asart.com.ua\/wp-content\/uploads\/2022\/11\/gostinaya-1-etazh-provans-1watermark-.jpg\" alt=\"\" width=\"1200\" height=\"900\" srcset=\"https:\/\/asart.com.ua\/wp-content\/uploads\/2022\/11\/gostinaya-1-etazh-provans-1watermark-.jpg 1200w, https:\/\/asart.com.ua\/wp-content\/uploads\/2022\/11\/gostinaya-1-etazh-provans-1watermark--300x225.jpg 300w, https:\/\/asart.com.ua\/wp-content\/uploads\/2022\/11\/gostinaya-1-etazh-provans-1watermark--1024x768.jpg 1024w, https:\/\/asart.com.ua\/wp-content\/uploads\/2022\/11\/gostinaya-1-etazh-provans-1watermark--768x576.jpg 768w, https:\/\/asart.com.ua\/wp-content\/uploads\/2022\/11\/gostinaya-1-etazh-provans-1watermark--160x120.jpg 160w, https:\/\/asart.com.ua\/wp-content\/uploads\/2022\/11\/gostinaya-1-etazh-provans-1watermark--289x217.jpg 289w\" sizes=\"(max-width: 1200px) 100vw, 1200px\" \/><\/a><a href=\"https:\/\/asart.com.ua\/wp-content\/uploads\/2022\/11\/gostinaya-1-etazh-provans-2watermark-.jpg\"><img loading=\"lazy\" decoding=\"async\" class=\"aligncenter size-full wp-image-9896 colorbox-18204\" src=\"https:\/\/asart.com.ua\/wp-content\/uploads\/2022\/11\/gostinaya-1-etazh-provans-2watermark-.jpg\" alt=\"\" width=\"1200\" height=\"900\" srcset=\"https:\/\/asart.com.ua\/wp-content\/uploads\/2022\/11\/gostinaya-1-etazh-provans-2watermark-.jpg 1200w, https:\/\/asart.com.ua\/wp-content\/uploads\/2022\/11\/gostinaya-1-etazh-provans-2watermark--300x225.jpg 300w, https:\/\/asart.com.ua\/wp-content\/uploads\/2022\/11\/gostinaya-1-etazh-provans-2watermark--1024x768.jpg 1024w, https:\/\/asart.com.ua\/wp-content\/uploads\/2022\/11\/gostinaya-1-etazh-provans-2watermark--768x576.jpg 768w, https:\/\/asart.com.ua\/wp-content\/uploads\/2022\/11\/gostinaya-1-etazh-provans-2watermark--160x120.jpg 160w, https:\/\/asart.com.ua\/wp-content\/uploads\/2022\/11\/gostinaya-1-etazh-provans-2watermark--289x217.jpg 289w\" sizes=\"(max-width: 1200px) 100vw, 1200px\" \/><\/a><\/p>\n<h2>Jednoduchost, lehkost, sofistikovanost.<\/h2>\n<p>Interi\u00e9rov\u00fd design Provence lze pou\u017e\u00edt v ka\u017ed\u00e9m byt\u011b bez ohledu na jeho velikost, po\u010det pokoj\u016f a jejich um\u00edst\u011bn\u00ed. Tento sm\u011br designu se vyzna\u010duje:<\/p>\n<ul>\n<li>provin\u010dn\u00ed jednoduchost<\/li>\n<li>Francouzsk\u00e1 dekorace<\/li>\n<li>pohodl\u00ed<\/li>\n<li>pohodl\u00ed<\/li>\n<\/ul>\n<p>A tak\u00e9 rustik\u00e1ln\u00ed atmosf\u00e9ru, bl\u00edzkost p\u0159\u00edrody, dostatek sv\u011btla, vzduchu, p\u0159\u00edrodn\u00edch materi\u00e1l\u016f a \u010derstv\u00fdch kv\u011btin. Design\u00e9\u0159i na\u0161eho studia vyvinou speci\u00e1ln\u011b pro v\u00e1s:<\/p>\n<ul>\n<li>Kr\u00e1sn\u00e1<\/li>\n<li>unik\u00e1tn\u00ed<\/li>\n<li>unik\u00e1tn\u00ed<\/li>\n<li>zaj\u00edmav\u00fd<\/li>\n<li>modern\u00ed<\/li>\n<\/ul>\n<p>Projekt interi\u00e9ru ve stylu Provence. V\u0161echny m\u00edstnosti bytu &#8211; ob\u00fdvac\u00ed pokoj, lo\u017enice, ob\u00fdvac\u00ed pokoj, kuchyn\u011b, d\u011btsk\u00fd pokoj, koupelna &#8211; budou napln\u011bny francouzskou atmosf\u00e9rou. K dekoraci st\u011bn a strop\u016f ve stylu Provence budou pou\u017eity p\u0159\u00edrodn\u00ed materi\u00e1ly. P\u0159ednost se d\u00e1v\u00e1 strukturovan\u00e9 om\u00edtce a je mo\u017en\u00e9 pou\u017e\u00edt i malovan\u00e9 d\u0159ev\u011bn\u00e9 desky. Strop je nat\u0159en b\u00edlou barvou, v\u0161echny tr\u00e1my a p\u0159\u00ed\u010dky jsou ponech\u00e1ny viditeln\u00e9, obvykle jsou nat\u0159eny tmav\u011b, aby vytvo\u0159ily kontrast se stropem.<\/p>\n<p>&nbsp;<\/p>\n<p><a href=\"https:\/\/asart.com.ua\/wp-content\/uploads\/2023\/08\/vanna-1-etazh-6watermark-.jpg\"><img loading=\"lazy\" decoding=\"async\" class=\"aligncenter size-full wp-image-10313 colorbox-18204\" src=\"https:\/\/asart.com.ua\/wp-content\/uploads\/2023\/08\/vanna-1-etazh-6watermark-.jpg\" alt=\"\" width=\"1100\" height=\"825\" srcset=\"https:\/\/asart.com.ua\/wp-content\/uploads\/2023\/08\/vanna-1-etazh-6watermark-.jpg 1100w, https:\/\/asart.com.ua\/wp-content\/uploads\/2023\/08\/vanna-1-etazh-6watermark--300x225.jpg 300w, https:\/\/asart.com.ua\/wp-content\/uploads\/2023\/08\/vanna-1-etazh-6watermark--1024x768.jpg 1024w, https:\/\/asart.com.ua\/wp-content\/uploads\/2023\/08\/vanna-1-etazh-6watermark--768x576.jpg 768w, https:\/\/asart.com.ua\/wp-content\/uploads\/2023\/08\/vanna-1-etazh-6watermark--160x120.jpg 160w, https:\/\/asart.com.ua\/wp-content\/uploads\/2023\/08\/vanna-1-etazh-6watermark--289x217.jpg 289w\" sizes=\"(max-width: 1100px) 100vw, 1100px\" \/><\/a><\/p>\n<p><a href=\"https:\/\/asart.com.ua\/wp-content\/uploads\/2023\/08\/vanna-1-etazh-7watermark-.jpg\"><img loading=\"lazy\" decoding=\"async\" class=\"aligncenter size-full wp-image-10315 colorbox-18204\" src=\"https:\/\/asart.com.ua\/wp-content\/uploads\/2023\/08\/vanna-1-etazh-7watermark-.jpg\" alt=\"\" width=\"1100\" height=\"825\" srcset=\"https:\/\/asart.com.ua\/wp-content\/uploads\/2023\/08\/vanna-1-etazh-7watermark-.jpg 1100w, https:\/\/asart.com.ua\/wp-content\/uploads\/2023\/08\/vanna-1-etazh-7watermark--300x225.jpg 300w, https:\/\/asart.com.ua\/wp-content\/uploads\/2023\/08\/vanna-1-etazh-7watermark--1024x768.jpg 1024w, https:\/\/asart.com.ua\/wp-content\/uploads\/2023\/08\/vanna-1-etazh-7watermark--768x576.jpg 768w, https:\/\/asart.com.ua\/wp-content\/uploads\/2023\/08\/vanna-1-etazh-7watermark--160x120.jpg 160w, https:\/\/asart.com.ua\/wp-content\/uploads\/2023\/08\/vanna-1-etazh-7watermark--289x217.jpg 289w\" sizes=\"(max-width: 1100px) 100vw, 1100px\" \/><\/a><\/p>\n<p><a href=\"https:\/\/asart.com.ua\/wp-content\/uploads\/2023\/08\/vanna-1-etazh-16watermark-.jpg\"><img loading=\"lazy\" decoding=\"async\" class=\"aligncenter size-full wp-image-10321 colorbox-18204\" src=\"https:\/\/asart.com.ua\/wp-content\/uploads\/2023\/08\/vanna-1-etazh-16watermark-.jpg\" alt=\"\" width=\"1100\" height=\"825\" srcset=\"https:\/\/asart.com.ua\/wp-content\/uploads\/2023\/08\/vanna-1-etazh-16watermark-.jpg 1100w, https:\/\/asart.com.ua\/wp-content\/uploads\/2023\/08\/vanna-1-etazh-16watermark--300x225.jpg 300w, https:\/\/asart.com.ua\/wp-content\/uploads\/2023\/08\/vanna-1-etazh-16watermark--1024x768.jpg 1024w, https:\/\/asart.com.ua\/wp-content\/uploads\/2023\/08\/vanna-1-etazh-16watermark--768x576.jpg 768w, https:\/\/asart.com.ua\/wp-content\/uploads\/2023\/08\/vanna-1-etazh-16watermark--160x120.jpg 160w, https:\/\/asart.com.ua\/wp-content\/uploads\/2023\/08\/vanna-1-etazh-16watermark--289x217.jpg 289w\" sizes=\"(max-width: 1100px) 100vw, 1100px\" \/><\/a><\/p>\n<p><a href=\"https:\/\/asart.com.ua\/wp-content\/uploads\/2023\/08\/vanna-1-etazh-8watermark-.jpg\"><img loading=\"lazy\" decoding=\"async\" class=\"aligncenter  wp-image-10317 colorbox-18204\" src=\"https:\/\/asart.com.ua\/wp-content\/uploads\/2023\/08\/vanna-1-etazh-8watermark-.jpg\" alt=\"\" width=\"1143\" height=\"857\" srcset=\"https:\/\/asart.com.ua\/wp-content\/uploads\/2023\/08\/vanna-1-etazh-8watermark-.jpg 1100w, https:\/\/asart.com.ua\/wp-content\/uploads\/2023\/08\/vanna-1-etazh-8watermark--300x225.jpg 300w, https:\/\/asart.com.ua\/wp-content\/uploads\/2023\/08\/vanna-1-etazh-8watermark--1024x768.jpg 1024w, https:\/\/asart.com.ua\/wp-content\/uploads\/2023\/08\/vanna-1-etazh-8watermark--768x576.jpg 768w, https:\/\/asart.com.ua\/wp-content\/uploads\/2023\/08\/vanna-1-etazh-8watermark--160x120.jpg 160w, https:\/\/asart.com.ua\/wp-content\/uploads\/2023\/08\/vanna-1-etazh-8watermark--289x217.jpg 289w\" sizes=\"(max-width: 1143px) 100vw, 1143px\" \/><\/a><\/p>\n<p><a href=\"https:\/\/asart.com.ua\/wp-content\/uploads\/2022\/11\/gostinaya-1-etazh-provans-4watermark-.jpg\"><img loading=\"lazy\" decoding=\"async\" class=\"aligncenter size-full wp-image-9900 colorbox-18204\" src=\"https:\/\/asart.com.ua\/wp-content\/uploads\/2022\/11\/gostinaya-1-etazh-provans-4watermark-.jpg\" alt=\"\" width=\"1200\" height=\"900\" srcset=\"https:\/\/asart.com.ua\/wp-content\/uploads\/2022\/11\/gostinaya-1-etazh-provans-4watermark-.jpg 1200w, https:\/\/asart.com.ua\/wp-content\/uploads\/2022\/11\/gostinaya-1-etazh-provans-4watermark--300x225.jpg 300w, https:\/\/asart.com.ua\/wp-content\/uploads\/2022\/11\/gostinaya-1-etazh-provans-4watermark--1024x768.jpg 1024w, https:\/\/asart.com.ua\/wp-content\/uploads\/2022\/11\/gostinaya-1-etazh-provans-4watermark--768x576.jpg 768w, https:\/\/asart.com.ua\/wp-content\/uploads\/2022\/11\/gostinaya-1-etazh-provans-4watermark--160x120.jpg 160w, https:\/\/asart.com.ua\/wp-content\/uploads\/2022\/11\/gostinaya-1-etazh-provans-4watermark--289x217.jpg 289w\" sizes=\"(max-width: 1200px) 100vw, 1200px\" \/><\/a><\/p>\n<p><a href=\"https:\/\/asart.com.ua\/wp-content\/uploads\/2022\/11\/gostinaya-1-etazh-provans-6watermark-.jpg\"><img loading=\"lazy\" decoding=\"async\" class=\"aligncenter size-full wp-image-9904 colorbox-18204\" src=\"https:\/\/asart.com.ua\/wp-content\/uploads\/2022\/11\/gostinaya-1-etazh-provans-6watermark-.jpg\" alt=\"\" width=\"1200\" height=\"900\" srcset=\"https:\/\/asart.com.ua\/wp-content\/uploads\/2022\/11\/gostinaya-1-etazh-provans-6watermark-.jpg 1200w, https:\/\/asart.com.ua\/wp-content\/uploads\/2022\/11\/gostinaya-1-etazh-provans-6watermark--300x225.jpg 300w, https:\/\/asart.com.ua\/wp-content\/uploads\/2022\/11\/gostinaya-1-etazh-provans-6watermark--1024x768.jpg 1024w, https:\/\/asart.com.ua\/wp-content\/uploads\/2022\/11\/gostinaya-1-etazh-provans-6watermark--768x576.jpg 768w, https:\/\/asart.com.ua\/wp-content\/uploads\/2022\/11\/gostinaya-1-etazh-provans-6watermark--160x120.jpg 160w, https:\/\/asart.com.ua\/wp-content\/uploads\/2022\/11\/gostinaya-1-etazh-provans-6watermark--289x217.jpg 289w\" sizes=\"(max-width: 1200px) 100vw, 1200px\" \/><\/a><\/p>\n<p><a href=\"https:\/\/asart.com.ua\/wp-content\/uploads\/2022\/11\/gostinaya-1-etazh-provans-5watermark-.jpg\"><img loading=\"lazy\" decoding=\"async\" class=\"aligncenter size-full wp-image-9902 colorbox-18204\" src=\"https:\/\/asart.com.ua\/wp-content\/uploads\/2022\/11\/gostinaya-1-etazh-provans-5watermark-.jpg\" alt=\"\" width=\"1200\" height=\"900\" srcset=\"https:\/\/asart.com.ua\/wp-content\/uploads\/2022\/11\/gostinaya-1-etazh-provans-5watermark-.jpg 1200w, https:\/\/asart.com.ua\/wp-content\/uploads\/2022\/11\/gostinaya-1-etazh-provans-5watermark--300x225.jpg 300w, https:\/\/asart.com.ua\/wp-content\/uploads\/2022\/11\/gostinaya-1-etazh-provans-5watermark--1024x768.jpg 1024w, https:\/\/asart.com.ua\/wp-content\/uploads\/2022\/11\/gostinaya-1-etazh-provans-5watermark--768x576.jpg 768w, https:\/\/asart.com.ua\/wp-content\/uploads\/2022\/11\/gostinaya-1-etazh-provans-5watermark--160x120.jpg 160w, https:\/\/asart.com.ua\/wp-content\/uploads\/2022\/11\/gostinaya-1-etazh-provans-5watermark--289x217.jpg 289w\" sizes=\"(max-width: 1200px) 100vw, 1200px\" \/><\/a><\/p>\n<p><a href=\"https:\/\/asart.com.ua\/wp-content\/uploads\/2022\/11\/gostinaya-1-etazh-provans-3watermark-.jpg\"><img loading=\"lazy\" decoding=\"async\" class=\"aligncenter size-full wp-image-9898 colorbox-18204\" src=\"https:\/\/asart.com.ua\/wp-content\/uploads\/2022\/11\/gostinaya-1-etazh-provans-3watermark-.jpg\" alt=\"\" width=\"1200\" height=\"900\" srcset=\"https:\/\/asart.com.ua\/wp-content\/uploads\/2022\/11\/gostinaya-1-etazh-provans-3watermark-.jpg 1200w, https:\/\/asart.com.ua\/wp-content\/uploads\/2022\/11\/gostinaya-1-etazh-provans-3watermark--300x225.jpg 300w, https:\/\/asart.com.ua\/wp-content\/uploads\/2022\/11\/gostinaya-1-etazh-provans-3watermark--1024x768.jpg 1024w, https:\/\/asart.com.ua\/wp-content\/uploads\/2022\/11\/gostinaya-1-etazh-provans-3watermark--768x576.jpg 768w, https:\/\/asart.com.ua\/wp-content\/uploads\/2022\/11\/gostinaya-1-etazh-provans-3watermark--160x120.jpg 160w, https:\/\/asart.com.ua\/wp-content\/uploads\/2022\/11\/gostinaya-1-etazh-provans-3watermark--289x217.jpg 289w\" sizes=\"(max-width: 1200px) 100vw, 1200px\" \/><\/a><\/p>\n<p><a href=\"https:\/\/asart.com.ua\/wp-content\/uploads\/2022\/11\/proekt-chastnogo-doma-1watermark.jpg\"><img loading=\"lazy\" decoding=\"async\" class=\"aligncenter size-full wp-image-9923 colorbox-18204\" src=\"https:\/\/asart.com.ua\/wp-content\/uploads\/2022\/11\/proekt-chastnogo-doma-1watermark.jpg\" alt=\"\" width=\"1200\" height=\"800\" srcset=\"https:\/\/asart.com.ua\/wp-content\/uploads\/2022\/11\/proekt-chastnogo-doma-1watermark.jpg 1200w, https:\/\/asart.com.ua\/wp-content\/uploads\/2022\/11\/proekt-chastnogo-doma-1watermark-300x200.jpg 300w, https:\/\/asart.com.ua\/wp-content\/uploads\/2022\/11\/proekt-chastnogo-doma-1watermark-1024x683.jpg 1024w, https:\/\/asart.com.ua\/wp-content\/uploads\/2022\/11\/proekt-chastnogo-doma-1watermark-768x512.jpg 768w, https:\/\/asart.com.ua\/wp-content\/uploads\/2022\/11\/proekt-chastnogo-doma-1watermark-240x160.jpg 240w\" sizes=\"(max-width: 1200px) 100vw, 1200px\" \/><\/a><\/p>\n<p><a href=\"https:\/\/asart.com.ua\/wp-content\/uploads\/2022\/11\/proekt-chastnogo-doma-4watermark.jpg\"><img loading=\"lazy\" decoding=\"async\" class=\"aligncenter size-full wp-image-9929 colorbox-18204\" src=\"https:\/\/asart.com.ua\/wp-content\/uploads\/2022\/11\/proekt-chastnogo-doma-4watermark.jpg\" alt=\"\" width=\"1200\" height=\"800\" srcset=\"https:\/\/asart.com.ua\/wp-content\/uploads\/2022\/11\/proekt-chastnogo-doma-4watermark.jpg 1200w, https:\/\/asart.com.ua\/wp-content\/uploads\/2022\/11\/proekt-chastnogo-doma-4watermark-300x200.jpg 300w, https:\/\/asart.com.ua\/wp-content\/uploads\/2022\/11\/proekt-chastnogo-doma-4watermark-1024x683.jpg 1024w, https:\/\/asart.com.ua\/wp-content\/uploads\/2022\/11\/proekt-chastnogo-doma-4watermark-768x512.jpg 768w, https:\/\/asart.com.ua\/wp-content\/uploads\/2022\/11\/proekt-chastnogo-doma-4watermark-240x160.jpg 240w\" sizes=\"(max-width: 1200px) 100vw, 1200px\" \/><\/a><\/p>\n<h3>P\u0159\u00edrodn\u00ed materi\u00e1ly.<\/h3>\n<p>K v\u00fdzdob\u011b kuchyn\u011b se pou\u017e\u00edv\u00e1 p\u0159\u00edrodn\u00ed k\u00e1men, v\u00edcebarevn\u00e9 mozaiky a zdivo. Modern\u00ed technologie je zabudov\u00e1na do n\u00e1bytku, speci\u00e1ln\u00edch v\u00fdklenk\u016f a dal\u0161\u00edch m\u00edst, hlavn\u00edm \u00fakolem design\u00e9ra je skr\u00fdt ji, aby technologie svou p\u0159\u00edtomnost\u00ed nezkazila provens\u00e1lsk\u00fd design. Designu bytu ve stylu Provence dominuj\u00ed pastelov\u00e9 barvy, ve v\u011bt\u0161in\u011b p\u0159\u00edpad\u016f je preferov\u00e1na b\u00edl\u00e1, b\u00e9\u017eov\u00e1, sv\u011btle modr\u00e1, sv\u011btle hn\u011bd\u00e1, \u0161ed\u00e1 a dal\u0161\u00ed. Interi\u00e9rov\u00fd design Provence se neobejde bez velk\u00e9ho mno\u017estv\u00ed r\u016fzn\u00fdch designov\u00fdch dopl\u0148k\u016f. <em>V byt\u011b bude mnoho kv\u011btin\u00e1\u010d\u016f a v\u00e1z s \u010derstv\u00fdmi kv\u011btinami, d\u00e1le obrazy, porcel\u00e1nov\u00e9 a keramick\u00e9 figurky, figurky a n\u00e1dob\u00ed<\/em> . N\u00e1bytek m\u016f\u017ee b\u00fdt d\u0159ev\u011bn\u00fd, kovan\u00fd, prout\u011bn\u00fd, v ka\u017ed\u00e9m p\u0159\u00edpad\u011b by m\u011bl b\u00fdt n\u00e1bytek pouze z p\u0159\u00edrodn\u00edho materi\u00e1lu.<\/p>\n<p>AS-Design studio vytv\u00e1\u0159\u00ed jedine\u010dn\u00e9 a nenapodobiteln\u00e9 projekty interi\u00e9rov\u00e9ho designu pro byty ve stylu Provence. Na\u0161im klient\u016fm nab\u00edz\u00edme zaj\u00edmav\u00e1 designov\u00e1 \u0159e\u0161en\u00ed za konkurenceschopnou cenu pro Kyjev i Charkov.<\/p>\n","protected":false},"excerpt":{"rendered":"<p>V sou\u010dasn\u00e9 dob\u011b existuje mnoho r\u016fzn\u00fdch <a class=\"continue_link\" href=\"https:\/\/asart.com.ua\/cs\/dizajn-kvartir\/stile-provans\/\">\u0427\u0438\u0442\u0430\u0442\u044c \u0434\u0430\u043b\u0435\u0435 >><\/a><\/p>\n","protected":false},"author":6,"featured_media":0,"parent":17992,"menu_order":0,"comment_status":"closed","ping_status":"closed","template":"","meta":{"footnotes":""},"acf":[],"aioseo_notices":[],"_links":{"self":[{"href":"https:\/\/asart.com.ua\/cs\/wp-json\/wp\/v2\/pages\/18204"}],"collection":[{"href":"https:\/\/asart.com.ua\/cs\/wp-json\/wp\/v2\/pages"}],"about":[{"href":"https:\/\/asart.com.ua\/cs\/wp-json\/wp\/v2\/types\/page"}],"author":[{"embeddable":true,"href":"https:\/\/asart.com.ua\/cs\/wp-json\/wp\/v2\/users\/6"}],"replies":[{"embeddable":true,"href":"https:\/\/asart.com.ua\/cs\/wp-json\/wp\/v2\/comments?post=18204"}],"version-history":[{"count":2,"href":"https:\/\/asart.com.ua\/cs\/wp-json\/wp\/v2\/pages\/18204\/revisions"}],"predecessor-version":[{"id":19770,"href":"https:\/\/asart.com.ua\/cs\/wp-json\/wp\/v2\/pages\/18204\/revisions\/19770"}],"up":[{"embeddable":true,"href":"https:\/\/asart.com.ua\/cs\/wp-json\/wp\/v2\/pages\/17992"}],"wp:attachment":[{"href":"https:\/\/asart.com.ua\/cs\/wp-json\/wp\/v2\/media?parent=18204"}],"curies":[{"name":"wp","href":"https:\/\/api.w.org\/{rel}","templated":true}]}}