{"id":18198,"date":"2017-08-01T09:37:58","date_gmt":"2017-08-01T06:37:58","guid":{"rendered":"https:\/\/asart.com.ua\/dizajn-kvartir\/stile-art-deko\/"},"modified":"2023-11-24T01:10:34","modified_gmt":"2023-11-23T22:10:34","slug":"stile-art-deko","status":"publish","type":"page","link":"https:\/\/asart.com.ua\/cs\/dizajn-kvartir\/stile-art-deko\/","title":{"rendered":"Design bytu ve stylu art deco"},"content":{"rendered":"<p>Dnes existuje mnoho designov\u00fdch styl\u016f. Ka\u017ed\u00fd m\u00e1 sv\u00e9 vlastn\u00ed vlastnosti a charakteristick\u00e9 rysy. Proto je pro mnoho na\u0161ich rezerv n\u011bkdy obt\u00ed\u017en\u00e9 <strong>vybrat ten nejvhodn\u011bj\u0161\u00ed design pro zdoben\u00ed bytu<\/strong> . N\u00e1\u0161 n\u00e1vrh\u00e1\u0159 doporu\u010duje nehonit se za m\u00f3dou, p\u0159i v\u00fdb\u011bru se \u0159\u00eddit sv\u00fdmi vkusn\u00fdmi preferencemi. Pokud v interi\u00e9ru preferujete:<\/p>\n<ul>\n<li> luxus<\/li>\n<li> sofistikovanost<\/li>\n<li> sofistikovanost<\/li>\n<li> exkluzivitu<\/li>\n<\/ul>\n<p> Krom\u011b jedine\u010dn\u00e9 kombinace n\u011bkolika stylov\u00fdch trend\u016f v\u00e1m na\u0161e studio doporu\u010duje objednat si v\u00fdvoj interi\u00e9rov\u00e9ho designu do bytu ve stylu Art Deco. Um\u011bl\u00e9 materi\u00e1ly, hladkost a kv\u011btinov\u00e9 vzory jsou pro n\u011bj nep\u0159ijateln\u00e9. Je to naopak ostr\u00fd, drsn\u00fd sm\u011br, vyzna\u010duj\u00edc\u00ed se abstrakc\u00ed a absolutn\u00ed geometri\u00ed. <\/p>\n<p><img loading=\"lazy\" decoding=\"async\" class=\"aligncenter wp-image-902 size-full colorbox-18198\" src=\"https:\/\/asart.com.ua\/wp-content\/uploads\/2012\/05\/z2-copywatermark.jpg\" alt=\"Design bytu ve stylu art deco\" width=\"1000\" height=\"750\" srcset=\"https:\/\/asart.com.ua\/wp-content\/uploads\/2012\/05\/z2-copywatermark.jpg 1000w, https:\/\/asart.com.ua\/wp-content\/uploads\/2012\/05\/z2-copywatermark-300x225.jpg 300w, https:\/\/asart.com.ua\/wp-content\/uploads\/2012\/05\/z2-copywatermark-160x120.jpg 160w\" sizes=\"(max-width: 1000px) 100vw, 1000px\" \/><img loading=\"lazy\" decoding=\"async\" class=\"aligncenter wp-image-906 size-full colorbox-18198\" src=\"https:\/\/asart.com.ua\/wp-content\/uploads\/2012\/05\/z6-copywatermark.jpg\" alt=\"Design interi\u00e9ru bytu ve stylu art deco\" width=\"1000\" height=\"750\" srcset=\"https:\/\/asart.com.ua\/wp-content\/uploads\/2012\/05\/z6-copywatermark.jpg 1000w, https:\/\/asart.com.ua\/wp-content\/uploads\/2012\/05\/z6-copywatermark-300x225.jpg 300w, https:\/\/asart.com.ua\/wp-content\/uploads\/2012\/05\/z6-copywatermark-160x120.jpg 160w\" sizes=\"(max-width: 1000px) 100vw, 1000px\" \/><img loading=\"lazy\" decoding=\"async\" class=\"aligncenter wp-image-905 size-full colorbox-18198\" src=\"https:\/\/asart.com.ua\/wp-content\/uploads\/2012\/05\/z5-copywatermark.jpg\" alt=\"Interi\u00e9r bytu ve stylu art deco\" width=\"1000\" height=\"750\" srcset=\"https:\/\/asart.com.ua\/wp-content\/uploads\/2012\/05\/z5-copywatermark.jpg 1000w, https:\/\/asart.com.ua\/wp-content\/uploads\/2012\/05\/z5-copywatermark-300x225.jpg 300w, https:\/\/asart.com.ua\/wp-content\/uploads\/2012\/05\/z5-copywatermark-160x120.jpg 160w\" sizes=\"(max-width: 1000px) 100vw, 1000px\" \/><\/p>\n<h2> Jedine\u010dn\u00fd designov\u00fd design.<\/h2>\n<p> Pro vytvo\u0159en\u00ed jedine\u010dn\u00e9ho a nenapodobiteln\u00e9ho designu interi\u00e9ru ve stylu Art Deco je nutn\u00e9 byt prohl\u00e9dnout. Koneckonc\u016f, ka\u017ed\u00fd pokoj m\u00e1 sv\u00e9 vlastn\u00ed vlastnosti, uspo\u0159\u00e1d\u00e1n\u00ed, um\u00edst\u011bn\u00ed pokoj\u016f. Projektant posoud\u00ed stav a zjist\u00ed va\u0161e p\u0159\u00e1n\u00ed ohledn\u011b designu a v\u00fdzdoby pokoj\u016f. Ve stylu Art Deco se pou\u017e\u00edvaj\u00ed pouze p\u0159\u00edrodn\u00ed materi\u00e1ly:<\/p>\n<ul>\n<li> strom<\/li>\n<li> ocel<\/li>\n<li> sklenka<\/li>\n<li> k\u016f\u017ee<\/li>\n<\/ul>\n<p> A tak\u00e9 p\u0159i dokon\u010dovac\u00edm procesu ve stylu Art Deco lze pou\u017e\u00edt keramick\u00e9 dla\u017edice, kamenn\u00e9 dla\u017edice, r\u016fzn\u00e9 lakovan\u00e9 povrchy a intarzovan\u00e9 d\u0159evo. <\/p>\n<p><img loading=\"lazy\" decoding=\"async\" class=\"aligncenter wp-image-911 size-full colorbox-18198\" src=\"https:\/\/asart.com.ua\/wp-content\/uploads\/2012\/05\/\u0441\u043f\u0430\u043b\u044c\u043d\u044f-1-2watermark.jpg\" alt=\"Styl Art Deco v designu bytu\" width=\"1000\" height=\"750\" srcset=\"https:\/\/asart.com.ua\/wp-content\/uploads\/2012\/05\/\u0441\u043f\u0430\u043b\u044c\u043d\u044f-1-2watermark.jpg 1000w, https:\/\/asart.com.ua\/wp-content\/uploads\/2012\/05\/\u0441\u043f\u0430\u043b\u044c\u043d\u044f-1-2watermark-300x225.jpg 300w, https:\/\/asart.com.ua\/wp-content\/uploads\/2012\/05\/\u0441\u043f\u0430\u043b\u044c\u043d\u044f-1-2watermark-160x120.jpg 160w\" sizes=\"(max-width: 1000px) 100vw, 1000px\" \/><img loading=\"lazy\" decoding=\"async\" class=\"aligncenter size-full wp-image-910 colorbox-18198\" src=\"https:\/\/asart.com.ua\/wp-content\/uploads\/2012\/05\/\u0434\u0435\u0442\u0441\u043a\u0430\u044f4watermark.jpg\" alt=\"\" width=\"1000\" height=\"750\" srcset=\"https:\/\/asart.com.ua\/wp-content\/uploads\/2012\/05\/\u0434\u0435\u0442\u0441\u043a\u0430\u044f4watermark.jpg 1000w, https:\/\/asart.com.ua\/wp-content\/uploads\/2012\/05\/\u0434\u0435\u0442\u0441\u043a\u0430\u044f4watermark-300x225.jpg 300w, https:\/\/asart.com.ua\/wp-content\/uploads\/2012\/05\/\u0434\u0435\u0442\u0441\u043a\u0430\u044f4watermark-160x120.jpg 160w\" sizes=\"(max-width: 1000px) 100vw, 1000px\" \/><img loading=\"lazy\" decoding=\"async\" class=\"aligncenter size-full wp-image-903 colorbox-18198\" src=\"https:\/\/asart.com.ua\/wp-content\/uploads\/2012\/05\/z3-copywatermark.jpg\" alt=\"\" width=\"1000\" height=\"750\" srcset=\"https:\/\/asart.com.ua\/wp-content\/uploads\/2012\/05\/z3-copywatermark.jpg 1000w, https:\/\/asart.com.ua\/wp-content\/uploads\/2012\/05\/z3-copywatermark-300x225.jpg 300w, https:\/\/asart.com.ua\/wp-content\/uploads\/2012\/05\/z3-copywatermark-160x120.jpg 160w\" sizes=\"(max-width: 1000px) 100vw, 1000px\" \/><\/p>\n<h3> Sv\u011btl\u00e9 dopl\u0148ky a dekorace.<\/h3>\n<p> Interi\u00e9rov\u00fd design Art Deco vyu\u017e\u00edv\u00e1 neutr\u00e1ln\u00ed t\u00f3ny. Design\u00e9r Asart v\u00e1s po\u017e\u00e1d\u00e1 o v\u00fdb\u011br nejvhodn\u011bj\u0161\u00ed barvy, m\u016f\u017ee to b\u00fdt: b\u00edl\u00e1, b\u00e9\u017eov\u00e1, hn\u011bd\u00e1, \u0161ed\u00e1, zlat\u00e1, st\u0159\u00edbrn\u00e1, \u010dern\u00e1. N\u00e1bytek v interi\u00e9rov\u00e9m designu Art Deco m\u016f\u017ee m\u00edt tmav\u00e9 i sv\u011btl\u00e9 barvy, v\u0161e z\u00e1vis\u00ed na <em>tom, jakou barvu si vyberete pro dokon\u010den\u00ed st\u011bn, stropu a podlahy<\/em> . Jasn\u00e9 barvy lze tak\u00e9 pou\u017e\u00edt, ale nach\u00e1zej\u00ed se v dopl\u0148c\u00edch a dekorech. Hlavn\u00ed v\u011bc je, \u017ee v\u0161echny prvky jsou vz\u00e1jemn\u011b kombinov\u00e1ny a tak\u00e9 se vz\u00e1jemn\u011b dopl\u0148uj\u00ed a vytv\u00e1\u0159ej\u00ed v byt\u011b kr\u00e1snou a \u00fatulnou atmosf\u00e9ru.<\/p>\n<p> Design\u00e9r Asart vytvo\u0159\u00ed kr\u00e1sn\u00fd, jedine\u010dn\u00fd projekt interi\u00e9ru ve stylu Art Deco pro v\u00e1\u0161 byt bez ohledu na jeho velikost a stav. Vybere tak\u00e9 kvalitn\u00ed a p\u0159\u00edrodn\u00ed materi\u00e1ly pro opravy a dekorace m\u00edstnost\u00ed. Exkluzivn\u00ed dopl\u0148ky, textil, dekorativn\u00ed prvky. Kr\u00e1sn\u00fd a funk\u010dn\u00ed n\u00e1bytek. To v\u0161e po dokon\u010den\u00ed dokon\u010dovac\u00edch a projek\u010dn\u00edch prac\u00ed um\u00edst\u00ed do bytu.<\/p>\n","protected":false},"excerpt":{"rendered":"<p>Dnes existuje mnoho designov\u00fdch styl\u016f. Ka\u017ed\u00fd <a class=\"continue_link\" href=\"https:\/\/asart.com.ua\/cs\/dizajn-kvartir\/stile-art-deko\/\">\u0427\u0438\u0442\u0430\u0442\u044c \u0434\u0430\u043b\u0435\u0435 >><\/a><\/p>\n","protected":false},"author":6,"featured_media":0,"parent":17992,"menu_order":0,"comment_status":"closed","ping_status":"closed","template":"","meta":{"footnotes":""},"acf":[],"aioseo_notices":[],"_links":{"self":[{"href":"https:\/\/asart.com.ua\/cs\/wp-json\/wp\/v2\/pages\/18198"}],"collection":[{"href":"https:\/\/asart.com.ua\/cs\/wp-json\/wp\/v2\/pages"}],"about":[{"href":"https:\/\/asart.com.ua\/cs\/wp-json\/wp\/v2\/types\/page"}],"author":[{"embeddable":true,"href":"https:\/\/asart.com.ua\/cs\/wp-json\/wp\/v2\/users\/6"}],"replies":[{"embeddable":true,"href":"https:\/\/asart.com.ua\/cs\/wp-json\/wp\/v2\/comments?post=18198"}],"version-history":[{"count":1,"href":"https:\/\/asart.com.ua\/cs\/wp-json\/wp\/v2\/pages\/18198\/revisions"}],"predecessor-version":[{"id":18201,"href":"https:\/\/asart.com.ua\/cs\/wp-json\/wp\/v2\/pages\/18198\/revisions\/18201"}],"up":[{"embeddable":true,"href":"https:\/\/asart.com.ua\/cs\/wp-json\/wp\/v2\/pages\/17992"}],"wp:attachment":[{"href":"https:\/\/asart.com.ua\/cs\/wp-json\/wp\/v2\/media?parent=18198"}],"curies":[{"name":"wp","href":"https:\/\/api.w.org\/{rel}","templated":true}]}}