{"id":18192,"date":"2017-05-10T17:54:12","date_gmt":"2017-05-10T14:54:12","guid":{"rendered":"https:\/\/asart.com.ua\/dizajn-kvartir\/sovremennom-stile\/"},"modified":"2023-11-27T15:45:02","modified_gmt":"2023-11-27T12:45:02","slug":"sovremennom-stile","status":"publish","type":"page","link":"https:\/\/asart.com.ua\/cs\/dizajn-kvartir\/sovremennom-stile\/","title":{"rendered":"Design bytu v modern\u00edm stylu"},"content":{"rendered":"<p>Novou klasickou rekonstrukc\u00ed dnes u\u017e nikoho nep\u0159ekvap\u00edte. V\u0161echno je to nuda a nuda. <strong>Majitel\u00e9 byt\u016f cht\u011bj\u00ed n\u011bco nov\u00e9ho a modern\u00edho<\/strong> . Aby se po oprav\u00e1ch a dokon\u010dovac\u00edch prac\u00edch m\u00edstnost stala nejen kr\u00e1snou, ale tak\u00e9 funk\u010dn\u011bj\u0161\u00ed a pohodln\u011bj\u0161\u00ed. Toho lze dos\u00e1hnout pomoc\u00ed interi\u00e9rov\u00e9ho designu. Kter\u00e1 bude vytvo\u0159ena p\u0159\u00edmo pro v\u00e1\u0161 domov s ohledem na va\u0161e p\u0159\u00e1n\u00ed a po\u017eadavky. <a href=\"https:\/\/asart.com.ua\/wp-content\/uploads\/2023\/07\/kuhnya-studiya-dom-63-23watermark.jpg\"><img loading=\"lazy\" decoding=\"async\" class=\"aligncenter size-full wp-image-10140 colorbox-18192\" src=\"https:\/\/asart.com.ua\/wp-content\/uploads\/2023\/07\/kuhnya-studiya-dom-63-23watermark.jpg\" alt=\"\" width=\"1100\" height=\"600\" srcset=\"https:\/\/asart.com.ua\/wp-content\/uploads\/2023\/07\/kuhnya-studiya-dom-63-23watermark.jpg 1100w, https:\/\/asart.com.ua\/wp-content\/uploads\/2023\/07\/kuhnya-studiya-dom-63-23watermark-300x164.jpg 300w, https:\/\/asart.com.ua\/wp-content\/uploads\/2023\/07\/kuhnya-studiya-dom-63-23watermark-1024x559.jpg 1024w, https:\/\/asart.com.ua\/wp-content\/uploads\/2023\/07\/kuhnya-studiya-dom-63-23watermark-768x419.jpg 768w\" sizes=\"(max-width: 1100px) 100vw, 1100px\" \/><\/a><br \/> <a href=\"https:\/\/asart.com.ua\/wp-content\/uploads\/2023\/07\/kuhnya-studiya-dom-63-25watermark.jpg\"><img loading=\"lazy\" decoding=\"async\" class=\"aligncenter size-full wp-image-10144 colorbox-18192\" src=\"https:\/\/asart.com.ua\/wp-content\/uploads\/2023\/07\/kuhnya-studiya-dom-63-25watermark.jpg\" alt=\"\" width=\"1100\" height=\"600\" srcset=\"https:\/\/asart.com.ua\/wp-content\/uploads\/2023\/07\/kuhnya-studiya-dom-63-25watermark.jpg 1100w, https:\/\/asart.com.ua\/wp-content\/uploads\/2023\/07\/kuhnya-studiya-dom-63-25watermark-300x164.jpg 300w, https:\/\/asart.com.ua\/wp-content\/uploads\/2023\/07\/kuhnya-studiya-dom-63-25watermark-1024x559.jpg 1024w, https:\/\/asart.com.ua\/wp-content\/uploads\/2023\/07\/kuhnya-studiya-dom-63-25watermark-768x419.jpg 768w\" sizes=\"(max-width: 1100px) 100vw, 1100px\" \/><\/a><a href=\"https:\/\/asart.com.ua\/wp-content\/uploads\/2016\/03\/Kuhnya-studiya-4watermark3.jpg\"><br \/><\/a> <a href=\"https:\/\/asart.com.ua\/wp-content\/uploads\/2023\/07\/kuhnya-studiya-dom-63-26watermark.jpg\"><img loading=\"lazy\" decoding=\"async\" class=\"aligncenter size-full wp-image-10146 colorbox-18192\" src=\"https:\/\/asart.com.ua\/wp-content\/uploads\/2023\/07\/kuhnya-studiya-dom-63-26watermark.jpg\" alt=\"\" width=\"1100\" height=\"600\" srcset=\"https:\/\/asart.com.ua\/wp-content\/uploads\/2023\/07\/kuhnya-studiya-dom-63-26watermark.jpg 1100w, https:\/\/asart.com.ua\/wp-content\/uploads\/2023\/07\/kuhnya-studiya-dom-63-26watermark-300x164.jpg 300w, https:\/\/asart.com.ua\/wp-content\/uploads\/2023\/07\/kuhnya-studiya-dom-63-26watermark-1024x559.jpg 1024w, https:\/\/asart.com.ua\/wp-content\/uploads\/2023\/07\/kuhnya-studiya-dom-63-26watermark-768x419.jpg 768w\" sizes=\"(max-width: 1100px) 100vw, 1100px\" \/><\/a><\/p>\n<h2> Profesion\u00e1ln\u00ed designov\u00e9 slu\u017eby.<\/h2>\n<p> Na\u0161e studio v\u00e1m s t\u00edm m\u016f\u017ee pomoci. Design\u00e9\u0159i AS-Design vyvinou pro v\u00e1\u0161 byt:<\/p>\n<ul>\n<li> individu\u00e1ln\u00ed<\/li>\n<li> unik\u00e1tn\u00ed<\/li>\n<li> v\u00fdhradn\u00ed<\/li>\n<li> unik\u00e1tn\u00ed<\/li>\n<\/ul>\n<p> Interi\u00e9rov\u00fd design v modern\u00edm stylu a za nejlep\u0161\u00ed cenu v Charkov\u011b. Modern\u00ed styl m\u00e1 mnoho sm\u011br\u016f, z nich\u017e ka\u017ed\u00fd m\u00e1 sv\u00e9 vlastn\u00ed vlastnosti a nuance. Ale v\u0161ichni v\u00e1m ud\u011blaj\u00ed byt:<\/p>\n<ul>\n<li> prostorn\u00fd<\/li>\n<li> \u00fatuln\u00fd<\/li>\n<li> sv\u011btlo<\/li>\n<li> funk\u010dn\u00ed<\/li>\n<\/ul>\n<p> Design v tomto sm\u011bru zahrnuje pou\u017eit\u00ed jasn\u00fdch struktur, sv\u011b\u017e\u00edch a jasn\u00fdch barev, stylov\u00fdch dopl\u0148k\u016f a r\u016fzn\u00fdch geometrick\u00fdch tvar\u016f. V byt\u011b jak\u00e9koli velikosti vytvo\u0159\u00ed design\u00e9\u0159i na\u0161eho studia voln\u00fd prostor s minim\u00e1ln\u00edm mno\u017estv\u00edm n\u00e1bytku a dal\u0161\u00edch atribut\u016f. V na\u0161ich projektech se sna\u017e\u00edme o jednoduchost, lehkost a funk\u010dnost. <a href=\"https:\/\/asart.com.ua\/wp-content\/uploads\/2022\/08\/dizajn-kvartiry-zhk-sokolniki-76watermark.jpg\"><img loading=\"lazy\" decoding=\"async\" class=\"aligncenter size-full wp-image-9741 colorbox-18192\" src=\"https:\/\/asart.com.ua\/wp-content\/uploads\/2022\/08\/dizajn-kvartiry-zhk-sokolniki-76watermark.jpg\" alt=\"\" width=\"1000\" height=\"563\" srcset=\"https:\/\/asart.com.ua\/wp-content\/uploads\/2022\/08\/dizajn-kvartiry-zhk-sokolniki-76watermark.jpg 1000w, https:\/\/asart.com.ua\/wp-content\/uploads\/2022\/08\/dizajn-kvartiry-zhk-sokolniki-76watermark-300x169.jpg 300w, https:\/\/asart.com.ua\/wp-content\/uploads\/2022\/08\/dizajn-kvartiry-zhk-sokolniki-76watermark-768x432.jpg 768w\" sizes=\"(max-width: 1000px) 100vw, 1000px\" \/><\/a> <a href=\"https:\/\/asart.com.ua\/wp-content\/uploads\/2022\/08\/dizajn-kvartiry-zhk-sokolniki-59watermark.jpg\"><img loading=\"lazy\" decoding=\"async\" class=\"aligncenter size-full wp-image-9707 colorbox-18192\" src=\"https:\/\/asart.com.ua\/wp-content\/uploads\/2022\/08\/dizajn-kvartiry-zhk-sokolniki-59watermark.jpg\" alt=\"\" width=\"1000\" height=\"564\" srcset=\"https:\/\/asart.com.ua\/wp-content\/uploads\/2022\/08\/dizajn-kvartiry-zhk-sokolniki-59watermark.jpg 1000w, https:\/\/asart.com.ua\/wp-content\/uploads\/2022\/08\/dizajn-kvartiry-zhk-sokolniki-59watermark-300x169.jpg 300w, https:\/\/asart.com.ua\/wp-content\/uploads\/2022\/08\/dizajn-kvartiry-zhk-sokolniki-59watermark-768x433.jpg 768w\" sizes=\"(max-width: 1000px) 100vw, 1000px\" \/><\/a> <a href=\"https:\/\/asart.com.ua\/wp-content\/uploads\/2022\/08\/dizajn-kvartiry-zhk-sokolniki-63watermark.jpg\"><img loading=\"lazy\" decoding=\"async\" class=\"aligncenter size-full wp-image-9715 colorbox-18192\" src=\"https:\/\/asart.com.ua\/wp-content\/uploads\/2022\/08\/dizajn-kvartiry-zhk-sokolniki-63watermark.jpg\" alt=\"\" width=\"1000\" height=\"563\" srcset=\"https:\/\/asart.com.ua\/wp-content\/uploads\/2022\/08\/dizajn-kvartiry-zhk-sokolniki-63watermark.jpg 1000w, https:\/\/asart.com.ua\/wp-content\/uploads\/2022\/08\/dizajn-kvartiry-zhk-sokolniki-63watermark-300x169.jpg 300w, https:\/\/asart.com.ua\/wp-content\/uploads\/2022\/08\/dizajn-kvartiry-zhk-sokolniki-63watermark-768x432.jpg 768w\" sizes=\"(max-width: 1000px) 100vw, 1000px\" \/><\/a><\/p>\n<h3> Vytvo\u0159\u00edme kr\u00e1sn\u00fd a harmonick\u00fd pokoj.<\/h3>\n<p> Interi\u00e9r bytu v modern\u00edm stylu se skl\u00e1d\u00e1 z jedin\u00e9ho prostoru, kde nejsou \u017e\u00e1dn\u00e9 m\u00edstnosti, minimum st\u011bn a p\u0159\u00ed\u010dek. Prostor je rozd\u011blen na funk\u010dn\u00ed z\u00f3ny, kter\u00e9 nahrad\u00ed lo\u017enici, ob\u00fdvac\u00ed pokoj a d\u011btsk\u00fd pokoj. Na\u0161i design\u00e9\u0159i studia v\u00e1m po prohl\u00eddce prostor \u0159eknou, jak nejl\u00e9pe zm\u011bnit st\u00e1vaj\u00edc\u00ed dispozici. \u010casto kombinuj\u00ed koupelnu s toaletou, kuchy\u0148 s ob\u00fdvac\u00edm pokojem, lo\u017enici s d\u011btsk\u00fdm pokojem.<\/p>\n<p> Krom\u011b prostoru zahrnuje modern\u00ed styl pou\u017eit\u00ed r\u016fzn\u00fdch barev v designu, mohou b\u00fdt sv\u011btl\u00e9 pastelov\u00e9 nebo tmav\u011b sv\u011btl\u00e9. Design\u00e9\u0159i se zam\u011b\u0159uj\u00ed tak\u00e9 na sv\u011btlo, <em>krom\u011b lustr\u016f do m\u00edstnost\u00ed instaluj\u00ed stylov\u00e9 sv\u00edcny, stojac\u00ed lampy, reflektory a skryt\u00e9 osv\u011btlen\u00ed<\/em> . V interi\u00e9ru je pou\u017eit kompaktn\u00ed, funk\u010dn\u00ed n\u00e1bytek, kter\u00fd nezabere mnoho m\u00edsta, ale z\u00e1rove\u0148 je schopen plnit mnoho funkc\u00ed.<\/p>\n<p> Za zm\u00ednku stoj\u00ed, \u017ee si sv\u016fj byt budete moci prohl\u00e9dnout s nov\u00fdm modern\u00edm designem, a to je\u0161t\u011b p\u0159ed proveden\u00edm jak\u00fdchkoliv prac\u00ed. K tomu je pot\u0159eba objednat si slu\u017ebu vizualizace vytvo\u0159en\u00e9ho projektu v na\u0161em studiu. Pokud m\u00e1te n\u011bjak\u00e9 p\u0159ipom\u00ednky ke stylu nebo dekoru, budou v\u0161echny zohledn\u011bny a opraveny.<\/p>\n<p> AS-Design pro v\u00e1s vytvo\u0159\u00ed jedine\u010dn\u00fd projekt bytov\u00e9ho interi\u00e9ru v modern\u00edm stylu za konkurenceschopnou cenu v Charkov\u011b.<\/p>\n","protected":false},"excerpt":{"rendered":"<p>Novou klasickou rekonstrukc\u00ed dnes u\u017e nikoho <a class=\"continue_link\" href=\"https:\/\/asart.com.ua\/cs\/dizajn-kvartir\/sovremennom-stile\/\">\u0427\u0438\u0442\u0430\u0442\u044c \u0434\u0430\u043b\u0435\u0435 >><\/a><\/p>\n","protected":false},"author":6,"featured_media":0,"parent":17992,"menu_order":0,"comment_status":"closed","ping_status":"closed","template":"","meta":{"footnotes":""},"acf":[],"aioseo_notices":[],"_links":{"self":[{"href":"https:\/\/asart.com.ua\/cs\/wp-json\/wp\/v2\/pages\/18192"}],"collection":[{"href":"https:\/\/asart.com.ua\/cs\/wp-json\/wp\/v2\/pages"}],"about":[{"href":"https:\/\/asart.com.ua\/cs\/wp-json\/wp\/v2\/types\/page"}],"author":[{"embeddable":true,"href":"https:\/\/asart.com.ua\/cs\/wp-json\/wp\/v2\/users\/6"}],"replies":[{"embeddable":true,"href":"https:\/\/asart.com.ua\/cs\/wp-json\/wp\/v2\/comments?post=18192"}],"version-history":[{"count":1,"href":"https:\/\/asart.com.ua\/cs\/wp-json\/wp\/v2\/pages\/18192\/revisions"}],"predecessor-version":[{"id":18195,"href":"https:\/\/asart.com.ua\/cs\/wp-json\/wp\/v2\/pages\/18192\/revisions\/18195"}],"up":[{"embeddable":true,"href":"https:\/\/asart.com.ua\/cs\/wp-json\/wp\/v2\/pages\/17992"}],"wp:attachment":[{"href":"https:\/\/asart.com.ua\/cs\/wp-json\/wp\/v2\/media?parent=18192"}],"curies":[{"name":"wp","href":"https:\/\/api.w.org\/{rel}","templated":true}]}}