{"id":18186,"date":"2017-06-06T11:56:12","date_gmt":"2017-06-06T08:56:12","guid":{"rendered":"https:\/\/asart.com.ua\/dizajn-kvartir\/skandinavskom-stile\/"},"modified":"2023-11-24T01:08:56","modified_gmt":"2023-11-23T22:08:56","slug":"skandinavskom-stile","status":"publish","type":"page","link":"https:\/\/asart.com.ua\/cs\/dizajn-kvartir\/skandinavskom-stile\/","title":{"rendered":"Design bytu ve skandin\u00e1vsk\u00e9m stylu"},"content":{"rendered":"<p>Dnes existuje mnoho styl\u016f interi\u00e9rov\u00e9ho designu. Ka\u017ed\u00fd z nich m\u00e1 sv\u00e9 specifick\u00e9 vlastnosti. Ale navzdory tomu v\u0161ichni:<\/p>\n<ul>\n<li> Kr\u00e1sn\u00e1<\/li>\n<li> zaj\u00edmav\u00fd<\/li>\n<li> origin\u00e1l<\/li>\n<li> unik\u00e1tn\u00ed<\/li>\n<\/ul>\n<p> Proto je pro mnoho obyvatel Kyjeva a Charkova obt\u00ed\u017en\u00e9 rozhodnout o nejvhodn\u011bj\u0161\u00edm designu pro sv\u016fj byt. Proto\u017ee ka\u017ed\u00fd chce <strong>, aby byl pokoj nejen kr\u00e1sn\u00fd, ale tak\u00e9 pohodln\u00fd a \u00fatuln\u00fd<\/strong> . Na\u0161e studio doporu\u010duje interi\u00e9rov\u00fd design ve skandin\u00e1vsk\u00e9m stylu, jeho\u017e hlavn\u00edmi rysy jsou univerz\u00e1lnost, jednoduchost, lehkost a p\u0159irozenost.<\/p>\n<p> <a href=\"https:\/\/asart.com.ua\/wp-content\/uploads\/2022\/08\/dizajn-taunhausa-25watermark-.jpg\"><img loading=\"lazy\" decoding=\"async\" class=\"aligncenter size-full wp-image-9641 colorbox-18186\" src=\"https:\/\/asart.com.ua\/wp-content\/uploads\/2022\/08\/dizajn-taunhausa-25watermark-.jpg\" alt=\"\" width=\"1000\" height=\"750\" srcset=\"https:\/\/asart.com.ua\/wp-content\/uploads\/2022\/08\/dizajn-taunhausa-25watermark-.jpg 1000w, https:\/\/asart.com.ua\/wp-content\/uploads\/2022\/08\/dizajn-taunhausa-25watermark--300x225.jpg 300w, https:\/\/asart.com.ua\/wp-content\/uploads\/2022\/08\/dizajn-taunhausa-25watermark--768x576.jpg 768w, https:\/\/asart.com.ua\/wp-content\/uploads\/2022\/08\/dizajn-taunhausa-25watermark--160x120.jpg 160w, https:\/\/asart.com.ua\/wp-content\/uploads\/2022\/08\/dizajn-taunhausa-25watermark--289x217.jpg 289w\" sizes=\"(max-width: 1000px) 100vw, 1000px\" \/><\/a><br \/> <a href=\"https:\/\/asart.com.ua\/wp-content\/uploads\/2022\/08\/dizajn-taunhausa-23watermark-.jpg\"><img loading=\"lazy\" decoding=\"async\" class=\"aligncenter size-full wp-image-9639 colorbox-18186\" src=\"https:\/\/asart.com.ua\/wp-content\/uploads\/2022\/08\/dizajn-taunhausa-23watermark-.jpg\" alt=\"\" width=\"1000\" height=\"750\" srcset=\"https:\/\/asart.com.ua\/wp-content\/uploads\/2022\/08\/dizajn-taunhausa-23watermark-.jpg 1000w, https:\/\/asart.com.ua\/wp-content\/uploads\/2022\/08\/dizajn-taunhausa-23watermark--300x225.jpg 300w, https:\/\/asart.com.ua\/wp-content\/uploads\/2022\/08\/dizajn-taunhausa-23watermark--768x576.jpg 768w, https:\/\/asart.com.ua\/wp-content\/uploads\/2022\/08\/dizajn-taunhausa-23watermark--160x120.jpg 160w, https:\/\/asart.com.ua\/wp-content\/uploads\/2022\/08\/dizajn-taunhausa-23watermark--289x217.jpg 289w\" sizes=\"(max-width: 1000px) 100vw, 1000px\" \/><\/a><\/p>\n<h2> Zaj\u00edmav\u00fd designov\u00fd sm\u011br.<\/h2>\n<p> Skandin\u00e1vsk\u00fd styl se hod\u00ed do nejr\u016fzn\u011bj\u0161\u00edch byt\u016f bez ohledu na jejich velikost, dispozici a po\u010det pokoj\u016f. Je schopen vytvo\u0159it pokoj:<\/p>\n<ul>\n<li> sv\u011btlo<\/li>\n<li> \u00fatuln\u00fd<\/li>\n<li> komfortn\u00ed<\/li>\n<li> modern\u00ed<\/li>\n<\/ul>\n<p> Skandin\u00e1vsk\u00fd interi\u00e9rov\u00fd design se l\u00edb\u00ed mnoha z\u00e1kazn\u00edk\u016fm z Kyjeva, Charkova a dal\u0161\u00edch m\u011bst d\u00edky tomu, \u017ee je lehk\u00fd, p\u0159irozen\u00fd, skromn\u00fd a z\u00e1rove\u0148 elegantn\u00ed, sofistikovan\u00fd a funk\u010dn\u00ed. P\u0159i zdoben\u00ed bytu v tomto sm\u011bru designu design\u00e9\u0159i p\u0159edev\u0161\u00edm m\u011bn\u00ed okna. Ostatn\u011b interi\u00e9rov\u00fd design ve skandin\u00e1vsk\u00e9m stylu se vyzna\u010duje p\u0159edev\u0161\u00edm velk\u00fdm mno\u017estv\u00edm p\u0159irozen\u00e9ho sv\u011btla. A takov\u00e9ho osv\u011btlen\u00ed lze dos\u00e1hnout pouze obrovsk\u00fdmi okny.<\/p>\n<p> <a href=\"https:\/\/asart.com.ua\/wp-content\/uploads\/2022\/08\/dizajn-taunhausa-1watermark-.jpg\"><img loading=\"lazy\" decoding=\"async\" class=\"aligncenter size-full wp-image-9613 colorbox-18186\" src=\"https:\/\/asart.com.ua\/wp-content\/uploads\/2022\/08\/dizajn-taunhausa-1watermark-.jpg\" alt=\"\" width=\"1000\" height=\"750\" srcset=\"https:\/\/asart.com.ua\/wp-content\/uploads\/2022\/08\/dizajn-taunhausa-1watermark-.jpg 1000w, https:\/\/asart.com.ua\/wp-content\/uploads\/2022\/08\/dizajn-taunhausa-1watermark--300x225.jpg 300w, https:\/\/asart.com.ua\/wp-content\/uploads\/2022\/08\/dizajn-taunhausa-1watermark--768x576.jpg 768w, https:\/\/asart.com.ua\/wp-content\/uploads\/2022\/08\/dizajn-taunhausa-1watermark--160x120.jpg 160w, https:\/\/asart.com.ua\/wp-content\/uploads\/2022\/08\/dizajn-taunhausa-1watermark--289x217.jpg 289w\" sizes=\"(max-width: 1000px) 100vw, 1000px\" \/><\/a> <a href=\"https:\/\/asart.com.ua\/wp-content\/uploads\/2022\/08\/dizajn-taunhausa-13watermark-.jpg\"><img loading=\"lazy\" decoding=\"async\" class=\"aligncenter size-full wp-image-9627 colorbox-18186\" src=\"https:\/\/asart.com.ua\/wp-content\/uploads\/2022\/08\/dizajn-taunhausa-13watermark-.jpg\" alt=\"\" width=\"1000\" height=\"750\" srcset=\"https:\/\/asart.com.ua\/wp-content\/uploads\/2022\/08\/dizajn-taunhausa-13watermark-.jpg 1000w, https:\/\/asart.com.ua\/wp-content\/uploads\/2022\/08\/dizajn-taunhausa-13watermark--300x225.jpg 300w, https:\/\/asart.com.ua\/wp-content\/uploads\/2022\/08\/dizajn-taunhausa-13watermark--768x576.jpg 768w, https:\/\/asart.com.ua\/wp-content\/uploads\/2022\/08\/dizajn-taunhausa-13watermark--160x120.jpg 160w, https:\/\/asart.com.ua\/wp-content\/uploads\/2022\/08\/dizajn-taunhausa-13watermark--289x217.jpg 289w\" sizes=\"(max-width: 1000px) 100vw, 1000px\" \/><\/a><\/p>\n<h3> Pou\u017eit\u00ed jedine\u010dn\u00fdch designov\u00fdch akcent\u016f.<\/h3>\n<p> K dekoraci a dekoraci v\u0161ech m\u00edstnost\u00ed bytu se pou\u017e\u00edvaj\u00ed pastelov\u00e9 barvy, ve v\u011bt\u0161in\u011b p\u0159\u00edpad\u016f b\u00edl\u00e1 a b\u00e9\u017eov\u00e1. Mohou b\u00fdt tak\u00e9 sv\u011btle hn\u011bd\u00e9, sv\u011btle \u0161ed\u00e9, sv\u011btle r\u016f\u017eov\u00e9, sv\u011btle modr\u00e9 a mnoho dal\u0161\u00edch. Aby m\u00edstnost nevypadala p\u0159\u00edli\u0161 bled\u011b, je dekor z\u0159ed\u011bn jasn\u00fdmi akcenty. Interi\u00e9rov\u00fd design ve skandin\u00e1vsk\u00e9m stylu <em>vyu\u017e\u00edv\u00e1 p\u0159\u00edrodn\u00ed materi\u00e1ly jako je d\u0159evo, keramika, p\u0159\u00edrodn\u00ed k\u00e1men, bavlna, ko\u017ee\u0161ina, k\u016f\u017ee<\/em> . D\u0159evo se pou\u017e\u00edv\u00e1 na \u00fapravu bytu, keramika a k\u00e1men na obklady povrch\u016f. Dekorativn\u00ed z\u00e1v\u011bsy mohou b\u00fdt vyrobeny z bavlny, lnu, k\u016f\u017ee a ko\u017ee\u0161iny.<\/p>\n<p> Interi\u00e9rov\u00fd design ve skandin\u00e1vsk\u00e9m stylu se vyzna\u010duje otev\u0159en\u00fdm uspo\u0159\u00e1d\u00e1n\u00edm. V\u0161echny mo\u017en\u00e9 p\u0159\u00ed\u010dky a st\u011bny jsou odstran\u011bny, d\u00edky tomu z\u00edsk\u00e1te tzv. studio apartm\u00e1n. Lo\u017enice, ob\u00fdvac\u00ed pokoj, hala, d\u011btsk\u00fd pokoj a dal\u0161\u00ed m\u00edstnosti jsou spojeny do jednoho prostoru. K dekoraci a v\u00fdzdob\u011b pokoj\u016f se pou\u017e\u00edvaj\u00ed jednoduch\u00e9, praktick\u00e9 a funk\u010dn\u00ed designov\u00e9 p\u0159edm\u011bty a dopl\u0148ky.<\/p>\n<p> Design\u00e9rka studia AS-Design V\u00e1m nab\u00eddne mnoho zaj\u00edmav\u00fdch n\u00e1pad\u016f pro interi\u00e9rov\u00fd design bytu ve skandin\u00e1vsk\u00e9m stylu. Ve\u0161ker\u00e9 projek\u010dn\u00ed pr\u00e1ce budou provedeny profesion\u00e1ln\u011b, v dohodnut\u00e9m term\u00ednu a za nejlep\u0161\u00ed cenu na Ukrajin\u011b.<\/p>\n","protected":false},"excerpt":{"rendered":"<p>Dnes existuje mnoho styl\u016f interi\u00e9rov\u00e9ho designu. <a class=\"continue_link\" href=\"https:\/\/asart.com.ua\/cs\/dizajn-kvartir\/skandinavskom-stile\/\">\u0427\u0438\u0442\u0430\u0442\u044c \u0434\u0430\u043b\u0435\u0435 >><\/a><\/p>\n","protected":false},"author":6,"featured_media":0,"parent":17992,"menu_order":0,"comment_status":"closed","ping_status":"closed","template":"","meta":{"footnotes":""},"acf":[],"aioseo_notices":[],"_links":{"self":[{"href":"https:\/\/asart.com.ua\/cs\/wp-json\/wp\/v2\/pages\/18186"}],"collection":[{"href":"https:\/\/asart.com.ua\/cs\/wp-json\/wp\/v2\/pages"}],"about":[{"href":"https:\/\/asart.com.ua\/cs\/wp-json\/wp\/v2\/types\/page"}],"author":[{"embeddable":true,"href":"https:\/\/asart.com.ua\/cs\/wp-json\/wp\/v2\/users\/6"}],"replies":[{"embeddable":true,"href":"https:\/\/asart.com.ua\/cs\/wp-json\/wp\/v2\/comments?post=18186"}],"version-history":[{"count":1,"href":"https:\/\/asart.com.ua\/cs\/wp-json\/wp\/v2\/pages\/18186\/revisions"}],"predecessor-version":[{"id":18189,"href":"https:\/\/asart.com.ua\/cs\/wp-json\/wp\/v2\/pages\/18186\/revisions\/18189"}],"up":[{"embeddable":true,"href":"https:\/\/asart.com.ua\/cs\/wp-json\/wp\/v2\/pages\/17992"}],"wp:attachment":[{"href":"https:\/\/asart.com.ua\/cs\/wp-json\/wp\/v2\/media?parent=18186"}],"curies":[{"name":"wp","href":"https:\/\/api.w.org\/{rel}","templated":true}]}}