{"id":18180,"date":"2017-06-06T10:48:18","date_gmt":"2017-06-06T07:48:18","guid":{"rendered":"https:\/\/asart.com.ua\/dizajn-kvartir\/novostrojke\/"},"modified":"2023-11-27T15:16:29","modified_gmt":"2023-11-27T12:16:29","slug":"novostrojke","status":"publish","type":"page","link":"https:\/\/asart.com.ua\/cs\/dizajn-kvartir\/novostrojke\/","title":{"rendered":"N\u00e1vrh bytu v novostavb\u011b"},"content":{"rendered":"<p>Mnoho obyvatel Kyjeva, Charkova a dal\u0161\u00edch m\u011bst Ukrajiny sn\u00ed o byt\u011b v nov\u00e9 budov\u011b. Koneckonc\u016f, v takov\u00e9 m\u00edstnosti m\u016f\u017eete d\u011blat v\u0161e s ohledem na va\u0161e chu\u0165ov\u00e9 preference. V podstat\u011b <strong>kupujete pokoj s hol\u00fdmi st\u011bnami bez povrchov\u00e9 \u00fapravy nebo komunikace<\/strong> . Proto se jednodu\u0161e neobejdete bez proveden\u00ed gener\u00e1ln\u00ed opravy a objedn\u00e1n\u00ed projektu interi\u00e9ru. Vzhledem k tomu, \u017ee designov\u00e1 pr\u00e1ce hraje d\u016fle\u017eitou roli pro ka\u017edou m\u00edstnost, proto\u017ee na n\u00ed z\u00e1vis\u00ed i stavebn\u00ed, dokon\u010dovac\u00ed a oprav\u00e1rensk\u00e9 pr\u00e1ce, m\u011bli byste kontaktovat pouze profesion\u00e1ly. <a href=\"https:\/\/asart.com.ua\/wp-content\/uploads\/2022\/08\/dizajn-interera-kvartiry-27watermark.jpg\"><img loading=\"lazy\" decoding=\"async\" class=\"aligncenter size-full wp-image-9281 colorbox-18180\" src=\"https:\/\/asart.com.ua\/wp-content\/uploads\/2022\/08\/dizajn-interera-kvartiry-27watermark.jpg\" alt=\"\" width=\"1000\" height=\"750\" srcset=\"https:\/\/asart.com.ua\/wp-content\/uploads\/2022\/08\/dizajn-interera-kvartiry-27watermark.jpg 1000w, https:\/\/asart.com.ua\/wp-content\/uploads\/2022\/08\/dizajn-interera-kvartiry-27watermark-300x225.jpg 300w, https:\/\/asart.com.ua\/wp-content\/uploads\/2022\/08\/dizajn-interera-kvartiry-27watermark-768x576.jpg 768w, https:\/\/asart.com.ua\/wp-content\/uploads\/2022\/08\/dizajn-interera-kvartiry-27watermark-160x120.jpg 160w, https:\/\/asart.com.ua\/wp-content\/uploads\/2022\/08\/dizajn-interera-kvartiry-27watermark-289x217.jpg 289w\" sizes=\"(max-width: 1000px) 100vw, 1000px\" \/><\/a><\/p>\n<p> <a href=\"https:\/\/asart.com.ua\/wp-content\/uploads\/2022\/08\/dizajn-interera-kvartiry-28watermark.jpg\"><img loading=\"lazy\" decoding=\"async\" class=\"aligncenter size-full wp-image-9283 colorbox-18180\" src=\"https:\/\/asart.com.ua\/wp-content\/uploads\/2022\/08\/dizajn-interera-kvartiry-28watermark.jpg\" alt=\"\" width=\"1000\" height=\"750\" srcset=\"https:\/\/asart.com.ua\/wp-content\/uploads\/2022\/08\/dizajn-interera-kvartiry-28watermark.jpg 1000w, https:\/\/asart.com.ua\/wp-content\/uploads\/2022\/08\/dizajn-interera-kvartiry-28watermark-300x225.jpg 300w, https:\/\/asart.com.ua\/wp-content\/uploads\/2022\/08\/dizajn-interera-kvartiry-28watermark-768x576.jpg 768w, https:\/\/asart.com.ua\/wp-content\/uploads\/2022\/08\/dizajn-interera-kvartiry-28watermark-160x120.jpg 160w, https:\/\/asart.com.ua\/wp-content\/uploads\/2022\/08\/dizajn-interera-kvartiry-28watermark-289x217.jpg 289w\" sizes=\"(max-width: 1000px) 100vw, 1000px\" \/><\/a><\/p>\n<p> <a href=\"https:\/\/asart.com.ua\/wp-content\/uploads\/2022\/08\/dizajn-interera-kvartiry-25watermark.jpg\"><img loading=\"lazy\" decoding=\"async\" class=\"aligncenter size-full wp-image-9277 colorbox-18180\" src=\"https:\/\/asart.com.ua\/wp-content\/uploads\/2022\/08\/dizajn-interera-kvartiry-25watermark.jpg\" alt=\"\" width=\"1000\" height=\"750\" srcset=\"https:\/\/asart.com.ua\/wp-content\/uploads\/2022\/08\/dizajn-interera-kvartiry-25watermark.jpg 1000w, https:\/\/asart.com.ua\/wp-content\/uploads\/2022\/08\/dizajn-interera-kvartiry-25watermark-300x225.jpg 300w, https:\/\/asart.com.ua\/wp-content\/uploads\/2022\/08\/dizajn-interera-kvartiry-25watermark-768x576.jpg 768w, https:\/\/asart.com.ua\/wp-content\/uploads\/2022\/08\/dizajn-interera-kvartiry-25watermark-160x120.jpg 160w, https:\/\/asart.com.ua\/wp-content\/uploads\/2022\/08\/dizajn-interera-kvartiry-25watermark-289x217.jpg 289w\" sizes=\"(max-width: 1000px) 100vw, 1000px\" \/><\/a><\/p>\n<p> <a href=\"https:\/\/asart.com.ua\/wp-content\/uploads\/2022\/08\/dizajn-interera-kvartiry-18watermark.jpg\"><img loading=\"lazy\" decoding=\"async\" class=\"aligncenter size-full wp-image-9263 colorbox-18180\" src=\"https:\/\/asart.com.ua\/wp-content\/uploads\/2022\/08\/dizajn-interera-kvartiry-18watermark.jpg\" alt=\"\" width=\"1000\" height=\"750\" srcset=\"https:\/\/asart.com.ua\/wp-content\/uploads\/2022\/08\/dizajn-interera-kvartiry-18watermark.jpg 1000w, https:\/\/asart.com.ua\/wp-content\/uploads\/2022\/08\/dizajn-interera-kvartiry-18watermark-300x225.jpg 300w, https:\/\/asart.com.ua\/wp-content\/uploads\/2022\/08\/dizajn-interera-kvartiry-18watermark-768x576.jpg 768w, https:\/\/asart.com.ua\/wp-content\/uploads\/2022\/08\/dizajn-interera-kvartiry-18watermark-160x120.jpg 160w, https:\/\/asart.com.ua\/wp-content\/uploads\/2022\/08\/dizajn-interera-kvartiry-18watermark-289x217.jpg 289w\" sizes=\"(max-width: 1000px) 100vw, 1000px\" \/><\/a><\/p>\n<p> <a href=\"https:\/\/asart.com.ua\/wp-content\/uploads\/2022\/08\/dizajn-interera-kvartiry-36watermark.jpg\"><img loading=\"lazy\" decoding=\"async\" class=\"aligncenter size-full wp-image-9299 colorbox-18180\" src=\"https:\/\/asart.com.ua\/wp-content\/uploads\/2022\/08\/dizajn-interera-kvartiry-36watermark.jpg\" alt=\"\" width=\"1000\" height=\"750\" srcset=\"https:\/\/asart.com.ua\/wp-content\/uploads\/2022\/08\/dizajn-interera-kvartiry-36watermark.jpg 1000w, https:\/\/asart.com.ua\/wp-content\/uploads\/2022\/08\/dizajn-interera-kvartiry-36watermark-300x225.jpg 300w, https:\/\/asart.com.ua\/wp-content\/uploads\/2022\/08\/dizajn-interera-kvartiry-36watermark-768x576.jpg 768w, https:\/\/asart.com.ua\/wp-content\/uploads\/2022\/08\/dizajn-interera-kvartiry-36watermark-160x120.jpg 160w, https:\/\/asart.com.ua\/wp-content\/uploads\/2022\/08\/dizajn-interera-kvartiry-36watermark-289x217.jpg 289w\" sizes=\"(max-width: 1000px) 100vw, 1000px\" \/><\/a><\/p>\n<p> <a href=\"https:\/\/asart.com.ua\/wp-content\/uploads\/2022\/08\/dizajn-interera-kvartiry-12watermark.jpg\"><img loading=\"lazy\" decoding=\"async\" class=\"aligncenter size-full wp-image-9255 colorbox-18180\" src=\"https:\/\/asart.com.ua\/wp-content\/uploads\/2022\/08\/dizajn-interera-kvartiry-12watermark.jpg\" alt=\"\" width=\"1000\" height=\"750\" srcset=\"https:\/\/asart.com.ua\/wp-content\/uploads\/2022\/08\/dizajn-interera-kvartiry-12watermark.jpg 1000w, https:\/\/asart.com.ua\/wp-content\/uploads\/2022\/08\/dizajn-interera-kvartiry-12watermark-300x225.jpg 300w, https:\/\/asart.com.ua\/wp-content\/uploads\/2022\/08\/dizajn-interera-kvartiry-12watermark-768x576.jpg 768w, https:\/\/asart.com.ua\/wp-content\/uploads\/2022\/08\/dizajn-interera-kvartiry-12watermark-160x120.jpg 160w, https:\/\/asart.com.ua\/wp-content\/uploads\/2022\/08\/dizajn-interera-kvartiry-12watermark-289x217.jpg 289w\" sizes=\"(max-width: 1000px) 100vw, 1000px\" \/><\/a><\/p>\n<p> <a href=\"https:\/\/asart.com.ua\/wp-content\/uploads\/2022\/08\/dizajn-interera-kvartiry-11watermark.jpg\"><img loading=\"lazy\" decoding=\"async\" class=\"aligncenter size-full wp-image-9253 colorbox-18180\" src=\"https:\/\/asart.com.ua\/wp-content\/uploads\/2022\/08\/dizajn-interera-kvartiry-11watermark.jpg\" alt=\"\" width=\"1000\" height=\"750\" srcset=\"https:\/\/asart.com.ua\/wp-content\/uploads\/2022\/08\/dizajn-interera-kvartiry-11watermark.jpg 1000w, https:\/\/asart.com.ua\/wp-content\/uploads\/2022\/08\/dizajn-interera-kvartiry-11watermark-300x225.jpg 300w, https:\/\/asart.com.ua\/wp-content\/uploads\/2022\/08\/dizajn-interera-kvartiry-11watermark-768x576.jpg 768w, https:\/\/asart.com.ua\/wp-content\/uploads\/2022\/08\/dizajn-interera-kvartiry-11watermark-160x120.jpg 160w, https:\/\/asart.com.ua\/wp-content\/uploads\/2022\/08\/dizajn-interera-kvartiry-11watermark-289x217.jpg 289w\" sizes=\"(max-width: 1000px) 100vw, 1000px\" \/><\/a><\/p>\n<p> <a href=\"https:\/\/asart.com.ua\/wp-content\/uploads\/2022\/08\/dizajn-interera-kvartiry-9watermark.jpg\"><img loading=\"lazy\" decoding=\"async\" class=\"aligncenter size-full wp-image-9249 colorbox-18180\" src=\"https:\/\/asart.com.ua\/wp-content\/uploads\/2022\/08\/dizajn-interera-kvartiry-9watermark.jpg\" alt=\"\" width=\"1000\" height=\"750\" srcset=\"https:\/\/asart.com.ua\/wp-content\/uploads\/2022\/08\/dizajn-interera-kvartiry-9watermark.jpg 1000w, https:\/\/asart.com.ua\/wp-content\/uploads\/2022\/08\/dizajn-interera-kvartiry-9watermark-300x225.jpg 300w, https:\/\/asart.com.ua\/wp-content\/uploads\/2022\/08\/dizajn-interera-kvartiry-9watermark-768x576.jpg 768w, https:\/\/asart.com.ua\/wp-content\/uploads\/2022\/08\/dizajn-interera-kvartiry-9watermark-160x120.jpg 160w, https:\/\/asart.com.ua\/wp-content\/uploads\/2022\/08\/dizajn-interera-kvartiry-9watermark-289x217.jpg 289w\" sizes=\"(max-width: 1000px) 100vw, 1000px\" \/><\/a> <a href=\"https:\/\/asart.com.ua\/wp-content\/uploads\/2022\/08\/dizajn-interera-kvartiry-5watermark.jpg\"><img loading=\"lazy\" decoding=\"async\" class=\"aligncenter size-full wp-image-9241 colorbox-18180\" src=\"https:\/\/asart.com.ua\/wp-content\/uploads\/2022\/08\/dizajn-interera-kvartiry-5watermark.jpg\" alt=\"\" width=\"1000\" height=\"750\" srcset=\"https:\/\/asart.com.ua\/wp-content\/uploads\/2022\/08\/dizajn-interera-kvartiry-5watermark.jpg 1000w, https:\/\/asart.com.ua\/wp-content\/uploads\/2022\/08\/dizajn-interera-kvartiry-5watermark-300x225.jpg 300w, https:\/\/asart.com.ua\/wp-content\/uploads\/2022\/08\/dizajn-interera-kvartiry-5watermark-768x576.jpg 768w, https:\/\/asart.com.ua\/wp-content\/uploads\/2022\/08\/dizajn-interera-kvartiry-5watermark-160x120.jpg 160w, https:\/\/asart.com.ua\/wp-content\/uploads\/2022\/08\/dizajn-interera-kvartiry-5watermark-289x217.jpg 289w\" sizes=\"(max-width: 1000px) 100vw, 1000px\" \/><\/a><\/p>\n<h2> Ud\u011blejme nov\u00fd pokoj kr\u00e1sn\u00fd a funk\u010dn\u00ed.<\/h2>\n<p> Na\u0161e studio m\u00e1 bohat\u00e9 zku\u0161enosti s v\u00fdvojem projekt\u016f interi\u00e9rov\u00e9ho designu byt\u016f v novostavb\u00e1ch. AS-Design nab\u00edz\u00ed sv\u00fdm z\u00e1kazn\u00edk\u016fm:<\/p>\n<ul>\n<li> profesion\u00e1ln\u00ed p\u0159\u00edstup<\/li>\n<li> nestandardn\u00ed konstruk\u010dn\u00ed \u0159e\u0161en\u00ed<\/li>\n<li> p\u0159ijateln\u00e9 ceny<\/li>\n<li> rychl\u00e9 obratov\u00e9 \u010dasy<\/li>\n<\/ul>\n<p> Vzhledem k tomu, \u017ee se m\u00edstnost nach\u00e1z\u00ed v nov\u00e9m dom\u011b, bude muset n\u00e1vrh\u00e1\u0159 ud\u011blat spoustu pr\u00e1ce. V ka\u017ed\u00e9m p\u0159\u00edpad\u011b se neobejdete bez prohl\u00eddky bytu v novostavb\u011b. Na sch\u016fzce se s v\u00e1mi projektant dohodne na pot\u0159eb\u011b p\u0159estavby, mo\u017en\u00e1 budete cht\u00edt odstranit v\u0161echny mo\u017en\u00e9 st\u011bny a p\u0159\u00ed\u010dky a pokoje spojit. Chcete-li nakonec z\u00edskat jeden harmonick\u00fd prostor s odd\u011blen\u00fdmi funk\u010dn\u00edmi oblastmi. Krom\u011b p\u0159estavby budete koordinovat um\u00edst\u011bn\u00ed elektrick\u00fdch rozvod\u016f a in\u017een\u00fdrsk\u00fdch syst\u00e9m\u016f, proto\u017ee bez jejich vytvo\u0159en\u00ed nebude stavebn\u00ed t\u00fdm schopen zah\u00e1jit opravy a dokon\u010dovac\u00ed pr\u00e1ce. <img loading=\"lazy\" decoding=\"async\" class=\"aligncenter wp-image-3426 size-full colorbox-18180\" src=\"https:\/\/asart.com.ua\/wp-content\/uploads\/2014\/06\/1e&#96;t_1_26watermark.jpg\" alt=\"N\u00e1vrh interi\u00e9ru bytu v novostavb\u011b\" width=\"1000\" height=\"750\" \/><img loading=\"lazy\" decoding=\"async\" class=\"aligncenter wp-image-2301 size-full colorbox-18180\" src=\"https:\/\/asart.com.ua\/wp-content\/uploads\/2012\/05\/\u043a_\u043e_1\u044d\u0442_3_mini.jpg\" alt=\"N\u00e1vrh interi\u00e9ru bytu v novostavb\u011b\" width=\"1000\" height=\"750\" \/><img loading=\"lazy\" decoding=\"async\" class=\"aligncenter wp-image-2265 size-full colorbox-18180\" src=\"https:\/\/asart.com.ua\/wp-content\/uploads\/2012\/05\/\u0433\u043e\u0441\u0442_1\u044d\u0442_2_2watermark.jpg\" alt=\"N\u00e1vrh interi\u00e9ru byt\u016f v novostavb\u011b\" width=\"1000\" height=\"750\" \/><img loading=\"lazy\" decoding=\"async\" class=\"aligncenter wp-image-1779 size-full colorbox-18180\" src=\"https:\/\/asart.com.ua\/wp-content\/uploads\/2012\/12\/\u0421\u043f\u0430\u043b\u044c\u043d\u044f-\u0421\u0410\u0428\u0410-\u0433\u0440\u0435\u043a\u043e\u0432\u0441\u043a\u0430\u044f-1watermark.jpg\" alt=\"Interi\u00e9r bytu v novostavb\u011b\" width=\"1000\" height=\"750\" srcset=\"https:\/\/asart.com.ua\/wp-content\/uploads\/2012\/12\/\u0421\u043f\u0430\u043b\u044c\u043d\u044f-\u0421\u0410\u0428\u0410-\u0433\u0440\u0435\u043a\u043e\u0432\u0441\u043a\u0430\u044f-1watermark.jpg 1000w, https:\/\/asart.com.ua\/wp-content\/uploads\/2012\/12\/\u0421\u043f\u0430\u043b\u044c\u043d\u044f-\u0421\u0410\u0428\u0410-\u0433\u0440\u0435\u043a\u043e\u0432\u0441\u043a\u0430\u044f-1watermark-300x225.jpg 300w, https:\/\/asart.com.ua\/wp-content\/uploads\/2012\/12\/\u0421\u043f\u0430\u043b\u044c\u043d\u044f-\u0421\u0410\u0428\u0410-\u0433\u0440\u0435\u043a\u043e\u0432\u0441\u043a\u0430\u044f-1watermark-160x120.jpg 160w, https:\/\/asart.com.ua\/wp-content\/uploads\/2012\/12\/\u0421\u043f\u0430\u043b\u044c\u043d\u044f-\u0421\u0410\u0428\u0410-\u0433\u0440\u0435\u043a\u043e\u0432\u0441\u043a\u0430\u044f-1watermark-289x217.jpg 289w\" sizes=\"(max-width: 1000px) 100vw, 1000px\" \/><\/p>\n<h3> Modern\u00ed styly a jedine\u010dn\u00e9 barvy.<\/h3>\n<p> Po odsouhlasen\u00ed z\u00e1le\u017eitost\u00ed souvisej\u00edc\u00edch s opravami a dokon\u010dovac\u00edmi pracemi za\u010d\u00edn\u00e1me p\u0159\u00edmo souhlasit s ot\u00e1zkami, kter\u00e9 se t\u00fdkaj\u00ed projektu interi\u00e9ru. Mus\u00edte si vybrat nejvhodn\u011bj\u0161\u00ed styl a barevn\u00e9 sch\u00e9ma pro design va\u0161eho bytu v novostavb\u011b. Design\u00e9r studia AS-Design v\u00e1m nab\u00eddne n\u011bkolik zaj\u00edmav\u00fdch modern\u00edch styl\u016f, ze kter\u00fdch si budete muset vybrat. Po odsouhlasen\u00ed barvy a stylu bude speci\u00e1ln\u011b pro v\u00e1s vyvinuto:<\/p>\n<ul>\n<li> unik\u00e1tn\u00ed<\/li>\n<li> unik\u00e1tn\u00ed<\/li>\n<li> Kr\u00e1sn\u00e1<\/li>\n<li> zaj\u00edmav\u00fd<\/li>\n<\/ul>\n<p> Vzhled interi\u00e9ru. Kter\u00fd krom\u011b kr\u00e1sn\u00e9ho vzhledu vytvo\u0159\u00ed v novostavb\u011b bytu pohodlnou, \u00fatulnou, dom\u00e1ckou atmosf\u00e9ru a atmosf\u00e9ru. <em>Sou\u010d\u00e1st\u00ed projektu interi\u00e9ru je i v\u00fdb\u011br n\u00e1bytku a designov\u00fdch dopl\u0148k\u016f v souladu se schv\u00e1len\u00fdm stylem<\/em> . Design\u00e9rka do va\u0161eho bytu v novostavb\u011b vybere kompaktn\u00ed a funk\u010dn\u00ed n\u00e1bytek, kter\u00fd dokonale zapadne do vytvo\u0159en\u00e9ho interi\u00e9ru.<\/p>\n<p> Na\u0161e studio vytvo\u0159\u00ed jedine\u010dn\u00fd a nenapodobiteln\u00fd design interi\u00e9ru pro v\u00e1\u0161 byt v novostavb\u011b za nejlep\u0161\u00ed cenu v Kyjev\u011b a Charkov\u011b.<\/p>\n","protected":false},"excerpt":{"rendered":"<p>Mnoho obyvatel Kyjeva, Charkova a dal\u0161\u00edch <a class=\"continue_link\" href=\"https:\/\/asart.com.ua\/cs\/dizajn-kvartir\/novostrojke\/\">\u0427\u0438\u0442\u0430\u0442\u044c \u0434\u0430\u043b\u0435\u0435 >><\/a><\/p>\n","protected":false},"author":6,"featured_media":0,"parent":17992,"menu_order":0,"comment_status":"closed","ping_status":"closed","template":"","meta":{"footnotes":""},"acf":[],"aioseo_notices":[],"_links":{"self":[{"href":"https:\/\/asart.com.ua\/cs\/wp-json\/wp\/v2\/pages\/18180"}],"collection":[{"href":"https:\/\/asart.com.ua\/cs\/wp-json\/wp\/v2\/pages"}],"about":[{"href":"https:\/\/asart.com.ua\/cs\/wp-json\/wp\/v2\/types\/page"}],"author":[{"embeddable":true,"href":"https:\/\/asart.com.ua\/cs\/wp-json\/wp\/v2\/users\/6"}],"replies":[{"embeddable":true,"href":"https:\/\/asart.com.ua\/cs\/wp-json\/wp\/v2\/comments?post=18180"}],"version-history":[{"count":1,"href":"https:\/\/asart.com.ua\/cs\/wp-json\/wp\/v2\/pages\/18180\/revisions"}],"predecessor-version":[{"id":18183,"href":"https:\/\/asart.com.ua\/cs\/wp-json\/wp\/v2\/pages\/18180\/revisions\/18183"}],"up":[{"embeddable":true,"href":"https:\/\/asart.com.ua\/cs\/wp-json\/wp\/v2\/pages\/17992"}],"wp:attachment":[{"href":"https:\/\/asart.com.ua\/cs\/wp-json\/wp\/v2\/media?parent=18180"}],"curies":[{"name":"wp","href":"https:\/\/api.w.org\/{rel}","templated":true}]}}