{"id":18174,"date":"2017-06-29T15:14:57","date_gmt":"2017-06-29T12:14:57","guid":{"rendered":"https:\/\/asart.com.ua\/dizajn-kvartir\/stile-sovremennoj-klassiki\/"},"modified":"2024-09-11T15:48:11","modified_gmt":"2024-09-11T12:48:11","slug":"stile-sovremennoj-klassiki","status":"publish","type":"page","link":"https:\/\/asart.com.ua\/cs\/dizajn-kvartir\/stile-sovremennoj-klassiki\/","title":{"rendered":"Bytov\u00fd design ve stylu modern\u00ed klasiky"},"content":{"rendered":"<p>Mnoho obyvatel Charkova vol\u00ed pro zdoben\u00ed sv\u00fdch byt\u016f a dom\u016f modern\u00ed klasick\u00fd styl interi\u00e9rov\u00e9ho designu. Co\u017e lze pr\u00e1vem nazvat indik\u00e1torem:<\/p>\n<ul>\n<li>kr\u00e1sa<\/li>\n<li>harmonie<\/li>\n<li>elegance<\/li>\n<li>bezvadn\u00e1 chu\u0165<\/li>\n<\/ul>\n<p>A tak\u00e9 tento designov\u00fd sm\u011br nez\u00e1vis\u00ed na neust\u00e1l\u00fdch zm\u011bn\u00e1ch m\u00f3dy. Tento <strong>design lze pou\u017e\u00edt k dekoraci nov\u00fdch i dlouhodob\u011b pou\u017e\u00edvan\u00fdch prostor<\/strong> . Nez\u00e1le\u017e\u00ed na plo\u0161e bytu, po\u010dtu pokoj\u016f, jejich stavu.<a href=\"https:\/\/asart.com.ua\/wp-content\/uploads\/2024\/09\/kuhnya-studiya-kvartiry-1watermark--1200x900.jpg\"><img loading=\"lazy\" decoding=\"async\" class=\"aligncenter size-large wp-image-20369 colorbox-18174\" src=\"https:\/\/asart.com.ua\/wp-content\/uploads\/2024\/09\/kuhnya-studiya-kvartiry-1watermark--1200x900.jpg\" alt=\"\" width=\"1200\" height=\"900\" srcset=\"https:\/\/asart.com.ua\/wp-content\/uploads\/2024\/09\/kuhnya-studiya-kvartiry-1watermark--1200x900.jpg 1200w, https:\/\/asart.com.ua\/wp-content\/uploads\/2024\/09\/kuhnya-studiya-kvartiry-1watermark--300x225.jpg 300w, https:\/\/asart.com.ua\/wp-content\/uploads\/2024\/09\/kuhnya-studiya-kvartiry-1watermark--768x576.jpg 768w, https:\/\/asart.com.ua\/wp-content\/uploads\/2024\/09\/kuhnya-studiya-kvartiry-1watermark--1536x1152.jpg 1536w, https:\/\/asart.com.ua\/wp-content\/uploads\/2024\/09\/kuhnya-studiya-kvartiry-1watermark--160x120.jpg 160w, https:\/\/asart.com.ua\/wp-content\/uploads\/2024\/09\/kuhnya-studiya-kvartiry-1watermark--289x217.jpg 289w, https:\/\/asart.com.ua\/wp-content\/uploads\/2024\/09\/kuhnya-studiya-kvartiry-1watermark-.jpg 1600w\" sizes=\"(max-width: 1200px) 100vw, 1200px\" \/><\/a><\/p>\n<p><a href=\"https:\/\/asart.com.ua\/wp-content\/uploads\/2024\/09\/kuhnya-studiya-kvartiry-13watermark-.jpg\"><img loading=\"lazy\" decoding=\"async\" class=\"aligncenter size-full wp-image-20418 colorbox-18174\" src=\"https:\/\/asart.com.ua\/wp-content\/uploads\/2024\/09\/kuhnya-studiya-kvartiry-13watermark-.jpg\" alt=\"\" width=\"1200\" height=\"900\" srcset=\"https:\/\/asart.com.ua\/wp-content\/uploads\/2024\/09\/kuhnya-studiya-kvartiry-13watermark-.jpg 1200w, https:\/\/asart.com.ua\/wp-content\/uploads\/2024\/09\/kuhnya-studiya-kvartiry-13watermark--300x225.jpg 300w, https:\/\/asart.com.ua\/wp-content\/uploads\/2024\/09\/kuhnya-studiya-kvartiry-13watermark--768x576.jpg 768w, https:\/\/asart.com.ua\/wp-content\/uploads\/2024\/09\/kuhnya-studiya-kvartiry-13watermark--160x120.jpg 160w, https:\/\/asart.com.ua\/wp-content\/uploads\/2024\/09\/kuhnya-studiya-kvartiry-13watermark--289x217.jpg 289w\" sizes=\"(max-width: 1200px) 100vw, 1200px\" \/><\/a><\/p>\n<p>&nbsp;<\/p>\n<p><a href=\"https:\/\/asart.com.ua\/wp-content\/uploads\/2018\/11\/Dizayn-kvartiryi-15watermark.jpg\"><img loading=\"lazy\" decoding=\"async\" class=\"aligncenter size-full wp-image-6730 colorbox-18174\" src=\"https:\/\/asart.com.ua\/wp-content\/uploads\/2018\/11\/Dizayn-kvartiryi-15watermark.jpg\" alt=\"\" width=\"1000\" height=\"750\" srcset=\"https:\/\/asart.com.ua\/wp-content\/uploads\/2018\/11\/Dizayn-kvartiryi-15watermark.jpg 1000w, https:\/\/asart.com.ua\/wp-content\/uploads\/2018\/11\/Dizayn-kvartiryi-15watermark-300x225.jpg 300w, https:\/\/asart.com.ua\/wp-content\/uploads\/2018\/11\/Dizayn-kvartiryi-15watermark-768x576.jpg 768w, https:\/\/asart.com.ua\/wp-content\/uploads\/2018\/11\/Dizayn-kvartiryi-15watermark-160x120.jpg 160w, https:\/\/asart.com.ua\/wp-content\/uploads\/2018\/11\/Dizayn-kvartiryi-15watermark-289x217.jpg 289w\" sizes=\"(max-width: 1000px) 100vw, 1000px\" \/><\/a><\/p>\n<p><a href=\"https:\/\/asart.com.ua\/wp-content\/uploads\/2022\/08\/1-etazh-gostinaya-0.jpg\"><img loading=\"lazy\" decoding=\"async\" class=\"aligncenter size-full wp-image-9477 colorbox-18174\" src=\"https:\/\/asart.com.ua\/wp-content\/uploads\/2022\/08\/1-etazh-gostinaya-0.jpg\" alt=\"\" width=\"1000\" height=\"750\" srcset=\"https:\/\/asart.com.ua\/wp-content\/uploads\/2022\/08\/1-etazh-gostinaya-0.jpg 1000w, https:\/\/asart.com.ua\/wp-content\/uploads\/2022\/08\/1-etazh-gostinaya-0-300x225.jpg 300w, https:\/\/asart.com.ua\/wp-content\/uploads\/2022\/08\/1-etazh-gostinaya-0-768x576.jpg 768w, https:\/\/asart.com.ua\/wp-content\/uploads\/2022\/08\/1-etazh-gostinaya-0-160x120.jpg 160w, https:\/\/asart.com.ua\/wp-content\/uploads\/2022\/08\/1-etazh-gostinaya-0-289x217.jpg 289w\" sizes=\"(max-width: 1000px) 100vw, 1000px\" \/><\/a> <a href=\"https:\/\/asart.com.ua\/wp-content\/uploads\/2022\/08\/1-etazh-gostinaya-13.jpg\"><img loading=\"lazy\" decoding=\"async\" class=\"aligncenter size-full wp-image-9489 colorbox-18174\" src=\"https:\/\/asart.com.ua\/wp-content\/uploads\/2022\/08\/1-etazh-gostinaya-13.jpg\" alt=\"\" width=\"1000\" height=\"750\" srcset=\"https:\/\/asart.com.ua\/wp-content\/uploads\/2022\/08\/1-etazh-gostinaya-13.jpg 1000w, https:\/\/asart.com.ua\/wp-content\/uploads\/2022\/08\/1-etazh-gostinaya-13-300x225.jpg 300w, https:\/\/asart.com.ua\/wp-content\/uploads\/2022\/08\/1-etazh-gostinaya-13-768x576.jpg 768w, https:\/\/asart.com.ua\/wp-content\/uploads\/2022\/08\/1-etazh-gostinaya-13-160x120.jpg 160w, https:\/\/asart.com.ua\/wp-content\/uploads\/2022\/08\/1-etazh-gostinaya-13-289x217.jpg 289w\" sizes=\"(max-width: 1000px) 100vw, 1000px\" \/><\/a><\/p>\n<h2>U\u0161lechtilost a kultivovanost.<\/h2>\n<p>Modern\u00ed klasick\u00fd interi\u00e9rov\u00fd design neztrat\u00ed sv\u016fj v\u00fdznam po dlouhou dobu. V\u00e1\u0161 pokoj bude v\u017edy stylov\u00fd a m\u00f3dn\u00ed. Kombinuje prakti\u010dnost a zdr\u017eenlivost spolu s modern\u00edmi technologiemi, kter\u00e9 zku\u0161en\u00fd design\u00e9r dovedn\u011b skryje pod p\u0159\u00edsn\u00fd design. Mnoho lid\u00ed v\u011b\u0159\u00ed, \u017ee v\u00fdzdoba modern\u00ed klasiky je konzervativn\u00ed a zastaral\u00e1. Ale ve skute\u010dnosti tomu tak nen\u00ed, vyzna\u010duje se v\u0161estrannost\u00ed a rozmanitost\u00ed a tak\u00e9 se neboj\u00ed inovac\u00ed.<\/p>\n<p>Modern\u00ed klasick\u00fd bytov\u00fd design m\u00e1 \u0159adu funkc\u00ed, kter\u00e9 jej odli\u0161uj\u00ed od ostatn\u00edch designov\u00fdch styl\u016f. Tyto zahrnuj\u00ed:<\/p>\n<ul>\n<li>sv\u011btl\u00e9 barvy<\/li>\n<li>jedin\u00fd prostor<\/li>\n<li>p\u0159\u00edrodn\u00ed materi\u00e1ly<\/li>\n<li>klasick\u00fd dekor<\/li>\n<\/ul>\n<p>A tak\u00e9 povinn\u00e1 p\u0159\u00edtomnost krbu, oblouk\u016f, k\u0159i\u0161\u0165\u00e1lov\u00fdch lustr\u016f, sloup\u016f, sv\u00edcn\u016f a mnoha dal\u0161\u00edch dekorativn\u00edch prvk\u016f, kter\u00e9 design\u00e9r vybere s ohledem na va\u0161e chu\u0165ov\u00e9 preference.<\/p>\n<p><a href=\"https:\/\/asart.com.ua\/wp-content\/uploads\/2022\/08\/spalnya-roditelej-2-etazh-st-3.jpg\"><img loading=\"lazy\" decoding=\"async\" class=\"aligncenter size-full wp-image-9563 colorbox-18174\" src=\"https:\/\/asart.com.ua\/wp-content\/uploads\/2022\/08\/spalnya-roditelej-2-etazh-st-3.jpg\" alt=\"\" width=\"1000\" height=\"750\" srcset=\"https:\/\/asart.com.ua\/wp-content\/uploads\/2022\/08\/spalnya-roditelej-2-etazh-st-3.jpg 1000w, https:\/\/asart.com.ua\/wp-content\/uploads\/2022\/08\/spalnya-roditelej-2-etazh-st-3-300x225.jpg 300w, https:\/\/asart.com.ua\/wp-content\/uploads\/2022\/08\/spalnya-roditelej-2-etazh-st-3-768x576.jpg 768w, https:\/\/asart.com.ua\/wp-content\/uploads\/2022\/08\/spalnya-roditelej-2-etazh-st-3-160x120.jpg 160w, https:\/\/asart.com.ua\/wp-content\/uploads\/2022\/08\/spalnya-roditelej-2-etazh-st-3-289x217.jpg 289w\" sizes=\"(max-width: 1000px) 100vw, 1000px\" \/><\/a><\/p>\n<p><a href=\"https:\/\/asart.com.ua\/wp-content\/uploads\/2022\/08\/kuhnya-5.jpg\"><img loading=\"lazy\" decoding=\"async\" class=\"aligncenter size-full wp-image-9543 colorbox-18174\" src=\"https:\/\/asart.com.ua\/wp-content\/uploads\/2022\/08\/kuhnya-5.jpg\" alt=\"\" width=\"1000\" height=\"750\" srcset=\"https:\/\/asart.com.ua\/wp-content\/uploads\/2022\/08\/kuhnya-5.jpg 1000w, https:\/\/asart.com.ua\/wp-content\/uploads\/2022\/08\/kuhnya-5-300x225.jpg 300w, https:\/\/asart.com.ua\/wp-content\/uploads\/2022\/08\/kuhnya-5-768x576.jpg 768w, https:\/\/asart.com.ua\/wp-content\/uploads\/2022\/08\/kuhnya-5-160x120.jpg 160w, https:\/\/asart.com.ua\/wp-content\/uploads\/2022\/08\/kuhnya-5-289x217.jpg 289w\" sizes=\"(max-width: 1000px) 100vw, 1000px\" \/><\/a><\/p>\n<p><a href=\"https:\/\/asart.com.ua\/wp-content\/uploads\/2022\/08\/vanna-hozyajskaya-2-etazh-5-1-variant-.jpg\"><img loading=\"lazy\" decoding=\"async\" class=\"aligncenter size-full wp-image-9513 colorbox-18174\" src=\"https:\/\/asart.com.ua\/wp-content\/uploads\/2022\/08\/vanna-hozyajskaya-2-etazh-5-1-variant-.jpg\" alt=\"\" width=\"1000\" height=\"750\" srcset=\"https:\/\/asart.com.ua\/wp-content\/uploads\/2022\/08\/vanna-hozyajskaya-2-etazh-5-1-variant-.jpg 1000w, https:\/\/asart.com.ua\/wp-content\/uploads\/2022\/08\/vanna-hozyajskaya-2-etazh-5-1-variant--300x225.jpg 300w, https:\/\/asart.com.ua\/wp-content\/uploads\/2022\/08\/vanna-hozyajskaya-2-etazh-5-1-variant--768x576.jpg 768w, https:\/\/asart.com.ua\/wp-content\/uploads\/2022\/08\/vanna-hozyajskaya-2-etazh-5-1-variant--160x120.jpg 160w, https:\/\/asart.com.ua\/wp-content\/uploads\/2022\/08\/vanna-hozyajskaya-2-etazh-5-1-variant--289x217.jpg 289w\" sizes=\"(max-width: 1000px) 100vw, 1000px\" \/><\/a> <a href=\"https:\/\/asart.com.ua\/wp-content\/uploads\/2022\/08\/vanna-hozyajskaya-2-etazh-4-1-variant-.jpg\"><img loading=\"lazy\" decoding=\"async\" class=\"aligncenter size-full wp-image-9511 colorbox-18174\" src=\"https:\/\/asart.com.ua\/wp-content\/uploads\/2022\/08\/vanna-hozyajskaya-2-etazh-4-1-variant-.jpg\" alt=\"\" width=\"1000\" height=\"750\" srcset=\"https:\/\/asart.com.ua\/wp-content\/uploads\/2022\/08\/vanna-hozyajskaya-2-etazh-4-1-variant-.jpg 1000w, https:\/\/asart.com.ua\/wp-content\/uploads\/2022\/08\/vanna-hozyajskaya-2-etazh-4-1-variant--300x225.jpg 300w, https:\/\/asart.com.ua\/wp-content\/uploads\/2022\/08\/vanna-hozyajskaya-2-etazh-4-1-variant--768x576.jpg 768w, https:\/\/asart.com.ua\/wp-content\/uploads\/2022\/08\/vanna-hozyajskaya-2-etazh-4-1-variant--160x120.jpg 160w, https:\/\/asart.com.ua\/wp-content\/uploads\/2022\/08\/vanna-hozyajskaya-2-etazh-4-1-variant--289x217.jpg 289w\" sizes=\"(max-width: 1000px) 100vw, 1000px\" \/><\/a><\/p>\n<h3>Harmonie a elegance.<\/h3>\n<p>Na\u0161e studio m\u00e1 bohat\u00e9 zku\u0161enosti s tvorbou unik\u00e1tn\u00edch interi\u00e9rov\u00fdch projekt\u016f v modern\u00edm klasick\u00e9m stylu. Po prohl\u00eddce va\u0161eho bytu v\u00e1m design\u00e9r AS-Design nab\u00eddne n\u011bkolik zaj\u00edmav\u00fdch, origin\u00e1ln\u00edch n\u00e1pad\u016f na zdoben\u00ed m\u00edstnosti. <em>Kter\u00e9 po jejich realizaci vytvo\u0159\u00ed v m\u00edstnosti kr\u00e1snou, harmonickou, \u00fatulnou atmosf\u00e9ru<\/em> . V\u0161echny pokoje budou sv\u011btl\u00e9, prostorn\u00e9, s jedine\u010dnou v\u00fdzdobou a dekorac\u00ed. Pokud m\u00e1te mal\u00fd byt, pak je lep\u0161\u00ed spojit lo\u017enici, ob\u00fdvac\u00ed pokoj, p\u0159eds\u00ed\u0148 a vytvo\u0159it jednotn\u00fd prostor. Kde lze funk\u010dn\u00ed oblasti zv\u00fdraznit pomoc\u00ed n\u00e1bytku, oblouk\u016f, sloup\u016f a mnoha dal\u0161\u00edch designov\u00fdch prvk\u016f.<\/p>\n<p>Modern\u00ed klasick\u00fd bytov\u00fd design zahrnuje pou\u017eit\u00ed n\u00e1bytku z p\u0159\u00edrodn\u00edch materi\u00e1l\u016f, z\u00e1clon z hedv\u00e1b\u00ed, lnu, sat\u00e9nu, ale i kv\u011btin\u00e1\u010de, zrcadla ve zlacen\u00fdch r\u00e1mech, sochy a sv\u00edcny. Design\u00e9r studia AS-Design vytvo\u0159\u00ed jedine\u010dn\u00fd a nenapodobiteln\u00fd projekt designu interi\u00e9ru pro v\u00e1\u0161 byt za nejlep\u0161\u00ed cenu v Charkov\u011b.<\/p>\n","protected":false},"excerpt":{"rendered":"<p>Mnoho obyvatel Charkova vol\u00ed pro zdoben\u00ed <a class=\"continue_link\" href=\"https:\/\/asart.com.ua\/cs\/dizajn-kvartir\/stile-sovremennoj-klassiki\/\">\u0427\u0438\u0442\u0430\u0442\u044c \u0434\u0430\u043b\u0435\u0435 >><\/a><\/p>\n","protected":false},"author":6,"featured_media":0,"parent":17992,"menu_order":0,"comment_status":"closed","ping_status":"closed","template":"","meta":{"footnotes":""},"acf":[],"aioseo_notices":[],"_links":{"self":[{"href":"https:\/\/asart.com.ua\/cs\/wp-json\/wp\/v2\/pages\/18174"}],"collection":[{"href":"https:\/\/asart.com.ua\/cs\/wp-json\/wp\/v2\/pages"}],"about":[{"href":"https:\/\/asart.com.ua\/cs\/wp-json\/wp\/v2\/types\/page"}],"author":[{"embeddable":true,"href":"https:\/\/asart.com.ua\/cs\/wp-json\/wp\/v2\/users\/6"}],"replies":[{"embeddable":true,"href":"https:\/\/asart.com.ua\/cs\/wp-json\/wp\/v2\/comments?post=18174"}],"version-history":[{"count":3,"href":"https:\/\/asart.com.ua\/cs\/wp-json\/wp\/v2\/pages\/18174\/revisions"}],"predecessor-version":[{"id":20726,"href":"https:\/\/asart.com.ua\/cs\/wp-json\/wp\/v2\/pages\/18174\/revisions\/20726"}],"up":[{"embeddable":true,"href":"https:\/\/asart.com.ua\/cs\/wp-json\/wp\/v2\/pages\/17992"}],"wp:attachment":[{"href":"https:\/\/asart.com.ua\/cs\/wp-json\/wp\/v2\/media?parent=18174"}],"curies":[{"name":"wp","href":"https:\/\/api.w.org\/{rel}","templated":true}]}}