{"id":18168,"date":"2017-05-10T18:54:00","date_gmt":"2017-05-10T15:54:00","guid":{"rendered":"https:\/\/asart.com.ua\/dizajn-kvartir\/stile-loft\/"},"modified":"2023-11-27T15:15:27","modified_gmt":"2023-11-27T12:15:27","slug":"stile-loft","status":"publish","type":"page","link":"https:\/\/asart.com.ua\/cs\/dizajn-kvartir\/stile-loft\/","title":{"rendered":"Design bytu ve stylu loft"},"content":{"rendered":"<p>Mnoho obyvatel Charkova si p\u0159ed proveden\u00edm stavebn\u00edch a oprav\u00e1rensk\u00fdch prac\u00ed objedn\u00e1v\u00e1 vypracov\u00e1n\u00ed projektu interi\u00e9rov\u00e9ho designu. Spole\u010dn\u011b s design\u00e9rem vyb\u00edraj\u00ed:<\/p>\n<ul>\n<li> styl<\/li>\n<li> barevn\u00e9 sch\u00e9ma<\/li>\n<li> n\u00e1bytek<\/li>\n<li> P\u0159\u00edslu\u0161enstv\u00ed<\/li>\n<li> v\u00fdzdoba<\/li>\n<\/ul>\n<p> <strong>P\u0159i v\u00fdb\u011bru stylov\u00e9ho sm\u011bru \u010dasto vznikaj\u00ed pot\u00ed\u017ee, pro majitele bytu je obt\u00ed\u017en\u00e9 vybrat ten nejvhodn\u011bj\u0161\u00ed pro sv\u016fj domov<\/strong> . V dne\u0161n\u00ed dob\u011b existuje mnoho zaj\u00edmav\u00fdch a origin\u00e1ln\u00edch designov\u00fdch trend\u016f, p\u0159i v\u00fdb\u011bru jednoho z nich byste m\u011bli vz\u00edt v \u00favahu nejen sv\u00e9 preference, ale tak\u00e9 plochu, dispozi\u010dn\u00ed a konstruk\u010dn\u00ed vlastnosti va\u0161eho bytu. <a href=\"https:\/\/asart.com.ua\/wp-content\/uploads\/2020\/09\/kvartira-v-stile-loft-1watermark.jpg\"><img loading=\"lazy\" decoding=\"async\" class=\"aligncenter size-full wp-image-8197 colorbox-18168\" src=\"https:\/\/asart.com.ua\/wp-content\/uploads\/2020\/09\/kvartira-v-stile-loft-1watermark.jpg\" alt=\"\" width=\"1000\" height=\"666\" srcset=\"https:\/\/asart.com.ua\/wp-content\/uploads\/2020\/09\/kvartira-v-stile-loft-1watermark.jpg 1000w, https:\/\/asart.com.ua\/wp-content\/uploads\/2020\/09\/kvartira-v-stile-loft-1watermark-300x200.jpg 300w, https:\/\/asart.com.ua\/wp-content\/uploads\/2020\/09\/kvartira-v-stile-loft-1watermark-768x511.jpg 768w, https:\/\/asart.com.ua\/wp-content\/uploads\/2020\/09\/kvartira-v-stile-loft-1watermark-240x160.jpg 240w\" sizes=\"(max-width: 1000px) 100vw, 1000px\" \/><\/a><\/p>\n<p> <a href=\"https:\/\/asart.com.ua\/wp-content\/uploads\/2020\/09\/kvartira-v-stile-loft-24watermark.jpg\"><img loading=\"lazy\" decoding=\"async\" class=\"aligncenter size-full wp-image-8243 colorbox-18168\" src=\"https:\/\/asart.com.ua\/wp-content\/uploads\/2020\/09\/kvartira-v-stile-loft-24watermark.jpg\" alt=\"\" width=\"1000\" height=\"667\" srcset=\"https:\/\/asart.com.ua\/wp-content\/uploads\/2020\/09\/kvartira-v-stile-loft-24watermark.jpg 1000w, https:\/\/asart.com.ua\/wp-content\/uploads\/2020\/09\/kvartira-v-stile-loft-24watermark-300x200.jpg 300w, https:\/\/asart.com.ua\/wp-content\/uploads\/2020\/09\/kvartira-v-stile-loft-24watermark-768x512.jpg 768w, https:\/\/asart.com.ua\/wp-content\/uploads\/2020\/09\/kvartira-v-stile-loft-24watermark-240x160.jpg 240w\" sizes=\"(max-width: 1000px) 100vw, 1000px\" \/><\/a><\/p>\n<p> <a href=\"https:\/\/asart.com.ua\/wp-content\/uploads\/2020\/09\/kvartira-v-stile-loft-27watermark.jpg\"><img loading=\"lazy\" decoding=\"async\" class=\"aligncenter size-full wp-image-8249 colorbox-18168\" src=\"https:\/\/asart.com.ua\/wp-content\/uploads\/2020\/09\/kvartira-v-stile-loft-27watermark.jpg\" alt=\"\" width=\"1000\" height=\"667\" srcset=\"https:\/\/asart.com.ua\/wp-content\/uploads\/2020\/09\/kvartira-v-stile-loft-27watermark.jpg 1000w, https:\/\/asart.com.ua\/wp-content\/uploads\/2020\/09\/kvartira-v-stile-loft-27watermark-300x200.jpg 300w, https:\/\/asart.com.ua\/wp-content\/uploads\/2020\/09\/kvartira-v-stile-loft-27watermark-768x512.jpg 768w, https:\/\/asart.com.ua\/wp-content\/uploads\/2020\/09\/kvartira-v-stile-loft-27watermark-240x160.jpg 240w\" sizes=\"(max-width: 1000px) 100vw, 1000px\" \/><\/a> <a href=\"https:\/\/asart.com.ua\/wp-content\/uploads\/2020\/09\/kvartira-v-stile-loft-6watermark.jpg\"><img loading=\"lazy\" decoding=\"async\" class=\"aligncenter size-full wp-image-8207 colorbox-18168\" src=\"https:\/\/asart.com.ua\/wp-content\/uploads\/2020\/09\/kvartira-v-stile-loft-6watermark.jpg\" alt=\"\" width=\"1000\" height=\"667\" srcset=\"https:\/\/asart.com.ua\/wp-content\/uploads\/2020\/09\/kvartira-v-stile-loft-6watermark.jpg 1000w, https:\/\/asart.com.ua\/wp-content\/uploads\/2020\/09\/kvartira-v-stile-loft-6watermark-300x200.jpg 300w, https:\/\/asart.com.ua\/wp-content\/uploads\/2020\/09\/kvartira-v-stile-loft-6watermark-768x512.jpg 768w, https:\/\/asart.com.ua\/wp-content\/uploads\/2020\/09\/kvartira-v-stile-loft-6watermark-240x160.jpg 240w\" sizes=\"(max-width: 1000px) 100vw, 1000px\" \/><\/a> <a href=\"https:\/\/asart.com.ua\/wp-content\/uploads\/2017\/01\/Dizayn-interera-kuhni-studii-11watermark.jpg\"><br \/><\/a> <a href=\"https:\/\/asart.com.ua\/wp-content\/uploads\/2017\/01\/Dizayn-interera-kuhni-studii-9watermark.jpg\"><br \/><\/a> <a href=\"https:\/\/asart.com.ua\/wp-content\/uploads\/2011\/11\/63-2vwatermark.jpg\"><img loading=\"lazy\" decoding=\"async\" class=\"aligncenter  wp-image-10205 colorbox-18168\" src=\"https:\/\/asart.com.ua\/wp-content\/uploads\/2011\/11\/63-2vwatermark.jpg\" alt=\"\" width=\"998\" height=\"544\" srcset=\"https:\/\/asart.com.ua\/wp-content\/uploads\/2011\/11\/63-2vwatermark.jpg 1100w, https:\/\/asart.com.ua\/wp-content\/uploads\/2011\/11\/63-2vwatermark-300x164.jpg 300w, https:\/\/asart.com.ua\/wp-content\/uploads\/2011\/11\/63-2vwatermark-1024x559.jpg 1024w, https:\/\/asart.com.ua\/wp-content\/uploads\/2011\/11\/63-2vwatermark-768x419.jpg 768w\" sizes=\"(max-width: 998px) 100vw, 998px\" \/><\/a><\/p>\n<h2> Hodn\u011b sv\u011btla a vzduchu. <a href=\"https:\/\/asart.com.ua\/wp-content\/uploads\/2017\/01\/Vanna-3watermark.jpg\"><img loading=\"lazy\" decoding=\"async\" class=\"aligncenter size-full wp-image-5131 colorbox-18168\" src=\"https:\/\/asart.com.ua\/wp-content\/uploads\/2017\/01\/Vanna-3watermark.jpg\" alt=\"Vana (3) vodoznak\" width=\"667\" height=\"1000\" \/><\/a> <a href=\"https:\/\/asart.com.ua\/wp-content\/uploads\/2017\/01\/Vanna-2watermark.jpg\"><img loading=\"lazy\" decoding=\"async\" class=\"aligncenter size-full wp-image-5129 colorbox-18168\" src=\"https:\/\/asart.com.ua\/wp-content\/uploads\/2017\/01\/Vanna-2watermark.jpg\" alt=\"Vana (2) vodoznak\" width=\"667\" height=\"1000\" \/><\/a><\/h2>\n<p> Pokud m\u00e1te velk\u00fd byt v Charkov\u011b:<\/p>\n<ul>\n<li> s otev\u0159en\u00fdm pl\u00e1nem<\/li>\n<li> velk\u00e1 oblast<\/li>\n<li> vysok\u00e9 stropy<\/li>\n<li> velk\u00e1 okna<\/li>\n<\/ul>\n<p> V tomto p\u0159\u00edpad\u011b v\u00e1m studio AS-Design doporu\u010duje n\u00e1vrh interi\u00e9ru ve stylu loft. Sm\u011br podkrov\u00ed se vyzna\u010duje otev\u0159en\u00fdm pl\u00e1nem, absenc\u00ed st\u011bn a p\u0159\u00ed\u010dek. Stejn\u011b jako kombinace modern\u00edho n\u00e1bytku s cihlov\u00fdmi sloupy, oblouky, st\u011bnami s hrubou om\u00edtkou, odhalen\u00fdmi trubkami a tr\u00e1my.<\/p>\n<p> Interi\u00e9rov\u00fd design bytu ve stylu podkrov\u00ed zahrnuje jeden prostor, ve kter\u00e9m nejsou \u017e\u00e1dn\u00e9 obvykl\u00e9 m\u00edstnosti pro ka\u017ed\u00e9ho: lo\u017enice, kuchy\u0148, ob\u00fdvac\u00ed pokoj, hala, \u0161kolka. Funk\u010dn\u00ed plochy jsou odli\u0161eny n\u00e1bytkem, sklen\u011bn\u00fdmi p\u0159\u00ed\u010dkami, barevn\u00fdmi kontrasty a sv\u011btlem. Pokud jde o n\u00e1bytek, m\u016f\u017ee b\u00fdt bu\u010f staro\u017eitn\u00fd, nebo modern\u00ed. Hlavn\u00ed je, \u017ee je funk\u010dn\u00ed a nav\u00edc ho vyu\u017eijete na uskladn\u011bn\u00ed nejr\u016fzn\u011bj\u0161\u00edch v\u011bc\u00ed do dom\u00e1cnosti. Design interi\u00e9ru ve stylu podkrov\u00ed v\u00edt\u00e1 vysok\u00e9, sv\u011btl\u00e9 stropy a obrovsk\u00e1 okna. Zpravidla nemaj\u00ed z\u00e1v\u011bsy ani z\u00e1v\u011bsy. Pokud se v\u00e1m to ale nel\u00edb\u00ed, design\u00e9r ze studia AS-Design vybere lehk\u00e9 a vzdu\u0161n\u00e9 z\u00e1v\u011bsy, kter\u00e9 nenaru\u0161\u00ed hlavn\u00ed designov\u00fd koncept. <a href=\"https:\/\/asart.com.ua\/wp-content\/uploads\/2017\/01\/Dizayn-interera-kuhni-studii-4watermark.jpg\"><img loading=\"lazy\" decoding=\"async\" class=\"aligncenter size-full wp-image-5173 colorbox-18168\" src=\"https:\/\/asart.com.ua\/wp-content\/uploads\/2017\/01\/Dizayn-interera-kuhni-studii-4watermark.jpg\" alt=\"N\u00e1vrh interi\u00e9ru kuchy\u0148sk\u00e9ho studia (4)vodoznak\" width=\"1000\" height=\"667\" srcset=\"https:\/\/asart.com.ua\/wp-content\/uploads\/2017\/01\/Dizayn-interera-kuhni-studii-4watermark.jpg 1000w, https:\/\/asart.com.ua\/wp-content\/uploads\/2017\/01\/Dizayn-interera-kuhni-studii-4watermark-300x200.jpg 300w, https:\/\/asart.com.ua\/wp-content\/uploads\/2017\/01\/Dizayn-interera-kuhni-studii-4watermark-768x512.jpg 768w, https:\/\/asart.com.ua\/wp-content\/uploads\/2017\/01\/Dizayn-interera-kuhni-studii-4watermark-240x160.jpg 240w\" sizes=\"(max-width: 1000px) 100vw, 1000px\" \/><\/a><br \/> <a href=\"https:\/\/asart.com.ua\/wp-content\/uploads\/2017\/01\/Dizayn-interera-kuhni-studii-14watermark.jpg\"><img loading=\"lazy\" decoding=\"async\" class=\"aligncenter size-full wp-image-5193 colorbox-18168\" src=\"https:\/\/asart.com.ua\/wp-content\/uploads\/2017\/01\/Dizayn-interera-kuhni-studii-14watermark.jpg\" alt=\"N\u00e1vrh interi\u00e9ru kuchy\u0148sk\u00e9ho studia (14)vodoznak\" width=\"1000\" height=\"653\" \/><\/a><\/p>\n<h3> Pou\u017e\u00edv\u00e1me jedine\u010dn\u00e9 designov\u00e9 dopl\u0148ky.<\/h3>\n<p> Hlavn\u00edmi designov\u00fdmi prvky loftov\u00e9ho bytu jsou zdivo, hrub\u00e9 om\u00edtky, obna\u017een\u00e9 trubky a tr\u00e1my, in\u017een\u00fdrsk\u00e9 s\u00edt\u011b a radi\u00e1tory. <em>V interi\u00e9ru bytu se \u010dasto pou\u017e\u00edvaj\u00ed cihlov\u00e9 a betonov\u00e9 sloupy, kter\u00e9 slou\u017e\u00ed k podm\u00edn\u011bn\u00e9mu rozd\u011blen\u00ed prostoru na z\u00f3ny<\/em> . Pro zdoben\u00ed m\u00edstnosti ve stylu podkrov\u00ed pou\u017e\u00edvaj\u00ed design\u00e9\u0159i studia AS-Design nestandardn\u00ed dopl\u0148ky. Mohou to b\u00fdt zaj\u00edmav\u00e9, origin\u00e1ln\u00ed lampy, sochy, neobvykle tvarovan\u00e9 lustry, ale i obrazy, plak\u00e1ty, gobel\u00edny a mnoho dal\u0161\u00edho.<\/p>\n<p> Na\u0161e studio vyvine jedine\u010dn\u00fd a nenapodobiteln\u00fd design interi\u00e9ru ve stylu loftu pro v\u00e1\u0161 byt za nejlep\u0161\u00ed cenu na Ukrajin\u011b.<\/p>\n","protected":false},"excerpt":{"rendered":"<p>Mnoho obyvatel Charkova si p\u0159ed proveden\u00edm <a class=\"continue_link\" href=\"https:\/\/asart.com.ua\/cs\/dizajn-kvartir\/stile-loft\/\">\u0427\u0438\u0442\u0430\u0442\u044c \u0434\u0430\u043b\u0435\u0435 >><\/a><\/p>\n","protected":false},"author":6,"featured_media":0,"parent":17992,"menu_order":0,"comment_status":"closed","ping_status":"closed","template":"","meta":{"footnotes":""},"acf":[],"aioseo_notices":[],"_links":{"self":[{"href":"https:\/\/asart.com.ua\/cs\/wp-json\/wp\/v2\/pages\/18168"}],"collection":[{"href":"https:\/\/asart.com.ua\/cs\/wp-json\/wp\/v2\/pages"}],"about":[{"href":"https:\/\/asart.com.ua\/cs\/wp-json\/wp\/v2\/types\/page"}],"author":[{"embeddable":true,"href":"https:\/\/asart.com.ua\/cs\/wp-json\/wp\/v2\/users\/6"}],"replies":[{"embeddable":true,"href":"https:\/\/asart.com.ua\/cs\/wp-json\/wp\/v2\/comments?post=18168"}],"version-history":[{"count":1,"href":"https:\/\/asart.com.ua\/cs\/wp-json\/wp\/v2\/pages\/18168\/revisions"}],"predecessor-version":[{"id":18171,"href":"https:\/\/asart.com.ua\/cs\/wp-json\/wp\/v2\/pages\/18168\/revisions\/18171"}],"up":[{"embeddable":true,"href":"https:\/\/asart.com.ua\/cs\/wp-json\/wp\/v2\/pages\/17992"}],"wp:attachment":[{"href":"https:\/\/asart.com.ua\/cs\/wp-json\/wp\/v2\/media?parent=18168"}],"curies":[{"name":"wp","href":"https:\/\/api.w.org\/{rel}","templated":true}]}}