{"id":18162,"date":"2017-06-06T09:11:49","date_gmt":"2017-06-06T06:11:49","guid":{"rendered":"https:\/\/asart.com.ua\/dizajn-kvartir\/klassa-lyuks\/"},"modified":"2024-11-02T01:59:16","modified_gmt":"2024-11-01T22:59:16","slug":"klassa-lyuks","status":"publish","type":"page","link":"https:\/\/asart.com.ua\/cs\/dizajn-kvartir\/klassa-lyuks\/","title":{"rendered":"Luxusn\u00ed design interi\u00e9ru"},"content":{"rendered":"<p>Dnes v Kyjev\u011b, Charkov\u011b a dal\u0161\u00edch m\u011bstech Ukrajiny existuje mnoho spole\u010dnost\u00ed, kter\u00e9 poskytuj\u00ed designov\u00e9 slu\u017eby za r\u016fzn\u00e9 ceny. <strong>Z\u00e1kazn\u00edk\u016fm je nab\u00edzena tvorba nejr\u016fzn\u011bj\u0161\u00edch n\u00e1vrh\u016f interi\u00e9r\u016f, kter\u00e9 jsou si ve v\u011bt\u0161in\u011b p\u0159\u00edpad\u016f navz\u00e1jem podobn\u00e9 a najdete je v tom \u010di onom byt\u011b<\/strong> Abyste se tomu vyhnuli, m\u011bli byste se obr\u00e1tit na profesion\u00e1ln\u00ed studio, kter\u00e9 vytvo\u0159\u00ed jedine\u010dn\u00fd a nenapodobiteln\u00fd projekt pro tebe.<\/p>\n<p><a href=\"https:\/\/asart.com.ua\/wp-content\/uploads\/2024\/11\/1-gostinaya-corona-_interactive-lux-1watermark.jpg\"><img loading=\"lazy\" decoding=\"async\" class=\"aligncenter size-full wp-image-21536 colorbox-18162\" src=\"https:\/\/asart.com.ua\/wp-content\/uploads\/2024\/11\/1-gostinaya-corona-_interactive-lux-1watermark.jpg\" alt=\"\" width=\"1200\" height=\"675\" srcset=\"https:\/\/asart.com.ua\/wp-content\/uploads\/2024\/11\/1-gostinaya-corona-_interactive-lux-1watermark.jpg 1200w, https:\/\/asart.com.ua\/wp-content\/uploads\/2024\/11\/1-gostinaya-corona-_interactive-lux-1watermark-300x169.jpg 300w, https:\/\/asart.com.ua\/wp-content\/uploads\/2024\/11\/1-gostinaya-corona-_interactive-lux-1watermark-768x432.jpg 768w\" sizes=\"(max-width: 1200px) 100vw, 1200px\" \/><\/a><a href=\"https:\/\/asart.com.ua\/wp-content\/uploads\/2024\/11\/1-gostinaya-corona-_interactive-lux-4watermark.jpg\"><img loading=\"lazy\" decoding=\"async\" class=\"aligncenter size-full wp-image-21548 colorbox-18162\" src=\"https:\/\/asart.com.ua\/wp-content\/uploads\/2024\/11\/1-gostinaya-corona-_interactive-lux-4watermark.jpg\" alt=\"\" width=\"1200\" height=\"675\" srcset=\"https:\/\/asart.com.ua\/wp-content\/uploads\/2024\/11\/1-gostinaya-corona-_interactive-lux-4watermark.jpg 1200w, https:\/\/asart.com.ua\/wp-content\/uploads\/2024\/11\/1-gostinaya-corona-_interactive-lux-4watermark-300x169.jpg 300w, https:\/\/asart.com.ua\/wp-content\/uploads\/2024\/11\/1-gostinaya-corona-_interactive-lux-4watermark-768x432.jpg 768w\" sizes=\"(max-width: 1200px) 100vw, 1200px\" \/><\/a><a href=\"https:\/\/asart.com.ua\/wp-content\/uploads\/2024\/11\/1-gostinaya-corona-_interactive-lux-3watermark.jpg\"><img loading=\"lazy\" decoding=\"async\" class=\"aligncenter size-full wp-image-21544 colorbox-18162\" src=\"https:\/\/asart.com.ua\/wp-content\/uploads\/2024\/11\/1-gostinaya-corona-_interactive-lux-3watermark.jpg\" alt=\"\" width=\"1200\" height=\"675\" srcset=\"https:\/\/asart.com.ua\/wp-content\/uploads\/2024\/11\/1-gostinaya-corona-_interactive-lux-3watermark.jpg 1200w, https:\/\/asart.com.ua\/wp-content\/uploads\/2024\/11\/1-gostinaya-corona-_interactive-lux-3watermark-300x169.jpg 300w, https:\/\/asart.com.ua\/wp-content\/uploads\/2024\/11\/1-gostinaya-corona-_interactive-lux-3watermark-768x432.jpg 768w\" sizes=\"(max-width: 1200px) 100vw, 1200px\" \/><\/a><\/p>\n<p><a href=\"https:\/\/asart.com.ua\/wp-content\/uploads\/2024\/11\/1-gostinaya-corona-_interactive-lux-6watermark.jpg\"><img loading=\"lazy\" decoding=\"async\" class=\"aligncenter size-full wp-image-21556 colorbox-18162\" src=\"https:\/\/asart.com.ua\/wp-content\/uploads\/2024\/11\/1-gostinaya-corona-_interactive-lux-6watermark.jpg\" alt=\"\" width=\"1200\" height=\"675\" srcset=\"https:\/\/asart.com.ua\/wp-content\/uploads\/2024\/11\/1-gostinaya-corona-_interactive-lux-6watermark.jpg 1200w, https:\/\/asart.com.ua\/wp-content\/uploads\/2024\/11\/1-gostinaya-corona-_interactive-lux-6watermark-300x169.jpg 300w, https:\/\/asart.com.ua\/wp-content\/uploads\/2024\/11\/1-gostinaya-corona-_interactive-lux-6watermark-768x432.jpg 768w\" sizes=\"(max-width: 1200px) 100vw, 1200px\" \/><\/a><img loading=\"lazy\" decoding=\"async\" class=\"aligncenter size-full wp-image-21584 colorbox-18162\" src=\"https:\/\/asart.com.ua\/wp-content\/uploads\/2024\/11\/1-gostinaya-corona-_interactive-lux-13watermark.jpg\" alt=\"\" width=\"1200\" height=\"675\" srcset=\"https:\/\/asart.com.ua\/wp-content\/uploads\/2024\/11\/1-gostinaya-corona-_interactive-lux-13watermark.jpg 1200w, https:\/\/asart.com.ua\/wp-content\/uploads\/2024\/11\/1-gostinaya-corona-_interactive-lux-13watermark-300x169.jpg 300w, https:\/\/asart.com.ua\/wp-content\/uploads\/2024\/11\/1-gostinaya-corona-_interactive-lux-13watermark-768x432.jpg 768w\" sizes=\"(max-width: 1200px) 100vw, 1200px\" \/><\/p>\n<p>&nbsp;<\/p>\n<h2>Profesion\u00e1ln\u00ed designov\u00e9 slu\u017eby.<\/h2>\n<p>Na\u0161e studio m\u00e1 bohat\u00e9 zku\u0161enosti s v\u00fdvojem a realizac\u00ed luxusn\u00edho interi\u00e9rov\u00e9ho designu. Takov\u00e9 slu\u017eby vy\u017eaduj\u00ed velkou profesionalitu a zodpov\u011bdnost a tak\u00e9 schopnost zach\u00e1zet s drah\u00fdmi materi\u00e1ly a dopl\u0148ky. Design\u00e9\u0159i maj\u00ed v\u0161echny pot\u0159ebn\u00e9 znalosti a dovednosti, tak\u017ee vyvinou pro v\u00e1\u0161 d\u016fm nebo byt:<\/p>\n<ul>\n<li>unik\u00e1tn\u00ed<\/li>\n<li>v\u00fdhradn\u00ed<\/li>\n<li>Drah\u00fd<\/li>\n<li>luxusn\u00ed<\/li>\n<\/ul>\n<p>Projekt luxusn\u00edho interi\u00e9ru za nejlep\u0161\u00ed cenu pro Kyjev a Charkov. Na\u0161e studio vyv\u00edj\u00ed pro ka\u017ed\u00e9ho klienta pouze jedine\u010dn\u00e9 a nenapodobiteln\u00e9 projekty, kter\u00e9 nikde jinde nepotk\u00e1te a neuvid\u00edte. Harmonicky kombinuj\u00ed:<\/p>\n<ul>\n<li>styl<\/li>\n<li>luxus<\/li>\n<li>kr\u00e1sa<\/li>\n<li>elegance<\/li>\n<li>sofistikovanost<\/li>\n<\/ul>\n<p>V luxusn\u00edm designu interi\u00e9ru je v\u0161e promy\u0161leno do nejmen\u0161\u00edho detailu. M\u00edstnost bude kr\u00e1sn\u00e1 a luxusn\u00ed, stejn\u011b jako pohodln\u00e1 a funk\u010dn\u00ed. Pro ur\u010den\u00ed souboru luxusn\u00edch designov\u00fdch prac\u00ed p\u0159ijedou design\u00e9\u0159i AS-Design na m\u00edsto, aby jej prohl\u00e9dli a zjistili va\u0161e p\u0159\u00e1n\u00ed. P\u0159i sch\u016fzce budou dohodnuty dotazy t\u00fdkaj\u00edc\u00ed se zm\u011bn dispozi\u010dn\u00edho \u0159e\u0161en\u00ed bytu a vyjasn\u00ed se tak\u00e9 va\u0161e preference t\u00fdkaj\u00edc\u00ed se stylu a barev.<a href=\"https:\/\/asart.com.ua\/wp-content\/uploads\/2024\/10\/1v-2-1watermark.jpg\"><img loading=\"lazy\" decoding=\"async\" class=\"aligncenter size-full wp-image-21493 colorbox-18162\" src=\"https:\/\/asart.com.ua\/wp-content\/uploads\/2024\/10\/1v-2-1watermark.jpg\" alt=\"\" width=\"1200\" height=\"675\" srcset=\"https:\/\/asart.com.ua\/wp-content\/uploads\/2024\/10\/1v-2-1watermark.jpg 1200w, https:\/\/asart.com.ua\/wp-content\/uploads\/2024\/10\/1v-2-1watermark-300x169.jpg 300w, https:\/\/asart.com.ua\/wp-content\/uploads\/2024\/10\/1v-2-1watermark-768x432.jpg 768w\" sizes=\"(max-width: 1200px) 100vw, 1200px\" \/><\/a><br \/>\n<a href=\"https:\/\/asart.com.ua\/wp-content\/uploads\/2024\/10\/1v-7watermark.jpg\"><img loading=\"lazy\" decoding=\"async\" class=\"aligncenter size-full wp-image-21509 colorbox-18162\" src=\"https:\/\/asart.com.ua\/wp-content\/uploads\/2024\/10\/1v-7watermark.jpg\" alt=\"\" width=\"1200\" height=\"675\" srcset=\"https:\/\/asart.com.ua\/wp-content\/uploads\/2024\/10\/1v-7watermark.jpg 1200w, https:\/\/asart.com.ua\/wp-content\/uploads\/2024\/10\/1v-7watermark-300x169.jpg 300w, https:\/\/asart.com.ua\/wp-content\/uploads\/2024\/10\/1v-7watermark-768x432.jpg 768w\" sizes=\"(max-width: 1200px) 100vw, 1200px\" \/><\/a><\/p>\n<h3>Jedine\u010dn\u00fd styl a barevn\u00e9 \u0159e\u0161en\u00ed.<\/h3>\n<p>Luxusn\u00ed interi\u00e9rov\u00fd design lze vyrobit v jak\u00e9mkoli modern\u00edm stylu nebo kombinaci n\u011bkolika styl\u016f. Studiov\u00fd design\u00e9r profesion\u00e1ln\u011b zkombinuje n\u011bkolik styl\u016f, kter\u00e9 se budou harmonicky dopl\u0148ovat a v kone\u010dn\u00e9m d\u016fsledku vytvo\u0159\u00ed kr\u00e1sn\u00fd a jedine\u010dn\u00fd prostor. Krom\u011b vypracov\u00e1n\u00ed exkluzivn\u00edho designov\u00e9ho projektu vybere design\u00e9r AS-Design nejvhodn\u011bj\u0161\u00ed luxusn\u00ed opravn\u00e9 a dokon\u010dovac\u00ed materi\u00e1ly, stejn\u011b jako <em>luxusn\u00ed, drah\u00fd n\u00e1bytek, dekorace a dopl\u0148ky<\/em> . Odborn\u011b je um\u00edst\u00ed do v\u0161ech m\u00edstnost\u00ed bytu \u010di domu.<\/p>\n<p>Speci\u00e1ln\u011b pro v\u00e1s studio vypracuje exkluzivn\u00ed luxusn\u00ed interi\u00e9rov\u00fd design za konkurenceschopnou cenu. Ve\u0161ker\u00e9 projek\u010dn\u00ed pr\u00e1ce budou dokon\u010deny na profesion\u00e1ln\u00ed \u00farovni a v jasn\u011b definovan\u00e9m \u010dasov\u00e9m r\u00e1mci. Z\u00edsk\u00e1te kr\u00e1sn\u00fd a luxusn\u00ed pokoj.<\/p>\n","protected":false},"excerpt":{"rendered":"<p>Dnes v Kyjev\u011b, Charkov\u011b a dal\u0161\u00edch <a class=\"continue_link\" href=\"https:\/\/asart.com.ua\/cs\/dizajn-kvartir\/klassa-lyuks\/\">\u0427\u0438\u0442\u0430\u0442\u044c \u0434\u0430\u043b\u0435\u0435 >><\/a><\/p>\n","protected":false},"author":6,"featured_media":0,"parent":17992,"menu_order":0,"comment_status":"closed","ping_status":"closed","template":"","meta":{"footnotes":""},"acf":[],"aioseo_notices":[],"_links":{"self":[{"href":"https:\/\/asart.com.ua\/cs\/wp-json\/wp\/v2\/pages\/18162"}],"collection":[{"href":"https:\/\/asart.com.ua\/cs\/wp-json\/wp\/v2\/pages"}],"about":[{"href":"https:\/\/asart.com.ua\/cs\/wp-json\/wp\/v2\/types\/page"}],"author":[{"embeddable":true,"href":"https:\/\/asart.com.ua\/cs\/wp-json\/wp\/v2\/users\/6"}],"replies":[{"embeddable":true,"href":"https:\/\/asart.com.ua\/cs\/wp-json\/wp\/v2\/comments?post=18162"}],"version-history":[{"count":5,"href":"https:\/\/asart.com.ua\/cs\/wp-json\/wp\/v2\/pages\/18162\/revisions"}],"predecessor-version":[{"id":21614,"href":"https:\/\/asart.com.ua\/cs\/wp-json\/wp\/v2\/pages\/18162\/revisions\/21614"}],"up":[{"embeddable":true,"href":"https:\/\/asart.com.ua\/cs\/wp-json\/wp\/v2\/pages\/17992"}],"wp:attachment":[{"href":"https:\/\/asart.com.ua\/cs\/wp-json\/wp\/v2\/media?parent=18162"}],"curies":[{"name":"wp","href":"https:\/\/api.w.org\/{rel}","templated":true}]}}