{"id":18156,"date":"2017-06-29T15:52:32","date_gmt":"2017-06-29T12:52:32","guid":{"rendered":"https:\/\/asart.com.ua\/dizajn-kvartir\/stile-modern\/"},"modified":"2023-11-27T15:14:14","modified_gmt":"2023-11-27T12:14:14","slug":"stile-modern","status":"publish","type":"page","link":"https:\/\/asart.com.ua\/cs\/dizajn-kvartir\/stile-modern\/","title":{"rendered":"N\u00e1vrhy interi\u00e9r\u016f byt\u016f v secesn\u00edm stylu"},"content":{"rendered":"<p>Modern\u00edch styl\u016f v bytov\u00e9m interi\u00e9ru je v sou\u010dasnosti spousta a n\u011bkdy je pro \u010dlov\u011bka t\u011b\u017ek\u00e9 vybrat ten nejvhodn\u011bj\u0161\u00ed. P\u0159i v\u00fdb\u011bru sm\u011bru designu <strong>se nejprve mus\u00edte \u0159\u00eddit sv\u00fdmi chu\u0165ov\u00fdmi preferencemi a teprve pot\u00e9 m\u00f3dn\u00edmi trendy a trendy<\/strong> . Je tak\u00e9 nutn\u00e9 vz\u00edt v \u00favahu celkovou plochu m\u00edstnosti, jej\u00ed uspo\u0159\u00e1d\u00e1n\u00ed a um\u00edst\u011bn\u00ed m\u00edstnost\u00ed. Pokud m\u00e1te studio nebo m\u00e1te r\u00e1di velk\u00fd voln\u00fd prostor bez st\u011bn nebo p\u0159\u00ed\u010dek, mus\u00edte si objednat v\u00fdvoj projektu interi\u00e9ru v secesn\u00edm stylu. <a href=\"https:\/\/asart.com.ua\/wp-content\/uploads\/2022\/08\/dizajn-interera-kvartiry-27watermark.jpg\"><img loading=\"lazy\" decoding=\"async\" class=\"aligncenter size-full wp-image-9281 colorbox-18156\" src=\"https:\/\/asart.com.ua\/wp-content\/uploads\/2022\/08\/dizajn-interera-kvartiry-27watermark.jpg\" alt=\"\" width=\"1000\" height=\"750\" srcset=\"https:\/\/asart.com.ua\/wp-content\/uploads\/2022\/08\/dizajn-interera-kvartiry-27watermark.jpg 1000w, https:\/\/asart.com.ua\/wp-content\/uploads\/2022\/08\/dizajn-interera-kvartiry-27watermark-300x225.jpg 300w, https:\/\/asart.com.ua\/wp-content\/uploads\/2022\/08\/dizajn-interera-kvartiry-27watermark-768x576.jpg 768w, https:\/\/asart.com.ua\/wp-content\/uploads\/2022\/08\/dizajn-interera-kvartiry-27watermark-160x120.jpg 160w, https:\/\/asart.com.ua\/wp-content\/uploads\/2022\/08\/dizajn-interera-kvartiry-27watermark-289x217.jpg 289w\" sizes=\"(max-width: 1000px) 100vw, 1000px\" \/><\/a><\/p>\n<p> <a href=\"https:\/\/asart.com.ua\/wp-content\/uploads\/2022\/08\/dizajn-interera-kvartiry-25watermark.jpg\"><img loading=\"lazy\" decoding=\"async\" class=\"aligncenter size-full wp-image-9277 colorbox-18156\" src=\"https:\/\/asart.com.ua\/wp-content\/uploads\/2022\/08\/dizajn-interera-kvartiry-25watermark.jpg\" alt=\"\" width=\"1000\" height=\"750\" srcset=\"https:\/\/asart.com.ua\/wp-content\/uploads\/2022\/08\/dizajn-interera-kvartiry-25watermark.jpg 1000w, https:\/\/asart.com.ua\/wp-content\/uploads\/2022\/08\/dizajn-interera-kvartiry-25watermark-300x225.jpg 300w, https:\/\/asart.com.ua\/wp-content\/uploads\/2022\/08\/dizajn-interera-kvartiry-25watermark-768x576.jpg 768w, https:\/\/asart.com.ua\/wp-content\/uploads\/2022\/08\/dizajn-interera-kvartiry-25watermark-160x120.jpg 160w, https:\/\/asart.com.ua\/wp-content\/uploads\/2022\/08\/dizajn-interera-kvartiry-25watermark-289x217.jpg 289w\" sizes=\"(max-width: 1000px) 100vw, 1000px\" \/><\/a><\/p>\n<p> <a href=\"https:\/\/asart.com.ua\/wp-content\/uploads\/2022\/08\/dizajn-interera-kvartiry-28watermark.jpg\"><img loading=\"lazy\" decoding=\"async\" class=\"aligncenter size-full wp-image-9283 colorbox-18156\" src=\"https:\/\/asart.com.ua\/wp-content\/uploads\/2022\/08\/dizajn-interera-kvartiry-28watermark.jpg\" alt=\"\" width=\"1000\" height=\"750\" srcset=\"https:\/\/asart.com.ua\/wp-content\/uploads\/2022\/08\/dizajn-interera-kvartiry-28watermark.jpg 1000w, https:\/\/asart.com.ua\/wp-content\/uploads\/2022\/08\/dizajn-interera-kvartiry-28watermark-300x225.jpg 300w, https:\/\/asart.com.ua\/wp-content\/uploads\/2022\/08\/dizajn-interera-kvartiry-28watermark-768x576.jpg 768w, https:\/\/asart.com.ua\/wp-content\/uploads\/2022\/08\/dizajn-interera-kvartiry-28watermark-160x120.jpg 160w, https:\/\/asart.com.ua\/wp-content\/uploads\/2022\/08\/dizajn-interera-kvartiry-28watermark-289x217.jpg 289w\" sizes=\"(max-width: 1000px) 100vw, 1000px\" \/><\/a> <a href=\"https:\/\/asart.com.ua\/wp-content\/uploads\/2023\/07\/56-f-14watermark.jpg\"><img loading=\"lazy\" decoding=\"async\" class=\"aligncenter  wp-image-10099 colorbox-18156\" src=\"https:\/\/asart.com.ua\/wp-content\/uploads\/2023\/07\/56-f-14watermark.jpg\" alt=\"\" width=\"994\" height=\"559\" \/><\/a><\/p>\n<h2> Rafinovanost, elegance, rafinovanost.<\/h2>\n<p> Mezi hlavn\u00ed rysy interi\u00e9ru modern\u00edho bytu pat\u0159\u00ed:<\/p>\n<ul>\n<li> sv\u011btl\u00fd n\u00e1bytek<\/li>\n<li> pastelov\u00e9 odst\u00edny<\/li>\n<li> minim\u00e1ln\u00ed dekor<\/li>\n<li> p\u0159\u00edrodn\u00ed materi\u00e1ly<\/li>\n<\/ul>\n<p> Stejn\u011b jako jednoduch\u00e9 a p\u0159\u00edsn\u00e9 formy, hladk\u00e9 linie, velk\u00e9 mno\u017estv\u00ed p\u0159irozen\u00e9ho sv\u011btla. Po realizaci designov\u00e9ho projektu bude v\u00e1\u0161 pokoj sv\u011btl\u00fd a prostorn\u00fd s minim\u00e1ln\u00edm mno\u017estv\u00edm n\u00e1bytku a dekorac\u00ed.<\/p>\n<p> Design\u00e9\u0159i AS-Design vypracuj\u00ed jedine\u010dn\u00fd projekt interi\u00e9rov\u00e9ho designu v secesn\u00edm stylu pro va\u0161i garsonku nebo jinou m\u00edstnost. Tento designov\u00fd sm\u011br ud\u011bl\u00e1 v\u00e1\u0161 domov:<\/p>\n<ul>\n<li> stylov\u00fd<\/li>\n<li> pohodln\u00e9<\/li>\n<li> komfortn\u00ed<\/li>\n<li> elegantn\u00ed<\/li>\n<li> sofistikovan\u00fd<\/li>\n<\/ul>\n<p> K dekoraci pokoj\u016f se pou\u017e\u00edvaj\u00ed neutr\u00e1ln\u00ed barvy. Aby byl interi\u00e9r zaj\u00edmav\u011bj\u0161\u00ed, je dopln\u011bn sv\u011btl\u00fdmi designov\u00fdmi dopl\u0148ky. A tak\u00e9 modern\u00ed design znamen\u00e1 p\u0159\u00edtomnost velk\u00e9ho mno\u017estv\u00ed p\u0159irozen\u00e9ho sv\u011btla, toho lze dos\u00e1hnout pomoc\u00ed velk\u00fdch oken. Velmi \u010dasto zab\u00edraj\u00ed celou st\u011bnu nebo v\u011bt\u0161inu st\u011bny. Denn\u00ed sv\u011btlo vytvo\u0159\u00ed v byt\u011b pocit prostornosti a pohodl\u00ed. Stoj\u00ed za zm\u00ednku, \u017ee ve v\u011bt\u0161in\u011b p\u0159\u00edpad\u016f se d\u00e1v\u00e1 p\u0159ednost b\u00edl\u00e9. <a href=\"https:\/\/asart.com.ua\/wp-content\/uploads\/2018\/04\/dvuhurovnevaya-kvartira-realizacziya-2watermark.jpg\"><img loading=\"lazy\" decoding=\"async\" class=\"aligncenter size-full wp-image-8096 colorbox-18156\" src=\"https:\/\/asart.com.ua\/wp-content\/uploads\/2018\/04\/dvuhurovnevaya-kvartira-realizacziya-2watermark.jpg\" alt=\"\" width=\"1000\" height=\"667\" srcset=\"https:\/\/asart.com.ua\/wp-content\/uploads\/2018\/04\/dvuhurovnevaya-kvartira-realizacziya-2watermark.jpg 1000w, https:\/\/asart.com.ua\/wp-content\/uploads\/2018\/04\/dvuhurovnevaya-kvartira-realizacziya-2watermark-300x200.jpg 300w, https:\/\/asart.com.ua\/wp-content\/uploads\/2018\/04\/dvuhurovnevaya-kvartira-realizacziya-2watermark-768x512.jpg 768w, https:\/\/asart.com.ua\/wp-content\/uploads\/2018\/04\/dvuhurovnevaya-kvartira-realizacziya-2watermark-240x160.jpg 240w\" sizes=\"(max-width: 1000px) 100vw, 1000px\" \/><\/a><\/p>\n<p> <a href=\"https:\/\/asart.com.ua\/wp-content\/uploads\/2018\/04\/dvuhurovnevaya-kvartira-realizacziya-4watermark.jpg\"><img loading=\"lazy\" decoding=\"async\" class=\"aligncenter size-full wp-image-8100 colorbox-18156\" src=\"https:\/\/asart.com.ua\/wp-content\/uploads\/2018\/04\/dvuhurovnevaya-kvartira-realizacziya-4watermark.jpg\" alt=\"\" width=\"1000\" height=\"678\" srcset=\"https:\/\/asart.com.ua\/wp-content\/uploads\/2018\/04\/dvuhurovnevaya-kvartira-realizacziya-4watermark.jpg 1000w, https:\/\/asart.com.ua\/wp-content\/uploads\/2018\/04\/dvuhurovnevaya-kvartira-realizacziya-4watermark-300x203.jpg 300w, https:\/\/asart.com.ua\/wp-content\/uploads\/2018\/04\/dvuhurovnevaya-kvartira-realizacziya-4watermark-768x521.jpg 768w\" sizes=\"(max-width: 1000px) 100vw, 1000px\" \/><\/a> <a href=\"https:\/\/asart.com.ua\/wp-content\/uploads\/2018\/04\/dvuhurovnevaya-kvartira-8watermark.jpg\"><img loading=\"lazy\" decoding=\"async\" class=\"aligncenter size-full wp-image-8088 colorbox-18156\" src=\"https:\/\/asart.com.ua\/wp-content\/uploads\/2018\/04\/dvuhurovnevaya-kvartira-8watermark.jpg\" alt=\"\" width=\"1000\" height=\"667\" srcset=\"https:\/\/asart.com.ua\/wp-content\/uploads\/2018\/04\/dvuhurovnevaya-kvartira-8watermark.jpg 1000w, https:\/\/asart.com.ua\/wp-content\/uploads\/2018\/04\/dvuhurovnevaya-kvartira-8watermark-300x200.jpg 300w, https:\/\/asart.com.ua\/wp-content\/uploads\/2018\/04\/dvuhurovnevaya-kvartira-8watermark-768x512.jpg 768w, https:\/\/asart.com.ua\/wp-content\/uploads\/2018\/04\/dvuhurovnevaya-kvartira-8watermark-240x160.jpg 240w\" sizes=\"(max-width: 1000px) 100vw, 1000px\" \/><\/a> <a href=\"https:\/\/asart.com.ua\/wp-content\/uploads\/2018\/04\/dvuhurovnevaya-kvartira-realizacziya-10watermark.jpg\"><img loading=\"lazy\" decoding=\"async\" class=\"aligncenter size-full wp-image-8112 colorbox-18156\" src=\"https:\/\/asart.com.ua\/wp-content\/uploads\/2018\/04\/dvuhurovnevaya-kvartira-realizacziya-10watermark.jpg\" alt=\"\" width=\"1000\" height=\"667\" srcset=\"https:\/\/asart.com.ua\/wp-content\/uploads\/2018\/04\/dvuhurovnevaya-kvartira-realizacziya-10watermark.jpg 1000w, https:\/\/asart.com.ua\/wp-content\/uploads\/2018\/04\/dvuhurovnevaya-kvartira-realizacziya-10watermark-300x200.jpg 300w, https:\/\/asart.com.ua\/wp-content\/uploads\/2018\/04\/dvuhurovnevaya-kvartira-realizacziya-10watermark-768x512.jpg 768w, https:\/\/asart.com.ua\/wp-content\/uploads\/2018\/04\/dvuhurovnevaya-kvartira-realizacziya-10watermark-240x160.jpg 240w\" sizes=\"(max-width: 1000px) 100vw, 1000px\" \/><\/a><\/p>\n<h3> Jednoduch\u00e9 a p\u0159\u00edsn\u00e9 formy.<\/h3>\n<p> Interi\u00e9rov\u00fd design bytu v secesn\u00edm stylu se vyzna\u010duje jasn\u00fdmi a hladk\u00fdmi liniemi. Vzhledem k tomu, \u017ee se vyzna\u010duje prostorn\u00fdmi a sv\u011btl\u00fdmi m\u00edstnostmi, je kuchyn\u011b \u010dasto kombinov\u00e1na s ob\u00fdvac\u00edm pokojem. V z\u00e1vislosti na uspo\u0159\u00e1d\u00e1n\u00ed m\u00edstnosti mohou design\u00e9\u0159i kombinovat dal\u0161\u00ed m\u00edstnosti. Modern\u00ed secesn\u00ed styl <em>nep\u0159ij\u00edm\u00e1 velk\u00e9 mno\u017estv\u00ed dekor\u016f, dopl\u0148k\u016f a n\u00e1bytku<\/em> . AS-Design Studio doporu\u010duje pou\u017e\u00edvat kompaktn\u00ed a funk\u010dn\u00ed n\u00e1bytek a lze jej tak\u00e9 vestavit. K dekoraci pokoj\u016f se pou\u017e\u00edvaj\u00ed p\u0159\u00edrodn\u00ed materi\u00e1ly.<\/p>\n<p> Design interi\u00e9ru v secesn\u00edm stylu vytvo\u0159\u00ed ve va\u0161em byt\u011b sv\u011btl\u00fd a \u00fatuln\u00fd prostor s minimem dekorac\u00ed a maxim\u00e1ln\u00edm komfortem. Ve\u0161ker\u00e9 projek\u010dn\u00ed pr\u00e1ce budou dokon\u010deny efektivn\u011b, profesion\u00e1ln\u011b a v\u010das.<\/p><\/p>\n","protected":false},"excerpt":{"rendered":"<p>Modern\u00edch styl\u016f v bytov\u00e9m interi\u00e9ru je <a class=\"continue_link\" href=\"https:\/\/asart.com.ua\/cs\/dizajn-kvartir\/stile-modern\/\">\u0427\u0438\u0442\u0430\u0442\u044c \u0434\u0430\u043b\u0435\u0435 >><\/a><\/p>\n","protected":false},"author":6,"featured_media":0,"parent":17992,"menu_order":0,"comment_status":"closed","ping_status":"closed","template":"","meta":{"footnotes":""},"acf":[],"aioseo_notices":[],"_links":{"self":[{"href":"https:\/\/asart.com.ua\/cs\/wp-json\/wp\/v2\/pages\/18156"}],"collection":[{"href":"https:\/\/asart.com.ua\/cs\/wp-json\/wp\/v2\/pages"}],"about":[{"href":"https:\/\/asart.com.ua\/cs\/wp-json\/wp\/v2\/types\/page"}],"author":[{"embeddable":true,"href":"https:\/\/asart.com.ua\/cs\/wp-json\/wp\/v2\/users\/6"}],"replies":[{"embeddable":true,"href":"https:\/\/asart.com.ua\/cs\/wp-json\/wp\/v2\/comments?post=18156"}],"version-history":[{"count":1,"href":"https:\/\/asart.com.ua\/cs\/wp-json\/wp\/v2\/pages\/18156\/revisions"}],"predecessor-version":[{"id":18159,"href":"https:\/\/asart.com.ua\/cs\/wp-json\/wp\/v2\/pages\/18156\/revisions\/18159"}],"up":[{"embeddable":true,"href":"https:\/\/asart.com.ua\/cs\/wp-json\/wp\/v2\/pages\/17992"}],"wp:attachment":[{"href":"https:\/\/asart.com.ua\/cs\/wp-json\/wp\/v2\/media?parent=18156"}],"curies":[{"name":"wp","href":"https:\/\/api.w.org\/{rel}","templated":true}]}}