{"id":18150,"date":"2016-04-28T14:50:36","date_gmt":"2016-04-28T11:50:36","guid":{"rendered":"https:\/\/asart.com.ua\/dizajn-kvartir\/elitnyx\/"},"modified":"2023-11-24T01:03:48","modified_gmt":"2023-11-23T22:03:48","slug":"elitnyx","status":"publish","type":"page","link":"https:\/\/asart.com.ua\/cs\/dizajn-kvartir\/elitnyx\/","title":{"rendered":"N\u00e1vrhy interi\u00e9r\u016f luxusn\u00edch byt\u016f"},"content":{"rendered":"<p>Interi\u00e9rov\u00e9 studio &#8220;AS-Design&#8221; nab\u00edz\u00ed profesion\u00e1ln\u00ed designov\u00e9 slu\u017eby pro luxusn\u00ed byty v\u0161em klient\u016fm z Kyjeva, Dn\u011bpropetrovska, Charkova a dal\u0161\u00edch m\u011bst Ukrajiny. Na\u0161i vysoce kvalifikovan\u00ed specialist\u00e9 maj\u00ed dlouholet\u00e9 zku\u0161enosti s tvorbou a implementac\u00ed:<\/p>\n<ul>\n<li> v\u00fdhradn\u00ed<\/li>\n<li> origin\u00e1l<\/li>\n<li> unik\u00e1tn\u00ed<\/li>\n<li> tvo\u0159iv\u00fd<\/li>\n<\/ul>\n<p> <a href=\"https:\/\/asart.com.ua\/wp-content\/uploads\/2020\/10\/dsc_0068r.jpg\"><img loading=\"lazy\" decoding=\"async\" class=\"aligncenter size-full wp-image-8589 colorbox-18150\" src=\"https:\/\/asart.com.ua\/wp-content\/uploads\/2020\/10\/dsc_0068r.jpg\" alt=\"\" width=\"1000\" height=\"667\" \/><\/a><br \/> <a href=\"https:\/\/asart.com.ua\/wp-content\/uploads\/2020\/10\/dizajn-kvartiry-v-sovremennom-minimalizme-50watermark.jpg\"><img loading=\"lazy\" decoding=\"async\" class=\"aligncenter size-full wp-image-8375 colorbox-18150\" src=\"https:\/\/asart.com.ua\/wp-content\/uploads\/2020\/10\/dizajn-kvartiry-v-sovremennom-minimalizme-50watermark.jpg\" alt=\"\" width=\"1000\" height=\"667\" srcset=\"https:\/\/asart.com.ua\/wp-content\/uploads\/2020\/10\/dizajn-kvartiry-v-sovremennom-minimalizme-50watermark.jpg 1000w, https:\/\/asart.com.ua\/wp-content\/uploads\/2020\/10\/dizajn-kvartiry-v-sovremennom-minimalizme-50watermark-300x200.jpg 300w, https:\/\/asart.com.ua\/wp-content\/uploads\/2020\/10\/dizajn-kvartiry-v-sovremennom-minimalizme-50watermark-768x512.jpg 768w, https:\/\/asart.com.ua\/wp-content\/uploads\/2020\/10\/dizajn-kvartiry-v-sovremennom-minimalizme-50watermark-240x160.jpg 240w\" sizes=\"(max-width: 1000px) 100vw, 1000px\" \/><\/a><br \/> <a href=\"https:\/\/asart.com.ua\/wp-content\/uploads\/2020\/10\/dizajn-kvartiry-v-sovremennom-minimalizme-51watermark.jpg\"><img loading=\"lazy\" decoding=\"async\" class=\"aligncenter size-full wp-image-8377 colorbox-18150\" src=\"https:\/\/asart.com.ua\/wp-content\/uploads\/2020\/10\/dizajn-kvartiry-v-sovremennom-minimalizme-51watermark.jpg\" alt=\"\" width=\"1000\" height=\"667\" srcset=\"https:\/\/asart.com.ua\/wp-content\/uploads\/2020\/10\/dizajn-kvartiry-v-sovremennom-minimalizme-51watermark.jpg 1000w, https:\/\/asart.com.ua\/wp-content\/uploads\/2020\/10\/dizajn-kvartiry-v-sovremennom-minimalizme-51watermark-300x200.jpg 300w, https:\/\/asart.com.ua\/wp-content\/uploads\/2020\/10\/dizajn-kvartiry-v-sovremennom-minimalizme-51watermark-768x512.jpg 768w, https:\/\/asart.com.ua\/wp-content\/uploads\/2020\/10\/dizajn-kvartiry-v-sovremennom-minimalizme-51watermark-240x160.jpg 240w\" sizes=\"(max-width: 1000px) 100vw, 1000px\" \/><\/a><br \/> <a href=\"https:\/\/asart.com.ua\/wp-content\/uploads\/2020\/10\/dizajn-kvartiry-v-sovremennom-minimalizme-43watermark.jpg\"><img loading=\"lazy\" decoding=\"async\" class=\"aligncenter size-full wp-image-8361 colorbox-18150\" src=\"https:\/\/asart.com.ua\/wp-content\/uploads\/2020\/10\/dizajn-kvartiry-v-sovremennom-minimalizme-43watermark.jpg\" alt=\"\" width=\"1000\" height=\"667\" srcset=\"https:\/\/asart.com.ua\/wp-content\/uploads\/2020\/10\/dizajn-kvartiry-v-sovremennom-minimalizme-43watermark.jpg 1000w, https:\/\/asart.com.ua\/wp-content\/uploads\/2020\/10\/dizajn-kvartiry-v-sovremennom-minimalizme-43watermark-300x200.jpg 300w, https:\/\/asart.com.ua\/wp-content\/uploads\/2020\/10\/dizajn-kvartiry-v-sovremennom-minimalizme-43watermark-768x512.jpg 768w, https:\/\/asart.com.ua\/wp-content\/uploads\/2020\/10\/dizajn-kvartiry-v-sovremennom-minimalizme-43watermark-240x160.jpg 240w\" sizes=\"(max-width: 1000px) 100vw, 1000px\" \/><\/a><br \/> <a href=\"https:\/\/asart.com.ua\/wp-content\/uploads\/2020\/10\/dizajn-kvartiry-v-sovremennom-minimalizme-45watermark.jpg\"><img loading=\"lazy\" decoding=\"async\" class=\"aligncenter size-full wp-image-8365 colorbox-18150\" src=\"https:\/\/asart.com.ua\/wp-content\/uploads\/2020\/10\/dizajn-kvartiry-v-sovremennom-minimalizme-45watermark.jpg\" alt=\"\" width=\"1000\" height=\"667\" srcset=\"https:\/\/asart.com.ua\/wp-content\/uploads\/2020\/10\/dizajn-kvartiry-v-sovremennom-minimalizme-45watermark.jpg 1000w, https:\/\/asart.com.ua\/wp-content\/uploads\/2020\/10\/dizajn-kvartiry-v-sovremennom-minimalizme-45watermark-300x200.jpg 300w, https:\/\/asart.com.ua\/wp-content\/uploads\/2020\/10\/dizajn-kvartiry-v-sovremennom-minimalizme-45watermark-768x512.jpg 768w, https:\/\/asart.com.ua\/wp-content\/uploads\/2020\/10\/dizajn-kvartiry-v-sovremennom-minimalizme-45watermark-240x160.jpg 240w\" sizes=\"(max-width: 1000px) 100vw, 1000px\" \/><\/a><br \/> <a href=\"https:\/\/asart.com.ua\/wp-content\/uploads\/2020\/10\/dizajn-kvartiry-v-sovremennom-minimalizme-3watermark.jpg\"><img loading=\"lazy\" decoding=\"async\" class=\"aligncenter size-full wp-image-8281 colorbox-18150\" src=\"https:\/\/asart.com.ua\/wp-content\/uploads\/2020\/10\/dizajn-kvartiry-v-sovremennom-minimalizme-3watermark.jpg\" alt=\"\" width=\"1000\" height=\"667\" srcset=\"https:\/\/asart.com.ua\/wp-content\/uploads\/2020\/10\/dizajn-kvartiry-v-sovremennom-minimalizme-3watermark.jpg 1000w, https:\/\/asart.com.ua\/wp-content\/uploads\/2020\/10\/dizajn-kvartiry-v-sovremennom-minimalizme-3watermark-300x200.jpg 300w, https:\/\/asart.com.ua\/wp-content\/uploads\/2020\/10\/dizajn-kvartiry-v-sovremennom-minimalizme-3watermark-768x512.jpg 768w, https:\/\/asart.com.ua\/wp-content\/uploads\/2020\/10\/dizajn-kvartiry-v-sovremennom-minimalizme-3watermark-240x160.jpg 240w\" sizes=\"(max-width: 1000px) 100vw, 1000px\" \/><\/a><br \/> <a href=\"https:\/\/asart.com.ua\/wp-content\/uploads\/2020\/10\/dizajn-kvartiry-v-sovremennom-minimalizme-11watermark.jpg\"><img loading=\"lazy\" decoding=\"async\" class=\"aligncenter size-full wp-image-8297 colorbox-18150\" src=\"https:\/\/asart.com.ua\/wp-content\/uploads\/2020\/10\/dizajn-kvartiry-v-sovremennom-minimalizme-11watermark.jpg\" alt=\"\" width=\"1000\" height=\"667\" srcset=\"https:\/\/asart.com.ua\/wp-content\/uploads\/2020\/10\/dizajn-kvartiry-v-sovremennom-minimalizme-11watermark.jpg 1000w, https:\/\/asart.com.ua\/wp-content\/uploads\/2020\/10\/dizajn-kvartiry-v-sovremennom-minimalizme-11watermark-300x200.jpg 300w, https:\/\/asart.com.ua\/wp-content\/uploads\/2020\/10\/dizajn-kvartiry-v-sovremennom-minimalizme-11watermark-768x512.jpg 768w, https:\/\/asart.com.ua\/wp-content\/uploads\/2020\/10\/dizajn-kvartiry-v-sovremennom-minimalizme-11watermark-240x160.jpg 240w\" sizes=\"(max-width: 1000px) 100vw, 1000px\" \/><\/a> <a href=\"https:\/\/asart.com.ua\/wp-content\/uploads\/2020\/10\/dizajn-kvartiry-v-sovremennom-minimalizme-36watermark.jpg\"><img loading=\"lazy\" decoding=\"async\" class=\"aligncenter size-full wp-image-8347 colorbox-18150\" src=\"https:\/\/asart.com.ua\/wp-content\/uploads\/2020\/10\/dizajn-kvartiry-v-sovremennom-minimalizme-36watermark.jpg\" alt=\"\" width=\"1000\" height=\"667\" srcset=\"https:\/\/asart.com.ua\/wp-content\/uploads\/2020\/10\/dizajn-kvartiry-v-sovremennom-minimalizme-36watermark.jpg 1000w, https:\/\/asart.com.ua\/wp-content\/uploads\/2020\/10\/dizajn-kvartiry-v-sovremennom-minimalizme-36watermark-300x200.jpg 300w, https:\/\/asart.com.ua\/wp-content\/uploads\/2020\/10\/dizajn-kvartiry-v-sovremennom-minimalizme-36watermark-768x512.jpg 768w, https:\/\/asart.com.ua\/wp-content\/uploads\/2020\/10\/dizajn-kvartiry-v-sovremennom-minimalizme-36watermark-240x160.jpg 240w\" sizes=\"(max-width: 1000px) 100vw, 1000px\" \/><\/a> <a href=\"https:\/\/asart.com.ua\/wp-content\/uploads\/2020\/10\/dizajn-kvartiry-v-sovremennom-minimalizme-35watermark.jpg\"><img loading=\"lazy\" decoding=\"async\" class=\"aligncenter size-full wp-image-8345 colorbox-18150\" src=\"https:\/\/asart.com.ua\/wp-content\/uploads\/2020\/10\/dizajn-kvartiry-v-sovremennom-minimalizme-35watermark.jpg\" alt=\"\" width=\"1000\" height=\"667\" srcset=\"https:\/\/asart.com.ua\/wp-content\/uploads\/2020\/10\/dizajn-kvartiry-v-sovremennom-minimalizme-35watermark.jpg 1000w, https:\/\/asart.com.ua\/wp-content\/uploads\/2020\/10\/dizajn-kvartiry-v-sovremennom-minimalizme-35watermark-300x200.jpg 300w, https:\/\/asart.com.ua\/wp-content\/uploads\/2020\/10\/dizajn-kvartiry-v-sovremennom-minimalizme-35watermark-768x512.jpg 768w, https:\/\/asart.com.ua\/wp-content\/uploads\/2020\/10\/dizajn-kvartiry-v-sovremennom-minimalizme-35watermark-240x160.jpg 240w\" sizes=\"(max-width: 1000px) 100vw, 1000px\" \/><\/a> <a href=\"https:\/\/asart.com.ua\/wp-content\/uploads\/2020\/10\/dizajn-kvartiry-v-sovremennom-minimalizme-13watermark.jpg\"><img loading=\"lazy\" decoding=\"async\" class=\"aligncenter size-full wp-image-8301 colorbox-18150\" src=\"https:\/\/asart.com.ua\/wp-content\/uploads\/2020\/10\/dizajn-kvartiry-v-sovremennom-minimalizme-13watermark.jpg\" alt=\"\" width=\"1000\" height=\"667\" srcset=\"https:\/\/asart.com.ua\/wp-content\/uploads\/2020\/10\/dizajn-kvartiry-v-sovremennom-minimalizme-13watermark.jpg 1000w, https:\/\/asart.com.ua\/wp-content\/uploads\/2020\/10\/dizajn-kvartiry-v-sovremennom-minimalizme-13watermark-300x200.jpg 300w, https:\/\/asart.com.ua\/wp-content\/uploads\/2020\/10\/dizajn-kvartiry-v-sovremennom-minimalizme-13watermark-768x512.jpg 768w, https:\/\/asart.com.ua\/wp-content\/uploads\/2020\/10\/dizajn-kvartiry-v-sovremennom-minimalizme-13watermark-240x160.jpg 240w\" sizes=\"(max-width: 1000px) 100vw, 1000px\" \/><\/a> <a href=\"https:\/\/asart.com.ua\/wp-content\/uploads\/2020\/10\/dizajn-kvartiry-v-sovremennom-minimalizme-14watermark.jpg\"><img loading=\"lazy\" decoding=\"async\" class=\"aligncenter size-full wp-image-8303 colorbox-18150\" src=\"https:\/\/asart.com.ua\/wp-content\/uploads\/2020\/10\/dizajn-kvartiry-v-sovremennom-minimalizme-14watermark.jpg\" alt=\"\" width=\"1000\" height=\"667\" srcset=\"https:\/\/asart.com.ua\/wp-content\/uploads\/2020\/10\/dizajn-kvartiry-v-sovremennom-minimalizme-14watermark.jpg 1000w, https:\/\/asart.com.ua\/wp-content\/uploads\/2020\/10\/dizajn-kvartiry-v-sovremennom-minimalizme-14watermark-300x200.jpg 300w, https:\/\/asart.com.ua\/wp-content\/uploads\/2020\/10\/dizajn-kvartiry-v-sovremennom-minimalizme-14watermark-768x512.jpg 768w, https:\/\/asart.com.ua\/wp-content\/uploads\/2020\/10\/dizajn-kvartiry-v-sovremennom-minimalizme-14watermark-240x160.jpg 240w\" sizes=\"(max-width: 1000px) 100vw, 1000px\" \/><\/a> <a href=\"https:\/\/asart.com.ua\/wp-content\/uploads\/2020\/10\/dizajn-kvartiry-v-sovremennom-minimalizme-21watermark.jpg\"><img loading=\"lazy\" decoding=\"async\" class=\"aligncenter size-full wp-image-8317 colorbox-18150\" src=\"https:\/\/asart.com.ua\/wp-content\/uploads\/2020\/10\/dizajn-kvartiry-v-sovremennom-minimalizme-21watermark.jpg\" alt=\"\" width=\"1000\" height=\"667\" srcset=\"https:\/\/asart.com.ua\/wp-content\/uploads\/2020\/10\/dizajn-kvartiry-v-sovremennom-minimalizme-21watermark.jpg 1000w, https:\/\/asart.com.ua\/wp-content\/uploads\/2020\/10\/dizajn-kvartiry-v-sovremennom-minimalizme-21watermark-300x200.jpg 300w, https:\/\/asart.com.ua\/wp-content\/uploads\/2020\/10\/dizajn-kvartiry-v-sovremennom-minimalizme-21watermark-768x512.jpg 768w, https:\/\/asart.com.ua\/wp-content\/uploads\/2020\/10\/dizajn-kvartiry-v-sovremennom-minimalizme-21watermark-240x160.jpg 240w\" sizes=\"(max-width: 1000px) 100vw, 1000px\" \/><\/a> <a href=\"https:\/\/asart.com.ua\/wp-content\/uploads\/2020\/10\/dizajn-kvartiry-v-sovremennom-minimalizme-10watermark.jpg\"><img loading=\"lazy\" decoding=\"async\" class=\"aligncenter size-full wp-image-8295 colorbox-18150\" src=\"https:\/\/asart.com.ua\/wp-content\/uploads\/2020\/10\/dizajn-kvartiry-v-sovremennom-minimalizme-10watermark.jpg\" alt=\"\" width=\"1000\" height=\"667\" srcset=\"https:\/\/asart.com.ua\/wp-content\/uploads\/2020\/10\/dizajn-kvartiry-v-sovremennom-minimalizme-10watermark.jpg 1000w, https:\/\/asart.com.ua\/wp-content\/uploads\/2020\/10\/dizajn-kvartiry-v-sovremennom-minimalizme-10watermark-300x200.jpg 300w, https:\/\/asart.com.ua\/wp-content\/uploads\/2020\/10\/dizajn-kvartiry-v-sovremennom-minimalizme-10watermark-768x512.jpg 768w, https:\/\/asart.com.ua\/wp-content\/uploads\/2020\/10\/dizajn-kvartiry-v-sovremennom-minimalizme-10watermark-240x160.jpg 240w\" sizes=\"(max-width: 1000px) 100vw, 1000px\" \/><\/a><\/p>\n<p> projekty m\u00edstnost\u00ed, bez ohledu na velikost a slo\u017eitost zak\u00e1zky. N\u00e1vrh interi\u00e9ru pro elitn\u00ed byt je jedn\u00edm z nejobt\u00ed\u017en\u011bj\u0161\u00edch a z\u00e1rove\u0148 zaj\u00edmav\u00fdch \u00fakol\u016f i pro toho nejzku\u0161en\u011bj\u0161\u00edho design\u00e9ra. V\u0161e <strong>z\u00e1vis\u00ed na plo\u0161e m\u00edstnosti, na uspo\u0159\u00e1d\u00e1n\u00ed m\u00edstnost\u00ed, na v\u00fd\u0161ce strop\u016f, na um\u00edst\u011bn\u00ed oken<\/strong> . To ale specialisty studia AS-Design nevyd\u011bs\u00ed, zvl\u00e1dnou i ten nejslo\u017eit\u011bj\u0161\u00ed \u00fakol. Ud\u011blaj\u00ed v\u00e1\u0161 domov kr\u00e1sn\u00fdm a pohodln\u00fdm.<\/p>\n<h2> O\u017eivujeme neobvykl\u00e9 n\u00e1pady.<\/h2>\n<p> Aby design\u00e9\u0159i vyvinuli interi\u00e9rov\u00fd design pro elitn\u00ed byt, kter\u00fd nejl\u00e9pe vyhovuje vkusu z\u00e1kazn\u00edka, nejprve nav\u0161t\u00edv\u00ed m\u00edsto, aby se s n\u00edm sezn\u00e1mili v Kyjev\u011b, Charkov\u011b, Dn\u011bpropetrovsku. Pot\u00e9 vypracuj\u00ed n\u011bkolik projekt\u016f, abyste si mohli vybrat ten, kter\u00fd v\u00e1m nejl\u00e9pe vyhovuje.<\/p>\n<p> Poskytnut\u00edm hotov\u00e9ho projektu designu interi\u00e9ru pro elitn\u00ed byt se sna\u017e\u00edme, aby byl kr\u00e1sn\u00fd a funk\u010dn\u00ed, a to jak jako celek, tak pro ka\u017edou m\u00edstnost zvl\u00e1\u0161\u0165, s ohledem na jej\u00ed \u00fa\u010del a tak\u00e9 na to, kte\u0159\u00ed \u010dlenov\u00e9 rodiny v n\u00ed budou bydlet. Styl m\u00edstnosti si m\u016f\u017eete vybrat sami na z\u00e1klad\u011b sv\u00e9ho vkusu a preferenc\u00ed. Na\u0161i n\u00e1vrh\u00e1\u0159i v\u00e1m tak\u00e9 mohou vybrat ten nejvhodn\u011bj\u0161\u00ed styl. Nemus\u00ed b\u00fdt s\u00e1m. R\u016fzn\u00e9 m\u00edstnosti mohou m\u00edt r\u016fzn\u00e9 styly, ale je d\u016fle\u017eit\u00e9 pamatovat na to, \u017ee v\u0161echny n\u00e1pady harmonicky plynou do sebe a odpov\u00eddaj\u00ed jedin\u00e9mu konceptu.<\/p>\n<p> Krom\u011b vypracov\u00e1n\u00ed n\u00e1vrh\u016f luxusn\u00edch byt\u016f v\u00e1m pom\u016f\u017eeme vybrat n\u00e1bytek a spr\u00e1vn\u011b jej rozm\u00edstit v pokoj\u00edch. Vyberte si dokon\u010dovac\u00ed materi\u00e1ly, stejn\u011b jako dekorace a dopl\u0148ky. <em>Pom\u016f\u017eeme v\u00e1m tak\u00e9 vybrat spr\u00e1vnou barevnou paletu , aby se v\u0161echny barvy vz\u00e1jemn\u011b kombinovaly a dopl\u0148ovaly<\/em> . Na\u0161e designov\u00e9 projekty nep\u0159et\u011b\u017euj\u00ed prostor, ale jsou zam\u011b\u0159eny na to, aby:<\/p>\n<ul>\n<li> \u00fatuln\u00fd<\/li>\n<li> komfortn\u00ed<\/li>\n<li> funk\u010dn\u00ed<\/li>\n<\/ul>\n<h3> Jedine\u010dnost a exkluzivita v ka\u017ed\u00e9m detailu.<\/h3>\n<p> Studio &#8220;AS-Design&#8221; vyb\u00edr\u00e1 individu\u00e1ln\u00ed p\u0159\u00edstup ke ka\u017ed\u00e9mu klientovi z Kyjeva, Charkova, Dn\u011bpropetrovska. Vypracujeme n\u00e1vrh elitn\u00edho bytu s p\u0159ihl\u00e9dnut\u00edm ke v\u0161em va\u0161im p\u0159\u00e1n\u00edm a po\u017eadavk\u016fm a s vyu\u017eit\u00edm modern\u00edch trend\u016f a sm\u011br\u016f v oblasti designu.<\/p>\n","protected":false},"excerpt":{"rendered":"<p>Interi\u00e9rov\u00e9 studio &#8220;AS-Design&#8221; nab\u00edz\u00ed profesion\u00e1ln\u00ed designov\u00e9 <a class=\"continue_link\" href=\"https:\/\/asart.com.ua\/cs\/dizajn-kvartir\/elitnyx\/\">\u0427\u0438\u0442\u0430\u0442\u044c \u0434\u0430\u043b\u0435\u0435 >><\/a><\/p>\n","protected":false},"author":6,"featured_media":0,"parent":17992,"menu_order":0,"comment_status":"closed","ping_status":"closed","template":"","meta":{"footnotes":""},"acf":[],"aioseo_notices":[],"_links":{"self":[{"href":"https:\/\/asart.com.ua\/cs\/wp-json\/wp\/v2\/pages\/18150"}],"collection":[{"href":"https:\/\/asart.com.ua\/cs\/wp-json\/wp\/v2\/pages"}],"about":[{"href":"https:\/\/asart.com.ua\/cs\/wp-json\/wp\/v2\/types\/page"}],"author":[{"embeddable":true,"href":"https:\/\/asart.com.ua\/cs\/wp-json\/wp\/v2\/users\/6"}],"replies":[{"embeddable":true,"href":"https:\/\/asart.com.ua\/cs\/wp-json\/wp\/v2\/comments?post=18150"}],"version-history":[{"count":1,"href":"https:\/\/asart.com.ua\/cs\/wp-json\/wp\/v2\/pages\/18150\/revisions"}],"predecessor-version":[{"id":18153,"href":"https:\/\/asart.com.ua\/cs\/wp-json\/wp\/v2\/pages\/18150\/revisions\/18153"}],"up":[{"embeddable":true,"href":"https:\/\/asart.com.ua\/cs\/wp-json\/wp\/v2\/pages\/17992"}],"wp:attachment":[{"href":"https:\/\/asart.com.ua\/cs\/wp-json\/wp\/v2\/media?parent=18150"}],"curies":[{"name":"wp","href":"https:\/\/api.w.org\/{rel}","templated":true}]}}