{"id":18144,"date":"2016-04-20T13:40:27","date_gmt":"2016-04-20T10:40:27","guid":{"rendered":"https:\/\/asart.com.ua\/dizajn-kvartir\/3-x-komnatnaja\/"},"modified":"2024-09-17T17:59:53","modified_gmt":"2024-09-17T14:59:53","slug":"3-x-komnatnaja","status":"publish","type":"page","link":"https:\/\/asart.com.ua\/cs\/dizajn-kvartir\/3-x-komnatnaja\/","title":{"rendered":"N\u00e1vrh interi\u00e9ru t\u0159\u00edpokojov\u00e9ho bytu"},"content":{"rendered":"<p>Mnoho obyvatel Charkova, Kyjeva, Dn\u011bpropetrovska a dal\u0161\u00edch m\u011bst Ukrajiny sn\u00ed o t\u0159\u00edpokojov\u00e9m byt\u011b, zvl\u00e1\u0161t\u011b pokud maj\u00ed velkou rodinu. Takov\u00e9 bydlen\u00ed je p\u0159edev\u0161\u00edm:<\/p>\n<ul>\n<li>prostor<\/li>\n<li>samostatn\u00fd prostor pro ka\u017ed\u00e9ho \u010dlena rodiny <img loading=\"lazy\" decoding=\"async\" class=\"aligncenter wp-image-2071 size-full colorbox-18144\" src=\"https:\/\/asart.com.ua\/wp-content\/uploads\/2013\/10\/\u0433\u043e\u0441\u04423watermark.jpg\" alt=\"vodoznak gost3\" width=\"1000\" height=\"750\" srcset=\"https:\/\/asart.com.ua\/wp-content\/uploads\/2013\/10\/\u0433\u043e\u0441\u04423watermark.jpg 1000w, https:\/\/asart.com.ua\/wp-content\/uploads\/2013\/10\/\u0433\u043e\u0441\u04423watermark-300x225.jpg 300w, https:\/\/asart.com.ua\/wp-content\/uploads\/2013\/10\/\u0433\u043e\u0441\u04423watermark-160x120.jpg 160w, https:\/\/asart.com.ua\/wp-content\/uploads\/2013\/10\/\u0433\u043e\u0441\u04423watermark-289x217.jpg 289w\" sizes=\"(max-width: 1000px) 100vw, 1000px\" \/><img loading=\"lazy\" decoding=\"async\" class=\"aligncenter wp-image-2087 size-full colorbox-18144\" src=\"https:\/\/asart.com.ua\/wp-content\/uploads\/2013\/10\/\u0433\u043e\u0441\u044211watermark.jpg\" alt=\"vodoznak gost11\" width=\"1000\" height=\"750\" srcset=\"https:\/\/asart.com.ua\/wp-content\/uploads\/2013\/10\/\u0433\u043e\u0441\u044211watermark.jpg 1000w, https:\/\/asart.com.ua\/wp-content\/uploads\/2013\/10\/\u0433\u043e\u0441\u044211watermark-300x225.jpg 300w, https:\/\/asart.com.ua\/wp-content\/uploads\/2013\/10\/\u0433\u043e\u0441\u044211watermark-160x120.jpg 160w, https:\/\/asart.com.ua\/wp-content\/uploads\/2013\/10\/\u0433\u043e\u0441\u044211watermark-289x217.jpg 289w\" sizes=\"(max-width: 1000px) 100vw, 1000px\" \/><img loading=\"lazy\" decoding=\"async\" class=\"aligncenter wp-image-2085 size-full colorbox-18144\" src=\"https:\/\/asart.com.ua\/wp-content\/uploads\/2013\/10\/\u0433\u043e\u0441\u044210watermark.jpg\" alt=\"vodoznak gost10\" width=\"1000\" height=\"750\" srcset=\"https:\/\/asart.com.ua\/wp-content\/uploads\/2013\/10\/\u0433\u043e\u0441\u044210watermark.jpg 1000w, https:\/\/asart.com.ua\/wp-content\/uploads\/2013\/10\/\u0433\u043e\u0441\u044210watermark-300x225.jpg 300w, https:\/\/asart.com.ua\/wp-content\/uploads\/2013\/10\/\u0433\u043e\u0441\u044210watermark-160x120.jpg 160w, https:\/\/asart.com.ua\/wp-content\/uploads\/2013\/10\/\u0433\u043e\u0441\u044210watermark-289x217.jpg 289w\" sizes=\"(max-width: 1000px) 100vw, 1000px\" \/><img loading=\"lazy\" decoding=\"async\" class=\"aligncenter wp-image-2079 size-full colorbox-18144\" src=\"https:\/\/asart.com.ua\/wp-content\/uploads\/2013\/10\/\u0433\u043e\u0441\u04427watermark.jpg\" alt=\"vodoznak gost7\" width=\"1000\" height=\"750\" srcset=\"https:\/\/asart.com.ua\/wp-content\/uploads\/2013\/10\/\u0433\u043e\u0441\u04427watermark.jpg 1000w, https:\/\/asart.com.ua\/wp-content\/uploads\/2013\/10\/\u0433\u043e\u0441\u04427watermark-300x225.jpg 300w, https:\/\/asart.com.ua\/wp-content\/uploads\/2013\/10\/\u0433\u043e\u0441\u04427watermark-160x120.jpg 160w, https:\/\/asart.com.ua\/wp-content\/uploads\/2013\/10\/\u0433\u043e\u0441\u04427watermark-289x217.jpg 289w\" sizes=\"(max-width: 1000px) 100vw, 1000px\" \/><img loading=\"lazy\" decoding=\"async\" class=\"aligncenter wp-image-2075 size-full colorbox-18144\" src=\"https:\/\/asart.com.ua\/wp-content\/uploads\/2013\/10\/\u0433\u043e\u0441\u04425watermark.jpg\" alt=\"vodoznak gost5\" width=\"1000\" height=\"750\" srcset=\"https:\/\/asart.com.ua\/wp-content\/uploads\/2013\/10\/\u0433\u043e\u0441\u04425watermark.jpg 1000w, https:\/\/asart.com.ua\/wp-content\/uploads\/2013\/10\/\u0433\u043e\u0441\u04425watermark-300x225.jpg 300w, https:\/\/asart.com.ua\/wp-content\/uploads\/2013\/10\/\u0433\u043e\u0441\u04425watermark-160x120.jpg 160w, https:\/\/asart.com.ua\/wp-content\/uploads\/2013\/10\/\u0433\u043e\u0441\u04425watermark-289x217.jpg 289w\" sizes=\"(max-width: 1000px) 100vw, 1000px\" \/><\/li>\n<\/ul>\n<h2>Nab\u00edz\u00edme mnoho jedine\u010dn\u00fdch styl\u016f.<\/h2>\n<p>Pokud ji\u017e jste \u0161\u0165astn\u00fdm majitelem takov\u00e9ho prostoru nebo pl\u00e1nujete jeho koupi, d\u0159\u00edve nebo pozd\u011bji budete postaveni p\u0159ed ot\u00e1zku opravy. Opravn\u00e9 pr\u00e1ce samoz\u0159ejm\u011b nejsou zah\u00e1jeny spont\u00e1nn\u011b. Mus\u00edte myslet na v\u0161echno, proto\u017ee na tom z\u00e1vis\u00ed v\u00e1\u0161 pohodln\u00fd a \u00fatuln\u00fd pobyt v n\u011bm. Proto mus\u00edte zpo\u010d\u00e1tku p\u0159il\u00e1kat specialisty, kte\u0159\u00ed pro v\u00e1s vyvinou interi\u00e9rov\u00fd design t\u0159\u00edpokojov\u00e9ho bytu. Na jednu stranu m\u00e1 design\u00e9r vzhledem ke slu\u0161n\u00e9 plo\u0161e prostor pro fantazii a jej\u00ed realizaci, na druhou stranu mohou nastat pot\u00ed\u017ee, kter\u00e9 m\u016f\u017ee zp\u016fsobovat dispozice \u010di um\u00edst\u011bn\u00ed m\u00edstnost\u00ed. Ale se spr\u00e1vn\u00fdm designov\u00fdm projektem <strong>m\u016f\u017ee b\u00fdt takov\u00e1 m\u00edstnost funk\u010dn\u011bj\u0161\u00ed a pohodln\u011bj\u0161\u00ed pro \u017eivot<\/strong> .<\/p>\n<p>V Charkov\u011b a Dn\u011bpropetrovsku v\u00e1m studio AS-Design pom\u016f\u017ee vypracovat profesion\u00e1ln\u00ed n\u00e1vrh t\u0159\u00edpokojov\u00e9ho bytu za nejdostupn\u011bj\u0161\u00ed cenu. Na\u0161i design\u00e9\u0159i maj\u00ed rozs\u00e1hl\u00e9 zku\u0161enosti s poskytov\u00e1n\u00edm n\u00e1vrh\u00e1\u0159sk\u00fdch slu\u017eeb a v\u00fdvojem n\u00e1vrh\u016f. Mohou ozdobit va\u0161e prostory:<\/p>\n<ul>\n<li>v jak\u00e9mkoli stylu<\/li>\n<li>v libovoln\u00e9m barevn\u00e9m proveden\u00ed<\/li>\n<li>pom\u016f\u017ee s v\u00fdb\u011brem n\u00e1bytku<\/li>\n<li>p\u0159etvo\u0159it<\/li>\n<li>odstranit zbyte\u010dn\u00e9 st\u011bny a p\u0159\u00ed\u010dky<\/li>\n<\/ul>\n<p>Styl m\u016f\u017ee b\u00fdt spole\u010dn\u00fd pro cel\u00fd d\u016fm nebo pro ka\u017ed\u00fd jednotliv\u00fd pokoj vlastn\u00ed. Tot\u00e9\u017e plat\u00ed pro barvu, lze ji kombinovat pro vizu\u00e1ln\u00ed roz\u0161\u00ed\u0159en\u00ed prostoru a z\u00f3nov\u00e1n\u00ed m\u00edstnosti.<\/p>\n<p>P\u0159i sestavov\u00e1n\u00ed projektu interi\u00e9ru pro t\u0159\u00edpokojov\u00fd byt se berou v \u00favahu v\u0161echna p\u0159\u00e1n\u00ed a po\u017eadavky z\u00e1kazn\u00edka, jako\u017e i vlastnosti dispozice a um\u00edst\u011bn\u00ed. \u010casto se pro racion\u00e1ln\u011bj\u0161\u00ed vyu\u017eit\u00ed prostoru a jeho roz\u0161\u00ed\u0159en\u00ed kombinuje koupelna a toaleta a jejich roz\u0161\u00ed\u0159en\u00ed je tak\u00e9 mo\u017en\u00e9 d\u00edky chodb\u011b. Kombinuj\u00ed ob\u00fdvac\u00ed pokoj a kuchy\u0148, p\u0159\u00edpadn\u011b je mo\u017en\u00e9 spojit kuchy\u0148 a p\u0159ilehl\u00fd pokoj. Pokud m\u00e1te velkou lo\u017enici, m\u016f\u017eete ji p\u0159ed\u011blit st\u011bnou a vytvo\u0159it tak dal\u0161\u00ed dal\u0161\u00ed pokoj.<\/p>\n<h3>M\u00f3dn\u00ed trendy, kvalita, spolehlivost.<\/h3>\n<p>Pro zd\u016frazn\u011bn\u00ed designu interi\u00e9ru t\u0159\u00edpokojov\u00e9ho bytu jsou pou\u017eity dal\u0161\u00ed dopl\u0148ky, vybaven\u00ed a designov\u00e9 triky. Pat\u0159\u00ed mezi n\u011b: <em>um\u011bleck\u00e1 malba na st\u011bn\u00e1ch, pou\u017eit\u00ed r\u016fzn\u00fdch dekorativn\u00edch lamp, dekorac\u00ed, origin\u00e1ln\u00edch polic, ozdobn\u00fdch p\u0159\u00ed\u010dek a oblouk\u016f<\/em> .<\/p>\n<p>Studio &#8220;AS-Design&#8221; v\u00e1m nab\u00eddne mnoho origin\u00e1ln\u00edch n\u00e1pad\u016f na design interi\u00e9ru pro t\u0159\u00edpokojov\u00e9 byty za nejlep\u0161\u00ed cenu v Charkov\u011b, Dn\u011bpropetrovsku a v\u0161ech ocelov\u00fdch regionech Ukrajiny.<\/p>\n","protected":false},"excerpt":{"rendered":"<p>Mnoho obyvatel Charkova, Kyjeva, Dn\u011bpropetrovska a <a class=\"continue_link\" href=\"https:\/\/asart.com.ua\/cs\/dizajn-kvartir\/3-x-komnatnaja\/\">\u0427\u0438\u0442\u0430\u0442\u044c \u0434\u0430\u043b\u0435\u0435 >><\/a><\/p>\n","protected":false},"author":6,"featured_media":0,"parent":17992,"menu_order":0,"comment_status":"closed","ping_status":"closed","template":"","meta":{"footnotes":""},"acf":[],"aioseo_notices":[],"_links":{"self":[{"href":"https:\/\/asart.com.ua\/cs\/wp-json\/wp\/v2\/pages\/18144"}],"collection":[{"href":"https:\/\/asart.com.ua\/cs\/wp-json\/wp\/v2\/pages"}],"about":[{"href":"https:\/\/asart.com.ua\/cs\/wp-json\/wp\/v2\/types\/page"}],"author":[{"embeddable":true,"href":"https:\/\/asart.com.ua\/cs\/wp-json\/wp\/v2\/users\/6"}],"replies":[{"embeddable":true,"href":"https:\/\/asart.com.ua\/cs\/wp-json\/wp\/v2\/comments?post=18144"}],"version-history":[{"count":2,"href":"https:\/\/asart.com.ua\/cs\/wp-json\/wp\/v2\/pages\/18144\/revisions"}],"predecessor-version":[{"id":20971,"href":"https:\/\/asart.com.ua\/cs\/wp-json\/wp\/v2\/pages\/18144\/revisions\/20971"}],"up":[{"embeddable":true,"href":"https:\/\/asart.com.ua\/cs\/wp-json\/wp\/v2\/pages\/17992"}],"wp:attachment":[{"href":"https:\/\/asart.com.ua\/cs\/wp-json\/wp\/v2\/media?parent=18144"}],"curies":[{"name":"wp","href":"https:\/\/api.w.org\/{rel}","templated":true}]}}