{"id":18138,"date":"2016-06-07T12:41:59","date_gmt":"2016-06-07T09:41:59","guid":{"rendered":"https:\/\/asart.com.ua\/dizajn-kvartir\/taunkhausa\/"},"modified":"2023-11-24T00:56:30","modified_gmt":"2023-11-23T21:56:30","slug":"taunkhausa","status":"publish","type":"page","link":"https:\/\/asart.com.ua\/cs\/dizajn-kvartir\/taunkhausa\/","title":{"rendered":"N\u00e1vrh interi\u00e9ru m\u011bstsk\u00e9ho domu"},"content":{"rendered":"<p>Nen\u00ed to tak d\u00e1vno, co se na ukrajinsk\u00e9m trhu s nemovitostmi objevilo nov\u00e9 bydlen\u00ed zvan\u00e9 m\u011bstsk\u00fd d\u016fm. \u010casto b\u00fdv\u00e1 p\u0159irovn\u00e1v\u00e1n k \u010din\u017eovn\u00edmu domu, chat\u011b nebo velk\u00e9mu venkovsk\u00e9mu domu. Ale v ka\u017ed\u00e9m p\u0159\u00edpad\u011b se jedn\u00e1 o dvoupodla\u017en\u00ed nebo t\u0159\u00edpodla\u017en\u00ed d\u016fm, kter\u00fd <strong>m\u00e1 samostatn\u00fd vchod a v\u00fdstup, autonomn\u00ed vyt\u00e1p\u011bn\u00ed, pozemek a gar\u00e1\u017e.<\/strong> Takov\u00e9 domy jsou zpravidla komplexem n\u011bkolika budov, ale maj\u00ed spole\u010dn\u00e9 zdi a jsou postaveny ve stejn\u00e9m architektonick\u00e9m stylu.<\/p>\n<p> <a href=\"https:\/\/asart.com.ua\/wp-content\/uploads\/2022\/08\/dizajn-taunhausa-1watermark-.jpg\"><img loading=\"lazy\" decoding=\"async\" class=\"aligncenter size-full wp-image-9613 colorbox-18138\" src=\"https:\/\/asart.com.ua\/wp-content\/uploads\/2022\/08\/dizajn-taunhausa-1watermark-.jpg\" alt=\"\" width=\"1000\" height=\"750\" srcset=\"https:\/\/asart.com.ua\/wp-content\/uploads\/2022\/08\/dizajn-taunhausa-1watermark-.jpg 1000w, https:\/\/asart.com.ua\/wp-content\/uploads\/2022\/08\/dizajn-taunhausa-1watermark--300x225.jpg 300w, https:\/\/asart.com.ua\/wp-content\/uploads\/2022\/08\/dizajn-taunhausa-1watermark--768x576.jpg 768w, https:\/\/asart.com.ua\/wp-content\/uploads\/2022\/08\/dizajn-taunhausa-1watermark--160x120.jpg 160w, https:\/\/asart.com.ua\/wp-content\/uploads\/2022\/08\/dizajn-taunhausa-1watermark--289x217.jpg 289w\" sizes=\"(max-width: 1000px) 100vw, 1000px\" \/><\/a><\/p>\n<p> <a href=\"https:\/\/asart.com.ua\/wp-content\/uploads\/2022\/08\/dizajn-taunhausa-14watermark-.jpg\"><img loading=\"lazy\" decoding=\"async\" class=\"aligncenter size-full wp-image-9629 colorbox-18138\" src=\"https:\/\/asart.com.ua\/wp-content\/uploads\/2022\/08\/dizajn-taunhausa-14watermark-.jpg\" alt=\"\" width=\"1000\" height=\"750\" srcset=\"https:\/\/asart.com.ua\/wp-content\/uploads\/2022\/08\/dizajn-taunhausa-14watermark-.jpg 1000w, https:\/\/asart.com.ua\/wp-content\/uploads\/2022\/08\/dizajn-taunhausa-14watermark--300x225.jpg 300w, https:\/\/asart.com.ua\/wp-content\/uploads\/2022\/08\/dizajn-taunhausa-14watermark--768x576.jpg 768w, https:\/\/asart.com.ua\/wp-content\/uploads\/2022\/08\/dizajn-taunhausa-14watermark--160x120.jpg 160w, https:\/\/asart.com.ua\/wp-content\/uploads\/2022\/08\/dizajn-taunhausa-14watermark--289x217.jpg 289w\" sizes=\"(max-width: 1000px) 100vw, 1000px\" \/><\/a><\/p>\n<p> <a href=\"https:\/\/asart.com.ua\/wp-content\/uploads\/2022\/08\/dizajn-taunhausa-13watermark-.jpg\"><img loading=\"lazy\" decoding=\"async\" class=\"aligncenter size-full wp-image-9627 colorbox-18138\" src=\"https:\/\/asart.com.ua\/wp-content\/uploads\/2022\/08\/dizajn-taunhausa-13watermark-.jpg\" alt=\"\" width=\"1000\" height=\"750\" srcset=\"https:\/\/asart.com.ua\/wp-content\/uploads\/2022\/08\/dizajn-taunhausa-13watermark-.jpg 1000w, https:\/\/asart.com.ua\/wp-content\/uploads\/2022\/08\/dizajn-taunhausa-13watermark--300x225.jpg 300w, https:\/\/asart.com.ua\/wp-content\/uploads\/2022\/08\/dizajn-taunhausa-13watermark--768x576.jpg 768w, https:\/\/asart.com.ua\/wp-content\/uploads\/2022\/08\/dizajn-taunhausa-13watermark--160x120.jpg 160w, https:\/\/asart.com.ua\/wp-content\/uploads\/2022\/08\/dizajn-taunhausa-13watermark--289x217.jpg 289w\" sizes=\"(max-width: 1000px) 100vw, 1000px\" \/><\/a> <a href=\"https:\/\/asart.com.ua\/wp-content\/uploads\/2022\/08\/dizajn-taunhausa-43watermark-.jpg\"><img loading=\"lazy\" decoding=\"async\" class=\"aligncenter size-full wp-image-9657 colorbox-18138\" src=\"https:\/\/asart.com.ua\/wp-content\/uploads\/2022\/08\/dizajn-taunhausa-43watermark-.jpg\" alt=\"\" width=\"1000\" height=\"630\" srcset=\"https:\/\/asart.com.ua\/wp-content\/uploads\/2022\/08\/dizajn-taunhausa-43watermark-.jpg 1000w, https:\/\/asart.com.ua\/wp-content\/uploads\/2022\/08\/dizajn-taunhausa-43watermark--300x189.jpg 300w, https:\/\/asart.com.ua\/wp-content\/uploads\/2022\/08\/dizajn-taunhausa-43watermark--768x484.jpg 768w, https:\/\/asart.com.ua\/wp-content\/uploads\/2022\/08\/dizajn-taunhausa-43watermark--233x147.jpg 233w\" sizes=\"(max-width: 1000px) 100vw, 1000px\" \/><\/a> <a href=\"https:\/\/asart.com.ua\/wp-content\/uploads\/2022\/08\/dizajn-taunhausa-18watermark-.jpg\"><img loading=\"lazy\" decoding=\"async\" class=\"aligncenter size-full wp-image-9635 colorbox-18138\" src=\"https:\/\/asart.com.ua\/wp-content\/uploads\/2022\/08\/dizajn-taunhausa-18watermark-.jpg\" alt=\"\" width=\"1000\" height=\"750\" srcset=\"https:\/\/asart.com.ua\/wp-content\/uploads\/2022\/08\/dizajn-taunhausa-18watermark-.jpg 1000w, https:\/\/asart.com.ua\/wp-content\/uploads\/2022\/08\/dizajn-taunhausa-18watermark--300x225.jpg 300w, https:\/\/asart.com.ua\/wp-content\/uploads\/2022\/08\/dizajn-taunhausa-18watermark--768x576.jpg 768w, https:\/\/asart.com.ua\/wp-content\/uploads\/2022\/08\/dizajn-taunhausa-18watermark--160x120.jpg 160w, https:\/\/asart.com.ua\/wp-content\/uploads\/2022\/08\/dizajn-taunhausa-18watermark--289x217.jpg 289w\" sizes=\"(max-width: 1000px) 100vw, 1000px\" \/><\/a> <a href=\"https:\/\/asart.com.ua\/wp-content\/uploads\/2022\/08\/dizajn-taunhausa-20watermark-.jpg\"><img loading=\"lazy\" decoding=\"async\" class=\"aligncenter size-full wp-image-9637 colorbox-18138\" src=\"https:\/\/asart.com.ua\/wp-content\/uploads\/2022\/08\/dizajn-taunhausa-20watermark-.jpg\" alt=\"\" width=\"1000\" height=\"750\" srcset=\"https:\/\/asart.com.ua\/wp-content\/uploads\/2022\/08\/dizajn-taunhausa-20watermark-.jpg 1000w, https:\/\/asart.com.ua\/wp-content\/uploads\/2022\/08\/dizajn-taunhausa-20watermark--300x225.jpg 300w, https:\/\/asart.com.ua\/wp-content\/uploads\/2022\/08\/dizajn-taunhausa-20watermark--768x576.jpg 768w, https:\/\/asart.com.ua\/wp-content\/uploads\/2022\/08\/dizajn-taunhausa-20watermark--160x120.jpg 160w, https:\/\/asart.com.ua\/wp-content\/uploads\/2022\/08\/dizajn-taunhausa-20watermark--289x217.jpg 289w\" sizes=\"(max-width: 1000px) 100vw, 1000px\" \/><\/a><\/p>\n<h2> Poj\u010fme vytvo\u0159it kr\u00e1sn\u00fd pokoj.<\/h2>\n<p> Ka\u017ed\u00fd rok se popularita m\u011bstsk\u00fdch dom\u016f zvy\u0161uje, a to jak mezi obyvateli Charkova, tak mezi dal\u0161\u00edmi m\u011bsty Ukrajiny. A to nen\u00ed p\u0159ekvapuj\u00edc\u00ed, proto\u017ee mnoho lid\u00ed \u017eije ve velk\u00e9m a hlu\u010dn\u00e9m m\u011bst\u011b a chce se p\u0159est\u011bhovat do klidn\u011bj\u0161\u00edho m\u00edsta na okraji m\u011bsta. Kdy\u017e jste se stali hrd\u00fdm majitelem takov\u00e9ho domu, dal\u0161\u00edm probl\u00e9mem po koupi, kter\u00e9mu budete muset \u010delit, je v\u00fdvoj interi\u00e9rov\u00e9ho designu. Vzhledem k tomu, \u017ee se jedn\u00e1 o neobvyklou m\u00edstnost, nav\u00edc s obrovskou plochou n\u011bkolika pater, neobejdete se bez zapojen\u00ed specialist\u016f.<\/p>\n<p> Na\u0161e spole\u010dnost v Charkov\u011b ji\u017e z\u00edskala zku\u0161enosti s v\u00fdvojem interi\u00e9ru \u0159adov\u00e9ho domu. Na\u0161i specialist\u00e9 v\u00e1m pomohou vyrobit n\u00e1sleduj\u00edc\u00ed bydlen\u00ed:<\/p>\n<ul>\n<li> komfortn\u00ed<\/li>\n<li> funk\u010dn\u00ed<\/li>\n<li> \u00fatuln\u00fd<\/li>\n<\/ul>\n<p> Interi\u00e9rov\u00fd design bude zahrnovat v\u0161echny \u00farovn\u011b a v\u0161echny m\u00edstnosti va\u0161eho m\u011bstsk\u00e9ho domu. V p\u0159\u00edzem\u00ed se zpravidla nach\u00e1z\u00ed ob\u00fdvac\u00ed pokoj, chodba a kuchyn\u011b. Ve druh\u00e9m pat\u0159e <em>jsou lo\u017enice, koupelny, \u0161atny, kancel\u00e1\u0159e, knihovny a dal\u0161\u00ed m\u00edstnosti na p\u0159\u00e1n\u00ed klienta<\/em> . Charakteristick\u00fdm rysem t\u011bchto prostor je p\u0159\u00edtomnost koupelny na ka\u017ed\u00e9m pat\u0159e. A tak\u00e9 kv\u016fli n\u011bkolika \u00farovn\u00edm jsou takov\u00e9 domy nutn\u011b vybaveny schodi\u0161t\u011bm.<\/p>\n<p> Za \u00fa\u010delem rozvoje:<\/p>\n<ul>\n<li> unik\u00e1tn\u00ed<\/li>\n<li> individu\u00e1ln\u00ed<\/li>\n<li> Kr\u00e1sn\u00e1<\/li>\n<\/ul>\n<p> n\u00e1vrh interi\u00e9ru \u0159adov\u00e9ho domu, design\u00e9\u0159i na\u0161\u00ed spole\u010dnosti se setk\u00e1vaj\u00ed na m\u00edst\u011b. Pro prohl\u00eddku prostor prove\u010fte pot\u0159ebn\u00e1 m\u011b\u0159en\u00ed a zjist\u011bte v\u0161echna p\u0159\u00e1n\u00ed a po\u017eadavky z\u00e1kazn\u00edka. B\u011bhem sch\u016fzky se dohodne a vybere styl a barevn\u00e9 sch\u00e9ma. Styl m\u016f\u017ee b\u00fdt spole\u010dn\u00fd pro d\u016fm jako celek, nebo m\u016f\u017ee b\u00fdt pro ka\u017ed\u00e9 patro \u010di m\u00edstnost jin\u00fd. Je tak\u00e9 nutn\u00e9 zvolit typ schodi\u0161t\u011b, mohou b\u00fdt: to\u010dit\u00e9, pochodov\u00e9 nebo takov\u00e9, ve kter\u00fdch jsou stupn\u011b p\u0159ipevn\u011bny ke st\u011bn\u011b.<\/p>\n<p> <a href=\"https:\/\/asart.com.ua\/wp-content\/uploads\/2022\/08\/dizajn-taunhausa-25watermark-.jpg\"><img loading=\"lazy\" decoding=\"async\" class=\"aligncenter size-full wp-image-9641 colorbox-18138\" src=\"https:\/\/asart.com.ua\/wp-content\/uploads\/2022\/08\/dizajn-taunhausa-25watermark-.jpg\" alt=\"\" width=\"1000\" height=\"750\" srcset=\"https:\/\/asart.com.ua\/wp-content\/uploads\/2022\/08\/dizajn-taunhausa-25watermark-.jpg 1000w, https:\/\/asart.com.ua\/wp-content\/uploads\/2022\/08\/dizajn-taunhausa-25watermark--300x225.jpg 300w, https:\/\/asart.com.ua\/wp-content\/uploads\/2022\/08\/dizajn-taunhausa-25watermark--768x576.jpg 768w, https:\/\/asart.com.ua\/wp-content\/uploads\/2022\/08\/dizajn-taunhausa-25watermark--160x120.jpg 160w, https:\/\/asart.com.ua\/wp-content\/uploads\/2022\/08\/dizajn-taunhausa-25watermark--289x217.jpg 289w\" sizes=\"(max-width: 1000px) 100vw, 1000px\" \/><\/a><br \/> <a href=\"https:\/\/asart.com.ua\/wp-content\/uploads\/2022\/08\/dizajn-taunhausa-23watermark-.jpg\"><img loading=\"lazy\" decoding=\"async\" class=\"aligncenter size-full wp-image-9639 colorbox-18138\" src=\"https:\/\/asart.com.ua\/wp-content\/uploads\/2022\/08\/dizajn-taunhausa-23watermark-.jpg\" alt=\"\" width=\"1000\" height=\"750\" srcset=\"https:\/\/asart.com.ua\/wp-content\/uploads\/2022\/08\/dizajn-taunhausa-23watermark-.jpg 1000w, https:\/\/asart.com.ua\/wp-content\/uploads\/2022\/08\/dizajn-taunhausa-23watermark--300x225.jpg 300w, https:\/\/asart.com.ua\/wp-content\/uploads\/2022\/08\/dizajn-taunhausa-23watermark--768x576.jpg 768w, https:\/\/asart.com.ua\/wp-content\/uploads\/2022\/08\/dizajn-taunhausa-23watermark--160x120.jpg 160w, https:\/\/asart.com.ua\/wp-content\/uploads\/2022\/08\/dizajn-taunhausa-23watermark--289x217.jpg 289w\" sizes=\"(max-width: 1000px) 100vw, 1000px\" \/><\/a> <a href=\"https:\/\/asart.com.ua\/wp-content\/uploads\/2022\/08\/dizajn-taunhausa-46watermark-.jpg\"><img loading=\"lazy\" decoding=\"async\" class=\"aligncenter size-full wp-image-9663 colorbox-18138\" src=\"https:\/\/asart.com.ua\/wp-content\/uploads\/2022\/08\/dizajn-taunhausa-46watermark-.jpg\" alt=\"\" width=\"1000\" height=\"750\" srcset=\"https:\/\/asart.com.ua\/wp-content\/uploads\/2022\/08\/dizajn-taunhausa-46watermark-.jpg 1000w, https:\/\/asart.com.ua\/wp-content\/uploads\/2022\/08\/dizajn-taunhausa-46watermark--300x225.jpg 300w, https:\/\/asart.com.ua\/wp-content\/uploads\/2022\/08\/dizajn-taunhausa-46watermark--768x576.jpg 768w, https:\/\/asart.com.ua\/wp-content\/uploads\/2022\/08\/dizajn-taunhausa-46watermark--160x120.jpg 160w, https:\/\/asart.com.ua\/wp-content\/uploads\/2022\/08\/dizajn-taunhausa-46watermark--289x217.jpg 289w\" sizes=\"(max-width: 1000px) 100vw, 1000px\" \/><\/a> <a href=\"https:\/\/asart.com.ua\/wp-content\/uploads\/2022\/08\/dizajn-taunhausa-47watermark-.jpg\"><img loading=\"lazy\" decoding=\"async\" class=\"aligncenter size-full wp-image-9665 colorbox-18138\" src=\"https:\/\/asart.com.ua\/wp-content\/uploads\/2022\/08\/dizajn-taunhausa-47watermark-.jpg\" alt=\"\" width=\"1000\" height=\"750\" srcset=\"https:\/\/asart.com.ua\/wp-content\/uploads\/2022\/08\/dizajn-taunhausa-47watermark-.jpg 1000w, https:\/\/asart.com.ua\/wp-content\/uploads\/2022\/08\/dizajn-taunhausa-47watermark--300x225.jpg 300w, https:\/\/asart.com.ua\/wp-content\/uploads\/2022\/08\/dizajn-taunhausa-47watermark--768x576.jpg 768w, https:\/\/asart.com.ua\/wp-content\/uploads\/2022\/08\/dizajn-taunhausa-47watermark--160x120.jpg 160w, https:\/\/asart.com.ua\/wp-content\/uploads\/2022\/08\/dizajn-taunhausa-47watermark--289x217.jpg 289w\" sizes=\"(max-width: 1000px) 100vw, 1000px\" \/><\/a><\/p>\n<h3> Vysok\u00e1 \u00farove\u0148 projek\u010dn\u00ed pr\u00e1ce.<\/h3>\n<p> Po sch\u016fzce je vypracov\u00e1n projekt budouc\u00edho \u0159e\u0161en\u00ed interi\u00e9ru \u0159adov\u00e9ho domu, je odsouhlasen a schv\u00e1len z\u00e1kazn\u00edkem a provedeny pot\u0159ebn\u00e9 \u00fapravy. N\u00e1vrh interi\u00e9ru zahrnuje tak\u00e9 n\u00e1vrh design\u00e9rsk\u00e9ho v\u00fdb\u011bru n\u00e1bytku a jeho um\u00edst\u011bn\u00ed ve v\u0161ech m\u00edstnostech.<\/p>\n<p> Na\u0161e spole\u010dnost vyvine exkluzivn\u00ed design interi\u00e9ru m\u011bstsk\u00e9ho domu pro v\u0161echny obyvatele Charkova za nejdostupn\u011bj\u0161\u00ed cenu, bez ohledu na slo\u017eitost a rozlohu m\u00edstnosti.<\/p>\n","protected":false},"excerpt":{"rendered":"<p>Nen\u00ed to tak d\u00e1vno, co se <a class=\"continue_link\" href=\"https:\/\/asart.com.ua\/cs\/dizajn-kvartir\/taunkhausa\/\">\u0427\u0438\u0442\u0430\u0442\u044c \u0434\u0430\u043b\u0435\u0435 >><\/a><\/p>\n","protected":false},"author":6,"featured_media":0,"parent":17992,"menu_order":0,"comment_status":"closed","ping_status":"closed","template":"","meta":{"footnotes":""},"acf":[],"aioseo_notices":[],"_links":{"self":[{"href":"https:\/\/asart.com.ua\/cs\/wp-json\/wp\/v2\/pages\/18138"}],"collection":[{"href":"https:\/\/asart.com.ua\/cs\/wp-json\/wp\/v2\/pages"}],"about":[{"href":"https:\/\/asart.com.ua\/cs\/wp-json\/wp\/v2\/types\/page"}],"author":[{"embeddable":true,"href":"https:\/\/asart.com.ua\/cs\/wp-json\/wp\/v2\/users\/6"}],"replies":[{"embeddable":true,"href":"https:\/\/asart.com.ua\/cs\/wp-json\/wp\/v2\/comments?post=18138"}],"version-history":[{"count":1,"href":"https:\/\/asart.com.ua\/cs\/wp-json\/wp\/v2\/pages\/18138\/revisions"}],"predecessor-version":[{"id":18141,"href":"https:\/\/asart.com.ua\/cs\/wp-json\/wp\/v2\/pages\/18138\/revisions\/18141"}],"up":[{"embeddable":true,"href":"https:\/\/asart.com.ua\/cs\/wp-json\/wp\/v2\/pages\/17992"}],"wp:attachment":[{"href":"https:\/\/asart.com.ua\/cs\/wp-json\/wp\/v2\/media?parent=18138"}],"curies":[{"name":"wp","href":"https:\/\/api.w.org\/{rel}","templated":true}]}}