{"id":18132,"date":"2017-05-10T16:52:50","date_gmt":"2017-05-10T13:52:50","guid":{"rendered":"https:\/\/asart.com.ua\/dizajn-kvartir\/interera-premium-klassa\/"},"modified":"2023-11-27T15:13:05","modified_gmt":"2023-11-27T12:13:05","slug":"interera-premium-klassa","status":"publish","type":"page","link":"https:\/\/asart.com.ua\/cs\/dizajn-kvartir\/interera-premium-klassa\/","title":{"rendered":"Pr\u00e9miov\u00fd design interi\u00e9ru"},"content":{"rendered":"<p>K vytvo\u0159en\u00ed prvot\u0159\u00eddn\u00edho interi\u00e9ru v m\u00edstnosti nebude sta\u010dit <strong>jej\u00ed renovace s pou\u017eit\u00edm drah\u00fdch materi\u00e1l\u016f, stejn\u011b jako jej\u00ed vybaven\u00ed exkluzivn\u00edm n\u00e1bytkem a dopl\u0148ky<\/strong> . Neb\u00fdt odborn\u00edk\u016f v oblasti designu, m\u016f\u017eete sv\u016fj byt nebo d\u016fm jednodu\u0161e zni\u010dit a prom\u011bnit ho v n\u011bco jako muzeum. Abyste tomu zabr\u00e1nili, m\u011bli byste kontaktovat profesion\u00e1ly v oblasti designov\u00fdch slu\u017eeb. <a href=\"https:\/\/asart.com.ua\/wp-content\/uploads\/2023\/07\/56-f-7watermark.jpg\"><img loading=\"lazy\" decoding=\"async\" class=\"aligncenter size-full wp-image-10087 colorbox-18132\" src=\"https:\/\/asart.com.ua\/wp-content\/uploads\/2023\/07\/56-f-7watermark.jpg\" alt=\"\" width=\"1100\" height=\"619\" srcset=\"https:\/\/asart.com.ua\/wp-content\/uploads\/2023\/07\/56-f-7watermark.jpg 1100w, https:\/\/asart.com.ua\/wp-content\/uploads\/2023\/07\/56-f-7watermark-300x169.jpg 300w, https:\/\/asart.com.ua\/wp-content\/uploads\/2023\/07\/56-f-7watermark-1024x576.jpg 1024w, https:\/\/asart.com.ua\/wp-content\/uploads\/2023\/07\/56-f-7watermark-768x432.jpg 768w\" sizes=\"(max-width: 1100px) 100vw, 1100px\" \/><\/a><br \/> <a href=\"https:\/\/asart.com.ua\/wp-content\/uploads\/2023\/07\/56-f-9watermark.jpg\"><img loading=\"lazy\" decoding=\"async\" class=\"aligncenter size-full wp-image-10091 colorbox-18132\" src=\"https:\/\/asart.com.ua\/wp-content\/uploads\/2023\/07\/56-f-9watermark.jpg\" alt=\"\" width=\"1100\" height=\"619\" srcset=\"https:\/\/asart.com.ua\/wp-content\/uploads\/2023\/07\/56-f-9watermark.jpg 1100w, https:\/\/asart.com.ua\/wp-content\/uploads\/2023\/07\/56-f-9watermark-300x169.jpg 300w, https:\/\/asart.com.ua\/wp-content\/uploads\/2023\/07\/56-f-9watermark-1024x576.jpg 1024w, https:\/\/asart.com.ua\/wp-content\/uploads\/2023\/07\/56-f-9watermark-768x432.jpg 768w\" sizes=\"(max-width: 1100px) 100vw, 1100px\" \/><\/a> <a href=\"https:\/\/asart.com.ua\/wp-content\/uploads\/2023\/07\/56-f-10watermark.jpg\"><img loading=\"lazy\" decoding=\"async\" class=\"aligncenter size-full wp-image-10093 colorbox-18132\" src=\"https:\/\/asart.com.ua\/wp-content\/uploads\/2023\/07\/56-f-10watermark.jpg\" alt=\"\" width=\"1100\" height=\"619\" srcset=\"https:\/\/asart.com.ua\/wp-content\/uploads\/2023\/07\/56-f-10watermark.jpg 1100w, https:\/\/asart.com.ua\/wp-content\/uploads\/2023\/07\/56-f-10watermark-300x169.jpg 300w, https:\/\/asart.com.ua\/wp-content\/uploads\/2023\/07\/56-f-10watermark-1024x576.jpg 1024w, https:\/\/asart.com.ua\/wp-content\/uploads\/2023\/07\/56-f-10watermark-768x432.jpg 768w\" sizes=\"(max-width: 1100px) 100vw, 1100px\" \/><\/a><a href=\"https:\/\/asart.com.ua\/wp-content\/uploads\/2016\/10\/Kuhnya-studiya-5watermark.jpg\"><br \/><\/a> <a href=\"https:\/\/asart.com.ua\/wp-content\/uploads\/2023\/07\/56-f-11watermark.jpg\"><img loading=\"lazy\" decoding=\"async\" class=\"aligncenter size-full wp-image-10095 colorbox-18132\" src=\"https:\/\/asart.com.ua\/wp-content\/uploads\/2023\/07\/56-f-11watermark.jpg\" alt=\"\" width=\"1100\" height=\"619\" srcset=\"https:\/\/asart.com.ua\/wp-content\/uploads\/2023\/07\/56-f-11watermark.jpg 1100w, https:\/\/asart.com.ua\/wp-content\/uploads\/2023\/07\/56-f-11watermark-300x169.jpg 300w, https:\/\/asart.com.ua\/wp-content\/uploads\/2023\/07\/56-f-11watermark-1024x576.jpg 1024w, https:\/\/asart.com.ua\/wp-content\/uploads\/2023\/07\/56-f-11watermark-768x432.jpg 768w\" sizes=\"(max-width: 1100px) 100vw, 1100px\" \/><\/a> <a href=\"https:\/\/asart.com.ua\/wp-content\/uploads\/2023\/07\/56-f-14watermark.jpg\"><img loading=\"lazy\" decoding=\"async\" class=\"aligncenter size-full wp-image-10099 colorbox-18132\" src=\"https:\/\/asart.com.ua\/wp-content\/uploads\/2023\/07\/56-f-14watermark.jpg\" alt=\"\" width=\"1100\" height=\"619\" \/><\/a><a href=\"https:\/\/asart.com.ua\/wp-content\/uploads\/2015\/03\/Gostinaya-7watermark.jpg\"><br \/><\/a> <a href=\"https:\/\/asart.com.ua\/wp-content\/uploads\/2023\/07\/56-f-6watermark.jpg\"><img loading=\"lazy\" decoding=\"async\" class=\"aligncenter size-full wp-image-10085 colorbox-18132\" src=\"https:\/\/asart.com.ua\/wp-content\/uploads\/2023\/07\/56-f-6watermark.jpg\" alt=\"\" width=\"1100\" height=\"619\" srcset=\"https:\/\/asart.com.ua\/wp-content\/uploads\/2023\/07\/56-f-6watermark.jpg 1100w, https:\/\/asart.com.ua\/wp-content\/uploads\/2023\/07\/56-f-6watermark-300x169.jpg 300w, https:\/\/asart.com.ua\/wp-content\/uploads\/2023\/07\/56-f-6watermark-1024x576.jpg 1024w, https:\/\/asart.com.ua\/wp-content\/uploads\/2023\/07\/56-f-6watermark-768x432.jpg 768w\" sizes=\"(max-width: 1100px) 100vw, 1100px\" \/><\/a><\/p>\n<h2> Vytv\u00e1\u0159\u00edme unik\u00e1tn\u00ed projekty.<\/h2>\n<p> Na\u0161e studio se zab\u00fdv\u00e1 tvorbou pr\u00e9miov\u00fdch interi\u00e9rov\u00fdch projekt\u016f a jejich dlouhodob\u011b realizac\u00ed. AS-Design nab\u00edz\u00ed profesion\u00e1ln\u00ed designov\u00e9 slu\u017eby za nejlep\u0161\u00ed cenu v Charkov\u011b. N\u00e1\u0161 design\u00e9r pro v\u00e1s vyvine:<\/p>\n<ul>\n<li> unik\u00e1tn\u00ed<\/li>\n<li> unik\u00e1tn\u00ed<\/li>\n<li> v\u00fdhradn\u00ed<\/li>\n<li> elita<\/li>\n<\/ul>\n<p> Pr\u00e9miov\u00fd design interi\u00e9ru. Umo\u017en\u00ed v\u00e1m vytvo\u0159it m\u00edstnost bez ohledu na jej\u00ed funk\u010dn\u00ed \u00fa\u010del:<\/p>\n<ul>\n<li> stylov\u00fd<\/li>\n<li> modern\u00ed<\/li>\n<li> harmonick\u00fd<\/li>\n<li> funk\u010dn\u00ed<\/li>\n<\/ul>\n<p> A tak\u00e9 pohodln\u00e9 a \u00fatuln\u00e9 pro \u017eivot i pr\u00e1ci. Design\u00e9r na\u0161eho studia vytvo\u0159\u00ed individu\u00e1ln\u00ed pr\u00e9miov\u00fd projekt interi\u00e9rov\u00e9ho designu. Bude navr\u017een p\u0159\u00edmo pro v\u00e1\u0161 d\u016fm nebo byt s ohledem na v\u0161echna va\u0161e p\u0159\u00e1n\u00ed, takovou designovou pr\u00e1ci jinde nenajdete. V\u0161echny materi\u00e1ly, n\u00e1bytek, dekorace a dopl\u0148ky jsou vyb\u00edr\u00e1ny se zvl\u00e1\u0161tn\u00ed p\u00e9\u010d\u00ed a pe\u010dlivost\u00ed. Budou vytv\u00e1\u0159et holistick\u00fd a harmonick\u00fd obraz a vz\u00e1jemn\u011b se dopl\u0148ovat. <a href=\"https:\/\/asart.com.ua\/wp-content\/uploads\/2020\/10\/dsc_0068r.jpg\"><img loading=\"lazy\" decoding=\"async\" class=\"aligncenter size-full wp-image-8589 colorbox-18132\" src=\"https:\/\/asart.com.ua\/wp-content\/uploads\/2020\/10\/dsc_0068r.jpg\" alt=\"\" width=\"1000\" height=\"667\" \/><\/a><a href=\"https:\/\/asart.com.ua\/wp-content\/uploads\/2014\/01\/DSC0266watermark.jpg\"><br \/><\/a> <a href=\"https:\/\/asart.com.ua\/wp-content\/uploads\/2020\/10\/dizajn-kvartiry-v-sovremennom-minimalizme-54watermark.jpg\"><img loading=\"lazy\" decoding=\"async\" class=\"aligncenter size-full wp-image-8383 colorbox-18132\" src=\"https:\/\/asart.com.ua\/wp-content\/uploads\/2020\/10\/dizajn-kvartiry-v-sovremennom-minimalizme-54watermark.jpg\" alt=\"\" width=\"1000\" height=\"667\" srcset=\"https:\/\/asart.com.ua\/wp-content\/uploads\/2020\/10\/dizajn-kvartiry-v-sovremennom-minimalizme-54watermark.jpg 1000w, https:\/\/asart.com.ua\/wp-content\/uploads\/2020\/10\/dizajn-kvartiry-v-sovremennom-minimalizme-54watermark-300x200.jpg 300w, https:\/\/asart.com.ua\/wp-content\/uploads\/2020\/10\/dizajn-kvartiry-v-sovremennom-minimalizme-54watermark-768x512.jpg 768w, https:\/\/asart.com.ua\/wp-content\/uploads\/2020\/10\/dizajn-kvartiry-v-sovremennom-minimalizme-54watermark-240x160.jpg 240w\" sizes=\"(max-width: 1000px) 100vw, 1000px\" \/><\/a><br \/> <a href=\"https:\/\/asart.com.ua\/wp-content\/uploads\/2020\/10\/dizajn-kvartiry-v-sovremennom-minimalizme-51watermark.jpg\"><img loading=\"lazy\" decoding=\"async\" class=\"aligncenter size-full wp-image-8377 colorbox-18132\" src=\"https:\/\/asart.com.ua\/wp-content\/uploads\/2020\/10\/dizajn-kvartiry-v-sovremennom-minimalizme-51watermark.jpg\" alt=\"\" width=\"1000\" height=\"667\" srcset=\"https:\/\/asart.com.ua\/wp-content\/uploads\/2020\/10\/dizajn-kvartiry-v-sovremennom-minimalizme-51watermark.jpg 1000w, https:\/\/asart.com.ua\/wp-content\/uploads\/2020\/10\/dizajn-kvartiry-v-sovremennom-minimalizme-51watermark-300x200.jpg 300w, https:\/\/asart.com.ua\/wp-content\/uploads\/2020\/10\/dizajn-kvartiry-v-sovremennom-minimalizme-51watermark-768x512.jpg 768w, https:\/\/asart.com.ua\/wp-content\/uploads\/2020\/10\/dizajn-kvartiry-v-sovremennom-minimalizme-51watermark-240x160.jpg 240w\" sizes=\"(max-width: 1000px) 100vw, 1000px\" \/><\/a> <a href=\"https:\/\/asart.com.ua\/wp-content\/uploads\/2020\/10\/dizajn-kvartiry-v-sovremennom-minimalizme-45watermark.jpg\"><img loading=\"lazy\" decoding=\"async\" class=\"aligncenter size-full wp-image-8365 colorbox-18132\" src=\"https:\/\/asart.com.ua\/wp-content\/uploads\/2020\/10\/dizajn-kvartiry-v-sovremennom-minimalizme-45watermark.jpg\" alt=\"\" width=\"1000\" height=\"667\" srcset=\"https:\/\/asart.com.ua\/wp-content\/uploads\/2020\/10\/dizajn-kvartiry-v-sovremennom-minimalizme-45watermark.jpg 1000w, https:\/\/asart.com.ua\/wp-content\/uploads\/2020\/10\/dizajn-kvartiry-v-sovremennom-minimalizme-45watermark-300x200.jpg 300w, https:\/\/asart.com.ua\/wp-content\/uploads\/2020\/10\/dizajn-kvartiry-v-sovremennom-minimalizme-45watermark-768x512.jpg 768w, https:\/\/asart.com.ua\/wp-content\/uploads\/2020\/10\/dizajn-kvartiry-v-sovremennom-minimalizme-45watermark-240x160.jpg 240w\" sizes=\"(max-width: 1000px) 100vw, 1000px\" \/><\/a> <a href=\"https:\/\/asart.com.ua\/wp-content\/uploads\/2020\/10\/dizajn-kvartiry-v-sovremennom-minimalizme-36watermark.jpg\"><img loading=\"lazy\" decoding=\"async\" class=\"aligncenter size-full wp-image-8347 colorbox-18132\" src=\"https:\/\/asart.com.ua\/wp-content\/uploads\/2020\/10\/dizajn-kvartiry-v-sovremennom-minimalizme-36watermark.jpg\" alt=\"\" width=\"1000\" height=\"667\" srcset=\"https:\/\/asart.com.ua\/wp-content\/uploads\/2020\/10\/dizajn-kvartiry-v-sovremennom-minimalizme-36watermark.jpg 1000w, https:\/\/asart.com.ua\/wp-content\/uploads\/2020\/10\/dizajn-kvartiry-v-sovremennom-minimalizme-36watermark-300x200.jpg 300w, https:\/\/asart.com.ua\/wp-content\/uploads\/2020\/10\/dizajn-kvartiry-v-sovremennom-minimalizme-36watermark-768x512.jpg 768w, https:\/\/asart.com.ua\/wp-content\/uploads\/2020\/10\/dizajn-kvartiry-v-sovremennom-minimalizme-36watermark-240x160.jpg 240w\" sizes=\"(max-width: 1000px) 100vw, 1000px\" \/><\/a> <a href=\"https:\/\/asart.com.ua\/wp-content\/uploads\/2020\/10\/dizajn-kvartiry-v-sovremennom-minimalizme-35watermark.jpg\"><img loading=\"lazy\" decoding=\"async\" class=\"aligncenter size-full wp-image-8345 colorbox-18132\" src=\"https:\/\/asart.com.ua\/wp-content\/uploads\/2020\/10\/dizajn-kvartiry-v-sovremennom-minimalizme-35watermark.jpg\" alt=\"\" width=\"1000\" height=\"667\" srcset=\"https:\/\/asart.com.ua\/wp-content\/uploads\/2020\/10\/dizajn-kvartiry-v-sovremennom-minimalizme-35watermark.jpg 1000w, https:\/\/asart.com.ua\/wp-content\/uploads\/2020\/10\/dizajn-kvartiry-v-sovremennom-minimalizme-35watermark-300x200.jpg 300w, https:\/\/asart.com.ua\/wp-content\/uploads\/2020\/10\/dizajn-kvartiry-v-sovremennom-minimalizme-35watermark-768x512.jpg 768w, https:\/\/asart.com.ua\/wp-content\/uploads\/2020\/10\/dizajn-kvartiry-v-sovremennom-minimalizme-35watermark-240x160.jpg 240w\" sizes=\"(max-width: 1000px) 100vw, 1000px\" \/><\/a> <a href=\"https:\/\/asart.com.ua\/wp-content\/uploads\/2020\/10\/dizajn-kvartiry-v-sovremennom-minimalizme-11watermark.jpg\"><img loading=\"lazy\" decoding=\"async\" class=\"aligncenter size-full wp-image-8297 colorbox-18132\" src=\"https:\/\/asart.com.ua\/wp-content\/uploads\/2020\/10\/dizajn-kvartiry-v-sovremennom-minimalizme-11watermark.jpg\" alt=\"\" width=\"1000\" height=\"667\" srcset=\"https:\/\/asart.com.ua\/wp-content\/uploads\/2020\/10\/dizajn-kvartiry-v-sovremennom-minimalizme-11watermark.jpg 1000w, https:\/\/asart.com.ua\/wp-content\/uploads\/2020\/10\/dizajn-kvartiry-v-sovremennom-minimalizme-11watermark-300x200.jpg 300w, https:\/\/asart.com.ua\/wp-content\/uploads\/2020\/10\/dizajn-kvartiry-v-sovremennom-minimalizme-11watermark-768x512.jpg 768w, https:\/\/asart.com.ua\/wp-content\/uploads\/2020\/10\/dizajn-kvartiry-v-sovremennom-minimalizme-11watermark-240x160.jpg 240w\" sizes=\"(max-width: 1000px) 100vw, 1000px\" \/><\/a><a href=\"https:\/\/asart.com.ua\/wp-content\/uploads\/2017\/01\/spalnya-3watermark.jpg\"><br \/><\/a><\/p>\n<p><\/p>\n<h3> Uv\u00e1d\u00edme do \u017eivota v\u0161echny modern\u00ed styly.<\/h3>\n<p> Design\u00e9rka studia AS-Design vytv\u00e1\u0159\u00ed pr\u00e9miov\u00fd interi\u00e9rov\u00fd design zohled\u0148uj\u00edc\u00ed m\u00f3dn\u00ed trendy a trendy. Uv\u00e1d\u00edme do \u017eivota v\u0161echny modern\u00ed styly a tak\u00e9 je profesion\u00e1ln\u011b kombinujeme a dopl\u0148ujeme o exkluzivn\u00ed designov\u00e9 n\u00e1pady. Po prohl\u00eddce prostor v\u00e1m bude nab\u00eddnuto n\u011bkolik projekt\u016f, kter\u00e9 v\u00e1m daj\u00ed mo\u017enost vybrat si ten nejvhodn\u011bj\u0161\u00ed. Abychom rozpt\u00fdlili <em>v\u0161echny pochybnosti o pr\u00e9miov\u00e9 projek\u010dn\u00ed pr\u00e1ci, mohou na\u0161i z\u00e1kazn\u00edci vyu\u017e\u00edt slu\u017ebu 3D vizualizace<\/em> . To znamen\u00e1, \u017ee jasn\u011b uvid\u00edte, jak bude byt nebo d\u016fm vypadat po dokon\u010den\u00ed v\u0161ech prac\u00ed, stejn\u011b jako rozm\u00edst\u011bn\u00ed n\u00e1bytku v m\u00edstnostech a zdoben\u00ed m\u00edstnosti. V t\u00e9to f\u00e1zi m\u00e1te mo\u017enost prov\u00e9st \u00fapravy projektu.<\/p>\n<p> Aby pr\u00e9miov\u00fd design interi\u00e9ru podle vytvo\u0159en\u00e9ho projektu o\u017eil, m\u011bli byste si objednat slu\u017ebu dohledu design\u00e9ra. Architektonick\u00fd dozor zahrnuje kontrolu projektanta ve v\u0161ech f\u00e1z\u00edch oprav, dokon\u010dovac\u00edch a projek\u010dn\u00edch prac\u00ed. Bez ohledu na to, jak\u00e9 slu\u017eby si vyberete, na\u0161e studio pro v\u00e1s vytvo\u0159\u00ed jedine\u010dn\u00fd a jedine\u010dn\u00fd design interi\u00e9ru za dostupnou cenu v Charkov\u011b.<\/p>\n","protected":false},"excerpt":{"rendered":"<p>K vytvo\u0159en\u00ed prvot\u0159\u00eddn\u00edho interi\u00e9ru v m\u00edstnosti <a class=\"continue_link\" href=\"https:\/\/asart.com.ua\/cs\/dizajn-kvartir\/interera-premium-klassa\/\">\u0427\u0438\u0442\u0430\u0442\u044c \u0434\u0430\u043b\u0435\u0435 >><\/a><\/p>\n","protected":false},"author":6,"featured_media":17861,"parent":17992,"menu_order":0,"comment_status":"closed","ping_status":"closed","template":"","meta":{"footnotes":""},"acf":[],"aioseo_notices":[],"_links":{"self":[{"href":"https:\/\/asart.com.ua\/cs\/wp-json\/wp\/v2\/pages\/18132"}],"collection":[{"href":"https:\/\/asart.com.ua\/cs\/wp-json\/wp\/v2\/pages"}],"about":[{"href":"https:\/\/asart.com.ua\/cs\/wp-json\/wp\/v2\/types\/page"}],"author":[{"embeddable":true,"href":"https:\/\/asart.com.ua\/cs\/wp-json\/wp\/v2\/users\/6"}],"replies":[{"embeddable":true,"href":"https:\/\/asart.com.ua\/cs\/wp-json\/wp\/v2\/comments?post=18132"}],"version-history":[{"count":1,"href":"https:\/\/asart.com.ua\/cs\/wp-json\/wp\/v2\/pages\/18132\/revisions"}],"predecessor-version":[{"id":18135,"href":"https:\/\/asart.com.ua\/cs\/wp-json\/wp\/v2\/pages\/18132\/revisions\/18135"}],"up":[{"embeddable":true,"href":"https:\/\/asart.com.ua\/cs\/wp-json\/wp\/v2\/pages\/17992"}],"wp:featuredmedia":[{"embeddable":true,"href":"https:\/\/asart.com.ua\/cs\/wp-json\/wp\/v2\/media\/17861"}],"wp:attachment":[{"href":"https:\/\/asart.com.ua\/cs\/wp-json\/wp\/v2\/media?parent=18132"}],"curies":[{"name":"wp","href":"https:\/\/api.w.org\/{rel}","templated":true}]}}