{"id":18126,"date":"2016-06-06T17:31:33","date_gmt":"2016-06-06T14:31:33","guid":{"rendered":"https:\/\/asart.com.ua\/dizajn-kvartir\/penthouse\/"},"modified":"2023-11-27T15:57:43","modified_gmt":"2023-11-27T12:57:43","slug":"penthouse","status":"publish","type":"page","link":"https:\/\/asart.com.ua\/cs\/dizajn-kvartir\/penthouse\/","title":{"rendered":"N\u00e1vrh interi\u00e9ru penthouse"},"content":{"rendered":"<p>Na\u0161e spole\u010dnost v Charkov\u011b nab\u00edz\u00ed profesion\u00e1ln\u00ed slu\u017eby spojen\u00e9 s v\u00fdvojem profesion\u00e1ln\u00edho n\u00e1vrhu interi\u00e9ru penthouse. Vzhledem k tomu, \u017ee se jedn\u00e1 o m\u00edstnost s velkou plochou a otev\u0159enou dispozic\u00ed, umo\u017e\u0148uje v\u00e1m vytv\u00e1\u0159et a implementovat jak\u00e9koli:<\/p>\n<ul>\n<li> idea<\/li>\n<li> formul\u00e1\u0159<\/li>\n<li> styl<\/li>\n<li> barva<\/li>\n<\/ul>\n<p> <a href=\"https:\/\/asart.com.ua\/wp-content\/uploads\/2020\/06\/miniatyura-katyushka-.jpg\"><img loading=\"lazy\" decoding=\"async\" class=\"aligncenter size-full wp-image-8053 colorbox-18126\" src=\"https:\/\/asart.com.ua\/wp-content\/uploads\/2020\/06\/miniatyura-katyushka-.jpg\" alt=\"\" width=\"1000\" height=\"667\" srcset=\"https:\/\/asart.com.ua\/wp-content\/uploads\/2020\/06\/miniatyura-katyushka-.jpg 1000w, https:\/\/asart.com.ua\/wp-content\/uploads\/2020\/06\/miniatyura-katyushka--300x200.jpg 300w, https:\/\/asart.com.ua\/wp-content\/uploads\/2020\/06\/miniatyura-katyushka--768x512.jpg 768w, https:\/\/asart.com.ua\/wp-content\/uploads\/2020\/06\/miniatyura-katyushka--240x160.jpg 240w\" sizes=\"(max-width: 1000px) 100vw, 1000px\" \/><\/a><\/p>\n<p> <a href=\"https:\/\/asart.com.ua\/wp-content\/uploads\/2018\/04\/dvuhurovnevaya-kvartira-realizacziya-4watermark.jpg\"><img loading=\"lazy\" decoding=\"async\" class=\"aligncenter size-full wp-image-8100 colorbox-18126\" src=\"https:\/\/asart.com.ua\/wp-content\/uploads\/2018\/04\/dvuhurovnevaya-kvartira-realizacziya-4watermark.jpg\" alt=\"\" width=\"1000\" height=\"678\" srcset=\"https:\/\/asart.com.ua\/wp-content\/uploads\/2018\/04\/dvuhurovnevaya-kvartira-realizacziya-4watermark.jpg 1000w, https:\/\/asart.com.ua\/wp-content\/uploads\/2018\/04\/dvuhurovnevaya-kvartira-realizacziya-4watermark-300x203.jpg 300w, https:\/\/asart.com.ua\/wp-content\/uploads\/2018\/04\/dvuhurovnevaya-kvartira-realizacziya-4watermark-768x521.jpg 768w\" sizes=\"(max-width: 1000px) 100vw, 1000px\" \/><\/a><\/p>\n<p> <a href=\"https:\/\/asart.com.ua\/wp-content\/uploads\/2018\/04\/dvuhurovnevaya-kvartira-3watermark.jpg\"><img loading=\"lazy\" decoding=\"async\" class=\"aligncenter size-full wp-image-8078 colorbox-18126\" src=\"https:\/\/asart.com.ua\/wp-content\/uploads\/2018\/04\/dvuhurovnevaya-kvartira-3watermark.jpg\" alt=\"\" width=\"1000\" height=\"667\" srcset=\"https:\/\/asart.com.ua\/wp-content\/uploads\/2018\/04\/dvuhurovnevaya-kvartira-3watermark.jpg 1000w, https:\/\/asart.com.ua\/wp-content\/uploads\/2018\/04\/dvuhurovnevaya-kvartira-3watermark-300x200.jpg 300w, https:\/\/asart.com.ua\/wp-content\/uploads\/2018\/04\/dvuhurovnevaya-kvartira-3watermark-768x512.jpg 768w, https:\/\/asart.com.ua\/wp-content\/uploads\/2018\/04\/dvuhurovnevaya-kvartira-3watermark-240x160.jpg 240w\" sizes=\"(max-width: 1000px) 100vw, 1000px\" \/><\/a><\/p>\n<p> <a href=\"https:\/\/asart.com.ua\/wp-content\/uploads\/2018\/04\/dvuhurovnevaya-kvartira-2watermark.jpg\"><img loading=\"lazy\" decoding=\"async\" class=\"aligncenter size-full wp-image-8076 colorbox-18126\" src=\"https:\/\/asart.com.ua\/wp-content\/uploads\/2018\/04\/dvuhurovnevaya-kvartira-2watermark.jpg\" alt=\"\" width=\"1000\" height=\"667\" srcset=\"https:\/\/asart.com.ua\/wp-content\/uploads\/2018\/04\/dvuhurovnevaya-kvartira-2watermark.jpg 1000w, https:\/\/asart.com.ua\/wp-content\/uploads\/2018\/04\/dvuhurovnevaya-kvartira-2watermark-300x200.jpg 300w, https:\/\/asart.com.ua\/wp-content\/uploads\/2018\/04\/dvuhurovnevaya-kvartira-2watermark-768x512.jpg 768w, https:\/\/asart.com.ua\/wp-content\/uploads\/2018\/04\/dvuhurovnevaya-kvartira-2watermark-240x160.jpg 240w\" sizes=\"(max-width: 1000px) 100vw, 1000px\" \/><\/a><\/p>\n<p> <a href=\"https:\/\/asart.com.ua\/wp-content\/uploads\/2018\/04\/dvuhurovnevaya-kvartira-7watermark.jpg\"><img loading=\"lazy\" decoding=\"async\" class=\"aligncenter size-full wp-image-8086 colorbox-18126\" src=\"https:\/\/asart.com.ua\/wp-content\/uploads\/2018\/04\/dvuhurovnevaya-kvartira-7watermark.jpg\" alt=\"\" width=\"1000\" height=\"682\" srcset=\"https:\/\/asart.com.ua\/wp-content\/uploads\/2018\/04\/dvuhurovnevaya-kvartira-7watermark.jpg 1000w, https:\/\/asart.com.ua\/wp-content\/uploads\/2018\/04\/dvuhurovnevaya-kvartira-7watermark-300x205.jpg 300w, https:\/\/asart.com.ua\/wp-content\/uploads\/2018\/04\/dvuhurovnevaya-kvartira-7watermark-768x524.jpg 768w\" sizes=\"(max-width: 1000px) 100vw, 1000px\" \/><\/a><\/p>\n<p> <a href=\"https:\/\/asart.com.ua\/wp-content\/uploads\/2018\/04\/dvuhurovnevaya-kvartira-realizacziya-10watermark.jpg\"><img loading=\"lazy\" decoding=\"async\" class=\"aligncenter size-full wp-image-8112 colorbox-18126\" src=\"https:\/\/asart.com.ua\/wp-content\/uploads\/2018\/04\/dvuhurovnevaya-kvartira-realizacziya-10watermark.jpg\" alt=\"\" width=\"1000\" height=\"667\" srcset=\"https:\/\/asart.com.ua\/wp-content\/uploads\/2018\/04\/dvuhurovnevaya-kvartira-realizacziya-10watermark.jpg 1000w, https:\/\/asart.com.ua\/wp-content\/uploads\/2018\/04\/dvuhurovnevaya-kvartira-realizacziya-10watermark-300x200.jpg 300w, https:\/\/asart.com.ua\/wp-content\/uploads\/2018\/04\/dvuhurovnevaya-kvartira-realizacziya-10watermark-768x512.jpg 768w, https:\/\/asart.com.ua\/wp-content\/uploads\/2018\/04\/dvuhurovnevaya-kvartira-realizacziya-10watermark-240x160.jpg 240w\" sizes=\"(max-width: 1000px) 100vw, 1000px\" \/><\/a> <a href=\"https:\/\/asart.com.ua\/wp-content\/uploads\/2020\/06\/dvuhurovnevaya-kvartira-realizacziya-17watermark.jpg\"><img loading=\"lazy\" decoding=\"async\" class=\"aligncenter size-full wp-image-8037 colorbox-18126\" src=\"https:\/\/asart.com.ua\/wp-content\/uploads\/2020\/06\/dvuhurovnevaya-kvartira-realizacziya-17watermark.jpg\" alt=\"\" width=\"1000\" height=\"667\" srcset=\"https:\/\/asart.com.ua\/wp-content\/uploads\/2020\/06\/dvuhurovnevaya-kvartira-realizacziya-17watermark.jpg 1000w, https:\/\/asart.com.ua\/wp-content\/uploads\/2020\/06\/dvuhurovnevaya-kvartira-realizacziya-17watermark-300x200.jpg 300w, https:\/\/asart.com.ua\/wp-content\/uploads\/2020\/06\/dvuhurovnevaya-kvartira-realizacziya-17watermark-768x512.jpg 768w, https:\/\/asart.com.ua\/wp-content\/uploads\/2020\/06\/dvuhurovnevaya-kvartira-realizacziya-17watermark-240x160.jpg 240w\" sizes=\"(max-width: 1000px) 100vw, 1000px\" \/><\/a><\/p>\n<h2> Vytvo\u0159\u00edme pohodl\u00ed a pohodu.<\/h2>\n<p> Penthousy jsou klasifikov\u00e1ny jako luxusn\u00ed bydlen\u00ed, jejich po\u0159\u00edzen\u00ed si vy\u017e\u00e1d\u00e1 zna\u010dn\u00e9 mno\u017estv\u00ed pen\u011bz. Zpravidla se jedn\u00e1 o jednobytov\u00fd prostor, nach\u00e1z\u00ed se na st\u0159e\u0161e v\u00fd\u0161kov\u00e9 budovy. Nelze to nazvat oby\u010dejn\u00fdm bytem s velkou rozlohou. Tyto prostory maj\u00ed krom\u011b vysok\u00fdch n\u00e1klad\u016f charakteristick\u00e9 rysy:<\/p>\n<ul>\n<li> vysok\u00e9 stropy<\/li>\n<li> panoramatick\u00e1 okna<\/li>\n<li> velk\u00fd prostor<\/li>\n<li> velk\u00e9 terasy<\/li>\n<\/ul>\n<p> Aby byl takov\u00fd obrovsk\u00fd pokoj \u00fatuln\u00fd a funk\u010dn\u00ed, mus\u00edte si objednat design penthouse. Prvn\u00edm krokem ve spolupr\u00e1ci s na\u0161\u00ed spole\u010dnost\u00ed bude sch\u016fzka p\u0159\u00edmo v byt\u011b. Na\u0161i design\u00e9\u0159i <strong>se na to pod\u00edvaj\u00ed, provedou pot\u0159ebn\u00e1 m\u011b\u0159en\u00ed a b\u011bhem rozhovoru zjist\u00ed va\u0161e p\u0159\u00e1n\u00ed a po\u017eadavky.<\/strong> Chcete-li vytvo\u0159it projekt, mus\u00edte se tak\u00e9 rozhodnout pro styl a vybrat barvu.<\/p>\n<p> Na\u0161i design\u00e9\u0159i pro v\u00e1s vytvo\u0159\u00ed n\u011bkolik variant \u0159e\u0161en\u00ed interi\u00e9ru va\u0161eho penthouse, abyste si mohli vybrat tu nejvhodn\u011bj\u0161\u00ed. Dal\u0161\u00edm rysem na\u0161\u00ed spole\u010dnosti je v\u00fdvoj 3D vizualizac\u00ed. To znamen\u00e1, \u017ee pomoc\u00ed speci\u00e1ln\u00edho programu vytvo\u0159\u00ed model budouc\u00edho interi\u00e9ru, ve kter\u00e9m m\u016f\u017eete prov\u00e1d\u011bt \u00fapravy a zm\u011bny ve f\u00e1zi vytv\u00e1\u0159en\u00ed. To v\u00e1m tak\u00e9 pom\u016f\u017ee vybrat vhodn\u011bj\u0161\u00ed barvu pokoj\u016f a osv\u011btlen\u00ed, abyste nakonec z\u00edskali pokoj sv\u00fdch sn\u016f.<\/p>\n<h3> Profesionalita projek\u010dn\u00ed pr\u00e1ce.<\/h3>\n<p> Pokud jde o styl, interi\u00e9rov\u00fd design m\u016f\u017ee b\u00fdt vyroben v jak\u00e9mkoli stylu, kter\u00fd si p\u0159ejete. Plocha m\u00edstnosti v\u00e1m umo\u017e\u0148uje realizovat jak\u00e1koli stylov\u00e1 rozhodnut\u00ed a designov\u00e9 experimenty. Penthouse se m\u016f\u017ee skl\u00e1dat z n\u011bkolika pater, jejich\u017e styl m\u016f\u017ee b\u00fdt odli\u0161n\u00fd nebo stejn\u00fd, a p\u016fvodn\u00ed schodi\u0161t\u011b pouze zd\u016frazn\u00ed kr\u00e1su jak\u00e9hokoli \u0159e\u0161en\u00ed. <\/p>\n<p><img loading=\"lazy\" decoding=\"async\" class=\"aligncenter wp-image-4593 size-full colorbox-18126\" src=\"https:\/\/asart.com.ua\/wp-content\/uploads\/2016\/06\/penthouse_2.jpg\" alt=\"Design penthouse\" width=\"597\" height=\"395\" srcset=\"https:\/\/asart.com.ua\/wp-content\/uploads\/2016\/06\/penthouse_2.jpg 597w, https:\/\/asart.com.ua\/wp-content\/uploads\/2016\/06\/penthouse_2-300x198.jpg 300w, https:\/\/asart.com.ua\/wp-content\/uploads\/2016\/06\/penthouse_2-240x160.jpg 240w\" sizes=\"(max-width: 597px) 100vw, 597px\" \/><\/p>\n<p> Pokud se jedn\u00e1 o v\u00edce\u00farov\u0148ov\u00fd penthouse, pak zpravidla prvn\u00ed patro obsahuje: ob\u00fdvac\u00ed pokoj, kuchy\u0148, j\u00eddelnu, chodbu. A <em>na druh\u00e9: lo\u017enice, \u0161atna, kancel\u00e1\u0159, knihovna, d\u011btsk\u00fd pokoj a dal\u0161\u00ed m\u00edstnosti<\/em> . Na\u0161i design\u00e9\u0159i s pomoc\u00ed profesion\u00e1ln\u00edho n\u00e1vrhu interi\u00e9ru vyberou kompaktn\u00ed a funk\u010dn\u00ed n\u00e1bytek a pomohou v\u00e1m jej spr\u00e1vn\u011b um\u00edstit do v\u0161ech m\u00edstnost\u00ed bytu.<\/p>\n<p> Na\u0161e spole\u010dnost vyvine origin\u00e1ln\u00ed a exkluzivn\u00ed design interi\u00e9ru pro v\u00e1\u0161 penthouse za nejdostupn\u011bj\u0161\u00ed cenu ve m\u011bst\u011b Charkov.<\/p>\n","protected":false},"excerpt":{"rendered":"<p>Na\u0161e spole\u010dnost v Charkov\u011b nab\u00edz\u00ed profesion\u00e1ln\u00ed <a class=\"continue_link\" href=\"https:\/\/asart.com.ua\/cs\/dizajn-kvartir\/penthouse\/\">\u0427\u0438\u0442\u0430\u0442\u044c \u0434\u0430\u043b\u0435\u0435 >><\/a><\/p>\n","protected":false},"author":6,"featured_media":0,"parent":17992,"menu_order":0,"comment_status":"closed","ping_status":"closed","template":"","meta":{"footnotes":""},"acf":[],"aioseo_notices":[],"_links":{"self":[{"href":"https:\/\/asart.com.ua\/cs\/wp-json\/wp\/v2\/pages\/18126"}],"collection":[{"href":"https:\/\/asart.com.ua\/cs\/wp-json\/wp\/v2\/pages"}],"about":[{"href":"https:\/\/asart.com.ua\/cs\/wp-json\/wp\/v2\/types\/page"}],"author":[{"embeddable":true,"href":"https:\/\/asart.com.ua\/cs\/wp-json\/wp\/v2\/users\/6"}],"replies":[{"embeddable":true,"href":"https:\/\/asart.com.ua\/cs\/wp-json\/wp\/v2\/comments?post=18126"}],"version-history":[{"count":2,"href":"https:\/\/asart.com.ua\/cs\/wp-json\/wp\/v2\/pages\/18126\/revisions"}],"predecessor-version":[{"id":18692,"href":"https:\/\/asart.com.ua\/cs\/wp-json\/wp\/v2\/pages\/18126\/revisions\/18692"}],"up":[{"embeddable":true,"href":"https:\/\/asart.com.ua\/cs\/wp-json\/wp\/v2\/pages\/17992"}],"wp:attachment":[{"href":"https:\/\/asart.com.ua\/cs\/wp-json\/wp\/v2\/media?parent=18126"}],"curies":[{"name":"wp","href":"https:\/\/api.w.org\/{rel}","templated":true}]}}