{"id":18114,"date":"2016-04-28T14:24:43","date_gmt":"2016-04-28T11:24:43","guid":{"rendered":"https:\/\/asart.com.ua\/dizajn-kvartir\/nebolshoj\/"},"modified":"2024-08-14T14:38:07","modified_gmt":"2024-08-14T11:38:07","slug":"nebolshoj","status":"publish","type":"page","link":"https:\/\/asart.com.ua\/cs\/dizajn-kvartir\/nebolshoj\/","title":{"rendered":"N\u00e1vrh interi\u00e9ru mal\u00e9ho bytu"},"content":{"rendered":"<p>Mnoho lid\u00ed sn\u00ed o vlastn\u00edm bydlen\u00ed, aby bylo prostorn\u00e9 a prostorn\u00e9. Ale na Ukrajin\u011b si ne ka\u017ed\u00fd obyvatel m\u016f\u017ee dovolit koupit velk\u00fd byt, vzhledem k jeho cen\u011b, tak\u017ee se d\u00e1v\u00e1 p\u0159ednost mal\u00fdm. Se spr\u00e1vn\u00fdm designem interi\u00e9ru mal\u00e9ho prostoru jej m\u016f\u017eete co nejv\u00edce roz\u0161\u00ed\u0159it a u\u010dinit jej funk\u010dn\u00edm, stejn\u011b jako skr\u00fdt designov\u00e9 nedostatky a zd\u016fraznit v\u00fdhody.<\/p>\n<p><a href=\"https:\/\/asart.com.ua\/wp-content\/uploads\/2018\/10\/Dizayn-kvartiryi-3watermark-1-2.jpg\"><img loading=\"lazy\" decoding=\"async\" class=\"aligncenter size-full wp-image-6663 colorbox-18114\" src=\"https:\/\/asart.com.ua\/wp-content\/uploads\/2018\/10\/Dizayn-kvartiryi-3watermark-1-2.jpg\" alt=\"\" width=\"1000\" height=\"750\" srcset=\"https:\/\/asart.com.ua\/wp-content\/uploads\/2018\/10\/Dizayn-kvartiryi-3watermark-1-2.jpg 1000w, https:\/\/asart.com.ua\/wp-content\/uploads\/2018\/10\/Dizayn-kvartiryi-3watermark-1-2-300x225.jpg 300w, https:\/\/asart.com.ua\/wp-content\/uploads\/2018\/10\/Dizayn-kvartiryi-3watermark-1-2-768x576.jpg 768w, https:\/\/asart.com.ua\/wp-content\/uploads\/2018\/10\/Dizayn-kvartiryi-3watermark-1-2-160x120.jpg 160w, https:\/\/asart.com.ua\/wp-content\/uploads\/2018\/10\/Dizayn-kvartiryi-3watermark-1-2-289x217.jpg 289w\" sizes=\"(max-width: 1000px) 100vw, 1000px\" \/><\/a> <a href=\"https:\/\/asart.com.ua\/wp-content\/uploads\/2018\/10\/Dizayn-kvartiryi-4watermark-1-2.jpg\"><img loading=\"lazy\" decoding=\"async\" class=\"aligncenter size-full wp-image-6665 colorbox-18114\" src=\"https:\/\/asart.com.ua\/wp-content\/uploads\/2018\/10\/Dizayn-kvartiryi-4watermark-1-2.jpg\" alt=\"\" width=\"1000\" height=\"750\" srcset=\"https:\/\/asart.com.ua\/wp-content\/uploads\/2018\/10\/Dizayn-kvartiryi-4watermark-1-2.jpg 1000w, https:\/\/asart.com.ua\/wp-content\/uploads\/2018\/10\/Dizayn-kvartiryi-4watermark-1-2-300x225.jpg 300w, https:\/\/asart.com.ua\/wp-content\/uploads\/2018\/10\/Dizayn-kvartiryi-4watermark-1-2-768x576.jpg 768w, https:\/\/asart.com.ua\/wp-content\/uploads\/2018\/10\/Dizayn-kvartiryi-4watermark-1-2-160x120.jpg 160w, https:\/\/asart.com.ua\/wp-content\/uploads\/2018\/10\/Dizayn-kvartiryi-4watermark-1-2-289x217.jpg 289w\" sizes=\"(max-width: 1000px) 100vw, 1000px\" \/><\/a> <a href=\"https:\/\/asart.com.ua\/wp-content\/uploads\/2018\/10\/Dizayn-kvartiryi-7watermark-1-2.jpg\"><img loading=\"lazy\" decoding=\"async\" class=\"aligncenter size-full wp-image-6671 colorbox-18114\" src=\"https:\/\/asart.com.ua\/wp-content\/uploads\/2018\/10\/Dizayn-kvartiryi-7watermark-1-2.jpg\" alt=\"\" width=\"1000\" height=\"750\" srcset=\"https:\/\/asart.com.ua\/wp-content\/uploads\/2018\/10\/Dizayn-kvartiryi-7watermark-1-2.jpg 1000w, https:\/\/asart.com.ua\/wp-content\/uploads\/2018\/10\/Dizayn-kvartiryi-7watermark-1-2-300x225.jpg 300w, https:\/\/asart.com.ua\/wp-content\/uploads\/2018\/10\/Dizayn-kvartiryi-7watermark-1-2-768x576.jpg 768w, https:\/\/asart.com.ua\/wp-content\/uploads\/2018\/10\/Dizayn-kvartiryi-7watermark-1-2-160x120.jpg 160w, https:\/\/asart.com.ua\/wp-content\/uploads\/2018\/10\/Dizayn-kvartiryi-7watermark-1-2-289x217.jpg 289w\" sizes=\"(max-width: 1000px) 100vw, 1000px\" \/><\/a> <a href=\"https:\/\/asart.com.ua\/wp-content\/uploads\/2018\/10\/Dizayn-kvartiryi-6watermark-1-2.jpg\"><img loading=\"lazy\" decoding=\"async\" class=\"aligncenter size-full wp-image-6669 colorbox-18114\" src=\"https:\/\/asart.com.ua\/wp-content\/uploads\/2018\/10\/Dizayn-kvartiryi-6watermark-1-2.jpg\" alt=\"\" width=\"1000\" height=\"750\" srcset=\"https:\/\/asart.com.ua\/wp-content\/uploads\/2018\/10\/Dizayn-kvartiryi-6watermark-1-2.jpg 1000w, https:\/\/asart.com.ua\/wp-content\/uploads\/2018\/10\/Dizayn-kvartiryi-6watermark-1-2-300x225.jpg 300w, https:\/\/asart.com.ua\/wp-content\/uploads\/2018\/10\/Dizayn-kvartiryi-6watermark-1-2-768x576.jpg 768w, https:\/\/asart.com.ua\/wp-content\/uploads\/2018\/10\/Dizayn-kvartiryi-6watermark-1-2-160x120.jpg 160w, https:\/\/asart.com.ua\/wp-content\/uploads\/2018\/10\/Dizayn-kvartiryi-6watermark-1-2-289x217.jpg 289w\" sizes=\"(max-width: 1000px) 100vw, 1000px\" \/><\/a> <a href=\"https:\/\/asart.com.ua\/wp-content\/uploads\/2018\/10\/Dizayn-kvartiryi-2watermark-1-2.jpg\"><img loading=\"lazy\" decoding=\"async\" class=\"aligncenter size-full wp-image-6661 colorbox-18114\" src=\"https:\/\/asart.com.ua\/wp-content\/uploads\/2018\/10\/Dizayn-kvartiryi-2watermark-1-2.jpg\" alt=\"\" width=\"490\" height=\"750\" srcset=\"https:\/\/asart.com.ua\/wp-content\/uploads\/2018\/10\/Dizayn-kvartiryi-2watermark-1-2.jpg 490w, https:\/\/asart.com.ua\/wp-content\/uploads\/2018\/10\/Dizayn-kvartiryi-2watermark-1-2-196x300.jpg 196w\" sizes=\"(max-width: 490px) 100vw, 490px\" \/><\/a> <a href=\"https:\/\/asart.com.ua\/wp-content\/uploads\/2018\/10\/Dizayn-kvartiryi-1watermark-1-3.jpg\"><img loading=\"lazy\" decoding=\"async\" class=\"aligncenter size-full wp-image-6659 colorbox-18114\" src=\"https:\/\/asart.com.ua\/wp-content\/uploads\/2018\/10\/Dizayn-kvartiryi-1watermark-1-3.jpg\" alt=\"\" width=\"1000\" height=\"769\" srcset=\"https:\/\/asart.com.ua\/wp-content\/uploads\/2018\/10\/Dizayn-kvartiryi-1watermark-1-3.jpg 1000w, https:\/\/asart.com.ua\/wp-content\/uploads\/2018\/10\/Dizayn-kvartiryi-1watermark-1-3-300x231.jpg 300w, https:\/\/asart.com.ua\/wp-content\/uploads\/2018\/10\/Dizayn-kvartiryi-1watermark-1-3-768x591.jpg 768w\" sizes=\"(max-width: 1000px) 100vw, 1000px\" \/><\/a> <a href=\"https:\/\/asart.com.ua\/wp-content\/uploads\/2018\/10\/Dizayn-kvartiryi-9watermark-1-2.jpg\"><img loading=\"lazy\" decoding=\"async\" class=\"aligncenter size-full wp-image-6675 colorbox-18114\" src=\"https:\/\/asart.com.ua\/wp-content\/uploads\/2018\/10\/Dizayn-kvartiryi-9watermark-1-2.jpg\" alt=\"\" width=\"1000\" height=\"750\" srcset=\"https:\/\/asart.com.ua\/wp-content\/uploads\/2018\/10\/Dizayn-kvartiryi-9watermark-1-2.jpg 1000w, https:\/\/asart.com.ua\/wp-content\/uploads\/2018\/10\/Dizayn-kvartiryi-9watermark-1-2-300x225.jpg 300w, https:\/\/asart.com.ua\/wp-content\/uploads\/2018\/10\/Dizayn-kvartiryi-9watermark-1-2-768x576.jpg 768w, https:\/\/asart.com.ua\/wp-content\/uploads\/2018\/10\/Dizayn-kvartiryi-9watermark-1-2-160x120.jpg 160w, https:\/\/asart.com.ua\/wp-content\/uploads\/2018\/10\/Dizayn-kvartiryi-9watermark-1-2-289x217.jpg 289w\" sizes=\"(max-width: 1000px) 100vw, 1000px\" \/><\/a> <a href=\"https:\/\/asart.com.ua\/wp-content\/uploads\/2018\/10\/Dizayn-kvartiryi-8watermark-1-2.jpg\"><img loading=\"lazy\" decoding=\"async\" class=\"aligncenter size-full wp-image-6673 colorbox-18114\" src=\"https:\/\/asart.com.ua\/wp-content\/uploads\/2018\/10\/Dizayn-kvartiryi-8watermark-1-2.jpg\" alt=\"\" width=\"1000\" height=\"750\" srcset=\"https:\/\/asart.com.ua\/wp-content\/uploads\/2018\/10\/Dizayn-kvartiryi-8watermark-1-2.jpg 1000w, https:\/\/asart.com.ua\/wp-content\/uploads\/2018\/10\/Dizayn-kvartiryi-8watermark-1-2-300x225.jpg 300w, https:\/\/asart.com.ua\/wp-content\/uploads\/2018\/10\/Dizayn-kvartiryi-8watermark-1-2-768x576.jpg 768w, https:\/\/asart.com.ua\/wp-content\/uploads\/2018\/10\/Dizayn-kvartiryi-8watermark-1-2-160x120.jpg 160w, https:\/\/asart.com.ua\/wp-content\/uploads\/2018\/10\/Dizayn-kvartiryi-8watermark-1-2-289x217.jpg 289w\" sizes=\"(max-width: 1000px) 100vw, 1000px\" \/><\/a> <a href=\"https:\/\/asart.com.ua\/wp-content\/uploads\/2018\/10\/Dizayn-kvartiryi-11watermark-1-2.jpg\"><img loading=\"lazy\" decoding=\"async\" class=\"aligncenter size-full wp-image-6677 colorbox-18114\" src=\"https:\/\/asart.com.ua\/wp-content\/uploads\/2018\/10\/Dizayn-kvartiryi-11watermark-1-2.jpg\" alt=\"\" width=\"750\" height=\"848\" srcset=\"https:\/\/asart.com.ua\/wp-content\/uploads\/2018\/10\/Dizayn-kvartiryi-11watermark-1-2.jpg 750w, https:\/\/asart.com.ua\/wp-content\/uploads\/2018\/10\/Dizayn-kvartiryi-11watermark-1-2-265x300.jpg 265w\" sizes=\"(max-width: 750px) 100vw, 750px\" \/><\/a><\/p>\n<h2>Individu\u00e1ln\u00ed p\u0159\u00edstup ke ka\u017ed\u00e9mu z\u00e1kazn\u00edkovi.<\/h2>\n<p>Chcete-li vyvinout design mal\u00e9ho bytu, mus\u00edte zapojit profesion\u00e1ly. Nejlep\u0161\u00ed studio na Ukrajin\u011b je studio AS-Design, kter\u00e9 poskytuje sv\u00fdm klient\u016fm z Kyjeva, Dn\u011bpropetrovska, Charkova vysoce kvalitn\u00ed designov\u00e9 slu\u017eby za nejlep\u0161\u00ed cenu. P\u0159i v\u00fdvoji projektu se berou v \u00favahu n\u00e1sleduj\u00edc\u00ed:<\/p>\n<ul>\n<li>vlastnosti pokoje<\/li>\n<li>jeho rozlo\u017een\u00ed<\/li>\n<li>rozlo\u017een\u00ed m\u00edstnosti<\/li>\n<\/ul>\n<p>Design\u00e9\u0159i studia vypracuj\u00ed designov\u00fd projekt pro v\u00e1\u0161 mal\u00fd byt, <strong>kter\u00fd bude zahrnovat v\u0161echny m\u00edstnosti pokoje: koupelnu, ob\u00fdvac\u00ed pokoj, kuchy\u0148, toaletu, chodbu<\/strong> . Obvykle se p\u0159estavba pou\u017e\u00edv\u00e1 k roz\u0161\u00ed\u0159en\u00ed prostoru. To znamen\u00e1, \u017ee se st\u011bny demontuj\u00ed, aby se spojily m\u00edstnosti nebo m\u00edstnost s lod\u017ei\u00ed. V\u0161e z\u00e1vis\u00ed na mo\u017enosti jeho proveden\u00ed.<\/p>\n<p>Pokud z n\u011bjak\u00e9ho d\u016fvodu nen\u00ed mo\u017en\u00e9 demontovat st\u011bny ve va\u0161em mal\u00e9m byt\u011b, v takov\u00fdch p\u0159\u00edpadech se uch\u00fdl\u00ed k vizu\u00e1ln\u00ed expanzi prostoru. Toho je dosa\u017eeno spr\u00e1vn\u00fdm v\u00fdb\u011brem:<\/p>\n<ul>\n<li>osv\u011btlen\u00ed<\/li>\n<li>n\u00e1bytek<\/li>\n<li>barvy st\u011bn<\/li>\n<li>textiln\u00ed barvy<\/li>\n<li>P\u0159\u00edslu\u0161enstv\u00ed<\/li>\n<\/ul>\n<p>Design\u00e9\u0159i studia AS-Design v\u00e1m nab\u00eddnou mnoho n\u00e1pad\u016f pro rozvoj designu mal\u00e9ho bytu. Krom\u011b n\u00e1padu si mus\u00edte vybrat styl. M\u016f\u017ee b\u00fdt stejn\u00fd pro v\u0161echny pokoje nebo jin\u00fd, plynule p\u0159ech\u00e1zej\u00edc\u00ed z ob\u00fdvac\u00edho pokoje do lo\u017enice a kuchyn\u011b. Chcete-li rozd\u011blit malou m\u00edstnost na z\u00f3ny, m\u016f\u017eete pou\u017e\u00edt barevn\u00e9 sklo nebo pr\u016fhledn\u00e9 p\u0159\u00ed\u010dky. Pro zdoben\u00ed st\u011bn a podlah je lep\u0161\u00ed zvolit sv\u011btl\u00e9 barevn\u00e9 sch\u00e9ma.<\/p>\n<h3>Ud\u011bl\u00e1me pokoj kr\u00e1sn\u00fd a pohodln\u00fd.<\/h3>\n<p>V interi\u00e9rov\u00e9m designu mal\u00fdch byt\u016f hraje d\u016fle\u017eitou roli spr\u00e1vn\u00fd v\u00fdb\u011br a uspo\u0159\u00e1d\u00e1n\u00ed n\u00e1bytku, m\u011bl by b\u00fdt co nejfunk\u010dn\u011bj\u0161\u00ed a rozm\u011brov\u011b mal\u00fd. <em>Do mal\u00e9 kuchyn\u011b a lo\u017enice m\u016f\u017eete pou\u017e\u00edt vestav\u011bn\u00fd n\u00e1bytek, kter\u00fd uvoln\u00ed m\u00edsto<\/em> .<\/p>\n<p>Specialist\u00e9 studia AS-Design vyvinou design mal\u00fdch byt\u016f bez ohledu na rozlohu pro v\u0161echny obyvatele Charkova, Dn\u011bpropetrovska, Kyjeva a dal\u0161\u00edch m\u011bst Ukrajiny. I z toho nejmen\u0161\u00edho pokoje dok\u00e1\u017eeme vytvo\u0159it funk\u010dn\u00ed a pohodln\u00e9 bydlen\u00ed pro v\u00edce\u010dlennou rodinu.<\/p>\n","protected":false},"excerpt":{"rendered":"<p>Mnoho lid\u00ed sn\u00ed o vlastn\u00edm bydlen\u00ed, <a class=\"continue_link\" href=\"https:\/\/asart.com.ua\/cs\/dizajn-kvartir\/nebolshoj\/\">\u0427\u0438\u0442\u0430\u0442\u044c \u0434\u0430\u043b\u0435\u0435 >><\/a><\/p>\n","protected":false},"author":6,"featured_media":0,"parent":17992,"menu_order":0,"comment_status":"closed","ping_status":"closed","template":"","meta":{"footnotes":""},"acf":[],"aioseo_notices":[],"_links":{"self":[{"href":"https:\/\/asart.com.ua\/cs\/wp-json\/wp\/v2\/pages\/18114"}],"collection":[{"href":"https:\/\/asart.com.ua\/cs\/wp-json\/wp\/v2\/pages"}],"about":[{"href":"https:\/\/asart.com.ua\/cs\/wp-json\/wp\/v2\/types\/page"}],"author":[{"embeddable":true,"href":"https:\/\/asart.com.ua\/cs\/wp-json\/wp\/v2\/users\/6"}],"replies":[{"embeddable":true,"href":"https:\/\/asart.com.ua\/cs\/wp-json\/wp\/v2\/comments?post=18114"}],"version-history":[{"count":2,"href":"https:\/\/asart.com.ua\/cs\/wp-json\/wp\/v2\/pages\/18114\/revisions"}],"predecessor-version":[{"id":19765,"href":"https:\/\/asart.com.ua\/cs\/wp-json\/wp\/v2\/pages\/18114\/revisions\/19765"}],"up":[{"embeddable":true,"href":"https:\/\/asart.com.ua\/cs\/wp-json\/wp\/v2\/pages\/17992"}],"wp:attachment":[{"href":"https:\/\/asart.com.ua\/cs\/wp-json\/wp\/v2\/media?parent=18114"}],"curies":[{"name":"wp","href":"https:\/\/api.w.org\/{rel}","templated":true}]}}