{"id":18108,"date":"2017-05-10T18:12:31","date_gmt":"2017-05-10T15:12:31","guid":{"rendered":"https:\/\/asart.com.ua\/dizajn-kvartir\/interera-mansardnyx\/"},"modified":"2023-11-27T15:42:16","modified_gmt":"2023-11-27T12:42:16","slug":"interera-mansardnyx","status":"publish","type":"page","link":"https:\/\/asart.com.ua\/cs\/dizajn-kvartir\/interera-mansardnyx\/","title":{"rendered":"N\u00e1vrh interi\u00e9ru podkrov\u00ed"},"content":{"rendered":"<p>V modern\u00edm \u017eivot\u011b hraje jak\u00fdkoli obytn\u00fd prostor pro sv\u00e9ho majitele d\u016fle\u017eitou roli, tak\u017ee jej vyu\u017e\u00edv\u00e1 na sto procent. Mezi takov\u00e9 prostory pat\u0159\u00ed p\u016fda, a pokud byla d\u0159\u00edve vyu\u017e\u00edv\u00e1na jako p\u016fda, nyn\u00ed <strong>ji lze pomoc\u00ed profesion\u00e1ln\u00edho n\u00e1vrhu a rekonstrukce interi\u00e9ru prom\u011bnit v plnohodnotn\u00fd pokoj a to v\u00edce ne\u017e jeden<\/strong> . Obvykle s t\u00edm d\u011blaj\u00ed:<\/p>\n<ul>\n<li> ob\u00fdvac\u00ed pokoj s kuchyn\u00ed<\/li>\n<li> lo\u017enice s pracovn\u00edm m\u00edstem<\/li>\n<li> d\u011btsk\u00fd pokoj s lo\u017enic\u00ed<\/li>\n<li> \u0161atna<\/li>\n<\/ul>\n<p> V\u0161e z\u00e1vis\u00ed na jeho oblasti a architektonick\u00fdch prvc\u00edch. Na\u0161e studio m\u00e1 bohat\u00e9 zku\u0161enosti s tvorbou interi\u00e9rov\u00e9ho designu pro podkrovn\u00ed byty v Charkov\u011b za nejlep\u0161\u00ed cenu. Design\u00e9\u0159i AS-Design prom\u011bn\u00ed podkrov\u00ed v pohodln\u00fd a pohodln\u00fd pokoj, kde se v\u0161ichni \u010dlenov\u00e9 va\u0161\u00ed rodiny budou c\u00edtit pohodln\u011b.<br \/> <a href=\"https:\/\/asart.com.ua\/wp-content\/uploads\/2014\/06\/Interer-chastnogo-doma-2watermark.jpg\"><img loading=\"lazy\" decoding=\"async\" class=\"aligncenter size-full wp-image-3561 colorbox-18108\" src=\"https:\/\/asart.com.ua\/wp-content\/uploads\/2014\/06\/Interer-chastnogo-doma-2watermark.jpg\" alt=\"Interi\u00e9r soukrom\u00e9ho domu (2)vodoznak\" width=\"1000\" height=\"750\" srcset=\"https:\/\/asart.com.ua\/wp-content\/uploads\/2014\/06\/Interer-chastnogo-doma-2watermark.jpg 1000w, https:\/\/asart.com.ua\/wp-content\/uploads\/2014\/06\/Interer-chastnogo-doma-2watermark-300x225.jpg 300w, https:\/\/asart.com.ua\/wp-content\/uploads\/2014\/06\/Interer-chastnogo-doma-2watermark-160x120.jpg 160w, https:\/\/asart.com.ua\/wp-content\/uploads\/2014\/06\/Interer-chastnogo-doma-2watermark-289x217.jpg 289w\" sizes=\"(max-width: 1000px) 100vw, 1000px\" \/><img loading=\"lazy\" decoding=\"async\" class=\"aligncenter wp-image-3573 size-full colorbox-18108\" src=\"https:\/\/asart.com.ua\/wp-content\/uploads\/2014\/06\/Interer-chastnogo-doma-14watermark.jpg\" alt=\"N\u00e1vrh interi\u00e9ru podkrovn\u00edho bytu\" width=\"1000\" height=\"750\" srcset=\"https:\/\/asart.com.ua\/wp-content\/uploads\/2014\/06\/Interer-chastnogo-doma-14watermark.jpg 1000w, https:\/\/asart.com.ua\/wp-content\/uploads\/2014\/06\/Interer-chastnogo-doma-14watermark-300x225.jpg 300w, https:\/\/asart.com.ua\/wp-content\/uploads\/2014\/06\/Interer-chastnogo-doma-14watermark-160x120.jpg 160w, https:\/\/asart.com.ua\/wp-content\/uploads\/2014\/06\/Interer-chastnogo-doma-14watermark-289x217.jpg 289w\" sizes=\"(max-width: 1000px) 100vw, 1000px\" \/><\/a> <a href=\"https:\/\/asart.com.ua\/wp-content\/uploads\/2014\/06\/Interer-chastnogo-doma-4watermark.jpg\"><img loading=\"lazy\" decoding=\"async\" class=\"aligncenter size-full wp-image-3563 colorbox-18108\" src=\"https:\/\/asart.com.ua\/wp-content\/uploads\/2014\/06\/Interer-chastnogo-doma-4watermark.jpg\" alt=\"Interi\u00e9r soukrom\u00e9ho domu (4)vodoznak\" width=\"1000\" height=\"750\" srcset=\"https:\/\/asart.com.ua\/wp-content\/uploads\/2014\/06\/Interer-chastnogo-doma-4watermark.jpg 1000w, https:\/\/asart.com.ua\/wp-content\/uploads\/2014\/06\/Interer-chastnogo-doma-4watermark-300x225.jpg 300w, https:\/\/asart.com.ua\/wp-content\/uploads\/2014\/06\/Interer-chastnogo-doma-4watermark-160x120.jpg 160w, https:\/\/asart.com.ua\/wp-content\/uploads\/2014\/06\/Interer-chastnogo-doma-4watermark-289x217.jpg 289w\" sizes=\"(max-width: 1000px) 100vw, 1000px\" \/><\/a> <img loading=\"lazy\" decoding=\"async\" class=\"wp-image-3570 aligncenter colorbox-18108\" src=\"https:\/\/asart.com.ua\/wp-content\/uploads\/2014\/06\/Interer-chastnogo-doma-11watermark.jpg\" alt=\"Projekt p\u016fdn\u00edho designu\" width=\"1000\" height=\"1065\" srcset=\"https:\/\/asart.com.ua\/wp-content\/uploads\/2014\/06\/Interer-chastnogo-doma-11watermark.jpg 939w, https:\/\/asart.com.ua\/wp-content\/uploads\/2014\/06\/Interer-chastnogo-doma-11watermark-281x300.jpg 281w\" sizes=\"(max-width: 1000px) 100vw, 1000px\" \/><img loading=\"lazy\" decoding=\"async\" class=\"aligncenter wp-image-3568 size-full colorbox-18108\" src=\"https:\/\/asart.com.ua\/wp-content\/uploads\/2014\/06\/Interer-chastnogo-doma-9watermark.jpg\" alt=\"Design podkrovn\u00edho bytu\" width=\"1000\" height=\"750\" srcset=\"https:\/\/asart.com.ua\/wp-content\/uploads\/2014\/06\/Interer-chastnogo-doma-9watermark.jpg 1000w, https:\/\/asart.com.ua\/wp-content\/uploads\/2014\/06\/Interer-chastnogo-doma-9watermark-300x225.jpg 300w, https:\/\/asart.com.ua\/wp-content\/uploads\/2014\/06\/Interer-chastnogo-doma-9watermark-160x120.jpg 160w, https:\/\/asart.com.ua\/wp-content\/uploads\/2014\/06\/Interer-chastnogo-doma-9watermark-289x217.jpg 289w\" sizes=\"(max-width: 1000px) 100vw, 1000px\" \/><\/p>\n<h2> Nab\u00edz\u00edme origin\u00e1ln\u00ed designov\u00e9 n\u00e1pady.<\/h2>\n<p> AS-Design studio za\u010d\u00edn\u00e1 spolupr\u00e1ci se z\u00e1kazn\u00edky osobn\u00ed sch\u016fzkou a prohl\u00eddkou prostor. Byty podkrovn\u00edho typu a klasick\u00e9 podkrov\u00ed maj\u00ed \u0159adu rozd\u00edl\u016f, kter\u00e9 budou zohledn\u011bny p\u0159i v\u00fdvoji projektu interi\u00e9ru. B\u011bhem sch\u016fzky jsou vyjasn\u011bna Va\u0161e p\u0159\u00e1n\u00ed a po\u017eadavky ohledn\u011b projek\u010dn\u00ed pr\u00e1ce. Vyb\u00edraj\u00ed tak\u00e9 nejvhodn\u011bj\u0161\u00ed styl a barvu.<\/p>\n<p> Pokud m\u00e1 podkrov\u00ed dostate\u010dnou plochu a chcete v n\u011bm uspo\u0159\u00e1dat n\u011bkolik m\u00edstnost\u00ed, lze v interi\u00e9ru pou\u017e\u00edt n\u011bkolik styl\u016f. Design\u00e9r studia AS-Design je harmonicky spoj\u00ed tak, aby ve v\u00fdsledku vytvo\u0159ily kr\u00e1sn\u00fd a \u00fatuln\u00fd prostor. Pro ka\u017ed\u00e9ho z\u00e1kazn\u00edka na\u0161e studio vytv\u00e1\u0159\u00ed:<\/p>\n<ul>\n<li> individu\u00e1ln\u00ed<\/li>\n<li> v\u00fdhradn\u00ed<\/li>\n<li> zaj\u00edmav\u00fd<\/li>\n<li> unik\u00e1tn\u00ed<\/li>\n<\/ul>\n<p> Designy, kter\u00e9 jinde nenajdete. Nikdy se nikde neopakujeme, v\u0161echny prvky dekoru, interi\u00e9ru i dopl\u0148k\u016f jsou individu\u00e1ln\u00ed a jedine\u010dn\u00e9. Jsou vyvinuty pro konkr\u00e9tn\u00edho z\u00e1kazn\u00edka a jeho podkrovn\u00ed byt. Stoj\u00ed za zm\u00ednku, \u017ee n\u00e1vrh\u00e1\u0159 tak\u00e9 vyb\u00edr\u00e1 materi\u00e1ly pro opravy a dokon\u010dovac\u00ed pr\u00e1ce a n\u00e1bytek. Po stavebn\u00edch a rekonstruk\u010dn\u00edch prac\u00edch bude do v\u0161ech m\u00edstnost\u00ed p\u016fdn\u00edho prostoru um\u00edst\u011bn n\u00e1bytek a dopl\u0148ky. <img loading=\"lazy\" decoding=\"async\" class=\"aligncenter wp-image-2134 size-full colorbox-18108\" src=\"https:\/\/asart.com.ua\/wp-content\/uploads\/2013\/10\/\u0421\u043f_\u0414_1watermark.jpg\" alt=\"N\u00e1vrhy podkrovn\u00edch byt\u016f\" width=\"1000\" height=\"750\" srcset=\"https:\/\/asart.com.ua\/wp-content\/uploads\/2013\/10\/\u0421\u043f_\u0414_1watermark.jpg 1000w, https:\/\/asart.com.ua\/wp-content\/uploads\/2013\/10\/\u0421\u043f_\u0414_1watermark-300x225.jpg 300w, https:\/\/asart.com.ua\/wp-content\/uploads\/2013\/10\/\u0421\u043f_\u0414_1watermark-160x120.jpg 160w, https:\/\/asart.com.ua\/wp-content\/uploads\/2013\/10\/\u0421\u043f_\u0414_1watermark-289x217.jpg 289w\" sizes=\"(max-width: 1000px) 100vw, 1000px\" \/><img loading=\"lazy\" decoding=\"async\" class=\"aligncenter wp-image-2136 size-full colorbox-18108\" src=\"https:\/\/asart.com.ua\/wp-content\/uploads\/2013\/10\/\u0421\u043f_\u0414_2watermark.jpg\" alt=\"N\u00e1vrh interi\u00e9ru v podkrovn\u00edm byt\u011b\" width=\"1000\" height=\"750\" srcset=\"https:\/\/asart.com.ua\/wp-content\/uploads\/2013\/10\/\u0421\u043f_\u0414_2watermark.jpg 1000w, https:\/\/asart.com.ua\/wp-content\/uploads\/2013\/10\/\u0421\u043f_\u0414_2watermark-300x225.jpg 300w, https:\/\/asart.com.ua\/wp-content\/uploads\/2013\/10\/\u0421\u043f_\u0414_2watermark-160x120.jpg 160w, https:\/\/asart.com.ua\/wp-content\/uploads\/2013\/10\/\u0421\u043f_\u0414_2watermark-289x217.jpg 289w\" sizes=\"(max-width: 1000px) 100vw, 1000px\" \/><\/p>\n<h3> Vizualizace budouc\u00edho vzhledu m\u00edstnosti.<\/h3>\n<p> Vzhledem k tomu, \u017ee podkrovn\u00ed byt je neobvykl\u00fd, z\u00e1kazn\u00edci \u010dasto pochybuj\u00ed o spr\u00e1vnosti zvolen\u00e9ho stylu a barev. K rozpt\u00fdlen\u00ed va\u0161ich pochybnost\u00ed nab\u00edz\u00ed AS-Design pou\u017eit\u00ed vizualiza\u010dn\u00ed slu\u017eby. <em>To umo\u017e\u0148uje prohl\u00e9dnout si m\u00edstnost p\u0159ed dokon\u010den\u00edm a zah\u00e1jen\u00edm projektov\u00fdch prac\u00ed<\/em> . Krom\u011b t\u00e9to slu\u017eby na\u0161e studio nab\u00edz\u00ed dohled nad realizac\u00ed projektu interi\u00e9rov\u00e9ho designu.<\/p>\n<p> AS-Design studio vytvo\u0159\u00ed jedine\u010dn\u00fd a exkluzivn\u00ed design interi\u00e9ru podkrovn\u00edho bytu za dostupnou cenu v Charkov\u011b.<\/p>\n","protected":false},"excerpt":{"rendered":"<p>V modern\u00edm \u017eivot\u011b hraje jak\u00fdkoli obytn\u00fd <a class=\"continue_link\" href=\"https:\/\/asart.com.ua\/cs\/dizajn-kvartir\/interera-mansardnyx\/\">\u0427\u0438\u0442\u0430\u0442\u044c \u0434\u0430\u043b\u0435\u0435 >><\/a><\/p>\n","protected":false},"author":6,"featured_media":0,"parent":17992,"menu_order":0,"comment_status":"closed","ping_status":"closed","template":"","meta":{"footnotes":""},"acf":[],"aioseo_notices":[],"_links":{"self":[{"href":"https:\/\/asart.com.ua\/cs\/wp-json\/wp\/v2\/pages\/18108"}],"collection":[{"href":"https:\/\/asart.com.ua\/cs\/wp-json\/wp\/v2\/pages"}],"about":[{"href":"https:\/\/asart.com.ua\/cs\/wp-json\/wp\/v2\/types\/page"}],"author":[{"embeddable":true,"href":"https:\/\/asart.com.ua\/cs\/wp-json\/wp\/v2\/users\/6"}],"replies":[{"embeddable":true,"href":"https:\/\/asart.com.ua\/cs\/wp-json\/wp\/v2\/comments?post=18108"}],"version-history":[{"count":1,"href":"https:\/\/asart.com.ua\/cs\/wp-json\/wp\/v2\/pages\/18108\/revisions"}],"predecessor-version":[{"id":18111,"href":"https:\/\/asart.com.ua\/cs\/wp-json\/wp\/v2\/pages\/18108\/revisions\/18111"}],"up":[{"embeddable":true,"href":"https:\/\/asart.com.ua\/cs\/wp-json\/wp\/v2\/pages\/17992"}],"wp:attachment":[{"href":"https:\/\/asart.com.ua\/cs\/wp-json\/wp\/v2\/media?parent=18108"}],"curies":[{"name":"wp","href":"https:\/\/api.w.org\/{rel}","templated":true}]}}