{"id":18096,"date":"2016-04-27T20:20:36","date_gmt":"2016-04-27T17:20:36","guid":{"rendered":"https:\/\/asart.com.ua\/dizajn-kvartir\/malenkoy\/"},"modified":"2025-01-20T16:04:00","modified_gmt":"2025-01-20T13:04:00","slug":"malenkoy","status":"publish","type":"page","link":"https:\/\/asart.com.ua\/cs\/dizajn-kvartir\/malenkoy\/","title":{"rendered":"Architekt-interi\u00e9rov\u00fd design\u00e9r dom\u016f, byt\u016f, kancel\u00e1\u0159\u00ed v Praze, \u010cesk\u00e1 republika."},"content":{"rendered":"<h3>Sn\u00edte o stylov\u00e9m, modern\u00edm a \u00fatuln\u00e9m prostoru? Vyu\u017eijte slu\u017eeb profesion\u00e1ln\u00edho interi\u00e9rov\u00e9ho design\u00e9ra v Praze a prom\u011b\u0148te sv\u016fj domov, byt nebo kancel\u00e1\u0159 v ide\u00e1ln\u00ed m\u00edsto k \u017eivotu i pr\u00e1ci!<\/h3>\n<ul>\n<li>pohodln\u00e9<\/li>\n<li>funk\u010dn\u00ed<\/li>\n<li>prostorn\u00fd<\/li>\n<li>komfortn\u00ed<\/li>\n<li>ergonomick\u00fd<\/li>\n<li>stylov\u00fd<\/li>\n<\/ul>\n<p><a href=\"https:\/\/asart.com.ua\/wp-content\/uploads\/2019\/07\/DSC_0503.jpg\"><img loading=\"lazy\" decoding=\"async\" class=\"aligncenter size-full wp-image-8096 colorbox-18096\" src=\"https:\/\/asart.com.ua\/wp-content\/uploads\/2018\/04\/dvuhurovnevaya-kvartira-realizacziya-2watermark.jpg\" alt=\"\" width=\"1000\" height=\"667\" srcset=\"https:\/\/asart.com.ua\/wp-content\/uploads\/2018\/04\/dvuhurovnevaya-kvartira-realizacziya-2watermark.jpg 1000w, https:\/\/asart.com.ua\/wp-content\/uploads\/2018\/04\/dvuhurovnevaya-kvartira-realizacziya-2watermark-300x200.jpg 300w, https:\/\/asart.com.ua\/wp-content\/uploads\/2018\/04\/dvuhurovnevaya-kvartira-realizacziya-2watermark-768x512.jpg 768w, https:\/\/asart.com.ua\/wp-content\/uploads\/2018\/04\/dvuhurovnevaya-kvartira-realizacziya-2watermark-240x160.jpg 240w\" sizes=\"(max-width: 1000px) 100vw, 1000px\" \/><\/a><a href=\"https:\/\/asart.com.ua\/wp-content\/uploads\/2018\/04\/dvuhurovnevaya-kvartira-realizacziya-11watermark.jpg\"><img loading=\"lazy\" decoding=\"async\" class=\"aligncenter size-full wp-image-8114 colorbox-18096\" src=\"https:\/\/asart.com.ua\/wp-content\/uploads\/2018\/04\/dvuhurovnevaya-kvartira-realizacziya-11watermark.jpg\" alt=\"\" width=\"1000\" height=\"667\" srcset=\"https:\/\/asart.com.ua\/wp-content\/uploads\/2018\/04\/dvuhurovnevaya-kvartira-realizacziya-11watermark.jpg 1000w, https:\/\/asart.com.ua\/wp-content\/uploads\/2018\/04\/dvuhurovnevaya-kvartira-realizacziya-11watermark-300x200.jpg 300w, https:\/\/asart.com.ua\/wp-content\/uploads\/2018\/04\/dvuhurovnevaya-kvartira-realizacziya-11watermark-768x512.jpg 768w, https:\/\/asart.com.ua\/wp-content\/uploads\/2018\/04\/dvuhurovnevaya-kvartira-realizacziya-11watermark-240x160.jpg 240w\" sizes=\"(max-width: 1000px) 100vw, 1000px\" \/><\/a><a href=\"https:\/\/asart.com.ua\/wp-content\/uploads\/2019\/07\/DSC_0503.jpg\"><img loading=\"lazy\" decoding=\"async\" class=\"aligncenter size-full wp-image-15487 colorbox-18096\" src=\"https:\/\/asart.com.ua\/wp-content\/uploads\/2019\/07\/DSC_0503.jpg\" alt=\"\" width=\"1000\" height=\"667\" srcset=\"https:\/\/asart.com.ua\/wp-content\/uploads\/2019\/07\/DSC_0503.jpg 1000w, https:\/\/asart.com.ua\/wp-content\/uploads\/2019\/07\/DSC_0503-300x200.jpg 300w, https:\/\/asart.com.ua\/wp-content\/uploads\/2019\/07\/DSC_0503-768x512.jpg 768w, https:\/\/asart.com.ua\/wp-content\/uploads\/2019\/07\/DSC_0503-240x160.jpg 240w\" sizes=\"(max-width: 1000px) 100vw, 1000px\" \/><\/a><a href=\"https:\/\/asart.com.ua\/wp-content\/uploads\/2019\/07\/DSC_0377.jpg\"><img loading=\"lazy\" decoding=\"async\" class=\"aligncenter size-full wp-image-15403 colorbox-18096\" src=\"https:\/\/asart.com.ua\/wp-content\/uploads\/2019\/07\/DSC_0377.jpg\" alt=\"\" width=\"1000\" height=\"667\" srcset=\"https:\/\/asart.com.ua\/wp-content\/uploads\/2019\/07\/DSC_0377.jpg 1000w, https:\/\/asart.com.ua\/wp-content\/uploads\/2019\/07\/DSC_0377-300x200.jpg 300w, https:\/\/asart.com.ua\/wp-content\/uploads\/2019\/07\/DSC_0377-768x512.jpg 768w, https:\/\/asart.com.ua\/wp-content\/uploads\/2019\/07\/DSC_0377-240x160.jpg 240w\" sizes=\"(max-width: 1000px) 100vw, 1000px\" \/><\/a><a href=\"https:\/\/asart.com.ua\/wp-content\/uploads\/2020\/10\/dizajn-kvartiry-v-sovremennom-minimalizme-3watermark.jpg\"><br \/>\n<\/a><\/p>\n<p><a href=\"https:\/\/asart.com.ua\/wp-content\/uploads\/2019\/07\/Dizayn-magazina-4watermark-.jpg\"><img loading=\"lazy\" decoding=\"async\" class=\"aligncenter size-full wp-image-7206 colorbox-18096\" src=\"https:\/\/asart.com.ua\/wp-content\/uploads\/2019\/07\/Dizayn-magazina-4watermark-.jpg\" alt=\"\" width=\"1000\" height=\"667\" srcset=\"https:\/\/asart.com.ua\/wp-content\/uploads\/2019\/07\/Dizayn-magazina-4watermark-.jpg 1000w, https:\/\/asart.com.ua\/wp-content\/uploads\/2019\/07\/Dizayn-magazina-4watermark--300x200.jpg 300w, https:\/\/asart.com.ua\/wp-content\/uploads\/2019\/07\/Dizayn-magazina-4watermark--768x512.jpg 768w, https:\/\/asart.com.ua\/wp-content\/uploads\/2019\/07\/Dizayn-magazina-4watermark--240x160.jpg 240w\" sizes=\"(max-width: 1000px) 100vw, 1000px\" \/><\/a><\/p>\n<p>Studio &#8220;AS-Design&#8221; nab\u00edz\u00ed:<\/p>\n<ul>\n<li>Individu\u00e1ln\u00ed p\u0159\u00edstup \u2013 ka\u017ed\u00fd projekt je vyv\u00edjen s ohledem na va\u0161e p\u0159\u00e1n\u00ed, pot\u0159eby a \u017eivotn\u00ed styl.<\/li>\n<li>Funk\u010dn\u00ed a estetick\u00e1 \u0159e\u0161en\u00ed &#8211; vytv\u00e1\u0159\u00edme interi\u00e9ry, kter\u00e9 nejen stylov\u011b vypadaj\u00ed, ale z\u00e1rove\u0148 poskytuj\u00ed maxim\u00e1ln\u00ed komfort a pohodl\u00ed.<\/li>\n<li>Profesion\u00e1ln\u00ed kontrola ve v\u0161ech f\u00e1z\u00edch \u2013 od n\u00e1padu a\u017e po realizaci, v\u010detn\u011b v\u00fdb\u011bru materi\u00e1l\u016f, n\u00e1bytku a dekoru.<\/li>\n<\/ul>\n<p>Pro\u010d je designov\u00fd projekt d\u016fle\u017eit\u00fd?<\/p>\n<ul>\n<li>U\u0161et\u0159ete \u010das a rozpo\u010det \u2013 dob\u0159e napl\u00e1novan\u00fd projekt se vyhne neo\u010dek\u00e1van\u00fdm n\u00e1klad\u016fm a zpo\u017ed\u011bn\u00edm a tak\u00e9 chyb\u00e1m p\u0159i oprav\u00e1ch.<\/li>\n<li>Funk\u010dnost a ergonomie \u2013 ka\u017ed\u00fd metr \u010dtvere\u010dn\u00ed va\u0161eho prostoru bude vyu\u017eit co nejefektivn\u011bji.<\/li>\n<li>Harmonie stylu &#8211; designov\u00fd projekt zaji\u0161\u0165uje celistvost interi\u00e9ru, kde ka\u017ed\u00fd detail odpov\u00edd\u00e1 celkov\u00e9 koncepci.<\/li>\n<li>P\u0159esn\u00e9 pl\u00e1nov\u00e1n\u00ed \u2013 z\u00edsk\u00e1te kompletn\u00ed obr\u00e1zek o kone\u010dn\u00e9m v\u00fdsledku je\u0161t\u011b p\u0159ed zah\u00e1jen\u00edm renovace. Vizualizace v\u00e1m pomohou vid\u011bt, jak budou m\u00edstnosti vypadat, a n\u00e1kresy poskytnou<\/li>\n<li>p\u0159esn\u00e9 rozm\u011bry pro \u0159emesln\u00edky.<\/li>\n<\/ul>\n<p><strong>Nechte profesion\u00e1ly splnit va\u0161e sny! Objednejte si designov\u00fd projekt pro v\u00e1\u0161 d\u016fm, byt nebo kancel\u00e1\u0159 je\u0161t\u011b dnes a u\u017eijte si pohodl\u00ed a estetiku ka\u017ed\u00fd den!<\/strong><\/p>\n<p><a href=\"https:\/\/asart.com.ua\/wp-content\/uploads\/2019\/02\/Interer-kuhni-studii-2-1-2watermark-.jpg\"><img loading=\"lazy\" decoding=\"async\" class=\"aligncenter size-full wp-image-6939 colorbox-18096\" src=\"https:\/\/asart.com.ua\/wp-content\/uploads\/2019\/02\/Interer-kuhni-studii-2-1-2watermark-.jpg\" alt=\"\" width=\"1000\" height=\"667\" srcset=\"https:\/\/asart.com.ua\/wp-content\/uploads\/2019\/02\/Interer-kuhni-studii-2-1-2watermark-.jpg 1000w, https:\/\/asart.com.ua\/wp-content\/uploads\/2019\/02\/Interer-kuhni-studii-2-1-2watermark--300x200.jpg 300w, https:\/\/asart.com.ua\/wp-content\/uploads\/2019\/02\/Interer-kuhni-studii-2-1-2watermark--768x512.jpg 768w, https:\/\/asart.com.ua\/wp-content\/uploads\/2019\/02\/Interer-kuhni-studii-2-1-2watermark--240x160.jpg 240w\" sizes=\"(max-width: 1000px) 100vw, 1000px\" \/><\/a><\/p>\n<p><a href=\"https:\/\/asart.com.ua\/wp-content\/uploads\/2019\/02\/Interer-kuhni-studii-2-1-10watermark-.jpg\"><img loading=\"lazy\" decoding=\"async\" class=\"aligncenter size-full wp-image-6951 colorbox-18096\" src=\"https:\/\/asart.com.ua\/wp-content\/uploads\/2019\/02\/Interer-kuhni-studii-2-1-10watermark-.jpg\" alt=\"\" width=\"1000\" height=\"667\" srcset=\"https:\/\/asart.com.ua\/wp-content\/uploads\/2019\/02\/Interer-kuhni-studii-2-1-10watermark-.jpg 1000w, https:\/\/asart.com.ua\/wp-content\/uploads\/2019\/02\/Interer-kuhni-studii-2-1-10watermark--300x200.jpg 300w, https:\/\/asart.com.ua\/wp-content\/uploads\/2019\/02\/Interer-kuhni-studii-2-1-10watermark--768x512.jpg 768w, https:\/\/asart.com.ua\/wp-content\/uploads\/2019\/02\/Interer-kuhni-studii-2-1-10watermark--240x160.jpg 240w\" sizes=\"(max-width: 1000px) 100vw, 1000px\" \/><\/a><\/p>\n<p><a href=\"https:\/\/asart.com.ua\/wp-content\/uploads\/2019\/02\/Interer-kuhni-studii-2-1-12watermark-.jpg\">\u00a0 <img loading=\"lazy\" decoding=\"async\" class=\"aligncenter size-full wp-image-6961 colorbox-18096\" src=\"https:\/\/asart.com.ua\/wp-content\/uploads\/2019\/02\/Interer-kuhni-studii-2-1-12watermark-.jpg\" alt=\"\" width=\"1000\" height=\"667\" srcset=\"https:\/\/asart.com.ua\/wp-content\/uploads\/2019\/02\/Interer-kuhni-studii-2-1-12watermark-.jpg 1000w, https:\/\/asart.com.ua\/wp-content\/uploads\/2019\/02\/Interer-kuhni-studii-2-1-12watermark--300x200.jpg 300w, https:\/\/asart.com.ua\/wp-content\/uploads\/2019\/02\/Interer-kuhni-studii-2-1-12watermark--768x512.jpg 768w, https:\/\/asart.com.ua\/wp-content\/uploads\/2019\/02\/Interer-kuhni-studii-2-1-12watermark--240x160.jpg 240w\" sizes=\"(max-width: 1000px) 100vw, 1000px\" \/><\/a><\/p>\n<p><a href=\"https:\/\/asart.com.ua\/wp-content\/uploads\/2016\/10\/Altbir-foto-13watermark-.jpg\"><img loading=\"lazy\" decoding=\"async\" class=\"aligncenter size-full wp-image-6892 colorbox-18096\" src=\"https:\/\/asart.com.ua\/wp-content\/uploads\/2016\/10\/Altbir-foto-13watermark-.jpg\" alt=\"\" width=\"1000\" height=\"668\" srcset=\"https:\/\/asart.com.ua\/wp-content\/uploads\/2016\/10\/Altbir-foto-13watermark-.jpg 1000w, https:\/\/asart.com.ua\/wp-content\/uploads\/2016\/10\/Altbir-foto-13watermark--300x200.jpg 300w, https:\/\/asart.com.ua\/wp-content\/uploads\/2016\/10\/Altbir-foto-13watermark--768x513.jpg 768w, https:\/\/asart.com.ua\/wp-content\/uploads\/2016\/10\/Altbir-foto-13watermark--240x160.jpg 240w\" sizes=\"(max-width: 1000px) 100vw, 1000px\" \/><\/a><\/p>\n<p><a href=\"https:\/\/asart.com.ua\/wp-content\/uploads\/2016\/10\/Altbir-foto-12watermark-.jpg\"><img loading=\"lazy\" decoding=\"async\" class=\"aligncenter size-full wp-image-6876 colorbox-18096\" src=\"https:\/\/asart.com.ua\/wp-content\/uploads\/2016\/10\/Altbir-foto-12watermark-.jpg\" alt=\"\" width=\"1000\" height=\"668\" srcset=\"https:\/\/asart.com.ua\/wp-content\/uploads\/2016\/10\/Altbir-foto-12watermark-.jpg 1000w, https:\/\/asart.com.ua\/wp-content\/uploads\/2016\/10\/Altbir-foto-12watermark--300x200.jpg 300w, https:\/\/asart.com.ua\/wp-content\/uploads\/2016\/10\/Altbir-foto-12watermark--768x513.jpg 768w, https:\/\/asart.com.ua\/wp-content\/uploads\/2016\/10\/Altbir-foto-12watermark--240x160.jpg 240w\" sizes=\"(max-width: 1000px) 100vw, 1000px\" \/><\/a><a href=\"https:\/\/asart.com.ua\/wp-content\/uploads\/2018\/11\/Konferentszal-1-7watermark.jpg\"><img loading=\"lazy\" decoding=\"async\" class=\"aligncenter size-full wp-image-6856 colorbox-18096\" src=\"https:\/\/asart.com.ua\/wp-content\/uploads\/2018\/11\/Konferentszal-1-7watermark.jpg\" alt=\"\" width=\"1000\" height=\"667\" srcset=\"https:\/\/asart.com.ua\/wp-content\/uploads\/2018\/11\/Konferentszal-1-7watermark.jpg 1000w, https:\/\/asart.com.ua\/wp-content\/uploads\/2018\/11\/Konferentszal-1-7watermark-300x200.jpg 300w, https:\/\/asart.com.ua\/wp-content\/uploads\/2018\/11\/Konferentszal-1-7watermark-768x512.jpg 768w, https:\/\/asart.com.ua\/wp-content\/uploads\/2018\/11\/Konferentszal-1-7watermark-240x160.jpg 240w\" sizes=\"(max-width: 1000px) 100vw, 1000px\" \/><\/a><img loading=\"lazy\" decoding=\"async\" class=\"aligncenter size-full wp-image-6852 colorbox-18096\" src=\"https:\/\/asart.com.ua\/wp-content\/uploads\/2018\/11\/Konferentszal-1-3watermark.jpg\" alt=\"\" width=\"1000\" height=\"667\" srcset=\"https:\/\/asart.com.ua\/wp-content\/uploads\/2018\/11\/Konferentszal-1-3watermark.jpg 1000w, https:\/\/asart.com.ua\/wp-content\/uploads\/2018\/11\/Konferentszal-1-3watermark-300x200.jpg 300w, https:\/\/asart.com.ua\/wp-content\/uploads\/2018\/11\/Konferentszal-1-3watermark-768x512.jpg 768w, https:\/\/asart.com.ua\/wp-content\/uploads\/2018\/11\/Konferentszal-1-3watermark-240x160.jpg 240w\" sizes=\"(max-width: 1000px) 100vw, 1000px\" \/><\/p>\n<div class=\"flex-shrink-0 flex flex-col relative items-end\">\n<div>\n<div class=\"pt-0\">\n<div class=\"gizmo-bot-avatar flex h-8 w-8 items-center justify-center overflow-hidden rounded-full\">\n<div class=\"relative p-1 rounded-sm flex items-center justify-center bg-token-main-surface-primary text-token-text-primary h-8 w-8\">\u00a0<\/div>\n<\/div>\n<\/div>\n<\/div>\n<\/div>\n<p>Studio &#8220;AS-Design&#8221; provede n\u00e1vrh jak\u00e9koliv slo\u017eitosti a zrealizuje jej pro bytov\u00e9 a ve\u0159ejn\u00e9 prostory za nejlep\u0161\u00ed cenu v Praze a okol\u00ed.<\/p>\n<h3>Objednejte si opravy na z\u00e1klad\u011b designov\u00e9ho projektu od studia AS Design \u2013 a z\u00edskejte v\u00fdsledek, kter\u00fd p\u0159ed\u010d\u00ed va\u0161e o\u010dek\u00e1v\u00e1n\u00ed! Pracujeme rychle, efektivn\u011b a za dostupnou cenu.<\/h3>\n<p><strong>+420774544304<\/strong><\/p>\n<p><strong>+380979307105<\/strong><\/p>\n","protected":false},"excerpt":{"rendered":"<p>Sn\u00edte o stylov\u00e9m, modern\u00edm a \u00fatuln\u00e9m <a class=\"continue_link\" href=\"https:\/\/asart.com.ua\/cs\/dizajn-kvartir\/malenkoy\/\">\u0427\u0438\u0442\u0430\u0442\u044c \u0434\u0430\u043b\u0435\u0435 >><\/a><\/p>\n","protected":false},"author":6,"featured_media":15694,"parent":17992,"menu_order":0,"comment_status":"closed","ping_status":"closed","template":"","meta":{"footnotes":""},"acf":[],"aioseo_notices":[],"_links":{"self":[{"href":"https:\/\/asart.com.ua\/cs\/wp-json\/wp\/v2\/pages\/18096"}],"collection":[{"href":"https:\/\/asart.com.ua\/cs\/wp-json\/wp\/v2\/pages"}],"about":[{"href":"https:\/\/asart.com.ua\/cs\/wp-json\/wp\/v2\/types\/page"}],"author":[{"embeddable":true,"href":"https:\/\/asart.com.ua\/cs\/wp-json\/wp\/v2\/users\/6"}],"replies":[{"embeddable":true,"href":"https:\/\/asart.com.ua\/cs\/wp-json\/wp\/v2\/comments?post=18096"}],"version-history":[{"count":6,"href":"https:\/\/asart.com.ua\/cs\/wp-json\/wp\/v2\/pages\/18096\/revisions"}],"predecessor-version":[{"id":21671,"href":"https:\/\/asart.com.ua\/cs\/wp-json\/wp\/v2\/pages\/18096\/revisions\/21671"}],"up":[{"embeddable":true,"href":"https:\/\/asart.com.ua\/cs\/wp-json\/wp\/v2\/pages\/17992"}],"wp:featuredmedia":[{"embeddable":true,"href":"https:\/\/asart.com.ua\/cs\/wp-json\/wp\/v2\/media\/15694"}],"wp:attachment":[{"href":"https:\/\/asart.com.ua\/cs\/wp-json\/wp\/v2\/media?parent=18096"}],"curies":[{"name":"wp","href":"https:\/\/api.w.org\/{rel}","templated":true}]}}