{"id":18090,"date":"2017-07-31T17:04:30","date_gmt":"2017-07-31T14:04:30","guid":{"rendered":"https:\/\/asart.com.ua\/dizajn-kvartir\/klassicheskom-stile\/"},"modified":"2023-11-24T00:49:42","modified_gmt":"2023-11-23T21:49:42","slug":"klassicheskom-stile","status":"publish","type":"page","link":"https:\/\/asart.com.ua\/cs\/dizajn-kvartir\/klassicheskom-stile\/","title":{"rendered":"Design interi\u00e9ru bytu v klasick\u00e9m stylu"},"content":{"rendered":"<p>Existuje spousta n\u00e1vrh\u016f interi\u00e9r\u016f. Ka\u017ed\u00fd designov\u00fd sm\u011br je kr\u00e1sn\u00fd a jedine\u010dn\u00fd sv\u00fdm vlastn\u00edm zp\u016fsobem a m\u016f\u017ee tak\u00e9 u\u010dinit byt pohodln\u00fdm a \u00fatuln\u00fdm. Ale bohu\u017eel se m\u00f3da rychle m\u011bn\u00ed a design m\u016f\u017ee brzy ztratit sv\u016fj v\u00fdznam. Abyste tomu zabr\u00e1nili, m\u016f\u017eete si objednat vytvo\u0159en\u00ed designov\u00e9ho projektu pro byt v klasick\u00e9m stylu. <strong>Klasika v pr\u016fb\u011bhu let neztratila svou popularitu a relevanci<\/strong> , m\u016f\u017ee vytvo\u0159it m\u00edstnost:<\/p>\n<ul>\n<li> relevantn\u00ed<\/li>\n<li> Kr\u00e1sn\u00e1<\/li>\n<li> harmonick\u00fd<\/li>\n<li> \u00fatuln\u00fd<\/li>\n<li> komfortn\u00ed<\/li>\n<\/ul>\n<p> Tento styl je ukazatelem materi\u00e1ln\u00ed pohody a vynikaj\u00edc\u00ed chuti. Na\u0161e studio se specializuje na tvorbu unik\u00e1tn\u00edho interi\u00e9rov\u00e9ho designu pro byty v klasick\u00e9m stylu.<\/p>\n<p> <a href=\"https:\/\/asart.com.ua\/wp-content\/uploads\/2022\/08\/1-etazh-gostinaya-0.jpg\"><img loading=\"lazy\" decoding=\"async\" class=\"aligncenter size-full wp-image-9477 colorbox-18090\" src=\"https:\/\/asart.com.ua\/wp-content\/uploads\/2022\/08\/1-etazh-gostinaya-0.jpg\" alt=\"\" width=\"1000\" height=\"750\" srcset=\"https:\/\/asart.com.ua\/wp-content\/uploads\/2022\/08\/1-etazh-gostinaya-0.jpg 1000w, https:\/\/asart.com.ua\/wp-content\/uploads\/2022\/08\/1-etazh-gostinaya-0-300x225.jpg 300w, https:\/\/asart.com.ua\/wp-content\/uploads\/2022\/08\/1-etazh-gostinaya-0-768x576.jpg 768w, https:\/\/asart.com.ua\/wp-content\/uploads\/2022\/08\/1-etazh-gostinaya-0-160x120.jpg 160w, https:\/\/asart.com.ua\/wp-content\/uploads\/2022\/08\/1-etazh-gostinaya-0-289x217.jpg 289w\" sizes=\"(max-width: 1000px) 100vw, 1000px\" \/><\/a> <a href=\"https:\/\/asart.com.ua\/wp-content\/uploads\/2022\/08\/vanna-hozyajskaya-2-etazh-2-1-variant-.jpg\"><img loading=\"lazy\" decoding=\"async\" class=\"aligncenter size-full wp-image-9507 colorbox-18090\" src=\"https:\/\/asart.com.ua\/wp-content\/uploads\/2022\/08\/vanna-hozyajskaya-2-etazh-2-1-variant-.jpg\" alt=\"\" width=\"1000\" height=\"750\" srcset=\"https:\/\/asart.com.ua\/wp-content\/uploads\/2022\/08\/vanna-hozyajskaya-2-etazh-2-1-variant-.jpg 1000w, https:\/\/asart.com.ua\/wp-content\/uploads\/2022\/08\/vanna-hozyajskaya-2-etazh-2-1-variant--300x225.jpg 300w, https:\/\/asart.com.ua\/wp-content\/uploads\/2022\/08\/vanna-hozyajskaya-2-etazh-2-1-variant--768x576.jpg 768w, https:\/\/asart.com.ua\/wp-content\/uploads\/2022\/08\/vanna-hozyajskaya-2-etazh-2-1-variant--160x120.jpg 160w, https:\/\/asart.com.ua\/wp-content\/uploads\/2022\/08\/vanna-hozyajskaya-2-etazh-2-1-variant--289x217.jpg 289w\" sizes=\"(max-width: 1000px) 100vw, 1000px\" \/><\/a><\/p>\n<p> <a href=\"https:\/\/asart.com.ua\/wp-content\/uploads\/2022\/08\/spalnya-roditelej-2-etazh-st-3.jpg\"><img loading=\"lazy\" decoding=\"async\" class=\"aligncenter size-full wp-image-9563 colorbox-18090\" src=\"https:\/\/asart.com.ua\/wp-content\/uploads\/2022\/08\/spalnya-roditelej-2-etazh-st-3.jpg\" alt=\"\" width=\"1000\" height=\"750\" srcset=\"https:\/\/asart.com.ua\/wp-content\/uploads\/2022\/08\/spalnya-roditelej-2-etazh-st-3.jpg 1000w, https:\/\/asart.com.ua\/wp-content\/uploads\/2022\/08\/spalnya-roditelej-2-etazh-st-3-300x225.jpg 300w, https:\/\/asart.com.ua\/wp-content\/uploads\/2022\/08\/spalnya-roditelej-2-etazh-st-3-768x576.jpg 768w, https:\/\/asart.com.ua\/wp-content\/uploads\/2022\/08\/spalnya-roditelej-2-etazh-st-3-160x120.jpg 160w, https:\/\/asart.com.ua\/wp-content\/uploads\/2022\/08\/spalnya-roditelej-2-etazh-st-3-289x217.jpg 289w\" sizes=\"(max-width: 1000px) 100vw, 1000px\" \/><\/a><\/p>\n<p> <a href=\"https:\/\/asart.com.ua\/wp-content\/uploads\/2022\/08\/spalnya-roditelej-2-etazh-st-1.jpg\"><img loading=\"lazy\" decoding=\"async\" class=\"aligncenter size-full wp-image-9561 colorbox-18090\" src=\"https:\/\/asart.com.ua\/wp-content\/uploads\/2022\/08\/spalnya-roditelej-2-etazh-st-1.jpg\" alt=\"\" width=\"1000\" height=\"750\" srcset=\"https:\/\/asart.com.ua\/wp-content\/uploads\/2022\/08\/spalnya-roditelej-2-etazh-st-1.jpg 1000w, https:\/\/asart.com.ua\/wp-content\/uploads\/2022\/08\/spalnya-roditelej-2-etazh-st-1-300x225.jpg 300w, https:\/\/asart.com.ua\/wp-content\/uploads\/2022\/08\/spalnya-roditelej-2-etazh-st-1-768x576.jpg 768w, https:\/\/asart.com.ua\/wp-content\/uploads\/2022\/08\/spalnya-roditelej-2-etazh-st-1-160x120.jpg 160w, https:\/\/asart.com.ua\/wp-content\/uploads\/2022\/08\/spalnya-roditelej-2-etazh-st-1-289x217.jpg 289w\" sizes=\"(max-width: 1000px) 100vw, 1000px\" \/><\/a> <a href=\"https:\/\/asart.com.ua\/wp-content\/uploads\/2022\/08\/vanna-hozyajskaya-2-etazh-5-1-variant-.jpg\"><img loading=\"lazy\" decoding=\"async\" class=\"aligncenter size-full wp-image-9513 colorbox-18090\" src=\"https:\/\/asart.com.ua\/wp-content\/uploads\/2022\/08\/vanna-hozyajskaya-2-etazh-5-1-variant-.jpg\" alt=\"\" width=\"1000\" height=\"750\" srcset=\"https:\/\/asart.com.ua\/wp-content\/uploads\/2022\/08\/vanna-hozyajskaya-2-etazh-5-1-variant-.jpg 1000w, https:\/\/asart.com.ua\/wp-content\/uploads\/2022\/08\/vanna-hozyajskaya-2-etazh-5-1-variant--300x225.jpg 300w, https:\/\/asart.com.ua\/wp-content\/uploads\/2022\/08\/vanna-hozyajskaya-2-etazh-5-1-variant--768x576.jpg 768w, https:\/\/asart.com.ua\/wp-content\/uploads\/2022\/08\/vanna-hozyajskaya-2-etazh-5-1-variant--160x120.jpg 160w, https:\/\/asart.com.ua\/wp-content\/uploads\/2022\/08\/vanna-hozyajskaya-2-etazh-5-1-variant--289x217.jpg 289w\" sizes=\"(max-width: 1000px) 100vw, 1000px\" \/><\/a><\/p>\n<h2> Pastelov\u00e9 barvy a drah\u00e9 materi\u00e1ly.<\/h2>\n<p> Klasick\u00fd styl lze realizovat v jak\u00e9koli m\u00edstnosti, bez ohledu na jej\u00ed plochu, po\u010det pokoj\u016f, jejich stav a um\u00edst\u011bn\u00ed. Klasick\u00fd styl m\u00e1 \u0159adu charakteristick\u00fdch vlastnost\u00ed, kter\u00e9 jej odli\u0161uj\u00ed od ostatn\u00edch designov\u00fdch trend\u016f. Tyto zahrnuj\u00ed:<\/p>\n<ul>\n<li> pastelov\u00e9 barvy se zlacen\u00edm<\/li>\n<li> p\u0159\u00edtomnost figur\u00edn, obraz\u016f, \u0161tukov\u00fdch li\u0161t, zrcadel<\/li>\n<li> k\u0159i\u0161\u0165\u00e1lov\u00e9 lustry<\/li>\n<li> krb z p\u0159\u00edrodn\u00edch materi\u00e1l\u016f<\/li>\n<\/ul>\n<p> Stejn\u011b jako pou\u017eit\u00ed drah\u00fdch opravn\u00fdch a dokon\u010dovac\u00edch materi\u00e1l\u016f, masivn\u00edho n\u00e1bytku a exkluzivn\u00edch textili\u00ed.<\/p>\n<p> <a href=\"https:\/\/asart.com.ua\/wp-content\/uploads\/2017\/10\/amerikanskaya-klassika-slavyanskaya-40watermark.jpg\"><img loading=\"lazy\" decoding=\"async\" class=\"aligncenter size-full wp-image-8138 colorbox-18090\" src=\"https:\/\/asart.com.ua\/wp-content\/uploads\/2017\/10\/amerikanskaya-klassika-slavyanskaya-40watermark.jpg\" alt=\"\" width=\"1000\" height=\"532\" srcset=\"https:\/\/asart.com.ua\/wp-content\/uploads\/2017\/10\/amerikanskaya-klassika-slavyanskaya-40watermark.jpg 1000w, https:\/\/asart.com.ua\/wp-content\/uploads\/2017\/10\/amerikanskaya-klassika-slavyanskaya-40watermark-300x160.jpg 300w, https:\/\/asart.com.ua\/wp-content\/uploads\/2017\/10\/amerikanskaya-klassika-slavyanskaya-40watermark-768x409.jpg 768w\" sizes=\"(max-width: 1000px) 100vw, 1000px\" \/><\/a><\/p>\n<p> <a href=\"https:\/\/asart.com.ua\/wp-content\/uploads\/2017\/10\/amerikanskaya-klassika-slavyanskaya-37watermark-kopiya.jpg\"><img loading=\"lazy\" decoding=\"async\" class=\"aligncenter size-full wp-image-8132 colorbox-18090\" src=\"https:\/\/asart.com.ua\/wp-content\/uploads\/2017\/10\/amerikanskaya-klassika-slavyanskaya-37watermark-kopiya.jpg\" alt=\"\" width=\"1000\" height=\"730\" srcset=\"https:\/\/asart.com.ua\/wp-content\/uploads\/2017\/10\/amerikanskaya-klassika-slavyanskaya-37watermark-kopiya.jpg 1000w, https:\/\/asart.com.ua\/wp-content\/uploads\/2017\/10\/amerikanskaya-klassika-slavyanskaya-37watermark-kopiya-300x219.jpg 300w, https:\/\/asart.com.ua\/wp-content\/uploads\/2017\/10\/amerikanskaya-klassika-slavyanskaya-37watermark-kopiya-768x561.jpg 768w\" sizes=\"(max-width: 1000px) 100vw, 1000px\" \/><\/a> <a href=\"https:\/\/asart.com.ua\/wp-content\/uploads\/2017\/10\/amerikanskaya-klassika-slavyanskaya-47watermark.jpg\"><img loading=\"lazy\" decoding=\"async\" class=\"aligncenter size-full wp-image-8146 colorbox-18090\" src=\"https:\/\/asart.com.ua\/wp-content\/uploads\/2017\/10\/amerikanskaya-klassika-slavyanskaya-47watermark.jpg\" alt=\"\" width=\"1000\" height=\"556\" srcset=\"https:\/\/asart.com.ua\/wp-content\/uploads\/2017\/10\/amerikanskaya-klassika-slavyanskaya-47watermark.jpg 1000w, https:\/\/asart.com.ua\/wp-content\/uploads\/2017\/10\/amerikanskaya-klassika-slavyanskaya-47watermark-300x167.jpg 300w, https:\/\/asart.com.ua\/wp-content\/uploads\/2017\/10\/amerikanskaya-klassika-slavyanskaya-47watermark-768x427.jpg 768w\" sizes=\"(max-width: 1000px) 100vw, 1000px\" \/><\/a><\/p>\n<h3> Jedine\u010dn\u00e9, exkluzivn\u00ed dopl\u0148ky a dekorace.<\/h3>\n<p> N\u00e1vrh interi\u00e9ru klasick\u00e9ho bytu za\u010d\u00edn\u00e1 prohl\u00eddkou m\u00edstnosti, posouzen\u00edm jej\u00edho stavu a tak\u00e9 zji\u0161t\u011bn\u00edm va\u0161ich p\u0159\u00e1n\u00ed ohledn\u011b klasick\u00e9ho stylu. Pro zdoben\u00ed v\u0161ech m\u00edstnost\u00ed vybere design\u00e9r Asart p\u0159\u00edrodn\u00ed, drah\u00e9 materi\u00e1ly pro opravy a dekorace. Materi\u00e1ly i dekor s dopl\u0148ky by m\u011bly b\u00fdt vybr\u00e1ny v klidn\u00fdch, sv\u011btl\u00fdch, pastelov\u00fdch barv\u00e1ch. P\u0159ednost se d\u00e1v\u00e1 b\u00edl\u00e9, b\u00e9\u017eov\u00e9, kr\u00e9mov\u00e9, p\u00edskov\u00e9, olivov\u00e9 a mnoha dal\u0161\u00edm.<\/p>\n<p> K dekoraci bytu v klasick\u00e9m stylu se pou\u017e\u00edvaj\u00ed dekorativn\u00ed om\u00edtka, \u0161tuky, malby a tkaniny. Mohou b\u00fdt bu\u010f jednobarevn\u00e9, nebo s elegantn\u00edmi decentn\u00edmi vzory. Krom\u011b toho mus\u00ed interi\u00e9rov\u00fd design zahrnovat <em>obrazy, sochy, porcel\u00e1nov\u00e9 figurky, objemov\u00e9 k\u0159i\u0161\u0165\u00e1lov\u00e9 lustry, stejn\u011b jako sv\u00edcny a stojac\u00ed lampy<\/em> . M\u011bli byste si vybrat masivn\u00ed n\u00e1bytek vyroben\u00fd z p\u0159\u00edrodn\u00edho d\u0159eva. Vzhledem k tomu, \u017ee interi\u00e9r je sv\u011btl\u00fd, n\u00e1bytek m\u016f\u017ee b\u00fdt tmav\u00fd.<\/p>\n<p> Klasick\u00fd design vytvo\u0159\u00ed ve va\u0161em byt\u011b jedine\u010dn\u00fd, m\u011bkk\u00fd a \u00fatuln\u00fd interi\u00e9r. V\u0161e v m\u00edstnosti bude harmonicky kombinov\u00e1no a vytvo\u0159\u00ed maxim\u00e1ln\u00ed pohodl\u00ed. Na\u0161e studio navrhne klasick\u00fd byt za nejlep\u0161\u00ed cenu v Charkov\u011b.<\/p>\n","protected":false},"excerpt":{"rendered":"<p>Existuje spousta n\u00e1vrh\u016f interi\u00e9r\u016f. Ka\u017ed\u00fd designov\u00fd <a class=\"continue_link\" href=\"https:\/\/asart.com.ua\/cs\/dizajn-kvartir\/klassicheskom-stile\/\">\u0427\u0438\u0442\u0430\u0442\u044c \u0434\u0430\u043b\u0435\u0435 >><\/a><\/p>\n","protected":false},"author":6,"featured_media":0,"parent":17992,"menu_order":0,"comment_status":"closed","ping_status":"closed","template":"","meta":{"footnotes":""},"acf":[],"aioseo_notices":[],"_links":{"self":[{"href":"https:\/\/asart.com.ua\/cs\/wp-json\/wp\/v2\/pages\/18090"}],"collection":[{"href":"https:\/\/asart.com.ua\/cs\/wp-json\/wp\/v2\/pages"}],"about":[{"href":"https:\/\/asart.com.ua\/cs\/wp-json\/wp\/v2\/types\/page"}],"author":[{"embeddable":true,"href":"https:\/\/asart.com.ua\/cs\/wp-json\/wp\/v2\/users\/6"}],"replies":[{"embeddable":true,"href":"https:\/\/asart.com.ua\/cs\/wp-json\/wp\/v2\/comments?post=18090"}],"version-history":[{"count":1,"href":"https:\/\/asart.com.ua\/cs\/wp-json\/wp\/v2\/pages\/18090\/revisions"}],"predecessor-version":[{"id":18093,"href":"https:\/\/asart.com.ua\/cs\/wp-json\/wp\/v2\/pages\/18090\/revisions\/18093"}],"up":[{"embeddable":true,"href":"https:\/\/asart.com.ua\/cs\/wp-json\/wp\/v2\/pages\/17992"}],"wp:attachment":[{"href":"https:\/\/asart.com.ua\/cs\/wp-json\/wp\/v2\/media?parent=18090"}],"curies":[{"name":"wp","href":"https:\/\/api.w.org\/{rel}","templated":true}]}}