{"id":18084,"date":"2016-04-27T19:45:47","date_gmt":"2016-04-27T16:45:47","guid":{"rendered":"https:\/\/asart.com.ua\/dizajn-kvartir\/studiya\/"},"modified":"2025-11-06T14:47:16","modified_gmt":"2025-11-06T11:47:16","slug":"studiya","status":"publish","type":"page","link":"https:\/\/asart.com.ua\/cs\/dizajn-kvartir\/studiya\/","title":{"rendered":"N\u00e1vrh interi\u00e9ru studiov\u00fdch byt\u016f"},"content":{"rendered":"<p>Studiov\u00e9 apartm\u00e1ny jsou na Ukrajin\u011b v posledn\u00edch letech obzvl\u00e1\u0161t\u011b \u017e\u00e1dan\u00e9, proto\u017ee jsou pova\u017eov\u00e1ny za:<\/p>\n<ul>\n<li>p\u0159\u00edstupn\u00fd<\/li>\n<li>pohodln\u00e9 bydlen\u00ed.<\/li>\n<\/ul>\n<p>M\u016f\u017eete si ji po\u0159\u00eddit jako hotovou garsonku, nebo tak\u00e9 m\u016f\u017eete sv\u016fj mal\u00fd prostor prom\u011bnit ve funk\u010dn\u011bj\u0161\u00ed a prakti\u010dt\u011bj\u0161\u00ed garsonku. S t\u00edm v\u00e1m pomohou vysoce kvalifikovan\u00ed specialist\u00e9 AS-Design, kte\u0159\u00ed vyv\u00edjej\u00ed profesion\u00e1ln\u00ed n\u00e1vrhy interi\u00e9r\u016f bez ohledu na slo\u017eitost zak\u00e1zky.<\/p>\n<p><a href=\"https:\/\/asart.com.ua\/wp-content\/uploads\/2025\/11\/2-kvartira-gostinaya-24watermark.jpg\"><img loading=\"lazy\" decoding=\"async\" class=\"aligncenter size-full wp-image-22152 colorbox-18084\" src=\"https:\/\/asart.com.ua\/wp-content\/uploads\/2025\/11\/2-kvartira-gostinaya-24watermark.jpg\" alt=\"\" width=\"1200\" height=\"675\" srcset=\"https:\/\/asart.com.ua\/wp-content\/uploads\/2025\/11\/2-kvartira-gostinaya-24watermark.jpg 1200w, https:\/\/asart.com.ua\/wp-content\/uploads\/2025\/11\/2-kvartira-gostinaya-24watermark-300x169.jpg 300w, https:\/\/asart.com.ua\/wp-content\/uploads\/2025\/11\/2-kvartira-gostinaya-24watermark-768x432.jpg 768w\" sizes=\"(max-width: 1200px) 100vw, 1200px\" \/><\/a><a href=\"https:\/\/asart.com.ua\/wp-content\/uploads\/2025\/11\/2-kvartira-gostinaya-17watermark.jpg\"><img loading=\"lazy\" decoding=\"async\" class=\"aligncenter size-full wp-image-22128 colorbox-18084\" src=\"https:\/\/asart.com.ua\/wp-content\/uploads\/2025\/11\/2-kvartira-gostinaya-17watermark.jpg\" alt=\"\" width=\"1200\" height=\"675\" srcset=\"https:\/\/asart.com.ua\/wp-content\/uploads\/2025\/11\/2-kvartira-gostinaya-17watermark.jpg 1200w, https:\/\/asart.com.ua\/wp-content\/uploads\/2025\/11\/2-kvartira-gostinaya-17watermark-300x169.jpg 300w, https:\/\/asart.com.ua\/wp-content\/uploads\/2025\/11\/2-kvartira-gostinaya-17watermark-768x432.jpg 768w\" sizes=\"(max-width: 1200px) 100vw, 1200px\" \/><\/a><\/p>\n<p><a href=\"https:\/\/asart.com.ua\/wp-content\/uploads\/2025\/11\/2-kvartira-gostinaya-19watermark.jpg\"><img loading=\"lazy\" decoding=\"async\" class=\"aligncenter size-full wp-image-22136 colorbox-18084\" src=\"https:\/\/asart.com.ua\/wp-content\/uploads\/2025\/11\/2-kvartira-gostinaya-19watermark.jpg\" alt=\"\" width=\"1200\" height=\"675\" srcset=\"https:\/\/asart.com.ua\/wp-content\/uploads\/2025\/11\/2-kvartira-gostinaya-19watermark.jpg 1200w, https:\/\/asart.com.ua\/wp-content\/uploads\/2025\/11\/2-kvartira-gostinaya-19watermark-300x169.jpg 300w, https:\/\/asart.com.ua\/wp-content\/uploads\/2025\/11\/2-kvartira-gostinaya-19watermark-768x432.jpg 768w\" sizes=\"(max-width: 1200px) 100vw, 1200px\" \/><\/a><a href=\"https:\/\/asart.com.ua\/wp-content\/uploads\/2025\/11\/2-kvartira-gostinaya-20watermark.jpg\"><img loading=\"lazy\" decoding=\"async\" class=\"aligncenter size-full wp-image-22140 colorbox-18084\" src=\"https:\/\/asart.com.ua\/wp-content\/uploads\/2025\/11\/2-kvartira-gostinaya-20watermark.jpg\" alt=\"\" width=\"1200\" height=\"675\" srcset=\"https:\/\/asart.com.ua\/wp-content\/uploads\/2025\/11\/2-kvartira-gostinaya-20watermark.jpg 1200w, https:\/\/asart.com.ua\/wp-content\/uploads\/2025\/11\/2-kvartira-gostinaya-20watermark-300x169.jpg 300w, https:\/\/asart.com.ua\/wp-content\/uploads\/2025\/11\/2-kvartira-gostinaya-20watermark-768x432.jpg 768w\" sizes=\"(max-width: 1200px) 100vw, 1200px\" \/><\/a><\/p>\n<h2>Vytvo\u0159me prostor s r\u016fzn\u00fdmi funk\u010dn\u00edmi oblastmi.<\/h2>\n<p>Studio je mal\u00fd pokoj, obvykle se skl\u00e1d\u00e1 z kuchyn\u011b, hlavn\u00ed m\u00edstnosti a koupelny. K z\u00f3nov\u00e1n\u00ed takov\u00e9ho prostoru a zv\u00fdrazn\u011bn\u00ed lo\u017enice a ob\u00fdvac\u00edho pokoje v n\u011bm se pou\u017e\u00edvaj\u00ed r\u016fzn\u00e9 p\u0159\u00ed\u010dky, oblouky, obrazovky, z\u00e1v\u011bsy a n\u00e1bytek.<\/p>\n<p>Bez z\u00f3nov\u00e1n\u00ed ve studiov\u00e9m byt\u011b nebudete moci dos\u00e1hnout pohodl\u00ed a pohodl\u00ed. Specialist\u00e9 AS-Design s vyu\u017eit\u00edm vyvinut\u00e9ho designu interi\u00e9ru <strong>provedou kompetentn\u00ed z\u00f3nov\u00e1n\u00ed va\u0161eho pokoje, d\u00edky kter\u00e9mu se jedna m\u00edstnost m\u016f\u017ee prom\u011bnit v j\u00eddelnu, lo\u017enici, ob\u00fdvac\u00ed pokoj<\/strong> . Pokud se rozhodnete pro p\u0159estavbu za \u00fa\u010delem roz\u0161\u00ed\u0159en\u00ed va\u0161eho st\u00e1vaj\u00edc\u00edho bydlen\u00ed, na\u0161i projektanti v\u00e1m s t\u00edm pomohou rychle a spr\u00e1vn\u011b.<\/p>\n<p>P\u0159ed zah\u00e1jen\u00edm jak\u00fdchkoliv stavebn\u00edch a rekonstruk\u010dn\u00edch prac\u00ed je vypracov\u00e1n projekt interi\u00e9ru garsonky. N\u00e1vrh\u00e1\u0159 p\u0159ij\u00ed\u017ed\u00ed na m\u00edsto kdekoli v Kyjev\u011b, Charkov\u011b, Dn\u011bpropetrovsku, aby se sezn\u00e1mil s prostorem a jeho uspo\u0159\u00e1d\u00e1n\u00edm. M\u016f\u017eeme v\u00e1m nab\u00eddnout na\u0161e n\u00e1pady a styly, stejn\u011b jako o\u017eivit ty va\u0161e.<\/p>\n<p>Kdy\u017e je projekt interi\u00e9ru hotov\u00fd, za\u010dneme jej realizovat. Jak ji\u017e bylo zm\u00edn\u011bno, d\u016fle\u017eit\u00fdm bodem je z\u00f3nov\u00e1n\u00ed studiov\u00e9ho bytu. Pro zv\u00fdrazn\u011bn\u00ed <em>nejz\u00e1kladn\u011bj\u0161\u00edch oblast\u00ed pro pohodln\u00e9 bydlen\u00ed \u010dlov\u011bka: kuchyn\u011b, lo\u017enice, ob\u00fdvac\u00ed pokoj<\/em> . Krom\u011b r\u016fzn\u00fdch dekorativn\u00edch p\u0159\u00ed\u010dek to lze prov\u00e9st pomoc\u00ed kus\u016f n\u00e1bytku. Je v\u0161ak t\u0159eba si uv\u011bdomit, \u017ee v\u0161echny sou\u010d\u00e1sti interi\u00e9ru by nem\u011bly zasahovat do pohybu po m\u00edstnosti.<\/p>\n<h3>Jedine\u010dn\u00fd p\u0159\u00edstup ke ka\u017ed\u00e9mu klientovi.<\/h3>\n<p>Design studiov\u00e9ho bytu lze vyvinout v jak\u00e9mkoli stylu. Klienti z Dn\u011bpropetrovska, Charkova, Kyjeva si velmi \u010dasto vyb\u00edraj\u00ed styl zvan\u00fd minimalismus, kter\u00fd umo\u017e\u0148uje vytv\u00e1\u0159et v m\u00edstnosti:<\/p>\n<ul>\n<li>kr\u00e1sa<\/li>\n<li>\u00fatulnost<\/li>\n<li>pohodl\u00ed<\/li>\n<\/ul>\n<p>Pokud jde o barevn\u00e9 sch\u00e9ma, je nejlep\u0161\u00ed pou\u017e\u00edt sv\u011btl\u00e9 barvy. Pomohou vizu\u00e1ln\u011b roz\u0161\u00ed\u0159it prostor.<\/p>\n<p>&#8220;AS-Design&#8221; pro v\u00e1s vyvine design interi\u00e9ru garsonky za nejlep\u0161\u00ed cenu na Ukrajin\u011b. Ve\u0161ker\u00e9 projek\u010dn\u00ed pr\u00e1ce prov\u00e1d\u00edme kvalitn\u011b a v\u010das.<\/p>\n","protected":false},"excerpt":{"rendered":"<p>Studiov\u00e9 apartm\u00e1ny jsou na Ukrajin\u011b v <a class=\"continue_link\" href=\"https:\/\/asart.com.ua\/cs\/dizajn-kvartir\/studiya\/\">\u0427\u0438\u0442\u0430\u0442\u044c \u0434\u0430\u043b\u0435\u0435 >><\/a><\/p>\n","protected":false},"author":6,"featured_media":0,"parent":17992,"menu_order":0,"comment_status":"closed","ping_status":"closed","template":"","meta":{"footnotes":""},"acf":[],"aioseo_notices":[],"_links":{"self":[{"href":"https:\/\/asart.com.ua\/cs\/wp-json\/wp\/v2\/pages\/18084"}],"collection":[{"href":"https:\/\/asart.com.ua\/cs\/wp-json\/wp\/v2\/pages"}],"about":[{"href":"https:\/\/asart.com.ua\/cs\/wp-json\/wp\/v2\/types\/page"}],"author":[{"embeddable":true,"href":"https:\/\/asart.com.ua\/cs\/wp-json\/wp\/v2\/users\/6"}],"replies":[{"embeddable":true,"href":"https:\/\/asart.com.ua\/cs\/wp-json\/wp\/v2\/comments?post=18084"}],"version-history":[{"count":3,"href":"https:\/\/asart.com.ua\/cs\/wp-json\/wp\/v2\/pages\/18084\/revisions"}],"predecessor-version":[{"id":22246,"href":"https:\/\/asart.com.ua\/cs\/wp-json\/wp\/v2\/pages\/18084\/revisions\/22246"}],"up":[{"embeddable":true,"href":"https:\/\/asart.com.ua\/cs\/wp-json\/wp\/v2\/pages\/17992"}],"wp:attachment":[{"href":"https:\/\/asart.com.ua\/cs\/wp-json\/wp\/v2\/media?parent=18084"}],"curies":[{"name":"wp","href":"https:\/\/api.w.org\/{rel}","templated":true}]}}