{"id":18078,"date":"2016-07-05T17:43:10","date_gmt":"2016-07-05T14:43:10","guid":{"rendered":"https:\/\/asart.com.ua\/dizajn-kvartir\/nedorogo\/"},"modified":"2024-08-19T17:16:55","modified_gmt":"2024-08-19T14:16:55","slug":"nedorogo","status":"publish","type":"page","link":"https:\/\/asart.com.ua\/cs\/dizajn-kvartir\/nedorogo\/","title":{"rendered":"Stylov\u00fd design interi\u00e9ru bytu"},"content":{"rendered":"<p>Pokud se rozhodnete objednat si levn\u00fd design interi\u00e9ru bytu, m\u011bli byste si uv\u011bdomit, \u017ee levn\u00e9 designov\u00e9 slu\u017eby v\u00e1m ne v\u017edy p\u0159inesou o\u010dek\u00e1van\u00fd v\u00fdsledek. Vzhledem k tomu, \u017ee na trhu designov\u00fdch slu\u017eeb existuje mnoho spole\u010dnost\u00ed, kter\u00e9 nab\u00edzej\u00ed svou pr\u00e1ci za n\u00edzkou cenu. Jejich \u00farove\u0148 a profesionalita by m\u011bla b\u00fdt prov\u011b\u0159ena.<\/p>\n<p>&nbsp;<\/p>\n<p><a href=\"https:\/\/asart.com.ua\/wp-content\/uploads\/2022\/08\/dizajn-kvartiry-zhk-sokolniki-53watermark.jpg\"><img loading=\"lazy\" decoding=\"async\" class=\"aligncenter size-full wp-image-9695 colorbox-18078\" src=\"https:\/\/asart.com.ua\/wp-content\/uploads\/2022\/08\/dizajn-kvartiry-zhk-sokolniki-53watermark.jpg\" alt=\"\" width=\"1000\" height=\"564\" srcset=\"https:\/\/asart.com.ua\/wp-content\/uploads\/2022\/08\/dizajn-kvartiry-zhk-sokolniki-53watermark.jpg 1000w, https:\/\/asart.com.ua\/wp-content\/uploads\/2022\/08\/dizajn-kvartiry-zhk-sokolniki-53watermark-300x169.jpg 300w, https:\/\/asart.com.ua\/wp-content\/uploads\/2022\/08\/dizajn-kvartiry-zhk-sokolniki-53watermark-768x433.jpg 768w\" sizes=\"(max-width: 1000px) 100vw, 1000px\" \/><\/a><\/p>\n<p><a href=\"https:\/\/asart.com.ua\/wp-content\/uploads\/2022\/08\/dizajn-kvartiry-zhk-sokolniki-50watermark.jpg\"><img loading=\"lazy\" decoding=\"async\" class=\"aligncenter size-full wp-image-9691 colorbox-18078\" src=\"https:\/\/asart.com.ua\/wp-content\/uploads\/2022\/08\/dizajn-kvartiry-zhk-sokolniki-50watermark.jpg\" alt=\"\" width=\"1000\" height=\"564\" srcset=\"https:\/\/asart.com.ua\/wp-content\/uploads\/2022\/08\/dizajn-kvartiry-zhk-sokolniki-50watermark.jpg 1000w, https:\/\/asart.com.ua\/wp-content\/uploads\/2022\/08\/dizajn-kvartiry-zhk-sokolniki-50watermark-300x169.jpg 300w, https:\/\/asart.com.ua\/wp-content\/uploads\/2022\/08\/dizajn-kvartiry-zhk-sokolniki-50watermark-768x433.jpg 768w\" sizes=\"(max-width: 1000px) 100vw, 1000px\" \/><\/a><a href=\"https:\/\/asart.com.ua\/wp-content\/uploads\/2018\/02\/dizajn-interera-kvartiry-v-sovremennom-stile-48watermark--1024x606.jpg\"><img loading=\"lazy\" decoding=\"async\" class=\"aligncenter size-large wp-image-19709 colorbox-18078\" src=\"https:\/\/asart.com.ua\/wp-content\/uploads\/2018\/02\/dizajn-interera-kvartiry-v-sovremennom-stile-48watermark--1024x606.jpg\" alt=\"\" width=\"1024\" height=\"606\" srcset=\"https:\/\/asart.com.ua\/wp-content\/uploads\/2018\/02\/dizajn-interera-kvartiry-v-sovremennom-stile-48watermark--1024x606.jpg 1024w, https:\/\/asart.com.ua\/wp-content\/uploads\/2018\/02\/dizajn-interera-kvartiry-v-sovremennom-stile-48watermark--300x178.jpg 300w, https:\/\/asart.com.ua\/wp-content\/uploads\/2018\/02\/dizajn-interera-kvartiry-v-sovremennom-stile-48watermark--768x454.jpg 768w, https:\/\/asart.com.ua\/wp-content\/uploads\/2018\/02\/dizajn-interera-kvartiry-v-sovremennom-stile-48watermark-.jpg 1080w\" sizes=\"(max-width: 1024px) 100vw, 1024px\" \/><\/a><img loading=\"lazy\" decoding=\"async\" class=\"aligncenter size-full wp-image-5469 colorbox-18078\" src=\"https:\/\/asart.com.ua\/wp-content\/uploads\/2017\/01\/Interer-spalni-12watermark.jpg\" alt=\"\" width=\"1000\" height=\"694\" srcset=\"https:\/\/asart.com.ua\/wp-content\/uploads\/2017\/01\/Interer-spalni-12watermark.jpg 1000w, https:\/\/asart.com.ua\/wp-content\/uploads\/2017\/01\/Interer-spalni-12watermark-300x208.jpg 300w, https:\/\/asart.com.ua\/wp-content\/uploads\/2017\/01\/Interer-spalni-12watermark-768x533.jpg 768w\" sizes=\"(max-width: 1000px) 100vw, 1000px\" \/><a href=\"https:\/\/asart.com.ua\/wp-content\/uploads\/2017\/01\/Interer-spalni-8watermark.jpg\"><img loading=\"lazy\" decoding=\"async\" class=\"aligncenter size-full wp-image-5479 colorbox-18078\" src=\"https:\/\/asart.com.ua\/wp-content\/uploads\/2017\/01\/Interer-spalni-8watermark.jpg\" alt=\"\" width=\"1000\" height=\"657\" srcset=\"https:\/\/asart.com.ua\/wp-content\/uploads\/2017\/01\/Interer-spalni-8watermark.jpg 1000w, https:\/\/asart.com.ua\/wp-content\/uploads\/2017\/01\/Interer-spalni-8watermark-300x197.jpg 300w, https:\/\/asart.com.ua\/wp-content\/uploads\/2017\/01\/Interer-spalni-8watermark-768x505.jpg 768w\" sizes=\"(max-width: 1000px) 100vw, 1000px\" \/><\/a><\/p>\n<p>&nbsp;<\/p>\n<p>&nbsp;<\/p>\n<p>&nbsp;<\/p>\n<h2>Dostupn\u00e9 projek\u010dn\u00ed pr\u00e1ce.<\/h2>\n<p>Na\u0161e studio vytv\u00e1\u0159\u00ed:<\/p>\n<ul>\n<li>unik\u00e1tn\u00ed<\/li>\n<li>unik\u00e1tn\u00ed<\/li>\n<li>neuv\u011b\u0159iteln\u00fd<\/li>\n<\/ul>\n<p>design interi\u00e9ru bytu. O na\u0161\u00ed vysok\u00e9 \u00farovni sv\u011bd\u010d\u00ed recenze od spokojen\u00fdch klient\u016f zve\u0159ejn\u011bn\u00e9 na webov\u00fdch str\u00e1nk\u00e1ch spole\u010dnosti i uk\u00e1zky realizovan\u00fdch prac\u00ed. Ka\u017ed\u00fd potenci\u00e1ln\u00ed klient si je m\u016f\u017ee prohl\u00e9dnout a zjistit, \u017ee ve\u0161ker\u00e9 projek\u010dn\u00ed pr\u00e1ce prov\u00e1d\u00edme my:<\/p>\n<ul>\n<li>kvalitativn\u011b<\/li>\n<li>profesion\u00e1ln\u011b<\/li>\n<li>levn\u00fd<\/li>\n<li>v dohodnut\u00e9m term\u00ednu<\/li>\n<\/ul>\n<p>Za \u00fa\u010delem vypracov\u00e1n\u00ed n\u00e1vrhu interi\u00e9ru se design\u00e9r studia setk\u00e1 se z\u00e1kazn\u00edkem v byt\u011b v Charkov\u011b, kde bude pr\u00e1ce provedena. K tomu <strong>je nutn\u00e9 se s prostorem sezn\u00e1mit, posoudit jeho stav, dispozice a tak\u00e9 zjistit, co klient chce a kolik o\u010dek\u00e1v\u00e1<\/strong> . B\u011bhem sch\u016fzky je nutn\u00e9 zvolit styl, ve kter\u00e9m budou prov\u00e1d\u011bny dokon\u010dovac\u00ed a projek\u010dn\u00ed pr\u00e1ce, a tak\u00e9 rozhodnout o barevn\u00e9m sch\u00e9matu.<\/p>\n<p>Byt lze vyrobit v jednom stylu nebo ve v\u00edce, to plat\u00ed i pro barvy. Pokud si vyberete dva nebo v\u00edce styl\u016f, n\u00e1\u0161 n\u00e1vrh\u00e1\u0159 je kompetentn\u011b zkombinuje tak, aby harmonicky a hladce plynuly do sebe a vypadaly proti obecn\u00e9mu pozad\u00ed. Navzdory tomu, \u017ee vytv\u00e1\u0159\u00edme interi\u00e9rov\u00fd design levn\u011b, p\u0159i v\u00fdvoji projektu v\u00e1m pom\u016f\u017eeme vybrat vysoce kvalitn\u00ed stavebn\u00ed a dokon\u010dovac\u00ed materi\u00e1ly. Kter\u00e1 v\u00e1m bude slou\u017eit mnoho let a z\u00e1rove\u0148 nezp\u016fsob\u00ed v\u00fdrazn\u00e9 \u0161kody v rodinn\u00e9m rozpo\u010dtu.<\/p>\n<h3>Profesion\u00e1ln\u011b a za p\u0159ijatelnou cenu.<\/h3>\n<p>Sou\u010d\u00e1st\u00ed projektu bude i n\u00e1bytek, s jeho\u017e v\u00fdb\u011brem V\u00e1m pom\u016f\u017ee n\u00e1\u0161 design\u00e9r. A tak\u00e9 odborn\u011b um\u00edstit do v\u0161ech m\u00edstnost\u00ed v byt\u011b. Interi\u00e9rov\u00fd design od na\u0161\u00ed spole\u010dnosti pom\u016f\u017ee ud\u011blat v\u00e1\u0161 domov modern\u00ed a \u00fatuln\u00fd. S pomoc\u00ed levn\u00fdch designov\u00fdch slu\u017eeb <em>m\u016f\u017eete sv\u016fj byt ud\u011blat kr\u00e1sn\u00fdm, funk\u010dn\u00edm a pohodln\u011bj\u0161\u00edm pro bydlen\u00ed<\/em> .<\/p>\n<p><a href=\"https:\/\/asart.com.ua\/wp-content\/uploads\/2023\/07\/56-f-14watermark.jpg\"><img loading=\"lazy\" decoding=\"async\" class=\"aligncenter size-full wp-image-10099 colorbox-18078\" src=\"https:\/\/asart.com.ua\/wp-content\/uploads\/2023\/07\/56-f-14watermark.jpg\" alt=\"\" width=\"1100\" height=\"619\" \/><\/a> <a href=\"https:\/\/asart.com.ua\/wp-content\/uploads\/2023\/07\/56-f-11watermark.jpg\"><img loading=\"lazy\" decoding=\"async\" class=\"aligncenter size-full wp-image-10095 colorbox-18078\" src=\"https:\/\/asart.com.ua\/wp-content\/uploads\/2023\/07\/56-f-11watermark.jpg\" alt=\"\" width=\"1100\" height=\"619\" srcset=\"https:\/\/asart.com.ua\/wp-content\/uploads\/2023\/07\/56-f-11watermark.jpg 1100w, https:\/\/asart.com.ua\/wp-content\/uploads\/2023\/07\/56-f-11watermark-300x169.jpg 300w, https:\/\/asart.com.ua\/wp-content\/uploads\/2023\/07\/56-f-11watermark-1024x576.jpg 1024w, https:\/\/asart.com.ua\/wp-content\/uploads\/2023\/07\/56-f-11watermark-768x432.jpg 768w\" sizes=\"(max-width: 1100px) 100vw, 1100px\" \/><\/a><\/p>\n<p>Na\u0161e studio nab\u00edz\u00ed slu\u017eby modern\u00edch 3D vizualizac\u00ed. Tato slu\u017eba je obl\u00edben\u00e1 zejm\u00e9na mezi na\u0161imi klienty z Charkova. S jeho pomoc\u00ed m\u016f\u017eete nahl\u00e9dnout do budouc\u00edho designu interi\u00e9ru a op\u011bt se p\u0159esv\u011bd\u010dit, \u017ee v\u0161e d\u011bl\u00e1me levn\u011b, ale profesion\u00e1ln\u011b a kvalitn\u011b.<\/p>\n<p>Na\u0161e spole\u010dnost v\u00e1m vytvo\u0159\u00ed bytov\u00fd design za p\u0159ijatelnou cenu. Cenu na\u0161ich slu\u017eeb zjist\u00edte na telefonn\u00edm \u010d\u00edsle:<\/p>\n<ul>\n<li style=\"text-align: center;\">097 930 71 05<\/li>\n<li style=\"text-align: center;\">093 664 75 36<\/li>\n<\/ul>\n","protected":false},"excerpt":{"rendered":"<p>Pokud se rozhodnete objednat si levn\u00fd <a class=\"continue_link\" href=\"https:\/\/asart.com.ua\/cs\/dizajn-kvartir\/nedorogo\/\">\u0427\u0438\u0442\u0430\u0442\u044c \u0434\u0430\u043b\u0435\u0435 >><\/a><\/p>\n","protected":false},"author":6,"featured_media":0,"parent":17992,"menu_order":0,"comment_status":"closed","ping_status":"closed","template":"","meta":{"footnotes":""},"acf":[],"aioseo_notices":[],"_links":{"self":[{"href":"https:\/\/asart.com.ua\/cs\/wp-json\/wp\/v2\/pages\/18078"}],"collection":[{"href":"https:\/\/asart.com.ua\/cs\/wp-json\/wp\/v2\/pages"}],"about":[{"href":"https:\/\/asart.com.ua\/cs\/wp-json\/wp\/v2\/types\/page"}],"author":[{"embeddable":true,"href":"https:\/\/asart.com.ua\/cs\/wp-json\/wp\/v2\/users\/6"}],"replies":[{"embeddable":true,"href":"https:\/\/asart.com.ua\/cs\/wp-json\/wp\/v2\/comments?post=18078"}],"version-history":[{"count":2,"href":"https:\/\/asart.com.ua\/cs\/wp-json\/wp\/v2\/pages\/18078\/revisions"}],"predecessor-version":[{"id":20118,"href":"https:\/\/asart.com.ua\/cs\/wp-json\/wp\/v2\/pages\/18078\/revisions\/20118"}],"up":[{"embeddable":true,"href":"https:\/\/asart.com.ua\/cs\/wp-json\/wp\/v2\/pages\/17992"}],"wp:attachment":[{"href":"https:\/\/asart.com.ua\/cs\/wp-json\/wp\/v2\/media?parent=18078"}],"curies":[{"name":"wp","href":"https:\/\/api.w.org\/{rel}","templated":true}]}}