{"id":18072,"date":"2016-05-10T13:43:57","date_gmt":"2016-05-10T10:43:57","guid":{"rendered":"https:\/\/asart.com.ua\/dizajn-kvartir\/dizajn-interera-kiev\/"},"modified":"2025-03-12T17:13:07","modified_gmt":"2025-03-12T14:13:07","slug":"dizajn-interera-kiev","status":"publish","type":"page","link":"https:\/\/asart.com.ua\/cs\/dizajn-kvartir\/dizajn-interera-kiev\/","title":{"rendered":"N\u00e1vrh interi\u00e9ru byt\u016f v Kyjev\u011b"},"content":{"rendered":"<p>Vytvo\u0159en\u00ed n\u00e1vrhu interi\u00e9ru je slo\u017eit\u00fd a zodpov\u011bdn\u00fd proces, kter\u00fd vy\u017eaduje speci\u00e1ln\u00ed znalosti a zku\u0161enosti. Tak\u00e9 v\u00e1\u0161 pohodln\u00fd a \u00fatuln\u00fd pobyt v byt\u011b z\u00e1vis\u00ed na spr\u00e1vn\u011b vytvo\u0159en\u00e9m projektu. Na\u0161e studio ji\u017e \u0159adu let nab\u00edz\u00ed celou \u0161k\u00e1lu designov\u00fdch slu\u017eeb. Ve\u0161ker\u00e9 pr\u00e1ce prov\u00e1d\u00edme na:<\/p>\n<ul>\n<li>vysok\u00e1 \u00farove\u0148<\/li>\n<li>za p\u0159ijatelnou cenu<\/li>\n<\/ul>\n<p>&nbsp;<\/p>\n<p><a href=\"https:\/\/asart.com.ua\/wp-content\/uploads\/2022\/08\/dizajn-kvartiry-zhk-sokolniki-55watermark.jpg\"><img loading=\"lazy\" decoding=\"async\" class=\"aligncenter size-full wp-image-9699 colorbox-18072\" src=\"https:\/\/asart.com.ua\/wp-content\/uploads\/2022\/08\/dizajn-kvartiry-zhk-sokolniki-55watermark.jpg\" alt=\"\" width=\"1000\" height=\"581\" srcset=\"https:\/\/asart.com.ua\/wp-content\/uploads\/2022\/08\/dizajn-kvartiry-zhk-sokolniki-55watermark.jpg 1000w, https:\/\/asart.com.ua\/wp-content\/uploads\/2022\/08\/dizajn-kvartiry-zhk-sokolniki-55watermark-300x174.jpg 300w, https:\/\/asart.com.ua\/wp-content\/uploads\/2022\/08\/dizajn-kvartiry-zhk-sokolniki-55watermark-768x446.jpg 768w\" sizes=\"(max-width: 1000px) 100vw, 1000px\" \/><\/a><\/p>\n<p><a href=\"https:\/\/asart.com.ua\/wp-content\/uploads\/2022\/08\/dizajn-kvartiry-zhk-sokolniki-48watermark.jpg\"><img loading=\"lazy\" decoding=\"async\" class=\"aligncenter size-full wp-image-9687 colorbox-18072\" src=\"https:\/\/asart.com.ua\/wp-content\/uploads\/2022\/08\/dizajn-kvartiry-zhk-sokolniki-48watermark.jpg\" alt=\"\" width=\"1000\" height=\"563\" srcset=\"https:\/\/asart.com.ua\/wp-content\/uploads\/2022\/08\/dizajn-kvartiry-zhk-sokolniki-48watermark.jpg 1000w, https:\/\/asart.com.ua\/wp-content\/uploads\/2022\/08\/dizajn-kvartiry-zhk-sokolniki-48watermark-300x169.jpg 300w, https:\/\/asart.com.ua\/wp-content\/uploads\/2022\/08\/dizajn-kvartiry-zhk-sokolniki-48watermark-768x432.jpg 768w\" sizes=\"(max-width: 1000px) 100vw, 1000px\" \/><\/a><\/p>\n<p><a href=\"https:\/\/asart.com.ua\/wp-content\/uploads\/2022\/08\/dizajn-kvartiry-zhk-sokolniki-53watermark.jpg\"><img loading=\"lazy\" decoding=\"async\" class=\"aligncenter size-full wp-image-9695 colorbox-18072\" src=\"https:\/\/asart.com.ua\/wp-content\/uploads\/2022\/08\/dizajn-kvartiry-zhk-sokolniki-53watermark.jpg\" alt=\"\" width=\"1000\" height=\"564\" srcset=\"https:\/\/asart.com.ua\/wp-content\/uploads\/2022\/08\/dizajn-kvartiry-zhk-sokolniki-53watermark.jpg 1000w, https:\/\/asart.com.ua\/wp-content\/uploads\/2022\/08\/dizajn-kvartiry-zhk-sokolniki-53watermark-300x169.jpg 300w, https:\/\/asart.com.ua\/wp-content\/uploads\/2022\/08\/dizajn-kvartiry-zhk-sokolniki-53watermark-768x433.jpg 768w\" sizes=\"(max-width: 1000px) 100vw, 1000px\" \/><\/a><\/p>\n<p><a href=\"https:\/\/asart.com.ua\/wp-content\/uploads\/2017\/03\/Kabinet-seryiy-4watermark.jpg\"><br \/>\n<\/a> <a href=\"https:\/\/asart.com.ua\/wp-content\/uploads\/2022\/08\/dizajn-kvartiry-zhk-sokolniki-46watermark.jpg\"><img loading=\"lazy\" decoding=\"async\" class=\"aligncenter size-full wp-image-9683 colorbox-18072\" src=\"https:\/\/asart.com.ua\/wp-content\/uploads\/2022\/08\/dizajn-kvartiry-zhk-sokolniki-46watermark.jpg\" alt=\"\" width=\"1000\" height=\"563\" srcset=\"https:\/\/asart.com.ua\/wp-content\/uploads\/2022\/08\/dizajn-kvartiry-zhk-sokolniki-46watermark.jpg 1000w, https:\/\/asart.com.ua\/wp-content\/uploads\/2022\/08\/dizajn-kvartiry-zhk-sokolniki-46watermark-300x169.jpg 300w, https:\/\/asart.com.ua\/wp-content\/uploads\/2022\/08\/dizajn-kvartiry-zhk-sokolniki-46watermark-768x432.jpg 768w\" sizes=\"(max-width: 1000px) 100vw, 1000px\" \/><\/a> <a href=\"https:\/\/asart.com.ua\/wp-content\/uploads\/2022\/08\/dizajn-kvartiry-zhk-sokolniki-79watermark.jpg\"><img loading=\"lazy\" decoding=\"async\" class=\"aligncenter size-full wp-image-9747 colorbox-18072\" src=\"https:\/\/asart.com.ua\/wp-content\/uploads\/2022\/08\/dizajn-kvartiry-zhk-sokolniki-79watermark.jpg\" alt=\"\" width=\"1000\" height=\"564\" srcset=\"https:\/\/asart.com.ua\/wp-content\/uploads\/2022\/08\/dizajn-kvartiry-zhk-sokolniki-79watermark.jpg 1000w, https:\/\/asart.com.ua\/wp-content\/uploads\/2022\/08\/dizajn-kvartiry-zhk-sokolniki-79watermark-300x169.jpg 300w, https:\/\/asart.com.ua\/wp-content\/uploads\/2022\/08\/dizajn-kvartiry-zhk-sokolniki-79watermark-768x433.jpg 768w\" sizes=\"(max-width: 1000px) 100vw, 1000px\" \/><\/a><\/p>\n<h2>Individu\u00e1ln\u00ed p\u0159\u00edstup ke ka\u017ed\u00e9mu z\u00e1kazn\u00edkovi.<\/h2>\n<p>Pomoc\u00ed interi\u00e9rov\u00e9ho designu vytvo\u0159\u00edme ve va\u0161em byt\u011b v Kyjev\u011b individu\u00e1ln\u00ed styl, kter\u00fd bude nejl\u00e9pe vyhovovat va\u0161emu vkusu a p\u0159\u00e1n\u00edm. Klienti \u010dasto nev\u011bd\u00ed, jak\u00fd designov\u00fd sm\u011br zvolit a v jak\u00e9m stylu m\u00edstnost vyzdobit, n\u011bkdy je pro n\u011b velmi obt\u00ed\u017en\u00e9 porozum\u011bt nab\u00edzen\u00fdm mo\u017enostem. Zku\u0161en\u00ed <strong>design\u00e9\u0159i na\u0161eho studia v\u00e1m pomohou rozhodnout o konceptu, sm\u011bru stylu, barevn\u00e9m sch\u00e9matu<\/strong> , ka\u017ed\u00fd centimetr prostoru bude vyu\u017eit kompetentn\u011b a funk\u010dn\u011b.<\/p>\n<p>Proces realizace projektu interi\u00e9rov\u00e9ho designu se skl\u00e1d\u00e1 z:<\/p>\n<ul>\n<li>vizualizace<\/li>\n<li>implementace<\/li>\n<\/ul>\n<p>Na\u0161i specialist\u00e9 cestuj\u00ed do kter\u00e9hokoli koutu m\u011bsta Kyjeva, aby poznali klienta a jeho byt. P\u0159i sch\u016fzce je provedena prohl\u00eddka prostor a vyjasn\u011bn\u00ed p\u0159\u00e1n\u00ed klienta dle budouc\u00edho n\u00e1vrhu. Pro vypracov\u00e1n\u00ed projektu je t\u0159eba objasnit mnoho detail\u016f.<\/p>\n<p>Po shrom\u00e1\u017ed\u011bn\u00ed v\u0161ech pot\u0159ebn\u00fdch informac\u00ed design\u00e9r vypracuje 3D projekt pro budouc\u00ed interi\u00e9rov\u00fd design va\u0161eho bytu v Kyjev\u011b. Tento postup je darem z nebes pro ka\u017ed\u00e9ho klienta, proto\u017ee v po\u010d\u00e1te\u010dn\u00ed f\u00e1zi vid\u00ed, jak bude jeho domov vypadat, a provede p\u0159\u00edslu\u0161n\u00e9 \u00fapravy a \u00fapravy. Pom\u016f\u017eeme v\u00e1m tak\u00e9 vybrat pot\u0159ebn\u00e9 materi\u00e1ly pro dokon\u010den\u00ed pokoj\u016f. Pom\u016f\u017eeme v\u00e1m vybrat pot\u0159ebn\u00fd n\u00e1bytek a \u0159ekneme v\u00e1m, jak jej v m\u00edstnosti spr\u00e1vn\u011b uspo\u0159\u00e1dat.<\/p>\n<p><a href=\"https:\/\/asart.com.ua\/wp-content\/uploads\/2023\/07\/56-f-11watermark-1024x576.jpg\"><img loading=\"lazy\" decoding=\"async\" class=\"aligncenter  wp-image-17869 colorbox-18072\" src=\"https:\/\/asart.com.ua\/wp-content\/uploads\/2023\/07\/56-f-11watermark-1024x576.jpg\" alt=\"\" width=\"1103\" height=\"621\" srcset=\"https:\/\/asart.com.ua\/wp-content\/uploads\/2023\/07\/56-f-11watermark-1024x576.jpg 1024w, https:\/\/asart.com.ua\/wp-content\/uploads\/2023\/07\/56-f-11watermark-300x169.jpg 300w, https:\/\/asart.com.ua\/wp-content\/uploads\/2023\/07\/56-f-11watermark-768x432.jpg 768w, https:\/\/asart.com.ua\/wp-content\/uploads\/2023\/07\/56-f-11watermark.jpg 1100w\" sizes=\"(max-width: 1103px) 100vw, 1103px\" \/><\/a><a href=\"https:\/\/asart.com.ua\/wp-content\/uploads\/2023\/07\/56-f-8watermark.jpg\"><img loading=\"lazy\" decoding=\"async\" class=\"aligncenter size-full wp-image-10089 colorbox-18072\" src=\"https:\/\/asart.com.ua\/wp-content\/uploads\/2023\/07\/56-f-8watermark.jpg\" alt=\"\" width=\"1100\" height=\"619\" srcset=\"https:\/\/asart.com.ua\/wp-content\/uploads\/2023\/07\/56-f-8watermark.jpg 1100w, https:\/\/asart.com.ua\/wp-content\/uploads\/2023\/07\/56-f-8watermark-300x169.jpg 300w, https:\/\/asart.com.ua\/wp-content\/uploads\/2023\/07\/56-f-8watermark-1024x576.jpg 1024w, https:\/\/asart.com.ua\/wp-content\/uploads\/2023\/07\/56-f-8watermark-768x432.jpg 768w\" sizes=\"(max-width: 1100px) 100vw, 1100px\" \/><\/a><\/p>\n<p><a href=\"https:\/\/asart.com.ua\/wp-content\/uploads\/2023\/07\/56-f-9watermark.jpg\"><img loading=\"lazy\" decoding=\"async\" class=\"aligncenter size-full wp-image-10091 colorbox-18072\" src=\"https:\/\/asart.com.ua\/wp-content\/uploads\/2023\/07\/56-f-9watermark.jpg\" alt=\"\" width=\"1100\" height=\"619\" srcset=\"https:\/\/asart.com.ua\/wp-content\/uploads\/2023\/07\/56-f-9watermark.jpg 1100w, https:\/\/asart.com.ua\/wp-content\/uploads\/2023\/07\/56-f-9watermark-300x169.jpg 300w, https:\/\/asart.com.ua\/wp-content\/uploads\/2023\/07\/56-f-9watermark-1024x576.jpg 1024w, https:\/\/asart.com.ua\/wp-content\/uploads\/2023\/07\/56-f-9watermark-768x432.jpg 768w\" sizes=\"(max-width: 1100px) 100vw, 1100px\" \/><\/a> <a href=\"https:\/\/asart.com.ua\/wp-content\/uploads\/2022\/08\/dizajn-kvartiry-zhk-sokolniki-87watermark.jpg\"><img loading=\"lazy\" decoding=\"async\" class=\"aligncenter  wp-image-9763 colorbox-18072\" src=\"https:\/\/asart.com.ua\/wp-content\/uploads\/2022\/08\/dizajn-kvartiry-zhk-sokolniki-87watermark.jpg\" alt=\"\" width=\"1098\" height=\"619\" srcset=\"https:\/\/asart.com.ua\/wp-content\/uploads\/2022\/08\/dizajn-kvartiry-zhk-sokolniki-87watermark.jpg 1000w, https:\/\/asart.com.ua\/wp-content\/uploads\/2022\/08\/dizajn-kvartiry-zhk-sokolniki-87watermark-300x169.jpg 300w, https:\/\/asart.com.ua\/wp-content\/uploads\/2022\/08\/dizajn-kvartiry-zhk-sokolniki-87watermark-768x433.jpg 768w\" sizes=\"(max-width: 1098px) 100vw, 1098px\" \/><\/a><\/p>\n<h3>Nab\u00edz\u00edme mnoho zaj\u00edmav\u00fdch n\u00e1pad\u016f.<\/h3>\n<p>Podle dokumentace a v\u00fdkres\u016f dodan\u00fdch na\u0161imi projektanty bude moci stavebn\u00ed firma p\u0159istoupit k rekonstrukci. N\u00e1\u0161 projekt <em>bude obsahovat informace o in\u017een\u00fdrsk\u00fdch syst\u00e9mech, o tom, kde a jak\u00e9 pr\u00e1ce prov\u00e1d\u011bt a jak\u00e9 dokon\u010dovac\u00ed a dekorativn\u00ed materi\u00e1ly pou\u017e\u00edt<\/em> . Na\u0161e spole\u010dnost tak\u00e9 nab\u00edz\u00ed slu\u017eby architektonick\u00e9ho dozoru v Kyjev\u011b. Podstatou tohoto postupu je dohled a kontrola pr\u016fb\u011bhu oprav a projek\u010dn\u00edch prac\u00ed. D\u00edky tomu bude vyvinut\u00fd design va\u0161eho bytu v Kyjev\u011b odborn\u00edky co nejp\u0159esn\u011bji implementov\u00e1n.<\/p>\n<p>Na\u0161e studio vyvine jedine\u010dn\u00fd design interi\u00e9ru pro byty v Kyjev\u011b, d\u00edky kter\u00e9mu bude v\u00e1\u0161 domov kr\u00e1sn\u00fd a jedine\u010dn\u00fd.<\/p>\n<p>\u2705 Chytr\u00e9 materi\u00e1ly: samoopravn\u00e9 n\u00e1t\u011bry, dynamick\u00e9 osv\u011btlen\u00ed a biofiln\u00ed prvky.<br \/>\n\u2705 Digit\u00e1ln\u00ed technologie: 3D vizualizace, virtu\u00e1ln\u00ed realita a algoritmy AI pro optimalizaci prostoru.<br \/>\n\u2705 Ekologick\u00e1 \u0159e\u0161en\u00ed: udr\u017eiteln\u00e9 materi\u00e1ly, energeticky \u00fa\u010dinn\u00e9 syst\u00e9my a inovace v \u0159\u00edzen\u00ed mikroklimatu.<\/p>\n<p>Nab\u00edz\u00edme exkluzivn\u00ed spolupr\u00e1ci architekt\u016fm a interi\u00e9rov\u00fdm design\u00e9r\u016fm: od konceptu a\u017e po realizaci. Vyv\u00edj\u00edme unik\u00e1tn\u00ed projekty, implementujeme inovace a pom\u00e1h\u00e1me realizovat ty nejodv\u00e1\u017en\u011bj\u0161\u00ed n\u00e1pady.<\/p>\n<p>Jste p\u0159ipraveni vytvo\u0159it design, kter\u00fd zm\u011bn\u00ed zp\u016fsob, jak\u00fdm p\u0159em\u00fd\u0161l\u00edte o prostoru? Kontaktujte n\u00e1s!<\/p>\n","protected":false},"excerpt":{"rendered":"<p>Vytvo\u0159en\u00ed n\u00e1vrhu interi\u00e9ru je slo\u017eit\u00fd a <a class=\"continue_link\" href=\"https:\/\/asart.com.ua\/cs\/dizajn-kvartir\/dizajn-interera-kiev\/\">\u0427\u0438\u0442\u0430\u0442\u044c \u0434\u0430\u043b\u0435\u0435 >><\/a><\/p>\n","protected":false},"author":6,"featured_media":17626,"parent":17992,"menu_order":0,"comment_status":"closed","ping_status":"closed","template":"","meta":{"footnotes":""},"acf":[],"aioseo_notices":[],"_links":{"self":[{"href":"https:\/\/asart.com.ua\/cs\/wp-json\/wp\/v2\/pages\/18072"}],"collection":[{"href":"https:\/\/asart.com.ua\/cs\/wp-json\/wp\/v2\/pages"}],"about":[{"href":"https:\/\/asart.com.ua\/cs\/wp-json\/wp\/v2\/types\/page"}],"author":[{"embeddable":true,"href":"https:\/\/asart.com.ua\/cs\/wp-json\/wp\/v2\/users\/6"}],"replies":[{"embeddable":true,"href":"https:\/\/asart.com.ua\/cs\/wp-json\/wp\/v2\/comments?post=18072"}],"version-history":[{"count":4,"href":"https:\/\/asart.com.ua\/cs\/wp-json\/wp\/v2\/pages\/18072\/revisions"}],"predecessor-version":[{"id":21813,"href":"https:\/\/asart.com.ua\/cs\/wp-json\/wp\/v2\/pages\/18072\/revisions\/21813"}],"up":[{"embeddable":true,"href":"https:\/\/asart.com.ua\/cs\/wp-json\/wp\/v2\/pages\/17992"}],"wp:featuredmedia":[{"embeddable":true,"href":"https:\/\/asart.com.ua\/cs\/wp-json\/wp\/v2\/media\/17626"}],"wp:attachment":[{"href":"https:\/\/asart.com.ua\/cs\/wp-json\/wp\/v2\/media?parent=18072"}],"curies":[{"name":"wp","href":"https:\/\/api.w.org\/{rel}","templated":true}]}}