{"id":18066,"date":"2016-05-10T13:40:33","date_gmt":"2016-05-10T10:40:33","guid":{"rendered":"https:\/\/asart.com.ua\/dizajn-kvartir\/dizajn-interera-dnepropetrovsk\/"},"modified":"2023-11-27T15:10:01","modified_gmt":"2023-11-27T12:10:01","slug":"dizajn-interera-dnepropetrovsk","status":"publish","type":"page","link":"https:\/\/asart.com.ua\/cs\/dizajn-kvartir\/dizajn-interera-dnepropetrovsk\/","title":{"rendered":"N\u00e1vrh interi\u00e9ru byt\u016f v Dn\u011bpropetrovsku"},"content":{"rendered":"<p>Studio &#8220;AS-Design&#8221; nab\u00edz\u00ed v\u0161em obyvatel\u016fm Dn\u011bpropetrovska profesion\u00e1ln\u00ed slu\u017eby p\u0159i v\u00fdvoji interi\u00e9rov\u00e9ho designu pro byty, domy, kancel\u00e1\u0159e a dal\u0161\u00ed prostory. Na\u0161i kvalifikovan\u00ed design\u00e9\u0159i maj\u00ed dlouholet\u00e9 zku\u0161enosti a rozs\u00e1hl\u00e9 znalosti v oblasti projek\u010dn\u00edch slu\u017eeb. Ve\u0161ker\u00e9 pr\u00e1ce prov\u00e1d\u00edme:<\/p>\n<ul>\n<li> kvalitativn\u011b<\/li>\n<li> zodpov\u011bdn\u011b<\/li>\n<li> v\u010das<\/li>\n<\/ul>\n<p> <a href=\"https:\/\/asart.com.ua\/wp-content\/uploads\/2012\/11\/Dizayn-interera-kuhni-studii-1watermark.jpg\"><img loading=\"lazy\" decoding=\"async\" class=\"aligncenter size-full wp-image-4050 colorbox-18066\" src=\"https:\/\/asart.com.ua\/wp-content\/uploads\/2012\/11\/Dizayn-interera-kuhni-studii-1watermark.jpg\" alt=\"N\u00e1vrh interi\u00e9ru kuchy\u0148sk\u00e9ho studia (1)vodoznak\" width=\"1000\" height=\"750\" srcset=\"https:\/\/asart.com.ua\/wp-content\/uploads\/2012\/11\/Dizayn-interera-kuhni-studii-1watermark.jpg 1000w, https:\/\/asart.com.ua\/wp-content\/uploads\/2012\/11\/Dizayn-interera-kuhni-studii-1watermark-300x225.jpg 300w, https:\/\/asart.com.ua\/wp-content\/uploads\/2012\/11\/Dizayn-interera-kuhni-studii-1watermark-160x120.jpg 160w, https:\/\/asart.com.ua\/wp-content\/uploads\/2012\/11\/Dizayn-interera-kuhni-studii-1watermark-289x217.jpg 289w\" sizes=\"(max-width: 1000px) 100vw, 1000px\" \/><\/a><\/p>\n<p> <a href=\"https:\/\/asart.com.ua\/wp-content\/uploads\/2012\/11\/Dizayn-interera-kuhni-studii-3watermark.jpg\"><img loading=\"lazy\" decoding=\"async\" class=\"aligncenter size-full wp-image-4052 colorbox-18066\" src=\"https:\/\/asart.com.ua\/wp-content\/uploads\/2012\/11\/Dizayn-interera-kuhni-studii-3watermark.jpg\" alt=\"N\u00e1vrh interi\u00e9ru kuchy\u0148sk\u00e9ho studia (3)vodoznak\" width=\"1000\" height=\"750\" srcset=\"https:\/\/asart.com.ua\/wp-content\/uploads\/2012\/11\/Dizayn-interera-kuhni-studii-3watermark.jpg 1000w, https:\/\/asart.com.ua\/wp-content\/uploads\/2012\/11\/Dizayn-interera-kuhni-studii-3watermark-300x225.jpg 300w, https:\/\/asart.com.ua\/wp-content\/uploads\/2012\/11\/Dizayn-interera-kuhni-studii-3watermark-160x120.jpg 160w, https:\/\/asart.com.ua\/wp-content\/uploads\/2012\/11\/Dizayn-interera-kuhni-studii-3watermark-289x217.jpg 289w\" sizes=\"(max-width: 1000px) 100vw, 1000px\" \/><\/a><\/p>\n<p> <a href=\"https:\/\/asart.com.ua\/wp-content\/uploads\/2012\/11\/kvartiryi-2watermark.jpg\"><img loading=\"lazy\" decoding=\"async\" class=\"aligncenter size-full wp-image-3690 colorbox-18066\" src=\"https:\/\/asart.com.ua\/wp-content\/uploads\/2012\/11\/kvartiryi-2watermark.jpg\" alt=\"byty (2)vodoznak\" width=\"1000\" height=\"667\" srcset=\"https:\/\/asart.com.ua\/wp-content\/uploads\/2012\/11\/kvartiryi-2watermark.jpg 1000w, https:\/\/asart.com.ua\/wp-content\/uploads\/2012\/11\/kvartiryi-2watermark-300x200.jpg 300w, https:\/\/asart.com.ua\/wp-content\/uploads\/2012\/11\/kvartiryi-2watermark-240x160.jpg 240w\" sizes=\"(max-width: 1000px) 100vw, 1000px\" \/><\/a> <a href=\"https:\/\/asart.com.ua\/wp-content\/uploads\/2012\/11\/Dizayn-interera-spalni-minimalizm-1watermark.jpg\"><img loading=\"lazy\" decoding=\"async\" class=\"aligncenter size-full wp-image-4056 colorbox-18066\" src=\"https:\/\/asart.com.ua\/wp-content\/uploads\/2012\/11\/Dizayn-interera-spalni-minimalizm-1watermark.jpg\" alt=\"\" width=\"1000\" height=\"750\" srcset=\"https:\/\/asart.com.ua\/wp-content\/uploads\/2012\/11\/Dizayn-interera-spalni-minimalizm-1watermark.jpg 1000w, https:\/\/asart.com.ua\/wp-content\/uploads\/2012\/11\/Dizayn-interera-spalni-minimalizm-1watermark-300x225.jpg 300w, https:\/\/asart.com.ua\/wp-content\/uploads\/2012\/11\/Dizayn-interera-spalni-minimalizm-1watermark-160x120.jpg 160w, https:\/\/asart.com.ua\/wp-content\/uploads\/2012\/11\/Dizayn-interera-spalni-minimalizm-1watermark-289x217.jpg 289w\" sizes=\"(max-width: 1000px) 100vw, 1000px\" \/><\/a> <a href=\"https:\/\/asart.com.ua\/wp-content\/uploads\/2012\/11\/Dizayn-interera-spalni-minimalizm-3watermark.jpg\"><img loading=\"lazy\" decoding=\"async\" class=\"aligncenter size-full wp-image-4057 colorbox-18066\" src=\"https:\/\/asart.com.ua\/wp-content\/uploads\/2012\/11\/Dizayn-interera-spalni-minimalizm-3watermark.jpg\" alt=\"\" width=\"1000\" height=\"750\" srcset=\"https:\/\/asart.com.ua\/wp-content\/uploads\/2012\/11\/Dizayn-interera-spalni-minimalizm-3watermark.jpg 1000w, https:\/\/asart.com.ua\/wp-content\/uploads\/2012\/11\/Dizayn-interera-spalni-minimalizm-3watermark-300x225.jpg 300w, https:\/\/asart.com.ua\/wp-content\/uploads\/2012\/11\/Dizayn-interera-spalni-minimalizm-3watermark-160x120.jpg 160w, https:\/\/asart.com.ua\/wp-content\/uploads\/2012\/11\/Dizayn-interera-spalni-minimalizm-3watermark-289x217.jpg 289w\" sizes=\"(max-width: 1000px) 100vw, 1000px\" \/><\/a><\/p>\n<h2> Zkr\u00e1\u0161l\u00edme ka\u017ed\u00fd pokoj.<\/h2>\n<p> S pomoc\u00ed interi\u00e9rov\u00e9ho designu m\u016f\u017ee b\u00fdt ka\u017ed\u00fd byt, bez ohledu na jeho velikost a stav, kr\u00e1sn\u00fd, pohodln\u00fd a funk\u010dn\u00ed. Pokud je m\u00edstnost mal\u00e1, na\u0161i design\u00e9\u0159i <strong>dok\u00e1\u017eou prostor roz\u0161\u00ed\u0159it a ud\u011blat z v\u011bt\u0161\u00ed plochy \u00fatulnou a praktickou<\/strong> . Za \u00fa\u010delem vypracov\u00e1n\u00ed projektu se projektant sejde se z\u00e1kazn\u00edkem v jeho prostor\u00e1ch v Dn\u011bpropetrovsku, aby se na m\u00edst\u011b rozhodl:<\/p>\n<ul>\n<li> pojem<\/li>\n<li> styl<\/li>\n<li> barva<\/li>\n<\/ul>\n<p> a tak\u00e9 se seznamte se sv\u00fdm domovem, zjist\u011bte sv\u00e1 p\u0159\u00e1n\u00ed a chut\u011b. \u010c\u00edm v\u00edce informac\u00ed n\u00e1vrh\u00e1\u0159i poskytnete, t\u00edm p\u0159esn\u011bj\u0161\u00ed bude projekt designu interi\u00e9ru va\u0161eho bytu v Dn\u011bpropetrovsku. Dal\u0161\u00edm d\u016fle\u017eit\u00fdm krokem je ur\u010dit, zda je nutn\u00e1 p\u0159estavba; lze ji zcela zm\u011bnit nebo vylep\u0161it, v\u0161e z\u00e1vis\u00ed na oblasti m\u00edstnosti. Pokud nedojde k \u017e\u00e1dn\u00fdm zm\u011bn\u00e1m dispozice, m\u016f\u017eete st\u00e1vaj\u00edc\u00ed prostor vylep\u0161it pomoc\u00ed z\u00f3nov\u00e1n\u00ed, spr\u00e1vn\u00fdm v\u00fdb\u011brem a um\u00edst\u011bn\u00edm n\u00e1bytku.<\/p>\n<p> Kdy\u017e jsou v\u0161echny z\u00e1le\u017eitosti odsouhlaseny, na\u0161i design\u00e9\u0159i vypracuj\u00ed 3D n\u00e1vrh, kter\u00fd v\u00e1m d\u00e1 p\u0159\u00edle\u017eitost vid\u011bt budouc\u00ed interi\u00e9r va\u0161eho bytu v Dn\u011bpropetrovsku je\u0161t\u011b p\u0159ed jeho realizac\u00ed. To v\u00e1m d\u00e1 p\u0159\u00edle\u017eitost to opravit a zm\u011bnit, pokud se v\u00e1m n\u011bkter\u00e9 aspekty nel\u00edb\u00ed. Tak\u00e9 v t\u00e9to f\u00e1zi prob\u00edh\u00e1 v\u00fdb\u011br pot\u0159ebn\u00fdch materi\u00e1l\u016f pro kone\u010dnou \u00fapravu a dekoraci.<\/p>\n<p> Po zakoupen\u00ed v\u0161ech materi\u00e1l\u016f a odsouhlasen\u00ed projektu interi\u00e9ru bytu v Dn\u011bpropetrovsku m\u016f\u017eete za\u010d\u00edt s jeho realizac\u00ed. V t\u00e9to f\u00e1zi za\u010d\u00edn\u00e1 pr\u00e1ce stavebn\u00ed t\u00fdm, kter\u00fd podle na\u0161ich v\u00fdkres\u016f provede opravy. Na\u0161e spole\u010dnost m\u016f\u017ee nab\u00eddnout i slu\u017ebu projektov\u00e9ho dozoru, tedy kdy na\u0161i specialist\u00e9 bedliv\u011b sleduj\u00ed v\u0161echny f\u00e1ze oprav. To <em>poskytne p\u0159\u00edle\u017eitost pro rychl\u00e9, profesion\u00e1ln\u00ed \u0159e\u0161en\u00ed probl\u00e9m\u016f, kter\u00e9 se vyskytnou b\u011bhem stavebn\u00edch a oprav\u00e1rensk\u00fdch prac\u00ed<\/em> , kter\u00e9 stavitel\u00e9 bez p\u0159\u00edslu\u0161n\u00fdch znalost\u00ed nebudou schopni vy\u0159e\u0161it.<\/p>\n<p> <a href=\"https:\/\/asart.com.ua\/wp-content\/uploads\/2015\/05\/Kuhnya-studiya-3watermark.jpg\"><img loading=\"lazy\" decoding=\"async\" class=\"aligncenter size-full wp-image-4016 colorbox-18066\" src=\"https:\/\/asart.com.ua\/wp-content\/uploads\/2015\/05\/Kuhnya-studiya-3watermark.jpg\" alt=\"\" width=\"1000\" height=\"667\" srcset=\"https:\/\/asart.com.ua\/wp-content\/uploads\/2015\/05\/Kuhnya-studiya-3watermark.jpg 1000w, https:\/\/asart.com.ua\/wp-content\/uploads\/2015\/05\/Kuhnya-studiya-3watermark-300x200.jpg 300w, https:\/\/asart.com.ua\/wp-content\/uploads\/2015\/05\/Kuhnya-studiya-3watermark-240x160.jpg 240w\" sizes=\"(max-width: 1000px) 100vw, 1000px\" \/><\/a><\/p>\n<p> <a href=\"https:\/\/asart.com.ua\/wp-content\/uploads\/2015\/05\/Kuhnya-studiya-7watermark.jpg\"><img loading=\"lazy\" decoding=\"async\" class=\"aligncenter size-full wp-image-4020 colorbox-18066\" src=\"https:\/\/asart.com.ua\/wp-content\/uploads\/2015\/05\/Kuhnya-studiya-7watermark.jpg\" alt=\"\" width=\"1000\" height=\"667\" srcset=\"https:\/\/asart.com.ua\/wp-content\/uploads\/2015\/05\/Kuhnya-studiya-7watermark.jpg 1000w, https:\/\/asart.com.ua\/wp-content\/uploads\/2015\/05\/Kuhnya-studiya-7watermark-300x200.jpg 300w, https:\/\/asart.com.ua\/wp-content\/uploads\/2015\/05\/Kuhnya-studiya-7watermark-240x160.jpg 240w\" sizes=\"(max-width: 1000px) 100vw, 1000px\" \/><\/a><\/p>\n<p> <a href=\"https:\/\/asart.com.ua\/wp-content\/uploads\/2015\/05\/Kuhnya-studiya-11watermark.jpg\"><img loading=\"lazy\" decoding=\"async\" class=\"aligncenter size-full wp-image-4023 colorbox-18066\" src=\"https:\/\/asart.com.ua\/wp-content\/uploads\/2015\/05\/Kuhnya-studiya-11watermark.jpg\" alt=\"\" width=\"1000\" height=\"667\" srcset=\"https:\/\/asart.com.ua\/wp-content\/uploads\/2015\/05\/Kuhnya-studiya-11watermark.jpg 1000w, https:\/\/asart.com.ua\/wp-content\/uploads\/2015\/05\/Kuhnya-studiya-11watermark-300x200.jpg 300w, https:\/\/asart.com.ua\/wp-content\/uploads\/2015\/05\/Kuhnya-studiya-11watermark-240x160.jpg 240w\" sizes=\"(max-width: 1000px) 100vw, 1000px\" \/><\/a><\/p>\n<p> <a href=\"https:\/\/asart.com.ua\/wp-content\/uploads\/2015\/05\/Spalnya-14watermark.jpg\"><img loading=\"lazy\" decoding=\"async\" class=\"aligncenter size-full wp-image-4032 colorbox-18066\" src=\"https:\/\/asart.com.ua\/wp-content\/uploads\/2015\/05\/Spalnya-14watermark.jpg\" alt=\"\" width=\"1000\" height=\"667\" srcset=\"https:\/\/asart.com.ua\/wp-content\/uploads\/2015\/05\/Spalnya-14watermark.jpg 1000w, https:\/\/asart.com.ua\/wp-content\/uploads\/2015\/05\/Spalnya-14watermark-300x200.jpg 300w, https:\/\/asart.com.ua\/wp-content\/uploads\/2015\/05\/Spalnya-14watermark-240x160.jpg 240w\" sizes=\"(max-width: 1000px) 100vw, 1000px\" \/><\/a><\/p>\n<h3> Kontrola v ka\u017ed\u00e9 f\u00e1zi projek\u010dn\u00ed pr\u00e1ce.<\/h3>\n<p> Kontaktov\u00e1n\u00edm na\u0161\u00ed spole\u010dnosti z\u00edsk\u00e1te odborn\u00e9 poradenstv\u00ed od vysoce kvalifikovan\u00fdch design\u00e9r\u016f, kte\u0159\u00ed vyvinou jedine\u010dn\u00fd design pro v\u00e1\u0161 byt v Dn\u011bpropetrovsku za nejlep\u0161\u00ed cenu.<\/p>\n","protected":false},"excerpt":{"rendered":"<p>Studio &#8220;AS-Design&#8221; nab\u00edz\u00ed v\u0161em obyvatel\u016fm Dn\u011bpropetrovska <a class=\"continue_link\" href=\"https:\/\/asart.com.ua\/cs\/dizajn-kvartir\/dizajn-interera-dnepropetrovsk\/\">\u0427\u0438\u0442\u0430\u0442\u044c \u0434\u0430\u043b\u0435\u0435 >><\/a><\/p>\n","protected":false},"author":6,"featured_media":0,"parent":17992,"menu_order":0,"comment_status":"closed","ping_status":"closed","template":"","meta":{"footnotes":""},"acf":[],"aioseo_notices":[],"_links":{"self":[{"href":"https:\/\/asart.com.ua\/cs\/wp-json\/wp\/v2\/pages\/18066"}],"collection":[{"href":"https:\/\/asart.com.ua\/cs\/wp-json\/wp\/v2\/pages"}],"about":[{"href":"https:\/\/asart.com.ua\/cs\/wp-json\/wp\/v2\/types\/page"}],"author":[{"embeddable":true,"href":"https:\/\/asart.com.ua\/cs\/wp-json\/wp\/v2\/users\/6"}],"replies":[{"embeddable":true,"href":"https:\/\/asart.com.ua\/cs\/wp-json\/wp\/v2\/comments?post=18066"}],"version-history":[{"count":1,"href":"https:\/\/asart.com.ua\/cs\/wp-json\/wp\/v2\/pages\/18066\/revisions"}],"predecessor-version":[{"id":18069,"href":"https:\/\/asart.com.ua\/cs\/wp-json\/wp\/v2\/pages\/18066\/revisions\/18069"}],"up":[{"embeddable":true,"href":"https:\/\/asart.com.ua\/cs\/wp-json\/wp\/v2\/pages\/17992"}],"wp:attachment":[{"href":"https:\/\/asart.com.ua\/cs\/wp-json\/wp\/v2\/media?parent=18066"}],"curies":[{"name":"wp","href":"https:\/\/api.w.org\/{rel}","templated":true}]}}