{"id":18054,"date":"2016-04-27T15:42:38","date_gmt":"2016-04-27T12:42:38","guid":{"rendered":"https:\/\/asart.com.ua\/dizajn-kvartir\/2-komnatnaja\/"},"modified":"2023-11-24T00:43:21","modified_gmt":"2023-11-23T21:43:21","slug":"2-komnatnaja","status":"publish","type":"page","link":"https:\/\/asart.com.ua\/cs\/dizajn-kvartir\/2-komnatnaja\/","title":{"rendered":"N\u00e1vrh interi\u00e9ru dvoupokojov\u00e9ho bytu"},"content":{"rendered":"<p>Dvoupokojov\u00e9 byty jsou na Ukrajin\u011b obl\u00edben\u00fdm bydlen\u00edm. Je to d\u00e1no v\u00fdrazn\u011b v\u011bt\u0161\u00ed rozlohou oproti jednopokojov\u00fdm byt\u016fm a ni\u017e\u0161\u00edmi n\u00e1klady oproti t\u0159\u00edpokojov\u00fdm. P\u0159i n\u00e1kupu nebo bydlen\u00ed v takov\u00fdch prostor\u00e1ch majitel\u00e9 d\u0159\u00edve nebo pozd\u011bji za\u010dnou p\u0159em\u00fd\u0161let o proveden\u00ed oprav. Krom\u011b touhy vytv\u00e1\u0159et kr\u00e1su a pohodl\u00ed cht\u011bj\u00ed mnoz\u00ed \u0159e\u0161it probl\u00e9my, kter\u00e9 vznikaj\u00ed kv\u016fli nedostate\u010dn\u011b velk\u00e9 plo\u0161e. <\/p>\n<p><img loading=\"lazy\" decoding=\"async\" class=\"aligncenter wp-image-4014 size-full colorbox-18054\" src=\"https:\/\/asart.com.ua\/wp-content\/uploads\/2015\/05\/Kuhnya-studiya-1watermark.jpg\" alt=\"Kuchy\u0148sk\u00e9 studio\" width=\"1000\" height=\"667\" srcset=\"https:\/\/asart.com.ua\/wp-content\/uploads\/2015\/05\/Kuhnya-studiya-1watermark.jpg 1000w, https:\/\/asart.com.ua\/wp-content\/uploads\/2015\/05\/Kuhnya-studiya-1watermark-300x200.jpg 300w, https:\/\/asart.com.ua\/wp-content\/uploads\/2015\/05\/Kuhnya-studiya-1watermark-240x160.jpg 240w\" sizes=\"(max-width: 1000px) 100vw, 1000px\" \/><img loading=\"lazy\" decoding=\"async\" class=\"aligncenter wp-image-4015 size-full colorbox-18054\" src=\"https:\/\/asart.com.ua\/wp-content\/uploads\/2015\/05\/Kuhnya-studiya-2watermark.jpg\" alt=\"Kuchy\u0148sk\u00e9 studio\" width=\"1000\" height=\"667\" srcset=\"https:\/\/asart.com.ua\/wp-content\/uploads\/2015\/05\/Kuhnya-studiya-2watermark.jpg 1000w, https:\/\/asart.com.ua\/wp-content\/uploads\/2015\/05\/Kuhnya-studiya-2watermark-300x200.jpg 300w, https:\/\/asart.com.ua\/wp-content\/uploads\/2015\/05\/Kuhnya-studiya-2watermark-240x160.jpg 240w\" sizes=\"(max-width: 1000px) 100vw, 1000px\" \/><img loading=\"lazy\" decoding=\"async\" class=\"aligncenter wp-image-4026 size-full colorbox-18054\" src=\"https:\/\/asart.com.ua\/wp-content\/uploads\/2015\/05\/Kuhnya-studiya-15watermark.jpg\" alt=\"Kuchy\u0148sk\u00e9 studio\" width=\"667\" height=\"1000\" srcset=\"https:\/\/asart.com.ua\/wp-content\/uploads\/2015\/05\/Kuhnya-studiya-15watermark.jpg 667w, https:\/\/asart.com.ua\/wp-content\/uploads\/2015\/05\/Kuhnya-studiya-15watermark-200x300.jpg 200w\" sizes=\"(max-width: 667px) 100vw, 667px\" \/><img loading=\"lazy\" decoding=\"async\" class=\"aligncenter wp-image-4029 size-full colorbox-18054\" src=\"https:\/\/asart.com.ua\/wp-content\/uploads\/2015\/05\/Kuhnya-studiya-18watermark.jpg\" alt=\"Kuchy\u0148sk\u00e9 studio\" width=\"667\" height=\"1000\" srcset=\"https:\/\/asart.com.ua\/wp-content\/uploads\/2015\/05\/Kuhnya-studiya-18watermark.jpg 667w, https:\/\/asart.com.ua\/wp-content\/uploads\/2015\/05\/Kuhnya-studiya-18watermark-200x300.jpg 200w\" sizes=\"(max-width: 667px) 100vw, 667px\" \/><img loading=\"lazy\" decoding=\"async\" class=\"aligncenter wp-image-4016 size-full colorbox-18054\" src=\"https:\/\/asart.com.ua\/wp-content\/uploads\/2015\/05\/Kuhnya-studiya-3watermark.jpg\" alt=\"Kuchy\u0148sk\u00e9 studio\" width=\"1000\" height=\"667\" srcset=\"https:\/\/asart.com.ua\/wp-content\/uploads\/2015\/05\/Kuhnya-studiya-3watermark.jpg 1000w, https:\/\/asart.com.ua\/wp-content\/uploads\/2015\/05\/Kuhnya-studiya-3watermark-300x200.jpg 300w, https:\/\/asart.com.ua\/wp-content\/uploads\/2015\/05\/Kuhnya-studiya-3watermark-240x160.jpg 240w\" sizes=\"(max-width: 1000px) 100vw, 1000px\" \/><img loading=\"lazy\" decoding=\"async\" class=\"aligncenter wp-image-4023 size-full colorbox-18054\" src=\"https:\/\/asart.com.ua\/wp-content\/uploads\/2015\/05\/Kuhnya-studiya-11watermark.jpg\" alt=\"Kuchy\u0148sk\u00e9 studio\" width=\"1000\" height=\"667\" srcset=\"https:\/\/asart.com.ua\/wp-content\/uploads\/2015\/05\/Kuhnya-studiya-11watermark.jpg 1000w, https:\/\/asart.com.ua\/wp-content\/uploads\/2015\/05\/Kuhnya-studiya-11watermark-300x200.jpg 300w, https:\/\/asart.com.ua\/wp-content\/uploads\/2015\/05\/Kuhnya-studiya-11watermark-240x160.jpg 240w\" sizes=\"(max-width: 1000px) 100vw, 1000px\" \/><img loading=\"lazy\" decoding=\"async\" class=\"aligncenter wp-image-4041 size-full colorbox-18054\" src=\"https:\/\/asart.com.ua\/wp-content\/uploads\/2015\/05\/Spalnya-24watermark.jpg\" alt=\"Lo\u017enice\" width=\"1000\" height=\"667\" srcset=\"https:\/\/asart.com.ua\/wp-content\/uploads\/2015\/05\/Spalnya-24watermark.jpg 1000w, https:\/\/asart.com.ua\/wp-content\/uploads\/2015\/05\/Spalnya-24watermark-300x200.jpg 300w, https:\/\/asart.com.ua\/wp-content\/uploads\/2015\/05\/Spalnya-24watermark-240x160.jpg 240w\" sizes=\"(max-width: 1000px) 100vw, 1000px\" \/><img loading=\"lazy\" decoding=\"async\" class=\"aligncenter wp-image-4033 size-full colorbox-18054\" src=\"https:\/\/asart.com.ua\/wp-content\/uploads\/2015\/05\/Spalnya-15watermark.jpg\" alt=\"Lo\u017enice\" width=\"1000\" height=\"667\" srcset=\"https:\/\/asart.com.ua\/wp-content\/uploads\/2015\/05\/Spalnya-15watermark.jpg 1000w, https:\/\/asart.com.ua\/wp-content\/uploads\/2015\/05\/Spalnya-15watermark-300x200.jpg 300w, https:\/\/asart.com.ua\/wp-content\/uploads\/2015\/05\/Spalnya-15watermark-240x160.jpg 240w\" sizes=\"(max-width: 1000px) 100vw, 1000px\" \/><img loading=\"lazy\" decoding=\"async\" class=\"aligncenter wp-image-4035 size-full colorbox-18054\" src=\"https:\/\/asart.com.ua\/wp-content\/uploads\/2015\/05\/Spalnya-17watermark.jpg\" alt=\"Lo\u017enice\" width=\"1000\" height=\"667\" srcset=\"https:\/\/asart.com.ua\/wp-content\/uploads\/2015\/05\/Spalnya-17watermark.jpg 1000w, https:\/\/asart.com.ua\/wp-content\/uploads\/2015\/05\/Spalnya-17watermark-300x200.jpg 300w, https:\/\/asart.com.ua\/wp-content\/uploads\/2015\/05\/Spalnya-17watermark-240x160.jpg 240w\" sizes=\"(max-width: 1000px) 100vw, 1000px\" \/><img loading=\"lazy\" decoding=\"async\" class=\"aligncenter wp-image-4013 size-full colorbox-18054\" src=\"https:\/\/asart.com.ua\/wp-content\/uploads\/2015\/05\/Vanna32watermark.jpg\" alt=\"Koupel\" width=\"680\" height=\"1000\" srcset=\"https:\/\/asart.com.ua\/wp-content\/uploads\/2015\/05\/Vanna32watermark.jpg 680w, https:\/\/asart.com.ua\/wp-content\/uploads\/2015\/05\/Vanna32watermark-204x300.jpg 204w\" sizes=\"(max-width: 680px) 100vw, 680px\" \/><\/p>\n<h2> Profesion\u00e1ln\u00ed designov\u00e9 slu\u017eby.<\/h2>\n<p> V\u011bt\u0161ina dvoupokojov\u00fdch byt\u016f, bez ohledu na to, zda jsou nov\u00e9 nebo ji\u017e d\u00e1vno postaven\u00e9, m\u016f\u017ee b\u00fdt vybavena mal\u00fdmi kuchyn\u011bmi, \u00fazkou chodbou, kombinovanou koupelnou nebo pr\u016fchoz\u00edmi pokoji. V\u0161echny tyto probl\u00e9my lze vy\u0159e\u0161it pomoc\u00ed spr\u00e1vn\u011b navr\u017een\u00e9ho interi\u00e9ru.<\/p>\n<p> Nejlep\u0161\u00ed firmou, kter\u00e1 vyv\u00edj\u00ed n\u00e1vrhy dvoupokojov\u00fdch byt\u016f, je studio AS-Design. Na\u0161im klient\u016fm z Charkova, Kyjeva, Dn\u011bpropetrovska a dal\u0161\u00edch m\u011bst Ukrajiny nab\u00edz\u00edme:<\/p>\n<ul>\n<li> profesion\u00e1ln\u00ed designov\u00e9 slu\u017eby<\/li>\n<li> p\u0159ijateln\u00e9 ceny<\/li>\n<li> origin\u00e1ln\u00ed n\u00e1pady<\/li>\n<li> z\u00e1ruka kvality<\/li>\n<\/ul>\n<p> Jak\u00fdkoli n\u00e1vrh dvoupokojov\u00e9ho bytu za\u010d\u00edn\u00e1 sch\u016fzkou se z\u00e1kazn\u00edkem. Na\u0161i design\u00e9\u0159i <strong>p\u0159ich\u00e1zej\u00ed p\u0159\u00edmo na str\u00e1nky, aby se s nimi sezn\u00e1mili a zjistili v\u0161echna p\u0159\u00e1n\u00ed a po\u017eadavky klienta<\/strong> . Specialista na m\u00edst\u011b zjist\u00ed v\u0161echny v\u00fdhody a nev\u00fdhody prostor. A tak\u00e9, zda bude pot\u0159ebovat p\u0159estavbu, kolik lid\u00ed v n\u011bm bude bydlet, zda budou d\u011bti a zda bude pot\u0159eba d\u011btsk\u00fd pokoj.<\/p>\n<p> D\u00e1le n\u00e1vrh\u00e1\u0159 nab\u00edz\u00ed mo\u017enosti designu interi\u00e9ru, tak\u017ee si m\u016f\u017eete vybrat styl, kter\u00fd v\u00e1m vyhovuje. M\u016f\u017ee b\u00fdt spole\u010dn\u00fd pro cel\u00fd pokoj nebo samostatn\u00fd styl pro ka\u017ed\u00fd pokoj. Pokud m\u00e1te studio, kter\u00e9 kombinuje kuchy\u0148, ob\u00fdvac\u00ed pokoj, chodbu a pouze samostatnou lo\u017enici, odborn\u00edci ze studia AS-Design doporu\u010duj\u00ed pou\u017e\u00edt dva styly.<\/p>\n<p> Design\u00e9\u0159i na\u0161eho studia vytvo\u0159\u00ed pro v\u0161echny klienty z Charkova, Kyjeva, Dn\u011bpropetrovska:<\/p>\n<ul>\n<li> unik\u00e1tn\u00ed<\/li>\n<li> unik\u00e1tn\u00ed<\/li>\n<li> v\u00fdhradn\u00ed<\/li>\n<\/ul>\n<p> design dvoupokojov\u00e9ho bytu, bez ohledu na jeho velikost, m\u016f\u017ee b\u00fdt mal\u00fd nebo velk\u00fd. <em>Dok\u00e1\u017eeme vymezit z\u00f3ny va\u0161eho prostoru pro relaxaci a pr\u00e1ci, m\u016f\u017eeme zm\u011bnit dispozice<\/em> , m\u016f\u017eeme z va\u0161eho pokoje ud\u011blat garsonku odstran\u011bn\u00edm st\u011bn a p\u0159\u00ed\u010dek. Pom\u016f\u017eeme v\u00e1m tak\u00e9 vybrat spr\u00e1vn\u00e9 barevn\u00e9 sch\u00e9ma.<\/p>\n<h3> Kr\u00e1sn\u00e9, stylov\u00e9, m\u00f3dn\u00ed.<\/h3>\n<p> Pro mal\u00e9 dvoupokojov\u00e9 byty jsou vhodn\u011bj\u0161\u00ed sv\u011btl\u00e9 barvy, opticky roz\u0161i\u0159uj\u00ed prostor. Pro studio m\u016f\u017eete pou\u017e\u00edt tmav\u00e9 barvy. Pom\u016f\u017eeme v\u00e1m tak\u00e9 vybrat a uspo\u0159\u00e1dat n\u00e1bytek tak, aby zab\u00edral co nejm\u00e9n\u011b m\u00edsta a byl st\u00e1le funk\u010dn\u00ed.<\/p>\n<p> AS-Design studio vyvine kr\u00e1sn\u00fd interi\u00e9rov\u00fd design, d\u00edky kter\u00e9mu bude v\u00e1\u0161 dvoupokojov\u00fd byt pohodln\u00fd a \u00fatuln\u00fd.<\/p>\n","protected":false},"excerpt":{"rendered":"<p>Dvoupokojov\u00e9 byty jsou na Ukrajin\u011b obl\u00edben\u00fdm <a class=\"continue_link\" href=\"https:\/\/asart.com.ua\/cs\/dizajn-kvartir\/2-komnatnaja\/\">\u0427\u0438\u0442\u0430\u0442\u044c \u0434\u0430\u043b\u0435\u0435 >><\/a><\/p>\n","protected":false},"author":6,"featured_media":0,"parent":17992,"menu_order":0,"comment_status":"closed","ping_status":"closed","template":"","meta":{"footnotes":""},"acf":[],"aioseo_notices":[],"_links":{"self":[{"href":"https:\/\/asart.com.ua\/cs\/wp-json\/wp\/v2\/pages\/18054"}],"collection":[{"href":"https:\/\/asart.com.ua\/cs\/wp-json\/wp\/v2\/pages"}],"about":[{"href":"https:\/\/asart.com.ua\/cs\/wp-json\/wp\/v2\/types\/page"}],"author":[{"embeddable":true,"href":"https:\/\/asart.com.ua\/cs\/wp-json\/wp\/v2\/users\/6"}],"replies":[{"embeddable":true,"href":"https:\/\/asart.com.ua\/cs\/wp-json\/wp\/v2\/comments?post=18054"}],"version-history":[{"count":1,"href":"https:\/\/asart.com.ua\/cs\/wp-json\/wp\/v2\/pages\/18054\/revisions"}],"predecessor-version":[{"id":18057,"href":"https:\/\/asart.com.ua\/cs\/wp-json\/wp\/v2\/pages\/18054\/revisions\/18057"}],"up":[{"embeddable":true,"href":"https:\/\/asart.com.ua\/cs\/wp-json\/wp\/v2\/pages\/17992"}],"wp:attachment":[{"href":"https:\/\/asart.com.ua\/cs\/wp-json\/wp\/v2\/media?parent=18054"}],"curies":[{"name":"wp","href":"https:\/\/api.w.org\/{rel}","templated":true}]}}