{"id":18046,"date":"2016-04-27T16:34:07","date_gmt":"2016-04-27T13:34:07","guid":{"rendered":"https:\/\/asart.com.ua\/dizajn-kvartir\/bolshih\/"},"modified":"2024-09-17T17:56:52","modified_gmt":"2024-09-17T14:56:52","slug":"bolshih","status":"publish","type":"page","link":"https:\/\/asart.com.ua\/cs\/dizajn-kvartir\/bolshih\/","title":{"rendered":"N\u00e1vrh interi\u00e9ru pro velk\u00e9 byty"},"content":{"rendered":"<p>Studio &#8220;AS-Design&#8221; m\u00e1 rozs\u00e1hl\u00e9 zku\u0161enosti s poskytov\u00e1n\u00edm designov\u00fdch slu\u017eeb bez ohledu na velikost m\u00edstnosti. Na\u0161i design\u00e9\u0159i pro v\u00e1s vyvinou:<\/p>\n<ul>\n<li>unik\u00e1tn\u00ed<\/li>\n<li>origin\u00e1l<\/li>\n<li>Kr\u00e1sn\u00e1<\/li>\n<li>modern\u00ed<\/li>\n<\/ul>\n<p><a href=\"https:\/\/asart.com.ua\/wp-content\/uploads\/2021\/02\/foto-marashal-zhukova-001-30watermark-1-1.jpg\"><img loading=\"lazy\" decoding=\"async\" class=\"aligncenter size-full wp-image-9084 colorbox-18046\" src=\"https:\/\/asart.com.ua\/wp-content\/uploads\/2021\/02\/foto-marashal-zhukova-001-30watermark-1-1.jpg\" alt=\"\" width=\"1200\" height=\"800\" srcset=\"https:\/\/asart.com.ua\/wp-content\/uploads\/2021\/02\/foto-marashal-zhukova-001-30watermark-1-1.jpg 1200w, https:\/\/asart.com.ua\/wp-content\/uploads\/2021\/02\/foto-marashal-zhukova-001-30watermark-1-1-300x200.jpg 300w, https:\/\/asart.com.ua\/wp-content\/uploads\/2021\/02\/foto-marashal-zhukova-001-30watermark-1-1-1024x683.jpg 1024w, https:\/\/asart.com.ua\/wp-content\/uploads\/2021\/02\/foto-marashal-zhukova-001-30watermark-1-1-768x512.jpg 768w, https:\/\/asart.com.ua\/wp-content\/uploads\/2021\/02\/foto-marashal-zhukova-001-30watermark-1-1-240x160.jpg 240w\" sizes=\"(max-width: 1200px) 100vw, 1200px\" \/><\/a><\/p>\n<p><a href=\"https:\/\/asart.com.ua\/wp-content\/uploads\/2021\/02\/foto-marashal-zhukova-001-17watermark-1-1.jpg\"><img loading=\"lazy\" decoding=\"async\" class=\"aligncenter size-full wp-image-9068 colorbox-18046\" src=\"https:\/\/asart.com.ua\/wp-content\/uploads\/2021\/02\/foto-marashal-zhukova-001-17watermark-1-1.jpg\" alt=\"\" width=\"1200\" height=\"800\" srcset=\"https:\/\/asart.com.ua\/wp-content\/uploads\/2021\/02\/foto-marashal-zhukova-001-17watermark-1-1.jpg 1200w, https:\/\/asart.com.ua\/wp-content\/uploads\/2021\/02\/foto-marashal-zhukova-001-17watermark-1-1-300x200.jpg 300w, https:\/\/asart.com.ua\/wp-content\/uploads\/2021\/02\/foto-marashal-zhukova-001-17watermark-1-1-1024x683.jpg 1024w, https:\/\/asart.com.ua\/wp-content\/uploads\/2021\/02\/foto-marashal-zhukova-001-17watermark-1-1-768x512.jpg 768w, https:\/\/asart.com.ua\/wp-content\/uploads\/2021\/02\/foto-marashal-zhukova-001-17watermark-1-1-240x160.jpg 240w\" sizes=\"(max-width: 1200px) 100vw, 1200px\" \/><\/a><\/p>\n<p><a href=\"https:\/\/asart.com.ua\/wp-content\/uploads\/2021\/02\/foto-marashal-zhukova-001-33watermark-1-1.jpg\"><img loading=\"lazy\" decoding=\"async\" class=\"aligncenter size-full wp-image-9088 colorbox-18046\" src=\"https:\/\/asart.com.ua\/wp-content\/uploads\/2021\/02\/foto-marashal-zhukova-001-33watermark-1-1.jpg\" alt=\"\" width=\"1200\" height=\"800\" srcset=\"https:\/\/asart.com.ua\/wp-content\/uploads\/2021\/02\/foto-marashal-zhukova-001-33watermark-1-1.jpg 1200w, https:\/\/asart.com.ua\/wp-content\/uploads\/2021\/02\/foto-marashal-zhukova-001-33watermark-1-1-300x200.jpg 300w, https:\/\/asart.com.ua\/wp-content\/uploads\/2021\/02\/foto-marashal-zhukova-001-33watermark-1-1-1024x683.jpg 1024w, https:\/\/asart.com.ua\/wp-content\/uploads\/2021\/02\/foto-marashal-zhukova-001-33watermark-1-1-768x512.jpg 768w, https:\/\/asart.com.ua\/wp-content\/uploads\/2021\/02\/foto-marashal-zhukova-001-33watermark-1-1-240x160.jpg 240w\" sizes=\"(max-width: 1200px) 100vw, 1200px\" \/><\/a><\/p>\n<p>&nbsp;<\/p>\n<p><a href=\"https:\/\/asart.com.ua\/wp-content\/uploads\/2021\/02\/foto-marashal-zhukova-001-8watermark-1-1.jpg\"><img loading=\"lazy\" decoding=\"async\" class=\"aligncenter size-full wp-image-9058 colorbox-18046\" src=\"https:\/\/asart.com.ua\/wp-content\/uploads\/2021\/02\/foto-marashal-zhukova-001-8watermark-1-1.jpg\" alt=\"\" width=\"1200\" height=\"800\" srcset=\"https:\/\/asart.com.ua\/wp-content\/uploads\/2021\/02\/foto-marashal-zhukova-001-8watermark-1-1.jpg 1200w, https:\/\/asart.com.ua\/wp-content\/uploads\/2021\/02\/foto-marashal-zhukova-001-8watermark-1-1-300x200.jpg 300w, https:\/\/asart.com.ua\/wp-content\/uploads\/2021\/02\/foto-marashal-zhukova-001-8watermark-1-1-1024x683.jpg 1024w, https:\/\/asart.com.ua\/wp-content\/uploads\/2021\/02\/foto-marashal-zhukova-001-8watermark-1-1-768x512.jpg 768w, https:\/\/asart.com.ua\/wp-content\/uploads\/2021\/02\/foto-marashal-zhukova-001-8watermark-1-1-240x160.jpg 240w\" sizes=\"(max-width: 1200px) 100vw, 1200px\" \/><\/a><\/p>\n<p><a href=\"https:\/\/asart.com.ua\/wp-content\/uploads\/2021\/02\/foto-marashal-zhukova-001-37watermark-1-1.jpg\"><img loading=\"lazy\" decoding=\"async\" class=\"aligncenter size-full wp-image-9108 colorbox-18046\" src=\"https:\/\/asart.com.ua\/wp-content\/uploads\/2021\/02\/foto-marashal-zhukova-001-37watermark-1-1.jpg\" alt=\"\" width=\"1200\" height=\"800\" srcset=\"https:\/\/asart.com.ua\/wp-content\/uploads\/2021\/02\/foto-marashal-zhukova-001-37watermark-1-1.jpg 1200w, https:\/\/asart.com.ua\/wp-content\/uploads\/2021\/02\/foto-marashal-zhukova-001-37watermark-1-1-300x200.jpg 300w, https:\/\/asart.com.ua\/wp-content\/uploads\/2021\/02\/foto-marashal-zhukova-001-37watermark-1-1-1024x683.jpg 1024w, https:\/\/asart.com.ua\/wp-content\/uploads\/2021\/02\/foto-marashal-zhukova-001-37watermark-1-1-768x512.jpg 768w, https:\/\/asart.com.ua\/wp-content\/uploads\/2021\/02\/foto-marashal-zhukova-001-37watermark-1-1-240x160.jpg 240w\" sizes=\"(max-width: 1200px) 100vw, 1200px\" \/><\/a><\/p>\n<p><a href=\"https:\/\/asart.com.ua\/wp-content\/uploads\/2021\/02\/foto-marashal-zhukova-001-41watermark-1-1.jpg\"><img loading=\"lazy\" decoding=\"async\" class=\"aligncenter size-full wp-image-9114 colorbox-18046\" src=\"https:\/\/asart.com.ua\/wp-content\/uploads\/2021\/02\/foto-marashal-zhukova-001-41watermark-1-1.jpg\" alt=\"\" width=\"1200\" height=\"800\" srcset=\"https:\/\/asart.com.ua\/wp-content\/uploads\/2021\/02\/foto-marashal-zhukova-001-41watermark-1-1.jpg 1200w, https:\/\/asart.com.ua\/wp-content\/uploads\/2021\/02\/foto-marashal-zhukova-001-41watermark-1-1-300x200.jpg 300w, https:\/\/asart.com.ua\/wp-content\/uploads\/2021\/02\/foto-marashal-zhukova-001-41watermark-1-1-1024x683.jpg 1024w, https:\/\/asart.com.ua\/wp-content\/uploads\/2021\/02\/foto-marashal-zhukova-001-41watermark-1-1-768x512.jpg 768w, https:\/\/asart.com.ua\/wp-content\/uploads\/2021\/02\/foto-marashal-zhukova-001-41watermark-1-1-240x160.jpg 240w\" sizes=\"(max-width: 1200px) 100vw, 1200px\" \/><\/a><\/p>\n<p><a href=\"https:\/\/asart.com.ua\/wp-content\/uploads\/2021\/02\/foto-marashal-zhukova-001-59watermark-1-1.jpg\"><img loading=\"lazy\" decoding=\"async\" class=\"aligncenter size-full wp-image-9136 colorbox-18046\" src=\"https:\/\/asart.com.ua\/wp-content\/uploads\/2021\/02\/foto-marashal-zhukova-001-59watermark-1-1.jpg\" alt=\"\" width=\"1200\" height=\"800\" srcset=\"https:\/\/asart.com.ua\/wp-content\/uploads\/2021\/02\/foto-marashal-zhukova-001-59watermark-1-1.jpg 1200w, https:\/\/asart.com.ua\/wp-content\/uploads\/2021\/02\/foto-marashal-zhukova-001-59watermark-1-1-300x200.jpg 300w, https:\/\/asart.com.ua\/wp-content\/uploads\/2021\/02\/foto-marashal-zhukova-001-59watermark-1-1-1024x683.jpg 1024w, https:\/\/asart.com.ua\/wp-content\/uploads\/2021\/02\/foto-marashal-zhukova-001-59watermark-1-1-768x512.jpg 768w, https:\/\/asart.com.ua\/wp-content\/uploads\/2021\/02\/foto-marashal-zhukova-001-59watermark-1-1-240x160.jpg 240w\" sizes=\"(max-width: 1200px) 100vw, 1200px\" \/><\/a><\/p>\n<p><a href=\"https:\/\/asart.com.ua\/wp-content\/uploads\/2021\/02\/foto-marashal-zhukova-001-60watermark-1-1.jpg\"><img loading=\"lazy\" decoding=\"async\" class=\"aligncenter size-full wp-image-9138 colorbox-18046\" src=\"https:\/\/asart.com.ua\/wp-content\/uploads\/2021\/02\/foto-marashal-zhukova-001-60watermark-1-1.jpg\" alt=\"\" width=\"1200\" height=\"800\" srcset=\"https:\/\/asart.com.ua\/wp-content\/uploads\/2021\/02\/foto-marashal-zhukova-001-60watermark-1-1.jpg 1200w, https:\/\/asart.com.ua\/wp-content\/uploads\/2021\/02\/foto-marashal-zhukova-001-60watermark-1-1-300x200.jpg 300w, https:\/\/asart.com.ua\/wp-content\/uploads\/2021\/02\/foto-marashal-zhukova-001-60watermark-1-1-1024x683.jpg 1024w, https:\/\/asart.com.ua\/wp-content\/uploads\/2021\/02\/foto-marashal-zhukova-001-60watermark-1-1-768x512.jpg 768w, https:\/\/asart.com.ua\/wp-content\/uploads\/2021\/02\/foto-marashal-zhukova-001-60watermark-1-1-240x160.jpg 240w\" sizes=\"(max-width: 1200px) 100vw, 1200px\" \/><\/a> <a href=\"https:\/\/asart.com.ua\/wp-content\/uploads\/2021\/02\/foto-marashal-zhukova-001-54watermark-1-1.jpg\"><img loading=\"lazy\" decoding=\"async\" class=\"aligncenter size-full wp-image-9128 colorbox-18046\" src=\"https:\/\/asart.com.ua\/wp-content\/uploads\/2021\/02\/foto-marashal-zhukova-001-54watermark-1-1.jpg\" alt=\"\" width=\"1200\" height=\"800\" srcset=\"https:\/\/asart.com.ua\/wp-content\/uploads\/2021\/02\/foto-marashal-zhukova-001-54watermark-1-1.jpg 1200w, https:\/\/asart.com.ua\/wp-content\/uploads\/2021\/02\/foto-marashal-zhukova-001-54watermark-1-1-300x200.jpg 300w, https:\/\/asart.com.ua\/wp-content\/uploads\/2021\/02\/foto-marashal-zhukova-001-54watermark-1-1-1024x683.jpg 1024w, https:\/\/asart.com.ua\/wp-content\/uploads\/2021\/02\/foto-marashal-zhukova-001-54watermark-1-1-768x512.jpg 768w, https:\/\/asart.com.ua\/wp-content\/uploads\/2021\/02\/foto-marashal-zhukova-001-54watermark-1-1-240x160.jpg 240w\" sizes=\"(max-width: 1200px) 100vw, 1200px\" \/><\/a><\/p>\n<p>interi\u00e9rov\u00fd design velk\u00fdch i mal\u00fdch byt\u016f. Pom\u016f\u017eeme v\u00e1m vytvo\u0159it pohodln\u00fd a \u00fatuln\u00fd domov, do kter\u00e9ho se budete r\u00e1di vracet po n\u00e1ro\u010dn\u00e9m dni v pr\u00e1ci. Dal\u0161\u00edm d\u016fle\u017eit\u00fdm aspektem ka\u017ed\u00e9 rekonstrukce je spr\u00e1vn\u00fd v\u00fdb\u011br a rozm\u00edst\u011bn\u00ed n\u00e1bytku v m\u00edstnostech, s touto problematikou v\u00e1m pomohou na\u0161i specialist\u00e9.<\/p>\n<h2>Zvl\u00e1\u0161tn\u00ed p\u0159\u00edstup ke ka\u017ed\u00e9 m\u00edstnosti.<\/h2>\n<p>P\u0159i v\u00fdvoji projektu interi\u00e9ru hraje velikost m\u00edstnosti obrovskou roli. Velk\u00e9 byty poskytuj\u00ed p\u0159\u00edle\u017eitost uv\u00e9st do \u017eivota ty nejambici\u00f3zn\u011bj\u0161\u00ed n\u00e1pady. Velk\u00fd prostor umo\u017e\u0148uje, aby si ka\u017ed\u00fd \u010dlen rodiny uspo\u0159\u00e1dal sv\u016fj vlastn\u00ed koutek. <strong>Mohou to b\u00fdt dva nebo t\u0159i d\u011btsk\u00e9 pokoje, velk\u00fd ob\u00fdvac\u00ed pokoj, prostorn\u00e1 kuchyn\u011b nebo velk\u00e1 lo\u017enice<\/strong> . \u010casto se v ob\u00fdvac\u00edch pokoj\u00edch nach\u00e1z\u00ed relaxa\u010dn\u00ed z\u00f3na s krbem.<\/p>\n<p>D\u016fle\u017eit\u00fdm bodem je vypracov\u00e1n\u00ed spr\u00e1vn\u00e9ho projektu designu interi\u00e9ru pro velk\u00fd byt. Na\u0161i design\u00e9\u0159i, berouce v \u00favahu v\u0161echna va\u0161e p\u0159\u00e1n\u00ed a po\u017eadavky, nab\u00eddnou na v\u00fdb\u011br n\u011bkolik mo\u017enost\u00ed, abyste vybrali tu nejvhodn\u011bj\u0161\u00ed. K tomu specialist\u00e9 jdou p\u0159\u00edmo na m\u00edsto ve m\u011bst\u011b Charkov nebo Dn\u011bpropetrovsk, aby posoudili prostory, um\u00edst\u011bn\u00ed m\u00edstnost\u00ed a provedli pot\u0159ebn\u00e1 m\u011b\u0159en\u00ed na m\u00edst\u011b. Um\u00edst\u011bn\u00ed a velikost m\u00edstnost\u00ed a chodeb m\u00e1 vliv na to, zda bude nutn\u00e9 p\u0159estavbou a demolic\u00ed n\u011bkter\u00fdch st\u011bn spojit nap\u0159\u00edklad kuchy\u0148 a ob\u00fdvac\u00ed pokoj, malou lo\u017enici a d\u011btsk\u00fd pokoj. V n\u011bkter\u00fdch p\u0159\u00edpadech je kv\u016fli velk\u00e9 velikosti jedna m\u00edstnost rozd\u011blena na dv\u011b pomoc\u00ed p\u0159\u00ed\u010dek. M\u016f\u017eete si tak vytvo\u0159it nap\u0159\u00edklad ob\u00fdvac\u00ed pokoj a krb.<\/p>\n<p>P\u0159i objedn\u00e1v\u00e1n\u00ed designu velk\u00e9ho bytu si mus\u00edte vybrat styl interi\u00e9ru. <em>M\u016f\u017ee b\u00fdt klasick\u00fd, modern\u00ed, etnick\u00fd, futuristick\u00fd a jak\u00fdkoli jin\u00fd podle va\u0161eho p\u0159\u00e1n\u00ed<\/em> . M\u016f\u017eete pou\u017e\u00edt kombinaci r\u016fzn\u00fdch styl\u016f, hlavn\u00ed v\u011bc je, \u017ee se navz\u00e1jem kombinuj\u00ed a hladce p\u0159ech\u00e1zej\u00ed do sebe. Je tak\u00e9 nutn\u00e9 rozhodnout o barevn\u00e9m \u0159e\u0161en\u00ed velk\u00e9ho bytu. Je t\u0159eba si uv\u011bdomit, \u017ee sv\u011btl\u00e9 barvy vizu\u00e1ln\u011b roz\u0161i\u0159uj\u00ed m\u00edstnost.<\/p>\n<p><a href=\"https:\/\/asart.com.ua\/wp-content\/uploads\/2020\/10\/dizajn-kvartiry-v-sovremennom-minimalizme-1watermark.jpg\"><img loading=\"lazy\" decoding=\"async\" class=\"aligncenter size-full wp-image-8277 colorbox-18046\" src=\"https:\/\/asart.com.ua\/wp-content\/uploads\/2020\/10\/dizajn-kvartiry-v-sovremennom-minimalizme-1watermark.jpg\" alt=\"\" width=\"1000\" height=\"667\" srcset=\"https:\/\/asart.com.ua\/wp-content\/uploads\/2020\/10\/dizajn-kvartiry-v-sovremennom-minimalizme-1watermark.jpg 1000w, https:\/\/asart.com.ua\/wp-content\/uploads\/2020\/10\/dizajn-kvartiry-v-sovremennom-minimalizme-1watermark-300x200.jpg 300w, https:\/\/asart.com.ua\/wp-content\/uploads\/2020\/10\/dizajn-kvartiry-v-sovremennom-minimalizme-1watermark-768x512.jpg 768w, https:\/\/asart.com.ua\/wp-content\/uploads\/2020\/10\/dizajn-kvartiry-v-sovremennom-minimalizme-1watermark-240x160.jpg 240w\" sizes=\"(max-width: 1000px) 100vw, 1000px\" \/><\/a><\/p>\n<p>&nbsp;<\/p>\n<p><a href=\"https:\/\/asart.com.ua\/wp-content\/uploads\/2020\/10\/dizajn-kvartiry-v-sovremennom-minimalizme-52watermark.jpg\"><img loading=\"lazy\" decoding=\"async\" class=\"aligncenter size-full wp-image-8379 colorbox-18046\" src=\"https:\/\/asart.com.ua\/wp-content\/uploads\/2020\/10\/dizajn-kvartiry-v-sovremennom-minimalizme-52watermark.jpg\" alt=\"\" width=\"1000\" height=\"667\" srcset=\"https:\/\/asart.com.ua\/wp-content\/uploads\/2020\/10\/dizajn-kvartiry-v-sovremennom-minimalizme-52watermark.jpg 1000w, https:\/\/asart.com.ua\/wp-content\/uploads\/2020\/10\/dizajn-kvartiry-v-sovremennom-minimalizme-52watermark-300x200.jpg 300w, https:\/\/asart.com.ua\/wp-content\/uploads\/2020\/10\/dizajn-kvartiry-v-sovremennom-minimalizme-52watermark-768x512.jpg 768w, https:\/\/asart.com.ua\/wp-content\/uploads\/2020\/10\/dizajn-kvartiry-v-sovremennom-minimalizme-52watermark-240x160.jpg 240w\" sizes=\"(max-width: 1000px) 100vw, 1000px\" \/><\/a><\/p>\n<p><a href=\"https:\/\/asart.com.ua\/wp-content\/uploads\/2020\/10\/dizajn-kvartiry-v-sovremennom-minimalizme-47watermark.jpg\"><img loading=\"lazy\" decoding=\"async\" class=\"aligncenter size-full wp-image-8369 colorbox-18046\" src=\"https:\/\/asart.com.ua\/wp-content\/uploads\/2020\/10\/dizajn-kvartiry-v-sovremennom-minimalizme-47watermark.jpg\" alt=\"\" width=\"1000\" height=\"667\" srcset=\"https:\/\/asart.com.ua\/wp-content\/uploads\/2020\/10\/dizajn-kvartiry-v-sovremennom-minimalizme-47watermark.jpg 1000w, https:\/\/asart.com.ua\/wp-content\/uploads\/2020\/10\/dizajn-kvartiry-v-sovremennom-minimalizme-47watermark-300x200.jpg 300w, https:\/\/asart.com.ua\/wp-content\/uploads\/2020\/10\/dizajn-kvartiry-v-sovremennom-minimalizme-47watermark-768x512.jpg 768w, https:\/\/asart.com.ua\/wp-content\/uploads\/2020\/10\/dizajn-kvartiry-v-sovremennom-minimalizme-47watermark-240x160.jpg 240w\" sizes=\"(max-width: 1000px) 100vw, 1000px\" \/><\/a><\/p>\n<p><a href=\"https:\/\/asart.com.ua\/wp-content\/uploads\/2020\/10\/dizajn-kvartiry-v-sovremennom-minimalizme-20watermark.jpg\"><img loading=\"lazy\" decoding=\"async\" class=\"aligncenter size-full wp-image-8315 colorbox-18046\" src=\"https:\/\/asart.com.ua\/wp-content\/uploads\/2020\/10\/dizajn-kvartiry-v-sovremennom-minimalizme-20watermark.jpg\" alt=\"\" width=\"1000\" height=\"667\" srcset=\"https:\/\/asart.com.ua\/wp-content\/uploads\/2020\/10\/dizajn-kvartiry-v-sovremennom-minimalizme-20watermark.jpg 1000w, https:\/\/asart.com.ua\/wp-content\/uploads\/2020\/10\/dizajn-kvartiry-v-sovremennom-minimalizme-20watermark-300x200.jpg 300w, https:\/\/asart.com.ua\/wp-content\/uploads\/2020\/10\/dizajn-kvartiry-v-sovremennom-minimalizme-20watermark-768x512.jpg 768w, https:\/\/asart.com.ua\/wp-content\/uploads\/2020\/10\/dizajn-kvartiry-v-sovremennom-minimalizme-20watermark-240x160.jpg 240w\" sizes=\"(max-width: 1000px) 100vw, 1000px\" \/><\/a> <a href=\"https:\/\/asart.com.ua\/wp-content\/uploads\/2020\/10\/dizajn-kvartiry-v-sovremennom-minimalizme-45watermark.jpg\"><img loading=\"lazy\" decoding=\"async\" class=\"aligncenter size-full wp-image-8365 colorbox-18046\" src=\"https:\/\/asart.com.ua\/wp-content\/uploads\/2020\/10\/dizajn-kvartiry-v-sovremennom-minimalizme-45watermark.jpg\" alt=\"\" width=\"1000\" height=\"667\" srcset=\"https:\/\/asart.com.ua\/wp-content\/uploads\/2020\/10\/dizajn-kvartiry-v-sovremennom-minimalizme-45watermark.jpg 1000w, https:\/\/asart.com.ua\/wp-content\/uploads\/2020\/10\/dizajn-kvartiry-v-sovremennom-minimalizme-45watermark-300x200.jpg 300w, https:\/\/asart.com.ua\/wp-content\/uploads\/2020\/10\/dizajn-kvartiry-v-sovremennom-minimalizme-45watermark-768x512.jpg 768w, https:\/\/asart.com.ua\/wp-content\/uploads\/2020\/10\/dizajn-kvartiry-v-sovremennom-minimalizme-45watermark-240x160.jpg 240w\" sizes=\"(max-width: 1000px) 100vw, 1000px\" \/><\/a><\/p>\n<h3>Rozs\u00e1hl\u00e9 zku\u0161enosti s poskytov\u00e1n\u00edm designov\u00fdch slu\u017eeb.<\/h3>\n<p>Studio &#8220;AS-Design&#8221; nab\u00edz\u00ed sv\u00fdm klient\u016fm z Charkova, Kyjeva, Dn\u011bpropetrovska a ukrajinsk\u00fdch m\u011bst:<\/p>\n<ul>\n<li>v\u00fdvoj exkluzivn\u00edho designu<\/li>\n<li>p\u0159ijateln\u00e9 ceny za designov\u00e9 slu\u017eby<\/li>\n<li>dokon\u010den\u00ed pr\u00e1ce v\u010das<\/li>\n<\/ul>\n<p>Na\u0161i design\u00e9\u0159i z\u00fatuln\u00ed a z\u00fatuln\u00ed v\u00e1\u0161 velk\u00fd byt, pomohou v\u00e1m vybrat ten spr\u00e1vn\u00fd design, styl, barvu, pot\u0159ebn\u00fd n\u00e1bytek a dopl\u0148ky do interi\u00e9ru.<\/p>\n","protected":false},"excerpt":{"rendered":"<p>Studio &#8220;AS-Design&#8221; m\u00e1 rozs\u00e1hl\u00e9 zku\u0161enosti s <a class=\"continue_link\" href=\"https:\/\/asart.com.ua\/cs\/dizajn-kvartir\/bolshih\/\">\u0427\u0438\u0442\u0430\u0442\u044c \u0434\u0430\u043b\u0435\u0435 >><\/a><\/p>\n","protected":false},"author":6,"featured_media":0,"parent":17992,"menu_order":0,"comment_status":"closed","ping_status":"closed","template":"","meta":{"footnotes":""},"acf":[],"aioseo_notices":[],"_links":{"self":[{"href":"https:\/\/asart.com.ua\/cs\/wp-json\/wp\/v2\/pages\/18046"}],"collection":[{"href":"https:\/\/asart.com.ua\/cs\/wp-json\/wp\/v2\/pages"}],"about":[{"href":"https:\/\/asart.com.ua\/cs\/wp-json\/wp\/v2\/types\/page"}],"author":[{"embeddable":true,"href":"https:\/\/asart.com.ua\/cs\/wp-json\/wp\/v2\/users\/6"}],"replies":[{"embeddable":true,"href":"https:\/\/asart.com.ua\/cs\/wp-json\/wp\/v2\/comments?post=18046"}],"version-history":[{"count":3,"href":"https:\/\/asart.com.ua\/cs\/wp-json\/wp\/v2\/pages\/18046\/revisions"}],"predecessor-version":[{"id":20966,"href":"https:\/\/asart.com.ua\/cs\/wp-json\/wp\/v2\/pages\/18046\/revisions\/20966"}],"up":[{"embeddable":true,"href":"https:\/\/asart.com.ua\/cs\/wp-json\/wp\/v2\/pages\/17992"}],"wp:attachment":[{"href":"https:\/\/asart.com.ua\/cs\/wp-json\/wp\/v2\/media?parent=18046"}],"curies":[{"name":"wp","href":"https:\/\/api.w.org\/{rel}","templated":true}]}}