{"id":18043,"date":"2017-08-01T10:07:23","date_gmt":"2017-08-01T07:07:23","guid":{"rendered":"https:\/\/asart.com.ua\/dizajn-kvartir\/stile-kantri\/"},"modified":"2023-11-27T15:09:03","modified_gmt":"2023-11-27T12:09:03","slug":"stile-kantri","status":"publish","type":"page","link":"https:\/\/asart.com.ua\/cs\/dizajn-kvartir\/stile-kantri\/","title":{"rendered":"Bytov\u00fd design ve venkovsk\u00e9m stylu"},"content":{"rendered":"<p>Designov\u00fd venkovsk\u00fd styl je v Charkov\u011b obl\u00edben\u00fd a \u017e\u00e1dan\u00fd. Mnoho klient\u016f na\u0161eho studia si objedn\u00e1v\u00e1 v\u00fdvoj designov\u00e9ho projektu pro byt v tomto konkr\u00e9tn\u00edm stylu. Vyzna\u010duje se:<\/p>\n<ul>\n<li> jednoduchost<\/li>\n<li> p\u0159irozenost<\/li>\n<li> funk\u010dnost<\/li>\n<li> prakti\u010dnost<\/li>\n<\/ul>\n<p> Po dlouh\u00e9 dob\u011b neztrat\u00ed sv\u016fj v\u00fdznam. Takov\u00fd interi\u00e9r v ka\u017ed\u00e9m byt\u011b, bez ohledu na jeho velikost, po\u010det pokoj\u016f a uspo\u0159\u00e1d\u00e1n\u00ed, vytv\u00e1\u0159\u00ed pohodlnou a harmonickou atmosf\u00e9ru. Je to tak\u00e9 pohodln\u00e9 a praktick\u00e9 pro \u017eivot, v\u0161echny prvky venkovsk\u00e9 dekorace a designu <strong>lze snadno vy\u010distit a um\u00fdt a n\u00e1bytek a dopl\u0148ky lze snadno p\u0159eskl\u00e1dat a p\u0159emis\u0165ovat<\/strong> . Pro vytvo\u0159en\u00ed:<\/p>\n<ul>\n<li> Kr\u00e1sn\u00e1<\/li>\n<li> unik\u00e1tn\u00ed<\/li>\n<li> zaj\u00edmav\u00fd<\/li>\n<li> modern\u00ed<\/li>\n<\/ul>\n<p> <a href=\"https:\/\/asart.com.ua\/wp-content\/uploads\/2014\/02\/Gostinaya-5watermark.jpg\"><img loading=\"lazy\" decoding=\"async\" class=\"aligncenter size-full wp-image-3223 colorbox-18043\" src=\"https:\/\/asart.com.ua\/wp-content\/uploads\/2014\/02\/Gostinaya-5watermark.jpg\" alt=\"\" width=\"1000\" height=\"667\" srcset=\"https:\/\/asart.com.ua\/wp-content\/uploads\/2014\/02\/Gostinaya-5watermark.jpg 1000w, https:\/\/asart.com.ua\/wp-content\/uploads\/2014\/02\/Gostinaya-5watermark-300x200.jpg 300w, https:\/\/asart.com.ua\/wp-content\/uploads\/2014\/02\/Gostinaya-5watermark-240x160.jpg 240w\" sizes=\"(max-width: 1000px) 100vw, 1000px\" \/><\/a><\/p>\n<p> Pro projekt interi\u00e9ru ve venkovsk\u00e9m stylu je pot\u0159eba v\u00e1\u0161 byt prohl\u00e9dnout, posoudit jeho stav, dispozi\u010dn\u00ed \u0159e\u0161en\u00ed a uspo\u0159\u00e1d\u00e1n\u00ed m\u00edstnosti. A tak\u00e9 zjist\u011bte sv\u00e1 p\u0159\u00e1n\u00ed t\u00fdkaj\u00edc\u00ed se oprav a dokon\u010dovac\u00edch prac\u00ed. Stoj\u00ed za zm\u00ednku, \u017ee pro kone\u010dnou \u00fapravu a renovaci se pou\u017e\u00edvaj\u00ed v\u00fdhradn\u011b p\u0159\u00edrodn\u00ed materi\u00e1ly, jako je d\u0159evo, k\u00e1men a keramick\u00e9 dla\u017edice. St\u011bny bytu mohou b\u00fdt pokryty pap\u00edrov\u00fdmi nebo vinylov\u00fdmi tapetami nebo pokryty dekorativn\u00ed om\u00edtkou. Nejobl\u00edben\u011bj\u0161\u00edmi barvami jsou kv\u011btiny, pruhy a k\u00e1ro.<\/p>\n<h2> P\u0159\u00edrodn\u00ed dokon\u010dovac\u00ed materi\u00e1ly.<\/h2>\n<p> Ve venkovsk\u00e9m interi\u00e9ru lze jako podlahu pou\u017e\u00edt parkety nebo masivn\u00ed desky. Stejn\u011b tak keramick\u00e9 obklady a dekorativn\u00ed k\u00e1men. Pokud jde o strop, m\u016f\u017ee b\u00fdt nat\u0159en ve sv\u011btl\u00e9 barv\u011b nebo zdoben\u00fd d\u0159evem. \u010casto na\u0161i klienti objedn\u00e1vaj\u00ed d\u0159ev\u011bn\u00e9 tr\u00e1my k um\u00edst\u011bn\u00ed na strop. V tomto designov\u00e9m sm\u011bru p\u0159evl\u00e1daj\u00ed p\u0159\u00edrodn\u00ed barvy. Pro dekoraci va\u0161eho bytu si m\u016f\u017eete vybrat b\u00edlou, b\u00e9\u017eovou, modrou, \u017elutou, zelenou, hn\u011bdou, zlatou a st\u0159\u00edbrnou. <\/p>\n<p><img loading=\"lazy\" decoding=\"async\" class=\"aligncenter wp-image-3225 size-full colorbox-18043\" src=\"https:\/\/asart.com.ua\/wp-content\/uploads\/2014\/02\/Gostinaya-9watermark.jpg\" alt=\"Design interi\u00e9ru bytu ve venkovsk\u00e9m stylu\" width=\"1000\" height=\"667\" srcset=\"https:\/\/asart.com.ua\/wp-content\/uploads\/2014\/02\/Gostinaya-9watermark.jpg 1000w, https:\/\/asart.com.ua\/wp-content\/uploads\/2014\/02\/Gostinaya-9watermark-300x200.jpg 300w, https:\/\/asart.com.ua\/wp-content\/uploads\/2014\/02\/Gostinaya-9watermark-240x160.jpg 240w\" sizes=\"(max-width: 1000px) 100vw, 1000px\" \/><\/p>\n<p> <a href=\"https:\/\/asart.com.ua\/wp-content\/uploads\/2014\/02\/Gostinaya-4watermark.jpg\"><img loading=\"lazy\" decoding=\"async\" class=\"aligncenter size-full wp-image-3222 colorbox-18043\" src=\"https:\/\/asart.com.ua\/wp-content\/uploads\/2014\/02\/Gostinaya-4watermark.jpg\" alt=\"\" width=\"1000\" height=\"667\" srcset=\"https:\/\/asart.com.ua\/wp-content\/uploads\/2014\/02\/Gostinaya-4watermark.jpg 1000w, https:\/\/asart.com.ua\/wp-content\/uploads\/2014\/02\/Gostinaya-4watermark-300x200.jpg 300w, https:\/\/asart.com.ua\/wp-content\/uploads\/2014\/02\/Gostinaya-4watermark-240x160.jpg 240w\" sizes=\"(max-width: 1000px) 100vw, 1000px\" \/><\/a><\/p>\n<p> <a href=\"https:\/\/asart.com.ua\/wp-content\/uploads\/2014\/02\/Kuhnya-2watermark.jpg\"><img loading=\"lazy\" decoding=\"async\" class=\"aligncenter size-full wp-image-3211 colorbox-18043\" src=\"https:\/\/asart.com.ua\/wp-content\/uploads\/2014\/02\/Kuhnya-2watermark.jpg\" alt=\"\" width=\"1000\" height=\"667\" srcset=\"https:\/\/asart.com.ua\/wp-content\/uploads\/2014\/02\/Kuhnya-2watermark.jpg 1000w, https:\/\/asart.com.ua\/wp-content\/uploads\/2014\/02\/Kuhnya-2watermark-300x200.jpg 300w, https:\/\/asart.com.ua\/wp-content\/uploads\/2014\/02\/Kuhnya-2watermark-240x160.jpg 240w\" sizes=\"(max-width: 1000px) 100vw, 1000px\" \/><\/a><\/p>\n<p> <a href=\"https:\/\/asart.com.ua\/wp-content\/uploads\/2014\/02\/Kuhnya-8watermark.jpg\"><img loading=\"lazy\" decoding=\"async\" class=\"aligncenter size-full wp-image-3217 colorbox-18043\" src=\"https:\/\/asart.com.ua\/wp-content\/uploads\/2014\/02\/Kuhnya-8watermark.jpg\" alt=\"\" width=\"1000\" height=\"667\" srcset=\"https:\/\/asart.com.ua\/wp-content\/uploads\/2014\/02\/Kuhnya-8watermark.jpg 1000w, https:\/\/asart.com.ua\/wp-content\/uploads\/2014\/02\/Kuhnya-8watermark-300x200.jpg 300w, https:\/\/asart.com.ua\/wp-content\/uploads\/2014\/02\/Kuhnya-8watermark-240x160.jpg 240w\" sizes=\"(max-width: 1000px) 100vw, 1000px\" \/><\/a> <a href=\"https:\/\/asart.com.ua\/wp-content\/uploads\/2014\/02\/holl-6watermark.jpg\"><img loading=\"lazy\" decoding=\"async\" class=\"aligncenter size-full wp-image-3186 colorbox-18043\" src=\"https:\/\/asart.com.ua\/wp-content\/uploads\/2014\/02\/holl-6watermark.jpg\" alt=\"\" width=\"500\" height=\"750\" srcset=\"https:\/\/asart.com.ua\/wp-content\/uploads\/2014\/02\/holl-6watermark.jpg 500w, https:\/\/asart.com.ua\/wp-content\/uploads\/2014\/02\/holl-6watermark-200x300.jpg 200w\" sizes=\"(max-width: 500px) 100vw, 500px\" \/><\/a><\/p>\n<h3> Jedine\u010dn\u00e9 textilie a dopl\u0148ky.<\/h3>\n<p> Krom\u011b dokon\u010dovac\u00edch materi\u00e1l\u016f a barev zauj\u00edm\u00e1 ve venkovsk\u00e9m interi\u00e9rov\u00e9m designu d\u016fle\u017eit\u00e9 m\u00edsto n\u00e1bytek a dopl\u0148ky. N\u00e1bytek by m\u011bl b\u00fdt praktick\u00fd a funk\u010dn\u00ed, vyroben\u00fd z p\u0159\u00edrodn\u00edch materi\u00e1l\u016f. P\u0159ednost se d\u00e1v\u00e1 d\u0159ev\u011bn\u00fdm a kovan\u00fdm n\u00e1bytkov\u00fdm prvk\u016fm. Design\u00e9r Asart vybere nejvhodn\u011bj\u0161\u00ed n\u00e1bytek, dopl\u0148ky a textilie do va\u0161eho bytu. <em>Textil by m\u011bl b\u00fdt vyroben pouze z p\u0159\u00edrodn\u00edch materi\u00e1l\u016f<\/em> . Sv\u016fj design interi\u00e9ru ve venkovsk\u00e9m stylu m\u016f\u017eete zv\u00fdraznit lampami a lampami s l\u00e1tkov\u00fdmi st\u00ednidly.<\/p>\n<p> Na\u0161e studio v\u00e1m vytvo\u0159\u00ed jedine\u010dn\u00fd design interi\u00e9ru bytu ve venkovsk\u00e9m stylu. U\u010din\u00ed v\u00e1\u0161 domov pohodln\u00fdm a funk\u010dn\u00edm a tak\u00e9 vytvo\u0159\u00ed \u00fatulnou a harmonickou atmosf\u00e9ru.<\/p>\n","protected":false},"excerpt":{"rendered":"<p>Designov\u00fd venkovsk\u00fd styl je v Charkov\u011b <a class=\"continue_link\" href=\"https:\/\/asart.com.ua\/cs\/dizajn-kvartir\/stile-kantri\/\">\u0427\u0438\u0442\u0430\u0442\u044c \u0434\u0430\u043b\u0435\u0435 >><\/a><\/p>\n","protected":false},"author":6,"featured_media":0,"parent":17992,"menu_order":0,"comment_status":"closed","ping_status":"closed","template":"","meta":{"footnotes":""},"acf":[],"aioseo_notices":[],"_links":{"self":[{"href":"https:\/\/asart.com.ua\/cs\/wp-json\/wp\/v2\/pages\/18043"}],"collection":[{"href":"https:\/\/asart.com.ua\/cs\/wp-json\/wp\/v2\/pages"}],"about":[{"href":"https:\/\/asart.com.ua\/cs\/wp-json\/wp\/v2\/types\/page"}],"author":[{"embeddable":true,"href":"https:\/\/asart.com.ua\/cs\/wp-json\/wp\/v2\/users\/6"}],"replies":[{"embeddable":true,"href":"https:\/\/asart.com.ua\/cs\/wp-json\/wp\/v2\/comments?post=18043"}],"version-history":[{"count":1,"href":"https:\/\/asart.com.ua\/cs\/wp-json\/wp\/v2\/pages\/18043\/revisions"}],"predecessor-version":[{"id":18597,"href":"https:\/\/asart.com.ua\/cs\/wp-json\/wp\/v2\/pages\/18043\/revisions\/18597"}],"up":[{"embeddable":true,"href":"https:\/\/asart.com.ua\/cs\/wp-json\/wp\/v2\/pages\/17992"}],"wp:attachment":[{"href":"https:\/\/asart.com.ua\/cs\/wp-json\/wp\/v2\/media?parent=18043"}],"curies":[{"name":"wp","href":"https:\/\/api.w.org\/{rel}","templated":true}]}}