{"id":18040,"date":"2016-06-15T14:04:00","date_gmt":"2016-06-15T11:04:00","guid":{"rendered":"https:\/\/asart.com.ua\/dizajn-kvartir\/dvuxetazhnoj\/"},"modified":"2023-11-27T15:06:42","modified_gmt":"2023-11-27T12:06:42","slug":"dvuxetazhnoj","status":"publish","type":"page","link":"https:\/\/asart.com.ua\/cs\/dizajn-kvartir\/dvuxetazhnoj\/","title":{"rendered":"N\u00e1vrh dvoupodla\u017en\u00edho bytu"},"content":{"rendered":"<p>Dvoupatrov\u00e9 nebo dvou\u00farov\u0148ov\u00e9 byty jsou st\u00e1le popul\u00e1rn\u011bj\u0161\u00ed a \u017e\u00e1dan\u00e9 na realitn\u00edm trhu v Charkov\u011b, Kyjev\u011b, Dn\u011bpropetrovsku a dal\u0161\u00edch m\u011bstech Ukrajiny. Zakoupen\u00edm takov\u00e9ho bydlen\u00ed z\u00edsk\u00e1te prostorn\u00fd pokoj, kde m\u016f\u017eete uspo\u0159\u00e1dat soukrom\u00fd prostor pro ka\u017ed\u00e9ho \u010dlena rodiny, stejn\u011b jako pro sv\u00e9 p\u0159\u00edbuzn\u00e9 a hosty.<\/p>\n<p> <a href=\"https:\/\/asart.com.ua\/wp-content\/uploads\/2018\/04\/dvuhurovnevaya-kvartira-realizacziya-2watermark.jpg\"><img loading=\"lazy\" decoding=\"async\" class=\"aligncenter size-full wp-image-8096 colorbox-18040\" src=\"https:\/\/asart.com.ua\/wp-content\/uploads\/2018\/04\/dvuhurovnevaya-kvartira-realizacziya-2watermark.jpg\" alt=\"\" width=\"1000\" height=\"667\" srcset=\"https:\/\/asart.com.ua\/wp-content\/uploads\/2018\/04\/dvuhurovnevaya-kvartira-realizacziya-2watermark.jpg 1000w, https:\/\/asart.com.ua\/wp-content\/uploads\/2018\/04\/dvuhurovnevaya-kvartira-realizacziya-2watermark-300x200.jpg 300w, https:\/\/asart.com.ua\/wp-content\/uploads\/2018\/04\/dvuhurovnevaya-kvartira-realizacziya-2watermark-768x512.jpg 768w, https:\/\/asart.com.ua\/wp-content\/uploads\/2018\/04\/dvuhurovnevaya-kvartira-realizacziya-2watermark-240x160.jpg 240w\" sizes=\"(max-width: 1000px) 100vw, 1000px\" \/><\/a> <a href=\"https:\/\/asart.com.ua\/wp-content\/uploads\/2018\/04\/dvuhurovnevaya-kvartira-realizacziya-9watermark.jpg\"><img loading=\"lazy\" decoding=\"async\" class=\"aligncenter size-full wp-image-8110 colorbox-18040\" src=\"https:\/\/asart.com.ua\/wp-content\/uploads\/2018\/04\/dvuhurovnevaya-kvartira-realizacziya-9watermark.jpg\" alt=\"\" width=\"1000\" height=\"667\" srcset=\"https:\/\/asart.com.ua\/wp-content\/uploads\/2018\/04\/dvuhurovnevaya-kvartira-realizacziya-9watermark.jpg 1000w, https:\/\/asart.com.ua\/wp-content\/uploads\/2018\/04\/dvuhurovnevaya-kvartira-realizacziya-9watermark-300x200.jpg 300w, https:\/\/asart.com.ua\/wp-content\/uploads\/2018\/04\/dvuhurovnevaya-kvartira-realizacziya-9watermark-768x512.jpg 768w, https:\/\/asart.com.ua\/wp-content\/uploads\/2018\/04\/dvuhurovnevaya-kvartira-realizacziya-9watermark-240x160.jpg 240w\" sizes=\"(max-width: 1000px) 100vw, 1000px\" \/><\/a> <a href=\"https:\/\/asart.com.ua\/wp-content\/uploads\/2018\/04\/dvuhurovnevaya-kvartira-3watermark.jpg\"><img loading=\"lazy\" decoding=\"async\" class=\"aligncenter size-full wp-image-8078 colorbox-18040\" src=\"https:\/\/asart.com.ua\/wp-content\/uploads\/2018\/04\/dvuhurovnevaya-kvartira-3watermark.jpg\" alt=\"\" width=\"1000\" height=\"667\" srcset=\"https:\/\/asart.com.ua\/wp-content\/uploads\/2018\/04\/dvuhurovnevaya-kvartira-3watermark.jpg 1000w, https:\/\/asart.com.ua\/wp-content\/uploads\/2018\/04\/dvuhurovnevaya-kvartira-3watermark-300x200.jpg 300w, https:\/\/asart.com.ua\/wp-content\/uploads\/2018\/04\/dvuhurovnevaya-kvartira-3watermark-768x512.jpg 768w, https:\/\/asart.com.ua\/wp-content\/uploads\/2018\/04\/dvuhurovnevaya-kvartira-3watermark-240x160.jpg 240w\" sizes=\"(max-width: 1000px) 100vw, 1000px\" \/><\/a> <a href=\"https:\/\/asart.com.ua\/wp-content\/uploads\/2018\/04\/dvuhurovnevaya-kvartira-realizacziya-17watermark.jpg\"><img loading=\"lazy\" decoding=\"async\" class=\"aligncenter size-full wp-image-8126 colorbox-18040\" src=\"https:\/\/asart.com.ua\/wp-content\/uploads\/2018\/04\/dvuhurovnevaya-kvartira-realizacziya-17watermark.jpg\" alt=\"\" width=\"1000\" height=\"667\" srcset=\"https:\/\/asart.com.ua\/wp-content\/uploads\/2018\/04\/dvuhurovnevaya-kvartira-realizacziya-17watermark.jpg 1000w, https:\/\/asart.com.ua\/wp-content\/uploads\/2018\/04\/dvuhurovnevaya-kvartira-realizacziya-17watermark-300x200.jpg 300w, https:\/\/asart.com.ua\/wp-content\/uploads\/2018\/04\/dvuhurovnevaya-kvartira-realizacziya-17watermark-768x512.jpg 768w, https:\/\/asart.com.ua\/wp-content\/uploads\/2018\/04\/dvuhurovnevaya-kvartira-realizacziya-17watermark-240x160.jpg 240w\" sizes=\"(max-width: 1000px) 100vw, 1000px\" \/><\/a> <a href=\"https:\/\/asart.com.ua\/wp-content\/uploads\/2018\/04\/dvuhurovnevaya-kvartira-realizacziya-11watermark.jpg\"><img loading=\"lazy\" decoding=\"async\" class=\"aligncenter size-full wp-image-8114 colorbox-18040\" src=\"https:\/\/asart.com.ua\/wp-content\/uploads\/2018\/04\/dvuhurovnevaya-kvartira-realizacziya-11watermark.jpg\" alt=\"\" width=\"1000\" height=\"667\" srcset=\"https:\/\/asart.com.ua\/wp-content\/uploads\/2018\/04\/dvuhurovnevaya-kvartira-realizacziya-11watermark.jpg 1000w, https:\/\/asart.com.ua\/wp-content\/uploads\/2018\/04\/dvuhurovnevaya-kvartira-realizacziya-11watermark-300x200.jpg 300w, https:\/\/asart.com.ua\/wp-content\/uploads\/2018\/04\/dvuhurovnevaya-kvartira-realizacziya-11watermark-768x512.jpg 768w, https:\/\/asart.com.ua\/wp-content\/uploads\/2018\/04\/dvuhurovnevaya-kvartira-realizacziya-11watermark-240x160.jpg 240w\" sizes=\"(max-width: 1000px) 100vw, 1000px\" \/><\/a> <a href=\"https:\/\/asart.com.ua\/wp-content\/uploads\/2018\/04\/dvuhurovnevaya-kvartira-7watermark.jpg\"><img loading=\"lazy\" decoding=\"async\" class=\"aligncenter size-full wp-image-8086 colorbox-18040\" src=\"https:\/\/asart.com.ua\/wp-content\/uploads\/2018\/04\/dvuhurovnevaya-kvartira-7watermark.jpg\" alt=\"\" width=\"1000\" height=\"682\" srcset=\"https:\/\/asart.com.ua\/wp-content\/uploads\/2018\/04\/dvuhurovnevaya-kvartira-7watermark.jpg 1000w, https:\/\/asart.com.ua\/wp-content\/uploads\/2018\/04\/dvuhurovnevaya-kvartira-7watermark-300x205.jpg 300w, https:\/\/asart.com.ua\/wp-content\/uploads\/2018\/04\/dvuhurovnevaya-kvartira-7watermark-768x524.jpg 768w\" sizes=\"(max-width: 1000px) 100vw, 1000px\" \/><\/a> <a href=\"https:\/\/asart.com.ua\/wp-content\/uploads\/2013\/10\/\u0433\u043e\u0441\u04421watermark.jpg\"><img loading=\"lazy\" decoding=\"async\" class=\"aligncenter size-full wp-image-2067 colorbox-18040\" src=\"https:\/\/asart.com.ua\/wp-content\/uploads\/2013\/10\/\u0433\u043e\u0441\u04421watermark.jpg\" alt=\"\" width=\"1000\" height=\"750\" srcset=\"https:\/\/asart.com.ua\/wp-content\/uploads\/2013\/10\/\u0433\u043e\u0441\u04421watermark.jpg 1000w, https:\/\/asart.com.ua\/wp-content\/uploads\/2013\/10\/\u0433\u043e\u0441\u04421watermark-300x225.jpg 300w, https:\/\/asart.com.ua\/wp-content\/uploads\/2013\/10\/\u0433\u043e\u0441\u04421watermark-160x120.jpg 160w, https:\/\/asart.com.ua\/wp-content\/uploads\/2013\/10\/\u0433\u043e\u0441\u04421watermark-289x217.jpg 289w\" sizes=\"(max-width: 1000px) 100vw, 1000px\" \/><\/a> <a href=\"https:\/\/asart.com.ua\/wp-content\/uploads\/2013\/10\/\u0433\u043e\u0441\u044211watermark.jpg\"><img loading=\"lazy\" decoding=\"async\" class=\"size-full wp-image-2087 aligncenter colorbox-18040\" src=\"https:\/\/asart.com.ua\/wp-content\/uploads\/2013\/10\/\u0433\u043e\u0441\u044211watermark.jpg\" alt=\"vodoznak gost11\" width=\"1000\" height=\"750\" srcset=\"https:\/\/asart.com.ua\/wp-content\/uploads\/2013\/10\/\u0433\u043e\u0441\u044211watermark.jpg 1000w, https:\/\/asart.com.ua\/wp-content\/uploads\/2013\/10\/\u0433\u043e\u0441\u044211watermark-300x225.jpg 300w, https:\/\/asart.com.ua\/wp-content\/uploads\/2013\/10\/\u0433\u043e\u0441\u044211watermark-160x120.jpg 160w, https:\/\/asart.com.ua\/wp-content\/uploads\/2013\/10\/\u0433\u043e\u0441\u044211watermark-289x217.jpg 289w\" sizes=\"(max-width: 1000px) 100vw, 1000px\" \/><\/a> <a href=\"https:\/\/asart.com.ua\/wp-content\/uploads\/2013\/10\/\u0433\u043e\u0441\u044210watermark.jpg\"><img loading=\"lazy\" decoding=\"async\" class=\"size-full wp-image-2085 aligncenter colorbox-18040\" src=\"https:\/\/asart.com.ua\/wp-content\/uploads\/2013\/10\/\u0433\u043e\u0441\u044210watermark.jpg\" alt=\"vodoznak gost10\" width=\"1000\" height=\"750\" srcset=\"https:\/\/asart.com.ua\/wp-content\/uploads\/2013\/10\/\u0433\u043e\u0441\u044210watermark.jpg 1000w, https:\/\/asart.com.ua\/wp-content\/uploads\/2013\/10\/\u0433\u043e\u0441\u044210watermark-300x225.jpg 300w, https:\/\/asart.com.ua\/wp-content\/uploads\/2013\/10\/\u0433\u043e\u0441\u044210watermark-160x120.jpg 160w, https:\/\/asart.com.ua\/wp-content\/uploads\/2013\/10\/\u0433\u043e\u0441\u044210watermark-289x217.jpg 289w\" sizes=\"(max-width: 1000px) 100vw, 1000px\" \/><\/a> <a href=\"https:\/\/asart.com.ua\/wp-content\/uploads\/2013\/10\/\u0433\u043e\u0441\u04424watermark.jpg\"><img loading=\"lazy\" decoding=\"async\" class=\"size-full wp-image-2073 aligncenter colorbox-18040\" src=\"https:\/\/asart.com.ua\/wp-content\/uploads\/2013\/10\/\u0433\u043e\u0441\u04424watermark.jpg\" alt=\"vodoznak gost4\" width=\"1000\" height=\"750\" srcset=\"https:\/\/asart.com.ua\/wp-content\/uploads\/2013\/10\/\u0433\u043e\u0441\u04424watermark.jpg 1000w, https:\/\/asart.com.ua\/wp-content\/uploads\/2013\/10\/\u0433\u043e\u0441\u04424watermark-300x225.jpg 300w, https:\/\/asart.com.ua\/wp-content\/uploads\/2013\/10\/\u0433\u043e\u0441\u04424watermark-160x120.jpg 160w, https:\/\/asart.com.ua\/wp-content\/uploads\/2013\/10\/\u0433\u043e\u0441\u04424watermark-289x217.jpg 289w\" sizes=\"(max-width: 1000px) 100vw, 1000px\" \/><\/a> <a href=\"https:\/\/asart.com.ua\/wp-content\/uploads\/2013\/10\/\u0433\u043e\u0441\u04425watermark.jpg\"><img loading=\"lazy\" decoding=\"async\" class=\"size-full wp-image-2075 aligncenter colorbox-18040\" src=\"https:\/\/asart.com.ua\/wp-content\/uploads\/2013\/10\/\u0433\u043e\u0441\u04425watermark.jpg\" alt=\"vodoznak gost5\" width=\"1000\" height=\"750\" srcset=\"https:\/\/asart.com.ua\/wp-content\/uploads\/2013\/10\/\u0433\u043e\u0441\u04425watermark.jpg 1000w, https:\/\/asart.com.ua\/wp-content\/uploads\/2013\/10\/\u0433\u043e\u0441\u04425watermark-300x225.jpg 300w, https:\/\/asart.com.ua\/wp-content\/uploads\/2013\/10\/\u0433\u043e\u0441\u04425watermark-160x120.jpg 160w, https:\/\/asart.com.ua\/wp-content\/uploads\/2013\/10\/\u0433\u043e\u0441\u04425watermark-289x217.jpg 289w\" sizes=\"(max-width: 1000px) 100vw, 1000px\" \/><\/a> <a href=\"https:\/\/asart.com.ua\/wp-content\/uploads\/2013\/10\/\u0421\u043f_7watermark.jpg\"><img loading=\"lazy\" decoding=\"async\" class=\"size-full wp-image-2107 aligncenter colorbox-18040\" src=\"https:\/\/asart.com.ua\/wp-content\/uploads\/2013\/10\/\u0421\u043f_7watermark.jpg\" alt=\"Sp_7vodoznak\" width=\"1000\" height=\"685\" srcset=\"https:\/\/asart.com.ua\/wp-content\/uploads\/2013\/10\/\u0421\u043f_7watermark.jpg 1000w, https:\/\/asart.com.ua\/wp-content\/uploads\/2013\/10\/\u0421\u043f_7watermark-300x205.jpg 300w\" sizes=\"(max-width: 1000px) 100vw, 1000px\" \/><\/a> <a href=\"https:\/\/asart.com.ua\/wp-content\/uploads\/2013\/10\/\u0421\u043f_1watermark.jpg\"><img loading=\"lazy\" decoding=\"async\" class=\"size-full wp-image-2101 aligncenter colorbox-18040\" src=\"https:\/\/asart.com.ua\/wp-content\/uploads\/2013\/10\/\u0421\u043f_1watermark.jpg\" alt=\"Vodoznak Sp_1\" width=\"1000\" height=\"750\" srcset=\"https:\/\/asart.com.ua\/wp-content\/uploads\/2013\/10\/\u0421\u043f_1watermark.jpg 1000w, https:\/\/asart.com.ua\/wp-content\/uploads\/2013\/10\/\u0421\u043f_1watermark-300x225.jpg 300w, https:\/\/asart.com.ua\/wp-content\/uploads\/2013\/10\/\u0421\u043f_1watermark-160x120.jpg 160w, https:\/\/asart.com.ua\/wp-content\/uploads\/2013\/10\/\u0421\u043f_1watermark-289x217.jpg 289w\" sizes=\"(max-width: 1000px) 100vw, 1000px\" \/><\/a> <a href=\"https:\/\/asart.com.ua\/wp-content\/uploads\/2013\/10\/\u0421\u043f_2watermark.jpg\"><img loading=\"lazy\" decoding=\"async\" class=\"size-full wp-image-2102 aligncenter colorbox-18040\" src=\"https:\/\/asart.com.ua\/wp-content\/uploads\/2013\/10\/\u0421\u043f_2watermark.jpg\" alt=\"Sp_2vodoznak\" width=\"1000\" height=\"750\" srcset=\"https:\/\/asart.com.ua\/wp-content\/uploads\/2013\/10\/\u0421\u043f_2watermark.jpg 1000w, https:\/\/asart.com.ua\/wp-content\/uploads\/2013\/10\/\u0421\u043f_2watermark-300x225.jpg 300w, https:\/\/asart.com.ua\/wp-content\/uploads\/2013\/10\/\u0421\u043f_2watermark-160x120.jpg 160w, https:\/\/asart.com.ua\/wp-content\/uploads\/2013\/10\/\u0421\u043f_2watermark-289x217.jpg 289w\" sizes=\"(max-width: 1000px) 100vw, 1000px\" \/><\/a><\/p>\n<h2> Stylov\u00e9, kr\u00e1sn\u00e9, jedine\u010dn\u00e9.<\/h2>\n<p> Dos\u00e1hnout:<\/p>\n<ul>\n<li> harmonie<\/li>\n<li> \u00fatulnost<\/li>\n<li> kr\u00e1sa<\/li>\n<li> za\u0159\u00edzen\u00ed<\/li>\n<li> funk\u010dnost<\/li>\n<\/ul>\n<p> Kompetentn\u011b vytvo\u0159en\u00fd a realizovan\u00fd design interi\u00e9ru v\u00e1m pom\u016f\u017ee ve va\u0161em dvoupatrov\u00e9m byt\u011b. Na\u0161e studio poskytuje designov\u00e9 slu\u017eby na profesion\u00e1ln\u00ed \u00farovni ji\u017e \u0159adu let. Plocha are\u00e1lu, jeho dispozice, stav, po\u010det m\u00edstnost\u00ed a podla\u017e\u00ed neovliv\u0148uj\u00ed pr\u00e1ci na\u0161ich vysoce kvalifikovan\u00fdch projektant\u016f.<\/p>\n<p> Vytvo\u0159\u00ed jedine\u010dn\u00fd a exkluzivn\u00ed design interi\u00e9ru pro dvoupatrov\u00fd byt v Charkov\u011b s ohledem na va\u0161e p\u0159\u00e1n\u00ed za nejdostupn\u011bj\u0161\u00ed cenu. Jak\u00e1koli projek\u010dn\u00ed pr\u00e1ce za\u010d\u00edn\u00e1 setk\u00e1n\u00edm design\u00e9ra studia s klientem ve sv\u00fdch prostor\u00e1ch, aby posoudil stav, zjistil va\u0161e po\u017eadavky a p\u0159edstavu o budouc\u00ed podob\u011b. Budete tak\u00e9 rozhodovat o stylu, barevn\u00e9m proveden\u00ed, um\u00edst\u011bn\u00ed m\u00edstnost\u00ed a funk\u010dn\u00edch ploch. Na\u0161e studio pou\u017e\u00edv\u00e1 r\u016fzn\u00e9 styly:<\/p>\n<ul>\n<li> modern\u00ed<\/li>\n<li> klasick\u00fd<\/li>\n<li> minimalismus<\/li>\n<\/ul>\n<p> a dal\u0161\u00ed. Tot\u00e9\u017e plat\u00ed pro paletu barev: m\u016f\u017ee b\u00fdt sv\u011btl\u00e1 a tmav\u00e1, sv\u011btl\u00e1 a tlumen\u00e1.<\/p>\n<p> <strong>Zpravidla se v p\u0159\u00edzem\u00ed dvoupatrov\u00e9ho bytu nach\u00e1z\u00ed: kuchyn\u011b, j\u00eddelna, ob\u00fdvac\u00ed pokoj, vstupn\u00ed hala a v z\u00e1vislosti na oblasti m\u016f\u017ee b\u00fdt tak\u00e9 kancel\u00e1\u0159 a pokoje pro hosty .<\/strong> Ve druh\u00e9m pat\u0159e jsou lo\u017enice, d\u011btsk\u00e9 pokoje, \u0161atna, koupelna a WC. P\u0159i tvorb\u011b n\u00e1vrhu interi\u00e9ru v\u00e1m design\u00e9r \u0159ekne, kter\u00e1 m\u00edstnost se pro kterou m\u00edstnost nejl\u00e9pe hod\u00ed. Ned\u00edlnou sou\u010d\u00e1st\u00ed ka\u017ed\u00e9ho dvoupatrov\u00e9ho bytu je tak\u00e9 schodi\u0161t\u011b. P\u0159ich\u00e1zej\u00ed v r\u016fzn\u00fdch typech. Proto pro vypracov\u00e1n\u00ed projektu mus\u00edte vybrat ten nejvhodn\u011bj\u0161\u00ed pro p\u0159ipojen\u00ed podlah. Pro dvoupodla\u017en\u00ed bydlen\u00ed pou\u017e\u00edvaj\u00ed: to\u010dit\u00e9, letov\u00e9 a \u017eelezni\u010dn\u00ed schody.<\/p>\n<h3> Prvot\u0159\u00eddn\u00ed designov\u00e9 slu\u017eby.<\/h3>\n<p> Vypracov\u00e1n\u00ed designov\u00e9ho projektu pro dvoupatrov\u00fd byt zahrnuje v\u00fdb\u011br opravn\u00fdch a dokon\u010dovac\u00edch materi\u00e1l\u016f, materi\u00e1l\u016f pro zdoben\u00ed st\u011bn a p\u0159\u00edslu\u0161enstv\u00ed pro jejich zdoben\u00ed. Design\u00e9r tak\u00e9 vybere modern\u00ed a funk\u010dn\u00ed n\u00e1bytek a \u0159ekne v\u00e1m, jak jej spr\u00e1vn\u011b um\u00edstit do v\u0161ech m\u00edstnost\u00ed. Zaj\u00edmav\u00e9 <em>designov\u00e9 n\u00e1pady z na\u0161eho studia pomohou u\u010dinit v\u00e1\u0161 domov jedine\u010dn\u00fdm a exkluzivn\u00edm<\/em> . <\/p>\n<p><img loading=\"lazy\" decoding=\"async\" class=\"aligncenter wp-image-4668 size-large colorbox-18040\" src=\"https:\/\/asart.com.ua\/wp-content\/uploads\/2016\/06\/dvuhetajnaya_kvartira_2-2-1024x682.jpg\" alt=\"dvuhetajnaya_kvartira_2\" width=\"1024\" height=\"682\" srcset=\"https:\/\/asart.com.ua\/wp-content\/uploads\/2016\/06\/dvuhetajnaya_kvartira_2-2-1024x682.jpg 1024w, https:\/\/asart.com.ua\/wp-content\/uploads\/2016\/06\/dvuhetajnaya_kvartira_2-2-300x200.jpg 300w, https:\/\/asart.com.ua\/wp-content\/uploads\/2016\/06\/dvuhetajnaya_kvartira_2-2-768x512.jpg 768w, https:\/\/asart.com.ua\/wp-content\/uploads\/2016\/06\/dvuhetajnaya_kvartira_2-2-240x160.jpg 240w, https:\/\/asart.com.ua\/wp-content\/uploads\/2016\/06\/dvuhetajnaya_kvartira_2-2.jpg 1150w\" sizes=\"(max-width: 1024px) 100vw, 1024px\" \/><\/p>\n<p> Pro n\u00e1hled budouc\u00edho n\u00e1vrhu dvoupodla\u017en\u00edho bytu m\u016f\u017eete vyu\u017e\u00edt slu\u017ebu 3D vizualizace, kter\u00e1 uk\u00e1\u017ee, jak bude m\u00edstnost vypadat po rekonstrukci a projek\u010dn\u00edch prac\u00edch, a tak\u00e9 v\u00e1m d\u00e1 mo\u017enost prov\u00e1d\u011bt zm\u011bny a \u00fapravy.<\/p>\n","protected":false},"excerpt":{"rendered":"<p>Dvoupatrov\u00e9 nebo dvou\u00farov\u0148ov\u00e9 byty jsou st\u00e1le <a class=\"continue_link\" href=\"https:\/\/asart.com.ua\/cs\/dizajn-kvartir\/dvuxetazhnoj\/\">\u0427\u0438\u0442\u0430\u0442\u044c \u0434\u0430\u043b\u0435\u0435 >><\/a><\/p>\n","protected":false},"author":6,"featured_media":0,"parent":17992,"menu_order":0,"comment_status":"closed","ping_status":"closed","template":"","meta":{"footnotes":""},"acf":[],"aioseo_notices":[],"_links":{"self":[{"href":"https:\/\/asart.com.ua\/cs\/wp-json\/wp\/v2\/pages\/18040"}],"collection":[{"href":"https:\/\/asart.com.ua\/cs\/wp-json\/wp\/v2\/pages"}],"about":[{"href":"https:\/\/asart.com.ua\/cs\/wp-json\/wp\/v2\/types\/page"}],"author":[{"embeddable":true,"href":"https:\/\/asart.com.ua\/cs\/wp-json\/wp\/v2\/users\/6"}],"replies":[{"embeddable":true,"href":"https:\/\/asart.com.ua\/cs\/wp-json\/wp\/v2\/comments?post=18040"}],"version-history":[{"count":1,"href":"https:\/\/asart.com.ua\/cs\/wp-json\/wp\/v2\/pages\/18040\/revisions"}],"predecessor-version":[{"id":18591,"href":"https:\/\/asart.com.ua\/cs\/wp-json\/wp\/v2\/pages\/18040\/revisions\/18591"}],"up":[{"embeddable":true,"href":"https:\/\/asart.com.ua\/cs\/wp-json\/wp\/v2\/pages\/17992"}],"wp:attachment":[{"href":"https:\/\/asart.com.ua\/cs\/wp-json\/wp\/v2\/media?parent=18040"}],"curies":[{"name":"wp","href":"https:\/\/api.w.org\/{rel}","templated":true}]}}