{"id":18037,"date":"2011-11-26T17:23:49","date_gmt":"2011-11-26T19:23:49","guid":{"rendered":"https:\/\/asart.com.ua\/dizajn-doma\/"},"modified":"2024-09-17T18:01:21","modified_gmt":"2024-09-17T15:01:21","slug":"dizajn-doma","status":"publish","type":"page","link":"https:\/\/asart.com.ua\/cs\/dizajn-doma\/","title":{"rendered":"N\u00e1vrhy interi\u00e9r\u016f dom\u016f a chat"},"content":{"rendered":"<p>Kde podle v\u00e1s za\u010d\u00edn\u00e1 stavba domu? Ne, ne od polo\u017een\u00ed z\u00e1klad\u016f, ale mnohem d\u0159\u00edve, kdy\u017e vznikla my\u0161lenka na stavbu domu a za\u010daly se vytv\u00e1\u0159et n\u00e1\u010drty budouc\u00ed stavby, s p\u0159ihl\u00e9dnut\u00edm k um\u00edst\u011bn\u00ed m\u00edsta, po\u010dtu pater a o\u010dek\u00e1van\u00e9mu vzhledu . V t\u00e9to f\u00e1zi se formuje vzhled budovy, proto je d\u016fle\u017eit\u00e9 v\u0161e promyslet do nejmen\u0161\u00edch detail\u016f. Jedin\u011b tak bude bytov\u00fd design odr\u00e1\u017eet va\u0161i individualitu a jedine\u010dnost. M\u016f\u017ee to b\u00fdt luxusn\u00ed nebo naopak skromn\u00fd z\u00e1mek, tradi\u010dn\u00ed chalupa, m\u011bstsk\u00fd d\u016fm nebo d\u0159ev\u011bn\u00fd d\u016fm. Jak bude v\u00e1\u0161 domov vypadat, je na v\u00e1s.<\/p>\n<h2>P\u0159i n\u00e1vrhu domu je zohledn\u011bna va\u0161e vize budouc\u00edho domova.<\/h2>\n<p>Kdy\u017e je vytvo\u0159en obecn\u00fd designov\u00fd projekt, za\u010d\u00edn\u00e1 pr\u00e1ce na n\u00e1vrhu interi\u00e9ru domu. Zde m\u016f\u017eete d\u00e1t pr\u016fchod sv\u00e9 fantazii: design lze vyvinout pro ka\u017edou m\u00edstnost zvl\u00e1\u0161\u0165, nebo bude vyvinut obecn\u00fd styl pro interi\u00e9r v\u0161ech m\u00edstnost\u00ed v dom\u011b. P\u0159i navrhov\u00e1n\u00ed interi\u00e9ru domu je t\u0159eba vz\u00edt v \u00favahu n\u00e1sleduj\u00edc\u00ed:<\/p>\n<ul>\n<li>barevn\u00e1 \u0159e\u0161en\u00ed<\/li>\n<li>osv\u011btlen\u00ed<\/li>\n<li>funkce m\u00edstnosti<\/li>\n<li>typy pokoj\u016f<\/li>\n<li>vybaven\u00ed bytu<\/li>\n<li>um\u00edst\u011bn\u00ed dom\u00e1c\u00edch spot\u0159ebi\u010d\u016f a mnoho dal\u0161\u00edho<\/li>\n<\/ul>\n<h3>Design interi\u00e9ru va\u0161eho domova a chaty pro v\u00e1s vypracuj\u00ed specialist\u00e9 z designov\u00e9ho studia AS-Design.<\/h3>\n<p>Budeme s v\u00e1mi a\u017e do ho\u0159k\u00e9ho konce: od f\u00e1ze vytvo\u0159en\u00ed po\u010d\u00edta\u010dov\u00e9 verze designov\u00e9ho projektu a\u017e po jeho realizaci. <strong>Jak pracujeme<\/strong> Ve f\u00e1zi pl\u00e1nov\u00e1n\u00ed bytov\u00e9ho designu vyb\u00edr\u00e1me materi\u00e1ly \u0161etrn\u00e9 k \u017eivotn\u00edmu prost\u0159ed\u00ed, kter\u00e9 jsou zdravotn\u011b nez\u00e1vadn\u00e9. Ve v\u0161ech f\u00e1z\u00edch bez v\u00fdjimky a zejm\u00e9na p\u0159i v\u00fdvoji vnit\u0159n\u00edho designu domu udr\u017eujeme kontakt se z\u00e1kazn\u00edkem. V\u0161echna va\u0161e p\u0159\u00e1n\u00ed budou zohledn\u011bna, nav\u00edc v\u00e1m \u0159ekneme, jak nejl\u00e9pe realizovat va\u0161e pl\u00e1ny. Odpov\u00edd\u00e1me za kvalitu ve\u0161ker\u00e9 n\u00e1mi proveden\u00e9 pr\u00e1ce. V galerii hotov\u00fdch prac\u00ed si m\u016f\u017eete prohl\u00e9dnout realizovan\u00e9 mo\u017enosti n\u00e1vrhu. Mo\u017en\u00e1 v\u00e1m prezentovan\u00e9 fotografie pomohou vybrat va\u0161i volbu. <a href=\"https:\/\/asart.com.ua\/wp-content\/uploads\/2023\/07\/56-f-3watermark.jpg\"><img loading=\"lazy\" decoding=\"async\" class=\"aligncenter size-full wp-image-10077 colorbox-18037\" src=\"https:\/\/asart.com.ua\/wp-content\/uploads\/2023\/07\/56-f-3watermark.jpg\" alt=\"\" width=\"1100\" height=\"619\" srcset=\"https:\/\/asart.com.ua\/wp-content\/uploads\/2023\/07\/56-f-3watermark.jpg 1100w, https:\/\/asart.com.ua\/wp-content\/uploads\/2023\/07\/56-f-3watermark-300x169.jpg 300w, https:\/\/asart.com.ua\/wp-content\/uploads\/2023\/07\/56-f-3watermark-1024x576.jpg 1024w, https:\/\/asart.com.ua\/wp-content\/uploads\/2023\/07\/56-f-3watermark-768x432.jpg 768w\" sizes=\"(max-width: 1100px) 100vw, 1100px\" \/><\/a><\/p>\n<p><a href=\"https:\/\/asart.com.ua\/wp-content\/uploads\/2023\/07\/56-f-2watermark.jpg\"><img loading=\"lazy\" decoding=\"async\" class=\"aligncenter size-full wp-image-10075 colorbox-18037\" src=\"https:\/\/asart.com.ua\/wp-content\/uploads\/2023\/07\/56-f-2watermark.jpg\" alt=\"\" width=\"1100\" height=\"619\" srcset=\"https:\/\/asart.com.ua\/wp-content\/uploads\/2023\/07\/56-f-2watermark.jpg 1100w, https:\/\/asart.com.ua\/wp-content\/uploads\/2023\/07\/56-f-2watermark-300x169.jpg 300w, https:\/\/asart.com.ua\/wp-content\/uploads\/2023\/07\/56-f-2watermark-1024x576.jpg 1024w, https:\/\/asart.com.ua\/wp-content\/uploads\/2023\/07\/56-f-2watermark-768x432.jpg 768w\" sizes=\"(max-width: 1100px) 100vw, 1100px\" \/><\/a><\/p>\n<p><a href=\"https:\/\/asart.com.ua\/wp-content\/uploads\/2023\/07\/56-f-11watermark.jpg\"><img loading=\"lazy\" decoding=\"async\" class=\"aligncenter size-full wp-image-10095 colorbox-18037\" src=\"https:\/\/asart.com.ua\/wp-content\/uploads\/2023\/07\/56-f-11watermark.jpg\" alt=\"\" width=\"1100\" height=\"619\" srcset=\"https:\/\/asart.com.ua\/wp-content\/uploads\/2023\/07\/56-f-11watermark.jpg 1100w, https:\/\/asart.com.ua\/wp-content\/uploads\/2023\/07\/56-f-11watermark-300x169.jpg 300w, https:\/\/asart.com.ua\/wp-content\/uploads\/2023\/07\/56-f-11watermark-1024x576.jpg 1024w, https:\/\/asart.com.ua\/wp-content\/uploads\/2023\/07\/56-f-11watermark-768x432.jpg 768w\" sizes=\"(max-width: 1100px) 100vw, 1100px\" \/><\/a><\/p>\n<p><a href=\"https:\/\/asart.com.ua\/wp-content\/uploads\/2023\/07\/56-f-7watermark.jpg\"><img loading=\"lazy\" decoding=\"async\" class=\"aligncenter size-full wp-image-10087 colorbox-18037\" src=\"https:\/\/asart.com.ua\/wp-content\/uploads\/2023\/07\/56-f-7watermark.jpg\" alt=\"\" width=\"1100\" height=\"619\" srcset=\"https:\/\/asart.com.ua\/wp-content\/uploads\/2023\/07\/56-f-7watermark.jpg 1100w, https:\/\/asart.com.ua\/wp-content\/uploads\/2023\/07\/56-f-7watermark-300x169.jpg 300w, https:\/\/asart.com.ua\/wp-content\/uploads\/2023\/07\/56-f-7watermark-1024x576.jpg 1024w, https:\/\/asart.com.ua\/wp-content\/uploads\/2023\/07\/56-f-7watermark-768x432.jpg 768w\" sizes=\"(max-width: 1100px) 100vw, 1100px\" \/><\/a><\/p>\n<p><a href=\"https:\/\/asart.com.ua\/wp-content\/uploads\/2023\/07\/56-f-10watermark.jpg\"><img loading=\"lazy\" decoding=\"async\" class=\"aligncenter size-full wp-image-10093 colorbox-18037\" src=\"https:\/\/asart.com.ua\/wp-content\/uploads\/2023\/07\/56-f-10watermark.jpg\" alt=\"\" width=\"1100\" height=\"619\" srcset=\"https:\/\/asart.com.ua\/wp-content\/uploads\/2023\/07\/56-f-10watermark.jpg 1100w, https:\/\/asart.com.ua\/wp-content\/uploads\/2023\/07\/56-f-10watermark-300x169.jpg 300w, https:\/\/asart.com.ua\/wp-content\/uploads\/2023\/07\/56-f-10watermark-1024x576.jpg 1024w, https:\/\/asart.com.ua\/wp-content\/uploads\/2023\/07\/56-f-10watermark-768x432.jpg 768w\" sizes=\"(max-width: 1100px) 100vw, 1100px\" \/><\/a><\/p>\n<p><a href=\"https:\/\/asart.com.ua\/wp-content\/uploads\/2023\/07\/56-f-6watermark.jpg\"><img loading=\"lazy\" decoding=\"async\" class=\"aligncenter size-full wp-image-10085 colorbox-18037\" src=\"https:\/\/asart.com.ua\/wp-content\/uploads\/2023\/07\/56-f-6watermark.jpg\" alt=\"\" width=\"1100\" height=\"619\" srcset=\"https:\/\/asart.com.ua\/wp-content\/uploads\/2023\/07\/56-f-6watermark.jpg 1100w, https:\/\/asart.com.ua\/wp-content\/uploads\/2023\/07\/56-f-6watermark-300x169.jpg 300w, https:\/\/asart.com.ua\/wp-content\/uploads\/2023\/07\/56-f-6watermark-1024x576.jpg 1024w, https:\/\/asart.com.ua\/wp-content\/uploads\/2023\/07\/56-f-6watermark-768x432.jpg 768w\" sizes=\"(max-width: 1100px) 100vw, 1100px\" \/><\/a><\/p>\n<p>&nbsp;<\/p>\n<p><a href=\"https:\/\/asart.com.ua\/wp-content\/uploads\/2023\/07\/2-1v-kuchnya-studiya-dom-7watermark.jpg\"><img loading=\"lazy\" decoding=\"async\" class=\"aligncenter size-full wp-image-10052 colorbox-18037\" src=\"https:\/\/asart.com.ua\/wp-content\/uploads\/2023\/07\/2-1v-kuchnya-studiya-dom-7watermark.jpg\" alt=\"\" width=\"1100\" height=\"619\" srcset=\"https:\/\/asart.com.ua\/wp-content\/uploads\/2023\/07\/2-1v-kuchnya-studiya-dom-7watermark.jpg 1100w, https:\/\/asart.com.ua\/wp-content\/uploads\/2023\/07\/2-1v-kuchnya-studiya-dom-7watermark-300x169.jpg 300w, https:\/\/asart.com.ua\/wp-content\/uploads\/2023\/07\/2-1v-kuchnya-studiya-dom-7watermark-1024x576.jpg 1024w, https:\/\/asart.com.ua\/wp-content\/uploads\/2023\/07\/2-1v-kuchnya-studiya-dom-7watermark-768x432.jpg 768w\" sizes=\"(max-width: 1100px) 100vw, 1100px\" \/><\/a><\/p>\n<p><a href=\"https:\/\/asart.com.ua\/wp-content\/uploads\/2023\/07\/2-1v-kuchnya-studiya-dom-9watermark.jpg\"><img loading=\"lazy\" decoding=\"async\" class=\"aligncenter size-full wp-image-10056 colorbox-18037\" src=\"https:\/\/asart.com.ua\/wp-content\/uploads\/2023\/07\/2-1v-kuchnya-studiya-dom-9watermark.jpg\" alt=\"\" width=\"1100\" height=\"619\" srcset=\"https:\/\/asart.com.ua\/wp-content\/uploads\/2023\/07\/2-1v-kuchnya-studiya-dom-9watermark.jpg 1100w, https:\/\/asart.com.ua\/wp-content\/uploads\/2023\/07\/2-1v-kuchnya-studiya-dom-9watermark-300x169.jpg 300w, https:\/\/asart.com.ua\/wp-content\/uploads\/2023\/07\/2-1v-kuchnya-studiya-dom-9watermark-1024x576.jpg 1024w, https:\/\/asart.com.ua\/wp-content\/uploads\/2023\/07\/2-1v-kuchnya-studiya-dom-9watermark-768x432.jpg 768w\" sizes=\"(max-width: 1100px) 100vw, 1100px\" \/><\/a><\/p>\n<p><a href=\"https:\/\/asart.com.ua\/wp-content\/uploads\/2023\/07\/2-1v-kuchnya-studiya-dom-12watermark.jpg\"><img loading=\"lazy\" decoding=\"async\" class=\"aligncenter size-full wp-image-10062 colorbox-18037\" src=\"https:\/\/asart.com.ua\/wp-content\/uploads\/2023\/07\/2-1v-kuchnya-studiya-dom-12watermark.jpg\" alt=\"\" width=\"1100\" height=\"619\" srcset=\"https:\/\/asart.com.ua\/wp-content\/uploads\/2023\/07\/2-1v-kuchnya-studiya-dom-12watermark.jpg 1100w, https:\/\/asart.com.ua\/wp-content\/uploads\/2023\/07\/2-1v-kuchnya-studiya-dom-12watermark-300x169.jpg 300w, https:\/\/asart.com.ua\/wp-content\/uploads\/2023\/07\/2-1v-kuchnya-studiya-dom-12watermark-1024x576.jpg 1024w, https:\/\/asart.com.ua\/wp-content\/uploads\/2023\/07\/2-1v-kuchnya-studiya-dom-12watermark-768x432.jpg 768w\" sizes=\"(max-width: 1100px) 100vw, 1100px\" \/><\/a><\/p>\n<p><a href=\"https:\/\/asart.com.ua\/wp-content\/uploads\/2023\/07\/2-1v-kuchnya-studiya-dom-13watermark.jpg\"><img loading=\"lazy\" decoding=\"async\" class=\"aligncenter size-full wp-image-10064 colorbox-18037\" src=\"https:\/\/asart.com.ua\/wp-content\/uploads\/2023\/07\/2-1v-kuchnya-studiya-dom-13watermark.jpg\" alt=\"\" width=\"1100\" height=\"619\" srcset=\"https:\/\/asart.com.ua\/wp-content\/uploads\/2023\/07\/2-1v-kuchnya-studiya-dom-13watermark.jpg 1100w, https:\/\/asart.com.ua\/wp-content\/uploads\/2023\/07\/2-1v-kuchnya-studiya-dom-13watermark-300x169.jpg 300w, https:\/\/asart.com.ua\/wp-content\/uploads\/2023\/07\/2-1v-kuchnya-studiya-dom-13watermark-1024x576.jpg 1024w, https:\/\/asart.com.ua\/wp-content\/uploads\/2023\/07\/2-1v-kuchnya-studiya-dom-13watermark-768x432.jpg 768w\" sizes=\"(max-width: 1100px) 100vw, 1100px\" \/><\/a><\/p>\n<p><a href=\"https:\/\/asart.com.ua\/wp-content\/uploads\/2023\/07\/2-1v-kuchnya-studiya-dom-11watermark.jpg\"><img loading=\"lazy\" decoding=\"async\" class=\"aligncenter size-full wp-image-10060 colorbox-18037\" src=\"https:\/\/asart.com.ua\/wp-content\/uploads\/2023\/07\/2-1v-kuchnya-studiya-dom-11watermark.jpg\" alt=\"\" width=\"1100\" height=\"619\" srcset=\"https:\/\/asart.com.ua\/wp-content\/uploads\/2023\/07\/2-1v-kuchnya-studiya-dom-11watermark.jpg 1100w, https:\/\/asart.com.ua\/wp-content\/uploads\/2023\/07\/2-1v-kuchnya-studiya-dom-11watermark-300x169.jpg 300w, https:\/\/asart.com.ua\/wp-content\/uploads\/2023\/07\/2-1v-kuchnya-studiya-dom-11watermark-1024x576.jpg 1024w, https:\/\/asart.com.ua\/wp-content\/uploads\/2023\/07\/2-1v-kuchnya-studiya-dom-11watermark-768x432.jpg 768w\" sizes=\"(max-width: 1100px) 100vw, 1100px\" \/><\/a> <a href=\"https:\/\/asart.com.ua\/wp-content\/uploads\/2023\/07\/2-1v-kuchnya-studiya-dom-14watermark.jpg\"><img loading=\"lazy\" decoding=\"async\" class=\"aligncenter size-full wp-image-10066 colorbox-18037\" src=\"https:\/\/asart.com.ua\/wp-content\/uploads\/2023\/07\/2-1v-kuchnya-studiya-dom-14watermark.jpg\" alt=\"\" width=\"1100\" height=\"619\" srcset=\"https:\/\/asart.com.ua\/wp-content\/uploads\/2023\/07\/2-1v-kuchnya-studiya-dom-14watermark.jpg 1100w, https:\/\/asart.com.ua\/wp-content\/uploads\/2023\/07\/2-1v-kuchnya-studiya-dom-14watermark-300x169.jpg 300w, https:\/\/asart.com.ua\/wp-content\/uploads\/2023\/07\/2-1v-kuchnya-studiya-dom-14watermark-1024x576.jpg 1024w, https:\/\/asart.com.ua\/wp-content\/uploads\/2023\/07\/2-1v-kuchnya-studiya-dom-14watermark-768x432.jpg 768w\" sizes=\"(max-width: 1100px) 100vw, 1100px\" \/><\/a> <a href=\"https:\/\/asart.com.ua\/wp-content\/uploads\/2023\/07\/2-1v-kuchnya-studiya-dom-15watermark.jpg\"><img loading=\"lazy\" decoding=\"async\" class=\"aligncenter size-full wp-image-10068 colorbox-18037\" src=\"https:\/\/asart.com.ua\/wp-content\/uploads\/2023\/07\/2-1v-kuchnya-studiya-dom-15watermark.jpg\" alt=\"\" width=\"1100\" height=\"619\" srcset=\"https:\/\/asart.com.ua\/wp-content\/uploads\/2023\/07\/2-1v-kuchnya-studiya-dom-15watermark.jpg 1100w, https:\/\/asart.com.ua\/wp-content\/uploads\/2023\/07\/2-1v-kuchnya-studiya-dom-15watermark-300x169.jpg 300w, https:\/\/asart.com.ua\/wp-content\/uploads\/2023\/07\/2-1v-kuchnya-studiya-dom-15watermark-1024x576.jpg 1024w, https:\/\/asart.com.ua\/wp-content\/uploads\/2023\/07\/2-1v-kuchnya-studiya-dom-15watermark-768x432.jpg 768w\" sizes=\"(max-width: 1100px) 100vw, 1100px\" \/><\/a><\/p>\n<p style=\"color: #33cccc; font-weight: bolder; text-align: center;\"><a style=\"text-decoration: none;\" title=\"Portfolio\" href=\"https:\/\/asart.com.ua\/portfolio\/\">&gt;&gt;&gt;zobrazit portfolio&lt;&lt;&lt;<\/a><\/p>\n","protected":false},"excerpt":{"rendered":"<p>Kde podle v\u00e1s za\u010d\u00edn\u00e1 stavba domu? <a class=\"continue_link\" href=\"https:\/\/asart.com.ua\/cs\/dizajn-doma\/\">\u0427\u0438\u0442\u0430\u0442\u044c \u0434\u0430\u043b\u0435\u0435 >><\/a><\/p>\n","protected":false},"author":1,"featured_media":17851,"parent":0,"menu_order":0,"comment_status":"closed","ping_status":"closed","template":"","meta":{"footnotes":""},"acf":[],"aioseo_notices":[],"_links":{"self":[{"href":"https:\/\/asart.com.ua\/cs\/wp-json\/wp\/v2\/pages\/18037"}],"collection":[{"href":"https:\/\/asart.com.ua\/cs\/wp-json\/wp\/v2\/pages"}],"about":[{"href":"https:\/\/asart.com.ua\/cs\/wp-json\/wp\/v2\/types\/page"}],"author":[{"embeddable":true,"href":"https:\/\/asart.com.ua\/cs\/wp-json\/wp\/v2\/users\/1"}],"replies":[{"embeddable":true,"href":"https:\/\/asart.com.ua\/cs\/wp-json\/wp\/v2\/comments?post=18037"}],"version-history":[{"count":2,"href":"https:\/\/asart.com.ua\/cs\/wp-json\/wp\/v2\/pages\/18037\/revisions"}],"predecessor-version":[{"id":20975,"href":"https:\/\/asart.com.ua\/cs\/wp-json\/wp\/v2\/pages\/18037\/revisions\/20975"}],"wp:featuredmedia":[{"embeddable":true,"href":"https:\/\/asart.com.ua\/cs\/wp-json\/wp\/v2\/media\/17851"}],"wp:attachment":[{"href":"https:\/\/asart.com.ua\/cs\/wp-json\/wp\/v2\/media?parent=18037"}],"curies":[{"name":"wp","href":"https:\/\/api.w.org\/{rel}","templated":true}]}}