{"id":18034,"date":"2014-04-25T10:12:00","date_gmt":"2014-04-25T12:12:00","guid":{"rendered":"https:\/\/asart.com.ua\/dizajn-i-remont-pod-klyuch\/"},"modified":"2024-08-14T14:37:27","modified_gmt":"2024-08-14T11:37:27","slug":"dizajn-i-remont-pod-klyuch","status":"publish","type":"page","link":"https:\/\/asart.com.ua\/cs\/dizajn-i-remont-pod-klyuch\/","title":{"rendered":"N\u00e1vrh a rekonstrukce na kl\u00ed\u010d \u2013 nic nem\u016f\u017ee b\u00fdt jednodu\u0161\u0161\u00ed"},"content":{"rendered":"<p>Zat\u00edmco vy sn\u00edte o jedine\u010dn\u00e9m designu a bezprobl\u00e9mov\u00e9 rekonstrukci, mnoho obyvatel Charkova a Kyjeva si ji\u017e u\u017e\u00edv\u00e1 n\u00e1dhern\u00e9ho a pohodln\u00e9ho bydlen\u00ed. Jejich tajemstv\u00ed je prost\u00e9: n\u00e1vrh a rekonstrukci sv\u00fdch prostor na kl\u00ed\u010d sv\u011b\u0159ili na\u0161im talentovan\u00fdm \u0159emesln\u00edk\u016fm. <a href=\"https:\/\/asart.com.ua\/wp-content\/uploads\/2023\/03\/remont-favorit-4watermark.jpg\"><img loading=\"lazy\" decoding=\"async\" class=\"aligncenter  wp-image-9998 colorbox-18034\" src=\"https:\/\/asart.com.ua\/wp-content\/uploads\/2023\/03\/remont-favorit-4watermark.jpg\" alt=\"\" width=\"1010\" height=\"568\" srcset=\"https:\/\/asart.com.ua\/wp-content\/uploads\/2023\/03\/remont-favorit-4watermark.jpg 1200w, https:\/\/asart.com.ua\/wp-content\/uploads\/2023\/03\/remont-favorit-4watermark-300x169.jpg 300w, https:\/\/asart.com.ua\/wp-content\/uploads\/2023\/03\/remont-favorit-4watermark-1024x576.jpg 1024w, https:\/\/asart.com.ua\/wp-content\/uploads\/2023\/03\/remont-favorit-4watermark-768x432.jpg 768w\" sizes=\"(max-width: 1010px) 100vw, 1010px\" \/><\/a> <a href=\"https:\/\/asart.com.ua\/wp-content\/uploads\/2020\/10\/dizajn-kvartiry-v-sovremennom-minimalizme-3watermark.jpg\"><img loading=\"lazy\" decoding=\"async\" class=\"aligncenter  wp-image-8281 colorbox-18034\" src=\"https:\/\/asart.com.ua\/wp-content\/uploads\/2020\/10\/dizajn-kvartiry-v-sovremennom-minimalizme-3watermark.jpg\" alt=\"\" width=\"1007\" height=\"672\" srcset=\"https:\/\/asart.com.ua\/wp-content\/uploads\/2020\/10\/dizajn-kvartiry-v-sovremennom-minimalizme-3watermark.jpg 1000w, https:\/\/asart.com.ua\/wp-content\/uploads\/2020\/10\/dizajn-kvartiry-v-sovremennom-minimalizme-3watermark-300x200.jpg 300w, https:\/\/asart.com.ua\/wp-content\/uploads\/2020\/10\/dizajn-kvartiry-v-sovremennom-minimalizme-3watermark-768x512.jpg 768w, https:\/\/asart.com.ua\/wp-content\/uploads\/2020\/10\/dizajn-kvartiry-v-sovremennom-minimalizme-3watermark-240x160.jpg 240w\" sizes=\"(max-width: 1007px) 100vw, 1007px\" \/><\/a><\/p>\n<p><strong>Jsme designov\u00e9 studio &#8220;AS-Design&#8221;.<\/strong><\/p>\n<p>Kdy\u017e pracujeme na projektech, \u201ed\u00e1v\u00e1me do toho v\u0161echno\u201c. Do \u0159e\u0161en\u00ed zadan\u00fdch \u00fakol\u016f investujeme v\u0161echny sv\u00e9 dovednosti, zku\u0161enosti a pracovn\u00ed dovednosti &#8211; v\u0161echno a je\u0161t\u011b v\u00edce (pokud se objev\u00ed nov\u00e9 m\u00f3dn\u00ed trendy nebo oprav\u00e1rensk\u00e9 technologie, sna\u017e\u00edme se je co nejd\u0159\u00edve zvl\u00e1dnout). Proto n\u00e1vrhy a opravy na kl\u00ed\u010d na\u0161imi \u0159emesln\u00edky v\u017edy vzbuzuj\u00ed obdiv u z\u00e1kazn\u00edk\u016f a jejich okol\u00ed.<\/p>\n<p>Nen\u00ed \u017e\u00e1dn\u00fdm tajemstv\u00edm, \u017ee ke spln\u011bn\u00ed snu nesta\u010d\u00ed touha, dovednosti a znalosti. Do ka\u017ed\u00e9 pr\u00e1ce je pot\u0159eba vlo\u017eit kus sv\u00e9 du\u0161e, jen tak v\u00fdsledek spln\u00ed o\u010dek\u00e1v\u00e1n\u00ed a p\u0159inese radost. P\u0159esn\u011b to d\u011blaj\u00ed na\u0161i specialist\u00e9 \u2192<\/p>\n<ul>\n<li>p\u0159i za\u0159izov\u00e1n\u00ed <a title=\"n\u00e1vrh interi\u00e9ru studiov\u00e9ho bytu\" href=\"https:\/\/asart.com.ua\/dizajn-kvartir\/studiy\/\">interi\u00e9r\u016f byt\u016f<\/a> , dom\u016f, restaurac\u00ed, kancel\u00e1\u0159\u00ed a dal\u0161\u00edch prostor<\/li>\n<li>p\u0159i prov\u00e1d\u011bn\u00ed oprav (kosmetick\u00e9 a velk\u00e9)<\/li>\n<li>kdy\u017e \u201e\u010daruj\u00ed\u201c n\u00e1vrhy fas\u00e1dn\u00edch skupin a chat<\/li>\n<\/ul>\n<p>Chcete-li, aby v\u0161echny prvky ve va\u0161em domov\u011b byly ve vz\u00e1jemn\u00e9m souladu, chcete-li, aby byl v\u00e1\u0161 domov pohodln\u00fd a funk\u010dn\u00ed &#8211; sv\u011b\u0159te n\u00e1vrh a rekonstrukci na kl\u00ed\u010d profesion\u00e1l\u016fm. Ostatn\u011b ani vybrat to spr\u00e1vn\u00e9 barevn\u00e9 sch\u00e9ma nen\u00ed tak jednoduch\u00e9, ale co v\u00e1\u017en\u011bj\u0161\u00ed z\u00e1le\u017eitosti, jako je pl\u00e1nov\u00e1n\u00ed a p\u0159estavba? A pro\u010d pl\u00fdtvat drahocenn\u00fdm \u010dasem a \u00fasil\u00edm na opravy, kdy\u017e existuje slu\u017eba \u201eautorsk\u00e9ho dozoru\u201c?<\/p>\n<p>Osvobo\u010fte se od rutiny t\u00edm, \u017ee sv\u011b\u0159\u00edte opravy na\u0161im specialist\u016fm, kte\u0159\u00ed \u201ev\u00fdborn\u011b\u201c (podle hodnocen\u00ed z\u00e1kazn\u00edk\u016f) dokon\u010dili mnoho renova\u010dn\u00edch a designov\u00fdch projekt\u016f v Charkov\u011b a Kyjev\u011b.<\/p>\n<p>Ale je lep\u0161\u00ed vid\u011bt v\u0161e na vlastn\u00ed o\u010di, tak\u017ee v\u00e1s zveme na str\u00e1nku \u201eportfolia\u201c (fotografie prac\u00ed dokon\u010den\u00fdch v Charkov\u011b a Kyjev\u011b).<\/p>\n<p>L\u00edb\u00ed se? Pak v\u00e1s zveme k z\u00edsk\u00e1n\u00ed dal\u0161\u00edch informac\u00ed a objedn\u00e1n\u00ed n\u00e1vrhu a oprav na kl\u00ed\u010d v Charkov\u011b a Kyjev\u011b t\u00edm, \u017ee n\u00e1s kontaktujete pomoc\u00ed informac\u00ed ze str\u00e1nky \u201e <strong>KONTAKTY<\/strong> \u201c.<\/p>\n<p>Seznamte se l\u00e9pe? \u2014 p\u0159ejd\u011bte na str\u00e1nku \u201e <strong>O N\u00c1S<\/strong> \u201c. <a href=\"https:\/\/asart.com.ua\/wp-content\/uploads\/2023\/03\/remont-favorit-2watermark.jpg\"><img loading=\"lazy\" decoding=\"async\" class=\"aligncenter  wp-image-9994 colorbox-18034\" src=\"https:\/\/asart.com.ua\/wp-content\/uploads\/2023\/03\/remont-favorit-2watermark.jpg\" alt=\"\" width=\"1100\" height=\"619\" srcset=\"https:\/\/asart.com.ua\/wp-content\/uploads\/2023\/03\/remont-favorit-2watermark.jpg 1200w, https:\/\/asart.com.ua\/wp-content\/uploads\/2023\/03\/remont-favorit-2watermark-300x169.jpg 300w, https:\/\/asart.com.ua\/wp-content\/uploads\/2023\/03\/remont-favorit-2watermark-1024x576.jpg 1024w, https:\/\/asart.com.ua\/wp-content\/uploads\/2023\/03\/remont-favorit-2watermark-768x432.jpg 768w\" sizes=\"(max-width: 1100px) 100vw, 1100px\" \/><\/a> <a href=\"https:\/\/asart.com.ua\/wp-content\/uploads\/2020\/10\/dizajn-kvartiry-v-sovremennom-minimalizme-54watermark.jpg\"><img loading=\"lazy\" decoding=\"async\" class=\"aligncenter  wp-image-8383 colorbox-18034\" src=\"https:\/\/asart.com.ua\/wp-content\/uploads\/2020\/10\/dizajn-kvartiry-v-sovremennom-minimalizme-54watermark.jpg\" alt=\"\" width=\"1095\" height=\"731\" srcset=\"https:\/\/asart.com.ua\/wp-content\/uploads\/2020\/10\/dizajn-kvartiry-v-sovremennom-minimalizme-54watermark.jpg 1000w, https:\/\/asart.com.ua\/wp-content\/uploads\/2020\/10\/dizajn-kvartiry-v-sovremennom-minimalizme-54watermark-300x200.jpg 300w, https:\/\/asart.com.ua\/wp-content\/uploads\/2020\/10\/dizajn-kvartiry-v-sovremennom-minimalizme-54watermark-768x512.jpg 768w, https:\/\/asart.com.ua\/wp-content\/uploads\/2020\/10\/dizajn-kvartiry-v-sovremennom-minimalizme-54watermark-240x160.jpg 240w\" sizes=\"(max-width: 1095px) 100vw, 1095px\" \/><\/a> <a href=\"https:\/\/asart.com.ua\/wp-content\/uploads\/2023\/03\/remont-favorit-1watermark.jpg\"><img loading=\"lazy\" decoding=\"async\" class=\"aligncenter  wp-image-9996 colorbox-18034\" src=\"https:\/\/asart.com.ua\/wp-content\/uploads\/2023\/03\/remont-favorit-1watermark.jpg\" alt=\"\" width=\"1097\" height=\"617\" srcset=\"https:\/\/asart.com.ua\/wp-content\/uploads\/2023\/03\/remont-favorit-1watermark.jpg 1200w, https:\/\/asart.com.ua\/wp-content\/uploads\/2023\/03\/remont-favorit-1watermark-300x169.jpg 300w, https:\/\/asart.com.ua\/wp-content\/uploads\/2023\/03\/remont-favorit-1watermark-1024x576.jpg 1024w, https:\/\/asart.com.ua\/wp-content\/uploads\/2023\/03\/remont-favorit-1watermark-768x432.jpg 768w\" sizes=\"(max-width: 1097px) 100vw, 1097px\" \/><\/a> <a href=\"https:\/\/asart.com.ua\/wp-content\/uploads\/2020\/10\/dizajn-kvartiry-v-sovremennom-minimalizme-48watermark.jpg\"><img loading=\"lazy\" decoding=\"async\" class=\"aligncenter  wp-image-8371 colorbox-18034\" src=\"https:\/\/asart.com.ua\/wp-content\/uploads\/2020\/10\/dizajn-kvartiry-v-sovremennom-minimalizme-48watermark.jpg\" alt=\"\" width=\"1091\" height=\"728\" srcset=\"https:\/\/asart.com.ua\/wp-content\/uploads\/2020\/10\/dizajn-kvartiry-v-sovremennom-minimalizme-48watermark.jpg 1000w, https:\/\/asart.com.ua\/wp-content\/uploads\/2020\/10\/dizajn-kvartiry-v-sovremennom-minimalizme-48watermark-300x200.jpg 300w, https:\/\/asart.com.ua\/wp-content\/uploads\/2020\/10\/dizajn-kvartiry-v-sovremennom-minimalizme-48watermark-768x512.jpg 768w, https:\/\/asart.com.ua\/wp-content\/uploads\/2020\/10\/dizajn-kvartiry-v-sovremennom-minimalizme-48watermark-240x160.jpg 240w\" sizes=\"(max-width: 1091px) 100vw, 1091px\" \/><\/a><\/p>\n","protected":false},"excerpt":{"rendered":"<p>Zat\u00edmco vy sn\u00edte o jedine\u010dn\u00e9m designu <a class=\"continue_link\" href=\"https:\/\/asart.com.ua\/cs\/dizajn-i-remont-pod-klyuch\/\">\u0427\u0438\u0442\u0430\u0442\u044c \u0434\u0430\u043b\u0435\u0435 >><\/a><\/p>\n","protected":false},"author":1,"featured_media":0,"parent":0,"menu_order":0,"comment_status":"closed","ping_status":"closed","template":"","meta":{"footnotes":""},"acf":[],"aioseo_notices":[],"_links":{"self":[{"href":"https:\/\/asart.com.ua\/cs\/wp-json\/wp\/v2\/pages\/18034"}],"collection":[{"href":"https:\/\/asart.com.ua\/cs\/wp-json\/wp\/v2\/pages"}],"about":[{"href":"https:\/\/asart.com.ua\/cs\/wp-json\/wp\/v2\/types\/page"}],"author":[{"embeddable":true,"href":"https:\/\/asart.com.ua\/cs\/wp-json\/wp\/v2\/users\/1"}],"replies":[{"embeddable":true,"href":"https:\/\/asart.com.ua\/cs\/wp-json\/wp\/v2\/comments?post=18034"}],"version-history":[{"count":2,"href":"https:\/\/asart.com.ua\/cs\/wp-json\/wp\/v2\/pages\/18034\/revisions"}],"predecessor-version":[{"id":19762,"href":"https:\/\/asart.com.ua\/cs\/wp-json\/wp\/v2\/pages\/18034\/revisions\/19762"}],"wp:attachment":[{"href":"https:\/\/asart.com.ua\/cs\/wp-json\/wp\/v2\/media?parent=18034"}],"curies":[{"name":"wp","href":"https:\/\/api.w.org\/{rel}","templated":true}]}}