{"id":18031,"date":"2012-06-21T10:40:06","date_gmt":"2012-06-21T12:40:06","guid":{"rendered":"https:\/\/asart.com.ua\/fasadnyx-grupp\/"},"modified":"2023-11-27T15:28:03","modified_gmt":"2023-11-27T12:28:03","slug":"fasadnyx-grupp","status":"publish","type":"page","link":"https:\/\/asart.com.ua\/cs\/fasadnyx-grupp\/","title":{"rendered":"Projektov\u00e1n\u00ed a in\u017een\u00fdring fas\u00e1d"},"content":{"rendered":"<p>Design a in\u017een\u00fdrstv\u00ed fas\u00e1d je d\u016fle\u017eitou sou\u010d\u00e1st\u00ed stavebn\u00edho projektu, d\u00edky \u010demu\u017e jsou budovy jedine\u010dn\u00e9 a nezapomenuteln\u00e9. Ve skute\u010dnosti se n\u00e1vrh a in\u017een\u00fdrstv\u00ed fas\u00e1dn\u00edch skupin nemus\u00ed objevit ve stavebn\u00edm pl\u00e1nu. Velmi \u010dasto se fas\u00e1da vyv\u00edj\u00ed, kdy\u017e jsou st\u011bny ji\u017e postaveny. Pozoruhodn\u00fdm p\u0159\u00edkladem je v\u00fdvoj designu a designu fas\u00e1dn\u00edch skupin p\u0159i rekonstrukci starobyl\u00fdch budov. Seznam rekonstruk\u010dn\u00edch prac\u00ed obsahuje:<\/p>\n<ul>\n<li> zm\u011bna po\u010dtu oken a\/nebo jejich velikosti<\/li>\n<li> roz\u0161\u00ed\u0159en\u00ed prostor<\/li>\n<li> uspo\u0159\u00e1d\u00e1n\u00ed samostatn\u00e9ho vchodu<\/li>\n<li> rekonstrukce st\u00e1vaj\u00edc\u00edho vchodu<\/li>\n<li> v\u00fdvoj designu vstupn\u00ed skupiny atd.<\/li>\n<\/ul>\n<p> Modern\u00ed stavebn\u00ed technologie umo\u017e\u0148uj\u00ed vytvo\u0159it prov\u011btr\u00e1vanou fas\u00e1du, ide\u00e1ln\u00ed pro rekonstrukci fas\u00e1dn\u00edch skupin. Tato technologie umo\u017e\u0148uje skr\u00fdt nedostatky, izolovat a zv\u00fd\u0161it ochrann\u00e9 vlastnosti st\u011bn.<\/p>\n<p style=\"text-align: center;\"> <a title=\"N\u00e1vrhy portfoli\u00ed a n\u00e1vrhy fas\u00e1d budov, obchod\u016f, kancel\u00e1\u0159\u00ed\" href=\"https:\/\/asart.com.ua\/portfolio\/?cat=fasadnye-gruppy\">&gt;&gt;&gt;zobrazit portfolio&lt;&lt;&lt;<\/a> <\/p>\n<p><img loading=\"lazy\" decoding=\"async\" class=\"alignnone  wp-image-1909 colorbox-18031\" src=\"https:\/\/asart.com.ua\/wp-content\/uploads\/2012\/06\/danil1-1024x682.jpg\" alt=\"\" width=\"1000\" height=\"682\" \/><img loading=\"lazy\" decoding=\"async\" class=\"alignnone  wp-image-1910 colorbox-18031\" src=\"https:\/\/asart.com.ua\/wp-content\/uploads\/2012\/06\/danil2-1024x768.jpg\" alt=\"\" width=\"1000\" height=\"768\" \/><img loading=\"lazy\" decoding=\"async\" class=\"alignnone size-full wp-image-1911 colorbox-18031\" src=\"https:\/\/asart.com.ua\/wp-content\/uploads\/2012\/06\/p1180576-s.jpg\" alt=\"\" width=\"1000\" height=\"750\" srcset=\"https:\/\/asart.com.ua\/wp-content\/uploads\/2012\/06\/p1180576-s.jpg 1000w, https:\/\/asart.com.ua\/wp-content\/uploads\/2012\/06\/p1180576-s-300x225.jpg 300w, https:\/\/asart.com.ua\/wp-content\/uploads\/2012\/06\/p1180576-s-160x120.jpg 160w, https:\/\/asart.com.ua\/wp-content\/uploads\/2012\/06\/p1180576-s-289x217.jpg 289w\" sizes=\"(max-width: 1000px) 100vw, 1000px\" \/><img loading=\"lazy\" decoding=\"async\" class=\"aligncenter wp-image-4466 size-full colorbox-18031\" src=\"https:\/\/asart.com.ua\/wp-content\/uploads\/2012\/06\/DSC_0005-a.jpg\" alt=\"DSC_0005 a\" width=\"1000\" height=\"636\" srcset=\"https:\/\/asart.com.ua\/wp-content\/uploads\/2012\/06\/DSC_0005-a.jpg 1000w, https:\/\/asart.com.ua\/wp-content\/uploads\/2012\/06\/DSC_0005-a-300x191.jpg 300w, https:\/\/asart.com.ua\/wp-content\/uploads\/2012\/06\/DSC_0005-a-768x488.jpg 768w, https:\/\/asart.com.ua\/wp-content\/uploads\/2012\/06\/DSC_0005-a-233x147.jpg 233w\" sizes=\"(max-width: 1000px) 100vw, 1000px\" \/><img loading=\"lazy\" decoding=\"async\" class=\"aligncenter wp-image-4470 size-full colorbox-18031\" src=\"https:\/\/asart.com.ua\/wp-content\/uploads\/2012\/06\/DSC_0014.jpg\" alt=\"DSC_0014\" width=\"1000\" height=\"586\" srcset=\"https:\/\/asart.com.ua\/wp-content\/uploads\/2012\/06\/DSC_0014.jpg 1000w, https:\/\/asart.com.ua\/wp-content\/uploads\/2012\/06\/DSC_0014-300x176.jpg 300w, https:\/\/asart.com.ua\/wp-content\/uploads\/2012\/06\/DSC_0014-768x450.jpg 768w, https:\/\/asart.com.ua\/wp-content\/uploads\/2012\/06\/DSC_0014-361x212.jpg 361w\" sizes=\"(max-width: 1000px) 100vw, 1000px\" \/><img loading=\"lazy\" decoding=\"async\" class=\"aligncenter wp-image-4467 size-full colorbox-18031\" src=\"https:\/\/asart.com.ua\/wp-content\/uploads\/2012\/06\/DSC_0011.jpg\" alt=\"DSC_0011\" width=\"667\" height=\"1000\" srcset=\"https:\/\/asart.com.ua\/wp-content\/uploads\/2012\/06\/DSC_0011.jpg 667w, https:\/\/asart.com.ua\/wp-content\/uploads\/2012\/06\/DSC_0011-200x300.jpg 200w\" sizes=\"(max-width: 667px) 100vw, 667px\" \/><\/p>\n<div id=\"attachment_4471\" style=\"width: 1010px\" class=\"wp-caption aligncenter\"><img loading=\"lazy\" decoding=\"async\" aria-describedby=\"caption-attachment-4471\" class=\"wp-image-4471 size-full colorbox-18031\" src=\"https:\/\/asart.com.ua\/wp-content\/uploads\/2012\/06\/P9220485.jpg\" alt=\"DIGIT\u00c1LN\u00cd FOTOAPAR\u00c1T OLYMPUS\" width=\"1000\" height=\"714\" srcset=\"https:\/\/asart.com.ua\/wp-content\/uploads\/2012\/06\/P9220485.jpg 1000w, https:\/\/asart.com.ua\/wp-content\/uploads\/2012\/06\/P9220485-300x214.jpg 300w, https:\/\/asart.com.ua\/wp-content\/uploads\/2012\/06\/P9220485-768x548.jpg 768w\" sizes=\"(max-width: 1000px) 100vw, 1000px\" \/><p id=\"caption-attachment-4471\" class=\"wp-caption-text\">DIGIT\u00c1LN\u00cd FOTOAPAR\u00c1T OLYMPUS<\/p><\/div>\n<p><img loading=\"lazy\" decoding=\"async\" class=\"alignnone wp-image-1914 colorbox-18031\" src=\"https:\/\/asart.com.ua\/wp-content\/uploads\/2012\/06\/p3280048-1024x768.jpg\" width=\"1000\" height=\"768\" \/><img loading=\"lazy\" decoding=\"async\" class=\"alignnone wp-image-1915 colorbox-18031\" src=\"https:\/\/asart.com.ua\/wp-content\/uploads\/2012\/06\/p3280049-1024x768.jpg\" width=\"1000\" height=\"768\" \/><img loading=\"lazy\" decoding=\"async\" class=\"alignnone wp-image-1916 colorbox-18031\" src=\"https:\/\/asart.com.ua\/wp-content\/uploads\/2012\/06\/p9280104-1024x768.jpg\" width=\"1000\" height=\"768\" \/><img loading=\"lazy\" decoding=\"async\" class=\"alignnone wp-image-1917 colorbox-18031\" src=\"https:\/\/asart.com.ua\/wp-content\/uploads\/2012\/06\/p9280105-1024x768.jpg\" width=\"1000\" height=\"768\" \/><img loading=\"lazy\" decoding=\"async\" class=\"alignnone wp-image-1918 colorbox-18031\" src=\"https:\/\/asart.com.ua\/wp-content\/uploads\/2012\/06\/pb140105-1024x768.jpg\" width=\"1000\" height=\"768\" \/><\/p>\n<p style=\"text-align: center;\"><img loading=\"lazy\" decoding=\"async\" class=\"alignnone wp-image-1919 colorbox-18031\" src=\"https:\/\/asart.com.ua\/wp-content\/uploads\/2012\/06\/pb140108hj-1024x744.jpg\" width=\"1000\" height=\"744\" \/> <a style=\"text-decoration: none;\" title=\"N\u00e1vrh portfolia a n\u00e1vrh fas\u00e1dy\" href=\"https:\/\/asart.com.ua\/portfolio\/?cat=fasadnye-gruppy\">&gt;&gt;&gt;zobrazit portfolio&lt;&lt;&lt;<\/a><\/p>\n<p> Stavebn\u00ed technologie v\u00e1m umo\u017e\u0148uj\u00ed vybrat si libovolnou variantu designu fas\u00e1dn\u00edch skupin. Nap\u0159\u00edklad star\u00fd zch\u00e1tral\u00fd d\u016fm najde nov\u00fd \u017eivot s p\u0159edst\u011bnou, kter\u00e1 dod\u00e1 budov\u011b nov\u00fd vzhled a zlep\u0161\u00ed jej\u00ed v\u00fdkonnostn\u00ed charakteristiky, \u010d\u00edm\u017e se v\u00fdrazn\u011b prodlou\u017e\u00ed \u017eivotnost budovy. Modern\u00ed design z\u00e1v\u011bsn\u00fdch fas\u00e1d m\u00e1 energeticky \u00fasporn\u00e9 vlastnosti, vyr\u00e1b\u00ed se z r\u016fzn\u00fdch materi\u00e1l\u016f v \u0161irok\u00e9 \u0161k\u00e1le barev. V\u00fdb\u011br z\u00e1clonov\u00e9 fas\u00e1dy pro renovaci budovy proto nebude obt\u00ed\u017en\u00fd. <strong>Design studio &#8220;AS-Design&#8221; prov\u00e1d\u00ed pr\u00e1ce na v\u00fdvoji designu a designu fas\u00e1dn\u00edch skupin. Ne\u017e uvid\u00edte hotov\u00fd projekt, na\u0161i specialist\u00e9 provedou \u0159adu prac\u00ed:<\/strong><\/p>\n<ul>\n<li> Vypracuj\u00ed n\u00e1vrhov\u00fd projekt: vyberte optim\u00e1ln\u00ed \u0159e\u0161en\u00ed textury, vyberte barevn\u00e9 sch\u00e9ma. Z\u00e1kazn\u00edk si z\u00e1rove\u0148 bude moci prohl\u00e9dnout n\u00e1vrhov\u00fd model ve 3D verzi a v p\u0159\u00edpad\u011b p\u0159ipom\u00ednek prov\u00e9st \u00fapravy tak, aby fin\u00e1ln\u00ed verze splnila v\u0161echna o\u010dek\u00e1v\u00e1n\u00ed.<\/li>\n<li> Vypo\u010d\u00edtejte konstrukci fas\u00e1dy<\/li>\n<li> Vypracujte v\u00fdkresy, kter\u00e9 berou v \u00favahu vlastnosti struktury<\/li>\n<li> Vytvo\u0159\u00ed pracovn\u00ed n\u00e1vrh, kter\u00fd zohledn\u00ed spot\u0159ebu materi\u00e1lu, ale i dal\u0161\u00ed n\u00e1klady nutn\u00e9 k dokon\u010den\u00ed p\u0159ipravovan\u00fdch stavebn\u00edch prac\u00ed.<\/li>\n<\/ul>\n<h2> Zak\u00e1zkov\u00fd design a design fas\u00e1d<\/h2>\n<p> A\u0165 u\u017e se chyst\u00e1te postavit nebo obnovit jakoukoli budovu: venkovsk\u00fd d\u016fm nebo starobyl\u00fd hrad, specialist\u00e9 na\u0161eho designov\u00e9ho studia \u201eAS-Design\u201c provedou celou \u0159adu prac\u00ed. N\u00e1kupn\u00ed, z\u00e1bavn\u00ed a obytn\u00e9 komplexy, pr\u016fmyslov\u00e9 a administrativn\u00ed budovy a dokonce i starobyl\u00e9 architektonick\u00e9 stavby &#8211; s designov\u00fdm studiem &#8220;AS-Design&#8221; z\u00edskaj\u00ed v\u0161echny budovy nov\u00fd stylov\u00fd vzhled. Vezm\u011bte pros\u00edm na v\u011bdom\u00ed, \u017ee ve\u0161ker\u00e9 pr\u00e1ce na n\u00e1vrhu a in\u017een\u00fdrstv\u00ed fas\u00e1d se prov\u00e1d\u011bj\u00ed v p\u0159\u00edsn\u00e9m souladu se st\u00e1tn\u00edmi normami. Skladbu projektov\u00e9 dokumentace dohodne Projektant a objednatel ve smlouv\u011b o proveden\u00ed. Cena projek\u010dn\u00edch prac\u00ed se kalkuluje individu\u00e1ln\u011b a z\u00e1vis\u00ed na slo\u017eitosti n\u00e1vrhu, skladb\u011b dokumentace, term\u00ednech projekce a plo\u0161e. Objednejte si n\u00e1vrh a in\u017een\u00fdring fas\u00e1dn\u00edch skupin v designov\u00e9m studiu AS-Design a z\u00edskejte:<\/p>\n<ul>\n<li> optim\u00e1ln\u00ed ceny<\/li>\n<li> adekv\u00e1tn\u00ed doba vy\u0159\u00edzen\u00ed objedn\u00e1vky<\/li>\n<li> kr\u00e1sn\u00fd design<\/li>\n<li> vysok\u00e1 spolehlivost konstrukc\u00ed<\/li>\n<\/ul>\n<p> Pro v\u00edce informac\u00ed volejte:<\/p>\n<p align=\"center\"> <strong>(097) 930-71-05 (093) 664-75-36<\/strong><\/p>\n","protected":false},"excerpt":{"rendered":"<p>Design a in\u017een\u00fdrstv\u00ed fas\u00e1d je d\u016fle\u017eitou <a class=\"continue_link\" href=\"https:\/\/asart.com.ua\/cs\/fasadnyx-grupp\/\">\u0427\u0438\u0442\u0430\u0442\u044c \u0434\u0430\u043b\u0435\u0435 >><\/a><\/p>\n","protected":false},"author":6,"featured_media":0,"parent":0,"menu_order":0,"comment_status":"closed","ping_status":"closed","template":"","meta":{"footnotes":""},"acf":[],"aioseo_notices":[],"_links":{"self":[{"href":"https:\/\/asart.com.ua\/cs\/wp-json\/wp\/v2\/pages\/18031"}],"collection":[{"href":"https:\/\/asart.com.ua\/cs\/wp-json\/wp\/v2\/pages"}],"about":[{"href":"https:\/\/asart.com.ua\/cs\/wp-json\/wp\/v2\/types\/page"}],"author":[{"embeddable":true,"href":"https:\/\/asart.com.ua\/cs\/wp-json\/wp\/v2\/users\/6"}],"replies":[{"embeddable":true,"href":"https:\/\/asart.com.ua\/cs\/wp-json\/wp\/v2\/comments?post=18031"}],"version-history":[{"count":1,"href":"https:\/\/asart.com.ua\/cs\/wp-json\/wp\/v2\/pages\/18031\/revisions"}],"predecessor-version":[{"id":18634,"href":"https:\/\/asart.com.ua\/cs\/wp-json\/wp\/v2\/pages\/18031\/revisions\/18634"}],"wp:attachment":[{"href":"https:\/\/asart.com.ua\/cs\/wp-json\/wp\/v2\/media?parent=18031"}],"curies":[{"name":"wp","href":"https:\/\/api.w.org\/{rel}","templated":true}]}}