{"id":18028,"date":"2021-04-25T09:49:26","date_gmt":"2021-04-25T06:49:26","guid":{"rendered":"https:\/\/asart.com.ua\/dizajn-gostinoj\/"},"modified":"2023-11-27T15:26:31","modified_gmt":"2023-11-27T12:26:31","slug":"dizajn-gostinoj","status":"publish","type":"page","link":"https:\/\/asart.com.ua\/cs\/dizajn-gostinoj\/","title":{"rendered":"Design ob\u00fdvac\u00edho pokoje: na ka\u017ed\u00e9m detailu z\u00e1le\u017e\u00ed"},"content":{"rendered":"<p>Samotn\u00e9 slovo \u201eob\u00fdvac\u00ed pokoj\u201c nazna\u010duje, \u017ee pr\u00e1v\u011b v t\u00e9to m\u00edstnosti jsou p\u0159ij\u00edm\u00e1ni host\u00e9, \u017ee se zde sch\u00e1z\u00ed rodina, aby spole\u010dn\u011b tr\u00e1vili \u010das a odpo\u010d\u00edvali po n\u00e1ro\u010dn\u00e9m dni. A samoz\u0159ejm\u011b, \u017ee tato m\u00edstnost by m\u011bla poskytovat pohodl\u00ed v\u0161em.<\/p>\n<p> Jak skloubit r\u016fznorod\u00e9 z\u00e1jmy v\u0161ech \u010dlen\u016f rodiny v jedn\u00e9 m\u00edstnosti, kdy\u017e n\u011bkoho zaj\u00edm\u00e1 fotbal, n\u011bkdo je v\u00e1\u0161niv\u00fdm fanou\u0161kem v\u00e1\u017en\u00e9 hudby a n\u011bkdo r\u00e1d \u010dte nebo p\u011bstuje kaktusy?<\/p>\n<p> K vy\u0159e\u0161en\u00ed tohoto obt\u00ed\u017en\u00e9ho probl\u00e9mu mus\u00edte m\u00edt nejen talent um\u011blce, ale tak\u00e9 speci\u00e1ln\u00ed dovednosti. \u201eP\u0159ijmout nesm\u00edrnost\u201c (v na\u0161em p\u0159\u00edpad\u011b spojit r\u016fzn\u00e9 z\u00e1jmy do jednoho celku) a vytvo\u0159it design ob\u00fdvac\u00edho pokoje, kter\u00fd je pohodln\u00fd pro ka\u017ed\u00e9ho \u010dlena rodiny a jejich hosty, je mo\u017en\u00e9 pouze tehdy, m\u00e1te-li \u201edesign\u00e9rsk\u00e9\u201c znalosti. V opa\u010dn\u00e9m p\u0159\u00edpad\u011b se m\u016f\u017ee design ob\u00fdvac\u00edho pokoje uk\u00e1zat jako \u201ejednostrann\u00fd\u201c (zam\u011b\u0159en\u00fd na preference jedn\u00e9 osoby) nebo v nejlep\u0161\u00edm p\u0159\u00edpad\u011b ne stylov\u00fd.<\/p>\n<p> Vzhledem k d\u016fle\u017eitosti probl\u00e9mu je lep\u0161\u00ed sv\u011b\u0159it n\u00e1vrh ob\u00fdvac\u00edho pokoje zku\u0161en\u00fdm specialist\u016fm, kte\u0159\u00ed se osv\u011bd\u010dili na trhu designov\u00fdch slu\u017eeb. Krom\u011b toho je t\u0159eba v\u011bnovat zvl\u00e1\u0161tn\u00ed pozornost designu pokoje pro hosty nejen ve velk\u00fdch m\u011bstech, jako je Charkov nebo Kyjev, ale v ka\u017ed\u00e9 lokalit\u011b. Koneckonc\u016f, v na\u0161\u00ed dob\u011b nen\u00ed nic jednodu\u0161\u0161\u00edho ne\u017e <a title=\"zak\u00e1zkov\u00fd design interi\u00e9r\u016f a rekonstrukce na kl\u00ed\u010d\" href=\"https:\/\/asart.com.ua\/dizajn-i-remont-pod-klyuch\/\">n\u00e1vrh a renovace na kl\u00ed\u010d<\/a> . <a href=\"https:\/\/asart.com.ua\/wp-content\/uploads\/2020\/06\/miniatyura-katyushka-.jpg\"><img loading=\"lazy\" decoding=\"async\" class=\"aligncenter size-full wp-image-8053 colorbox-18028\" src=\"https:\/\/asart.com.ua\/wp-content\/uploads\/2020\/06\/miniatyura-katyushka-.jpg\" alt=\"\" width=\"1000\" height=\"667\" srcset=\"https:\/\/asart.com.ua\/wp-content\/uploads\/2020\/06\/miniatyura-katyushka-.jpg 1000w, https:\/\/asart.com.ua\/wp-content\/uploads\/2020\/06\/miniatyura-katyushka--300x200.jpg 300w, https:\/\/asart.com.ua\/wp-content\/uploads\/2020\/06\/miniatyura-katyushka--768x512.jpg 768w, https:\/\/asart.com.ua\/wp-content\/uploads\/2020\/06\/miniatyura-katyushka--240x160.jpg 240w\" sizes=\"(max-width: 1000px) 100vw, 1000px\" \/><\/a> <a href=\"https:\/\/asart.com.ua\/wp-content\/uploads\/2018\/04\/dvuhurovnevaya-kvartira-2watermark.jpg\"><img loading=\"lazy\" decoding=\"async\" class=\"aligncenter size-full wp-image-8076 colorbox-18028\" src=\"https:\/\/asart.com.ua\/wp-content\/uploads\/2018\/04\/dvuhurovnevaya-kvartira-2watermark.jpg\" alt=\"\" width=\"1000\" height=\"667\" srcset=\"https:\/\/asart.com.ua\/wp-content\/uploads\/2018\/04\/dvuhurovnevaya-kvartira-2watermark.jpg 1000w, https:\/\/asart.com.ua\/wp-content\/uploads\/2018\/04\/dvuhurovnevaya-kvartira-2watermark-300x200.jpg 300w, https:\/\/asart.com.ua\/wp-content\/uploads\/2018\/04\/dvuhurovnevaya-kvartira-2watermark-768x512.jpg 768w, https:\/\/asart.com.ua\/wp-content\/uploads\/2018\/04\/dvuhurovnevaya-kvartira-2watermark-240x160.jpg 240w\" sizes=\"(max-width: 1000px) 100vw, 1000px\" \/><\/a> <a href=\"https:\/\/asart.com.ua\/wp-content\/uploads\/2018\/04\/dvuhurovnevaya-kvartira-realizacziya-1watermark.jpg\"><img loading=\"lazy\" decoding=\"async\" class=\"aligncenter size-full wp-image-8094 colorbox-18028\" src=\"https:\/\/asart.com.ua\/wp-content\/uploads\/2018\/04\/dvuhurovnevaya-kvartira-realizacziya-1watermark.jpg\" alt=\"\" width=\"1000\" height=\"667\" srcset=\"https:\/\/asart.com.ua\/wp-content\/uploads\/2018\/04\/dvuhurovnevaya-kvartira-realizacziya-1watermark.jpg 1000w, https:\/\/asart.com.ua\/wp-content\/uploads\/2018\/04\/dvuhurovnevaya-kvartira-realizacziya-1watermark-300x200.jpg 300w, https:\/\/asart.com.ua\/wp-content\/uploads\/2018\/04\/dvuhurovnevaya-kvartira-realizacziya-1watermark-768x512.jpg 768w, https:\/\/asart.com.ua\/wp-content\/uploads\/2018\/04\/dvuhurovnevaya-kvartira-realizacziya-1watermark-240x160.jpg 240w\" sizes=\"(max-width: 1000px) 100vw, 1000px\" \/><\/a> <a href=\"https:\/\/asart.com.ua\/wp-content\/uploads\/2018\/04\/dvuhurovnevaya-kvartira-4watermark.jpg\"><img loading=\"lazy\" decoding=\"async\" class=\"aligncenter size-full wp-image-8080 colorbox-18028\" src=\"https:\/\/asart.com.ua\/wp-content\/uploads\/2018\/04\/dvuhurovnevaya-kvartira-4watermark.jpg\" alt=\"\" width=\"1000\" height=\"667\" srcset=\"https:\/\/asart.com.ua\/wp-content\/uploads\/2018\/04\/dvuhurovnevaya-kvartira-4watermark.jpg 1000w, https:\/\/asart.com.ua\/wp-content\/uploads\/2018\/04\/dvuhurovnevaya-kvartira-4watermark-300x200.jpg 300w, https:\/\/asart.com.ua\/wp-content\/uploads\/2018\/04\/dvuhurovnevaya-kvartira-4watermark-768x512.jpg 768w, https:\/\/asart.com.ua\/wp-content\/uploads\/2018\/04\/dvuhurovnevaya-kvartira-4watermark-240x160.jpg 240w\" sizes=\"(max-width: 1000px) 100vw, 1000px\" \/><\/a> <a href=\"https:\/\/asart.com.ua\/wp-content\/uploads\/2018\/04\/dvuhurovnevaya-kvartira-realizacziya-6watermark.jpg\"><img loading=\"lazy\" decoding=\"async\" class=\"aligncenter size-full wp-image-8104 colorbox-18028\" src=\"https:\/\/asart.com.ua\/wp-content\/uploads\/2018\/04\/dvuhurovnevaya-kvartira-realizacziya-6watermark.jpg\" alt=\"\" width=\"1000\" height=\"667\" srcset=\"https:\/\/asart.com.ua\/wp-content\/uploads\/2018\/04\/dvuhurovnevaya-kvartira-realizacziya-6watermark.jpg 1000w, https:\/\/asart.com.ua\/wp-content\/uploads\/2018\/04\/dvuhurovnevaya-kvartira-realizacziya-6watermark-300x200.jpg 300w, https:\/\/asart.com.ua\/wp-content\/uploads\/2018\/04\/dvuhurovnevaya-kvartira-realizacziya-6watermark-768x512.jpg 768w, https:\/\/asart.com.ua\/wp-content\/uploads\/2018\/04\/dvuhurovnevaya-kvartira-realizacziya-6watermark-240x160.jpg 240w\" sizes=\"(max-width: 1000px) 100vw, 1000px\" \/><\/a> <a href=\"https:\/\/asart.com.ua\/wp-content\/uploads\/2020\/06\/dvuhurovnevaya-kvartira-realizacziya-10watermark.jpg\"><img loading=\"lazy\" decoding=\"async\" class=\"aligncenter size-full wp-image-8029 colorbox-18028\" src=\"https:\/\/asart.com.ua\/wp-content\/uploads\/2020\/06\/dvuhurovnevaya-kvartira-realizacziya-10watermark.jpg\" alt=\"\" width=\"1000\" height=\"667\" srcset=\"https:\/\/asart.com.ua\/wp-content\/uploads\/2020\/06\/dvuhurovnevaya-kvartira-realizacziya-10watermark.jpg 1000w, https:\/\/asart.com.ua\/wp-content\/uploads\/2020\/06\/dvuhurovnevaya-kvartira-realizacziya-10watermark-300x200.jpg 300w, https:\/\/asart.com.ua\/wp-content\/uploads\/2020\/06\/dvuhurovnevaya-kvartira-realizacziya-10watermark-768x512.jpg 768w, https:\/\/asart.com.ua\/wp-content\/uploads\/2020\/06\/dvuhurovnevaya-kvartira-realizacziya-10watermark-240x160.jpg 240w\" sizes=\"(max-width: 1000px) 100vw, 1000px\" \/><\/a><\/p>\n<h2> Objednejte si n\u00e1vrh ob\u00fdvac\u00edho pokoje<\/h2>\n<p> Na\u0161e <strong>AS-Design studio<\/strong> vyb\u00edr\u00e1 pouze talentovan\u00e9 specialisty, kte\u0159\u00ed dok\u00e1\u017eou i slo\u017eit\u00e9 prostory prom\u011bnit v \u201ebonb\u00f3n\u201c. T\u00edm, \u017ee sv\u011b\u0159\u00edte design sv\u00e9ho ob\u00fdvac\u00edho pokoje na\u0161im \u0159emesln\u00edk\u016fm, z\u00edsk\u00e1te stylov\u00fd a \u00fatuln\u00fd pokoj, ve kter\u00e9m m\u016f\u017eete p\u0159ij\u00edmat nejen p\u0159\u00edbuzn\u00e9 a sousedy, ale tak\u00e9 kr\u00e1lovsk\u00e9 rodiny.<\/p>\n<p> V\u00edce informac\u00ed z\u00edsk\u00e1te kontaktov\u00e1n\u00edm na\u0161ich zam\u011bstnanc\u016f pomoc\u00ed informac\u00ed uveden\u00fdch na str\u00e1nce \u201e <strong>KONTAKTY<\/strong> \u201c.<\/p>\n<p> Pod\u00edvejte se na p\u0159\u00edklady prac\u00ed dokon\u010den\u00fdch v Kyjev\u011b a Charkov\u011b na str\u00e1nce \u201e <strong>PORTFOLIO<\/strong> \u201c<\/p>\n<p> Chcete se l\u00e9pe poznat? \u2014 Pot\u00e9 byste m\u011bli p\u0159ej\u00edt na str\u00e1nku \u201e <strong>O N\u00c1S<\/strong> \u201c<\/p>\n","protected":false},"excerpt":{"rendered":"<p>Samotn\u00e9 slovo \u201eob\u00fdvac\u00ed pokoj\u201c nazna\u010duje, \u017ee <a class=\"continue_link\" href=\"https:\/\/asart.com.ua\/cs\/dizajn-gostinoj\/\">\u0427\u0438\u0442\u0430\u0442\u044c \u0434\u0430\u043b\u0435\u0435 >><\/a><\/p>\n","protected":false},"author":1,"featured_media":0,"parent":0,"menu_order":0,"comment_status":"closed","ping_status":"closed","template":"","meta":{"footnotes":""},"acf":[],"aioseo_notices":[],"_links":{"self":[{"href":"https:\/\/asart.com.ua\/cs\/wp-json\/wp\/v2\/pages\/18028"}],"collection":[{"href":"https:\/\/asart.com.ua\/cs\/wp-json\/wp\/v2\/pages"}],"about":[{"href":"https:\/\/asart.com.ua\/cs\/wp-json\/wp\/v2\/types\/page"}],"author":[{"embeddable":true,"href":"https:\/\/asart.com.ua\/cs\/wp-json\/wp\/v2\/users\/1"}],"replies":[{"embeddable":true,"href":"https:\/\/asart.com.ua\/cs\/wp-json\/wp\/v2\/comments?post=18028"}],"version-history":[{"count":1,"href":"https:\/\/asart.com.ua\/cs\/wp-json\/wp\/v2\/pages\/18028\/revisions"}],"predecessor-version":[{"id":18629,"href":"https:\/\/asart.com.ua\/cs\/wp-json\/wp\/v2\/pages\/18028\/revisions\/18629"}],"wp:attachment":[{"href":"https:\/\/asart.com.ua\/cs\/wp-json\/wp\/v2\/media?parent=18028"}],"curies":[{"name":"wp","href":"https:\/\/api.w.org\/{rel}","templated":true}]}}