{"id":18025,"date":"2017-08-01T20:57:02","date_gmt":"2017-08-01T17:57:02","guid":{"rendered":"https:\/\/asart.com.ua\/dizajn-barov\/pivbara\/"},"modified":"2023-11-27T15:24:59","modified_gmt":"2023-11-27T12:24:59","slug":"pivbara","status":"publish","type":"page","link":"https:\/\/asart.com.ua\/cs\/dizajn-barov\/pivbara\/","title":{"rendered":"Design hospody"},"content":{"rendered":"<p>Pivn\u00ed bary jsou obl\u00edben\u00e9 v Kyjev\u011b, Charkov\u011b a mnoha dal\u0161\u00edch m\u011bstech Ukrajiny. P\u0159ich\u00e1zej\u00ed k nim mu\u017ei i \u017eeny r\u016fzn\u00e9ho v\u011bku, aby <strong>si po n\u00e1ro\u010dn\u00e9m dni odpo\u010dinuli, popov\u00eddali si, vypili v\u00fdborn\u00e9 pivo a str\u00e1vili \u010das<\/strong> . Pokud chcete, aby v\u00e1\u0161 pivn\u00ed bar m\u011bl v\u017edy hodn\u011b n\u00e1v\u0161t\u011bvn\u00edk\u016f, mus\u00edte v n\u011bm vytvo\u0159it:<\/p>\n<ul>\n<li> komfortn\u00ed<\/li>\n<li> harmonick\u00fd<\/li>\n<li> \u00fatuln\u00fd<\/li>\n<\/ul>\n<p> Atmosf\u00e9ra, stejn\u011b jako zaj\u00edmav\u00fd design interi\u00e9ru. Co\u017e odli\u0161\u00ed v\u00e1\u0161 podnik od podobn\u00fdch a p\u0159il\u00e1k\u00e1 k v\u00e1m mnoho host\u016f. <a href=\"https:\/\/asart.com.ua\/wp-content\/uploads\/2016\/10\/Altbir-foto-13watermark-.jpg\"><img loading=\"lazy\" decoding=\"async\" class=\"aligncenter size-full wp-image-6892 colorbox-18025\" src=\"https:\/\/asart.com.ua\/wp-content\/uploads\/2016\/10\/Altbir-foto-13watermark-.jpg\" alt=\"\" width=\"1000\" height=\"668\" srcset=\"https:\/\/asart.com.ua\/wp-content\/uploads\/2016\/10\/Altbir-foto-13watermark-.jpg 1000w, https:\/\/asart.com.ua\/wp-content\/uploads\/2016\/10\/Altbir-foto-13watermark--300x200.jpg 300w, https:\/\/asart.com.ua\/wp-content\/uploads\/2016\/10\/Altbir-foto-13watermark--768x513.jpg 768w, https:\/\/asart.com.ua\/wp-content\/uploads\/2016\/10\/Altbir-foto-13watermark--240x160.jpg 240w\" sizes=\"(max-width: 1000px) 100vw, 1000px\" \/><\/a> <a href=\"https:\/\/asart.com.ua\/wp-content\/uploads\/2016\/10\/Altbir-foto-15watermark-.jpg\"><img loading=\"lazy\" decoding=\"async\" class=\"aligncenter size-full wp-image-6874 colorbox-18025\" src=\"https:\/\/asart.com.ua\/wp-content\/uploads\/2016\/10\/Altbir-foto-15watermark-.jpg\" alt=\"\" width=\"1000\" height=\"667\" srcset=\"https:\/\/asart.com.ua\/wp-content\/uploads\/2016\/10\/Altbir-foto-15watermark-.jpg 1000w, https:\/\/asart.com.ua\/wp-content\/uploads\/2016\/10\/Altbir-foto-15watermark--300x200.jpg 300w, https:\/\/asart.com.ua\/wp-content\/uploads\/2016\/10\/Altbir-foto-15watermark--768x512.jpg 768w, https:\/\/asart.com.ua\/wp-content\/uploads\/2016\/10\/Altbir-foto-15watermark--240x160.jpg 240w\" sizes=\"(max-width: 1000px) 100vw, 1000px\" \/><\/a> <a href=\"https:\/\/asart.com.ua\/wp-content\/uploads\/2016\/10\/shou-restoran-AltBir_1-13watermark.jpg\"><img loading=\"lazy\" decoding=\"async\" class=\"aligncenter size-full wp-image-6880 colorbox-18025\" src=\"https:\/\/asart.com.ua\/wp-content\/uploads\/2016\/10\/shou-restoran-AltBir_1-13watermark.jpg\" alt=\"\" width=\"1000\" height=\"750\" srcset=\"https:\/\/asart.com.ua\/wp-content\/uploads\/2016\/10\/shou-restoran-AltBir_1-13watermark.jpg 1000w, https:\/\/asart.com.ua\/wp-content\/uploads\/2016\/10\/shou-restoran-AltBir_1-13watermark-300x225.jpg 300w, https:\/\/asart.com.ua\/wp-content\/uploads\/2016\/10\/shou-restoran-AltBir_1-13watermark-768x576.jpg 768w, https:\/\/asart.com.ua\/wp-content\/uploads\/2016\/10\/shou-restoran-AltBir_1-13watermark-160x120.jpg 160w, https:\/\/asart.com.ua\/wp-content\/uploads\/2016\/10\/shou-restoran-AltBir_1-13watermark-289x217.jpg 289w\" sizes=\"(max-width: 1000px) 100vw, 1000px\" \/><\/a> <a href=\"https:\/\/asart.com.ua\/wp-content\/uploads\/2015\/05\/shou-restoran-AltBir_1-17watermark.jpg\"><img loading=\"lazy\" decoding=\"async\" class=\"aligncenter size-full wp-image-4005 colorbox-18025\" src=\"https:\/\/asart.com.ua\/wp-content\/uploads\/2015\/05\/shou-restoran-AltBir_1-17watermark.jpg\" alt=\"\" width=\"1000\" height=\"750\" srcset=\"https:\/\/asart.com.ua\/wp-content\/uploads\/2015\/05\/shou-restoran-AltBir_1-17watermark.jpg 1000w, https:\/\/asart.com.ua\/wp-content\/uploads\/2015\/05\/shou-restoran-AltBir_1-17watermark-300x225.jpg 300w, https:\/\/asart.com.ua\/wp-content\/uploads\/2015\/05\/shou-restoran-AltBir_1-17watermark-160x120.jpg 160w, https:\/\/asart.com.ua\/wp-content\/uploads\/2015\/05\/shou-restoran-AltBir_1-17watermark-289x217.jpg 289w\" sizes=\"(max-width: 1000px) 100vw, 1000px\" \/><\/a> <a href=\"https:\/\/asart.com.ua\/wp-content\/uploads\/2015\/05\/shou-restoran-AltBir_1-5watermark.jpg\"><img loading=\"lazy\" decoding=\"async\" class=\"aligncenter size-full wp-image-3993 colorbox-18025\" src=\"https:\/\/asart.com.ua\/wp-content\/uploads\/2015\/05\/shou-restoran-AltBir_1-5watermark.jpg\" alt=\"\" width=\"1000\" height=\"750\" srcset=\"https:\/\/asart.com.ua\/wp-content\/uploads\/2015\/05\/shou-restoran-AltBir_1-5watermark.jpg 1000w, https:\/\/asart.com.ua\/wp-content\/uploads\/2015\/05\/shou-restoran-AltBir_1-5watermark-300x225.jpg 300w, https:\/\/asart.com.ua\/wp-content\/uploads\/2015\/05\/shou-restoran-AltBir_1-5watermark-160x120.jpg 160w, https:\/\/asart.com.ua\/wp-content\/uploads\/2015\/05\/shou-restoran-AltBir_1-5watermark-289x217.jpg 289w\" sizes=\"(max-width: 1000px) 100vw, 1000px\" \/><\/a><\/p>\n<h2> P\u0159\u00edrodn\u00ed materi\u00e1ly a zaj\u00edmav\u00e9 dopl\u0148ky.<\/h2>\n<p> Na\u0161e studio se specializuje na tvorbu unik\u00e1tn\u00edch a origin\u00e1ln\u00edch interi\u00e9rov\u00fdch projekt\u016f pro hospody. Na\u0161im klient\u016fm nab\u00edz\u00edme zaj\u00edmav\u00e9 n\u00e1pady t\u00fdkaj\u00edc\u00ed se designu pivn\u00ed restaurace, kter\u00e1 ji u\u010din\u00ed kr\u00e1snou, jedine\u010dnou, \u00fatulnou a pohodlnou. Designov\u00fd projekt je vypracov\u00e1n s ohledem na va\u0161e p\u0159\u00e1n\u00ed a po\u017eadavky. Charakteristick\u00e9 rysy ty\u010d\u00ed jsou:<\/p>\n<ul>\n<li> mal\u00e9 s\u00e1ly<\/li>\n<li> tlumen\u00e9 sv\u011btlo<\/li>\n<li> hrub\u00fd d\u0159ev\u011bn\u00fd n\u00e1bytek<\/li>\n<li> unik\u00e1tn\u00ed designov\u00e9 dopl\u0148ky<\/li>\n<\/ul>\n<p> Navzdory nim se v prvn\u00ed \u0159ad\u011b mus\u00edte zam\u011b\u0159it na c\u00edlovou skupinu va\u0161\u00ed hospody, jej\u00ed um\u00edst\u011bn\u00ed a rozlohu. Pro vytvo\u0159en\u00ed jedine\u010dn\u00e9ho a origin\u00e1ln\u00edho designu interi\u00e9ru k v\u00e1m proto p\u0159ijede design\u00e9r Asart pivn\u00ed bar prohl\u00e9dnout. P\u0159i setk\u00e1n\u00ed zjist\u00ed koncepci provozovny a specifika jej\u00ed \u010dinnosti. Na z\u00e1klad\u011b toho vybere nejvhodn\u011bj\u0161\u00ed styl designu a barevnou paletu. <\/p>\n<p><img loading=\"lazy\" decoding=\"async\" class=\"aligncenter wp-image-4923 size-full colorbox-18025\" src=\"https:\/\/asart.com.ua\/wp-content\/uploads\/2016\/10\/Karaoke-Albir-1.jpg\" alt=\"N\u00e1vrh interi\u00e9ru pro hospodu\" width=\"1024\" height=\"708\" \/><img loading=\"lazy\" decoding=\"async\" class=\"aligncenter size-full wp-image-4911 colorbox-18025\" src=\"https:\/\/asart.com.ua\/wp-content\/uploads\/2016\/10\/Altbir-vip-2-4.jpg\" alt=\"Zobrazit restauraci \"AltBier\"\" width=\"1024\" height=\"683\" srcset=\"https:\/\/asart.com.ua\/wp-content\/uploads\/2016\/10\/Altbir-vip-2-4.jpg 1024w, https:\/\/asart.com.ua\/wp-content\/uploads\/2016\/10\/Altbir-vip-2-4-300x200.jpg 300w, https:\/\/asart.com.ua\/wp-content\/uploads\/2016\/10\/Altbir-vip-2-4-768x512.jpg 768w, https:\/\/asart.com.ua\/wp-content\/uploads\/2016\/10\/Altbir-vip-2-4-240x160.jpg 240w\" sizes=\"(max-width: 1024px) 100vw, 1024px\" \/><\/p>\n<h3> Jednoduchost, funk\u010dnost, pohodl\u00ed.<\/h3>\n<p> Interi\u00e9r hosp\u016fdky lze za\u0159\u00eddit v libovoln\u00e9m designov\u00e9m stylu nebo kombinaci v\u00edce styl\u016f. Ve v\u011bt\u0161in\u011b p\u0159\u00edpad\u016f se d\u00e1v\u00e1 p\u0159ednost m\u011bstsk\u00e9mu sm\u011bru, stejn\u011b jako loft, hi-tech a country. P\u0159i vytv\u00e1\u0159en\u00ed designu pivn\u00ed restaurace se design\u00e9r Asart dr\u017e\u00ed hlavn\u00edch akcent\u016f v designu t\u011bchto prostor &#8211; jednoduchosti, demokracie, pohodl\u00ed a pohodl\u00ed. K dekoraci ty\u010d\u00ed <em>se pou\u017e\u00edvaj\u00ed p\u0159\u00edrodn\u00ed materi\u00e1ly, nej\u010dast\u011bji d\u0159evo, ale lze pou\u017e\u00edt i hrubou om\u00edtku a zdivo<\/em> . V palet\u011b barev jsou preferov\u00e1ny tmav\u00e9 barvy.<\/p>\n<p> V interi\u00e9rov\u00e9m designu pro hospody se pou\u017e\u00edv\u00e1 tlumen\u00e9, m\u011bkk\u00e9 sv\u011btlo. A tak\u00e9 nezapome\u0148te na barov\u00fd pult, proto\u017ee hraje d\u016fle\u017eitou roli v ka\u017ed\u00e9m baru, bez ohledu na specifika jeho \u010dinnosti. Design\u00e9r Asart vybere nejvhodn\u011bj\u0161\u00ed barov\u00fd pult pro va\u0161i pivnici, d\u00edky \u010demu\u017e bude m\u00edstnost jedine\u010dn\u00e1 a zaj\u00edmav\u00e1. Na\u0161e studio vytvo\u0159\u00ed jedine\u010dn\u00fd interi\u00e9rov\u00fd design pro hospodu za nejlep\u0161\u00ed cenu v Charkov\u011b.<\/p>\n","protected":false},"excerpt":{"rendered":"<p>Pivn\u00ed bary jsou obl\u00edben\u00e9 v Kyjev\u011b, <a class=\"continue_link\" href=\"https:\/\/asart.com.ua\/cs\/dizajn-barov\/pivbara\/\">\u0427\u0438\u0442\u0430\u0442\u044c \u0434\u0430\u043b\u0435\u0435 >><\/a><\/p>\n","protected":false},"author":6,"featured_media":0,"parent":17997,"menu_order":0,"comment_status":"closed","ping_status":"closed","template":"","meta":{"footnotes":""},"acf":[],"aioseo_notices":[],"_links":{"self":[{"href":"https:\/\/asart.com.ua\/cs\/wp-json\/wp\/v2\/pages\/18025"}],"collection":[{"href":"https:\/\/asart.com.ua\/cs\/wp-json\/wp\/v2\/pages"}],"about":[{"href":"https:\/\/asart.com.ua\/cs\/wp-json\/wp\/v2\/types\/page"}],"author":[{"embeddable":true,"href":"https:\/\/asart.com.ua\/cs\/wp-json\/wp\/v2\/users\/6"}],"replies":[{"embeddable":true,"href":"https:\/\/asart.com.ua\/cs\/wp-json\/wp\/v2\/comments?post=18025"}],"version-history":[{"count":1,"href":"https:\/\/asart.com.ua\/cs\/wp-json\/wp\/v2\/pages\/18025\/revisions"}],"predecessor-version":[{"id":18624,"href":"https:\/\/asart.com.ua\/cs\/wp-json\/wp\/v2\/pages\/18025\/revisions\/18624"}],"up":[{"embeddable":true,"href":"https:\/\/asart.com.ua\/cs\/wp-json\/wp\/v2\/pages\/17997"}],"wp:attachment":[{"href":"https:\/\/asart.com.ua\/cs\/wp-json\/wp\/v2\/media?parent=18025"}],"curies":[{"name":"wp","href":"https:\/\/api.w.org\/{rel}","templated":true}]}}