{"id":18022,"date":"2017-08-01T21:16:35","date_gmt":"2017-08-01T18:16:35","guid":{"rendered":"https:\/\/asart.com.ua\/dizajn-barov\/interera-kluba\/"},"modified":"2024-09-11T20:40:13","modified_gmt":"2024-09-11T17:40:13","slug":"interera-kluba","status":"publish","type":"page","link":"https:\/\/asart.com.ua\/cs\/dizajn-barov\/interera-kluba\/","title":{"rendered":"N\u00e1vrh interi\u00e9ru klubu"},"content":{"rendered":"<p>No\u010dn\u00ed kluby jsou v Charkov\u011b velmi \u017e\u00e1dan\u00e9 mezi \u0161irok\u00fdm publikem. Lid\u00e9 do takov\u00fdch podnik\u016f p\u0159ich\u00e1zej\u00ed tan\u010dit, pov\u00eddat si s p\u0159\u00e1teli a bavit se. Proto\u017ee konkurence je velmi siln\u00e1, <strong>k p\u0159il\u00e1k\u00e1n\u00ed host\u016f mus\u00edte vytvo\u0159it origin\u00e1ln\u00ed interi\u00e9rov\u00fd design v m\u00edstnosti a tak\u00e9 nev\u0161edn\u00ed atmosf\u00e9ru<\/strong> . Krom\u011b toho by nem\u011bl chyb\u011bt pohodln\u00fd tane\u010dn\u00ed parket, v\u00fdkonn\u00fd zvuk a zaj\u00edmav\u00fd z\u00e1bavn\u00ed program.<\/p>\n<h2>Poj\u010fme vytvo\u0159it nejlep\u0161\u00ed no\u010dn\u00ed m\u00edsto.<\/h2>\n<p>K n\u00e1vrhu m\u00edstnosti je t\u0159eba p\u0159istupovat se v\u0161\u00ed odpov\u011bdnost\u00ed, proto\u017ee ve v\u011bt\u0161in\u011b p\u0159\u00edpad\u016f je to, co p\u0159itahuje n\u00e1v\u0161t\u011bvn\u00edky. Proto, abyste si objednali v\u00fdvoj projektu klubov\u00e9ho designu, m\u011bli byste kontaktovat specialisty v tomto odv\u011btv\u00ed. Na\u0161e studio m\u00e1 bohat\u00e9 zku\u0161enosti s navrhov\u00e1n\u00edm jedine\u010dn\u00fdch interi\u00e9r\u016f pro tane\u010dn\u00ed a mnoho dal\u0161\u00edch z\u00e1bavn\u00edch podnik\u016f. Design\u00e9\u0159i Asart nab\u00edzej\u00ed:<\/p>\n<ul>\n<li>m\u00f3dn\u00ed<\/li>\n<li>origin\u00e1l<\/li>\n<li>tvo\u0159iv\u00fd<\/li>\n<li>modern\u00ed<\/li>\n<\/ul>\n<p>Designov\u00e9 n\u00e1pady, kter\u00e9 pomohou u\u010dinit klub nejen stylov\u00fdm, ale tak\u00e9 funk\u010dn\u00edm m\u00edstem, co nejpohodln\u011bj\u0161\u00edm a nejpohodln\u011bj\u0161\u00edm pro v\u0161echny n\u00e1v\u0161t\u011bvn\u00edky.<\/p>\n<p><a href=\"https:\/\/asart.com.ua\/wp-content\/uploads\/2018\/08\/Bar-restoran-Anjis-11watermark.jpg\"><img loading=\"lazy\" decoding=\"async\" class=\"aligncenter size-full wp-image-6772 colorbox-18022\" src=\"https:\/\/asart.com.ua\/wp-content\/uploads\/2018\/08\/Bar-restoran-Anjis-11watermark.jpg\" alt=\"\" width=\"1000\" height=\"649\" srcset=\"https:\/\/asart.com.ua\/wp-content\/uploads\/2018\/08\/Bar-restoran-Anjis-11watermark.jpg 1000w, https:\/\/asart.com.ua\/wp-content\/uploads\/2018\/08\/Bar-restoran-Anjis-11watermark-300x195.jpg 300w, https:\/\/asart.com.ua\/wp-content\/uploads\/2018\/08\/Bar-restoran-Anjis-11watermark-768x498.jpg 768w\" sizes=\"(max-width: 1000px) 100vw, 1000px\" \/><\/a> <a href=\"https:\/\/asart.com.ua\/wp-content\/uploads\/2018\/11\/fb_img_1653811251922.jpg\"><img loading=\"lazy\" decoding=\"async\" class=\"aligncenter size-full wp-image-9308 colorbox-18022\" src=\"https:\/\/asart.com.ua\/wp-content\/uploads\/2018\/11\/fb_img_1653811251922.jpg\" alt=\"\" width=\"1080\" height=\"608\" srcset=\"https:\/\/asart.com.ua\/wp-content\/uploads\/2018\/11\/fb_img_1653811251922.jpg 1080w, https:\/\/asart.com.ua\/wp-content\/uploads\/2018\/11\/fb_img_1653811251922-300x169.jpg 300w, https:\/\/asart.com.ua\/wp-content\/uploads\/2018\/11\/fb_img_1653811251922-1024x576.jpg 1024w, https:\/\/asart.com.ua\/wp-content\/uploads\/2018\/11\/fb_img_1653811251922-768x432.jpg 768w\" sizes=\"(max-width: 1080px) 100vw, 1080px\" \/><\/a> <a href=\"https:\/\/asart.com.ua\/wp-content\/uploads\/2018\/03\/anjis-hell-1watermark-1.jpg\"><img loading=\"lazy\" decoding=\"async\" class=\"aligncenter size-full wp-image-19588 colorbox-18022\" src=\"https:\/\/asart.com.ua\/wp-content\/uploads\/2018\/03\/anjis-hell-1watermark-1.jpg\" alt=\"\" width=\"1000\" height=\"564\" srcset=\"https:\/\/asart.com.ua\/wp-content\/uploads\/2018\/03\/anjis-hell-1watermark-1.jpg 1000w, https:\/\/asart.com.ua\/wp-content\/uploads\/2018\/03\/anjis-hell-1watermark-1-300x169.jpg 300w, https:\/\/asart.com.ua\/wp-content\/uploads\/2018\/03\/anjis-hell-1watermark-1-768x433.jpg 768w\" sizes=\"(max-width: 1000px) 100vw, 1000px\" \/><\/a><a href=\"https:\/\/asart.com.ua\/wp-content\/uploads\/2018\/08\/Bar-restoran-Anjis-2watermark.jpg\"><img loading=\"lazy\" decoding=\"async\" class=\"aligncenter size-full wp-image-6754 colorbox-18022\" src=\"https:\/\/asart.com.ua\/wp-content\/uploads\/2018\/08\/Bar-restoran-Anjis-2watermark.jpg\" alt=\"\" width=\"1000\" height=\"667\" srcset=\"https:\/\/asart.com.ua\/wp-content\/uploads\/2018\/08\/Bar-restoran-Anjis-2watermark.jpg 1000w, https:\/\/asart.com.ua\/wp-content\/uploads\/2018\/08\/Bar-restoran-Anjis-2watermark-300x200.jpg 300w, https:\/\/asart.com.ua\/wp-content\/uploads\/2018\/08\/Bar-restoran-Anjis-2watermark-768x512.jpg 768w, https:\/\/asart.com.ua\/wp-content\/uploads\/2018\/08\/Bar-restoran-Anjis-2watermark-240x160.jpg 240w\" sizes=\"(max-width: 1000px) 100vw, 1000px\" \/><\/a> <a href=\"https:\/\/asart.com.ua\/wp-content\/uploads\/2018\/02\/1-27watermark.jpg\"><img loading=\"lazy\" decoding=\"async\" class=\"aligncenter size-full wp-image-6762 colorbox-18022\" src=\"https:\/\/asart.com.ua\/wp-content\/uploads\/2018\/08\/Bar-restoran-Anjis-6watermark.jpg\" alt=\"\" width=\"1000\" height=\"667\" srcset=\"https:\/\/asart.com.ua\/wp-content\/uploads\/2018\/08\/Bar-restoran-Anjis-6watermark.jpg 1000w, https:\/\/asart.com.ua\/wp-content\/uploads\/2018\/08\/Bar-restoran-Anjis-6watermark-300x200.jpg 300w, https:\/\/asart.com.ua\/wp-content\/uploads\/2018\/08\/Bar-restoran-Anjis-6watermark-768x512.jpg 768w, https:\/\/asart.com.ua\/wp-content\/uploads\/2018\/08\/Bar-restoran-Anjis-6watermark-240x160.jpg 240w\" sizes=\"(max-width: 1000px) 100vw, 1000px\" \/><\/a> <a href=\"https:\/\/asart.com.ua\/wp-content\/uploads\/2018\/11\/anjis-hell-4watermark.jpg\"><img loading=\"lazy\" decoding=\"async\" class=\"aligncenter size-full wp-image-9345 colorbox-18022\" src=\"https:\/\/asart.com.ua\/wp-content\/uploads\/2018\/11\/anjis-hell-4watermark.jpg\" alt=\"\" width=\"1000\" height=\"563\" srcset=\"https:\/\/asart.com.ua\/wp-content\/uploads\/2018\/11\/anjis-hell-4watermark.jpg 1000w, https:\/\/asart.com.ua\/wp-content\/uploads\/2018\/11\/anjis-hell-4watermark-300x169.jpg 300w, https:\/\/asart.com.ua\/wp-content\/uploads\/2018\/11\/anjis-hell-4watermark-768x432.jpg 768w\" sizes=\"(max-width: 1000px) 100vw, 1000px\" \/><\/a> <a href=\"https:\/\/asart.com.ua\/wp-content\/uploads\/2018\/11\/anjis-hell-11watermark.jpg\"><img loading=\"lazy\" decoding=\"async\" class=\"aligncenter size-full wp-image-9359 colorbox-18022\" src=\"https:\/\/asart.com.ua\/wp-content\/uploads\/2018\/11\/anjis-hell-11watermark.jpg\" alt=\"\" width=\"1000\" height=\"563\" srcset=\"https:\/\/asart.com.ua\/wp-content\/uploads\/2018\/11\/anjis-hell-11watermark.jpg 1000w, https:\/\/asart.com.ua\/wp-content\/uploads\/2018\/11\/anjis-hell-11watermark-300x169.jpg 300w, https:\/\/asart.com.ua\/wp-content\/uploads\/2018\/11\/anjis-hell-11watermark-768x432.jpg 768w\" sizes=\"(max-width: 1000px) 100vw, 1000px\" \/><\/a><a href=\"https:\/\/asart.com.ua\/wp-content\/uploads\/2018\/03\/anjis-hell-3watermark.jpg\"><img loading=\"lazy\" decoding=\"async\" class=\"aligncenter size-full wp-image-19616 colorbox-18022\" src=\"https:\/\/asart.com.ua\/wp-content\/uploads\/2018\/03\/anjis-hell-3watermark.jpg\" alt=\"\" width=\"1000\" height=\"564\" srcset=\"https:\/\/asart.com.ua\/wp-content\/uploads\/2018\/03\/anjis-hell-3watermark.jpg 1000w, https:\/\/asart.com.ua\/wp-content\/uploads\/2018\/03\/anjis-hell-3watermark-300x169.jpg 300w, https:\/\/asart.com.ua\/wp-content\/uploads\/2018\/03\/anjis-hell-3watermark-768x433.jpg 768w\" sizes=\"(max-width: 1000px) 100vw, 1000px\" \/><\/a><a href=\"https:\/\/asart.com.ua\/wp-content\/uploads\/2018\/11\/anjis-hell-8watermark.jpg\"><img loading=\"lazy\" decoding=\"async\" class=\"aligncenter size-full wp-image-9353 colorbox-18022\" src=\"https:\/\/asart.com.ua\/wp-content\/uploads\/2018\/11\/anjis-hell-8watermark.jpg\" alt=\"\" width=\"1000\" height=\"563\" \/><\/a> <a href=\"https:\/\/asart.com.ua\/wp-content\/uploads\/2018\/02\/1-23watermark.jpg\"><img loading=\"lazy\" decoding=\"async\" class=\"aligncenter size-full wp-image-6766 colorbox-18022\" src=\"https:\/\/asart.com.ua\/wp-content\/uploads\/2018\/08\/Bar-restoran-Anjis-8watermark.jpg\" alt=\"\" width=\"1000\" height=\"667\" srcset=\"https:\/\/asart.com.ua\/wp-content\/uploads\/2018\/08\/Bar-restoran-Anjis-8watermark.jpg 1000w, https:\/\/asart.com.ua\/wp-content\/uploads\/2018\/08\/Bar-restoran-Anjis-8watermark-300x200.jpg 300w, https:\/\/asart.com.ua\/wp-content\/uploads\/2018\/08\/Bar-restoran-Anjis-8watermark-768x512.jpg 768w, https:\/\/asart.com.ua\/wp-content\/uploads\/2018\/08\/Bar-restoran-Anjis-8watermark-240x160.jpg 240w\" sizes=\"(max-width: 1000px) 100vw, 1000px\" \/><\/a> <a href=\"https:\/\/asart.com.ua\/wp-content\/uploads\/2018\/08\/Bar-restoran-Anjis-7watermark.jpg\"><img loading=\"lazy\" decoding=\"async\" class=\"aligncenter size-full wp-image-6764 colorbox-18022\" src=\"https:\/\/asart.com.ua\/wp-content\/uploads\/2018\/08\/Bar-restoran-Anjis-7watermark.jpg\" alt=\"\" width=\"1000\" height=\"667\" srcset=\"https:\/\/asart.com.ua\/wp-content\/uploads\/2018\/08\/Bar-restoran-Anjis-7watermark.jpg 1000w, https:\/\/asart.com.ua\/wp-content\/uploads\/2018\/08\/Bar-restoran-Anjis-7watermark-300x200.jpg 300w, https:\/\/asart.com.ua\/wp-content\/uploads\/2018\/08\/Bar-restoran-Anjis-7watermark-768x512.jpg 768w, https:\/\/asart.com.ua\/wp-content\/uploads\/2018\/08\/Bar-restoran-Anjis-7watermark-240x160.jpg 240w\" sizes=\"(max-width: 1000px) 100vw, 1000px\" \/><\/a> <a href=\"https:\/\/asart.com.ua\/wp-content\/uploads\/2018\/02\/1-32watermark.jpg\"><img loading=\"lazy\" decoding=\"async\" class=\"aligncenter size-full wp-image-5886 colorbox-18022\" src=\"https:\/\/asart.com.ua\/wp-content\/uploads\/2018\/02\/1-32watermark.jpg\" alt=\"\" width=\"1000\" height=\"667\" srcset=\"https:\/\/asart.com.ua\/wp-content\/uploads\/2018\/02\/1-32watermark.jpg 1000w, https:\/\/asart.com.ua\/wp-content\/uploads\/2018\/02\/1-32watermark-300x200.jpg 300w, https:\/\/asart.com.ua\/wp-content\/uploads\/2018\/02\/1-32watermark-768x512.jpg 768w, https:\/\/asart.com.ua\/wp-content\/uploads\/2018\/02\/1-32watermark-240x160.jpg 240w\" sizes=\"(max-width: 1000px) 100vw, 1000px\" \/><\/a> <a href=\"https:\/\/asart.com.ua\/wp-content\/uploads\/2018\/02\/1-35watermark.jpg\"><img loading=\"lazy\" decoding=\"async\" class=\"aligncenter size-full wp-image-5892 colorbox-18022\" src=\"https:\/\/asart.com.ua\/wp-content\/uploads\/2018\/02\/1-35watermark.jpg\" alt=\"\" width=\"1000\" height=\"689\" \/><\/a><\/p>\n<h3>Stylov\u00fd a m\u00f3dn\u00ed tane\u010dn\u00ed parket.<\/h3>\n<p>Chcete-li vytvo\u0159it jedine\u010dn\u00fd a nenapodobiteln\u00fd projekt interi\u00e9ru, mus\u00ed b\u00fdt klub zkontrolov\u00e1n. Design\u00e9r Asart za v\u00e1mi p\u0159ijede provozovnu prohl\u00e9dnout, posoudit jej\u00ed stav a dispozice. Zjist\u00ed tak\u00e9 va\u0161e preference v designu a v\u00fdzdob\u011b m\u00edstnosti. D\u016fle\u017eit\u00fdm m\u00edstem v tane\u010dn\u00edm no\u010dn\u00edm klubu je samoz\u0159ejm\u011b p\u00f3dium a tane\u010dn\u00ed parket. Hlavn\u00edm \u00fakolem proto je:<\/p>\n<ul>\n<li>origin\u00e1l<\/li>\n<li>Jasn\u00fd<\/li>\n<li>zaj\u00edmav\u00fd<\/li>\n<li>tvo\u0159iv\u00fd<\/li>\n<\/ul>\n<p>Jejich design. Design interi\u00e9ru no\u010dn\u00edho klubu je vyv\u00edjen s ohledem na specifika jeho \u010dinnost\u00ed a tak\u00e9 na c\u00edlov\u00e9 publikum. V t\u011bchto prostor\u00e1ch se ve v\u011bt\u0161in\u011b p\u0159\u00edpad\u016f nach\u00e1z\u00ed tane\u010dn\u00ed z\u00f3na, bar, ale i kav\u00e1rna nebo restaurace. Designov\u00fd projekt lze realizovat v jak\u00e9mkoli modern\u00edm stylu. Spole\u010dn\u011b s design\u00e9rem Asart vyberete nejvhodn\u011bj\u0161\u00ed barevn\u00e9 sch\u00e9ma a styl. Pokud jde o <em>styl, m\u016f\u017ee b\u00fdt jeden pro celou provozovnu i individu\u00e1ln\u00ed pro ka\u017edou funk\u010dn\u00ed oblast<\/em> . Hlavn\u00ed v\u011bc je, \u017ee design interi\u00e9ru odpov\u00edd\u00e1 konceptu \u010dinnosti a p\u016fsob\u00ed harmonicky.<\/p>\n<p>Podle schv\u00e1len\u00e9ho stylu a barevn\u00e9ho sch\u00e9matu vybere design\u00e9r Asart nejvhodn\u011bj\u0161\u00ed design n\u00e1bytku do interi\u00e9ru klubu. Kter\u00fd bude stylov\u00fd, m\u00f3dn\u00ed a funk\u010dn\u00ed. Stejn\u011b tak origin\u00e1ln\u00ed designov\u00e9 dopl\u0148ky, dekorace, osv\u011btlen\u00ed, textil. To v\u0161e bude spr\u00e1vn\u011b um\u00edst\u011bno v m\u00edstnosti, uspo\u0159\u00e1d\u00e1no a zav\u011b\u0161eno na sv\u00e9m m\u00edst\u011b. Co\u017e nakonec ud\u011bl\u00e1 no\u010dn\u00ed klub m\u00f3dn\u00ed, zaj\u00edmav\u00fd a \u017e\u00e1dan\u00fd.<\/p>\n","protected":false},"excerpt":{"rendered":"<p>No\u010dn\u00ed kluby jsou v Charkov\u011b velmi <a class=\"continue_link\" href=\"https:\/\/asart.com.ua\/cs\/dizajn-barov\/interera-kluba\/\">\u0427\u0438\u0442\u0430\u0442\u044c \u0434\u0430\u043b\u0435\u0435 >><\/a><\/p>\n","protected":false},"author":6,"featured_media":0,"parent":17997,"menu_order":0,"comment_status":"closed","ping_status":"closed","template":"","meta":{"footnotes":""},"acf":[],"aioseo_notices":[],"_links":{"self":[{"href":"https:\/\/asart.com.ua\/cs\/wp-json\/wp\/v2\/pages\/18022"}],"collection":[{"href":"https:\/\/asart.com.ua\/cs\/wp-json\/wp\/v2\/pages"}],"about":[{"href":"https:\/\/asart.com.ua\/cs\/wp-json\/wp\/v2\/types\/page"}],"author":[{"embeddable":true,"href":"https:\/\/asart.com.ua\/cs\/wp-json\/wp\/v2\/users\/6"}],"replies":[{"embeddable":true,"href":"https:\/\/asart.com.ua\/cs\/wp-json\/wp\/v2\/comments?post=18022"}],"version-history":[{"count":2,"href":"https:\/\/asart.com.ua\/cs\/wp-json\/wp\/v2\/pages\/18022\/revisions"}],"predecessor-version":[{"id":20760,"href":"https:\/\/asart.com.ua\/cs\/wp-json\/wp\/v2\/pages\/18022\/revisions\/20760"}],"up":[{"embeddable":true,"href":"https:\/\/asart.com.ua\/cs\/wp-json\/wp\/v2\/pages\/17997"}],"wp:attachment":[{"href":"https:\/\/asart.com.ua\/cs\/wp-json\/wp\/v2\/media?parent=18022"}],"curies":[{"name":"wp","href":"https:\/\/api.w.org\/{rel}","templated":true}]}}