{"id":18019,"date":"2017-08-01T21:04:00","date_gmt":"2017-08-01T18:04:00","guid":{"rendered":"https:\/\/asart.com.ua\/dizajn-barov\/interera-karaoke\/"},"modified":"2023-11-27T15:47:28","modified_gmt":"2023-11-27T12:47:28","slug":"interera-karaoke","status":"publish","type":"page","link":"https:\/\/asart.com.ua\/cs\/dizajn-barov\/interera-karaoke\/","title":{"rendered":"N\u00e1vrh interi\u00e9ru karaoke baru"},"content":{"rendered":"<p>Charkov m\u00e1 \u0161irokou \u0161k\u00e1lu <strong>bar\u016f, restaurac\u00ed, klub\u016f a dal\u0161\u00edch podobn\u00fdch za\u0159\u00edzen\u00ed, kam se m\u016f\u017eete p\u0159ij\u00edt st\u00fdkat a pobavit se<\/strong> . Ale i p\u0159es to v\u011bt\u0161ina lid\u00ed chce nav\u0161t\u00edvit m\u00edsto, kter\u00e9 kombinuje restauraci a z\u00e1bavn\u00ed podnik, tak\u017ee mnoz\u00ed rad\u011bji zajdou do karaoke bar\u016f. Aby va\u0161e karaoke vy\u010dn\u00edvalo z podobn\u00fdch m\u00edstnost\u00ed, mus\u00edte v n\u011bm vytvo\u0159it:<\/p>\n<ul>\n<li> unik\u00e1tn\u00ed<\/li>\n<li> Kr\u00e1sn\u00e1<\/li>\n<li> zaj\u00edmav\u00fd<\/li>\n<li> origin\u00e1l<\/li>\n<\/ul>\n<p> Prost\u0159ed\u00ed, stejn\u011b jako pohodln\u00e1 a \u00fatuln\u00e1 atmosf\u00e9ra. K tomu v\u00e1m mohou pomoci nejen rekonstrukce, ale tak\u00e9 unik\u00e1tn\u00ed interi\u00e9rov\u00fd design. Z \u010deho bude v\u00e1\u0161 karaoke bar:<\/p>\n<ul>\n<li> m\u00f3dn\u00ed<\/li>\n<li> modern\u00ed<\/li>\n<li> stylov\u00fd<\/li>\n<li> zaj\u00edmav\u00fd<\/li>\n<\/ul>\n<p> Pro v\u0161echny hosty bez ohledu na v\u011bk a pohlav\u00ed. Koneckonc\u016f, pouze profesion\u00e1ln\u00ed, origin\u00e1ln\u00ed designov\u00e1 pr\u00e1ce p\u0159ivede v\u0161echny va\u0161e n\u00e1pady k \u017eivotu a tak\u00e9 u\u010din\u00ed karaoke bar exkluzivn\u00ed a jedine\u010dn\u00fd. <img loading=\"lazy\" decoding=\"async\" class=\"aligncenter wp-image-4923 size-full colorbox-18019\" src=\"https:\/\/asart.com.ua\/wp-content\/uploads\/2016\/10\/Karaoke-Albir-1.jpg\" alt=\"N\u00e1vrh projekt\u016f pro karaoke bary\" width=\"1024\" height=\"708\" \/> <a href=\"https:\/\/asart.com.ua\/wp-content\/uploads\/2015\/05\/Karaoke-Altbir3-watermark-.jpg\"><img loading=\"lazy\" decoding=\"async\" class=\"aligncenter size-full wp-image-3969 colorbox-18019\" src=\"https:\/\/asart.com.ua\/wp-content\/uploads\/2015\/05\/Karaoke-Altbir3-watermark-.jpg\" alt=\"\" width=\"1000\" height=\"750\" srcset=\"https:\/\/asart.com.ua\/wp-content\/uploads\/2015\/05\/Karaoke-Altbir3-watermark-.jpg 1000w, https:\/\/asart.com.ua\/wp-content\/uploads\/2015\/05\/Karaoke-Altbir3-watermark--300x225.jpg 300w, https:\/\/asart.com.ua\/wp-content\/uploads\/2015\/05\/Karaoke-Altbir3-watermark--160x120.jpg 160w, https:\/\/asart.com.ua\/wp-content\/uploads\/2015\/05\/Karaoke-Altbir3-watermark--289x217.jpg 289w\" sizes=\"(max-width: 1000px) 100vw, 1000px\" \/><\/a> <a href=\"https:\/\/asart.com.ua\/wp-content\/uploads\/2015\/05\/Karaoke-Altbir1-watermark-.jpg\"><img loading=\"lazy\" decoding=\"async\" class=\"aligncenter size-full wp-image-3967 colorbox-18019\" src=\"https:\/\/asart.com.ua\/wp-content\/uploads\/2015\/05\/Karaoke-Altbir1-watermark-.jpg\" alt=\"\" width=\"1000\" height=\"750\" srcset=\"https:\/\/asart.com.ua\/wp-content\/uploads\/2015\/05\/Karaoke-Altbir1-watermark-.jpg 1000w, https:\/\/asart.com.ua\/wp-content\/uploads\/2015\/05\/Karaoke-Altbir1-watermark--300x225.jpg 300w, https:\/\/asart.com.ua\/wp-content\/uploads\/2015\/05\/Karaoke-Altbir1-watermark--160x120.jpg 160w, https:\/\/asart.com.ua\/wp-content\/uploads\/2015\/05\/Karaoke-Altbir1-watermark--289x217.jpg 289w\" sizes=\"(max-width: 1000px) 100vw, 1000px\" \/><\/a> <a href=\"https:\/\/asart.com.ua\/wp-content\/uploads\/2016\/12\/Vip-komnata-karaoke-2watermark.jpg\"><img loading=\"lazy\" decoding=\"async\" class=\"aligncenter size-full wp-image-5019 colorbox-18019\" src=\"https:\/\/asart.com.ua\/wp-content\/uploads\/2016\/12\/Vip-komnata-karaoke-2watermark.jpg\" alt=\"\" width=\"1500\" height=\"1125\" srcset=\"https:\/\/asart.com.ua\/wp-content\/uploads\/2016\/12\/Vip-komnata-karaoke-2watermark.jpg 1500w, https:\/\/asart.com.ua\/wp-content\/uploads\/2016\/12\/Vip-komnata-karaoke-2watermark-300x225.jpg 300w, https:\/\/asart.com.ua\/wp-content\/uploads\/2016\/12\/Vip-komnata-karaoke-2watermark-768x576.jpg 768w, https:\/\/asart.com.ua\/wp-content\/uploads\/2016\/12\/Vip-komnata-karaoke-2watermark-1024x768.jpg 1024w, https:\/\/asart.com.ua\/wp-content\/uploads\/2016\/12\/Vip-komnata-karaoke-2watermark-160x120.jpg 160w, https:\/\/asart.com.ua\/wp-content\/uploads\/2016\/12\/Vip-komnata-karaoke-2watermark-289x217.jpg 289w\" sizes=\"(max-width: 1500px) 100vw, 1500px\" \/><\/a> <img loading=\"lazy\" decoding=\"async\" class=\"aligncenter size-full wp-image-5027 colorbox-18019\" src=\"https:\/\/asart.com.ua\/wp-content\/uploads\/2016\/12\/interer-karaoke-zal-1watermark.jpg\" alt=\"\" width=\"1500\" height=\"1125\" srcset=\"https:\/\/asart.com.ua\/wp-content\/uploads\/2016\/12\/interer-karaoke-zal-1watermark.jpg 1500w, https:\/\/asart.com.ua\/wp-content\/uploads\/2016\/12\/interer-karaoke-zal-1watermark-300x225.jpg 300w, https:\/\/asart.com.ua\/wp-content\/uploads\/2016\/12\/interer-karaoke-zal-1watermark-768x576.jpg 768w, https:\/\/asart.com.ua\/wp-content\/uploads\/2016\/12\/interer-karaoke-zal-1watermark-1024x768.jpg 1024w, https:\/\/asart.com.ua\/wp-content\/uploads\/2016\/12\/interer-karaoke-zal-1watermark-160x120.jpg 160w, https:\/\/asart.com.ua\/wp-content\/uploads\/2016\/12\/interer-karaoke-zal-1watermark-289x217.jpg 289w\" sizes=\"(max-width: 1500px) 100vw, 1500px\" \/><\/p>\n<h2> Kr\u00e1sn\u00fd a \u00fatuln\u00fd pokoj.<\/h2>\n<p> Na\u0161e studio vytv\u00e1\u0159\u00ed unik\u00e1tn\u00ed designov\u00e9 projekty pro karaoke bary. Pro design\u00e9ra Asart nez\u00e1le\u017e\u00ed na plo\u0161e m\u00edstnosti, jej\u00edm uspo\u0159\u00e1d\u00e1n\u00ed, po\u010dtu pater, slo\u017eitosti a objemu designov\u00fdch slu\u017eeb. Vzhledem k tomu, \u017ee v\u0161echny karaoke bary jsou jin\u00e9, p\u0159ed zah\u00e1jen\u00edm interi\u00e9rov\u00e9ho designu za v\u00e1mi p\u0159ijdou specialist\u00e9, kte\u0159\u00ed provozovnu prohl\u00e9dnou a zhodnot\u00ed jej\u00ed stav. Zjist\u00ed tak\u00e9 specifika a vlastnosti \u010dinnosti, zjist\u00ed va\u0161e preference v barv\u00e1ch, dekoru a designu.<\/p>\n<p> Interi\u00e9rov\u00fd design karaoke baru lze vytvo\u0159it v jak\u00e9mkoli modern\u00edm stylu a barevn\u00e9 palet\u011b. \u010casto, aby byl pokoj jedine\u010dn\u00fd a origin\u00e1ln\u00ed, je pro jeho design vybr\u00e1no n\u011bkolik styl\u016f, kter\u00e9 n\u00e1vrh\u00e1\u0159 kompetentn\u011b kombinuje. Tak\u017ee po dokon\u010den\u00ed v\u0161ech prac\u00ed z\u00edsk\u00e1te kr\u00e1sn\u00fd a \u00fatuln\u00fd podnik. N\u00e1vrh projektu zahrnuje tak\u00e9 v\u00fdb\u011br opravn\u00fdch a dokon\u010dovac\u00edch materi\u00e1l\u016f, zvukov\u00e9 a sv\u011bteln\u00e9 techniky. <\/p>\n<p><img loading=\"lazy\" decoding=\"async\" class=\"aligncenter wp-image-5043 size-full colorbox-18019\" src=\"https:\/\/asart.com.ua\/wp-content\/uploads\/2016\/12\/interer-karaoke-zal-9watermark.jpg\" alt=\"Projekty interi\u00e9rov\u00e9ho designu pro karaoke bary\" width=\"1500\" height=\"1125\" srcset=\"https:\/\/asart.com.ua\/wp-content\/uploads\/2016\/12\/interer-karaoke-zal-9watermark.jpg 1500w, https:\/\/asart.com.ua\/wp-content\/uploads\/2016\/12\/interer-karaoke-zal-9watermark-300x225.jpg 300w, https:\/\/asart.com.ua\/wp-content\/uploads\/2016\/12\/interer-karaoke-zal-9watermark-768x576.jpg 768w, https:\/\/asart.com.ua\/wp-content\/uploads\/2016\/12\/interer-karaoke-zal-9watermark-1024x768.jpg 1024w, https:\/\/asart.com.ua\/wp-content\/uploads\/2016\/12\/interer-karaoke-zal-9watermark-160x120.jpg 160w, https:\/\/asart.com.ua\/wp-content\/uploads\/2016\/12\/interer-karaoke-zal-9watermark-289x217.jpg 289w\" sizes=\"(max-width: 1500px) 100vw, 1500px\" \/><img loading=\"lazy\" decoding=\"async\" class=\"aligncenter wp-image-5023 size-full colorbox-18019\" src=\"https:\/\/asart.com.ua\/wp-content\/uploads\/2016\/12\/Vip-komnata-karaoke-4watermark.jpg\" alt=\"Design pro karaoke bar\" width=\"1500\" height=\"1125\" srcset=\"https:\/\/asart.com.ua\/wp-content\/uploads\/2016\/12\/Vip-komnata-karaoke-4watermark.jpg 1500w, https:\/\/asart.com.ua\/wp-content\/uploads\/2016\/12\/Vip-komnata-karaoke-4watermark-300x225.jpg 300w, https:\/\/asart.com.ua\/wp-content\/uploads\/2016\/12\/Vip-komnata-karaoke-4watermark-768x576.jpg 768w, https:\/\/asart.com.ua\/wp-content\/uploads\/2016\/12\/Vip-komnata-karaoke-4watermark-1024x768.jpg 1024w, https:\/\/asart.com.ua\/wp-content\/uploads\/2016\/12\/Vip-komnata-karaoke-4watermark-160x120.jpg 160w, https:\/\/asart.com.ua\/wp-content\/uploads\/2016\/12\/Vip-komnata-karaoke-4watermark-289x217.jpg 289w\" sizes=\"(max-width: 1500px) 100vw, 1500px\" \/><\/p>\n<h3> Exkluzivn\u00ed dopl\u0148ky a dekorace.<\/h3>\n<p> Design\u00e9r Asart nav\u00edc vybere nejvhodn\u011bj\u0161\u00ed design n\u00e1bytku do interi\u00e9ru. Bude to kr\u00e1sn\u00e9, pohodln\u00e9 a funk\u010dn\u00ed. Po dokon\u010den\u00ed rekonstrukce a projek\u010dn\u00edch prac\u00ed bude n\u00e1bytek um\u00edst\u011bn v karaoke baru na m\u00edsta odpov\u00eddaj\u00edc\u00ed projektu. D\u016fle\u017eit\u00fdmi atributy karaoke bar\u016f jsou dopl\u0148ky a dekorativn\u00ed prvky. Budou tak\u00e9 <em>vybr\u00e1ny s ohledem na schv\u00e1len\u00fd styl a barevnou paletu<\/em> .<\/p>\n<p> Individu\u00e1ln\u00ed projekt interi\u00e9rov\u00e9ho designu ud\u011bl\u00e1 z karaoke baru zaj\u00edmav\u00fd, stylov\u00fd a vyhled\u00e1van\u00fd podnik. V m\u00edstnosti vytvo\u0159\u00ed harmonickou a jedine\u010dnou atmosf\u00e9ru, kter\u00e1 p\u0159il\u00e1k\u00e1 mnoho host\u016f.<\/p>\n","protected":false},"excerpt":{"rendered":"<p>Charkov m\u00e1 \u0161irokou \u0161k\u00e1lu bar\u016f, restaurac\u00ed, <a class=\"continue_link\" href=\"https:\/\/asart.com.ua\/cs\/dizajn-barov\/interera-karaoke\/\">\u0427\u0438\u0442\u0430\u0442\u044c \u0434\u0430\u043b\u0435\u0435 >><\/a><\/p>\n","protected":false},"author":6,"featured_media":0,"parent":17997,"menu_order":0,"comment_status":"closed","ping_status":"closed","template":"","meta":{"footnotes":""},"acf":[],"aioseo_notices":[],"_links":{"self":[{"href":"https:\/\/asart.com.ua\/cs\/wp-json\/wp\/v2\/pages\/18019"}],"collection":[{"href":"https:\/\/asart.com.ua\/cs\/wp-json\/wp\/v2\/pages"}],"about":[{"href":"https:\/\/asart.com.ua\/cs\/wp-json\/wp\/v2\/types\/page"}],"author":[{"embeddable":true,"href":"https:\/\/asart.com.ua\/cs\/wp-json\/wp\/v2\/users\/6"}],"replies":[{"embeddable":true,"href":"https:\/\/asart.com.ua\/cs\/wp-json\/wp\/v2\/comments?post=18019"}],"version-history":[{"count":1,"href":"https:\/\/asart.com.ua\/cs\/wp-json\/wp\/v2\/pages\/18019\/revisions"}],"predecessor-version":[{"id":18673,"href":"https:\/\/asart.com.ua\/cs\/wp-json\/wp\/v2\/pages\/18019\/revisions\/18673"}],"up":[{"embeddable":true,"href":"https:\/\/asart.com.ua\/cs\/wp-json\/wp\/v2\/pages\/17997"}],"wp:attachment":[{"href":"https:\/\/asart.com.ua\/cs\/wp-json\/wp\/v2\/media?parent=18019"}],"curies":[{"name":"wp","href":"https:\/\/api.w.org\/{rel}","templated":true}]}}