{"id":18016,"date":"2024-08-19T15:28:13","date_gmt":"2024-08-19T12:28:13","guid":{"rendered":"https:\/\/asart.com.ua\/?page_id=18016"},"modified":"2024-08-19T15:59:00","modified_gmt":"2024-08-19T12:59:00","slug":"navrh-interieru-na-klic-na-cote-dazur-nice-cannes-monako","status":"publish","type":"page","link":"https:\/\/asart.com.ua\/cs\/navrh-interieru-na-klic-na-cote-dazur-nice-cannes-monako\/","title":{"rendered":"N\u00e1vrh interi\u00e9ru na kl\u00ed\u010d na Cote d&#8217;Azur, Nice, Cannes, Monako."},"content":{"rendered":"<p>Sn\u00edte o luxusn\u00edm interi\u00e9ru, kter\u00fd odr\u00e1\u017e\u00ed v\u00e1\u0161 styl a vkus? Nab\u00edz\u00edme komplexn\u00ed slu\u017eby pro vytvo\u0159en\u00ed a realizaci projektu interi\u00e9rov\u00e9ho designu na kl\u00ed\u010d na Azurov\u00e9m pob\u0159e\u017e\u00ed.<\/p>\n<p>Na\u0161i odborn\u00edci vytvo\u0159\u00ed jedine\u010dn\u00fd projekt, kter\u00fd harmonicky spojuje estetiku, komfort a funk\u010dnost. Zab\u00fdv\u00e1me se v\u0161emi f\u00e1zemi &#8211; od v\u00fdvoje konceptu a\u017e po kompletn\u00ed dokon\u010den\u00ed rekonstruk\u010dn\u00edch prac\u00ed a dekorac\u00ed. Sv\u016fj nov\u00fd prostor si budete moci bez obav u\u017e\u00edvat.<\/p>\n<p>S n\u00e1mi bude v\u00e1\u0161 domov na Francouzsk\u00e9 rivi\u00e9\u0159e zt\u011blesn\u011bn\u00edm sofistikovanosti a pohodl\u00ed.<\/p>\n<p>Kompetentn\u00ed projekt interi\u00e9rov\u00e9ho designu hraje kl\u00ed\u010dovou roli v procesu renovace, pom\u00e1h\u00e1 vyhnout se mnoha chyb\u00e1m a neo\u010dek\u00e1van\u00fdm probl\u00e9m\u016fm. Umo\u017e\u0148uje p\u0159edem promyslet ka\u017ed\u00fd detail, od funk\u010dn\u00edho uspo\u0159\u00e1d\u00e1n\u00ed prostoru a\u017e po v\u00fdb\u011br materi\u00e1l\u016f a dekoru. Takov\u00fd projekt pom\u00e1h\u00e1 p\u0159esn\u011b spo\u010d\u00edtat rozpo\u010det a vyhnout se zbyte\u010dn\u00fdm n\u00e1klad\u016fm spojen\u00fdm s \u00fapravami a opravami z\u00e1vad. Designov\u00fd projekt nav\u00edc poskytuje harmonickou kombinaci estetiky a prakti\u010dnosti a vytv\u00e1\u0159\u00ed pohodlnou a \u00fatulnou atmosf\u00e9ru v m\u00edstnosti, kter\u00e1 odpov\u00edd\u00e1 pot\u0159eb\u00e1m a preferenc\u00edm majitel\u016f.<\/p>\n<p><a href=\"https:\/\/asart.com.ua\/wp-content\/uploads\/2024\/07\/dizajn-kvartiry-watermark-1.jpg\"><img loading=\"lazy\" decoding=\"async\" class=\"aligncenter size-full wp-image-19523 colorbox-18016\" src=\"https:\/\/asart.com.ua\/wp-content\/uploads\/2024\/07\/dizajn-kvartiry-watermark-1.jpg\" alt=\"\" width=\"900\" height=\"1200\" srcset=\"https:\/\/asart.com.ua\/wp-content\/uploads\/2024\/07\/dizajn-kvartiry-watermark-1.jpg 900w, https:\/\/asart.com.ua\/wp-content\/uploads\/2024\/07\/dizajn-kvartiry-watermark-1-225x300.jpg 225w, https:\/\/asart.com.ua\/wp-content\/uploads\/2024\/07\/dizajn-kvartiry-watermark-1-768x1024.jpg 768w\" sizes=\"(max-width: 900px) 100vw, 900px\" \/><\/a><\/p>\n<p><a href=\"https:\/\/asart.com.ua\/wp-content\/uploads\/2024\/07\/dizajn-kvartiry-watermark-5.jpg\"><img loading=\"lazy\" decoding=\"async\" class=\"aligncenter size-full wp-image-19527 colorbox-18016\" src=\"https:\/\/asart.com.ua\/wp-content\/uploads\/2024\/07\/dizajn-kvartiry-watermark-5.jpg\" alt=\"\" width=\"900\" height=\"1200\" srcset=\"https:\/\/asart.com.ua\/wp-content\/uploads\/2024\/07\/dizajn-kvartiry-watermark-5.jpg 900w, https:\/\/asart.com.ua\/wp-content\/uploads\/2024\/07\/dizajn-kvartiry-watermark-5-225x300.jpg 225w, https:\/\/asart.com.ua\/wp-content\/uploads\/2024\/07\/dizajn-kvartiry-watermark-5-768x1024.jpg 768w\" sizes=\"(max-width: 900px) 100vw, 900px\" \/><\/a><a href=\"https:\/\/asart.com.ua\/wp-content\/uploads\/2024\/07\/dizajn-kvartiry-realizacziya-1-1watermark.jpg\"><img loading=\"lazy\" decoding=\"async\" class=\"aligncenter size-full wp-image-19531 colorbox-18016\" src=\"https:\/\/asart.com.ua\/wp-content\/uploads\/2024\/07\/dizajn-kvartiry-realizacziya-1-1watermark.jpg\" alt=\"\" width=\"900\" height=\"1200\" srcset=\"https:\/\/asart.com.ua\/wp-content\/uploads\/2024\/07\/dizajn-kvartiry-realizacziya-1-1watermark.jpg 900w, https:\/\/asart.com.ua\/wp-content\/uploads\/2024\/07\/dizajn-kvartiry-realizacziya-1-1watermark-225x300.jpg 225w, https:\/\/asart.com.ua\/wp-content\/uploads\/2024\/07\/dizajn-kvartiry-realizacziya-1-1watermark-768x1024.jpg 768w\" sizes=\"(max-width: 900px) 100vw, 900px\" \/><\/a><a href=\"https:\/\/asart.com.ua\/wp-content\/uploads\/2024\/07\/dizajn-kvartiry-watermark-3.jpg\"><img loading=\"lazy\" decoding=\"async\" class=\"aligncenter size-full wp-image-19543 colorbox-18016\" src=\"https:\/\/asart.com.ua\/wp-content\/uploads\/2024\/07\/dizajn-kvartiry-watermark-3.jpg\" alt=\"\" width=\"900\" height=\"1200\" srcset=\"https:\/\/asart.com.ua\/wp-content\/uploads\/2024\/07\/dizajn-kvartiry-watermark-3.jpg 900w, https:\/\/asart.com.ua\/wp-content\/uploads\/2024\/07\/dizajn-kvartiry-watermark-3-225x300.jpg 225w, https:\/\/asart.com.ua\/wp-content\/uploads\/2024\/07\/dizajn-kvartiry-watermark-3-768x1024.jpg 768w\" sizes=\"(max-width: 900px) 100vw, 900px\" \/><\/a><img loading=\"lazy\" decoding=\"async\" class=\"aligncenter size-full wp-image-19547 colorbox-18016\" src=\"https:\/\/asart.com.ua\/wp-content\/uploads\/2024\/07\/dizajn-kvartiry-watermark-4.jpg\" alt=\"\" width=\"900\" height=\"1200\" srcset=\"https:\/\/asart.com.ua\/wp-content\/uploads\/2024\/07\/dizajn-kvartiry-watermark-4.jpg 900w, https:\/\/asart.com.ua\/wp-content\/uploads\/2024\/07\/dizajn-kvartiry-watermark-4-225x300.jpg 225w, https:\/\/asart.com.ua\/wp-content\/uploads\/2024\/07\/dizajn-kvartiry-watermark-4-768x1024.jpg 768w\" sizes=\"(max-width: 900px) 100vw, 900px\" \/><\/p>\n<p>&nbsp;<\/p>\n","protected":false},"excerpt":{"rendered":"<p>Sn\u00edte o luxusn\u00edm interi\u00e9ru, kter\u00fd odr\u00e1\u017e\u00ed <a class=\"continue_link\" href=\"https:\/\/asart.com.ua\/cs\/navrh-interieru-na-klic-na-cote-dazur-nice-cannes-monako\/\">\u0427\u0438\u0442\u0430\u0442\u044c \u0434\u0430\u043b\u0435\u0435 >><\/a><\/p>\n","protected":false},"author":6,"featured_media":0,"parent":0,"menu_order":0,"comment_status":"closed","ping_status":"closed","template":"","meta":{"footnotes":""},"acf":[],"aioseo_notices":[],"_links":{"self":[{"href":"https:\/\/asart.com.ua\/cs\/wp-json\/wp\/v2\/pages\/18016"}],"collection":[{"href":"https:\/\/asart.com.ua\/cs\/wp-json\/wp\/v2\/pages"}],"about":[{"href":"https:\/\/asart.com.ua\/cs\/wp-json\/wp\/v2\/types\/page"}],"author":[{"embeddable":true,"href":"https:\/\/asart.com.ua\/cs\/wp-json\/wp\/v2\/users\/6"}],"replies":[{"embeddable":true,"href":"https:\/\/asart.com.ua\/cs\/wp-json\/wp\/v2\/comments?post=18016"}],"version-history":[{"count":2,"href":"https:\/\/asart.com.ua\/cs\/wp-json\/wp\/v2\/pages\/18016\/revisions"}],"predecessor-version":[{"id":20098,"href":"https:\/\/asart.com.ua\/cs\/wp-json\/wp\/v2\/pages\/18016\/revisions\/20098"}],"wp:attachment":[{"href":"https:\/\/asart.com.ua\/cs\/wp-json\/wp\/v2\/media?parent=18016"}],"curies":[{"name":"wp","href":"https:\/\/api.w.org\/{rel}","templated":true}]}}