{"id":18012,"date":"2023-11-23T23:55:19","date_gmt":"2023-11-23T20:55:19","guid":{"rendered":"https:\/\/asart.com.ua\/?page_id=18012"},"modified":"2024-11-02T01:29:59","modified_gmt":"2024-11-01T22:29:59","slug":"18012-2","status":"publish","type":"page","link":"https:\/\/asart.com.ua\/cs\/18012-2\/","title":{"rendered":"Interi\u00e9rov\u00fd design\u00e9r Nice, Cannes, Monako"},"content":{"rendered":"<h3><strong>\u00a0N\u00e1vrh interi\u00e9ru na kl\u00ed\u010d ve francouzsk\u00e9m Cote d&#8217;Azur: Nice, Cannes, Monako.<\/strong><\/h3>\n<p>Slu\u017eba \u201edesign interi\u00e9ru na kl\u00ed\u010d\u201c zahrnuje nov\u00fd cyklus prac\u00ed, po\u010d\u00ednaje vypracov\u00e1n\u00edm konceptu a kon\u010de realizac\u00ed projektu. Vytv\u00e1\u0159\u00edme jedine\u010dn\u00e9 a funk\u010dn\u00ed interi\u00e9ry, kter\u00e9 vyhovuj\u00ed va\u0161emu po\u017eadovan\u00e9mu \u017eivotn\u00edmu stylu. Na\u0161i design\u00e9\u0159i kontroluj\u00ed cel\u00fd proces, od um\u00edst\u011bn\u00ed n\u00e1bytku a\u017e po v\u00fdb\u011br materi\u00e1l\u016f, zaji\u0161\u0165uj\u00edc\u00ed bezpe\u010dn\u00fd soulad v\u0161ech prvk\u016f v interi\u00e9ru.<\/p>\n<p>Co zadat od sluhy:<br \/>\n&#8211; Anal\u00fdza a vyjedn\u00e1v\u00e1n\u00ed pot\u0159eb n\u00e1m\u011bstka.<br \/>\n&#8211; V\u00fdvoj koncepce designu.<br \/>\n&#8211; V\u00fdb\u011br materi\u00e1l\u016f, n\u00e1bytku, osv\u011btlen\u00ed.<br \/>\n&#8211; tvorba projektov\u00e9 dokumentace.<br \/>\n&#8211; kontrola v\u0161ech f\u00e1z\u00ed realizace projektu.<br \/>\n&#8211; fin\u00e1ln\u00ed dod\u00e1vka projektu s hotov\u00fdm interi\u00e9rem.<\/p>\n<p>Designov\u00fd projekt zahrnuje:<\/p>\n<p><strong>2. 3D vizualizace<\/strong><\/p>\n<p>3D vizualizace umo\u017e\u0148uje roz\u0161\u00ed\u0159it st\u00e1vaj\u00edc\u00ed z\u00e1b\u011br je\u0161t\u011b p\u0159ed za\u010d\u00e1tkem oprav robot\u016f. Vytv\u00e1\u0159\u00edme fotorealistick\u00e9 obrazy interi\u00e9ru, abyste mohli ocenit sofistikovan\u00fd vzhled prostoru, vybrat r\u016fzn\u00e9 barvy, materi\u00e1ly a n\u00e1bytek. Tato slu\u017eba pom\u00e1h\u00e1 vyhnout se kompromis\u016fm a p\u0159ehlednosti ve f\u00e1zi realizace projektu.<\/p>\n<p>Co zadat od sluhy:<br \/>\n&#8211; V\u00fdvoj trivi\u00e1ln\u00edho modelu um\u00edst\u011bn\u00ed.<br \/>\n&#8211; Detailn\u00ed vyobrazen\u00ed v\u0161ech prvk\u016f interi\u00e9ru.<br \/>\n&#8211; Vytvo\u0159en\u00ed mnoha mo\u017enost\u00ed vizualizace s r\u016fzn\u00fdmi barevn\u00fdmi \u0159e\u0161en\u00edmi.<br \/>\n&#8211; Fin\u00e1ln\u00ed obr\u00e1zky vysok\u00e9 kvality.<\/p>\n<p><strong>3. Robotick\u00e9 k\u0159eslo<\/strong><\/p>\n<p>Popis:<br \/>\nPracovn\u00ed \u017eidle jsou z\u00e1kladem pro jakoukoli opravu. Vyv\u00edj\u00edme novou sadu \u017eidl\u00ed, kter\u00e1 zahrnuje pl\u00e1ny sedadel, um\u00edst\u011bn\u00ed in\u017een\u00fdrsk\u00fdch komunikac\u00ed, rozlo\u017een\u00ed st\u011bn a sch\u00e9mata rozlo\u017een\u00ed n\u00e1bytku. Tyto dokumenty jsou nezbytn\u00e9 pro p\u0159esn\u00e9 proveden\u00ed v\u0161ech oprav a mont\u00e1\u017en\u00edch prac\u00ed.<\/p>\n<p><strong>4. Autorsk\u00fd pohled<\/strong><\/p>\n<p>Autorov\u00fdm pohledem je kontrola nad kone\u010dn\u00fdmi n\u00e1vrhov\u00fdmi rozhodnut\u00edmi v procesu realizace projektu. Pravideln\u011b monitorujeme za\u0159\u00edzen\u00ed, abychom zajistili, \u017ee v\u0161echny pr\u00e1ce jsou dokon\u010deny podle projektu, stejn\u011b jako nejpravd\u011bpodobn\u011bj\u0161\u00ed j\u00eddlo, kter\u00e9 se dostane na m\u00edsto. To je z\u00e1rukou, \u017ee kone\u010dn\u00fd v\u00fdsledek bude v souladu s va\u0161\u00edm o\u0161et\u0159en\u00edm.<\/p>\n<p>Co zadat od sluhy:<br \/>\n&#8211; pravideln\u011b nav\u0161t\u011bvujte str\u00e1nky.<br \/>\n&#8211; Sledov\u00e1n\u00ed kvality vizualizace bezprobl\u00e9mov\u011b spolupracuje s projektem.<br \/>\n&#8211; Proveden\u00e9 zm\u011bny, zkontrolujte pros\u00edm s projektem.<br \/>\n&#8211; nejvy\u0161\u0161\u00ed \u00farove\u0148 dod\u00e1vek a interakce s dodavateli.<br \/>\n&#8211; Hl\u00e1sit z\u00e1stupci o pr\u016fb\u011bhu v\u00e1lky.<\/p>\n<p><strong>5. Oprava prostor<\/strong><\/p>\n<p>Nab\u00edz\u00edme \u0161irokou \u0161k\u00e1lu oprav\u00e1rensk\u00fdch slu\u017eeb, od kosmetick\u00fdch oprav a\u017e po velk\u00e9 opravy. N\u00e1\u0161 t\u00fdm profesion\u00e1l\u016f zajist\u00ed, \u017ee v\u0161echny pr\u00e1ce budou provedeny p\u0159esn\u011b a rychle, od demont\u00e1\u017ee star\u00fdch konstrukc\u00ed a\u017e po fin\u00e1ln\u00ed dokon\u010den\u00ed. Garantujeme vysokou viskozitu a trvanlivost ko\u017en\u00edho produktu.<\/p>\n<p>Co zadat od sluhy:<\/p>\n<p>&#8211; P\u0159edb\u011b\u017en\u00e1 kontrola a posouzen\u00ed objektu.<br \/>\n&#8211; P\u0159\u00edprava prostoru pro opravy.<br \/>\n&#8211; Demont\u00e1\u017e a mont\u00e1\u017e konstrukce.<br \/>\n&#8211; Prov\u00e1d\u011bn\u00ed elektroinstala\u010dn\u00edch a instalat\u00e9rsk\u00fdch prac\u00ed.<br \/>\n&#8211; Om\u00edt\u00e1n\u00ed, tmelen\u00ed, tmelen\u00ed a jin\u00e9 pr\u016fmyslov\u00e9 pr\u00e1ce.<br \/>\n&#8211; \u00daklid po rekonstrukci budovy.<\/p>\n<p>Navrhujeme komplexn\u00ed p\u0159\u00edstup k tvorb\u011b a implementaci rozhran\u00ed. Spolupr\u00e1ce s n\u00e1mi znamen\u00e1, \u017ee m\u016f\u017eete vytvo\u0159it jedine\u010dn\u00fd, stylov\u00fd a funk\u010dn\u00ed interi\u00e9r, kter\u00fd se hod\u00ed k va\u0161emu \u017eivotn\u00edmu prost\u0159ed\u00ed. Na\u0161e slu\u017eby se postaraj\u00ed o v\u0161echny f\u00e1ze od n\u00e1padu a\u017e po jeho realizaci, v\u010detn\u011b autorsk\u00e9 kontroly a odborn\u00e9ho za\u0161kolen\u00ed oprav\u00e1rensk\u00fdch robot\u016f.<\/p>\n<p><a href=\"https:\/\/asart.com.ua\/wp-content\/uploads\/2024\/11\/1-gostinaya-corona-_interactive-lux-1watermark.jpg\"><img loading=\"lazy\" decoding=\"async\" class=\"aligncenter size-full wp-image-21537 colorbox-18012\" src=\"https:\/\/asart.com.ua\/wp-content\/uploads\/2024\/11\/1-gostinaya-corona-_interactive-lux-1watermark.jpg\" alt=\"\" width=\"1200\" height=\"675\" srcset=\"https:\/\/asart.com.ua\/wp-content\/uploads\/2024\/11\/1-gostinaya-corona-_interactive-lux-1watermark.jpg 1200w, https:\/\/asart.com.ua\/wp-content\/uploads\/2024\/11\/1-gostinaya-corona-_interactive-lux-1watermark-300x169.jpg 300w, https:\/\/asart.com.ua\/wp-content\/uploads\/2024\/11\/1-gostinaya-corona-_interactive-lux-1watermark-768x432.jpg 768w\" sizes=\"(max-width: 1200px) 100vw, 1200px\" \/><\/a><a href=\"https:\/\/asart.com.ua\/wp-content\/uploads\/2024\/11\/1-gostinaya-corona-_interactive-lux-3watermark.jpg\"><img loading=\"lazy\" decoding=\"async\" class=\"aligncenter size-full wp-image-21545 colorbox-18012\" src=\"https:\/\/asart.com.ua\/wp-content\/uploads\/2024\/11\/1-gostinaya-corona-_interactive-lux-3watermark.jpg\" alt=\"\" width=\"1200\" height=\"675\" srcset=\"https:\/\/asart.com.ua\/wp-content\/uploads\/2024\/11\/1-gostinaya-corona-_interactive-lux-3watermark.jpg 1200w, https:\/\/asart.com.ua\/wp-content\/uploads\/2024\/11\/1-gostinaya-corona-_interactive-lux-3watermark-300x169.jpg 300w, https:\/\/asart.com.ua\/wp-content\/uploads\/2024\/11\/1-gostinaya-corona-_interactive-lux-3watermark-768x432.jpg 768w\" sizes=\"(max-width: 1200px) 100vw, 1200px\" \/><\/a><a href=\"https:\/\/asart.com.ua\/wp-content\/uploads\/2021\/02\/foto-marashal-zhukova-001-21watermark-.jpg\"><img loading=\"lazy\" decoding=\"async\" class=\"aligncenter size-large wp-image-21358 colorbox-18012\" style=\"color: #0000ee;\" src=\"https:\/\/asart.com.ua\/wp-content\/uploads\/2024\/10\/dizajner-interera-monako-11watermark.jpg\" alt=\"\" width=\"1200\" height=\"675\" srcset=\"https:\/\/asart.com.ua\/wp-content\/uploads\/2024\/10\/dizajner-interera-monako-11watermark.jpg 1200w, https:\/\/asart.com.ua\/wp-content\/uploads\/2024\/10\/dizajner-interera-monako-11watermark-300x169.jpg 300w, https:\/\/asart.com.ua\/wp-content\/uploads\/2024\/10\/dizajner-interera-monako-11watermark-768x432.jpg 768w\" sizes=\"(max-width: 1200px) 100vw, 1200px\" \/><\/a><a href=\"https:\/\/asart.com.ua\/wp-content\/uploads\/2024\/10\/dizajner-interera-monako-13watermark.jpg\"><img loading=\"lazy\" decoding=\"async\" class=\"aligncenter size-large wp-image-21366 colorbox-18012\" src=\"https:\/\/asart.com.ua\/wp-content\/uploads\/2024\/10\/dizajner-interera-monako-13watermark.jpg\" alt=\"\" width=\"1200\" height=\"675\" srcset=\"https:\/\/asart.com.ua\/wp-content\/uploads\/2024\/10\/dizajner-interera-monako-13watermark.jpg 1200w, https:\/\/asart.com.ua\/wp-content\/uploads\/2024\/10\/dizajner-interera-monako-13watermark-300x169.jpg 300w, https:\/\/asart.com.ua\/wp-content\/uploads\/2024\/10\/dizajner-interera-monako-13watermark-768x432.jpg 768w\" sizes=\"(max-width: 1200px) 100vw, 1200px\" \/><\/a><a href=\"https:\/\/asart.com.ua\/wp-content\/uploads\/2024\/10\/dizajner-interera-monako-12watermark.jpg\"><img loading=\"lazy\" decoding=\"async\" class=\"aligncenter size-large wp-image-21362 colorbox-18012\" src=\"https:\/\/asart.com.ua\/wp-content\/uploads\/2024\/10\/dizajner-interera-monako-12watermark.jpg\" alt=\"\" width=\"1200\" height=\"675\" srcset=\"https:\/\/asart.com.ua\/wp-content\/uploads\/2024\/10\/dizajner-interera-monako-12watermark.jpg 1200w, https:\/\/asart.com.ua\/wp-content\/uploads\/2024\/10\/dizajner-interera-monako-12watermark-300x169.jpg 300w, https:\/\/asart.com.ua\/wp-content\/uploads\/2024\/10\/dizajner-interera-monako-12watermark-768x432.jpg 768w\" sizes=\"(max-width: 1200px) 100vw, 1200px\" \/><\/a><a href=\"https:\/\/asart.com.ua\/wp-content\/uploads\/2021\/02\/foto-marashal-zhukova-001-21watermark-.jpg\"><img loading=\"lazy\" decoding=\"async\" class=\"aligncenter size-large wp-image-21338 colorbox-18012\" src=\"https:\/\/asart.com.ua\/wp-content\/uploads\/2024\/10\/dizajner-interera-monako-1watermark.jpg\" alt=\"\" width=\"1200\" height=\"693\" srcset=\"https:\/\/asart.com.ua\/wp-content\/uploads\/2024\/10\/dizajner-interera-monako-1watermark.jpg 1200w, https:\/\/asart.com.ua\/wp-content\/uploads\/2024\/10\/dizajner-interera-monako-1watermark-300x173.jpg 300w, https:\/\/asart.com.ua\/wp-content\/uploads\/2024\/10\/dizajner-interera-monako-1watermark-768x444.jpg 768w\" sizes=\"(max-width: 1200px) 100vw, 1200px\" \/><img loading=\"lazy\" decoding=\"async\" class=\"aligncenter size-large wp-image-21342 colorbox-18012\" src=\"https:\/\/asart.com.ua\/wp-content\/uploads\/2024\/10\/dizajner-interera-monako-5watermark.jpg\" alt=\"\" width=\"1200\" height=\"675\" srcset=\"https:\/\/asart.com.ua\/wp-content\/uploads\/2024\/10\/dizajner-interera-monako-5watermark.jpg 1200w, https:\/\/asart.com.ua\/wp-content\/uploads\/2024\/10\/dizajner-interera-monako-5watermark-300x169.jpg 300w, https:\/\/asart.com.ua\/wp-content\/uploads\/2024\/10\/dizajner-interera-monako-5watermark-768x432.jpg 768w\" sizes=\"(max-width: 1200px) 100vw, 1200px\" \/><\/a><a href=\"https:\/\/asart.com.ua\/wp-content\/uploads\/2024\/10\/dizajner-interera-monako-6watermark.jpg\"><img loading=\"lazy\" decoding=\"async\" class=\"aligncenter size-large wp-image-21346 colorbox-18012\" src=\"https:\/\/asart.com.ua\/wp-content\/uploads\/2024\/10\/dizajner-interera-monako-6watermark.jpg\" alt=\"\" width=\"1200\" height=\"675\" srcset=\"https:\/\/asart.com.ua\/wp-content\/uploads\/2024\/10\/dizajner-interera-monako-6watermark.jpg 1200w, https:\/\/asart.com.ua\/wp-content\/uploads\/2024\/10\/dizajner-interera-monako-6watermark-300x169.jpg 300w, https:\/\/asart.com.ua\/wp-content\/uploads\/2024\/10\/dizajner-interera-monako-6watermark-768x432.jpg 768w\" sizes=\"(max-width: 1200px) 100vw, 1200px\" \/><\/a><a href=\"https:\/\/asart.com.ua\/wp-content\/uploads\/2024\/10\/1v-2-1watermark.jpg\"><img loading=\"lazy\" decoding=\"async\" class=\"aligncenter size-full wp-image-21493 colorbox-18012\" src=\"https:\/\/asart.com.ua\/wp-content\/uploads\/2024\/10\/1v-2-1watermark.jpg\" alt=\"\" width=\"1200\" height=\"675\" srcset=\"https:\/\/asart.com.ua\/wp-content\/uploads\/2024\/10\/1v-2-1watermark.jpg 1200w, https:\/\/asart.com.ua\/wp-content\/uploads\/2024\/10\/1v-2-1watermark-300x169.jpg 300w, https:\/\/asart.com.ua\/wp-content\/uploads\/2024\/10\/1v-2-1watermark-768x432.jpg 768w\" sizes=\"(max-width: 1200px) 100vw, 1200px\" \/><\/a><a href=\"https:\/\/asart.com.ua\/wp-content\/uploads\/2024\/10\/dizajner-interera-monako-15watermark.jpg\"><img loading=\"lazy\" decoding=\"async\" class=\"aligncenter size-large wp-image-21370 colorbox-18012\" src=\"https:\/\/asart.com.ua\/wp-content\/uploads\/2024\/10\/dizajner-interera-monako-15watermark.jpg\" alt=\"\" width=\"1200\" height=\"675\" srcset=\"https:\/\/asart.com.ua\/wp-content\/uploads\/2024\/10\/dizajner-interera-monako-15watermark.jpg 1200w, https:\/\/asart.com.ua\/wp-content\/uploads\/2024\/10\/dizajner-interera-monako-15watermark-300x169.jpg 300w, https:\/\/asart.com.ua\/wp-content\/uploads\/2024\/10\/dizajner-interera-monako-15watermark-768x432.jpg 768w\" sizes=\"(max-width: 1200px) 100vw, 1200px\" \/><\/a><a href=\"https:\/\/asart.com.ua\/wp-content\/uploads\/2021\/02\/foto-marashal-zhukova-001-30watermark-.jpg\"><img loading=\"lazy\" decoding=\"async\" class=\"aligncenter size-full wp-image-8522 colorbox-18012\" src=\"https:\/\/asart.com.ua\/wp-content\/uploads\/2021\/02\/foto-marashal-zhukova-001-30watermark-.jpg\" alt=\"\" width=\"1200\" height=\"800\" srcset=\"https:\/\/asart.com.ua\/wp-content\/uploads\/2021\/02\/foto-marashal-zhukova-001-30watermark-.jpg 1200w, https:\/\/asart.com.ua\/wp-content\/uploads\/2021\/02\/foto-marashal-zhukova-001-30watermark--300x200.jpg 300w, https:\/\/asart.com.ua\/wp-content\/uploads\/2021\/02\/foto-marashal-zhukova-001-30watermark--1024x683.jpg 1024w, https:\/\/asart.com.ua\/wp-content\/uploads\/2021\/02\/foto-marashal-zhukova-001-30watermark--768x512.jpg 768w, https:\/\/asart.com.ua\/wp-content\/uploads\/2021\/02\/foto-marashal-zhukova-001-30watermark--240x160.jpg 240w\" sizes=\"(max-width: 1200px) 100vw, 1200px\" \/><\/a><a href=\"https:\/\/asart.com.ua\/wp-content\/uploads\/2021\/02\/foto-marashal-zhukova-001-21watermark-.jpg\"><img loading=\"lazy\" decoding=\"async\" class=\"aligncenter size-full wp-image-8506 colorbox-18012\" src=\"https:\/\/asart.com.ua\/wp-content\/uploads\/2021\/02\/foto-marashal-zhukova-001-21watermark-.jpg\" alt=\"\" width=\"1200\" height=\"800\" srcset=\"https:\/\/asart.com.ua\/wp-content\/uploads\/2021\/02\/foto-marashal-zhukova-001-21watermark-.jpg 1200w, https:\/\/asart.com.ua\/wp-content\/uploads\/2021\/02\/foto-marashal-zhukova-001-21watermark--300x200.jpg 300w, https:\/\/asart.com.ua\/wp-content\/uploads\/2021\/02\/foto-marashal-zhukova-001-21watermark--1024x683.jpg 1024w, https:\/\/asart.com.ua\/wp-content\/uploads\/2021\/02\/foto-marashal-zhukova-001-21watermark--768x512.jpg 768w, https:\/\/asart.com.ua\/wp-content\/uploads\/2021\/02\/foto-marashal-zhukova-001-21watermark--240x160.jpg 240w\" sizes=\"(max-width: 1200px) 100vw, 1200px\" \/><\/a><a href=\"https:\/\/asart.com.ua\/wp-content\/uploads\/2021\/02\/foto-marashal-zhukova-001-19watermark-.jpg\"><img loading=\"lazy\" decoding=\"async\" class=\"aligncenter size-full wp-image-8502 colorbox-18012\" src=\"https:\/\/asart.com.ua\/wp-content\/uploads\/2021\/02\/foto-marashal-zhukova-001-19watermark-.jpg\" alt=\"\" width=\"1200\" height=\"800\" srcset=\"https:\/\/asart.com.ua\/wp-content\/uploads\/2021\/02\/foto-marashal-zhukova-001-19watermark-.jpg 1200w, https:\/\/asart.com.ua\/wp-content\/uploads\/2021\/02\/foto-marashal-zhukova-001-19watermark--300x200.jpg 300w, https:\/\/asart.com.ua\/wp-content\/uploads\/2021\/02\/foto-marashal-zhukova-001-19watermark--1024x683.jpg 1024w, https:\/\/asart.com.ua\/wp-content\/uploads\/2021\/02\/foto-marashal-zhukova-001-19watermark--768x512.jpg 768w, https:\/\/asart.com.ua\/wp-content\/uploads\/2021\/02\/foto-marashal-zhukova-001-19watermark--240x160.jpg 240w\" sizes=\"(max-width: 1200px) 100vw, 1200px\" \/><\/a><a href=\"https:\/\/asart.com.ua\/wp-content\/uploads\/2021\/02\/foto-marashal-zhukova-001-21watermark-.jpg\"><img loading=\"lazy\" decoding=\"async\" class=\"aligncenter size-full wp-image-8498 colorbox-18012\" src=\"https:\/\/asart.com.ua\/wp-content\/uploads\/2021\/02\/foto-marashal-zhukova-001-17watermark-.jpg\" alt=\"\" width=\"1200\" height=\"800\" srcset=\"https:\/\/asart.com.ua\/wp-content\/uploads\/2021\/02\/foto-marashal-zhukova-001-17watermark-.jpg 1200w, https:\/\/asart.com.ua\/wp-content\/uploads\/2021\/02\/foto-marashal-zhukova-001-17watermark--300x200.jpg 300w, https:\/\/asart.com.ua\/wp-content\/uploads\/2021\/02\/foto-marashal-zhukova-001-17watermark--1024x683.jpg 1024w, https:\/\/asart.com.ua\/wp-content\/uploads\/2021\/02\/foto-marashal-zhukova-001-17watermark--768x512.jpg 768w, https:\/\/asart.com.ua\/wp-content\/uploads\/2021\/02\/foto-marashal-zhukova-001-17watermark--240x160.jpg 240w\" sizes=\"(max-width: 1200px) 100vw, 1200px\" \/><\/a><\/p>\n<p>&nbsp;<\/p>\n<p>&nbsp;<\/p>\n<p>&nbsp;<\/p>\n","protected":false},"excerpt":{"rendered":"<p>\u00a0N\u00e1vrh interi\u00e9ru na kl\u00ed\u010d ve francouzsk\u00e9m <a class=\"continue_link\" href=\"https:\/\/asart.com.ua\/cs\/18012-2\/\">\u0427\u0438\u0442\u0430\u0442\u044c \u0434\u0430\u043b\u0435\u0435 >><\/a><\/p>\n","protected":false},"author":6,"featured_media":0,"parent":0,"menu_order":0,"comment_status":"closed","ping_status":"closed","template":"","meta":{"footnotes":""},"acf":[],"aioseo_notices":[],"_links":{"self":[{"href":"https:\/\/asart.com.ua\/cs\/wp-json\/wp\/v2\/pages\/18012"}],"collection":[{"href":"https:\/\/asart.com.ua\/cs\/wp-json\/wp\/v2\/pages"}],"about":[{"href":"https:\/\/asart.com.ua\/cs\/wp-json\/wp\/v2\/types\/page"}],"author":[{"embeddable":true,"href":"https:\/\/asart.com.ua\/cs\/wp-json\/wp\/v2\/users\/6"}],"replies":[{"embeddable":true,"href":"https:\/\/asart.com.ua\/cs\/wp-json\/wp\/v2\/comments?post=18012"}],"version-history":[{"count":11,"href":"https:\/\/asart.com.ua\/cs\/wp-json\/wp\/v2\/pages\/18012\/revisions"}],"predecessor-version":[{"id":21597,"href":"https:\/\/asart.com.ua\/cs\/wp-json\/wp\/v2\/pages\/18012\/revisions\/21597"}],"wp:attachment":[{"href":"https:\/\/asart.com.ua\/cs\/wp-json\/wp\/v2\/media?parent=18012"}],"curies":[{"name":"wp","href":"https:\/\/api.w.org\/{rel}","templated":true}]}}