{"id":18001,"date":"2017-08-01T21:11:17","date_gmt":"2017-08-01T18:11:17","guid":{"rendered":"https:\/\/asart.com.ua\/dizajn-barov\/interera-kalyannoj\/"},"modified":"2023-11-23T23:24:45","modified_gmt":"2023-11-23T20:24:45","slug":"interera-kalyannoj","status":"publish","type":"page","link":"https:\/\/asart.com.ua\/cs\/dizajn-barov\/interera-kalyannoj\/","title":{"rendered":"Design interi\u00e9ru baru s vodn\u00ed d\u00fdmkou"},"content":{"rendered":"<p>Vodn\u00ed d\u00fdmky jsou obl\u00edben\u00e9 v Kyjev\u011b, Charkov\u011b a mnoha dal\u0161\u00edch m\u011bstech Ukrajiny. Lid\u00e9 do takov\u00fdch za\u0159\u00edzen\u00ed p\u0159ich\u00e1zej\u00ed nejen kou\u0159it vodn\u00ed d\u00fdmku, ale tak\u00e9 si popov\u00eddat s p\u0159\u00e1teli, odpo\u010dinout si po n\u00e1ro\u010dn\u00e9m dni v pr\u00e1ci a oslavit sv\u00e1tek. <strong>Chcete-li m\u00edt v\u017edy hodn\u011b host\u016f a va\u0161i restauraci vyniknout, pak se neobejdete bez jedine\u010dn\u00e9ho designu interi\u00e9ru<\/strong> . Koneckonc\u016f, je schopen ud\u011blat m\u00edstnost nejen kr\u00e1snou, ale tak\u00e9:<\/p>\n<ul>\n<li> komfortn\u00ed<\/li>\n<li> \u00fatuln\u00fd<\/li>\n<li> funk\u010dn\u00ed<\/li>\n<li> zaj\u00edmav\u00fd <\/li>\n<\/ul>\n<p><img loading=\"lazy\" decoding=\"async\" class=\"aligncenter wp-image-5023  colorbox-18001\" src=\"https:\/\/asart.com.ua\/wp-content\/uploads\/2016\/12\/Vip-komnata-karaoke-4watermark.jpg\" alt=\"Design interi\u00e9ru baru s vodn\u00ed d\u00fdmkou\" width=\"1079\" height=\"810\" srcset=\"https:\/\/asart.com.ua\/wp-content\/uploads\/2016\/12\/Vip-komnata-karaoke-4watermark.jpg 1500w, https:\/\/asart.com.ua\/wp-content\/uploads\/2016\/12\/Vip-komnata-karaoke-4watermark-300x225.jpg 300w, https:\/\/asart.com.ua\/wp-content\/uploads\/2016\/12\/Vip-komnata-karaoke-4watermark-768x576.jpg 768w, https:\/\/asart.com.ua\/wp-content\/uploads\/2016\/12\/Vip-komnata-karaoke-4watermark-1024x768.jpg 1024w, https:\/\/asart.com.ua\/wp-content\/uploads\/2016\/12\/Vip-komnata-karaoke-4watermark-160x120.jpg 160w, https:\/\/asart.com.ua\/wp-content\/uploads\/2016\/12\/Vip-komnata-karaoke-4watermark-289x217.jpg 289w\" sizes=\"(max-width: 1079px) 100vw, 1079px\" \/><\/p>\n<p><img loading=\"lazy\" decoding=\"async\" class=\"aligncenter wp-image-5021  colorbox-18001\" src=\"https:\/\/asart.com.ua\/wp-content\/uploads\/2016\/12\/Vip-komnata-karaoke-3watermark.jpg\" alt=\"Projekt designu baru s vodn\u00ed d\u00fdmkou\" width=\"1084\" height=\"813\" srcset=\"https:\/\/asart.com.ua\/wp-content\/uploads\/2016\/12\/Vip-komnata-karaoke-3watermark.jpg 1500w, https:\/\/asart.com.ua\/wp-content\/uploads\/2016\/12\/Vip-komnata-karaoke-3watermark-300x225.jpg 300w, https:\/\/asart.com.ua\/wp-content\/uploads\/2016\/12\/Vip-komnata-karaoke-3watermark-768x576.jpg 768w, https:\/\/asart.com.ua\/wp-content\/uploads\/2016\/12\/Vip-komnata-karaoke-3watermark-1024x768.jpg 1024w, https:\/\/asart.com.ua\/wp-content\/uploads\/2016\/12\/Vip-komnata-karaoke-3watermark-160x120.jpg 160w, https:\/\/asart.com.ua\/wp-content\/uploads\/2016\/12\/Vip-komnata-karaoke-3watermark-289x217.jpg 289w\" sizes=\"(max-width: 1084px) 100vw, 1084px\" \/><\/p>\n<p> <a href=\"https:\/\/asart.com.ua\/wp-content\/uploads\/2018\/08\/Bar-restoran-Anjis-5watermark.jpg\"><img loading=\"lazy\" decoding=\"async\" class=\"aligncenter  wp-image-6760 colorbox-18001\" src=\"https:\/\/asart.com.ua\/wp-content\/uploads\/2018\/08\/Bar-restoran-Anjis-5watermark.jpg\" alt=\"\" width=\"1084\" height=\"723\" srcset=\"https:\/\/asart.com.ua\/wp-content\/uploads\/2018\/08\/Bar-restoran-Anjis-5watermark.jpg 1000w, https:\/\/asart.com.ua\/wp-content\/uploads\/2018\/08\/Bar-restoran-Anjis-5watermark-300x200.jpg 300w, https:\/\/asart.com.ua\/wp-content\/uploads\/2018\/08\/Bar-restoran-Anjis-5watermark-768x512.jpg 768w, https:\/\/asart.com.ua\/wp-content\/uploads\/2018\/08\/Bar-restoran-Anjis-5watermark-240x160.jpg 240w\" sizes=\"(max-width: 1084px) 100vw, 1084px\" \/><\/a> <a href=\"https:\/\/asart.com.ua\/wp-content\/uploads\/2018\/08\/Bar-restoran-Anjis-8watermark.jpg\"><img loading=\"lazy\" decoding=\"async\" class=\"aligncenter  wp-image-6766 colorbox-18001\" src=\"https:\/\/asart.com.ua\/wp-content\/uploads\/2018\/08\/Bar-restoran-Anjis-8watermark.jpg\" alt=\"\" width=\"1085\" height=\"724\" srcset=\"https:\/\/asart.com.ua\/wp-content\/uploads\/2018\/08\/Bar-restoran-Anjis-8watermark.jpg 1000w, https:\/\/asart.com.ua\/wp-content\/uploads\/2018\/08\/Bar-restoran-Anjis-8watermark-300x200.jpg 300w, https:\/\/asart.com.ua\/wp-content\/uploads\/2018\/08\/Bar-restoran-Anjis-8watermark-768x512.jpg 768w, https:\/\/asart.com.ua\/wp-content\/uploads\/2018\/08\/Bar-restoran-Anjis-8watermark-240x160.jpg 240w\" sizes=\"(max-width: 1085px) 100vw, 1085px\" \/><\/a> <a href=\"https:\/\/asart.com.ua\/wp-content\/uploads\/2018\/11\/anjis-hell-2watermark.jpg\"><img loading=\"lazy\" decoding=\"async\" class=\"aligncenter  wp-image-9341 colorbox-18001\" src=\"https:\/\/asart.com.ua\/wp-content\/uploads\/2018\/11\/anjis-hell-2watermark.jpg\" alt=\"\" width=\"1085\" height=\"611\" srcset=\"https:\/\/asart.com.ua\/wp-content\/uploads\/2018\/11\/anjis-hell-2watermark.jpg 1000w, https:\/\/asart.com.ua\/wp-content\/uploads\/2018\/11\/anjis-hell-2watermark-300x169.jpg 300w, https:\/\/asart.com.ua\/wp-content\/uploads\/2018\/11\/anjis-hell-2watermark-768x432.jpg 768w\" sizes=\"(max-width: 1085px) 100vw, 1085px\" \/><\/a><\/p>\n<p> Upout\u00e1n\u00ed pozornosti n\u00e1v\u0161t\u011bvn\u00edk\u016f. Na\u0161e studio m\u00e1 bohat\u00e9 zku\u0161enosti s navrhov\u00e1n\u00edm projekt\u016f bar\u016f pro vodn\u00ed d\u00fdmky. Pro design\u00e9ra Asart nez\u00e1le\u017e\u00ed na velikosti m\u00edstnosti, objemu a slo\u017eitosti projek\u010dn\u00ed pr\u00e1ce. Jsme p\u0159ipraveni nab\u00eddnout na\u0161im z\u00e1kazn\u00edk\u016fm:<\/p>\n<ul>\n<li> modern\u00ed<\/li>\n<li> unik\u00e1tn\u00ed<\/li>\n<li> origin\u00e1l<\/li>\n<li> tvo\u0159iv\u00fd<\/li>\n<\/ul>\n<p> N\u00e1pady, kter\u00e9 po realizaci vytvo\u0159\u00ed v baru s vodn\u00ed d\u00fdmkou harmonickou, klidnou atmosf\u00e9ru. Pom\u016f\u017ee va\u0161im host\u016fm relaxovat a odpo\u010dinout si. Chcete-li vypracovat exkluzivn\u00ed projekt interi\u00e9rov\u00e9ho designu, mus\u00ed b\u00fdt va\u0161e provozovna nejprve zkontrolov\u00e1na a posouzena jej\u00ed stav. Projektant tak\u00e9 pot\u0159ebuje zn\u00e1t va\u0161e p\u0159\u00e1n\u00ed a po\u017eadavky t\u00fdkaj\u00edc\u00ed se projek\u010dn\u00edch, oprav\u00e1rensk\u00fdch a dokon\u010dovac\u00edch prac\u00ed.<\/p>\n<h2> Zt\u011blesn\u011bn\u00ed v\u0161ech modern\u00edch styl\u016f.<\/h2>\n<p> Design ty\u010de do vodn\u00ed d\u00fdmky lze vytvo\u0159it v jak\u00e9mkoli modern\u00edm stylu a barevn\u00e9m proveden\u00ed. Ve v\u011bt\u0161in\u011b p\u0159\u00edpad\u016f se d\u00e1v\u00e1 p\u0159ednost klasick\u00e9mu, neoklasicistn\u00edmu stylu, stejn\u011b jako hnut\u00ed Art Deco a Art Nouveau. A tak\u00e9 na\u0161i klienti z Charkova si objedn\u00e1vaj\u00ed dekoraci pokoj\u016f v orient\u00e1ln\u00edm stylu. V\u00fdb\u011br stylu a barvy z\u00e1vis\u00ed na velikosti provozovny a va\u0161ich chu\u0165ov\u00fdch preferenc\u00edch. Pro kone\u010dnou \u00fapravu se pou\u017e\u00edvaj\u00ed p\u0159\u00edrodn\u00ed materi\u00e1ly, jako je kov, k\u00e1men, d\u0159evo, sklo. V interi\u00e9ru m\u016f\u017eete pou\u017e\u00edt vitr\u00e1\u017ee a mozaiky. <\/p>\n<p><img loading=\"lazy\" decoding=\"async\" class=\"aligncenter size-full wp-image-5019 colorbox-18001\" src=\"https:\/\/asart.com.ua\/wp-content\/uploads\/2016\/12\/Vip-komnata-karaoke-2watermark.jpg\" alt=\"\" width=\"1500\" height=\"1125\" srcset=\"https:\/\/asart.com.ua\/wp-content\/uploads\/2016\/12\/Vip-komnata-karaoke-2watermark.jpg 1500w, https:\/\/asart.com.ua\/wp-content\/uploads\/2016\/12\/Vip-komnata-karaoke-2watermark-300x225.jpg 300w, https:\/\/asart.com.ua\/wp-content\/uploads\/2016\/12\/Vip-komnata-karaoke-2watermark-768x576.jpg 768w, https:\/\/asart.com.ua\/wp-content\/uploads\/2016\/12\/Vip-komnata-karaoke-2watermark-1024x768.jpg 1024w, https:\/\/asart.com.ua\/wp-content\/uploads\/2016\/12\/Vip-komnata-karaoke-2watermark-160x120.jpg 160w, https:\/\/asart.com.ua\/wp-content\/uploads\/2016\/12\/Vip-komnata-karaoke-2watermark-289x217.jpg 289w\" sizes=\"(max-width: 1500px) 100vw, 1500px\" \/><\/p>\n<p><img loading=\"lazy\" decoding=\"async\" class=\"aligncenter size-full wp-image-5033 colorbox-18001\" src=\"https:\/\/asart.com.ua\/wp-content\/uploads\/2016\/12\/interer-karaoke-zal-4watermark.jpg\" alt=\"\" width=\"1500\" height=\"1125\" srcset=\"https:\/\/asart.com.ua\/wp-content\/uploads\/2016\/12\/interer-karaoke-zal-4watermark.jpg 1500w, https:\/\/asart.com.ua\/wp-content\/uploads\/2016\/12\/interer-karaoke-zal-4watermark-300x225.jpg 300w, https:\/\/asart.com.ua\/wp-content\/uploads\/2016\/12\/interer-karaoke-zal-4watermark-768x576.jpg 768w, https:\/\/asart.com.ua\/wp-content\/uploads\/2016\/12\/interer-karaoke-zal-4watermark-1024x768.jpg 1024w, https:\/\/asart.com.ua\/wp-content\/uploads\/2016\/12\/interer-karaoke-zal-4watermark-160x120.jpg 160w, https:\/\/asart.com.ua\/wp-content\/uploads\/2016\/12\/interer-karaoke-zal-4watermark-289x217.jpg 289w\" sizes=\"(max-width: 1500px) 100vw, 1500px\" \/><\/p>\n<h3> Pohodln\u00fd a funk\u010dn\u00ed n\u00e1bytek.<\/h3>\n<p> Krom\u011b vytvo\u0159en\u00ed exkluzivn\u00edho designu interi\u00e9ru vybere design\u00e9r pro v\u00e1\u0161 bar s vodn\u00ed d\u00fdmkou materi\u00e1ly pro opravy a povrchovou \u00fapravu, n\u00e1bytek, sv\u00edtidla, textilie, dopl\u0148ky a dekorace. V provozech, kde se kou\u0159\u00ed vodn\u00ed d\u00fdmka, se pou\u017e\u00edv\u00e1 tlumen\u00e9 osv\u011btlen\u00ed. Lze jej vytvo\u0159it pomoc\u00ed designov\u00fdch lamp a st\u00ednidel. Pokud jde o <em>n\u00e1bytek, m\u011bl by b\u00fdt pohodln\u00fd a pohodln\u00fd. Umo\u017en\u011bte \u010dlov\u011bku nejen sed\u011bt, ale tak\u00e9 le\u017eet<\/em> . Proto vol\u00ed n\u00edzk\u00e9 sedac\u00ed soupravy, stolky, pohovky a mnoho dal\u0161\u00edch n\u00e1bytkov\u00fdch prvk\u016f.<\/p>\n<p> Na\u0161e studio vytvo\u0159\u00ed jedine\u010dn\u00fd projekt designu interi\u00e9ru pro v\u00e1\u0161 bar s vodn\u00ed d\u00fdmkou. Po dokon\u010den\u00ed v\u0161ech prac\u00ed bude m\u00edstnost kr\u00e1sn\u00e1, \u00fatuln\u00e1 a pohodln\u00e1.<\/p>\n","protected":false},"excerpt":{"rendered":"<p>Vodn\u00ed d\u00fdmky jsou obl\u00edben\u00e9 v Kyjev\u011b, <a class=\"continue_link\" href=\"https:\/\/asart.com.ua\/cs\/dizajn-barov\/interera-kalyannoj\/\">\u0427\u0438\u0442\u0430\u0442\u044c \u0434\u0430\u043b\u0435\u0435 >><\/a><\/p>\n","protected":false},"author":6,"featured_media":0,"parent":17997,"menu_order":0,"comment_status":"closed","ping_status":"closed","template":"","meta":{"footnotes":""},"acf":[],"aioseo_notices":[],"_links":{"self":[{"href":"https:\/\/asart.com.ua\/cs\/wp-json\/wp\/v2\/pages\/18001"}],"collection":[{"href":"https:\/\/asart.com.ua\/cs\/wp-json\/wp\/v2\/pages"}],"about":[{"href":"https:\/\/asart.com.ua\/cs\/wp-json\/wp\/v2\/types\/page"}],"author":[{"embeddable":true,"href":"https:\/\/asart.com.ua\/cs\/wp-json\/wp\/v2\/users\/6"}],"replies":[{"embeddable":true,"href":"https:\/\/asart.com.ua\/cs\/wp-json\/wp\/v2\/comments?post=18001"}],"version-history":[{"count":1,"href":"https:\/\/asart.com.ua\/cs\/wp-json\/wp\/v2\/pages\/18001\/revisions"}],"predecessor-version":[{"id":18004,"href":"https:\/\/asart.com.ua\/cs\/wp-json\/wp\/v2\/pages\/18001\/revisions\/18004"}],"up":[{"embeddable":true,"href":"https:\/\/asart.com.ua\/cs\/wp-json\/wp\/v2\/pages\/17997"}],"wp:attachment":[{"href":"https:\/\/asart.com.ua\/cs\/wp-json\/wp\/v2\/media?parent=18001"}],"curies":[{"name":"wp","href":"https:\/\/api.w.org\/{rel}","templated":true}]}}