{"id":17997,"date":"2017-08-01T20:49:21","date_gmt":"2017-08-01T17:49:21","guid":{"rendered":"https:\/\/asart.com.ua\/dizajn-barov\/"},"modified":"2023-11-23T23:14:11","modified_gmt":"2023-11-23T20:14:11","slug":"dizajn-barov","status":"publish","type":"page","link":"https:\/\/asart.com.ua\/cs\/dizajn-barov\/","title":{"rendered":"Barov\u00fd design"},"content":{"rendered":"<p>Mnoho obyvatel Charkova po n\u00e1ro\u010dn\u00e9m pracovn\u00edm dni i mimo n\u011bj r\u00e1do nav\u0161t\u011bvuje bary a hospody, kde mohou p\u00edt skute\u010dn\u00e9 pivo, j\u00edst chutn\u00e9 j\u00eddlo a tak\u00e9 <strong>relaxovat, odpo\u010d\u00edvat a pov\u00eddat si s p\u0159\u00e1teli<\/strong> . Lid\u00e9 si samoz\u0159ejm\u011b vyberou pivn\u00ed restaurace, kter\u00e9:<\/p>\n<ul>\n<li> \u010dist\u011b<\/li>\n<li> Kr\u00e1sn\u00e1<\/li>\n<li> \u00fatuln\u00fd<\/li>\n<li> komfortn\u00ed<\/li>\n<li> Zaj\u00edmav\u00fd<\/li>\n<\/ul>\n<p> Nesta\u010d\u00ed proto naj\u00edt dobr\u00fd pokoj a zrekonstruovat ho, ale budete muset vytvo\u0159it promy\u0161len\u00fd interi\u00e9r a nezapomenutelnou atmosf\u00e9ru v n\u011bm. Chcete-li to prov\u00e9st, budete muset objednat v\u00fdvoj projektov\u00e9ho projektu. Co\u017e pom\u016f\u017ee va\u0161emu podniku odli\u0161it se od podobn\u00fdch a tak\u00e9 se st\u00e1t obl\u00edben\u00fdm a \u017e\u00e1dan\u00fdm. <a href=\"https:\/\/asart.com.ua\/wp-content\/uploads\/2018\/11\/anjis-hell-12watermark.jpg\"><img loading=\"lazy\" decoding=\"async\" class=\"aligncenter size-full wp-image-9361 colorbox-17997\" src=\"https:\/\/asart.com.ua\/wp-content\/uploads\/2018\/11\/anjis-hell-12watermark.jpg\" alt=\"\" width=\"1000\" height=\"563\" srcset=\"https:\/\/asart.com.ua\/wp-content\/uploads\/2018\/11\/anjis-hell-12watermark.jpg 1000w, https:\/\/asart.com.ua\/wp-content\/uploads\/2018\/11\/anjis-hell-12watermark-300x169.jpg 300w, https:\/\/asart.com.ua\/wp-content\/uploads\/2018\/11\/anjis-hell-12watermark-768x432.jpg 768w\" sizes=\"(max-width: 1000px) 100vw, 1000px\" \/><\/a> <a href=\"https:\/\/asart.com.ua\/wp-content\/uploads\/2018\/11\/anjis-hell-14watermark.jpg\"><img loading=\"lazy\" decoding=\"async\" class=\"aligncenter size-full wp-image-9365 colorbox-17997\" src=\"https:\/\/asart.com.ua\/wp-content\/uploads\/2018\/11\/anjis-hell-14watermark.jpg\" alt=\"\" width=\"1000\" height=\"563\" srcset=\"https:\/\/asart.com.ua\/wp-content\/uploads\/2018\/11\/anjis-hell-14watermark.jpg 1000w, https:\/\/asart.com.ua\/wp-content\/uploads\/2018\/11\/anjis-hell-14watermark-300x169.jpg 300w, https:\/\/asart.com.ua\/wp-content\/uploads\/2018\/11\/anjis-hell-14watermark-768x432.jpg 768w\" sizes=\"(max-width: 1000px) 100vw, 1000px\" \/><\/a> <a href=\"https:\/\/asart.com.ua\/wp-content\/uploads\/2018\/11\/anjis-hell-1watermark.jpg\"><img loading=\"lazy\" decoding=\"async\" class=\"aligncenter size-full wp-image-9339 colorbox-17997\" src=\"https:\/\/asart.com.ua\/wp-content\/uploads\/2018\/11\/anjis-hell-1watermark.jpg\" alt=\"\" width=\"1000\" height=\"564\" srcset=\"https:\/\/asart.com.ua\/wp-content\/uploads\/2018\/11\/anjis-hell-1watermark.jpg 1000w, https:\/\/asart.com.ua\/wp-content\/uploads\/2018\/11\/anjis-hell-1watermark-300x169.jpg 300w, https:\/\/asart.com.ua\/wp-content\/uploads\/2018\/11\/anjis-hell-1watermark-768x433.jpg 768w\" sizes=\"(max-width: 1000px) 100vw, 1000px\" \/><\/a> <img loading=\"lazy\" decoding=\"async\" class=\"aligncenter wp-image-5045 size-full colorbox-17997\" src=\"https:\/\/asart.com.ua\/wp-content\/uploads\/2016\/12\/interer-karaoke-zal-10watermark.jpg\" alt=\"Interi\u00e9r pro bar\" width=\"1500\" height=\"1125\" srcset=\"https:\/\/asart.com.ua\/wp-content\/uploads\/2016\/12\/interer-karaoke-zal-10watermark.jpg 1500w, https:\/\/asart.com.ua\/wp-content\/uploads\/2016\/12\/interer-karaoke-zal-10watermark-300x225.jpg 300w, https:\/\/asart.com.ua\/wp-content\/uploads\/2016\/12\/interer-karaoke-zal-10watermark-768x576.jpg 768w, https:\/\/asart.com.ua\/wp-content\/uploads\/2016\/12\/interer-karaoke-zal-10watermark-1024x768.jpg 1024w, https:\/\/asart.com.ua\/wp-content\/uploads\/2016\/12\/interer-karaoke-zal-10watermark-160x120.jpg 160w, https:\/\/asart.com.ua\/wp-content\/uploads\/2016\/12\/interer-karaoke-zal-10watermark-289x217.jpg 289w\" sizes=\"(max-width: 1500px) 100vw, 1500px\" \/><\/p>\n<h2> Vytvo\u0159\u00edme stylov\u00fd a modern\u00ed pokoj.<\/h2>\n<p> Na\u0161e studio m\u00e1 bohat\u00e9 zku\u0161enosti s tvorbou:<\/p>\n<ul>\n<li> unik\u00e1tn\u00ed<\/li>\n<li> unik\u00e1tn\u00ed<\/li>\n<li> origin\u00e1l<\/li>\n<li> modern\u00ed<\/li>\n<\/ul>\n<p> Interi\u00e9ry pro bary v Charkov\u011b. B\u011bhem procesu v\u00fdvoje designu budou v maxim\u00e1ln\u00ed mo\u017en\u00e9 m\u00ed\u0159e zohledn\u011bna specifika \u010dinnosti va\u0161\u00ed provozovny, jej\u00ed um\u00edst\u011bn\u00ed, sortiment n\u00e1poj\u016f a kategorie n\u00e1v\u0161t\u011bvn\u00edk\u016f. To v\u0161e za v\u00e1mi p\u0159ijede design\u00e9r Asart, kter\u00fd pivnici prohl\u00e9dne, zhodnot\u00ed jej\u00ed dispozi\u010dn\u00ed \u0159e\u0161en\u00ed, stav a tak\u00e9 zjist\u00ed va\u0161e p\u0159\u00e1n\u00ed ohledn\u011b designu a designu interi\u00e9ru.<\/p>\n<p> Interi\u00e9rov\u00fd design baru je vyv\u00edjen na z\u00e1klad\u011b specifik jeho \u010dinnosti, proto\u017ee jsou zde kav\u00e1rny, koktejlov\u00e9 bary, sushi bary, ale i hospody a pivn\u00ed restaurace. V z\u00e1vislosti na typu li\u0161ty v\u00e1m design\u00e9r Asart doporu\u010d\u00ed nejvhodn\u011bj\u0161\u00ed styl a barevnou paletu. M\u016f\u017eete si vybrat jak\u00fdkoli modern\u00ed designov\u00fd sm\u011br a na\u0161i specialist\u00e9 jej p\u0159ivedou k \u017eivotu. Barov\u00fd pult zauj\u00edm\u00e1 v ka\u017ed\u00e9m baru d\u016fle\u017eit\u00e9 m\u00edsto, m\u016f\u017ee m\u00edt r\u016fzn\u00e9 tvary, velikosti a barvy. Vyb\u00edr\u00e1 se v z\u00e1vislosti na schv\u00e1len\u00e9m stylu a prim\u00e1rn\u00ed barv\u011b.<\/p>\n<p> <a href=\"https:\/\/asart.com.ua\/wp-content\/uploads\/2021\/02\/piczczeriya-23-avgusta-8watermark-.jpg\"><img loading=\"lazy\" decoding=\"async\" class=\"aligncenter size-full wp-image-8453 colorbox-17997\" src=\"https:\/\/asart.com.ua\/wp-content\/uploads\/2021\/02\/piczczeriya-23-avgusta-8watermark-.jpg\" alt=\"\" width=\"1000\" height=\"750\" srcset=\"https:\/\/asart.com.ua\/wp-content\/uploads\/2021\/02\/piczczeriya-23-avgusta-8watermark-.jpg 1000w, https:\/\/asart.com.ua\/wp-content\/uploads\/2021\/02\/piczczeriya-23-avgusta-8watermark--300x225.jpg 300w, https:\/\/asart.com.ua\/wp-content\/uploads\/2021\/02\/piczczeriya-23-avgusta-8watermark--768x576.jpg 768w, https:\/\/asart.com.ua\/wp-content\/uploads\/2021\/02\/piczczeriya-23-avgusta-8watermark--160x120.jpg 160w, https:\/\/asart.com.ua\/wp-content\/uploads\/2021\/02\/piczczeriya-23-avgusta-8watermark--289x217.jpg 289w\" sizes=\"(max-width: 1000px) 100vw, 1000px\" \/><\/a> <a href=\"https:\/\/asart.com.ua\/wp-content\/uploads\/2021\/02\/piczczeriya-23-avgusta-4watermark-.jpg\"><img loading=\"lazy\" decoding=\"async\" class=\"aligncenter size-full wp-image-8445 colorbox-17997\" src=\"https:\/\/asart.com.ua\/wp-content\/uploads\/2021\/02\/piczczeriya-23-avgusta-4watermark-.jpg\" alt=\"\" width=\"1000\" height=\"750\" srcset=\"https:\/\/asart.com.ua\/wp-content\/uploads\/2021\/02\/piczczeriya-23-avgusta-4watermark-.jpg 1000w, https:\/\/asart.com.ua\/wp-content\/uploads\/2021\/02\/piczczeriya-23-avgusta-4watermark--300x225.jpg 300w, https:\/\/asart.com.ua\/wp-content\/uploads\/2021\/02\/piczczeriya-23-avgusta-4watermark--768x576.jpg 768w, https:\/\/asart.com.ua\/wp-content\/uploads\/2021\/02\/piczczeriya-23-avgusta-4watermark--160x120.jpg 160w, https:\/\/asart.com.ua\/wp-content\/uploads\/2021\/02\/piczczeriya-23-avgusta-4watermark--289x217.jpg 289w\" sizes=\"(max-width: 1000px) 100vw, 1000px\" \/><\/a> <a href=\"https:\/\/asart.com.ua\/wp-content\/uploads\/2021\/02\/piczczeriya-23-avgusta-6watermark-.jpg\"><img loading=\"lazy\" decoding=\"async\" class=\"aligncenter size-full wp-image-8449 colorbox-17997\" src=\"https:\/\/asart.com.ua\/wp-content\/uploads\/2021\/02\/piczczeriya-23-avgusta-6watermark-.jpg\" alt=\"\" width=\"1000\" height=\"750\" srcset=\"https:\/\/asart.com.ua\/wp-content\/uploads\/2021\/02\/piczczeriya-23-avgusta-6watermark-.jpg 1000w, https:\/\/asart.com.ua\/wp-content\/uploads\/2021\/02\/piczczeriya-23-avgusta-6watermark--300x225.jpg 300w, https:\/\/asart.com.ua\/wp-content\/uploads\/2021\/02\/piczczeriya-23-avgusta-6watermark--768x576.jpg 768w, https:\/\/asart.com.ua\/wp-content\/uploads\/2021\/02\/piczczeriya-23-avgusta-6watermark--160x120.jpg 160w, https:\/\/asart.com.ua\/wp-content\/uploads\/2021\/02\/piczczeriya-23-avgusta-6watermark--289x217.jpg 289w\" sizes=\"(max-width: 1000px) 100vw, 1000px\" \/><\/a> <a href=\"https:\/\/asart.com.ua\/wp-content\/uploads\/2021\/02\/piczczeriya-23-avgusta-5watermark-.jpg\"><img loading=\"lazy\" decoding=\"async\" class=\"aligncenter size-full wp-image-8447 colorbox-17997\" src=\"https:\/\/asart.com.ua\/wp-content\/uploads\/2021\/02\/piczczeriya-23-avgusta-5watermark-.jpg\" alt=\"\" width=\"1000\" height=\"750\" srcset=\"https:\/\/asart.com.ua\/wp-content\/uploads\/2021\/02\/piczczeriya-23-avgusta-5watermark-.jpg 1000w, https:\/\/asart.com.ua\/wp-content\/uploads\/2021\/02\/piczczeriya-23-avgusta-5watermark--300x225.jpg 300w, https:\/\/asart.com.ua\/wp-content\/uploads\/2021\/02\/piczczeriya-23-avgusta-5watermark--768x576.jpg 768w, https:\/\/asart.com.ua\/wp-content\/uploads\/2021\/02\/piczczeriya-23-avgusta-5watermark--160x120.jpg 160w, https:\/\/asart.com.ua\/wp-content\/uploads\/2021\/02\/piczczeriya-23-avgusta-5watermark--289x217.jpg 289w\" sizes=\"(max-width: 1000px) 100vw, 1000px\" \/><\/a><\/p>\n<h3> Pohodln\u00e1 a \u00fatuln\u00e1 atmosf\u00e9ra.<\/h3>\n<p> Interi\u00e9rov\u00e9mu designu bar\u016f ve v\u011bt\u0161in\u011b p\u0159\u00edpad\u016f dominuj\u00ed jemn\u00e9 nebo tlumen\u00e9 pastelov\u00e9 barvy a tlumen\u00e9 osv\u011btlen\u00ed. <em>Podle zvolen\u00e9ho barov\u00e9ho pultu se vol\u00ed vhodn\u00e9 barov\u00e9 \u017eidle a dal\u0161\u00ed n\u00e1bytek<\/em> . P\u0159ednost se d\u00e1v\u00e1 pohodln\u00e9mu a funk\u010dn\u00edmu n\u00e1bytku, kter\u00fd nezabere mnoho m\u00edsta, ale z\u00e1rove\u0148 umo\u017en\u00ed n\u00e1v\u0161t\u011bvn\u00edk\u016fm pohodln\u00e9 posezen\u00ed. Design\u00e9r Asart vybere zaj\u00edmav\u00e9 dopl\u0148ky a dekorativn\u00ed prvky do interi\u00e9ru a pom\u016f\u017ee je um\u00edstit v provozovn\u011b tak, aby p\u016fsobily stylov\u011b a m\u00f3dn\u011b.<\/p>\n<p> Na\u0161e studio vytvo\u0159\u00ed jedine\u010dn\u00fd design interi\u00e9ru va\u0161eho baru. Co\u017e oslov\u00ed v\u0161echny va\u0161e n\u00e1v\u0161t\u011bvn\u00edky a vzbud\u00ed v nich chu\u0165 p\u0159ij\u00edt k v\u00e1m je\u0161t\u011b mnohokr\u00e1t.<\/p>\n<p> Viz tak\u00e9: <a href=\"https:\/\/asart.com.ua\/dizajn-barov\/interera-kluba\/\">Club design<\/a> , <a href=\"https:\/\/asart.com.ua\/dizajn-barov\/interera-kalyannoj\/\">design baru pro vodn\u00ed d\u00fdmky<\/a> , <a href=\"https:\/\/asart.com.ua\/dizajn-barov\/interera-karaoke\/\">design karaoke baru<\/a> , <a href=\"https:\/\/asart.com.ua\/dizajn-barov\/pivbara\/\">design baru hospody<\/a> .<\/p>\n","protected":false},"excerpt":{"rendered":"<p>Mnoho obyvatel Charkova po n\u00e1ro\u010dn\u00e9m pracovn\u00edm <a class=\"continue_link\" href=\"https:\/\/asart.com.ua\/cs\/dizajn-barov\/\">\u0427\u0438\u0442\u0430\u0442\u044c \u0434\u0430\u043b\u0435\u0435 >><\/a><\/p>\n","protected":false},"author":6,"featured_media":0,"parent":0,"menu_order":0,"comment_status":"closed","ping_status":"closed","template":"","meta":{"footnotes":""},"acf":[],"aioseo_notices":[],"_links":{"self":[{"href":"https:\/\/asart.com.ua\/cs\/wp-json\/wp\/v2\/pages\/17997"}],"collection":[{"href":"https:\/\/asart.com.ua\/cs\/wp-json\/wp\/v2\/pages"}],"about":[{"href":"https:\/\/asart.com.ua\/cs\/wp-json\/wp\/v2\/types\/page"}],"author":[{"embeddable":true,"href":"https:\/\/asart.com.ua\/cs\/wp-json\/wp\/v2\/users\/6"}],"replies":[{"embeddable":true,"href":"https:\/\/asart.com.ua\/cs\/wp-json\/wp\/v2\/comments?post=17997"}],"version-history":[{"count":1,"href":"https:\/\/asart.com.ua\/cs\/wp-json\/wp\/v2\/pages\/17997\/revisions"}],"predecessor-version":[{"id":18000,"href":"https:\/\/asart.com.ua\/cs\/wp-json\/wp\/v2\/pages\/17997\/revisions\/18000"}],"wp:attachment":[{"href":"https:\/\/asart.com.ua\/cs\/wp-json\/wp\/v2\/media?parent=17997"}],"curies":[{"name":"wp","href":"https:\/\/api.w.org\/{rel}","templated":true}]}}