{"id":17992,"date":"2018-11-26T15:21:50","date_gmt":"2018-11-26T12:21:50","guid":{"rendered":"https:\/\/asart.com.ua\/dizajn-kvartir\/"},"modified":"2024-10-15T16:27:12","modified_gmt":"2024-10-15T13:27:12","slug":"dizajn-kvartir","status":"publish","type":"page","link":"https:\/\/asart.com.ua\/cs\/dizajn-kvartir\/","title":{"rendered":"N\u00e1vrh interi\u00e9ru bytu"},"content":{"rendered":"<p>Pokud se rozhodnete rekonstruovat sv\u016fj byt v Charkov\u011b, ale nechcete, aby to byl oby\u010dejn\u00fd, ban\u00e1ln\u00ed postup, po kter\u00e9m ve va\u0161ich prostor\u00e1ch nenastanou prakticky \u017e\u00e1dn\u00e9 zm\u011bny, pak v tomto p\u0159\u00edpad\u011b doporu\u010dujeme objednat <a href=\"https:\/\/asart.com.ua\/dizajn-kvartir\/pod-klyuch\/\">interi\u00e9rov\u00fd design na kl\u00ed\u010d<\/a> v Charkov\u011b v <a href=\"https:\/\/asart.com.ua\/dizajn-kvartir\/dizajn-interera-kiev\/\">Kyjev\u011b<\/a> , <a href=\"https:\/\/asart.com.ua\/dizajn-kvartir\/dizajn-interera-dnepropetrovsk\/\">Dn\u011bpropetrovsk<\/a> .<\/p>\n<h2>Nab\u00edz\u00edme mnoho origin\u00e1ln\u00edch n\u00e1pad\u016f.<\/h2>\n<p>N\u00e1vrh interi\u00e9ru zahrnuje vytvo\u0159en\u00ed:<\/p>\n<ul>\n<li>individu\u00e1ln\u00ed<\/li>\n<li>unik\u00e1tn\u00ed<\/li>\n<li>Kr\u00e1sn\u00e1<\/li>\n<li><a href=\"https:\/\/asart.com.ua\/dizajn-kvartir\/eksklyuzivnyj-interera\/\">v\u00fdhradn\u00ed<\/a><\/li>\n<li><a href=\"https:\/\/asart.com.ua\/dizajn-kvartir\/elitnyj-interera\/\">elita<\/a><\/li>\n<li><a href=\"https:\/\/asart.com.ua\/dizajn-kvartir\/klassa-lyuks\/\">luxusn\u00ed t\u0159\u00edda<\/a><\/li>\n<\/ul>\n<p>vzhled va\u0161eho domova. P\u0159i jeho v\u00fdvoji projektant v maxim\u00e1ln\u00ed mo\u017en\u00e9 m\u00ed\u0159e zohledn\u00ed v\u0161echna va\u0161e p\u0159\u00e1n\u00ed s jejich dal\u0161\u00ed realizac\u00ed v realit\u011b. Krom\u011b atraktivn\u00edho vzhledu <a href=\"https:\/\/asart.com.ua\/dizajn-kvartir\/stoimost-proekta-interera\/\">designov\u00fd projekt bytu<\/a> v Charkov\u011b u\u010din\u00ed ka\u017edou m\u00edstnost pohodln\u011bj\u0161\u00ed a funk\u010dn\u011bj\u0161\u00ed. Pokud <strong>se jedn\u00e1 o mal\u00fd prostor, bude co nejv\u00edce roz\u0161\u00ed\u0159en, pokud je velk\u00fd, bude moud\u0159e rozd\u011blen do z\u00f3n<\/strong> .<\/p>\n<p>Proces tvorby <a href=\"https:\/\/asart.com.ua\/dizajn-kvartir\/dizajn-proekt-kvartiry\/\">designov\u00e9ho projektu<\/a> za\u010d\u00edn\u00e1 sch\u016fzkou se z\u00e1kazn\u00edkem a sezn\u00e1men\u00edm se s jeho bytem v Charkov\u011b. D\u00e1le n\u00e1vrh\u00e1\u0159 zjist\u00ed va\u0161i p\u0159edstavu o budouc\u00edm stavu m\u00edstnosti, vy se rozhodnete pro styl a barevn\u00e9 sch\u00e9ma. Firemn\u00ed specialista v\u00e1m porad\u00ed, jak\u00fd styl je nejlep\u0161\u00ed zvolit, nebo t\u0159eba n\u011bkolik styl\u016f, kter\u00e9 budou plynule p\u0159ech\u00e1zet z jedn\u00e9 m\u00edstnosti do druh\u00e9. Tot\u00e9\u017e plat\u00ed pro barevnou paletu pro v\u0161echny m\u00edstnosti.<\/p>\n<h3>Spln\u00edme jak\u00e9koliv Va\u0161e p\u0159\u00e1n\u00ed.<\/h3>\n<p>Na\u0161e spole\u010dnost o\u017eivuje jak\u00fdkoli styl v jak\u00e9koli barv\u011b. V\u00e1\u0161 byt v Charkov\u011b m\u016f\u017ee b\u00fdt navr\u017een v <a href=\"https:\/\/asart.com.ua\/dizajn-kvartir\/klassicheskom-stile\/\">klasick\u00e9m<\/a> , <a href=\"https:\/\/asart.com.ua\/dizajn-kvartir\/sovremennom-stile\/\">modern\u00edm<\/a> , <a href=\"https:\/\/asart.com.ua\/dizajn-kvartir\/stile-minimalizm\/\">minimalistick\u00e9m<\/a> , <a href=\"https:\/\/asart.com.ua\/dizajn-kvartir\/stile-loft\/\">loftov\u00e9m<\/a> , <a href=\"https:\/\/asart.com.ua\/dizajn-kvartir\/stile-xaj-tek\/\">hi-tech<\/a> , <a href=\"https:\/\/asart.com.ua\/dizajn-kvartir\/skandinavskom-stile\/\">skandin\u00e1vsk\u00e9m<\/a> , <a href=\"https:\/\/asart.com.ua\/dizajn-kvartir\/stile-provans\/\">provence<\/a> , <a href=\"https:\/\/asart.com.ua\/dizajn-kvartir\/stile-sovremennoj-klassiki\/\">modern\u00edm klasick\u00e9m<\/a> , <a href=\"https:\/\/asart.com.ua\/dizajn-kvartir\/stile-modern\/\">modern\u00edm ,<\/a> <a href=\"https:\/\/asart.com.ua\/dizajn-kvartir\/stile-kantri\/\">country<\/a> , <a href=\"https:\/\/asart.com.ua\/dizajn-kvartir\/stile-art-deko\/\">art deco<\/a> a jak\u00e9mkoli jin\u00e9m m\u00f3dn\u00edm sm\u011bru. V\u00fdvoj <a href=\"https:\/\/asart.com.ua\/dizajn-kvartir\/proekt-interera-taunxausa\/\">interi\u00e9rov\u00e9ho designu<\/a> zahrnuje v\u00fdb\u011br specialistou:<\/p>\n<ul>\n<li>konstrukce<\/li>\n<li>opravit<\/li>\n<li>dokon\u010dovac\u00ed pr\u00e1ce<\/li>\n<\/ul>\n<p>materi\u00e1ly, stejn\u011b jako dekorativn\u00ed prvky a dal\u0161\u00ed dopl\u0148ky, bez kter\u00fdch nen\u00ed mo\u017en\u00e9 prov\u00e1d\u011bt projek\u010dn\u00ed pr\u00e1ce. Tot\u00e9\u017e plat\u00ed pro n\u00e1bytek. Design\u00e9r vybere funk\u010dn\u00ed a kompaktn\u00ed n\u00e1bytek do kuchyn\u011b, lo\u017enice, koupelny, ob\u00fdvac\u00edho pokoje, d\u011btsk\u00e9ho pokoje a jak\u00e9hokoli jin\u00e9ho pokoje. Tak\u00e9 v\u00e1m \u0159ekne, jak jej spr\u00e1vn\u011b um\u00edstit.<\/p>\n<p>Je\u0161t\u011b p\u0159ed uveden\u00edm interi\u00e9ru do \u017eivota si budete moci prohl\u00e9dnout, jak bude v\u00e1\u0161 byt vypadat. To je mo\u017en\u00e9 d\u00edky 3D vizualizaci. Tato slu\u017eba v\u00e1m umo\u017e\u0148uje prov\u00e9st zm\u011bny, zm\u011bnit barvu nebo styl, p\u0159ed\u011blat nebo vym\u011bnit cokoli p\u0159ed zah\u00e1jen\u00edm pr\u00e1ce. A supervizn\u00ed slu\u017eba projektanta od na\u0161\u00ed spole\u010dnosti <em>d\u00e1 projektantovi spole\u010dnosti mo\u017enost pln\u011b kontrolovat prov\u00e1d\u011bn\u00ed oprav a projektov\u00fdch prac\u00ed v souladu se schv\u00e1len\u00fdm projektem<\/em> .<\/p>\n<p>Prov\u00e1d\u00edme n\u00e1vrhy interi\u00e9r\u016f pro tyto typy byt\u016f:<\/p>\n<ul>\n<li><a href=\"https:\/\/asart.com.ua\/dizajn-kvartir\/1-komnatnaja\/\">jeden pokoj<\/a><\/li>\n<li><a href=\"https:\/\/asart.com.ua\/dizajn-kvartir\/2-komnatnaja\/\">dvoupokojov\u00fd<\/a><\/li>\n<li><a href=\"https:\/\/asart.com.ua\/dizajn-kvartir\/3-x-komnatnaja\/\">t\u0159\u00edpokojov\u00fd<\/a><\/li>\n<li><a href=\"https:\/\/asart.com.ua\/dizajn-kvartir\/nebolshoj\/\">mal\u00fd<\/a><\/li>\n<li><a href=\"https:\/\/asart.com.ua\/dizajn-kvartir\/elitnyx\/\">elita<\/a><\/li>\n<li><a href=\"https:\/\/asart.com.ua\/dizajn-kvartir\/v-novostroyke\/\">v novostavb\u00e1ch<\/a><\/li>\n<li><a href=\"https:\/\/asart.com.ua\/dizajn-kvartir\/malogabaritnoy\/\">mal\u00e9 velikosti<\/a><\/li>\n<li><a href=\"https:\/\/asart.com.ua\/dizajn-kvartir\/studiya\/\">ateli\u00e9ry<\/a><\/li>\n<li><a href=\"https:\/\/asart.com.ua\/dizajn-kvartir\/malenkoy\/\">mali\u010dc\u00ed<\/a><\/li>\n<li><a href=\"https:\/\/asart.com.ua\/dizajn-kvartir\/bolshih\/\">velk\u00fd<\/a><\/li>\n<li><a href=\"https:\/\/asart.com.ua\/dizajn-kvartir\/dvuxetazhnoj\/\">dvoupatrov\u00fd<\/a><\/li>\n<li><a href=\"https:\/\/asart.com.ua\/dizajn-kvartir\/dvuxurovnevoj-kvartiry\/\">dvou\u00farov\u0148ov\u00fd<\/a><\/li>\n<li><a href=\"https:\/\/asart.com.ua\/dizajn-kvartir\/penthouse\/\">p\u0159\u00edst\u0159e\u0161ek<\/a><\/li>\n<li><a href=\"https:\/\/asart.com.ua\/dizajn-kvartir\/taunkhausa\/\">m\u011bstsk\u00fd d\u016fm<\/a><\/li>\n<li><a href=\"https:\/\/asart.com.ua\/dizajn-kvartir\/interera-premium-klassa\/\">pr\u00e9miov\u00e1 t\u0159\u00edda<\/a><\/li>\n<li><a href=\"https:\/\/asart.com.ua\/dizajn-kvartir\/interera-mansardnyx\/\">podkrov\u00ed<\/a><\/li>\n<li><a href=\"https:\/\/asart.com.ua\/dizajn-kvartir\/sovremennyx\/\">modern\u00ed<\/a><\/li>\n<\/ul>\n<p>Na\u0161e spole\u010dnost pro v\u00e1s vyvine jedine\u010dn\u00fd design za nejlep\u0161\u00ed <a href=\"https:\/\/asart.com.ua\/dizajn-kvartir\/nedorogo\/\">cenu<\/a> v Charkov\u011b. Ka\u017ed\u00fd byt, bez ohledu na jeho velikost a stav, se po dokon\u010den\u00ed na\u0161\u00ed projek\u010dn\u00ed pr\u00e1ce a doporu\u010den\u00ed stane kr\u00e1sn\u00fdm a \u00fatuln\u00fdm.<\/p>\n<p style=\"text-align: left;\"><a href=\"https:\/\/asart.com.ua\/wp-content\/uploads\/2022\/08\/dizajn-kvartiry-zhk-sokolniki-50watermark.jpg\"><img loading=\"lazy\" decoding=\"async\" class=\"aligncenter size-full wp-image-9691 colorbox-17992\" src=\"https:\/\/asart.com.ua\/wp-content\/uploads\/2022\/08\/dizajn-kvartiry-zhk-sokolniki-50watermark.jpg\" alt=\"\" width=\"1000\" height=\"564\" srcset=\"https:\/\/asart.com.ua\/wp-content\/uploads\/2022\/08\/dizajn-kvartiry-zhk-sokolniki-50watermark.jpg 1000w, https:\/\/asart.com.ua\/wp-content\/uploads\/2022\/08\/dizajn-kvartiry-zhk-sokolniki-50watermark-300x169.jpg 300w, https:\/\/asart.com.ua\/wp-content\/uploads\/2022\/08\/dizajn-kvartiry-zhk-sokolniki-50watermark-768x433.jpg 768w\" sizes=\"(max-width: 1000px) 100vw, 1000px\" \/><\/a><\/p>\n<p style=\"text-align: left;\"><a href=\"https:\/\/asart.com.ua\/wp-content\/uploads\/2022\/08\/dizajn-kvartiry-zhk-sokolniki-57watermark.jpg\"><img loading=\"lazy\" decoding=\"async\" class=\"aligncenter size-full wp-image-9703 colorbox-17992\" src=\"https:\/\/asart.com.ua\/wp-content\/uploads\/2022\/08\/dizajn-kvartiry-zhk-sokolniki-57watermark.jpg\" alt=\"\" width=\"1000\" height=\"564\" srcset=\"https:\/\/asart.com.ua\/wp-content\/uploads\/2022\/08\/dizajn-kvartiry-zhk-sokolniki-57watermark.jpg 1000w, https:\/\/asart.com.ua\/wp-content\/uploads\/2022\/08\/dizajn-kvartiry-zhk-sokolniki-57watermark-300x169.jpg 300w, https:\/\/asart.com.ua\/wp-content\/uploads\/2022\/08\/dizajn-kvartiry-zhk-sokolniki-57watermark-768x433.jpg 768w\" sizes=\"(max-width: 1000px) 100vw, 1000px\" \/><\/a><\/p>\n<p style=\"text-align: left;\"><a href=\"https:\/\/asart.com.ua\/wp-content\/uploads\/2022\/08\/dizajn-kvartiry-zhk-sokolniki-60watermark.jpg\"><img loading=\"lazy\" decoding=\"async\" class=\"aligncenter size-full wp-image-9709 colorbox-17992\" src=\"https:\/\/asart.com.ua\/wp-content\/uploads\/2022\/08\/dizajn-kvartiry-zhk-sokolniki-60watermark.jpg\" alt=\"\" width=\"1000\" height=\"564\" srcset=\"https:\/\/asart.com.ua\/wp-content\/uploads\/2022\/08\/dizajn-kvartiry-zhk-sokolniki-60watermark.jpg 1000w, https:\/\/asart.com.ua\/wp-content\/uploads\/2022\/08\/dizajn-kvartiry-zhk-sokolniki-60watermark-300x169.jpg 300w, https:\/\/asart.com.ua\/wp-content\/uploads\/2022\/08\/dizajn-kvartiry-zhk-sokolniki-60watermark-768x433.jpg 768w\" sizes=\"(max-width: 1000px) 100vw, 1000px\" \/><\/a><\/p>\n<p style=\"text-align: left;\"><a href=\"https:\/\/asart.com.ua\/wp-content\/uploads\/2022\/08\/dizajn-kvartiry-zhk-sokolniki-87watermark.jpg\"><img loading=\"lazy\" decoding=\"async\" class=\"aligncenter size-full wp-image-9763 colorbox-17992\" src=\"https:\/\/asart.com.ua\/wp-content\/uploads\/2022\/08\/dizajn-kvartiry-zhk-sokolniki-87watermark.jpg\" alt=\"\" width=\"1000\" height=\"564\" srcset=\"https:\/\/asart.com.ua\/wp-content\/uploads\/2022\/08\/dizajn-kvartiry-zhk-sokolniki-87watermark.jpg 1000w, https:\/\/asart.com.ua\/wp-content\/uploads\/2022\/08\/dizajn-kvartiry-zhk-sokolniki-87watermark-300x169.jpg 300w, https:\/\/asart.com.ua\/wp-content\/uploads\/2022\/08\/dizajn-kvartiry-zhk-sokolniki-87watermark-768x433.jpg 768w\" sizes=\"(max-width: 1000px) 100vw, 1000px\" \/><\/a><\/p>\n<p style=\"text-align: left;\"><a href=\"https:\/\/asart.com.ua\/wp-content\/uploads\/2022\/08\/dizajn-kvartiry-zhk-sokolniki-79watermark.jpg\"><img loading=\"lazy\" decoding=\"async\" class=\"aligncenter size-full wp-image-9747 colorbox-17992\" src=\"https:\/\/asart.com.ua\/wp-content\/uploads\/2022\/08\/dizajn-kvartiry-zhk-sokolniki-79watermark.jpg\" alt=\"\" width=\"1000\" height=\"564\" srcset=\"https:\/\/asart.com.ua\/wp-content\/uploads\/2022\/08\/dizajn-kvartiry-zhk-sokolniki-79watermark.jpg 1000w, https:\/\/asart.com.ua\/wp-content\/uploads\/2022\/08\/dizajn-kvartiry-zhk-sokolniki-79watermark-300x169.jpg 300w, https:\/\/asart.com.ua\/wp-content\/uploads\/2022\/08\/dizajn-kvartiry-zhk-sokolniki-79watermark-768x433.jpg 768w\" sizes=\"(max-width: 1000px) 100vw, 1000px\" \/><\/a><br \/>\n<a href=\"https:\/\/asart.com.ua\/wp-content\/uploads\/2015\/05\/Kuhnya-studiya-7watermark.jpg\"><img loading=\"lazy\" decoding=\"async\" class=\"aligncenter size-full wp-image-4020 colorbox-17992\" src=\"https:\/\/asart.com.ua\/wp-content\/uploads\/2015\/05\/Kuhnya-studiya-7watermark.jpg\" alt=\"Kuchy\u0148sk\u00e9 studio (7)vodoznak\" width=\"1000\" height=\"667\" srcset=\"https:\/\/asart.com.ua\/wp-content\/uploads\/2015\/05\/Kuhnya-studiya-7watermark.jpg 1000w, https:\/\/asart.com.ua\/wp-content\/uploads\/2015\/05\/Kuhnya-studiya-7watermark-300x200.jpg 300w, https:\/\/asart.com.ua\/wp-content\/uploads\/2015\/05\/Kuhnya-studiya-7watermark-240x160.jpg 240w\" sizes=\"(max-width: 1000px) 100vw, 1000px\" \/><\/a><\/p>\n<p style=\"text-align: left;\"><a href=\"https:\/\/asart.com.ua\/wp-content\/uploads\/2015\/05\/Kuhnya-studiya-3watermark.jpg\"><img loading=\"lazy\" decoding=\"async\" class=\"aligncenter size-full wp-image-4016 colorbox-17992\" src=\"https:\/\/asart.com.ua\/wp-content\/uploads\/2015\/05\/Kuhnya-studiya-3watermark.jpg\" alt=\"Kuchy\u0148sk\u00e9 studio (3)vodoznak\" width=\"1000\" height=\"667\" srcset=\"https:\/\/asart.com.ua\/wp-content\/uploads\/2015\/05\/Kuhnya-studiya-3watermark.jpg 1000w, https:\/\/asart.com.ua\/wp-content\/uploads\/2015\/05\/Kuhnya-studiya-3watermark-300x200.jpg 300w, https:\/\/asart.com.ua\/wp-content\/uploads\/2015\/05\/Kuhnya-studiya-3watermark-240x160.jpg 240w\" sizes=\"(max-width: 1000px) 100vw, 1000px\" \/><\/a><\/p>\n<p style=\"text-align: left;\"><a href=\"https:\/\/asart.com.ua\/wp-content\/uploads\/2015\/05\/Kuhnya-studiya-12watermark.jpg\"><img loading=\"lazy\" decoding=\"async\" class=\"aligncenter size-full wp-image-4024 colorbox-17992\" src=\"https:\/\/asart.com.ua\/wp-content\/uploads\/2015\/05\/Kuhnya-studiya-12watermark.jpg\" alt=\"Kuchy\u0148sk\u00e9 studio (12)vodoznak\" width=\"1000\" height=\"667\" srcset=\"https:\/\/asart.com.ua\/wp-content\/uploads\/2015\/05\/Kuhnya-studiya-12watermark.jpg 1000w, https:\/\/asart.com.ua\/wp-content\/uploads\/2015\/05\/Kuhnya-studiya-12watermark-300x200.jpg 300w, https:\/\/asart.com.ua\/wp-content\/uploads\/2015\/05\/Kuhnya-studiya-12watermark-240x160.jpg 240w\" sizes=\"(max-width: 1000px) 100vw, 1000px\" \/><\/a> <a href=\"https:\/\/asart.com.ua\/wp-content\/uploads\/2015\/05\/Spalnya-14watermark.jpg\"><img loading=\"lazy\" decoding=\"async\" class=\"aligncenter size-full wp-image-4032 colorbox-17992\" src=\"https:\/\/asart.com.ua\/wp-content\/uploads\/2015\/05\/Spalnya-14watermark.jpg\" alt=\"Lo\u017enice (14) vodoznak\" width=\"1000\" height=\"667\" srcset=\"https:\/\/asart.com.ua\/wp-content\/uploads\/2015\/05\/Spalnya-14watermark.jpg 1000w, https:\/\/asart.com.ua\/wp-content\/uploads\/2015\/05\/Spalnya-14watermark-300x200.jpg 300w, https:\/\/asart.com.ua\/wp-content\/uploads\/2015\/05\/Spalnya-14watermark-240x160.jpg 240w\" sizes=\"(max-width: 1000px) 100vw, 1000px\" \/><\/a> Viz tak\u00e9: <a href=\"https:\/\/asart.com.ua\/dizajn-kvartir\/proekty-elitnyx\/\">designov\u00fd projekt luxusn\u00edch byt\u016f<\/a> , <a href=\"https:\/\/asart.com.ua\/dizajn-kvartir\/novostrojke\/\">n\u00e1vrh bytu v novostavb\u011b<\/a> .<\/p>\n<p style=\"font-weight: bolder; text-align: center;\">A to nen\u00ed v\u0161e! :) <a style=\"text-decoration: none;\" title=\"Portfolio\" href=\"https:\/\/asart.com.ua\/portfolio\/\">&gt;&gt;&gt; <span style=\"color: #333333;\">zobrazit portfolio<\/span> &lt;&lt;&lt;<\/a><\/p>\n","protected":false},"excerpt":{"rendered":"<p>Pokud se rozhodnete rekonstruovat sv\u016fj byt <a class=\"continue_link\" href=\"https:\/\/asart.com.ua\/cs\/dizajn-kvartir\/\">\u0427\u0438\u0442\u0430\u0442\u044c \u0434\u0430\u043b\u0435\u0435 >><\/a><\/p>\n","protected":false},"author":1,"featured_media":0,"parent":0,"menu_order":0,"comment_status":"closed","ping_status":"closed","template":"","meta":{"footnotes":""},"acf":[],"aioseo_notices":[],"_links":{"self":[{"href":"https:\/\/asart.com.ua\/cs\/wp-json\/wp\/v2\/pages\/17992"}],"collection":[{"href":"https:\/\/asart.com.ua\/cs\/wp-json\/wp\/v2\/pages"}],"about":[{"href":"https:\/\/asart.com.ua\/cs\/wp-json\/wp\/v2\/types\/page"}],"author":[{"embeddable":true,"href":"https:\/\/asart.com.ua\/cs\/wp-json\/wp\/v2\/users\/1"}],"replies":[{"embeddable":true,"href":"https:\/\/asart.com.ua\/cs\/wp-json\/wp\/v2\/comments?post=17992"}],"version-history":[{"count":3,"href":"https:\/\/asart.com.ua\/cs\/wp-json\/wp\/v2\/pages\/17992\/revisions"}],"predecessor-version":[{"id":19232,"href":"https:\/\/asart.com.ua\/cs\/wp-json\/wp\/v2\/pages\/17992\/revisions\/19232"}],"wp:attachment":[{"href":"https:\/\/asart.com.ua\/cs\/wp-json\/wp\/v2\/media?parent=17992"}],"curies":[{"name":"wp","href":"https:\/\/api.w.org\/{rel}","templated":true}]}}