{"id":17968,"date":"2011-11-23T07:56:24","date_gmt":"2011-11-23T09:56:24","guid":{"rendered":"https:\/\/asart.com.ua\/o-studii\/"},"modified":"2023-11-08T18:50:41","modified_gmt":"2023-11-08T15:50:41","slug":"o-studii","status":"publish","type":"page","link":"https:\/\/asart.com.ua\/cs\/","title":{"rendered":"Interi\u00e9rov\u00e9 \u200b\u200bstudio &#8220;AS-Design&#8221;"},"content":{"rendered":"<p>Hlavn\u00ed oblasti na\u0161\u00ed \u010dinnosti: prov\u00e1d\u011bn\u00ed vysoce kvalitn\u00edch renovac\u00ed, vytv\u00e1\u0159en\u00ed designu modern\u00edch, jedine\u010dn\u00fdch interi\u00e9r\u016f, kter\u00e9 nejl\u00e9pe vyhovuj\u00ed vkusu a preferenc\u00edm, d\u00edky nim\u017e bude ka\u017ed\u00fd pokoj \u00fatuln\u011bj\u0161\u00ed, pohodln\u011bj\u0161\u00ed a funk\u010dn\u011bj\u0161\u00ed.<\/p>\n<div class=\"full\">\n<p>M\u00e1me dlouholet\u00e9 zku\u0161enosti s organizac\u00ed a dirigov\u00e1n\u00edm:<\/p>\n<ul>\n<li>design\u00e9r;<\/li>\n<li>design;<\/li>\n<li>opravn\u00e9 pr\u00e1ce.<\/li>\n<\/ul>\n<p>Zapome\u0148te na v\u0161echny probl\u00e9my a pot\u00ed\u017ee spojen\u00e9 s t\u011bmito procesy, v\u0161echny starosti a pot\u00ed\u017ee padnou na bedra na\u0161ich kvalifikovan\u00fdch \u0159emesln\u00edk\u016f a design\u00e9r\u016f, kte\u0159\u00ed budou kontrolovat ka\u017edou f\u00e1zi tak, aby v\u0161e \u0161lo na vysok\u00e9 \u00farovni: od v\u00fdvoje projekt interi\u00e9rov\u00e9ho designu a\u017e po jeho implementaci do \u017eivota.<\/p>\n<p>Vysoce kvalifikovan\u00ed studiov\u00ed specialist\u00e9 v\u00e1m <strong>pomohou s v\u00fdb\u011brem vysoce kvalitn\u00edch a modern\u00edch stavebn\u00edch a dokon\u010dovac\u00edch materi\u00e1l\u016f, materi\u00e1l\u016f pro dekoraci m\u00edstnost\u00ed<\/strong>, stejn\u011b jako textili\u00ed a dopl\u0148k\u016f, kter\u00e9 odpov\u00eddaj\u00ed zvolen\u00e9mu stylu a barv\u011b, ve kter\u00e9 je n\u00e1vrh byl vyroben v Charkov\u011b. Dal\u0161\u00edm d\u016fle\u017eit\u00fdm bodem je v\u00fdb\u011br a uspo\u0159\u00e1d\u00e1n\u00ed n\u00e1bytku ve v\u0161ech m\u00edstnostech, n\u00e1vrh st\u011bn, podlah a strop\u016f.<\/p>\n<p>Ateli\u00e9r nab\u00edz\u00ed sv\u00fdm klient\u016fm z m\u011bsta Charkov slu\u017ebu \u201eautorsk\u00e9ho dozoru\u201c, to znamen\u00e1, \u017ee projektant sleduje a kontroluje realizaci stavebn\u00edch a rekonstruk\u010dn\u00edch prac\u00ed byt\u016f podle vypracovan\u00e9ho projektu interi\u00e9ru a vybran\u00fdch materi\u00e1l\u016f. Kontrolujeme tak\u00e9 implementaci 3D vizualizac\u00ed tak, aby odpov\u00eddaly stylu a zohled\u0148ovaly v\u0161echny po\u017eadavky a p\u0159\u00e1n\u00ed z\u00e1kazn\u00edka.<\/p>\n<h2>Nab\u00edz\u00edme dokonal\u00e9 opravy bez pot\u00ed\u017e\u00ed.<\/h2>\n<p>Studio specialist\u00e9 a design\u00e9\u0159i maj\u00ed rozs\u00e1hl\u00e9 zku\u0161enosti a vysokou kvalifikaci, co\u017e umo\u017e\u0148uje prov\u00e1d\u011bt opravy, vyv\u00edjet n\u00e1vrhy a n\u00e1pady jak\u00e9koli slo\u017eitosti pro prostory bez ohledu na jejich velikost, uspo\u0159\u00e1d\u00e1n\u00ed a stav.<\/p>\n<p>Nab\u00edz\u00edme stavebn\u00ed, oprav\u00e1rensk\u00e9 a interi\u00e9rov\u00e9 \u200b\u200bslu\u017eby pro majitele mal\u00fdch byt\u016f, velk\u00fdch dom\u016f a chat o celkov\u00e9 plo\u0161e v\u00edce ne\u017e 1 tis\u00edc metr\u016f \u010dtvere\u010dn\u00edch. Spolupracujeme se v\u0161emi komer\u010dn\u00edmi strukturami m\u011bsta Charkov, jako jsou:<\/p>\n<ul>\n<li>kancel\u00e1\u0159e;<\/li>\n<li>obchody;<\/li>\n<li>pruhy;<\/li>\n<li>kav\u00e1rna;<\/li>\n<li>restaurace;<\/li>\n<li>a dal\u0161\u00ed p\u0159edm\u011bty.<\/li>\n<\/ul>\n<p>Hlavn\u00edmi v\u00fdhodami pr\u00e1ce je integrovan\u00fd p\u0159\u00edstup k poskytov\u00e1n\u00ed cel\u00e9 \u0161k\u00e1ly slu\u017eeb souvisej\u00edc\u00edch s vypracov\u00e1n\u00edm designov\u00e9ho projektu pro jak\u00e9koli prostory. Proces vytv\u00e1\u0159en\u00ed interi\u00e9ru je d\u016fle\u017eit\u00fd a zodpov\u011bdn\u00fd, proto\u017ee na n\u011bm z\u00e1vis\u00ed v\u00e1\u0161 pohodln\u00fd pobyt v jak\u00e9mkoli prostoru.<\/p>\n<h3>Kontrola postupu pr\u00e1ce v ka\u017ed\u00e9 f\u00e1zi.<\/h3>\n<p>Specialist\u00e9 studia s rozs\u00e1hl\u00fdmi znalostmi dok\u00e1\u017eou zrealizovat v\u0161echna va\u0161e p\u0159\u00e1n\u00ed, na z\u00e1klad\u011b kter\u00fdch pro v\u00e1s vytvo\u0159\u00ed jedine\u010dn\u00fd a nenapodobiteln\u00fd design interi\u00e9ru bytu, pokoje, domu, chaty, nebytov\u00e9ho prostoru, koupelny , kuchyn\u011b, ob\u00fdvac\u00ed pokoj, lo\u017enice, d\u011btsk\u00fd pokoj.< \/p><\/p>\n<p>Design\u00e9\u0159i a architekti budou schopni realizovat jak\u00fdkoli n\u00e1vrh, projekt, v\u0161echny n\u00e1pady a vyzdobit jak\u00fdkoli interi\u00e9r. Ka\u017ed\u00fd klient z\u00edsk\u00e1v\u00e1 individu\u00e1ln\u00ed p\u0159\u00edstup, kter\u00fd pom\u016f\u017ee <em>maxim\u00e1ln\u011b splnit p\u0159\u00e1n\u00ed a po\u017eadavky<\/em>. St\u00e1l\u00ed z\u00e1kazn\u00edci a pouze pozitivn\u00ed recenze jsou toho d\u016fkazem.<\/p>\n<p>N\u00e1vrh a rekonstrukce interi\u00e9ru bytu v Charkov\u011b pot\u011b\u0161\u00ed v\u00e1s i v\u0161echny \u010dleny va\u0161\u00ed rodiny.<\/p>\n<p>A nyn\u00ed v\u00e1s zveme, abyste se sezn\u00e1mili s na\u0161imi pracemi. Zavolejte specialist\u016fm ze studia a spl\u0148te si sv\u00e9 sny.<\/p>\n","protected":false},"excerpt":{"rendered":"<p>Hlavn\u00ed oblasti na\u0161\u00ed \u010dinnosti: prov\u00e1d\u011bn\u00ed vysoce <a class=\"continue_link\" href=\"https:\/\/asart.com.ua\/cs\/\">\u0427\u0438\u0442\u0430\u0442\u044c \u0434\u0430\u043b\u0435\u0435 >><\/a><\/p>\n","protected":false},"author":1,"featured_media":0,"parent":0,"menu_order":0,"comment_status":"closed","ping_status":"closed","template":"mainpage.php","meta":{"footnotes":""},"acf":[],"aioseo_notices":[],"_links":{"self":[{"href":"https:\/\/asart.com.ua\/cs\/wp-json\/wp\/v2\/pages\/17968"}],"collection":[{"href":"https:\/\/asart.com.ua\/cs\/wp-json\/wp\/v2\/pages"}],"about":[{"href":"https:\/\/asart.com.ua\/cs\/wp-json\/wp\/v2\/types\/page"}],"author":[{"embeddable":true,"href":"https:\/\/asart.com.ua\/cs\/wp-json\/wp\/v2\/users\/1"}],"replies":[{"embeddable":true,"href":"https:\/\/asart.com.ua\/cs\/wp-json\/wp\/v2\/comments?post=17968"}],"version-history":[{"count":2,"href":"https:\/\/asart.com.ua\/cs\/wp-json\/wp\/v2\/pages\/17968\/revisions"}],"predecessor-version":[{"id":17974,"href":"https:\/\/asart.com.ua\/cs\/wp-json\/wp\/v2\/pages\/17968\/revisions\/17974"}],"wp:attachment":[{"href":"https:\/\/asart.com.ua\/cs\/wp-json\/wp\/v2\/media?parent=17968"}],"curies":[{"name":"wp","href":"https:\/\/api.w.org\/{rel}","templated":true}]}}